{"id":14671,"date":"2023-03-10T17:22:41","date_gmt":"2023-03-10T16:22:41","guid":{"rendered":"https:\/\/ibcparts.eu\/?post_type=product&#038;p=14671"},"modified":"2026-01-13T13:50:28","modified_gmt":"2026-01-13T12:50:28","slug":"pokrovcek-ventila-ibc-cisterne-s60x6-poln-bel-certificiran-za-stik-z-zivili","status":"publish","type":"product","link":"https:\/\/ibcparts.eu\/hu\/termek\/ibc-szelep-sapka-s60x6-tomor-feher-elelmiszeripari\/","title":{"rendered":"S60 szelepsapka IBC tart\u00e1lyhoz, t\u00f6m\u00f6r, feh\u00e9r (\u00e9lelmiszeripari min\u0151s\u00e9g)"},"content":{"rendered":"<p class=\" translation-block\"><span style=\"font-size: large;\">Kvaliteten dvodelni pokrov\u010dek ventila za IBC cisterne z ventilom S60x6.<\/span><br>\r\nNarejen iz enega kosa + tesnilo.<\/p>\n<ul>\n<li>\u00c9lelmiszerrel val\u00f3 \u00e9rintkez\u00e9sre tan\u00fas\u00edtott.<\/li>\n<li>Anyag: HDPE \u2013 az egyik legtart\u00f3sabb m\u0171anyag, \u00e9lelmiszerbiztos \u00e9s rendk\u00edv\u00fcl ellen\u00e1ll\u00f3 az id\u0151j\u00e1r\u00e1si hat\u00e1sokkal szemben.<\/li>\n<li>Sz\u00edn: feh\u00e9r<\/li>\n<li>Bels\u0151 oldalon PE hab t\u00f6m\u00edt\u00e9s. Kiv\u00e1l\u00f3 t\u00f6m\u00edt\u00e9st biztos\u00edt m\u00e9g kisebb egyenetlens\u00e9gek eset\u00e9n is a szelepen. Ha azonban a szelep s\u00e9r\u00fclt \u00e9s \u00e9les peremekkel rendelkezik, ez a t\u00f6m\u00edt\u00e9s is megs\u00e9r\u00fclhet.<\/li>\n<\/ul>","protected":false},"excerpt":{"rendered":"<h2 data-start=\"219\" data-end=\"291\">S60x6 szelepsapka IBC tart\u00e1lyhoz, t\u00f6m\u00f6r, feh\u00e9r, \u00e9lelmiszeripari min\u0151s\u00e9g<\/h2>\n<p data-start=\"293\" data-end=\"704\" class=\" translation-block\">A t\u00f6m\u00f6r, k\u00e9tr\u00e9szes S60x6 szelepsapka az IBC tart\u00e1lyok szelep\u00e9nek lez\u00e1r\u00e1s\u00e1ra \u00e9s v\u00e9delm\u00e9re szolg\u00e1l. Egy darabb\u00f3l k\u00e9sz\u00fclt, \u00e9lelmiszerrel \u00e9rintkez\u00e9sre tan\u00fas\u00edtott HDPE anyagb\u00f3l, \u00e9s bels\u0151 PE hab t\u00f6m\u00edt\u00e9ssel rendelkezik, amely <strong>megb\u00edzhat\u00f3 t\u00f6m\u00edt\u00e9st biztos\u00edt m\u00e9g kisebb egyenetlens\u00e9gek eset\u00e9n is a szelepen<\/strong>. Alkalmas \u00e9lelmiszerrel \u00e9rintkez\u0151 folyad\u00e9kok t\u00e1rol\u00e1s\u00e1hoz \u00e9s \u00e1tfejt\u00e9s\u00e9hez.<\/p>\n<p data-start=\"706\" data-end=\"727\">M\u0171szaki jellemz\u0151k<\/p>\n<ul>\n<li data-start=\"730\" data-end=\"762\">Term\u00e9kt\u00edpus: szelepsapka<\/li>\n<li data-start=\"765\" data-end=\"779\">Menet: S60x6<\/li>\n<li data-start=\"782\" data-end=\"807\">Material: HDPE (food grade)<\/li>\n<li data-start=\"842\" data-end=\"855\">Sz\u00edn: feh\u00e9r<\/li>\n<li data-start=\"858\" data-end=\"897\">Tan\u00fas\u00edtv\u00e1ny: \u00e9lelmiszerrel \u00e9rintkez\u00e9sre alkalmas<\/li>\n<li data-start=\"900\" data-end=\"937\">T\u00f6m\u00edt\u00e9s: bels\u0151 oldalon PE hab<\/li>\n<\/ul>\n<p>Kiv\u00e1l\u00f3 t\u00f6m\u00edt\u00e9s \u00e9s nagy tart\u00f3ss\u00e1g!<\/p>\n<p><strong>T\u00f6bb darab, nagyobb kedvezm\u00e9ny \u2013 a k\u00fcl\u00f6nb\u00f6z\u0151 term\u00e9kek \u00e9s vari\u00e1ci\u00f3k darabsz\u00e1ma \u00f6sszead\u00f3dik!<\/strong><\/p>","protected":false},"featured_media":15917,"template":"","meta":[],"product_brand":[],"product_cat":[170,298],"product_tag":[],"class_list":{"0":"post-14671","1":"product","2":"type-product","3":"status-publish","4":"has-post-thumbnail","6":"product_cat-reducirji-in-prikljucki-za-ibc","7":"product_cat-prikljucki-za-cisterno-z-navojem-s60x6","9":"first","10":"instock","11":"shipping-taxable","12":"purchasable","13":"product-type-simple"},"yoast_head":"<!-- This site is optimized with the Yoast SEO plugin v27.1.1 - https:\/\/yoast.com\/product\/yoast-seo-wordpress\/ -->\n<title>Pokrov\u010dek ventila S60 za IBC cisterno, poln, bel (food grade) | IBCparts.eu<\/title>\n<meta name=\"description\" content=\"Poln pokrov\u010dek ventila S60x6 za IBC cisterno iz HDPE, primeren za stik z \u017eivili. S tesnilom iz PE pene za zanesljivo tesnjenje brez pu\u0161\u010danja.\" \/>\n<meta name=\"robots\" content=\"index, follow, max-snippet:-1, max-image-preview:large, max-video-preview:-1\" \/>\n<link rel=\"canonical\" href=\"https:\/\/ibcparts.eu\/hu\/termek\/ibc-szelep-sapka-s60x6-tomor-feher-elelmiszeripari\/\" \/>\n<meta property=\"og:locale\" content=\"hu_HU\" \/>\n<meta property=\"og:type\" content=\"article\" \/>\n<meta property=\"og:title\" content=\"Pokrov\u010dek ventila S60 za IBC cisterno, poln, bel (food grade) | IBCparts.eu\" \/>\n<meta property=\"og:description\" content=\"Poln pokrov\u010dek ventila S60x6 za IBC cisterno iz HDPE, primeren za stik z \u017eivili. S tesnilom iz PE pene za zanesljivo tesnjenje brez pu\u0161\u010danja.\" \/>\n<meta property=\"og:url\" content=\"https:\/\/ibcparts.eu\/hu\/termek\/ibc-szelep-sapka-s60x6-tomor-feher-elelmiszeripari\/\" \/>\n<meta property=\"og:site_name\" content=\"IBCparts.eu\" \/>\n<meta property=\"article:modified_time\" content=\"2026-01-13T12:50:28+00:00\" \/>\n<meta property=\"og:image\" content=\"https:\/\/ibcparts.eu\/wp-content\/uploads\/2023\/03\/pokrov-ek-poln-za-ibc-cisterno.png\" \/>\n\t<meta property=\"og:image:width\" content=\"433\" \/>\n\t<meta property=\"og:image:height\" content=\"433\" \/>\n\t<meta property=\"og:image:type\" content=\"image\/png\" \/>\n<meta name=\"twitter:card\" content=\"summary_large_image\" \/>\n<script type=\"application\/ld+json\" class=\"yoast-schema-graph\">{\"@context\":\"https:\/\/schema.org\",\"@graph\":[{\"@type\":\"WebPage\",\"@id\":\"https:\/\/ibcparts.eu\/izdelek\/pokrovcek-ventila-ibc-cisterne-s60x6-poln-bel-certificiran-za-stik-z-zivili\/\",\"url\":\"https:\/\/ibcparts.eu\/izdelek\/pokrovcek-ventila-ibc-cisterne-s60x6-poln-bel-certificiran-za-stik-z-zivili\/\",\"name\":\"Pokrov\u010dek ventila S60 za IBC cisterno, poln, bel (food grade) | IBCparts.eu\",\"isPartOf\":{\"@id\":\"https:\/\/ibcparts.eu\/#website\"},\"primaryImageOfPage\":{\"@id\":\"https:\/\/ibcparts.eu\/izdelek\/pokrovcek-ventila-ibc-cisterne-s60x6-poln-bel-certificiran-za-stik-z-zivili\/#primaryimage\"},\"image\":{\"@id\":\"https:\/\/ibcparts.eu\/izdelek\/pokrovcek-ventila-ibc-cisterne-s60x6-poln-bel-certificiran-za-stik-z-zivili\/#primaryimage\"},\"thumbnailUrl\":\"https:\/\/ibcparts.eu\/wp-content\/uploads\/2023\/03\/pokrov-ek-poln-za-ibc-cisterno.png\",\"datePublished\":\"2023-03-10T16:22:41+00:00\",\"dateModified\":\"2026-01-13T12:50:28+00:00\",\"description\":\"Poln pokrov\u010dek ventila S60x6 za IBC cisterno iz HDPE, primeren za stik z \u017eivili. S tesnilom iz PE pene za zanesljivo tesnjenje brez pu\u0161\u010danja.\",\"breadcrumb\":{\"@id\":\"https:\/\/ibcparts.eu\/izdelek\/pokrovcek-ventila-ibc-cisterne-s60x6-poln-bel-certificiran-za-stik-z-zivili\/#breadcrumb\"},\"inLanguage\":\"hu-HU\",\"potentialAction\":[{\"@type\":\"ReadAction\",\"target\":[\"https:\/\/ibcparts.eu\/izdelek\/pokrovcek-ventila-ibc-cisterne-s60x6-poln-bel-certificiran-za-stik-z-zivili\/\"]}]},{\"@type\":\"ImageObject\",\"inLanguage\":\"hu-HU\",\"@id\":\"https:\/\/ibcparts.eu\/izdelek\/pokrovcek-ventila-ibc-cisterne-s60x6-poln-bel-certificiran-za-stik-z-zivili\/#primaryimage\",\"url\":\"https:\/\/ibcparts.eu\/wp-content\/uploads\/2023\/03\/pokrov-ek-poln-za-ibc-cisterno.png\",\"contentUrl\":\"https:\/\/ibcparts.eu\/wp-content\/uploads\/2023\/03\/pokrov-ek-poln-za-ibc-cisterno.png\",\"width\":433,\"height\":433},{\"@type\":\"BreadcrumbList\",\"@id\":\"https:\/\/ibcparts.eu\/izdelek\/pokrovcek-ventila-ibc-cisterne-s60x6-poln-bel-certificiran-za-stik-z-zivili\/#breadcrumb\",\"itemListElement\":[{\"@type\":\"ListItem\",\"position\":1,\"name\":\"Home\",\"item\":\"https:\/\/ibcparts.eu\/\"},{\"@type\":\"ListItem\",\"position\":2,\"name\":\"Nakupujte\",\"item\":\"https:\/\/ibcparts.eu\/nakupujte\/\"},{\"@type\":\"ListItem\",\"position\":3,\"name\":\"Pokrov\u010dek ventila S60 za IBC cisterno, poln, bel (food grade)\"}]},{\"@type\":\"WebSite\",\"@id\":\"https:\/\/ibcparts.eu\/#website\",\"url\":\"https:\/\/ibcparts.eu\/\",\"name\":\"IBCparts.eu\",\"description\":\"\",\"publisher\":{\"@id\":\"https:\/\/ibcparts.eu\/#organization\"},\"potentialAction\":[{\"@type\":\"SearchAction\",\"target\":{\"@type\":\"EntryPoint\",\"urlTemplate\":\"https:\/\/ibcparts.eu\/?s={search_term_string}\"},\"query-input\":{\"@type\":\"PropertyValueSpecification\",\"valueRequired\":true,\"valueName\":\"search_term_string\"}}],\"inLanguage\":\"hu-HU\"},{\"@type\":\"Organization\",\"@id\":\"https:\/\/ibcparts.eu\/#organization\",\"name\":\"IBCparts\",\"url\":\"https:\/\/ibcparts.eu\/\",\"logo\":{\"@type\":\"ImageObject\",\"inLanguage\":\"hu-HU\",\"@id\":\"https:\/\/ibcparts.eu\/#\/schema\/logo\/image\/\",\"url\":\"https:\/\/ibcparts.eu\/wp-content\/uploads\/2021\/10\/Footer-Logo.png\",\"contentUrl\":\"https:\/\/ibcparts.eu\/wp-content\/uploads\/2021\/10\/Footer-Logo.png\",\"width\":1992,\"height\":772,\"caption\":\"IBCparts\"},\"image\":{\"@id\":\"https:\/\/ibcparts.eu\/#\/schema\/logo\/image\/\"}}]}<\/script>\n<!-- \/ Yoast SEO plugin. -->","yoast_head_json":{"title":"Pokrov\u010dek ventila S60 za IBC cisterno, poln, bel (food grade) | IBCparts.eu","description":"Poln pokrov\u010dek ventila S60x6 za IBC cisterno iz HDPE, primeren za stik z \u017eivili. S tesnilom iz PE pene za zanesljivo tesnjenje brez pu\u0161\u010danja.","robots":{"index":"index","follow":"follow","max-snippet":"max-snippet:-1","max-image-preview":"max-image-preview:large","max-video-preview":"max-video-preview:-1"},"canonical":"https:\/\/ibcparts.eu\/hu\/termek\/ibc-szelep-sapka-s60x6-tomor-feher-elelmiszeripari\/","og_locale":"hu_HU","og_type":"article","og_title":"Pokrov\u010dek ventila S60 za IBC cisterno, poln, bel (food grade) | IBCparts.eu","og_description":"Poln pokrov\u010dek ventila S60x6 za IBC cisterno iz HDPE, primeren za stik z \u017eivili. S tesnilom iz PE pene za zanesljivo tesnjenje brez pu\u0161\u010danja.","og_url":"https:\/\/ibcparts.eu\/hu\/termek\/ibc-szelep-sapka-s60x6-tomor-feher-elelmiszeripari\/","og_site_name":"IBCparts.eu","article_modified_time":"2026-01-13T12:50:28+00:00","og_image":[{"width":433,"height":433,"url":"https:\/\/ibcparts.eu\/wp-content\/uploads\/2023\/03\/pokrov-ek-poln-za-ibc-cisterno.png","type":"image\/png"}],"twitter_card":"summary_large_image","schema":{"@context":"https:\/\/schema.org","@graph":[{"@type":"WebPage","@id":"https:\/\/ibcparts.eu\/izdelek\/pokrovcek-ventila-ibc-cisterne-s60x6-poln-bel-certificiran-za-stik-z-zivili\/","url":"https:\/\/ibcparts.eu\/izdelek\/pokrovcek-ventila-ibc-cisterne-s60x6-poln-bel-certificiran-za-stik-z-zivili\/","name":"Pokrov\u010dek ventila S60 za IBC cisterno, poln, bel (food grade) | IBCparts.eu","isPartOf":{"@id":"https:\/\/ibcparts.eu\/#website"},"primaryImageOfPage":{"@id":"https:\/\/ibcparts.eu\/izdelek\/pokrovcek-ventila-ibc-cisterne-s60x6-poln-bel-certificiran-za-stik-z-zivili\/#primaryimage"},"image":{"@id":"https:\/\/ibcparts.eu\/izdelek\/pokrovcek-ventila-ibc-cisterne-s60x6-poln-bel-certificiran-za-stik-z-zivili\/#primaryimage"},"thumbnailUrl":"https:\/\/ibcparts.eu\/wp-content\/uploads\/2023\/03\/pokrov-ek-poln-za-ibc-cisterno.png","datePublished":"2023-03-10T16:22:41+00:00","dateModified":"2026-01-13T12:50:28+00:00","description":"Poln pokrov\u010dek ventila S60x6 za IBC cisterno iz HDPE, primeren za stik z \u017eivili. S tesnilom iz PE pene za zanesljivo tesnjenje brez pu\u0161\u010danja.","breadcrumb":{"@id":"https:\/\/ibcparts.eu\/izdelek\/pokrovcek-ventila-ibc-cisterne-s60x6-poln-bel-certificiran-za-stik-z-zivili\/#breadcrumb"},"inLanguage":"hu-HU","potentialAction":[{"@type":"ReadAction","target":["https:\/\/ibcparts.eu\/izdelek\/pokrovcek-ventila-ibc-cisterne-s60x6-poln-bel-certificiran-za-stik-z-zivili\/"]}]},{"@type":"ImageObject","inLanguage":"hu-HU","@id":"https:\/\/ibcparts.eu\/izdelek\/pokrovcek-ventila-ibc-cisterne-s60x6-poln-bel-certificiran-za-stik-z-zivili\/#primaryimage","url":"https:\/\/ibcparts.eu\/wp-content\/uploads\/2023\/03\/pokrov-ek-poln-za-ibc-cisterno.png","contentUrl":"https:\/\/ibcparts.eu\/wp-content\/uploads\/2023\/03\/pokrov-ek-poln-za-ibc-cisterno.png","width":433,"height":433},{"@type":"BreadcrumbList","@id":"https:\/\/ibcparts.eu\/izdelek\/pokrovcek-ventila-ibc-cisterne-s60x6-poln-bel-certificiran-za-stik-z-zivili\/#breadcrumb","itemListElement":[{"@type":"ListItem","position":1,"name":"Home","item":"https:\/\/ibcparts.eu\/"},{"@type":"ListItem","position":2,"name":"Nakupujte","item":"https:\/\/ibcparts.eu\/nakupujte\/"},{"@type":"ListItem","position":3,"name":"Pokrov\u010dek ventila S60 za IBC cisterno, poln, bel (food grade)"}]},{"@type":"WebSite","@id":"https:\/\/ibcparts.eu\/#website","url":"https:\/\/ibcparts.eu\/","name":"IBCparts.eu","description":"","publisher":{"@id":"https:\/\/ibcparts.eu\/#organization"},"potentialAction":[{"@type":"SearchAction","target":{"@type":"EntryPoint","urlTemplate":"https:\/\/ibcparts.eu\/?s={search_term_string}"},"query-input":{"@type":"PropertyValueSpecification","valueRequired":true,"valueName":"search_term_string"}}],"inLanguage":"hu-HU"},{"@type":"Organization","@id":"https:\/\/ibcparts.eu\/#organization","name":"IBCparts","url":"https:\/\/ibcparts.eu\/","logo":{"@type":"ImageObject","inLanguage":"hu-HU","@id":"https:\/\/ibcparts.eu\/#\/schema\/logo\/image\/","url":"https:\/\/ibcparts.eu\/wp-content\/uploads\/2021\/10\/Footer-Logo.png","contentUrl":"https:\/\/ibcparts.eu\/wp-content\/uploads\/2021\/10\/Footer-Logo.png","width":1992,"height":772,"caption":"IBCparts"},"image":{"@id":"https:\/\/ibcparts.eu\/#\/schema\/logo\/image\/"}}]}},"_links":{"self":[{"href":"https:\/\/ibcparts.eu\/hu\/wp-json\/wp\/v2\/product\/14671","targetHints":{"allow":["GET"]}}],"collection":[{"href":"https:\/\/ibcparts.eu\/hu\/wp-json\/wp\/v2\/product"}],"about":[{"href":"https:\/\/ibcparts.eu\/hu\/wp-json\/wp\/v2\/types\/product"}],"version-history":[{"count":3,"href":"https:\/\/ibcparts.eu\/hu\/wp-json\/wp\/v2\/product\/14671\/revisions"}],"predecessor-version":[{"id":20155,"href":"https:\/\/ibcparts.eu\/hu\/wp-json\/wp\/v2\/product\/14671\/revisions\/20155"}],"wp:featuredmedia":[{"embeddable":true,"href":"https:\/\/ibcparts.eu\/hu\/wp-json\/wp\/v2\/media\/15917"}],"wp:attachment":[{"href":"https:\/\/ibcparts.eu\/hu\/wp-json\/wp\/v2\/media?parent=14671"}],"wp:term":[{"taxonomy":"product_brand","embeddable":true,"href":"https:\/\/ibcparts.eu\/hu\/wp-json\/wp\/v2\/product_brand?post=14671"},{"taxonomy":"product_cat","embeddable":true,"href":"https:\/\/ibcparts.eu\/hu\/wp-json\/wp\/v2\/product_cat?post=14671"},{"taxonomy":"product_tag","embeddable":true,"href":"https:\/\/ibcparts.eu\/hu\/wp-json\/wp\/v2\/product_tag?post=14671"}],"curies":[{"name":"wp","href":"https:\/\/api.w.org\/{rel}","templated":true}]}}