{"id":13077,"date":"2022-01-26T07:54:30","date_gmt":"2022-01-26T06:54:30","guid":{"rendered":"https:\/\/ibcparts.eu\/?post_type=product&#038;p=13077"},"modified":"2026-02-09T14:09:37","modified_gmt":"2026-02-09T13:09:37","slug":"adapterji-sap","status":"publish","type":"product","link":"https:\/\/ibcparts.eu\/hu\/termek\/adapterji-sap\/","title":{"rendered":"Adapter DIN55 (54x5mm) x 3\/4&#8243; (F)"},"content":{"rendered":"","protected":false},"excerpt":{"rendered":"<p><span style=\"font-size: large;\"><strong>Term\u00e9kinform\u00e1ci\u00f3k:<\/strong><br \/>\nNagyszer\u0171, er\u0151s \u00e9s hasznos adapter hord\u00f3hoz, ny\u00e9lhez, palackhoz.<\/span><\/p>\n<ul>\n<li data-start=\"718\" data-end=\"746\"><strong data-start=\"718\" data-end=\"737\">Navoj (posoda):<\/strong> DIN 55<\/li>\n<li data-start=\"751\" data-end=\"782\">zunanji premer: cca <strong data-start=\"771\" data-end=\"780\">54 mm<\/strong><\/li>\n<li data-start=\"787\" data-end=\"811\">korak navoja: 5<strong data-start=\"801\" data-end=\"809\">\u00a0mm<\/strong><\/li>\n<li data-start=\"814\" data-end=\"838\"><strong data-start=\"814\" data-end=\"832\">Navoj (izhod):<\/strong>\u00a0 Belt\u00e9ri <strong data-start=\"854\" data-end=\"869\">3\/4\u2033 BSP<\/strong><\/li>\n<li data-start=\"874\" data-end=\"929\"><strong data-start=\"874\" data-end=\"897\">Material adapterja:<\/strong> stru\u017een <strong data-start=\"906\" data-end=\"927\">PP (polipropilen)<\/strong><\/li>\n<li data-start=\"932\" data-end=\"964\"><strong data-start=\"932\" data-end=\"946\">Tesnjenje:<\/strong> <strong data-start=\"947\" data-end=\"962\">NBSB tesnilo<\/strong><\/li>\n<li data-start=\"967\" data-end=\"1028\"><strong data-start=\"967\" data-end=\"985\">Certifikacija:<\/strong> primerno za stik z \u017eivili (<em data-start=\"1013\" data-end=\"1025\">food grade<\/em>)<\/li>\n<li data-start=\"1031\" data-end=\"1053\"><strong data-start=\"1031\" data-end=\"1046\">Izdelano v<\/strong>\u00a0<strong data-start=\"1047\" data-end=\"1053\">EU<\/strong><\/li>\n<\/ul>\n<p>Nestandardni navoj, primeren za izbrane posode. Ni kompatibilen z DIN 51 ali DIN 61.<\/p>","protected":false},"featured_media":19688,"template":"","meta":[],"product_brand":[],"product_cat":[258],"product_tag":[],"class_list":{"0":"post-13077","1":"product","2":"type-product","3":"status-publish","4":"has-post-thumbnail","6":"product_cat-adapterji-za-plastenke-rocke-in-sode","8":"first","9":"instock","10":"shipping-taxable","11":"purchasable","12":"product-type-simple"},"yoast_head":"<!-- This site is optimized with the Yoast SEO plugin v27.1.1 - https:\/\/yoast.com\/product\/yoast-seo-wordpress\/ -->\n<title>Adapter DIN55 (54x5mm) x 3\/4&quot; (F) | IBCparts.eu<\/title>\n<meta name=\"description\" content=\"Adapter za ro\u010dko (plastenko) z navojem 54\u00d75 mm za plasti\u010dne kanistre. DIN55. Notranji 3\/4&quot; navoj.\" \/>\n<meta name=\"robots\" content=\"index, follow, max-snippet:-1, max-image-preview:large, max-video-preview:-1\" \/>\n<link rel=\"canonical\" href=\"https:\/\/ibcparts.eu\/hu\/termek\/adapterji-sap\/\" \/>\n<meta property=\"og:locale\" content=\"hu_HU\" \/>\n<meta property=\"og:type\" content=\"article\" \/>\n<meta property=\"og:title\" content=\"Adapter DIN55 (54x5mm) x 3\/4&quot; (F) | IBCparts.eu\" \/>\n<meta property=\"og:description\" content=\"Adapter za ro\u010dko (plastenko) z navojem 54\u00d75 mm za plasti\u010dne kanistre. DIN55. Notranji 3\/4&quot; navoj.\" \/>\n<meta property=\"og:url\" content=\"https:\/\/ibcparts.eu\/hu\/termek\/adapterji-sap\/\" \/>\n<meta property=\"og:site_name\" content=\"IBCparts.eu\" \/>\n<meta property=\"article:modified_time\" content=\"2026-02-09T13:09:37+00:00\" \/>\n<meta property=\"og:image\" content=\"https:\/\/ibcparts.eu\/wp-content\/uploads\/2022\/01\/Adapterji-SAP-54x5mm-x-34.png\" \/>\n\t<meta property=\"og:image:width\" content=\"500\" \/>\n\t<meta property=\"og:image:height\" content=\"500\" \/>\n\t<meta property=\"og:image:type\" content=\"image\/png\" \/>\n<meta name=\"twitter:card\" content=\"summary_large_image\" \/>\n<script type=\"application\/ld+json\" class=\"yoast-schema-graph\">{\"@context\":\"https:\/\/schema.org\",\"@graph\":[{\"@type\":\"WebPage\",\"@id\":\"https:\/\/ibcparts.eu\/izdelek\/adapterji-sap\/\",\"url\":\"https:\/\/ibcparts.eu\/izdelek\/adapterji-sap\/\",\"name\":\"Adapter DIN55 (54x5mm) x 3\/4\\\" (F) | IBCparts.eu\",\"isPartOf\":{\"@id\":\"https:\/\/ibcparts.eu\/#website\"},\"primaryImageOfPage\":{\"@id\":\"https:\/\/ibcparts.eu\/izdelek\/adapterji-sap\/#primaryimage\"},\"image\":{\"@id\":\"https:\/\/ibcparts.eu\/izdelek\/adapterji-sap\/#primaryimage\"},\"thumbnailUrl\":\"https:\/\/ibcparts.eu\/wp-content\/uploads\/2022\/01\/Adapterji-SAP-54x5mm-x-34.png\",\"datePublished\":\"2022-01-26T06:54:30+00:00\",\"dateModified\":\"2026-02-09T13:09:37+00:00\",\"description\":\"Adapter za ro\u010dko (plastenko) z navojem 54\u00d75 mm za plasti\u010dne kanistre. DIN55. Notranji 3\/4\\\" navoj.\",\"breadcrumb\":{\"@id\":\"https:\/\/ibcparts.eu\/izdelek\/adapterji-sap\/#breadcrumb\"},\"inLanguage\":\"hu-HU\",\"potentialAction\":[{\"@type\":\"ReadAction\",\"target\":[\"https:\/\/ibcparts.eu\/izdelek\/adapterji-sap\/\"]}]},{\"@type\":\"ImageObject\",\"inLanguage\":\"hu-HU\",\"@id\":\"https:\/\/ibcparts.eu\/izdelek\/adapterji-sap\/#primaryimage\",\"url\":\"https:\/\/ibcparts.eu\/wp-content\/uploads\/2022\/01\/Adapterji-SAP-54x5mm-x-34.png\",\"contentUrl\":\"https:\/\/ibcparts.eu\/wp-content\/uploads\/2022\/01\/Adapterji-SAP-54x5mm-x-34.png\",\"width\":500,\"height\":500,\"caption\":\"Adapter za ro\u010dko (plastenko) z navojem 54\u00d75 mm za plasti\u010dne kanistre. DIN55. Notranji 3\/4\\\" navoj.\"},{\"@type\":\"BreadcrumbList\",\"@id\":\"https:\/\/ibcparts.eu\/izdelek\/adapterji-sap\/#breadcrumb\",\"itemListElement\":[{\"@type\":\"ListItem\",\"position\":1,\"name\":\"Home\",\"item\":\"https:\/\/ibcparts.eu\/\"},{\"@type\":\"ListItem\",\"position\":2,\"name\":\"Nakupujte\",\"item\":\"https:\/\/ibcparts.eu\/nakupujte\/\"},{\"@type\":\"ListItem\",\"position\":3,\"name\":\"Adapter DIN55 (54x5mm) x 3\/4&#8243; (F)\"}]},{\"@type\":\"WebSite\",\"@id\":\"https:\/\/ibcparts.eu\/#website\",\"url\":\"https:\/\/ibcparts.eu\/\",\"name\":\"IBCparts.eu\",\"description\":\"\",\"publisher\":{\"@id\":\"https:\/\/ibcparts.eu\/#organization\"},\"potentialAction\":[{\"@type\":\"SearchAction\",\"target\":{\"@type\":\"EntryPoint\",\"urlTemplate\":\"https:\/\/ibcparts.eu\/?s={search_term_string}\"},\"query-input\":{\"@type\":\"PropertyValueSpecification\",\"valueRequired\":true,\"valueName\":\"search_term_string\"}}],\"inLanguage\":\"hu-HU\"},{\"@type\":\"Organization\",\"@id\":\"https:\/\/ibcparts.eu\/#organization\",\"name\":\"IBCparts\",\"url\":\"https:\/\/ibcparts.eu\/\",\"logo\":{\"@type\":\"ImageObject\",\"inLanguage\":\"hu-HU\",\"@id\":\"https:\/\/ibcparts.eu\/#\/schema\/logo\/image\/\",\"url\":\"https:\/\/ibcparts.eu\/wp-content\/uploads\/2021\/10\/Footer-Logo.png\",\"contentUrl\":\"https:\/\/ibcparts.eu\/wp-content\/uploads\/2021\/10\/Footer-Logo.png\",\"width\":1992,\"height\":772,\"caption\":\"IBCparts\"},\"image\":{\"@id\":\"https:\/\/ibcparts.eu\/#\/schema\/logo\/image\/\"}}]}<\/script>\n<!-- \/ Yoast SEO plugin. -->","yoast_head_json":{"title":"Adapter DIN55 (54x5mm) x 3\/4\" (F) | IBCparts.eu","description":"Adapter za ro\u010dko (plastenko) z navojem 54\u00d75 mm za plasti\u010dne kanistre. DIN55. Notranji 3\/4\" navoj.","robots":{"index":"index","follow":"follow","max-snippet":"max-snippet:-1","max-image-preview":"max-image-preview:large","max-video-preview":"max-video-preview:-1"},"canonical":"https:\/\/ibcparts.eu\/hu\/termek\/adapterji-sap\/","og_locale":"hu_HU","og_type":"article","og_title":"Adapter DIN55 (54x5mm) x 3\/4\" (F) | IBCparts.eu","og_description":"Adapter za ro\u010dko (plastenko) z navojem 54\u00d75 mm za plasti\u010dne kanistre. DIN55. Notranji 3\/4\" navoj.","og_url":"https:\/\/ibcparts.eu\/hu\/termek\/adapterji-sap\/","og_site_name":"IBCparts.eu","article_modified_time":"2026-02-09T13:09:37+00:00","og_image":[{"width":500,"height":500,"url":"https:\/\/ibcparts.eu\/wp-content\/uploads\/2022\/01\/Adapterji-SAP-54x5mm-x-34.png","type":"image\/png"}],"twitter_card":"summary_large_image","schema":{"@context":"https:\/\/schema.org","@graph":[{"@type":"WebPage","@id":"https:\/\/ibcparts.eu\/izdelek\/adapterji-sap\/","url":"https:\/\/ibcparts.eu\/izdelek\/adapterji-sap\/","name":"Adapter DIN55 (54x5mm) x 3\/4\" (F) | IBCparts.eu","isPartOf":{"@id":"https:\/\/ibcparts.eu\/#website"},"primaryImageOfPage":{"@id":"https:\/\/ibcparts.eu\/izdelek\/adapterji-sap\/#primaryimage"},"image":{"@id":"https:\/\/ibcparts.eu\/izdelek\/adapterji-sap\/#primaryimage"},"thumbnailUrl":"https:\/\/ibcparts.eu\/wp-content\/uploads\/2022\/01\/Adapterji-SAP-54x5mm-x-34.png","datePublished":"2022-01-26T06:54:30+00:00","dateModified":"2026-02-09T13:09:37+00:00","description":"Adapter za ro\u010dko (plastenko) z navojem 54\u00d75 mm za plasti\u010dne kanistre. DIN55. Notranji 3\/4\" navoj.","breadcrumb":{"@id":"https:\/\/ibcparts.eu\/izdelek\/adapterji-sap\/#breadcrumb"},"inLanguage":"hu-HU","potentialAction":[{"@type":"ReadAction","target":["https:\/\/ibcparts.eu\/izdelek\/adapterji-sap\/"]}]},{"@type":"ImageObject","inLanguage":"hu-HU","@id":"https:\/\/ibcparts.eu\/izdelek\/adapterji-sap\/#primaryimage","url":"https:\/\/ibcparts.eu\/wp-content\/uploads\/2022\/01\/Adapterji-SAP-54x5mm-x-34.png","contentUrl":"https:\/\/ibcparts.eu\/wp-content\/uploads\/2022\/01\/Adapterji-SAP-54x5mm-x-34.png","width":500,"height":500,"caption":"Adapter za ro\u010dko (plastenko) z navojem 54\u00d75 mm za plasti\u010dne kanistre. DIN55. Notranji 3\/4\" navoj."},{"@type":"BreadcrumbList","@id":"https:\/\/ibcparts.eu\/izdelek\/adapterji-sap\/#breadcrumb","itemListElement":[{"@type":"ListItem","position":1,"name":"Home","item":"https:\/\/ibcparts.eu\/"},{"@type":"ListItem","position":2,"name":"Nakupujte","item":"https:\/\/ibcparts.eu\/nakupujte\/"},{"@type":"ListItem","position":3,"name":"Adapter DIN55 (54x5mm) x 3\/4&#8243; (F)"}]},{"@type":"WebSite","@id":"https:\/\/ibcparts.eu\/#website","url":"https:\/\/ibcparts.eu\/","name":"IBCparts.eu","description":"","publisher":{"@id":"https:\/\/ibcparts.eu\/#organization"},"potentialAction":[{"@type":"SearchAction","target":{"@type":"EntryPoint","urlTemplate":"https:\/\/ibcparts.eu\/?s={search_term_string}"},"query-input":{"@type":"PropertyValueSpecification","valueRequired":true,"valueName":"search_term_string"}}],"inLanguage":"hu-HU"},{"@type":"Organization","@id":"https:\/\/ibcparts.eu\/#organization","name":"IBCparts","url":"https:\/\/ibcparts.eu\/","logo":{"@type":"ImageObject","inLanguage":"hu-HU","@id":"https:\/\/ibcparts.eu\/#\/schema\/logo\/image\/","url":"https:\/\/ibcparts.eu\/wp-content\/uploads\/2021\/10\/Footer-Logo.png","contentUrl":"https:\/\/ibcparts.eu\/wp-content\/uploads\/2021\/10\/Footer-Logo.png","width":1992,"height":772,"caption":"IBCparts"},"image":{"@id":"https:\/\/ibcparts.eu\/#\/schema\/logo\/image\/"}}]}},"_links":{"self":[{"href":"https:\/\/ibcparts.eu\/hu\/wp-json\/wp\/v2\/product\/13077","targetHints":{"allow":["GET"]}}],"collection":[{"href":"https:\/\/ibcparts.eu\/hu\/wp-json\/wp\/v2\/product"}],"about":[{"href":"https:\/\/ibcparts.eu\/hu\/wp-json\/wp\/v2\/types\/product"}],"version-history":[{"count":3,"href":"https:\/\/ibcparts.eu\/hu\/wp-json\/wp\/v2\/product\/13077\/revisions"}],"predecessor-version":[{"id":20559,"href":"https:\/\/ibcparts.eu\/hu\/wp-json\/wp\/v2\/product\/13077\/revisions\/20559"}],"wp:featuredmedia":[{"embeddable":true,"href":"https:\/\/ibcparts.eu\/hu\/wp-json\/wp\/v2\/media\/19688"}],"wp:attachment":[{"href":"https:\/\/ibcparts.eu\/hu\/wp-json\/wp\/v2\/media?parent=13077"}],"wp:term":[{"taxonomy":"product_brand","embeddable":true,"href":"https:\/\/ibcparts.eu\/hu\/wp-json\/wp\/v2\/product_brand?post=13077"},{"taxonomy":"product_cat","embeddable":true,"href":"https:\/\/ibcparts.eu\/hu\/wp-json\/wp\/v2\/product_cat?post=13077"},{"taxonomy":"product_tag","embeddable":true,"href":"https:\/\/ibcparts.eu\/hu\/wp-json\/wp\/v2\/product_tag?post=13077"}],"curies":[{"name":"wp","href":"https:\/\/api.w.org\/{rel}","templated":true}]}}