{"id":12192,"date":"2022-01-14T15:16:31","date_gmt":"2022-01-14T14:16:31","guid":{"rendered":"https:\/\/ibcparts.eu\/?post_type=product&#038;p=12192"},"modified":"2026-01-06T10:47:17","modified_gmt":"2026-01-06T09:47:17","slug":"uv-zascitna-ponjava-simple-za-ibc-cisterno","status":"publish","type":"product","link":"https:\/\/ibcparts.eu\/hu\/termek\/uv-vedo-takaro-simple-ibc-tartalyhoz\/","title":{"rendered":"SIMPLE v\u00e9d\u0151ponyva IBC tart\u00e1lyhoz"},"content":{"rendered":"","protected":false},"excerpt":{"rendered":"<p>V\u00e9d\u0151ponyva 1000 literes IBC tart\u00e1lyhoz.<\/p>\n<ul>\n<li>F\u0151 funkci\u00f3: megakad\u00e1lyozza az alg\u00e1k felhalmoz\u00f3d\u00e1s\u00e1t a kerti \u00f6nt\u00f6z\u0151tart\u00e1lyban.<\/li>\n<li><strong>Mivel 10 cm-rel r\u00f6videbb, rendk\u00edv\u00fcl praktikus a targonc\u00e1val t\u00f6rt\u00e9n\u0151 mozgat\u00e1skor vagy f\u0171ny\u00edr\u00e1skor, amikor a tart\u00e1ly nincs a talajr\u00f3l kiemelve.<\/strong>\u200b<\/li>\n<li>Jobban alkalmas belt\u00e9ri helyis\u00e9gekbe - rakt\u00e1rakba.<\/li>\n<li>Meghosszabb\u00edtja a tart\u00e1ly \u00e9lettartam\u00e1t az\u00e1ltal, hogy meg\u00e1ll\u00edtja az UV-sugarakat, amelyek k\u00e1ros\u00edtj\u00e1k a tart\u00e1lyt (az UV-v\u00e9delem n\u00e9lk\u00fcli m\u0171anyag megreped, megkem\u00e9nyedik \u00e9s id\u0151vel elmos\u00f3dik).<\/li>\n<li>A ponyv\u00e1t \u00fagy tervezt\u00e9k, hogy megv\u00e9dje a tart\u00e1lyt az UV-sugarakt\u00f3l, de ez nem jelenti azt, hogy az 100% UV-\u00e1ll\u00f3.<\/li>\n<li>LDPE-b\u0151l k\u00e9sz\u00fcl.<\/li>\n<li>Az alacsony nedvess\u00e9g\u00e1tereszt\u0151 k\u00e9pess\u00e9g lehet\u0151v\u00e9 teszi, hogy az anyag m\u00e9g alacsony h\u0151m\u00e9rs\u00e9kleten is rugalmas \u00e9s reped\u00e9smentes maradjon.<\/li>\n<li>A v\u00e1rhat\u00f3 \u00e9lettartam &gt; 2 \u00e9v norm\u00e1l expoz\u00edci\u00f3 eset\u00e9n. K\u00fcls\u0151 t\u00e9nyez\u0151k is cs\u00f6kkenthetik ezt az \u00e9lettartamot.<\/li>\n<\/ul>\n<p><strong>Le\u00edr\u00e1s:<\/strong><br \/>\nHossz: 1280 mm<br \/>\nSz\u00e9less\u00e9g: 1080 mm<br \/>\nMagass\u00e1g: 1000 mm - raklapig - 10 cm a padl\u00f3t\u00f3l.<br \/>\nS\u00faly: 1300 g<br \/>\nAnyag: LDPE (UV-\u00e1ll\u00f3 polietil\u00e9n)*<br \/>\nAnyagvastags\u00e1g: 160\u00b5<br \/>\nSz\u00edn: Fekete<br \/>\nNy\u00edl\u00e1sok: nincsenek (sz\u00fcks\u00e9g eset\u00e9n oll\u00f3val k\u00f6nnyen lev\u00e1ghat\u00f3)<\/p>","protected":false},"featured_media":12194,"template":"","meta":[],"product_brand":[],"product_cat":[182,262],"product_tag":[],"class_list":{"0":"post-12192","1":"product","2":"type-product","3":"status-publish","4":"has-post-thumbnail","6":"product_cat-ibc-cisterne-ventili-in-dodatki","7":"product_cat-zascitne-ponjave","9":"first","10":"instock","11":"shipping-taxable","12":"purchasable","13":"product-type-simple"},"yoast_head":"<!-- This site is optimized with the Yoast SEO plugin v27.1.1 - https:\/\/yoast.com\/product\/yoast-seo-wordpress\/ -->\n<title>Za\u0161\u010ditna ponjava SIMPLE za IBC cisterno | IBCparts.eu<\/title>\n<meta name=\"description\" content=\"Za\u0161\u010ditna UV cerada za IBC cisterno. Skraj\u0161ana, za la\u017ejo ko\u0161njo trave pri postavitvi na vrtu.\" \/>\n<meta name=\"robots\" content=\"index, follow, max-snippet:-1, max-image-preview:large, max-video-preview:-1\" \/>\n<link rel=\"canonical\" href=\"https:\/\/ibcparts.eu\/hu\/termek\/uv-vedo-takaro-simple-ibc-tartalyhoz\/\" \/>\n<meta property=\"og:locale\" content=\"hu_HU\" \/>\n<meta property=\"og:type\" content=\"article\" \/>\n<meta property=\"og:title\" content=\"Za\u0161\u010ditna ponjava SIMPLE za IBC cisterno | IBCparts.eu\" \/>\n<meta property=\"og:description\" content=\"Za\u0161\u010ditna UV cerada za IBC cisterno. Skraj\u0161ana, za la\u017ejo ko\u0161njo trave pri postavitvi na vrtu.\" \/>\n<meta property=\"og:url\" content=\"https:\/\/ibcparts.eu\/hu\/termek\/uv-vedo-takaro-simple-ibc-tartalyhoz\/\" \/>\n<meta property=\"og:site_name\" content=\"IBCparts.eu\" \/>\n<meta property=\"article:modified_time\" content=\"2026-01-06T09:47:17+00:00\" \/>\n<meta property=\"og:image\" content=\"https:\/\/ibcparts.eu\/wp-content\/uploads\/2022\/01\/uv-simple1_orig.jpg\" \/>\n\t<meta property=\"og:image:width\" content=\"354\" \/>\n\t<meta property=\"og:image:height\" content=\"354\" \/>\n\t<meta property=\"og:image:type\" content=\"image\/jpeg\" \/>\n<meta name=\"twitter:card\" content=\"summary_large_image\" \/>\n<script type=\"application\/ld+json\" class=\"yoast-schema-graph\">{\"@context\":\"https:\/\/schema.org\",\"@graph\":[{\"@type\":\"WebPage\",\"@id\":\"https:\/\/ibcparts.eu\/izdelek\/uv-zascitna-ponjava-simple-za-ibc-cisterno\/\",\"url\":\"https:\/\/ibcparts.eu\/izdelek\/uv-zascitna-ponjava-simple-za-ibc-cisterno\/\",\"name\":\"Za\u0161\u010ditna ponjava SIMPLE za IBC cisterno | IBCparts.eu\",\"isPartOf\":{\"@id\":\"https:\/\/ibcparts.eu\/#website\"},\"primaryImageOfPage\":{\"@id\":\"https:\/\/ibcparts.eu\/izdelek\/uv-zascitna-ponjava-simple-za-ibc-cisterno\/#primaryimage\"},\"image\":{\"@id\":\"https:\/\/ibcparts.eu\/izdelek\/uv-zascitna-ponjava-simple-za-ibc-cisterno\/#primaryimage\"},\"thumbnailUrl\":\"https:\/\/ibcparts.eu\/wp-content\/uploads\/2022\/01\/uv-simple1_orig.jpg\",\"datePublished\":\"2022-01-14T14:16:31+00:00\",\"dateModified\":\"2026-01-06T09:47:17+00:00\",\"description\":\"Za\u0161\u010ditna UV cerada za IBC cisterno. Skraj\u0161ana, za la\u017ejo ko\u0161njo trave pri postavitvi na vrtu.\",\"breadcrumb\":{\"@id\":\"https:\/\/ibcparts.eu\/izdelek\/uv-zascitna-ponjava-simple-za-ibc-cisterno\/#breadcrumb\"},\"inLanguage\":\"hu-HU\",\"potentialAction\":[{\"@type\":\"ReadAction\",\"target\":[\"https:\/\/ibcparts.eu\/izdelek\/uv-zascitna-ponjava-simple-za-ibc-cisterno\/\"]}]},{\"@type\":\"ImageObject\",\"inLanguage\":\"hu-HU\",\"@id\":\"https:\/\/ibcparts.eu\/izdelek\/uv-zascitna-ponjava-simple-za-ibc-cisterno\/#primaryimage\",\"url\":\"https:\/\/ibcparts.eu\/wp-content\/uploads\/2022\/01\/uv-simple1_orig.jpg\",\"contentUrl\":\"https:\/\/ibcparts.eu\/wp-content\/uploads\/2022\/01\/uv-simple1_orig.jpg\",\"width\":354,\"height\":354,\"caption\":\"uv-zascitna-ponjava-simple-za-ibc-cisterno\"},{\"@type\":\"BreadcrumbList\",\"@id\":\"https:\/\/ibcparts.eu\/izdelek\/uv-zascitna-ponjava-simple-za-ibc-cisterno\/#breadcrumb\",\"itemListElement\":[{\"@type\":\"ListItem\",\"position\":1,\"name\":\"Home\",\"item\":\"https:\/\/ibcparts.eu\/\"},{\"@type\":\"ListItem\",\"position\":2,\"name\":\"Nakupujte\",\"item\":\"https:\/\/ibcparts.eu\/nakupujte\/\"},{\"@type\":\"ListItem\",\"position\":3,\"name\":\"Za\u0161\u010ditna ponjava SIMPLE za IBC cisterno\"}]},{\"@type\":\"WebSite\",\"@id\":\"https:\/\/ibcparts.eu\/#website\",\"url\":\"https:\/\/ibcparts.eu\/\",\"name\":\"IBCparts.eu\",\"description\":\"\",\"publisher\":{\"@id\":\"https:\/\/ibcparts.eu\/#organization\"},\"potentialAction\":[{\"@type\":\"SearchAction\",\"target\":{\"@type\":\"EntryPoint\",\"urlTemplate\":\"https:\/\/ibcparts.eu\/?s={search_term_string}\"},\"query-input\":{\"@type\":\"PropertyValueSpecification\",\"valueRequired\":true,\"valueName\":\"search_term_string\"}}],\"inLanguage\":\"hu-HU\"},{\"@type\":\"Organization\",\"@id\":\"https:\/\/ibcparts.eu\/#organization\",\"name\":\"IBCparts\",\"url\":\"https:\/\/ibcparts.eu\/\",\"logo\":{\"@type\":\"ImageObject\",\"inLanguage\":\"hu-HU\",\"@id\":\"https:\/\/ibcparts.eu\/#\/schema\/logo\/image\/\",\"url\":\"https:\/\/ibcparts.eu\/wp-content\/uploads\/2021\/10\/Footer-Logo.png\",\"contentUrl\":\"https:\/\/ibcparts.eu\/wp-content\/uploads\/2021\/10\/Footer-Logo.png\",\"width\":1992,\"height\":772,\"caption\":\"IBCparts\"},\"image\":{\"@id\":\"https:\/\/ibcparts.eu\/#\/schema\/logo\/image\/\"}}]}<\/script>\n<!-- \/ Yoast SEO plugin. -->","yoast_head_json":{"title":"SIMPLE v\u00e9d\u0151ponyva IBC tart\u00e1lyhoz | IBCparts.eu","description":"Za\u0161\u010ditna UV cerada za IBC cisterno. Skraj\u0161ana, za la\u017ejo ko\u0161njo trave pri postavitvi na vrtu.","robots":{"index":"index","follow":"follow","max-snippet":"max-snippet:-1","max-image-preview":"max-image-preview:large","max-video-preview":"max-video-preview:-1"},"canonical":"https:\/\/ibcparts.eu\/hu\/termek\/uv-vedo-takaro-simple-ibc-tartalyhoz\/","og_locale":"hu_HU","og_type":"article","og_title":"Za\u0161\u010ditna ponjava SIMPLE za IBC cisterno | IBCparts.eu","og_description":"Za\u0161\u010ditna UV cerada za IBC cisterno. Skraj\u0161ana, za la\u017ejo ko\u0161njo trave pri postavitvi na vrtu.","og_url":"https:\/\/ibcparts.eu\/hu\/termek\/uv-vedo-takaro-simple-ibc-tartalyhoz\/","og_site_name":"IBCparts.eu","article_modified_time":"2026-01-06T09:47:17+00:00","og_image":[{"width":354,"height":354,"url":"https:\/\/ibcparts.eu\/wp-content\/uploads\/2022\/01\/uv-simple1_orig.jpg","type":"image\/jpeg"}],"twitter_card":"summary_large_image","schema":{"@context":"https:\/\/schema.org","@graph":[{"@type":"WebPage","@id":"https:\/\/ibcparts.eu\/izdelek\/uv-zascitna-ponjava-simple-za-ibc-cisterno\/","url":"https:\/\/ibcparts.eu\/izdelek\/uv-zascitna-ponjava-simple-za-ibc-cisterno\/","name":"SIMPLE v\u00e9d\u0151ponyva IBC tart\u00e1lyhoz | IBCparts.eu","isPartOf":{"@id":"https:\/\/ibcparts.eu\/#website"},"primaryImageOfPage":{"@id":"https:\/\/ibcparts.eu\/izdelek\/uv-zascitna-ponjava-simple-za-ibc-cisterno\/#primaryimage"},"image":{"@id":"https:\/\/ibcparts.eu\/izdelek\/uv-zascitna-ponjava-simple-za-ibc-cisterno\/#primaryimage"},"thumbnailUrl":"https:\/\/ibcparts.eu\/wp-content\/uploads\/2022\/01\/uv-simple1_orig.jpg","datePublished":"2022-01-14T14:16:31+00:00","dateModified":"2026-01-06T09:47:17+00:00","description":"Za\u0161\u010ditna UV cerada za IBC cisterno. Skraj\u0161ana, za la\u017ejo ko\u0161njo trave pri postavitvi na vrtu.","breadcrumb":{"@id":"https:\/\/ibcparts.eu\/izdelek\/uv-zascitna-ponjava-simple-za-ibc-cisterno\/#breadcrumb"},"inLanguage":"hu-HU","potentialAction":[{"@type":"ReadAction","target":["https:\/\/ibcparts.eu\/izdelek\/uv-zascitna-ponjava-simple-za-ibc-cisterno\/"]}]},{"@type":"ImageObject","inLanguage":"hu-HU","@id":"https:\/\/ibcparts.eu\/izdelek\/uv-zascitna-ponjava-simple-za-ibc-cisterno\/#primaryimage","url":"https:\/\/ibcparts.eu\/wp-content\/uploads\/2022\/01\/uv-simple1_orig.jpg","contentUrl":"https:\/\/ibcparts.eu\/wp-content\/uploads\/2022\/01\/uv-simple1_orig.jpg","width":354,"height":354,"caption":"uv-zascitna-ponjava-simple-za-ibc-cisterno"},{"@type":"BreadcrumbList","@id":"https:\/\/ibcparts.eu\/izdelek\/uv-zascitna-ponjava-simple-za-ibc-cisterno\/#breadcrumb","itemListElement":[{"@type":"ListItem","position":1,"name":"Home","item":"https:\/\/ibcparts.eu\/"},{"@type":"ListItem","position":2,"name":"Nakupujte","item":"https:\/\/ibcparts.eu\/nakupujte\/"},{"@type":"ListItem","position":3,"name":"Za\u0161\u010ditna ponjava SIMPLE za IBC cisterno"}]},{"@type":"WebSite","@id":"https:\/\/ibcparts.eu\/#website","url":"https:\/\/ibcparts.eu\/","name":"IBCparts.eu","description":"","publisher":{"@id":"https:\/\/ibcparts.eu\/#organization"},"potentialAction":[{"@type":"SearchAction","target":{"@type":"EntryPoint","urlTemplate":"https:\/\/ibcparts.eu\/?s={search_term_string}"},"query-input":{"@type":"PropertyValueSpecification","valueRequired":true,"valueName":"search_term_string"}}],"inLanguage":"hu-HU"},{"@type":"Organization","@id":"https:\/\/ibcparts.eu\/#organization","name":"IBCparts","url":"https:\/\/ibcparts.eu\/","logo":{"@type":"ImageObject","inLanguage":"hu-HU","@id":"https:\/\/ibcparts.eu\/#\/schema\/logo\/image\/","url":"https:\/\/ibcparts.eu\/wp-content\/uploads\/2021\/10\/Footer-Logo.png","contentUrl":"https:\/\/ibcparts.eu\/wp-content\/uploads\/2021\/10\/Footer-Logo.png","width":1992,"height":772,"caption":"IBCparts"},"image":{"@id":"https:\/\/ibcparts.eu\/#\/schema\/logo\/image\/"}}]}},"_links":{"self":[{"href":"https:\/\/ibcparts.eu\/hu\/wp-json\/wp\/v2\/product\/12192","targetHints":{"allow":["GET"]}}],"collection":[{"href":"https:\/\/ibcparts.eu\/hu\/wp-json\/wp\/v2\/product"}],"about":[{"href":"https:\/\/ibcparts.eu\/hu\/wp-json\/wp\/v2\/types\/product"}],"version-history":[{"count":1,"href":"https:\/\/ibcparts.eu\/hu\/wp-json\/wp\/v2\/product\/12192\/revisions"}],"predecessor-version":[{"id":19841,"href":"https:\/\/ibcparts.eu\/hu\/wp-json\/wp\/v2\/product\/12192\/revisions\/19841"}],"wp:featuredmedia":[{"embeddable":true,"href":"https:\/\/ibcparts.eu\/hu\/wp-json\/wp\/v2\/media\/12194"}],"wp:attachment":[{"href":"https:\/\/ibcparts.eu\/hu\/wp-json\/wp\/v2\/media?parent=12192"}],"wp:term":[{"taxonomy":"product_brand","embeddable":true,"href":"https:\/\/ibcparts.eu\/hu\/wp-json\/wp\/v2\/product_brand?post=12192"},{"taxonomy":"product_cat","embeddable":true,"href":"https:\/\/ibcparts.eu\/hu\/wp-json\/wp\/v2\/product_cat?post=12192"},{"taxonomy":"product_tag","embeddable":true,"href":"https:\/\/ibcparts.eu\/hu\/wp-json\/wp\/v2\/product_tag?post=12192"}],"curies":[{"name":"wp","href":"https:\/\/api.w.org\/{rel}","templated":true}]}}