{"id":12155,"date":"2022-01-14T14:44:37","date_gmt":"2022-01-14T13:44:37","guid":{"rendered":"https:\/\/ibcparts.eu\/?post_type=product&#038;p=12155"},"modified":"2026-01-15T06:38:59","modified_gmt":"2026-01-15T05:38:59","slug":"reducirji-s60-combo-f","status":"publish","type":"product","link":"https:\/\/ibcparts.eu\/hu\/termek\/reducirji-s60-combo-f\/","title":{"rendered":"S60 COMBO F sz\u0171k\u00edt\u0151k IBC tart\u00e1lyhoz (3\/4\u2033, 1\u2033, 5\/4\u2033, 6\/4\u2033)"},"content":{"rendered":"<p>Nagyon er\u0151s sz\u0171k\u00edt\u0151 IBC tart\u00e1lyhoz, sz\u00e1mos bels\u0151 menetv\u00e1ltozattal.<\/p>\n<ul>\n<li class=\" translation-block\"><strong>T\u00f6m\u00edt\u00e9s:<\/strong> EPDM gumi \u2013 kiv\u00e1l\u00f3 ellen\u00e1ll\u00e1s UV-sug\u00e1rz\u00e1ssal, id\u0151j\u00e1r\u00e1si hat\u00e1sokkal \u00e9s h\u0151m\u00e9rs\u00e9klet-ingadoz\u00e1sokkal szemben.<\/li>\n<li><strong>T\u00f6m\u00edt\u00e9s:<\/strong> EPDM gumi \u2013 kiv\u00e1l\u00f3 ellen\u00e1ll\u00e1s az UV-sug\u00e1rz\u00e1ssal, az id\u0151j\u00e1r\u00e1si hat\u00e1sokkal \u00e9s a h\u0151m\u00e9rs\u00e9klet-ingadoz\u00e1sokkal szemben.<\/li>\n<li>A m\u00e1sik oldalon bels\u0151 (n\u0151i) BSP menet tal\u00e1lhat\u00f3.<\/li>\n<\/ul>\n<p><strong>M\u00e9retv\u00e1laszt\u00e9k:<\/strong><\/p>\n<ul>\n<li><strong>3\/4<\/strong><strong>&#8220;<\/strong><\/li>\n<li><strong>1&#8243;,<\/strong><\/li>\n<li><strong>5\/4&#8243;,<\/strong><\/li>\n<li><strong>6\/4&#8243;<\/strong><\/li>\n<\/ul>","protected":false},"excerpt":{"rendered":"<h2 data-start=\"195\" data-end=\"289\">S60 COMBO F sz\u0171k\u00edt\u0151k bels\u0151 BSP menettel IBC tart\u00e1lyhoz (3\/4\u2033, 1\u2033, 5\/4\u2033, 6\/4\u2033)<\/h2>\n<p data-start=\"291\" data-end=\"798\" class=\" translation-block\">Az S60 COMBO F sz\u0171k\u00edt\u0151k rendk\u00edv\u00fcl er\u0151s sz\u0171k\u00edt\u0151k S60x6 menettel rendelkez\u0151 IBC tart\u00e1lyokhoz (\u00d8 60 mm, durva menet), amelyeket k\u00fcl\u00f6nb\u00f6z\u0151 bels\u0151 BSP menetm\u00e9retekkel val\u00f3 csatlakoztat\u00e1sra terveztek. <strong data-start=\"494\" data-end=\"540\">IBC tart\u00e1lyhoz val\u00f3 adapterk\u00e9nt vagy csatlakoz\u00f3k\u00e9nt<\/strong> haszn\u00e1lhat\u00f3k t\u00f6ml\u0151k, szelepek vagy m\u00e1s rendszerek csatlakoztat\u00e1s\u00e1hoz. 100% EPDM gumib\u00f3l k\u00e9sz\u00fclt t\u00f6m\u00edt\u00e9ssel vannak ell\u00e1tva, amelyet kifejezetten optim\u00e1lis kem\u00e9nys\u00e9ggel fejlesztettek ki, \u00e9s <strong data-start=\"693\" data-end=\"759\">megb\u00edzhat\u00f3 t\u00f6m\u00edt\u00e9st biztos\u00edt m\u00e9g nagyobb szelep-egyenetlens\u00e9gek eset\u00e9n is<\/strong>, valamint hossz\u00fa t\u00e1v\u00fa, sziv\u00e1rg\u00e1smentes haszn\u00e1latot garant\u00e1l.<\/p>\n<p data-start=\"800\" data-end=\"821\">M\u0171szaki jellemz\u0151k<\/p>\n<ul>\n<li data-start=\"824\" data-end=\"885\">Term\u00e9kt\u00edpus: sz\u0171k\u00edt\u0151 (adapter \/ csatlakoz\u00f3 IBC tart\u00e1lyhoz)<\/li>\n<li data-start=\"888\" data-end=\"943\">Menett\u00edpus a tart\u00e1lyon: S60x6, durva menet (\u00d8 60 mm). Menetemelked\u00e9s: 6 mm.<\/li>\n<li data-start=\"969\" data-end=\"1014\">Menett\u00edpus a kimeneten: bels\u0151 (anya) BSP<\/li>\n<li data-start=\"1017\" data-end=\"1029\">M\u00e9retv\u00e1laszt\u00e9k:<\/li>\n<li style=\"list-style-type: none;\">\n<ul data-start=\"1032\" data-end=\"1071\">\n<li data-start=\"1032\" data-end=\"1040\">\n<p data-start=\"1034\" data-end=\"1040\">3\/4\u2033<\/p>\n<\/li>\n<li data-start=\"1043\" data-end=\"1049\">\n<p data-start=\"1045\" data-end=\"1049\">1\u2033<\/p>\n<\/li>\n<li data-start=\"1052\" data-end=\"1060\">\n<p data-start=\"1054\" data-end=\"1060\">5\/4\u2033<\/p>\n<\/li>\n<li data-start=\"1063\" data-end=\"1071\">\n<p data-start=\"1065\" data-end=\"1071\">6\/4\u2033<\/p>\n<\/li>\n<\/ul>\n<\/li>\n<li data-start=\"1072\" data-end=\"1100\">\n<p data-start=\"1074\" data-end=\"1100\">T\u00f6m\u00edt\u00e9s: 100% EPDM gumi<\/p>\n<\/li>\n<\/ul>\n<p><strong>T\u00f6bb darab, nagyobb kedvezm\u00e9ny \u2013 a k\u00fcl\u00f6nb\u00f6z\u0151 term\u00e9kek \u00e9s vari\u00e1ci\u00f3k darabsz\u00e1ma \u00f6sszead\u00f3dik!<\/strong><\/p>","protected":false},"featured_media":18399,"template":"","meta":[],"product_brand":[],"product_cat":[170,298],"product_tag":[463],"class_list":{"0":"post-12155","1":"product","2":"type-product","3":"status-publish","4":"has-post-thumbnail","6":"product_cat-reducirji-in-prikljucki-za-ibc","7":"product_cat-prikljucki-za-cisterno-z-navojem-s60x6","8":"product_tag-adapter-za-ibc-cisterno","10":"first","11":"instock","12":"shipping-taxable","13":"purchasable","14":"product-type-variable"},"yoast_head":"<!-- This site is optimized with the Yoast SEO plugin v27.1.1 - https:\/\/yoast.com\/product\/yoast-seo-wordpress\/ -->\n<title>Reducirji S60 COMBO F za IBC cisterno (3\/4\u2033, 1\u2033, 5\/4\u2033, 6\/4\u2033) | IBCparts.eu<\/title>\n<meta name=\"description\" content=\"Zelo mo\u010dan reducir S60 COMBO F za IBC cisterno. S60x6 (grobi navoj). Tesnilo: EPDM guma. Velikosti: 3\/4&quot;, 1&quot;, 5\/4&quot;, 6\/4&quot;)\" \/>\n<meta name=\"robots\" content=\"index, follow, max-snippet:-1, max-image-preview:large, max-video-preview:-1\" \/>\n<link rel=\"canonical\" href=\"https:\/\/ibcparts.eu\/hu\/termek\/reducirji-s60-combo-f\/\" \/>\n<meta property=\"og:locale\" content=\"hu_HU\" \/>\n<meta property=\"og:type\" content=\"article\" \/>\n<meta property=\"og:title\" content=\"Reducirji S60 COMBO F za IBC cisterno (3\/4\u2033, 1\u2033, 5\/4\u2033, 6\/4\u2033) | IBCparts.eu\" \/>\n<meta property=\"og:description\" content=\"Zelo mo\u010dan reducir S60 COMBO F za IBC cisterno. S60x6 (grobi navoj). Tesnilo: EPDM guma. Velikosti: 3\/4&quot;, 1&quot;, 5\/4&quot;, 6\/4&quot;)\" \/>\n<meta property=\"og:url\" content=\"https:\/\/ibcparts.eu\/hu\/termek\/reducirji-s60-combo-f\/\" \/>\n<meta property=\"og:site_name\" content=\"IBCparts.eu\" \/>\n<meta property=\"article:modified_time\" content=\"2026-01-15T05:38:59+00:00\" \/>\n<meta property=\"og:image\" content=\"https:\/\/ibcparts.eu\/wp-content\/uploads\/2022\/01\/Reducir-za-IBC-cisterno-S60-COMBO-F-2.png\" \/>\n\t<meta property=\"og:image:width\" content=\"500\" \/>\n\t<meta property=\"og:image:height\" content=\"500\" \/>\n\t<meta property=\"og:image:type\" content=\"image\/png\" \/>\n<meta name=\"twitter:card\" content=\"summary_large_image\" \/>\n<script type=\"application\/ld+json\" class=\"yoast-schema-graph\">{\"@context\":\"https:\/\/schema.org\",\"@graph\":[{\"@type\":\"WebPage\",\"@id\":\"https:\/\/ibcparts.eu\/izdelek\/reducirji-s60-combo-f\/\",\"url\":\"https:\/\/ibcparts.eu\/izdelek\/reducirji-s60-combo-f\/\",\"name\":\"Reducirji S60 COMBO F za IBC cisterno (3\/4\u2033, 1\u2033, 5\/4\u2033, 6\/4\u2033) | IBCparts.eu\",\"isPartOf\":{\"@id\":\"https:\/\/ibcparts.eu\/#website\"},\"primaryImageOfPage\":{\"@id\":\"https:\/\/ibcparts.eu\/izdelek\/reducirji-s60-combo-f\/#primaryimage\"},\"image\":{\"@id\":\"https:\/\/ibcparts.eu\/izdelek\/reducirji-s60-combo-f\/#primaryimage\"},\"thumbnailUrl\":\"https:\/\/ibcparts.eu\/wp-content\/uploads\/2022\/01\/Reducir-za-IBC-cisterno-S60-COMBO-F-2.png\",\"datePublished\":\"2022-01-14T13:44:37+00:00\",\"dateModified\":\"2026-01-15T05:38:59+00:00\",\"description\":\"Zelo mo\u010dan reducir S60 COMBO F za IBC cisterno. S60x6 (grobi navoj). Tesnilo: EPDM guma. Velikosti: 3\/4\\\", 1\\\", 5\/4\\\", 6\/4\\\")\",\"breadcrumb\":{\"@id\":\"https:\/\/ibcparts.eu\/izdelek\/reducirji-s60-combo-f\/#breadcrumb\"},\"inLanguage\":\"hu-HU\",\"potentialAction\":[{\"@type\":\"ReadAction\",\"target\":[\"https:\/\/ibcparts.eu\/izdelek\/reducirji-s60-combo-f\/\"]}]},{\"@type\":\"ImageObject\",\"inLanguage\":\"hu-HU\",\"@id\":\"https:\/\/ibcparts.eu\/izdelek\/reducirji-s60-combo-f\/#primaryimage\",\"url\":\"https:\/\/ibcparts.eu\/wp-content\/uploads\/2022\/01\/Reducir-za-IBC-cisterno-S60-COMBO-F-2.png\",\"contentUrl\":\"https:\/\/ibcparts.eu\/wp-content\/uploads\/2022\/01\/Reducir-za-IBC-cisterno-S60-COMBO-F-2.png\",\"width\":500,\"height\":500,\"caption\":\"Reducir za IBC cisterno S60 COMBO F\"},{\"@type\":\"BreadcrumbList\",\"@id\":\"https:\/\/ibcparts.eu\/izdelek\/reducirji-s60-combo-f\/#breadcrumb\",\"itemListElement\":[{\"@type\":\"ListItem\",\"position\":1,\"name\":\"Home\",\"item\":\"https:\/\/ibcparts.eu\/\"},{\"@type\":\"ListItem\",\"position\":2,\"name\":\"Nakupujte\",\"item\":\"https:\/\/ibcparts.eu\/nakupujte\/\"},{\"@type\":\"ListItem\",\"position\":3,\"name\":\"Reducirji S60 COMBO F za IBC cisterno (3\/4\u2033, 1\u2033, 5\/4\u2033, 6\/4\u2033)\"}]},{\"@type\":\"WebSite\",\"@id\":\"https:\/\/ibcparts.eu\/#website\",\"url\":\"https:\/\/ibcparts.eu\/\",\"name\":\"IBCparts.eu\",\"description\":\"\",\"publisher\":{\"@id\":\"https:\/\/ibcparts.eu\/#organization\"},\"potentialAction\":[{\"@type\":\"SearchAction\",\"target\":{\"@type\":\"EntryPoint\",\"urlTemplate\":\"https:\/\/ibcparts.eu\/?s={search_term_string}\"},\"query-input\":{\"@type\":\"PropertyValueSpecification\",\"valueRequired\":true,\"valueName\":\"search_term_string\"}}],\"inLanguage\":\"hu-HU\"},{\"@type\":\"Organization\",\"@id\":\"https:\/\/ibcparts.eu\/#organization\",\"name\":\"IBCparts\",\"url\":\"https:\/\/ibcparts.eu\/\",\"logo\":{\"@type\":\"ImageObject\",\"inLanguage\":\"hu-HU\",\"@id\":\"https:\/\/ibcparts.eu\/#\/schema\/logo\/image\/\",\"url\":\"https:\/\/ibcparts.eu\/wp-content\/uploads\/2021\/10\/Footer-Logo.png\",\"contentUrl\":\"https:\/\/ibcparts.eu\/wp-content\/uploads\/2021\/10\/Footer-Logo.png\",\"width\":1992,\"height\":772,\"caption\":\"IBCparts\"},\"image\":{\"@id\":\"https:\/\/ibcparts.eu\/#\/schema\/logo\/image\/\"}}]}<\/script>\n<!-- \/ Yoast SEO plugin. -->","yoast_head_json":{"title":"Reducirji S60 COMBO F za IBC cisterno (3\/4\u2033, 1\u2033, 5\/4\u2033, 6\/4\u2033) | IBCparts.eu","description":"Zelo mo\u010dan reducir S60 COMBO F za IBC cisterno. S60x6 (grobi navoj). Tesnilo: EPDM guma. Velikosti: 3\/4\", 1\", 5\/4\", 6\/4\")","robots":{"index":"index","follow":"follow","max-snippet":"max-snippet:-1","max-image-preview":"max-image-preview:large","max-video-preview":"max-video-preview:-1"},"canonical":"https:\/\/ibcparts.eu\/hu\/termek\/reducirji-s60-combo-f\/","og_locale":"hu_HU","og_type":"article","og_title":"Reducirji S60 COMBO F za IBC cisterno (3\/4\u2033, 1\u2033, 5\/4\u2033, 6\/4\u2033) | IBCparts.eu","og_description":"Zelo mo\u010dan reducir S60 COMBO F za IBC cisterno. S60x6 (grobi navoj). Tesnilo: EPDM guma. Velikosti: 3\/4\", 1\", 5\/4\", 6\/4\")","og_url":"https:\/\/ibcparts.eu\/hu\/termek\/reducirji-s60-combo-f\/","og_site_name":"IBCparts.eu","article_modified_time":"2026-01-15T05:38:59+00:00","og_image":[{"width":500,"height":500,"url":"https:\/\/ibcparts.eu\/wp-content\/uploads\/2022\/01\/Reducir-za-IBC-cisterno-S60-COMBO-F-2.png","type":"image\/png"}],"twitter_card":"summary_large_image","schema":{"@context":"https:\/\/schema.org","@graph":[{"@type":"WebPage","@id":"https:\/\/ibcparts.eu\/izdelek\/reducirji-s60-combo-f\/","url":"https:\/\/ibcparts.eu\/izdelek\/reducirji-s60-combo-f\/","name":"Reducirji S60 COMBO F za IBC cisterno (3\/4\u2033, 1\u2033, 5\/4\u2033, 6\/4\u2033) | IBCparts.eu","isPartOf":{"@id":"https:\/\/ibcparts.eu\/#website"},"primaryImageOfPage":{"@id":"https:\/\/ibcparts.eu\/izdelek\/reducirji-s60-combo-f\/#primaryimage"},"image":{"@id":"https:\/\/ibcparts.eu\/izdelek\/reducirji-s60-combo-f\/#primaryimage"},"thumbnailUrl":"https:\/\/ibcparts.eu\/wp-content\/uploads\/2022\/01\/Reducir-za-IBC-cisterno-S60-COMBO-F-2.png","datePublished":"2022-01-14T13:44:37+00:00","dateModified":"2026-01-15T05:38:59+00:00","description":"Zelo mo\u010dan reducir S60 COMBO F za IBC cisterno. S60x6 (grobi navoj). Tesnilo: EPDM guma. Velikosti: 3\/4\", 1\", 5\/4\", 6\/4\")","breadcrumb":{"@id":"https:\/\/ibcparts.eu\/izdelek\/reducirji-s60-combo-f\/#breadcrumb"},"inLanguage":"hu-HU","potentialAction":[{"@type":"ReadAction","target":["https:\/\/ibcparts.eu\/izdelek\/reducirji-s60-combo-f\/"]}]},{"@type":"ImageObject","inLanguage":"hu-HU","@id":"https:\/\/ibcparts.eu\/izdelek\/reducirji-s60-combo-f\/#primaryimage","url":"https:\/\/ibcparts.eu\/wp-content\/uploads\/2022\/01\/Reducir-za-IBC-cisterno-S60-COMBO-F-2.png","contentUrl":"https:\/\/ibcparts.eu\/wp-content\/uploads\/2022\/01\/Reducir-za-IBC-cisterno-S60-COMBO-F-2.png","width":500,"height":500,"caption":"Reducir za IBC cisterno S60 COMBO F"},{"@type":"BreadcrumbList","@id":"https:\/\/ibcparts.eu\/izdelek\/reducirji-s60-combo-f\/#breadcrumb","itemListElement":[{"@type":"ListItem","position":1,"name":"Home","item":"https:\/\/ibcparts.eu\/"},{"@type":"ListItem","position":2,"name":"Nakupujte","item":"https:\/\/ibcparts.eu\/nakupujte\/"},{"@type":"ListItem","position":3,"name":"Reducirji S60 COMBO F za IBC cisterno (3\/4\u2033, 1\u2033, 5\/4\u2033, 6\/4\u2033)"}]},{"@type":"WebSite","@id":"https:\/\/ibcparts.eu\/#website","url":"https:\/\/ibcparts.eu\/","name":"IBCparts.eu","description":"","publisher":{"@id":"https:\/\/ibcparts.eu\/#organization"},"potentialAction":[{"@type":"SearchAction","target":{"@type":"EntryPoint","urlTemplate":"https:\/\/ibcparts.eu\/?s={search_term_string}"},"query-input":{"@type":"PropertyValueSpecification","valueRequired":true,"valueName":"search_term_string"}}],"inLanguage":"hu-HU"},{"@type":"Organization","@id":"https:\/\/ibcparts.eu\/#organization","name":"IBCparts","url":"https:\/\/ibcparts.eu\/","logo":{"@type":"ImageObject","inLanguage":"hu-HU","@id":"https:\/\/ibcparts.eu\/#\/schema\/logo\/image\/","url":"https:\/\/ibcparts.eu\/wp-content\/uploads\/2021\/10\/Footer-Logo.png","contentUrl":"https:\/\/ibcparts.eu\/wp-content\/uploads\/2021\/10\/Footer-Logo.png","width":1992,"height":772,"caption":"IBCparts"},"image":{"@id":"https:\/\/ibcparts.eu\/#\/schema\/logo\/image\/"}}]}},"_links":{"self":[{"href":"https:\/\/ibcparts.eu\/hu\/wp-json\/wp\/v2\/product\/12155","targetHints":{"allow":["GET"]}}],"collection":[{"href":"https:\/\/ibcparts.eu\/hu\/wp-json\/wp\/v2\/product"}],"about":[{"href":"https:\/\/ibcparts.eu\/hu\/wp-json\/wp\/v2\/types\/product"}],"version-history":[{"count":7,"href":"https:\/\/ibcparts.eu\/hu\/wp-json\/wp\/v2\/product\/12155\/revisions"}],"predecessor-version":[{"id":20303,"href":"https:\/\/ibcparts.eu\/hu\/wp-json\/wp\/v2\/product\/12155\/revisions\/20303"}],"wp:featuredmedia":[{"embeddable":true,"href":"https:\/\/ibcparts.eu\/hu\/wp-json\/wp\/v2\/media\/18399"}],"wp:attachment":[{"href":"https:\/\/ibcparts.eu\/hu\/wp-json\/wp\/v2\/media?parent=12155"}],"wp:term":[{"taxonomy":"product_brand","embeddable":true,"href":"https:\/\/ibcparts.eu\/hu\/wp-json\/wp\/v2\/product_brand?post=12155"},{"taxonomy":"product_cat","embeddable":true,"href":"https:\/\/ibcparts.eu\/hu\/wp-json\/wp\/v2\/product_cat?post=12155"},{"taxonomy":"product_tag","embeddable":true,"href":"https:\/\/ibcparts.eu\/hu\/wp-json\/wp\/v2\/product_tag?post=12155"}],"curies":[{"name":"wp","href":"https:\/\/api.w.org\/{rel}","templated":true}]}}