{"id":12105,"date":"2022-01-14T03:23:29","date_gmt":"2022-01-14T02:23:29","guid":{"rendered":"https:\/\/ibcparts.eu\/?post_type=product&#038;p=12105"},"modified":"2026-01-13T14:20:52","modified_gmt":"2026-01-13T13:20:52","slug":"komplet-z-rocko-za-natakanje-adblue-adapter-klasik-ali-easy-vrtljiv","status":"publish","type":"product","link":"https:\/\/ibcparts.eu\/hu\/termek\/adblue-toltopisztoly-keszlet-adapter-klasszikus-vagy-easy-forgo\/","title":{"rendered":"AdBlue t\u00f6lt\u0151kar k\u00e9szlet + KLASIK vagy EASY adapter (forgathat\u00f3)"},"content":{"rendered":"","protected":false},"excerpt":{"rendered":"<h2 data-start=\"201\" data-end=\"307\">Komplett k\u00e9szlet AdBlue t\u00f6lt\u0151pisztollyal IBC tart\u00e1lyhoz + KLASIK vagy EASY (forgathat\u00f3) adapter<\/h2>\n<p data-start=\"309\" data-end=\"834\" class=\" translation-block\">Az AdBlue t\u00f6lt\u0151pisztollyal ell\u00e1tott k\u00e9szlet az AdBlue egyszer\u0171, tiszta \u00e9s ellen\u0151rz\u00f6tt \u00e1tfejt\u00e9s\u00e9re szolg\u00e1l IBC tart\u00e1lyb\u00f3l. Tartalmaz egy t\u00f6lt\u0151pisztolyt \u00e9s egy adaptert az S60x6 menettel rendelkez\u0151 IBC tart\u00e1lyhoz val\u00f3 csatlakoztat\u00e1shoz. K\u00e9t adapterv\u00e1ltozat \u00e9rhet\u0151 el: <strong data-start=\"568\" data-end=\"578\">KLASIK<\/strong> vagy <strong data-start=\"583\" data-end=\"601\">EASY (forgathat\u00f3)<\/strong>, amely megk\u00f6nny\u00edti a szerel\u00e9st \u00e9s a haszn\u00e1latot gyakori csatlakoztat\u00e1s \u00e9s lev\u00e1laszt\u00e1s eset\u00e9n. A k\u00e9szlet <strong data-start=\"708\" data-end=\"754\">IBC tart\u00e1lyhoz val\u00f3 adapterk\u00e9nt vagy csatlakoz\u00f3k\u00e9nt<\/strong> haszn\u00e1lhat\u00f3, \u00e9s alkalmas j\u00e1rm\u0171vek vagy g\u00e9pek AdBlue-val t\u00f6rt\u00e9n\u0151 mindennapos felt\u00f6lt\u00e9s\u00e9re.<\/p>\n<p data-start=\"836\" data-end=\"861\"><strong data-start=\"836\" data-end=\"859\">M\u0171szaki jellemz\u0151k<\/strong><\/p>\n<ul>\n<li data-start=\"864\" data-end=\"906\">Term\u00e9kt\u00edpus: AdBlue t\u00f6lt\u0151k\u00e9szlet<\/li>\n<li data-start=\"909\" data-end=\"928\">A k\u00e9szlet tartalma:<\/li>\n<li style=\"list-style-type: none;\">\n<ul data-start=\"931\" data-end=\"999\">\n<li data-start=\"931\" data-end=\"969\">\n<p data-start=\"933\" data-end=\"969\">AdBlue t\u00f6lt\u0151pisztoly<\/p>\n<\/li>\n<li data-start=\"972\" data-end=\"999\">\n<p data-start=\"974\" data-end=\"999\">adapter IBC tart\u00e1lyhoz<\/p>\n<\/li>\n<\/ul>\n<\/li>\n<li data-start=\"1002\" data-end=\"1053\">A tart\u00e1ly menett\u00edpusa: S60x6 (DN50), durva menet<\/li>\n<li data-start=\"1056\" data-end=\"1076\">Az adapter kivitele:\n<ul data-start=\"1079\" data-end=\"1110\">\n<li data-start=\"1079\" data-end=\"1089\">\n<p data-start=\"1081\" data-end=\"1089\">CLASSIC<\/p>\n<\/li>\n<li data-start=\"1092\" data-end=\"1110\">\n<p data-start=\"1094\" data-end=\"1110\">EASY (vrtljiv)<\/p>\n<\/li>\n<\/ul>\n<\/li>\n<li data-start=\"1113\" data-end=\"1146\">Felhaszn\u00e1l\u00e1si c\u00e9l: AdBlue t\u00f6lt\u00e9se<\/li>\n<li data-start=\"1149\" data-end=\"1176\">Alkalmas: IBC tart\u00e1lyokhoz<\/li>\n<\/ul>\n<p data-start=\"1178\" data-end=\"1376\" class=\" translation-block\">Tov\u00e1bbi inform\u00e1ci\u00f3k:<br data-start=\"1198\" data-end=\"1201\">Az <strong data-start=\"1209\" data-end=\"1227\">EASY (forgathat\u00f3)<\/strong> kivitel k\u00f6nnyebb szerel\u00e9st tesz lehet\u0151v\u00e9, k\u00fcl\u00f6n\u00f6sen akkor, ha a cs\u0151 m\u00e1r csatlakoztatva van az adapterhez.<\/p>","protected":false},"featured_media":12483,"template":"","meta":[],"product_brand":[],"product_cat":[187,170,298,319],"product_tag":[398],"class_list":{"0":"post-12105","1":"product","2":"type-product","3":"status-publish","4":"has-post-thumbnail","6":"product_cat-pripomocki-za-pretakanje-tekocine","7":"product_cat-reducirji-in-prikljucki-za-ibc","8":"product_cat-prikljucki-za-cisterno-z-navojem-s60x6","9":"product_cat-vse-za-uporabo-z-adblue","10":"product_tag-komplet-z-rocko-za-natakanje-adblue-za-ibc-cisterno","12":"first","13":"instock","14":"shipping-taxable","15":"purchasable","16":"product-type-variable"},"yoast_head":"<!-- This site is optimized with the Yoast SEO plugin v27.1.1 - https:\/\/yoast.com\/product\/yoast-seo-wordpress\/ -->\n<title>Komplet z ro\u010dko za natakanje AdBlue + adapter KLASIK ali EASY (vrtljiv) | IBCparts.eu<\/title>\n<meta name=\"description\" content=\"Komplet z ro\u010dko (nozzle) za natakanje AdBlue za IBC cisterno S60x6. Vklju\u010duje adapter KLASIK ali EASY (vrtljiv) za \u010disto in enostavno to\u010denje.\" \/>\n<meta name=\"robots\" content=\"index, follow, max-snippet:-1, max-image-preview:large, max-video-preview:-1\" \/>\n<link rel=\"canonical\" href=\"https:\/\/ibcparts.eu\/hu\/termek\/adblue-toltopisztoly-keszlet-adapter-klasszikus-vagy-easy-forgo\/\" \/>\n<meta property=\"og:locale\" content=\"hu_HU\" \/>\n<meta property=\"og:type\" content=\"article\" \/>\n<meta property=\"og:title\" content=\"Komplet z ro\u010dko za natakanje AdBlue + adapter KLASIK ali EASY (vrtljiv) | IBCparts.eu\" \/>\n<meta property=\"og:description\" content=\"Komplet z ro\u010dko (nozzle) za natakanje AdBlue za IBC cisterno S60x6. Vklju\u010duje adapter KLASIK ali EASY (vrtljiv) za \u010disto in enostavno to\u010denje.\" \/>\n<meta property=\"og:url\" content=\"https:\/\/ibcparts.eu\/hu\/termek\/adblue-toltopisztoly-keszlet-adapter-klasszikus-vagy-easy-forgo\/\" \/>\n<meta property=\"og:site_name\" content=\"IBCparts.eu\" \/>\n<meta property=\"article:modified_time\" content=\"2026-01-13T13:20:52+00:00\" \/>\n<meta property=\"og:image\" content=\"https:\/\/ibcparts.eu\/wp-content\/uploads\/2022\/01\/30.jpg\" \/>\n\t<meta property=\"og:image:width\" content=\"590\" \/>\n\t<meta property=\"og:image:height\" content=\"590\" \/>\n\t<meta property=\"og:image:type\" content=\"image\/jpeg\" \/>\n<meta name=\"twitter:card\" content=\"summary_large_image\" \/>\n<script type=\"application\/ld+json\" class=\"yoast-schema-graph\">{\"@context\":\"https:\/\/schema.org\",\"@graph\":[{\"@type\":\"WebPage\",\"@id\":\"https:\/\/ibcparts.eu\/izdelek\/komplet-z-rocko-za-natakanje-adblue-adapter-klasik-ali-easy-vrtljiv\/\",\"url\":\"https:\/\/ibcparts.eu\/izdelek\/komplet-z-rocko-za-natakanje-adblue-adapter-klasik-ali-easy-vrtljiv\/\",\"name\":\"Komplet z ro\u010dko za natakanje AdBlue + adapter KLASIK ali EASY (vrtljiv) | IBCparts.eu\",\"isPartOf\":{\"@id\":\"https:\/\/ibcparts.eu\/#website\"},\"primaryImageOfPage\":{\"@id\":\"https:\/\/ibcparts.eu\/izdelek\/komplet-z-rocko-za-natakanje-adblue-adapter-klasik-ali-easy-vrtljiv\/#primaryimage\"},\"image\":{\"@id\":\"https:\/\/ibcparts.eu\/izdelek\/komplet-z-rocko-za-natakanje-adblue-adapter-klasik-ali-easy-vrtljiv\/#primaryimage\"},\"thumbnailUrl\":\"https:\/\/ibcparts.eu\/wp-content\/uploads\/2022\/01\/30.jpg\",\"datePublished\":\"2022-01-14T02:23:29+00:00\",\"dateModified\":\"2026-01-13T13:20:52+00:00\",\"description\":\"Komplet z ro\u010dko (nozzle) za natakanje AdBlue za IBC cisterno S60x6. Vklju\u010duje adapter KLASIK ali EASY (vrtljiv) za \u010disto in enostavno to\u010denje.\",\"breadcrumb\":{\"@id\":\"https:\/\/ibcparts.eu\/izdelek\/komplet-z-rocko-za-natakanje-adblue-adapter-klasik-ali-easy-vrtljiv\/#breadcrumb\"},\"inLanguage\":\"hu-HU\",\"potentialAction\":[{\"@type\":\"ReadAction\",\"target\":[\"https:\/\/ibcparts.eu\/izdelek\/komplet-z-rocko-za-natakanje-adblue-adapter-klasik-ali-easy-vrtljiv\/\"]}]},{\"@type\":\"ImageObject\",\"inLanguage\":\"hu-HU\",\"@id\":\"https:\/\/ibcparts.eu\/izdelek\/komplet-z-rocko-za-natakanje-adblue-adapter-klasik-ali-easy-vrtljiv\/#primaryimage\",\"url\":\"https:\/\/ibcparts.eu\/wp-content\/uploads\/2022\/01\/30.jpg\",\"contentUrl\":\"https:\/\/ibcparts.eu\/wp-content\/uploads\/2022\/01\/30.jpg\",\"width\":590,\"height\":590,\"caption\":\"Komplet z ro\u010dko za natakanje AdBlue + adapter KLASIK ali EASY (vrtljiv)\"},{\"@type\":\"BreadcrumbList\",\"@id\":\"https:\/\/ibcparts.eu\/izdelek\/komplet-z-rocko-za-natakanje-adblue-adapter-klasik-ali-easy-vrtljiv\/#breadcrumb\",\"itemListElement\":[{\"@type\":\"ListItem\",\"position\":1,\"name\":\"Home\",\"item\":\"https:\/\/ibcparts.eu\/\"},{\"@type\":\"ListItem\",\"position\":2,\"name\":\"Nakupujte\",\"item\":\"https:\/\/ibcparts.eu\/nakupujte\/\"},{\"@type\":\"ListItem\",\"position\":3,\"name\":\"Komplet z ro\u010dko za natakanje AdBlue + adapter KLASIK ali EASY (vrtljiv)\"}]},{\"@type\":\"WebSite\",\"@id\":\"https:\/\/ibcparts.eu\/#website\",\"url\":\"https:\/\/ibcparts.eu\/\",\"name\":\"IBCparts.eu\",\"description\":\"\",\"publisher\":{\"@id\":\"https:\/\/ibcparts.eu\/#organization\"},\"potentialAction\":[{\"@type\":\"SearchAction\",\"target\":{\"@type\":\"EntryPoint\",\"urlTemplate\":\"https:\/\/ibcparts.eu\/?s={search_term_string}\"},\"query-input\":{\"@type\":\"PropertyValueSpecification\",\"valueRequired\":true,\"valueName\":\"search_term_string\"}}],\"inLanguage\":\"hu-HU\"},{\"@type\":\"Organization\",\"@id\":\"https:\/\/ibcparts.eu\/#organization\",\"name\":\"IBCparts\",\"url\":\"https:\/\/ibcparts.eu\/\",\"logo\":{\"@type\":\"ImageObject\",\"inLanguage\":\"hu-HU\",\"@id\":\"https:\/\/ibcparts.eu\/#\/schema\/logo\/image\/\",\"url\":\"https:\/\/ibcparts.eu\/wp-content\/uploads\/2021\/10\/Footer-Logo.png\",\"contentUrl\":\"https:\/\/ibcparts.eu\/wp-content\/uploads\/2021\/10\/Footer-Logo.png\",\"width\":1992,\"height\":772,\"caption\":\"IBCparts\"},\"image\":{\"@id\":\"https:\/\/ibcparts.eu\/#\/schema\/logo\/image\/\"}}]}<\/script>\n<!-- \/ Yoast SEO plugin. -->","yoast_head_json":{"title":"AdBlue t\u00f6lt\u0151kar k\u00e9szlet + KLASIK vagy EASY adapter (forgathat\u00f3) | IBCparts.eu","description":"Komplet z ro\u010dko (nozzle) za natakanje AdBlue za IBC cisterno S60x6. Vklju\u010duje adapter KLASIK ali EASY (vrtljiv) za \u010disto in enostavno to\u010denje.","robots":{"index":"index","follow":"follow","max-snippet":"max-snippet:-1","max-image-preview":"max-image-preview:large","max-video-preview":"max-video-preview:-1"},"canonical":"https:\/\/ibcparts.eu\/hu\/termek\/adblue-toltopisztoly-keszlet-adapter-klasszikus-vagy-easy-forgo\/","og_locale":"hu_HU","og_type":"article","og_title":"Komplet z ro\u010dko za natakanje AdBlue + adapter KLASIK ali EASY (vrtljiv) | IBCparts.eu","og_description":"Komplet z ro\u010dko (nozzle) za natakanje AdBlue za IBC cisterno S60x6. Vklju\u010duje adapter KLASIK ali EASY (vrtljiv) za \u010disto in enostavno to\u010denje.","og_url":"https:\/\/ibcparts.eu\/hu\/termek\/adblue-toltopisztoly-keszlet-adapter-klasszikus-vagy-easy-forgo\/","og_site_name":"IBCparts.eu","article_modified_time":"2026-01-13T13:20:52+00:00","og_image":[{"width":590,"height":590,"url":"https:\/\/ibcparts.eu\/wp-content\/uploads\/2022\/01\/30.jpg","type":"image\/jpeg"}],"twitter_card":"summary_large_image","schema":{"@context":"https:\/\/schema.org","@graph":[{"@type":"WebPage","@id":"https:\/\/ibcparts.eu\/izdelek\/komplet-z-rocko-za-natakanje-adblue-adapter-klasik-ali-easy-vrtljiv\/","url":"https:\/\/ibcparts.eu\/izdelek\/komplet-z-rocko-za-natakanje-adblue-adapter-klasik-ali-easy-vrtljiv\/","name":"AdBlue t\u00f6lt\u0151kar k\u00e9szlet + KLASIK vagy EASY adapter (forgathat\u00f3) | IBCparts.eu","isPartOf":{"@id":"https:\/\/ibcparts.eu\/#website"},"primaryImageOfPage":{"@id":"https:\/\/ibcparts.eu\/izdelek\/komplet-z-rocko-za-natakanje-adblue-adapter-klasik-ali-easy-vrtljiv\/#primaryimage"},"image":{"@id":"https:\/\/ibcparts.eu\/izdelek\/komplet-z-rocko-za-natakanje-adblue-adapter-klasik-ali-easy-vrtljiv\/#primaryimage"},"thumbnailUrl":"https:\/\/ibcparts.eu\/wp-content\/uploads\/2022\/01\/30.jpg","datePublished":"2022-01-14T02:23:29+00:00","dateModified":"2026-01-13T13:20:52+00:00","description":"Komplet z ro\u010dko (nozzle) za natakanje AdBlue za IBC cisterno S60x6. Vklju\u010duje adapter KLASIK ali EASY (vrtljiv) za \u010disto in enostavno to\u010denje.","breadcrumb":{"@id":"https:\/\/ibcparts.eu\/izdelek\/komplet-z-rocko-za-natakanje-adblue-adapter-klasik-ali-easy-vrtljiv\/#breadcrumb"},"inLanguage":"hu-HU","potentialAction":[{"@type":"ReadAction","target":["https:\/\/ibcparts.eu\/izdelek\/komplet-z-rocko-za-natakanje-adblue-adapter-klasik-ali-easy-vrtljiv\/"]}]},{"@type":"ImageObject","inLanguage":"hu-HU","@id":"https:\/\/ibcparts.eu\/izdelek\/komplet-z-rocko-za-natakanje-adblue-adapter-klasik-ali-easy-vrtljiv\/#primaryimage","url":"https:\/\/ibcparts.eu\/wp-content\/uploads\/2022\/01\/30.jpg","contentUrl":"https:\/\/ibcparts.eu\/wp-content\/uploads\/2022\/01\/30.jpg","width":590,"height":590,"caption":"Komplet z ro\u010dko za natakanje AdBlue + adapter KLASIK ali EASY (vrtljiv)"},{"@type":"BreadcrumbList","@id":"https:\/\/ibcparts.eu\/izdelek\/komplet-z-rocko-za-natakanje-adblue-adapter-klasik-ali-easy-vrtljiv\/#breadcrumb","itemListElement":[{"@type":"ListItem","position":1,"name":"Home","item":"https:\/\/ibcparts.eu\/"},{"@type":"ListItem","position":2,"name":"Nakupujte","item":"https:\/\/ibcparts.eu\/nakupujte\/"},{"@type":"ListItem","position":3,"name":"Komplet z ro\u010dko za natakanje AdBlue + adapter KLASIK ali EASY (vrtljiv)"}]},{"@type":"WebSite","@id":"https:\/\/ibcparts.eu\/#website","url":"https:\/\/ibcparts.eu\/","name":"IBCparts.eu","description":"","publisher":{"@id":"https:\/\/ibcparts.eu\/#organization"},"potentialAction":[{"@type":"SearchAction","target":{"@type":"EntryPoint","urlTemplate":"https:\/\/ibcparts.eu\/?s={search_term_string}"},"query-input":{"@type":"PropertyValueSpecification","valueRequired":true,"valueName":"search_term_string"}}],"inLanguage":"hu-HU"},{"@type":"Organization","@id":"https:\/\/ibcparts.eu\/#organization","name":"IBCparts","url":"https:\/\/ibcparts.eu\/","logo":{"@type":"ImageObject","inLanguage":"hu-HU","@id":"https:\/\/ibcparts.eu\/#\/schema\/logo\/image\/","url":"https:\/\/ibcparts.eu\/wp-content\/uploads\/2021\/10\/Footer-Logo.png","contentUrl":"https:\/\/ibcparts.eu\/wp-content\/uploads\/2021\/10\/Footer-Logo.png","width":1992,"height":772,"caption":"IBCparts"},"image":{"@id":"https:\/\/ibcparts.eu\/#\/schema\/logo\/image\/"}}]}},"_links":{"self":[{"href":"https:\/\/ibcparts.eu\/hu\/wp-json\/wp\/v2\/product\/12105","targetHints":{"allow":["GET"]}}],"collection":[{"href":"https:\/\/ibcparts.eu\/hu\/wp-json\/wp\/v2\/product"}],"about":[{"href":"https:\/\/ibcparts.eu\/hu\/wp-json\/wp\/v2\/types\/product"}],"version-history":[{"count":2,"href":"https:\/\/ibcparts.eu\/hu\/wp-json\/wp\/v2\/product\/12105\/revisions"}],"predecessor-version":[{"id":20211,"href":"https:\/\/ibcparts.eu\/hu\/wp-json\/wp\/v2\/product\/12105\/revisions\/20211"}],"wp:featuredmedia":[{"embeddable":true,"href":"https:\/\/ibcparts.eu\/hu\/wp-json\/wp\/v2\/media\/12483"}],"wp:attachment":[{"href":"https:\/\/ibcparts.eu\/hu\/wp-json\/wp\/v2\/media?parent=12105"}],"wp:term":[{"taxonomy":"product_brand","embeddable":true,"href":"https:\/\/ibcparts.eu\/hu\/wp-json\/wp\/v2\/product_brand?post=12105"},{"taxonomy":"product_cat","embeddable":true,"href":"https:\/\/ibcparts.eu\/hu\/wp-json\/wp\/v2\/product_cat?post=12105"},{"taxonomy":"product_tag","embeddable":true,"href":"https:\/\/ibcparts.eu\/hu\/wp-json\/wp\/v2\/product_tag?post=12105"}],"curies":[{"name":"wp","href":"https:\/\/api.w.org\/{rel}","templated":true}]}}