{"id":9048,"date":"2021-12-30T08:29:39","date_gmt":"2021-12-30T07:29:39","guid":{"rendered":"https:\/\/ibcparts.eu\/?page_id=9048"},"modified":"2026-01-15T07:58:12","modified_gmt":"2026-01-15T06:58:12","slug":"o-nas","status":"publish","type":"page","link":"https:\/\/ibcparts.eu\/hu\/rolunk\/","title":{"rendered":"R\u00d3LUNK"},"content":{"rendered":"<div data-elementor-type=\"wp-page\" data-elementor-id=\"9048\" class=\"elementor elementor-9048\" data-elementor-post-type=\"page\">\n\t\t\t\t\t\t<section class=\"wd-negative-gap elementor-section elementor-top-section elementor-element elementor-element-3ae0840 elementor-section-boxed elementor-section-height-default elementor-section-height-default\" data-id=\"3ae0840\" data-element_type=\"section\" data-e-type=\"section\">\n\t\t\t\t\t\t<div class=\"elementor-container elementor-column-gap-default\">\n\t\t\t\t\t<div class=\"elementor-column elementor-col-100 elementor-top-column elementor-element elementor-element-096489c\" data-id=\"096489c\" data-element_type=\"column\" data-e-type=\"column\">\n\t\t\t<div class=\"elementor-widget-wrap elementor-element-populated\">\n\t\t\t\t\t\t<div class=\"elementor-element elementor-element-e44645a elementor-widget elementor-widget-image\" data-id=\"e44645a\" data-element_type=\"widget\" data-e-type=\"widget\" data-widget_type=\"image.default\">\n\t\t\t\t<div class=\"elementor-widget-container\">\n\t\t\t\t\t\t\t\t\t\t\t\t\t\t\t<img decoding=\"async\" width=\"300\" height=\"228\" src=\"https:\/\/ibcparts.eu\/wp-content\/uploads\/2022\/01\/DUO-for-the-bottom-of-home-page-300x228.png\" class=\"attachment-medium size-medium wp-image-12263\" alt=\"DUO a kezd\u0151lap alj\u00e1ra\" srcset=\"https:\/\/ibcparts.eu\/wp-content\/uploads\/2022\/01\/DUO-for-the-bottom-of-home-page-300x228.png 300w, https:\/\/ibcparts.eu\/wp-content\/uploads\/2022\/01\/DUO-for-the-bottom-of-home-page-150x114.png 150w, https:\/\/ibcparts.eu\/wp-content\/uploads\/2022\/01\/DUO-for-the-bottom-of-home-page-16x12.png 16w, https:\/\/ibcparts.eu\/wp-content\/uploads\/2022\/01\/DUO-for-the-bottom-of-home-page.png 591w\" sizes=\"(max-width: 300px) 100vw, 300px\" \/>\t\t\t\t\t\t\t\t\t\t\t\t\t\t\t<\/div>\n\t\t\t\t<\/div>\n\t\t\t\t<div class=\"elementor-element elementor-element-04e7d50 color-scheme-inherit text-left elementor-widget elementor-widget-text-editor\" data-id=\"04e7d50\" data-element_type=\"widget\" data-e-type=\"widget\" data-widget_type=\"text-editor.default\">\n\t\t\t\t<div class=\"elementor-widget-container\">\n\t\t\t\t\t\t\t\t\t<p data-start=\"330\" data-end=\"345\">Hell\u00f3,<\/p><p data-start=\"347\" data-end=\"368\" class=\" translation-block\">A nevem <strong>Luka<\/strong>.<\/p><p data-start=\"370\" data-end=\"516\" class=\" translation-block\">Az <strong>IBCparts.eu<\/strong> k\u00edn\u00e1lat\u00e1hoz vezet\u0151 \u00fat \u00e9vekkel ezel\u0151tt kezd\u0151d\u00f6tt, amikor mogyor\u00f3\u00fcltetv\u00e9nyemen megb\u00edzhat\u00f3 megold\u00e1sokat kerestem az <strong>IBC tart\u00e1lyok<\/strong> haszn\u00e1lat\u00e1hoz.<\/p><p data-start=\"518\" data-end=\"731\" class=\" translation-block\">Az akkori piaci megold\u00e1sok t\u00f6bbnyire gyeng\u00e9k \u00e9s nagyon dr\u00e1g\u00e1k voltak.<br>A megfelel\u0151 lehet\u0151s\u00e9gek hi\u00e1nya arra \u00f6szt\u00f6nz\u00f6tt, hogy olyan term\u00e9keket kezdjek keresni \u2013 \u00e9s fejleszteni is \u2013, amelyek val\u00f3ban megk\u00f6nny\u00edtik az IBC tart\u00e1lyok haszn\u00e1lat\u00e1t.<\/p><p data-start=\"749\" data-end=\"809\">Id\u0151vel megszerettem ezt a munk\u00e1t, \u00e9s folytattam.<\/p><p data-start=\"811\" data-end=\"1040\" class=\" translation-block\">A <strong>IBCparts.eu<\/strong> v\u00e1llalatn\u00e1l ma b\u00fcszk\u00e9k vagyunk arra, hogy folyamatosan feszegetj\u00fck az IBC tart\u00e1lyok haszn\u00e1lat\u00e1nak hat\u00e1rait. Az innov\u00e1ci\u00f3 ir\u00e1nti elk\u00f6telezetts\u00e9g\u00fcnknek k\u00f6sz\u00f6nhet\u0151en olyan term\u00e9keket fejlesztett\u00fcnk, amelyek nemcsak rendk\u00edv\u00fcl funkcion\u00e1lisak, hanem kiv\u00e9telesen tart\u00f3sak is.<\/p><p data-start=\"1042\" data-end=\"1242\" class=\" translation-block\">A folyamatos tesztel\u00e9s, a term\u00e9kek fejleszt\u00e9se, valamint a egyre jobb \u00e9s megb\u00edzhat\u00f3bb besz\u00e1ll\u00edt\u00f3k keres\u00e9se ma <strong>kiv\u00e1l\u00f3 min\u0151s\u00e9g\u0171, bev\u00e1lt \u00e9s megfizethet\u0151 megold\u00e1sokban<\/strong> t\u00fckr\u00f6z\u0151dik, amelyeket rendszeresen b\u0151v\u00edt\u00fcnk.<\/p><p data-start=\"1260\" data-end=\"1332\" class=\" translation-block\">Filoz\u00f3fi\u00e1nk egyik alapelve a <strong>megfizethet\u0151 min\u0151s\u00e9g<\/strong>.<\/p><p data-start=\"1334\" data-end=\"1592\">Meggy\u0151z\u0151d\u00e9s\u00fcnk, hogy mindenkinek hozz\u00e1 kell f\u00e9rnie a kiv\u00e1l\u00f3 min\u0151s\u00e9g\u0171 IBC tartoz\u00e9kokhoz \u2013 felesleges k\u00f6lts\u00e9gek n\u00e9lk\u00fcl. Ez\u00e9rt term\u00e9keinket versenyk\u00e9pes \u00e1ron k\u00edn\u00e1ljuk, hogy a lehet\u0151 legsz\u00e9lesebb felhaszn\u00e1l\u00f3i k\u00f6r sz\u00e1m\u00e1ra el\u00e9rhet\u0151k legyenek, mind kerti, mind ipari felhaszn\u00e1l\u00e1sra.<\/p><p data-start=\"1594\" data-end=\"1661\"><strong data-start=\"1594\" data-end=\"1661\">Nem k\u00edn\u00e1lunk nem ellen\u0151rz\u00f6tt vagy alacsonyabb min\u0151s\u00e9g\u0171 term\u00e9keket.<\/strong><\/p><p data-start=\"1679\" data-end=\"1904\" class=\" translation-block\">Tiszt\u00e1ban vagyunk vele, hogy az \u00d6n ideje \u00e9rt\u00e9kes, ez\u00e9rt term\u00e9keink t\u00f6bbs\u00e9ge m\u00e1r <strong>\u00f6sszeszerelve<\/strong> \u00e9rhet\u0151 el.<br>Bonyolult telep\u00edt\u00e9s n\u00e9lk\u00fcl \u2013 kieg\u00e9sz\u00edt\u0151inkkel az IBC tart\u00e1lyokat azonnal haszn\u00e1latba veheti, pontosan \u00fagy, ahogyan elk\u00e9pzelte.<\/p><p data-start=\"1922\" data-end=\"2154\" class=\" translation-block\">Legyen sz\u00f3 <strong>kert\u00e9szked\u00e9s ir\u00e1nt rajong\u00f3r\u00f3l<\/strong>, aki a kerti munk\u00e1t \u00e9lvezett\u00e9 szeretn\u00e9 tenni, vagy <strong>ipari szakemberr\u0151l<\/strong>, aki megb\u00edzhat\u00f3 megold\u00e1sokat keres a folyad\u00e9kkezel\u00e9shez \u2013 itt vagyunk, hogy seg\u00edts\u00fcnk megval\u00f3s\u00edtani projektjeit.<\/p><p data-start=\"2156\" data-end=\"2210\">\u00d6r\u00f6mmel fogadunk minden \u00faj \u00f6tletet, megold\u00e1st \u00e9s minden kih\u00edv\u00e1st is.<\/p><p data-start=\"2228\" data-end=\"2326\" class=\" translation-block\">Hiszem, hogy n\u00e1lunk megtal\u00e1lja azt, amit keres.<br><strong>Az \u00d6n el\u00e9gedetts\u00e9ge a legnagyobb jutalmunk.<\/strong><\/p><p data-start=\"2328\" data-end=\"2351\">\u00dcdv\u00f6zlettel<\/p>\t\t\t\t\t\t\t\t<\/div>\n\t\t\t\t<\/div>\n\t\t\t\t\t<\/div>\n\t\t<\/div>\n\t\t\t\t\t<\/div>\n\t\t<\/section>\n\t\t<div class=\"wd-negative-gap elementor-element elementor-element-689ec7b e-flex e-con-boxed e-con e-parent\" data-id=\"689ec7b\" data-element_type=\"container\" data-e-type=\"container\">\n\t\t\t\t\t<div class=\"e-con-inner\">\n\t\t\t\t<div class=\"elementor-element elementor-element-db9f447 elementor-widget__width-initial elementor-widget elementor-widget-image\" data-id=\"db9f447\" data-element_type=\"widget\" data-e-type=\"widget\" data-widget_type=\"image.default\">\n\t\t\t\t<div class=\"elementor-widget-container\">\n\t\t\t\t\t\t\t\t\t\t\t\t\t\t\t<img decoding=\"async\" width=\"113\" height=\"150\" src=\"https:\/\/ibcparts.eu\/wp-content\/uploads\/2026\/01\/kranjec-luka-1-113x150.jpg\" class=\"attachment-thumbnail size-thumbnail wp-image-20315\" alt=\"\" srcset=\"https:\/\/ibcparts.eu\/wp-content\/uploads\/2026\/01\/kranjec-luka-1-113x150.jpg 113w, https:\/\/ibcparts.eu\/wp-content\/uploads\/2026\/01\/kranjec-luka-1-225x300.jpg 225w, https:\/\/ibcparts.eu\/wp-content\/uploads\/2026\/01\/kranjec-luka-1-9x12.jpg 9w, https:\/\/ibcparts.eu\/wp-content\/uploads\/2026\/01\/kranjec-luka-1-150x200.jpg 150w, https:\/\/ibcparts.eu\/wp-content\/uploads\/2026\/01\/kranjec-luka-1.jpg 375w\" sizes=\"(max-width: 113px) 100vw, 113px\" \/>\t\t\t\t\t\t\t\t\t\t\t\t\t\t\t<\/div>\n\t\t\t\t<\/div>\n\t\t\t\t\t<\/div>\n\t\t\t\t<\/div>\n\t\t<div class=\"wd-negative-gap elementor-element elementor-element-787a55a e-flex e-con-boxed e-con e-parent\" data-id=\"787a55a\" data-element_type=\"container\" data-e-type=\"container\">\n\t\t\t\t\t<div class=\"e-con-inner\">\n\t\t\t\t<div class=\"elementor-element elementor-element-55d9329 elementor-widget elementor-widget-wd_text_block\" data-id=\"55d9329\" data-element_type=\"widget\" data-e-type=\"widget\" data-widget_type=\"wd_text_block.default\">\n\t\t\t\t<div class=\"elementor-widget-container\">\n\t\t\t\t\t\t\t<div class=\"wd-text-block reset-last-child text-left\">\n\t\t\t\n\t\t\t<p><strong data-start=\"232\" data-end=\"248\">Luka Kranjec<\/strong><br data-start=\"248\" data-end=\"251\" \/><em data-start=\"251\" data-end=\"280\">Fejleszt\u00e9s \u00e9s az IBCparts.eu m\u00f6g\u00f6tti \u00f6tlet<\/em><\/p>\n\t\t\t\t\t<\/div>\n\t\t\t\t\t\t<\/div>\n\t\t\t\t<\/div>\n\t\t\t\t\t<\/div>\n\t\t\t\t<\/div>\n\t\t<div class=\"wd-negative-gap elementor-element elementor-element-4e45d33 e-flex e-con-boxed e-con e-parent\" data-id=\"4e45d33\" data-element_type=\"container\" data-e-type=\"container\">\n\t\t\t\t\t<div class=\"e-con-inner\">\n\t\t\t\t<div class=\"elementor-element elementor-element-8d0f662 elementor-widget-divider--view-line elementor-widget elementor-widget-divider\" data-id=\"8d0f662\" data-element_type=\"widget\" data-e-type=\"widget\" data-widget_type=\"divider.default\">\n\t\t\t\t<div class=\"elementor-widget-container\">\n\t\t\t\t\t\t\t<div class=\"elementor-divider\">\n\t\t\t<span class=\"elementor-divider-separator\">\n\t\t\t\t\t\t<\/span>\n\t\t<\/div>\n\t\t\t\t\t\t<\/div>\n\t\t\t\t<\/div>\n\t\t\t\t\t<\/div>\n\t\t\t\t<\/div>\n\t\t<div class=\"wd-negative-gap elementor-element elementor-element-1e1e322 e-flex e-con-boxed e-con e-parent\" data-id=\"1e1e322\" data-element_type=\"container\" data-e-type=\"container\">\n\t\t\t\t\t<div class=\"e-con-inner\">\n\t\t\t\t<div class=\"elementor-element elementor-element-29ddbf2 elementor-widget elementor-widget-wd_text_block\" data-id=\"29ddbf2\" data-element_type=\"widget\" data-e-type=\"widget\" data-widget_type=\"wd_text_block.default\">\n\t\t\t\t<div class=\"elementor-widget-container\">\n\t\t\t\t\t\t\t<div class=\"wd-text-block reset-last-child text-left\">\n\t\t\t\n\t\t\t<p data-start=\"261\" data-end=\"283\"><strong data-start=\"261\" data-end=\"283\">C\u00c9GADATOK<\/strong><\/p><p data-start=\"285\" data-end=\"349\"><strong data-start=\"285\" data-end=\"309\">Karmen Mihel\u010di\u010d s.p.<\/strong><br data-start=\"309\" data-end=\"312\" \/>Kra\u0161ce 9<br data-start=\"320\" data-end=\"323\" \/>1251 Morav\u010de<br data-start=\"335\" data-end=\"338\" \/>Szlov\u00e9nia<\/p><p data-start=\"351\" data-end=\"373\">\ud83d\udcde <strong data-start=\"354\" data-end=\"373\">+386 40 416 632<\/strong><\/p>\n\t\t\t\t\t<\/div>\n\t\t\t\t\t\t<\/div>\n\t\t\t\t<\/div>\n\t\t\t\t\t<\/div>\n\t\t\t\t<\/div>\n\t\t\t\t<\/div>","protected":false},"excerpt":{"rendered":"<p>Pozdravljeni, moje ime je Luka. Pot do ponudbe na IBCparts.eu se je za\u010dela pred leti, ko sem v svojem sadovnjaku<\/p>","protected":false},"author":1,"featured_media":0,"parent":0,"menu_order":0,"comment_status":"closed","ping_status":"closed","template":"elementor_header_footer","meta":{"footnotes":""},"class_list":["post-9048","page","type-page","status-publish","hentry"],"yoast_head":"<!-- This site is optimized with the Yoast SEO plugin v27.1.1 - https:\/\/yoast.com\/product\/yoast-seo-wordpress\/ -->\n<title>O NAS | IBCparts.eu<\/title>\n<meta name=\"description\" content=\"IBCparts.eu \u2013 kakovostni in preverjeni dodatki za IBC cisterne. Inovativne, vzdr\u017eljive in cenovno dostopne re\u0161itve za vrt in industrijo.\" \/>\n<meta name=\"robots\" content=\"index, follow, max-snippet:-1, max-image-preview:large, max-video-preview:-1\" \/>\n<link rel=\"canonical\" href=\"https:\/\/ibcparts.eu\/hu\/rolunk\/\" \/>\n<meta property=\"og:locale\" content=\"hu_HU\" \/>\n<meta property=\"og:type\" content=\"article\" \/>\n<meta property=\"og:title\" content=\"O NAS | IBCparts.eu\" \/>\n<meta property=\"og:description\" content=\"IBCparts.eu \u2013 kakovostni in preverjeni dodatki za IBC cisterne. Inovativne, vzdr\u017eljive in cenovno dostopne re\u0161itve za vrt in industrijo.\" \/>\n<meta property=\"og:url\" content=\"https:\/\/ibcparts.eu\/hu\/rolunk\/\" \/>\n<meta property=\"og:site_name\" content=\"IBCparts.eu\" \/>\n<meta property=\"article:modified_time\" content=\"2026-01-15T06:58:12+00:00\" \/>\n<meta property=\"og:image\" content=\"https:\/\/ibcparts.eu\/wp-content\/uploads\/2022\/01\/DUO-for-the-bottom-of-home-page-300x228.png\" \/>\n<meta name=\"twitter:card\" content=\"summary_large_image\" \/>\n<meta name=\"twitter:label1\" content=\"Becs\u00fclt olvas\u00e1si id\u0151\" \/>\n\t<meta name=\"twitter:data1\" content=\"1 perc\" \/>\n<script type=\"application\/ld+json\" class=\"yoast-schema-graph\">{\"@context\":\"https:\/\/schema.org\",\"@graph\":[{\"@type\":\"WebPage\",\"@id\":\"https:\/\/ibcparts.eu\/o-nas\/\",\"url\":\"https:\/\/ibcparts.eu\/o-nas\/\",\"name\":\"O NAS | IBCparts.eu\",\"isPartOf\":{\"@id\":\"https:\/\/ibcparts.eu\/#website\"},\"primaryImageOfPage\":{\"@id\":\"https:\/\/ibcparts.eu\/o-nas\/#primaryimage\"},\"image\":{\"@id\":\"https:\/\/ibcparts.eu\/o-nas\/#primaryimage\"},\"thumbnailUrl\":\"https:\/\/ibcparts.eu\/wp-content\/uploads\/2022\/01\/DUO-for-the-bottom-of-home-page-300x228.png\",\"datePublished\":\"2021-12-30T07:29:39+00:00\",\"dateModified\":\"2026-01-15T06:58:12+00:00\",\"description\":\"IBCparts.eu \u2013 kakovostni in preverjeni dodatki za IBC cisterne. Inovativne, vzdr\u017eljive in cenovno dostopne re\u0161itve za vrt in industrijo.\",\"breadcrumb\":{\"@id\":\"https:\/\/ibcparts.eu\/o-nas\/#breadcrumb\"},\"inLanguage\":\"hu\",\"potentialAction\":[{\"@type\":\"ReadAction\",\"target\":[\"https:\/\/ibcparts.eu\/o-nas\/\"]}]},{\"@type\":\"ImageObject\",\"inLanguage\":\"hu\",\"@id\":\"https:\/\/ibcparts.eu\/o-nas\/#primaryimage\",\"url\":\"https:\/\/ibcparts.eu\/wp-content\/uploads\/2022\/01\/DUO-for-the-bottom-of-home-page-300x228.png\",\"contentUrl\":\"https:\/\/ibcparts.eu\/wp-content\/uploads\/2022\/01\/DUO-for-the-bottom-of-home-page-300x228.png\"},{\"@type\":\"BreadcrumbList\",\"@id\":\"https:\/\/ibcparts.eu\/o-nas\/#breadcrumb\",\"itemListElement\":[{\"@type\":\"ListItem\",\"position\":1,\"name\":\"Home\",\"item\":\"https:\/\/ibcparts.eu\/\"},{\"@type\":\"ListItem\",\"position\":2,\"name\":\"O NAS\"}]},{\"@type\":\"WebSite\",\"@id\":\"https:\/\/ibcparts.eu\/#website\",\"url\":\"https:\/\/ibcparts.eu\/\",\"name\":\"IBCparts.eu\",\"description\":\"\",\"publisher\":{\"@id\":\"https:\/\/ibcparts.eu\/#organization\"},\"potentialAction\":[{\"@type\":\"SearchAction\",\"target\":{\"@type\":\"EntryPoint\",\"urlTemplate\":\"https:\/\/ibcparts.eu\/?s={search_term_string}\"},\"query-input\":{\"@type\":\"PropertyValueSpecification\",\"valueRequired\":true,\"valueName\":\"search_term_string\"}}],\"inLanguage\":\"hu\"},{\"@type\":\"Organization\",\"@id\":\"https:\/\/ibcparts.eu\/#organization\",\"name\":\"IBCparts\",\"url\":\"https:\/\/ibcparts.eu\/\",\"logo\":{\"@type\":\"ImageObject\",\"inLanguage\":\"hu\",\"@id\":\"https:\/\/ibcparts.eu\/#\/schema\/logo\/image\/\",\"url\":\"https:\/\/ibcparts.eu\/wp-content\/uploads\/2021\/10\/Footer-Logo.png\",\"contentUrl\":\"https:\/\/ibcparts.eu\/wp-content\/uploads\/2021\/10\/Footer-Logo.png\",\"width\":1992,\"height\":772,\"caption\":\"IBCparts\"},\"image\":{\"@id\":\"https:\/\/ibcparts.eu\/#\/schema\/logo\/image\/\"}}]}<\/script>\n<!-- \/ Yoast SEO plugin. -->","yoast_head_json":{"title":"A NAS-r\u00f3l | IBCparts.eu","description":"IBCparts.eu \u2013 kakovostni in preverjeni dodatki za IBC cisterne. Inovativne, vzdr\u017eljive in cenovno dostopne re\u0161itve za vrt in industrijo.","robots":{"index":"index","follow":"follow","max-snippet":"max-snippet:-1","max-image-preview":"max-image-preview:large","max-video-preview":"max-video-preview:-1"},"canonical":"https:\/\/ibcparts.eu\/hu\/rolunk\/","og_locale":"hu_HU","og_type":"article","og_title":"O NAS | IBCparts.eu","og_description":"IBCparts.eu \u2013 kakovostni in preverjeni dodatki za IBC cisterne. Inovativne, vzdr\u017eljive in cenovno dostopne re\u0161itve za vrt in industrijo.","og_url":"https:\/\/ibcparts.eu\/hu\/rolunk\/","og_site_name":"IBCparts.eu","article_modified_time":"2026-01-15T06:58:12+00:00","og_image":[{"url":"https:\/\/ibcparts.eu\/wp-content\/uploads\/2022\/01\/DUO-for-the-bottom-of-home-page-300x228.png","type":"","width":"","height":""}],"twitter_card":"summary_large_image","twitter_misc":{"Becs\u00fclt olvas\u00e1si id\u0151":"1 perc"},"schema":{"@context":"https:\/\/schema.org","@graph":[{"@type":"WebPage","@id":"https:\/\/ibcparts.eu\/o-nas\/","url":"https:\/\/ibcparts.eu\/o-nas\/","name":"A NAS-r\u00f3l | IBCparts.eu","isPartOf":{"@id":"https:\/\/ibcparts.eu\/#website"},"primaryImageOfPage":{"@id":"https:\/\/ibcparts.eu\/o-nas\/#primaryimage"},"image":{"@id":"https:\/\/ibcparts.eu\/o-nas\/#primaryimage"},"thumbnailUrl":"https:\/\/ibcparts.eu\/wp-content\/uploads\/2022\/01\/DUO-for-the-bottom-of-home-page-300x228.png","datePublished":"2021-12-30T07:29:39+00:00","dateModified":"2026-01-15T06:58:12+00:00","description":"IBCparts.eu \u2013 kakovostni in preverjeni dodatki za IBC cisterne. Inovativne, vzdr\u017eljive in cenovno dostopne re\u0161itve za vrt in industrijo.","breadcrumb":{"@id":"https:\/\/ibcparts.eu\/o-nas\/#breadcrumb"},"inLanguage":"hu","potentialAction":[{"@type":"ReadAction","target":["https:\/\/ibcparts.eu\/o-nas\/"]}]},{"@type":"ImageObject","inLanguage":"hu","@id":"https:\/\/ibcparts.eu\/o-nas\/#primaryimage","url":"https:\/\/ibcparts.eu\/wp-content\/uploads\/2022\/01\/DUO-for-the-bottom-of-home-page-300x228.png","contentUrl":"https:\/\/ibcparts.eu\/wp-content\/uploads\/2022\/01\/DUO-for-the-bottom-of-home-page-300x228.png"},{"@type":"BreadcrumbList","@id":"https:\/\/ibcparts.eu\/o-nas\/#breadcrumb","itemListElement":[{"@type":"ListItem","position":1,"name":"Home","item":"https:\/\/ibcparts.eu\/"},{"@type":"ListItem","position":2,"name":"O NAS"}]},{"@type":"WebSite","@id":"https:\/\/ibcparts.eu\/#website","url":"https:\/\/ibcparts.eu\/","name":"IBCparts.eu","description":"","publisher":{"@id":"https:\/\/ibcparts.eu\/#organization"},"potentialAction":[{"@type":"SearchAction","target":{"@type":"EntryPoint","urlTemplate":"https:\/\/ibcparts.eu\/?s={search_term_string}"},"query-input":{"@type":"PropertyValueSpecification","valueRequired":true,"valueName":"search_term_string"}}],"inLanguage":"hu"},{"@type":"Organization","@id":"https:\/\/ibcparts.eu\/#organization","name":"IBCparts","url":"https:\/\/ibcparts.eu\/","logo":{"@type":"ImageObject","inLanguage":"hu","@id":"https:\/\/ibcparts.eu\/#\/schema\/logo\/image\/","url":"https:\/\/ibcparts.eu\/wp-content\/uploads\/2021\/10\/Footer-Logo.png","contentUrl":"https:\/\/ibcparts.eu\/wp-content\/uploads\/2021\/10\/Footer-Logo.png","width":1992,"height":772,"caption":"IBCparts"},"image":{"@id":"https:\/\/ibcparts.eu\/#\/schema\/logo\/image\/"}}]}},"_links":{"self":[{"href":"https:\/\/ibcparts.eu\/hu\/wp-json\/wp\/v2\/pages\/9048","targetHints":{"allow":["GET"]}}],"collection":[{"href":"https:\/\/ibcparts.eu\/hu\/wp-json\/wp\/v2\/pages"}],"about":[{"href":"https:\/\/ibcparts.eu\/hu\/wp-json\/wp\/v2\/types\/page"}],"author":[{"embeddable":true,"href":"https:\/\/ibcparts.eu\/hu\/wp-json\/wp\/v2\/users\/1"}],"replies":[{"embeddable":true,"href":"https:\/\/ibcparts.eu\/hu\/wp-json\/wp\/v2\/comments?post=9048"}],"version-history":[{"count":6,"href":"https:\/\/ibcparts.eu\/hu\/wp-json\/wp\/v2\/pages\/9048\/revisions"}],"predecessor-version":[{"id":20318,"href":"https:\/\/ibcparts.eu\/hu\/wp-json\/wp\/v2\/pages\/9048\/revisions\/20318"}],"wp:attachment":[{"href":"https:\/\/ibcparts.eu\/hu\/wp-json\/wp\/v2\/media?parent=9048"}],"curies":[{"name":"wp","href":"https:\/\/api.w.org\/{rel}","templated":true}]}}