{"id":8495,"date":"2021-12-16T12:28:12","date_gmt":"2021-12-16T11:28:12","guid":{"rendered":"https:\/\/ibcparts.eu\/?page_id=8495"},"modified":"2026-05-06T12:01:59","modified_gmt":"2026-05-06T11:01:59","slug":"placilo-odprema-in-dostava","status":"publish","type":"page","link":"https:\/\/ibcparts.eu\/hu\/fizetes-szallitas-es-kiszallitas\/","title":{"rendered":"Fizet\u00e9s, k\u00fcld\u00e9s \u00e9s sz\u00e1ll\u00edt\u00e1s."},"content":{"rendered":"<div data-elementor-type=\"wp-page\" data-elementor-id=\"8495\" class=\"elementor elementor-8495\" data-elementor-post-type=\"page\">\n\t\t\t\t\t\t<section class=\"wd-negative-gap elementor-section elementor-top-section elementor-element elementor-element-6b572c06 elementor-section-boxed elementor-section-height-default elementor-section-height-default\" data-id=\"6b572c06\" data-element_type=\"section\" data-e-type=\"section\">\n\t\t\t\t\t\t<div class=\"elementor-container elementor-column-gap-default\">\n\t\t\t\t\t<div class=\"elementor-column elementor-col-100 elementor-top-column elementor-element elementor-element-227d11ca\" data-id=\"227d11ca\" data-element_type=\"column\" data-e-type=\"column\">\n\t\t\t<div class=\"elementor-widget-wrap elementor-element-populated\">\n\t\t\t\t\t\t<div class=\"elementor-element elementor-element-a694d8e elementor-position-left elementor-vertical-align-top elementor-widget elementor-widget-image-box\" data-id=\"a694d8e\" data-element_type=\"widget\" data-e-type=\"widget\" data-widget_type=\"image-box.default\">\n\t\t\t\t<div class=\"elementor-widget-container\">\n\t\t\t\t\t<div class=\"elementor-image-box-wrapper\"><figure class=\"elementor-image-box-img\"><img decoding=\"async\" width=\"34\" height=\"17\" src=\"https:\/\/ibcparts.eu\/wp-content\/uploads\/2022\/01\/to-do-even-mor2e.jpg\" class=\"attachment-thumbnail size-thumbnail wp-image-12554\" alt=\"hogy m\u00e9g t\u00f6bbet tegy\u00fcnk\" srcset=\"https:\/\/ibcparts.eu\/wp-content\/uploads\/2022\/01\/to-do-even-mor2e.jpg 34w, https:\/\/ibcparts.eu\/wp-content\/uploads\/2022\/01\/to-do-even-mor2e-18x9.jpg 18w\" sizes=\"(max-width: 34px) 100vw, 34px\" \/><\/figure><div class=\"elementor-image-box-content\"><h3 class=\"elementor-image-box-title\">SZLOV\u00c9NIA<\/h3><p class=\"elementor-image-box-description\">Mindent megtesz\u00fcnk, hogy a csomagokat a lehet\u0151 leghamarabb feladjuk. A sz\u00e1ll\u00edt\u00e1si id\u0151 minden csomag eset\u00e9ben a fizet\u00e9st\u0151l sz\u00e1m\u00edtott 5 munkanap is lehet, k\u00fcl\u00f6n\u00f6sen a f\u0151szezonban (m\u00e1rcius-augusztus). <br>Igyeksz\u00fcnk a sz\u00e1ll\u00edt\u00e1si id\u0151t a lehet\u0151 legr\u00f6videbbre cs\u00f6kkenteni. A 3 munkanap m\u00e9g ebben az id\u0151szakban is re\u00e1lis.<br><br>GLS <b>4,99\u20ac.<\/b><br>El\u0151zetes egyeztet\u00e9s alapj\u00e1n a rakt\u00e1rban ingyenes, \u00e9rint\u00e9s n\u00e9lk\u00fcli \u00e1tv\u00e9tel is lehets\u00e9ges.\n<br><br>\nMEGRENDEL\u00c9S \u00c9S FIZET\u00c9S<br>\nA term\u00e9keket online \u0171rlapon, e-mailben vagy telefonon kereszt\u00fcl rendelheti meg. Ha nem vessz\u00fck fel a telefont, visszah\u00edvjuk \u00d6nt.<br>A fizet\u00e9s t\u00f6rt\u00e9nhet banki \u00e1tutal\u00e1ssal (a megrendel\u00e9s be\u00e9rkez\u00e9se ut\u00e1n k\u00fcld\u00fcnk \u00d6nnek egy (el\u0151)sz\u00e1ml\u00e1t a fizet\u00e9sr\u0151l), illetve<br>ut\u00e1nv\u00e9tellel (v\u00e1lts\u00e1gd\u00edjjal), k\u00e9szp\u00e9nzzel vagy k\u00e1rty\u00e1val fizet a fut\u00e1rnak.<br><br>Az IBCparts.eu minim\u00e1lis rendel\u00e9si \u00f6sszege 15 \u20ac (postak\u00f6lts\u00e9g n\u00e9lk\u00fcl). 15 \u20ac alatti rendel\u00e9s eset\u00e9n 5 \u20ac kezel\u00e9si k\u00f6lts\u00e9get kell felsz\u00e1m\u00edtanunk.\n\nMinden \u00e1r \u20ac-ban \u00e9rtend\u0151, \u00e9s nem tartalmazza az \u00c1FA-t.\nMi nem vagyunk \u00e1fa-k\u00f6telesek.<span style=\"color: var(--wd-title-color);font-family: var(--wd-title-font);font-size: 22px;font-style: normal;font-weight: var(--wd-title-font-weight)\"><\/span><\/p><\/div><\/div>\t\t\t\t<\/div>\n\t\t\t\t<\/div>\n\t\t\t\t<div class=\"elementor-element elementor-element-01f9810 elementor-position-left elementor-vertical-align-top elementor-widget elementor-widget-image-box\" data-id=\"01f9810\" data-element_type=\"widget\" data-e-type=\"widget\" data-widget_type=\"image-box.default\">\n\t\t\t\t<div class=\"elementor-widget-container\">\n\t\t\t\t\t<div class=\"elementor-image-box-wrapper\"><figure class=\"elementor-image-box-img\"><img decoding=\"async\" width=\"150\" height=\"100\" src=\"https:\/\/ibcparts.eu\/wp-content\/uploads\/2022\/01\/to-do-even-more-150x100.jpg\" class=\"attachment-thumbnail size-thumbnail wp-image-12556\" alt=\"hogy m\u00e9g t\u00f6bbet tegyen\" srcset=\"https:\/\/ibcparts.eu\/wp-content\/uploads\/2022\/01\/to-do-even-more-150x100.jpg 150w, https:\/\/ibcparts.eu\/wp-content\/uploads\/2022\/01\/to-do-even-more-18x12.jpg 18w, https:\/\/ibcparts.eu\/wp-content\/uploads\/2022\/01\/to-do-even-more.jpg 254w\" sizes=\"(max-width: 150px) 100vw, 150px\" \/><\/figure><div class=\"elementor-image-box-content\"><h3 class=\"elementor-image-box-title\">EU-ORSZ\u00c1GOK<\/h3><p class=\"elementor-image-box-description\"><b>Horv\u00e1torsz\u00e1g:<\/b> GLS <b>6,99\u20ac; <\/b>ut\u00e1nv\u00e9tellel (k\u00e9szp\u00e9nzben t\u00f6rt\u00e9n\u0151 \u00e1tv\u00e9tel).<br><br><span style=\"font-style: normal;font-weight: 700;font-family: Lato, Arial, Helvetica, sans-serif;font-size: 14px\">Magyarorsz\u00e1g, <\/span><span style=\"font-style: normal;font-weight: 700;font-family: Lato, Arial, Helvetica, sans-serif;font-size: 14px\">Lengyelorsz\u00e1g, Cseh K\u00f6zt\u00e1rsas\u00e1g, Szlov\u00e1kia,<\/span><span style=\"font-style: normal;font-weight: 700;font-family: Lato, Arial, Helvetica, sans-serif;font-size: 14px\"> <\/span><span style=\"font-family: Lato, Arial, Helvetica, sans-serif;font-size: 14px;font-style: normal;font-weight: 400\">: 8,99\u20ac; <\/span><span style=\"font-family: Lato, Arial, Helvetica, sans-serif;font-size: 14px;font-style: normal;font-weight: 400\">ut\u00e1nv\u00e9tellel (k\u00e9szp\u00e9nzben t\u00f6rt\u00e9n\u0151 \u00e1tv\u00e9tel).<\/span><br><br><b>Ausztria, N\u00e9metorsz\u00e1g, Luxemburg, Hollandia, Belgium<\/b><span style=\"font-style: normal;font-weight: 700;font-family: Lato, Arial, Helvetica, sans-serif;font-size: 14px\"> <\/span>: 9,99\u20ac; el\u0151legsz\u00e1mla.<br><br><b>Olaszorsz\u00e1g, D\u00e1nia<\/b>: <span style=\"font-family: Lato, Arial, Helvetica, sans-serif;font-size: 14px;font-style: normal;font-weight: 400\">19,90\u20ac.<\/span><br><br><b>Franciaorsz\u00e1g, Litv\u00e1nia, <span style=\"font-family: Lato, Arial, Helvetica, sans-serif;font-size: 14px;font-style: normal\">Romunija, Bulgarija, \u0160panija, \u0160vedska, Estonija, Latvija, Finska, Srbija<\/span><\/b>: 25<span style=\"font-family: Lato, Arial, Helvetica, sans-serif;font-size: 14px;font-style: normal;font-weight: 400\">,90\u20ac<\/span><span style=\"font-family: Lato, Arial, Helvetica, sans-serif;font-size: 14px;font-style: normal;font-weight: 400\">; becsl\u00e9s.<\/span><br><br><b>Portug\u00e1lia, Sv\u00e1jc, G\u00f6r\u00f6gorsz\u00e1g, \u00cdrorsz\u00e1g, T\u00f6r\u00f6korsz\u00e1g<\/b>: 29,90\u20ac<span style=\"font-family: Lato, Arial, Helvetica, sans-serif;font-size: 14px;font-style: normal;font-weight: 400\">; becsl\u00e9s.<\/span><br>\nAz \u00e1rak eur\u00f3ban \u00e9rtend\u0151k \u00e9s nem tartalmazz\u00e1k az \u00c1FA-t. C\u00e9g\u00fcnk nem \u00c1FA-k\u00f6teles.<br><\/p><\/div><\/div>\t\t\t\t<\/div>\n\t\t\t\t<\/div>\n\t\t\t\t<div class=\"elementor-element elementor-element-3600264 elementor-position-left elementor-vertical-align-top elementor-widget elementor-widget-image-box\" data-id=\"3600264\" data-element_type=\"widget\" data-e-type=\"widget\" data-widget_type=\"image-box.default\">\n\t\t\t\t<div class=\"elementor-widget-container\">\n\t\t\t\t\t<div class=\"elementor-image-box-wrapper\"><figure class=\"elementor-image-box-img\"><img decoding=\"async\" width=\"150\" height=\"79\" src=\"https:\/\/ibcparts.eu\/wp-content\/uploads\/2023\/09\/usa-150x79.png\" class=\"attachment-thumbnail size-thumbnail wp-image-15752\" alt=\"\" srcset=\"https:\/\/ibcparts.eu\/wp-content\/uploads\/2023\/09\/usa-150x79.png 150w, https:\/\/ibcparts.eu\/wp-content\/uploads\/2023\/09\/usa-300x158.png 300w, https:\/\/ibcparts.eu\/wp-content\/uploads\/2023\/09\/usa-18x9.png 18w, https:\/\/ibcparts.eu\/wp-content\/uploads\/2023\/09\/usa.png 310w\" sizes=\"(max-width: 150px) 100vw, 150px\" \/><\/figure><div class=\"elementor-image-box-content\"><h3 class=\"elementor-image-box-title\">AMERIKAI EGYES\u00dcLT \u00c1LLAMOK \u00e9s KANADA <\/h3><p class=\"elementor-image-box-description\">Postak\u00f6lts\u00e9g az Egyes\u00fclt \u00c1llamokba \u00e9s Kanad\u00e1ba: 49,00\u20ac.<br><br>K\u00e9rj\u00fck, vegye figyelembe, hogy az USA-ban \u00e9s Kanad\u00e1ban a szerelv\u00e9nyek \u00e9s csatlakoz\u00f3k szabv\u00e1nyos menete az NPT, nem pedig a BSP - tov\u00e1bbi inform\u00e1ci\u00f3k\u00e9rt l\u00e1sd az IBC INFO lapot.<\/p><\/div><\/div>\t\t\t\t<\/div>\n\t\t\t\t<\/div>\n\t\t\t\t\t<\/div>\n\t\t<\/div>\n\t\t\t\t\t<\/div>\n\t\t<\/section>\n\t\t\t\t<section class=\"wd-negative-gap elementor-section elementor-top-section elementor-element elementor-element-778163e elementor-section-boxed elementor-section-height-default elementor-section-height-default\" data-id=\"778163e\" data-element_type=\"section\" data-e-type=\"section\" data-settings=\"{&quot;background_background&quot;:&quot;classic&quot;}\">\n\t\t\t\t\t\t<div class=\"elementor-container elementor-column-gap-default\">\n\t\t\t\t\t<div class=\"elementor-column elementor-col-100 elementor-top-column elementor-element elementor-element-ac8481c\" data-id=\"ac8481c\" data-element_type=\"column\" data-e-type=\"column\">\n\t\t\t<div class=\"elementor-widget-wrap elementor-element-populated\">\n\t\t\t\t\t\t<div class=\"elementor-element elementor-element-4ec29bb elementor-position-top elementor-widget elementor-widget-image-box\" data-id=\"4ec29bb\" data-element_type=\"widget\" data-e-type=\"widget\" data-widget_type=\"image-box.default\">\n\t\t\t\t<div class=\"elementor-widget-container\">\n\t\t\t\t\t<div class=\"elementor-image-box-wrapper\"><figure class=\"elementor-image-box-img\"><img decoding=\"async\" width=\"86\" height=\"106\" src=\"https:\/\/ibcparts.eu\/wp-content\/uploads\/2017\/06\/anketa.png\" class=\"attachment-full size-full wp-image-12080\" alt=\"felm\u00e9r\u00e9s\" srcset=\"https:\/\/ibcparts.eu\/wp-content\/uploads\/2017\/06\/anketa.png 86w, https:\/\/ibcparts.eu\/wp-content\/uploads\/2017\/06\/anketa-10x12.png 10w\" sizes=\"(max-width: 86px) 100vw, 86px\" \/><\/figure><div class=\"elementor-image-box-content\"><p class=\"elementor-image-box-description\">Felm\u00e9r\u00e9s\u00fcnk eredm\u00e9nyei azt mutatj\u00e1k, hogy \u00d6n rendk\u00edv\u00fcl el\u00e9gedett az aj\u00e1nlattal \u00e9s a szolg\u00e1ltat\u00e1ssal!<br>K\u00f6sz\u00f6n\u00f6m!<\/p><\/div><\/div>\t\t\t\t<\/div>\n\t\t\t\t<\/div>\n\t\t\t\t\t<\/div>\n\t\t<\/div>\n\t\t\t\t\t<\/div>\n\t\t<\/section>\n\t\t\t\t<\/div>","protected":false},"excerpt":{"rendered":"<p>SZLOV\u00c9NIA Mindent megtesz\u00fcnk, hogy a csomagokat a lehet\u0151 leghamarabb feladjuk. A sz\u00e1ll\u00edt\u00e1si id\u0151 minden csomag eset\u00e9ben a kifizet\u00e9st\u0151l sz\u00e1m\u00edtott 5 munkanapig terjedhet.<\/p>","protected":false},"author":1,"featured_media":0,"parent":0,"menu_order":0,"comment_status":"closed","ping_status":"closed","template":"elementor_header_footer","meta":{"footnotes":""},"class_list":["post-8495","page","type-page","status-publish","hentry"],"yoast_head":"<!-- This site is optimized with the Yoast SEO plugin v27.1.1 - https:\/\/yoast.com\/product\/yoast-seo-wordpress\/ -->\n<title>Pla\u010dilo, odprema in dostava. | IBCparts.eu<\/title>\n<meta name=\"description\" content=\"Pakete odpremimo \u0161e isti ali naslednji delovni dan po pla\u010dilu (pred)ra\u010duna ali po dogovoru! EXPRESNO \u2013 \u010de nas pokli\u010dete\" \/>\n<meta name=\"robots\" content=\"index, follow, max-snippet:-1, max-image-preview:large, max-video-preview:-1\" \/>\n<link rel=\"canonical\" href=\"https:\/\/ibcparts.eu\/hu\/fizetes-szallitas-es-kiszallitas\/\" \/>\n<meta property=\"og:locale\" content=\"hu_HU\" \/>\n<meta property=\"og:type\" content=\"article\" \/>\n<meta property=\"og:title\" content=\"Pla\u010dilo, odprema in dostava. | IBCparts.eu\" \/>\n<meta property=\"og:description\" content=\"Pakete odpremimo \u0161e isti ali naslednji delovni dan po pla\u010dilu (pred)ra\u010duna ali po dogovoru! EXPRESNO \u2013 \u010de nas pokli\u010dete\" \/>\n<meta property=\"og:url\" content=\"https:\/\/ibcparts.eu\/hu\/fizetes-szallitas-es-kiszallitas\/\" \/>\n<meta property=\"og:site_name\" content=\"IBCparts.eu\" \/>\n<meta property=\"article:modified_time\" content=\"2026-05-06T11:01:59+00:00\" \/>\n<meta property=\"og:image\" content=\"https:\/\/ibcparts.eu\/wp-content\/uploads\/2022\/01\/to-do-even-mor2e.jpg\" \/>\n\t<meta property=\"og:image:width\" content=\"34\" \/>\n\t<meta property=\"og:image:height\" content=\"17\" \/>\n\t<meta property=\"og:image:type\" content=\"image\/jpeg\" \/>\n<meta name=\"twitter:card\" content=\"summary_large_image\" \/>\n<meta name=\"twitter:label1\" content=\"Becs\u00fclt olvas\u00e1si id\u0151\" \/>\n\t<meta name=\"twitter:data1\" content=\"2 perc\" \/>\n<script type=\"application\/ld+json\" class=\"yoast-schema-graph\">{\"@context\":\"https:\/\/schema.org\",\"@graph\":[{\"@type\":\"WebPage\",\"@id\":\"https:\/\/ibcparts.eu\/placilo-odprema-in-dostava\/\",\"url\":\"https:\/\/ibcparts.eu\/placilo-odprema-in-dostava\/\",\"name\":\"Pla\u010dilo, odprema in dostava. | IBCparts.eu\",\"isPartOf\":{\"@id\":\"https:\/\/ibcparts.eu\/#website\"},\"primaryImageOfPage\":{\"@id\":\"https:\/\/ibcparts.eu\/placilo-odprema-in-dostava\/#primaryimage\"},\"image\":{\"@id\":\"https:\/\/ibcparts.eu\/placilo-odprema-in-dostava\/#primaryimage\"},\"thumbnailUrl\":\"https:\/\/ibcparts.eu\/wp-content\/uploads\/2022\/01\/to-do-even-mor2e.jpg\",\"datePublished\":\"2021-12-16T11:28:12+00:00\",\"dateModified\":\"2026-05-06T11:01:59+00:00\",\"description\":\"Pakete odpremimo \u0161e isti ali naslednji delovni dan po pla\u010dilu (pred)ra\u010duna ali po dogovoru! EXPRESNO \u2013 \u010de nas pokli\u010dete\",\"breadcrumb\":{\"@id\":\"https:\/\/ibcparts.eu\/placilo-odprema-in-dostava\/#breadcrumb\"},\"inLanguage\":\"hu\",\"potentialAction\":[{\"@type\":\"ReadAction\",\"target\":[\"https:\/\/ibcparts.eu\/placilo-odprema-in-dostava\/\"]}]},{\"@type\":\"ImageObject\",\"inLanguage\":\"hu\",\"@id\":\"https:\/\/ibcparts.eu\/placilo-odprema-in-dostava\/#primaryimage\",\"url\":\"https:\/\/ibcparts.eu\/wp-content\/uploads\/2022\/01\/to-do-even-mor2e.jpg\",\"contentUrl\":\"https:\/\/ibcparts.eu\/wp-content\/uploads\/2022\/01\/to-do-even-mor2e.jpg\"},{\"@type\":\"BreadcrumbList\",\"@id\":\"https:\/\/ibcparts.eu\/placilo-odprema-in-dostava\/#breadcrumb\",\"itemListElement\":[{\"@type\":\"ListItem\",\"position\":1,\"name\":\"Home\",\"item\":\"https:\/\/ibcparts.eu\/\"},{\"@type\":\"ListItem\",\"position\":2,\"name\":\"Pla\u010dilo, odprema in dostava.\"}]},{\"@type\":\"WebSite\",\"@id\":\"https:\/\/ibcparts.eu\/#website\",\"url\":\"https:\/\/ibcparts.eu\/\",\"name\":\"IBCparts.eu\",\"description\":\"\",\"publisher\":{\"@id\":\"https:\/\/ibcparts.eu\/#organization\"},\"potentialAction\":[{\"@type\":\"SearchAction\",\"target\":{\"@type\":\"EntryPoint\",\"urlTemplate\":\"https:\/\/ibcparts.eu\/?s={search_term_string}\"},\"query-input\":{\"@type\":\"PropertyValueSpecification\",\"valueRequired\":true,\"valueName\":\"search_term_string\"}}],\"inLanguage\":\"hu\"},{\"@type\":\"Organization\",\"@id\":\"https:\/\/ibcparts.eu\/#organization\",\"name\":\"IBCparts\",\"url\":\"https:\/\/ibcparts.eu\/\",\"logo\":{\"@type\":\"ImageObject\",\"inLanguage\":\"hu\",\"@id\":\"https:\/\/ibcparts.eu\/#\/schema\/logo\/image\/\",\"url\":\"https:\/\/ibcparts.eu\/wp-content\/uploads\/2021\/10\/Footer-Logo.png\",\"contentUrl\":\"https:\/\/ibcparts.eu\/wp-content\/uploads\/2021\/10\/Footer-Logo.png\",\"width\":1992,\"height\":772,\"caption\":\"IBCparts\"},\"image\":{\"@id\":\"https:\/\/ibcparts.eu\/#\/schema\/logo\/image\/\"}}]}<\/script>\n<!-- \/ Yoast SEO plugin. -->","yoast_head_json":{"title":"Fizet\u00e9s, sz\u00e1ll\u00edt\u00e1s \u00e9s sz\u00e1ll\u00edt\u00e1s | IBCparts.eu","description":"A csomagokat az (el\u0151)sz\u00e1mla kiegyenl\u00edt\u00e9s\u00e9t k\u00f6vet\u0151en vagy megegyez\u00e9s szerint ugyanazon vagy a k\u00f6vetkez\u0151 munkanapon feladjuk! EXPRESS - ha felh\u00edv minket","robots":{"index":"index","follow":"follow","max-snippet":"max-snippet:-1","max-image-preview":"max-image-preview:large","max-video-preview":"max-video-preview:-1"},"canonical":"https:\/\/ibcparts.eu\/hu\/fizetes-szallitas-es-kiszallitas\/","og_locale":"hu_HU","og_type":"article","og_title":"Pla\u010dilo, odprema in dostava. | IBCparts.eu","og_description":"Pakete odpremimo \u0161e isti ali naslednji delovni dan po pla\u010dilu (pred)ra\u010duna ali po dogovoru! EXPRESNO \u2013 \u010de nas pokli\u010dete","og_url":"https:\/\/ibcparts.eu\/hu\/fizetes-szallitas-es-kiszallitas\/","og_site_name":"IBCparts.eu","article_modified_time":"2026-05-06T11:01:59+00:00","og_image":[{"width":34,"height":17,"url":"https:\/\/ibcparts.eu\/wp-content\/uploads\/2022\/01\/to-do-even-mor2e.jpg","type":"image\/jpeg"}],"twitter_card":"summary_large_image","twitter_misc":{"Becs\u00fclt olvas\u00e1si id\u0151":"2 perc"},"schema":{"@context":"https:\/\/schema.org","@graph":[{"@type":"WebPage","@id":"https:\/\/ibcparts.eu\/placilo-odprema-in-dostava\/","url":"https:\/\/ibcparts.eu\/placilo-odprema-in-dostava\/","name":"Fizet\u00e9s, sz\u00e1ll\u00edt\u00e1s \u00e9s sz\u00e1ll\u00edt\u00e1s | IBCparts.eu","isPartOf":{"@id":"https:\/\/ibcparts.eu\/#website"},"primaryImageOfPage":{"@id":"https:\/\/ibcparts.eu\/placilo-odprema-in-dostava\/#primaryimage"},"image":{"@id":"https:\/\/ibcparts.eu\/placilo-odprema-in-dostava\/#primaryimage"},"thumbnailUrl":"https:\/\/ibcparts.eu\/wp-content\/uploads\/2022\/01\/to-do-even-mor2e.jpg","datePublished":"2021-12-16T11:28:12+00:00","dateModified":"2026-05-06T11:01:59+00:00","description":"A csomagokat az (el\u0151)sz\u00e1mla kiegyenl\u00edt\u00e9s\u00e9t k\u00f6vet\u0151en vagy megegyez\u00e9s szerint ugyanazon vagy a k\u00f6vetkez\u0151 munkanapon feladjuk! EXPRESS - ha felh\u00edv minket","breadcrumb":{"@id":"https:\/\/ibcparts.eu\/placilo-odprema-in-dostava\/#breadcrumb"},"inLanguage":"hu","potentialAction":[{"@type":"ReadAction","target":["https:\/\/ibcparts.eu\/placilo-odprema-in-dostava\/"]}]},{"@type":"ImageObject","inLanguage":"hu","@id":"https:\/\/ibcparts.eu\/placilo-odprema-in-dostava\/#primaryimage","url":"https:\/\/ibcparts.eu\/wp-content\/uploads\/2022\/01\/to-do-even-mor2e.jpg","contentUrl":"https:\/\/ibcparts.eu\/wp-content\/uploads\/2022\/01\/to-do-even-mor2e.jpg"},{"@type":"BreadcrumbList","@id":"https:\/\/ibcparts.eu\/placilo-odprema-in-dostava\/#breadcrumb","itemListElement":[{"@type":"ListItem","position":1,"name":"Home","item":"https:\/\/ibcparts.eu\/"},{"@type":"ListItem","position":2,"name":"Pla\u010dilo, odprema in dostava."}]},{"@type":"WebSite","@id":"https:\/\/ibcparts.eu\/#website","url":"https:\/\/ibcparts.eu\/","name":"IBCparts.eu","description":"","publisher":{"@id":"https:\/\/ibcparts.eu\/#organization"},"potentialAction":[{"@type":"SearchAction","target":{"@type":"EntryPoint","urlTemplate":"https:\/\/ibcparts.eu\/?s={search_term_string}"},"query-input":{"@type":"PropertyValueSpecification","valueRequired":true,"valueName":"search_term_string"}}],"inLanguage":"hu"},{"@type":"Organization","@id":"https:\/\/ibcparts.eu\/#organization","name":"IBCparts","url":"https:\/\/ibcparts.eu\/","logo":{"@type":"ImageObject","inLanguage":"hu","@id":"https:\/\/ibcparts.eu\/#\/schema\/logo\/image\/","url":"https:\/\/ibcparts.eu\/wp-content\/uploads\/2021\/10\/Footer-Logo.png","contentUrl":"https:\/\/ibcparts.eu\/wp-content\/uploads\/2021\/10\/Footer-Logo.png","width":1992,"height":772,"caption":"IBCparts"},"image":{"@id":"https:\/\/ibcparts.eu\/#\/schema\/logo\/image\/"}}]}},"_links":{"self":[{"href":"https:\/\/ibcparts.eu\/hu\/wp-json\/wp\/v2\/pages\/8495","targetHints":{"allow":["GET"]}}],"collection":[{"href":"https:\/\/ibcparts.eu\/hu\/wp-json\/wp\/v2\/pages"}],"about":[{"href":"https:\/\/ibcparts.eu\/hu\/wp-json\/wp\/v2\/types\/page"}],"author":[{"embeddable":true,"href":"https:\/\/ibcparts.eu\/hu\/wp-json\/wp\/v2\/users\/1"}],"replies":[{"embeddable":true,"href":"https:\/\/ibcparts.eu\/hu\/wp-json\/wp\/v2\/comments?post=8495"}],"version-history":[{"count":3,"href":"https:\/\/ibcparts.eu\/hu\/wp-json\/wp\/v2\/pages\/8495\/revisions"}],"predecessor-version":[{"id":21092,"href":"https:\/\/ibcparts.eu\/hu\/wp-json\/wp\/v2\/pages\/8495\/revisions\/21092"}],"wp:attachment":[{"href":"https:\/\/ibcparts.eu\/hu\/wp-json\/wp\/v2\/media?parent=8495"}],"curies":[{"name":"wp","href":"https:\/\/api.w.org\/{rel}","templated":true}]}}