{"id":8196,"date":"2021-12-11T13:26:27","date_gmt":"2021-12-11T12:26:27","guid":{"rendered":"https:\/\/ibcparts.eu\/?post_type=product&#038;p=8196"},"modified":"2025-12-28T15:54:51","modified_gmt":"2025-12-28T14:54:51","slug":"quick-joint-skozniki","status":"publish","type":"product","link":"https:\/\/ibcparts.eu\/hr\/proizvod\/quick-joint-skozniki\/","title":{"rendered":"Brzi zajedni\u010dke \u0441\u043a\u043e\u0437\u043d\u0438\u043a\u0438"},"content":{"rendered":"<div data-elementor-type=\"product-post\" data-elementor-id=\"8196\" class=\"elementor elementor-8196\" data-elementor-post-type=\"product\">\n\t\t\t\t\t\t<section class=\"wd-negative-gap elementor-section elementor-top-section elementor-element elementor-element-c6184e2 elementor-section-boxed elementor-section-height-default elementor-section-height-default\" data-id=\"c6184e2\" data-element_type=\"section\" data-e-type=\"section\">\n\t\t\t\t\t\t<div class=\"elementor-container elementor-column-gap-default\">\n\t\t\t\t\t<div class=\"elementor-column elementor-col-100 elementor-top-column elementor-element elementor-element-9e287ed\" data-id=\"9e287ed\" data-element_type=\"column\" data-e-type=\"column\">\n\t\t\t<div class=\"elementor-widget-wrap elementor-element-populated\">\n\t\t\t\t\t\t<div class=\"elementor-element elementor-element-bd9d661 elementor-widget elementor-widget-video\" data-id=\"bd9d661\" data-element_type=\"widget\" data-e-type=\"widget\" data-settings=\"{&quot;youtube_url&quot;:&quot;https:\\\/\\\/youtu.be\\\/UBwn2sVudR4&quot;,&quot;video_type&quot;:&quot;youtube&quot;,&quot;controls&quot;:&quot;yes&quot;}\" data-widget_type=\"video.default\">\n\t\t\t\t<div class=\"elementor-widget-container\">\n\t\t\t\t\t\t\t<div class=\"elementor-wrapper elementor-open-inline\">\n\t\t\t<div class=\"elementor-video\"><\/div>\t\t<\/div>\n\t\t\t\t\t\t<\/div>\n\t\t\t\t<\/div>\n\t\t\t\t\t<\/div>\n\t\t<\/div>\n\t\t\t\t\t<\/div>\n\t\t<\/section>\n\t\t\t\t<\/div>","protected":false},"excerpt":{"rendered":"<p><span style=\"font-size: large;\"><strong>Informacije o artiklu:<\/strong><\/span><\/p>\n<p>Odli\u010den, patentiran skoznik, dodaten izhod, pu\u0161a z navojem.<\/p>\n<p>Izvrtate luknjo z ustreznim premerom, vstavite in privija\u010dite.<br \/>\n<strong>Vse opravite Z ZUNANJE STRANI.<\/strong><br \/>\nHitro in enostavno. Ima\u00a0<strong>zunanji in notranji navoj.<\/strong><\/p>\n<p><strong>Materijal\u00a0<\/strong>plastika<br \/>\n<strong>Boja\u00a0<\/strong>\u010drna<br \/>\n<strong>Brtva<\/strong>\u00a0EPDM guma.<\/p>\n<p>Izvrsno brtvljenje i odli\u010dna izdr\u017eljivost!<\/p>\n<p><strong>Opcije:\u00a0<\/strong>(Zunanji x notranji navoj)<\/p>\n<ul>\n<li><strong>3\/4&#8243; x 1\/2&#8243;<\/strong><\/li>\n<li><strong>1 1\/4&#8243; x 1&#8243;<\/strong><\/li>\n<li><strong>1&#8243;x 3\/4&#8243;<\/strong><\/li>\n<li><strong>2&#8243; x 1 1\/2&#8243;<\/strong><\/li>\n<\/ul>","protected":false},"featured_media":8197,"template":"","meta":[],"product_brand":[],"product_cat":[178],"product_tag":[454,509],"class_list":{"0":"post-8196","1":"product","2":"type-product","3":"status-publish","4":"has-post-thumbnail","6":"product_cat-skozniki","7":"product_tag-quick-joint-skoznik-za-zalogovnik","8":"product_tag-skoznik","10":"first","11":"instock","12":"shipping-taxable","13":"purchasable","14":"product-type-variable"},"yoast_head":"<!-- This site is optimized with the Yoast SEO plugin v27.1.1 - https:\/\/yoast.com\/product\/yoast-seo-wordpress\/ -->\n<title>Quick Joint skozniki | IBCparts.eu<\/title>\n<meta name=\"description\" content=\"Odli\u010den, patentiran skoznik, dodaten izhod, pu\u0161a z navojem.Izvrtate luknjo z ustreznim premerom, vstavite in privija\u010dite.Vse opravite Z ZUNANJE STRANI.\" \/>\n<meta name=\"robots\" content=\"index, follow, max-snippet:-1, max-image-preview:large, max-video-preview:-1\" \/>\n<link rel=\"canonical\" href=\"https:\/\/ibcparts.eu\/hr\/proizvod\/quick-joint-skozniki\/\" \/>\n<meta property=\"og:locale\" content=\"hr_HR\" \/>\n<meta property=\"og:type\" content=\"article\" \/>\n<meta property=\"og:title\" content=\"Quick Joint skozniki | IBCparts.eu\" \/>\n<meta property=\"og:description\" content=\"Odli\u010den, patentiran skoznik, dodaten izhod, pu\u0161a z navojem.Izvrtate luknjo z ustreznim premerom, vstavite in privija\u010dite.Vse opravite Z ZUNANJE STRANI.\" \/>\n<meta property=\"og:url\" content=\"https:\/\/ibcparts.eu\/hr\/proizvod\/quick-joint-skozniki\/\" \/>\n<meta property=\"og:site_name\" content=\"IBCparts.eu\" \/>\n<meta property=\"article:modified_time\" content=\"2025-12-28T14:54:51+00:00\" \/>\n<meta property=\"og:image\" content=\"https:\/\/ibcparts.eu\/wp-content\/uploads\/2021\/12\/qj4_orig.jpg\" \/>\n\t<meta property=\"og:image:width\" content=\"590\" \/>\n\t<meta property=\"og:image:height\" content=\"590\" \/>\n\t<meta property=\"og:image:type\" content=\"image\/jpeg\" \/>\n<meta name=\"twitter:card\" content=\"summary_large_image\" \/>\n<script type=\"application\/ld+json\" class=\"yoast-schema-graph\">{\"@context\":\"https:\/\/schema.org\",\"@graph\":[{\"@type\":\"WebPage\",\"@id\":\"https:\/\/ibcparts.eu\/izdelek\/quick-joint-skozniki\/\",\"url\":\"https:\/\/ibcparts.eu\/izdelek\/quick-joint-skozniki\/\",\"name\":\"Quick Joint skozniki | IBCparts.eu\",\"isPartOf\":{\"@id\":\"https:\/\/ibcparts.eu\/#website\"},\"primaryImageOfPage\":{\"@id\":\"https:\/\/ibcparts.eu\/izdelek\/quick-joint-skozniki\/#primaryimage\"},\"image\":{\"@id\":\"https:\/\/ibcparts.eu\/izdelek\/quick-joint-skozniki\/#primaryimage\"},\"thumbnailUrl\":\"https:\/\/ibcparts.eu\/wp-content\/uploads\/2021\/12\/qj4_orig.jpg\",\"datePublished\":\"2021-12-11T12:26:27+00:00\",\"dateModified\":\"2025-12-28T14:54:51+00:00\",\"description\":\"Odli\u010den, patentiran skoznik, dodaten izhod, pu\u0161a z navojem.Izvrtate luknjo z ustreznim premerom, vstavite in privija\u010dite.Vse opravite Z ZUNANJE STRANI.\",\"breadcrumb\":{\"@id\":\"https:\/\/ibcparts.eu\/izdelek\/quick-joint-skozniki\/#breadcrumb\"},\"inLanguage\":\"hr\",\"potentialAction\":[{\"@type\":\"ReadAction\",\"target\":[\"https:\/\/ibcparts.eu\/izdelek\/quick-joint-skozniki\/\"]}]},{\"@type\":\"ImageObject\",\"inLanguage\":\"hr\",\"@id\":\"https:\/\/ibcparts.eu\/izdelek\/quick-joint-skozniki\/#primaryimage\",\"url\":\"https:\/\/ibcparts.eu\/wp-content\/uploads\/2021\/12\/qj4_orig.jpg\",\"contentUrl\":\"https:\/\/ibcparts.eu\/wp-content\/uploads\/2021\/12\/qj4_orig.jpg\",\"width\":590,\"height\":590,\"caption\":\"qj4_orig\"},{\"@type\":\"BreadcrumbList\",\"@id\":\"https:\/\/ibcparts.eu\/izdelek\/quick-joint-skozniki\/#breadcrumb\",\"itemListElement\":[{\"@type\":\"ListItem\",\"position\":1,\"name\":\"Home\",\"item\":\"https:\/\/ibcparts.eu\/\"},{\"@type\":\"ListItem\",\"position\":2,\"name\":\"Nakupujte\",\"item\":\"https:\/\/ibcparts.eu\/nakupujte\/\"},{\"@type\":\"ListItem\",\"position\":3,\"name\":\"Quick Joint skozniki\"}]},{\"@type\":\"WebSite\",\"@id\":\"https:\/\/ibcparts.eu\/#website\",\"url\":\"https:\/\/ibcparts.eu\/\",\"name\":\"IBCparts.eu\",\"description\":\"\",\"publisher\":{\"@id\":\"https:\/\/ibcparts.eu\/#organization\"},\"potentialAction\":[{\"@type\":\"SearchAction\",\"target\":{\"@type\":\"EntryPoint\",\"urlTemplate\":\"https:\/\/ibcparts.eu\/?s={search_term_string}\"},\"query-input\":{\"@type\":\"PropertyValueSpecification\",\"valueRequired\":true,\"valueName\":\"search_term_string\"}}],\"inLanguage\":\"hr\"},{\"@type\":\"Organization\",\"@id\":\"https:\/\/ibcparts.eu\/#organization\",\"name\":\"IBCparts\",\"url\":\"https:\/\/ibcparts.eu\/\",\"logo\":{\"@type\":\"ImageObject\",\"inLanguage\":\"hr\",\"@id\":\"https:\/\/ibcparts.eu\/#\/schema\/logo\/image\/\",\"url\":\"https:\/\/ibcparts.eu\/wp-content\/uploads\/2021\/10\/Footer-Logo.png\",\"contentUrl\":\"https:\/\/ibcparts.eu\/wp-content\/uploads\/2021\/10\/Footer-Logo.png\",\"width\":1992,\"height\":772,\"caption\":\"IBCparts\"},\"image\":{\"@id\":\"https:\/\/ibcparts.eu\/#\/schema\/logo\/image\/\"}}]}<\/script>\n<!-- \/ Yoast SEO plugin. -->","yoast_head_json":{"title":"Quick Joint skozniki | IBCparts.eu","description":"Odli\u010den, patentiran skoznik, dodaten izhod, pu\u0161a z navojem.Izvrtate luknjo z ustreznim premerom, vstavite in privija\u010dite.Vse opravite Z ZUNANJE STRANI.","robots":{"index":"index","follow":"follow","max-snippet":"max-snippet:-1","max-image-preview":"max-image-preview:large","max-video-preview":"max-video-preview:-1"},"canonical":"https:\/\/ibcparts.eu\/hr\/proizvod\/quick-joint-skozniki\/","og_locale":"hr_HR","og_type":"article","og_title":"Quick Joint skozniki | IBCparts.eu","og_description":"Odli\u010den, patentiran skoznik, dodaten izhod, pu\u0161a z navojem.Izvrtate luknjo z ustreznim premerom, vstavite in privija\u010dite.Vse opravite Z ZUNANJE STRANI.","og_url":"https:\/\/ibcparts.eu\/hr\/proizvod\/quick-joint-skozniki\/","og_site_name":"IBCparts.eu","article_modified_time":"2025-12-28T14:54:51+00:00","og_image":[{"width":590,"height":590,"url":"https:\/\/ibcparts.eu\/wp-content\/uploads\/2021\/12\/qj4_orig.jpg","type":"image\/jpeg"}],"twitter_card":"summary_large_image","schema":{"@context":"https:\/\/schema.org","@graph":[{"@type":"WebPage","@id":"https:\/\/ibcparts.eu\/izdelek\/quick-joint-skozniki\/","url":"https:\/\/ibcparts.eu\/izdelek\/quick-joint-skozniki\/","name":"Quick Joint skozniki | IBCparts.eu","isPartOf":{"@id":"https:\/\/ibcparts.eu\/#website"},"primaryImageOfPage":{"@id":"https:\/\/ibcparts.eu\/izdelek\/quick-joint-skozniki\/#primaryimage"},"image":{"@id":"https:\/\/ibcparts.eu\/izdelek\/quick-joint-skozniki\/#primaryimage"},"thumbnailUrl":"https:\/\/ibcparts.eu\/wp-content\/uploads\/2021\/12\/qj4_orig.jpg","datePublished":"2021-12-11T12:26:27+00:00","dateModified":"2025-12-28T14:54:51+00:00","description":"Odli\u010den, patentiran skoznik, dodaten izhod, pu\u0161a z navojem.Izvrtate luknjo z ustreznim premerom, vstavite in privija\u010dite.Vse opravite Z ZUNANJE STRANI.","breadcrumb":{"@id":"https:\/\/ibcparts.eu\/izdelek\/quick-joint-skozniki\/#breadcrumb"},"inLanguage":"hr","potentialAction":[{"@type":"ReadAction","target":["https:\/\/ibcparts.eu\/izdelek\/quick-joint-skozniki\/"]}]},{"@type":"ImageObject","inLanguage":"hr","@id":"https:\/\/ibcparts.eu\/izdelek\/quick-joint-skozniki\/#primaryimage","url":"https:\/\/ibcparts.eu\/wp-content\/uploads\/2021\/12\/qj4_orig.jpg","contentUrl":"https:\/\/ibcparts.eu\/wp-content\/uploads\/2021\/12\/qj4_orig.jpg","width":590,"height":590,"caption":"qj4_orig"},{"@type":"BreadcrumbList","@id":"https:\/\/ibcparts.eu\/izdelek\/quick-joint-skozniki\/#breadcrumb","itemListElement":[{"@type":"ListItem","position":1,"name":"Home","item":"https:\/\/ibcparts.eu\/"},{"@type":"ListItem","position":2,"name":"Nakupujte","item":"https:\/\/ibcparts.eu\/nakupujte\/"},{"@type":"ListItem","position":3,"name":"Quick Joint skozniki"}]},{"@type":"WebSite","@id":"https:\/\/ibcparts.eu\/#website","url":"https:\/\/ibcparts.eu\/","name":"IBCparts.eu","description":"","publisher":{"@id":"https:\/\/ibcparts.eu\/#organization"},"potentialAction":[{"@type":"SearchAction","target":{"@type":"EntryPoint","urlTemplate":"https:\/\/ibcparts.eu\/?s={search_term_string}"},"query-input":{"@type":"PropertyValueSpecification","valueRequired":true,"valueName":"search_term_string"}}],"inLanguage":"hr"},{"@type":"Organization","@id":"https:\/\/ibcparts.eu\/#organization","name":"Dijelovi IBC-a","url":"https:\/\/ibcparts.eu\/","logo":{"@type":"ImageObject","inLanguage":"hr","@id":"https:\/\/ibcparts.eu\/#\/schema\/logo\/image\/","url":"https:\/\/ibcparts.eu\/wp-content\/uploads\/2021\/10\/Footer-Logo.png","contentUrl":"https:\/\/ibcparts.eu\/wp-content\/uploads\/2021\/10\/Footer-Logo.png","width":1992,"height":772,"caption":"IBCparts"},"image":{"@id":"https:\/\/ibcparts.eu\/#\/schema\/logo\/image\/"}}]}},"_links":{"self":[{"href":"https:\/\/ibcparts.eu\/hr\/wp-json\/wp\/v2\/product\/8196","targetHints":{"allow":["GET"]}}],"collection":[{"href":"https:\/\/ibcparts.eu\/hr\/wp-json\/wp\/v2\/product"}],"about":[{"href":"https:\/\/ibcparts.eu\/hr\/wp-json\/wp\/v2\/types\/product"}],"version-history":[{"count":1,"href":"https:\/\/ibcparts.eu\/hr\/wp-json\/wp\/v2\/product\/8196\/revisions"}],"predecessor-version":[{"id":19495,"href":"https:\/\/ibcparts.eu\/hr\/wp-json\/wp\/v2\/product\/8196\/revisions\/19495"}],"wp:featuredmedia":[{"embeddable":true,"href":"https:\/\/ibcparts.eu\/hr\/wp-json\/wp\/v2\/media\/8197"}],"wp:attachment":[{"href":"https:\/\/ibcparts.eu\/hr\/wp-json\/wp\/v2\/media?parent=8196"}],"wp:term":[{"taxonomy":"product_brand","embeddable":true,"href":"https:\/\/ibcparts.eu\/hr\/wp-json\/wp\/v2\/product_brand?post=8196"},{"taxonomy":"product_cat","embeddable":true,"href":"https:\/\/ibcparts.eu\/hr\/wp-json\/wp\/v2\/product_cat?post=8196"},{"taxonomy":"product_tag","embeddable":true,"href":"https:\/\/ibcparts.eu\/hr\/wp-json\/wp\/v2\/product_tag?post=8196"}],"curies":[{"name":"wp","href":"https:\/\/api.w.org\/{rel}","templated":true}]}}