{"id":8049,"date":"2021-12-10T06:50:44","date_gmt":"2021-12-10T05:50:44","guid":{"rendered":"https:\/\/ibcparts.eu\/?post_type=product&#038;p=8049"},"modified":"2026-01-16T09:58:57","modified_gmt":"2026-01-16T08:58:57","slug":"komplet-pro-1-2-ef","status":"publish","type":"product","link":"https:\/\/ibcparts.eu\/hr\/proizvod\/komplet-pro-1-2-ef\/","title":{"rendered":"PRO 1\/2\u2033 EF komplet za IBC cisternu"},"content":{"rendered":"","protected":false},"excerpt":{"rendered":"<h2 data-start=\"197\" data-end=\"282\"><strong data-start=\"201\" data-end=\"282\">PRO 1\/2\u2033 EconomyFlow komplet \u2013 priklju\u010dna slavina za IBC cisternu (S60x6 \/ DN50)<\/strong><\/h2>\n<p data-start=\"284\" data-end=\"530\" class=\" translation-block\">Priklju\u010dna slavina za IBC cisternu s 1\/2\u2033 EconomyFlow metalnom slavinom i PRO reduktorom. Komplet je ve\u0107 sastavljen i prikladan za ve\u0107inu standardnih IBC cisterni s grubim navojem S60x6 (DN50), \u0161to je naj\u010de\u0161\u0107i tip IBC ventila.<\/p>\n<p data-start=\"532\" data-end=\"758\" class=\" translation-block\">Glavna prednost kompleta je PRO reduktor, izra\u0111en od visokokvalitetnog materijala i opremljen NB\/SB gumenom brtvom, certificiranom za kontakt s hranom, \u0161to osigurava pouzdano brtvljenje i dug vijek trajanja.<\/p>\n<p data-start=\"760\" data-end=\"1058\" class=\" translation-block\">1\/2\u2033 EconomyFlow slavina ekonomi\u010dan je izbor kada je cijena va\u017ena i nije potreban veliki protok. Unutarnji promjer slavine iznosi 8 mm, \u0161to je \u010dini prikladnom za sporo to\u010denje ili povremeno zalijevanje. Na slavinu se mo\u017ee pri\u010dvrstiti i \u201eklik\u201c nastavak za vrtno crijevo (odgovara priklju\u010dak s navojem 3\/4\u2033).<\/p>\n<p data-start=\"1060\" data-end=\"1205\" class=\" translation-block\">Na izljevu slavine ugra\u0111ena je plasti\u010dna mre\u017eica za oblikovanje mlaza, koju po potrebi mo\u017eete jednostavno ukloniti ako se u cisterni nalaze ne\u010disto\u0107e.<\/p>\n<p data-start=\"1207\" data-end=\"1229\"><strong data-start=\"1207\" data-end=\"1229\">Klju\u010dne prednosti:<\/strong><\/p>\n<ul>\n<li data-start=\"1232\" data-end=\"1269\" class=\" translation-block\">Priklju\u010dna slavina za IBC cisternu<\/li>\n<li data-start=\"1272\" data-end=\"1323\" class=\" translation-block\">Adapter sa slavinom za IBC ventil S60x6 \/ DN50<\/li>\n<li data-start=\"1326\" data-end=\"1381\" class=\" translation-block\">PRO reduktor s NB\/SB brtvom (prikladno za kontakt s hranom)<\/li>\n<li data-start=\"1384\" data-end=\"1441\" class=\" translation-block\">1\/2\u2033 EconomyFlow metalna slavina \u2013 ekonomi\u010dno rje\u0161enje<\/li>\n<\/ul>\n<p class=\" translation-block\">Ako Va\u0161a cisterna ima druga\u010diji ventil, tip ventila mo\u017eete provjeriti <a href=\"https:\/\/ibcparts.eu\/hr\/ibc-info\/\" target=\"_self\">ovdje<\/a> i zatim odabrati odgovaraju\u0107i adapter. Ako i dalje niste potpuno sigurni, molimo kontaktirajte nas.<\/p>","protected":false},"featured_media":16232,"template":"","meta":[],"product_brand":[],"product_cat":[173],"product_tag":[],"class_list":{"0":"post-8049","1":"product","2":"type-product","3":"status-publish","4":"has-post-thumbnail","6":"product_cat-kompleti-pro","8":"first","9":"instock","10":"shipping-taxable","11":"purchasable","12":"product-type-simple"},"yoast_head":"<!-- This site is optimized with the Yoast SEO plugin v27.1.1 - https:\/\/yoast.com\/product\/yoast-seo-wordpress\/ -->\n<title>Komplet PRO\u00a01\/2&quot; EF za IBC cisterno | IBCparts.eu<\/title>\n<meta name=\"description\" content=\"Adapter s pipo za IBC cisterno S60x6 (DN50) z 1\/2\u2033 EconomyFlow kovinsko pipo in Reducirjem PRO. Ekonomi\u010dna re\u0161itev za po\u010dasno to\u010denje in zalivanje.\" \/>\n<meta name=\"robots\" content=\"index, follow, max-snippet:-1, max-image-preview:large, max-video-preview:-1\" \/>\n<link rel=\"canonical\" href=\"https:\/\/ibcparts.eu\/hr\/proizvod\/komplet-pro-1-2-ef\/\" \/>\n<meta property=\"og:locale\" content=\"hr_HR\" \/>\n<meta property=\"og:type\" content=\"article\" \/>\n<meta property=\"og:title\" content=\"Komplet PRO\u00a01\/2&quot; EF za IBC cisterno | IBCparts.eu\" \/>\n<meta property=\"og:description\" content=\"Adapter s pipo za IBC cisterno S60x6 (DN50) z 1\/2\u2033 EconomyFlow kovinsko pipo in Reducirjem PRO. Ekonomi\u010dna re\u0161itev za po\u010dasno to\u010denje in zalivanje.\" \/>\n<meta property=\"og:url\" content=\"https:\/\/ibcparts.eu\/hr\/proizvod\/komplet-pro-1-2-ef\/\" \/>\n<meta property=\"og:site_name\" content=\"IBCparts.eu\" \/>\n<meta property=\"article:modified_time\" content=\"2026-01-16T08:58:57+00:00\" \/>\n<meta property=\"og:image\" content=\"https:\/\/ibcparts.eu\/wp-content\/uploads\/2021\/12\/komplet-pro-12-ef.png\" \/>\n\t<meta property=\"og:image:width\" content=\"500\" \/>\n\t<meta property=\"og:image:height\" content=\"500\" \/>\n\t<meta property=\"og:image:type\" content=\"image\/png\" \/>\n<meta name=\"twitter:card\" content=\"summary_large_image\" \/>\n<script type=\"application\/ld+json\" class=\"yoast-schema-graph\">{\"@context\":\"https:\/\/schema.org\",\"@graph\":[{\"@type\":\"WebPage\",\"@id\":\"https:\/\/ibcparts.eu\/izdelek\/komplet-pro-1-2-ef\/\",\"url\":\"https:\/\/ibcparts.eu\/izdelek\/komplet-pro-1-2-ef\/\",\"name\":\"Komplet PRO\u00a01\/2\\\" EF za IBC cisterno | IBCparts.eu\",\"isPartOf\":{\"@id\":\"https:\/\/ibcparts.eu\/#website\"},\"primaryImageOfPage\":{\"@id\":\"https:\/\/ibcparts.eu\/izdelek\/komplet-pro-1-2-ef\/#primaryimage\"},\"image\":{\"@id\":\"https:\/\/ibcparts.eu\/izdelek\/komplet-pro-1-2-ef\/#primaryimage\"},\"thumbnailUrl\":\"https:\/\/ibcparts.eu\/wp-content\/uploads\/2021\/12\/komplet-pro-12-ef.png\",\"datePublished\":\"2021-12-10T05:50:44+00:00\",\"dateModified\":\"2026-01-16T08:58:57+00:00\",\"description\":\"Adapter s pipo za IBC cisterno S60x6 (DN50) z 1\/2\u2033 EconomyFlow kovinsko pipo in Reducirjem PRO. Ekonomi\u010dna re\u0161itev za po\u010dasno to\u010denje in zalivanje.\",\"breadcrumb\":{\"@id\":\"https:\/\/ibcparts.eu\/izdelek\/komplet-pro-1-2-ef\/#breadcrumb\"},\"inLanguage\":\"hr\",\"potentialAction\":[{\"@type\":\"ReadAction\",\"target\":[\"https:\/\/ibcparts.eu\/izdelek\/komplet-pro-1-2-ef\/\"]}]},{\"@type\":\"ImageObject\",\"inLanguage\":\"hr\",\"@id\":\"https:\/\/ibcparts.eu\/izdelek\/komplet-pro-1-2-ef\/#primaryimage\",\"url\":\"https:\/\/ibcparts.eu\/wp-content\/uploads\/2021\/12\/komplet-pro-12-ef.png\",\"contentUrl\":\"https:\/\/ibcparts.eu\/wp-content\/uploads\/2021\/12\/komplet-pro-12-ef.png\",\"width\":500,\"height\":500},{\"@type\":\"BreadcrumbList\",\"@id\":\"https:\/\/ibcparts.eu\/izdelek\/komplet-pro-1-2-ef\/#breadcrumb\",\"itemListElement\":[{\"@type\":\"ListItem\",\"position\":1,\"name\":\"Home\",\"item\":\"https:\/\/ibcparts.eu\/\"},{\"@type\":\"ListItem\",\"position\":2,\"name\":\"Nakupujte\",\"item\":\"https:\/\/ibcparts.eu\/nakupujte\/\"},{\"@type\":\"ListItem\",\"position\":3,\"name\":\"Komplet PRO\u00a01\/2&#8243; EF za IBC cisterno\"}]},{\"@type\":\"WebSite\",\"@id\":\"https:\/\/ibcparts.eu\/#website\",\"url\":\"https:\/\/ibcparts.eu\/\",\"name\":\"IBCparts.eu\",\"description\":\"\",\"publisher\":{\"@id\":\"https:\/\/ibcparts.eu\/#organization\"},\"potentialAction\":[{\"@type\":\"SearchAction\",\"target\":{\"@type\":\"EntryPoint\",\"urlTemplate\":\"https:\/\/ibcparts.eu\/?s={search_term_string}\"},\"query-input\":{\"@type\":\"PropertyValueSpecification\",\"valueRequired\":true,\"valueName\":\"search_term_string\"}}],\"inLanguage\":\"hr\"},{\"@type\":\"Organization\",\"@id\":\"https:\/\/ibcparts.eu\/#organization\",\"name\":\"IBCparts\",\"url\":\"https:\/\/ibcparts.eu\/\",\"logo\":{\"@type\":\"ImageObject\",\"inLanguage\":\"hr\",\"@id\":\"https:\/\/ibcparts.eu\/#\/schema\/logo\/image\/\",\"url\":\"https:\/\/ibcparts.eu\/wp-content\/uploads\/2021\/10\/Footer-Logo.png\",\"contentUrl\":\"https:\/\/ibcparts.eu\/wp-content\/uploads\/2021\/10\/Footer-Logo.png\",\"width\":1992,\"height\":772,\"caption\":\"IBCparts\"},\"image\":{\"@id\":\"https:\/\/ibcparts.eu\/#\/schema\/logo\/image\/\"}}]}<\/script>\n<!-- \/ Yoast SEO plugin. -->","yoast_head_json":{"title":"Komplet PRO\u00a01\/2\" EF za IBC cisterno | IBCparts.eu","description":"Adapter s pipo za IBC cisterno S60x6 (DN50) z 1\/2\u2033 EconomyFlow kovinsko pipo in Reducirjem PRO. Ekonomi\u010dna re\u0161itev za po\u010dasno to\u010denje in zalivanje.","robots":{"index":"index","follow":"follow","max-snippet":"max-snippet:-1","max-image-preview":"max-image-preview:large","max-video-preview":"max-video-preview:-1"},"canonical":"https:\/\/ibcparts.eu\/hr\/proizvod\/komplet-pro-1-2-ef\/","og_locale":"hr_HR","og_type":"article","og_title":"Komplet PRO\u00a01\/2\" EF za IBC cisterno | IBCparts.eu","og_description":"Adapter s pipo za IBC cisterno S60x6 (DN50) z 1\/2\u2033 EconomyFlow kovinsko pipo in Reducirjem PRO. Ekonomi\u010dna re\u0161itev za po\u010dasno to\u010denje in zalivanje.","og_url":"https:\/\/ibcparts.eu\/hr\/proizvod\/komplet-pro-1-2-ef\/","og_site_name":"IBCparts.eu","article_modified_time":"2026-01-16T08:58:57+00:00","og_image":[{"width":500,"height":500,"url":"https:\/\/ibcparts.eu\/wp-content\/uploads\/2021\/12\/komplet-pro-12-ef.png","type":"image\/png"}],"twitter_card":"summary_large_image","schema":{"@context":"https:\/\/schema.org","@graph":[{"@type":"WebPage","@id":"https:\/\/ibcparts.eu\/izdelek\/komplet-pro-1-2-ef\/","url":"https:\/\/ibcparts.eu\/izdelek\/komplet-pro-1-2-ef\/","name":"Komplet PRO\u00a01\/2\" EF za IBC cisterno | IBCparts.eu","isPartOf":{"@id":"https:\/\/ibcparts.eu\/#website"},"primaryImageOfPage":{"@id":"https:\/\/ibcparts.eu\/izdelek\/komplet-pro-1-2-ef\/#primaryimage"},"image":{"@id":"https:\/\/ibcparts.eu\/izdelek\/komplet-pro-1-2-ef\/#primaryimage"},"thumbnailUrl":"https:\/\/ibcparts.eu\/wp-content\/uploads\/2021\/12\/komplet-pro-12-ef.png","datePublished":"2021-12-10T05:50:44+00:00","dateModified":"2026-01-16T08:58:57+00:00","description":"Adapter s pipo za IBC cisterno S60x6 (DN50) z 1\/2\u2033 EconomyFlow kovinsko pipo in Reducirjem PRO. Ekonomi\u010dna re\u0161itev za po\u010dasno to\u010denje in zalivanje.","breadcrumb":{"@id":"https:\/\/ibcparts.eu\/izdelek\/komplet-pro-1-2-ef\/#breadcrumb"},"inLanguage":"hr","potentialAction":[{"@type":"ReadAction","target":["https:\/\/ibcparts.eu\/izdelek\/komplet-pro-1-2-ef\/"]}]},{"@type":"ImageObject","inLanguage":"hr","@id":"https:\/\/ibcparts.eu\/izdelek\/komplet-pro-1-2-ef\/#primaryimage","url":"https:\/\/ibcparts.eu\/wp-content\/uploads\/2021\/12\/komplet-pro-12-ef.png","contentUrl":"https:\/\/ibcparts.eu\/wp-content\/uploads\/2021\/12\/komplet-pro-12-ef.png","width":500,"height":500},{"@type":"BreadcrumbList","@id":"https:\/\/ibcparts.eu\/izdelek\/komplet-pro-1-2-ef\/#breadcrumb","itemListElement":[{"@type":"ListItem","position":1,"name":"Home","item":"https:\/\/ibcparts.eu\/"},{"@type":"ListItem","position":2,"name":"Nakupujte","item":"https:\/\/ibcparts.eu\/nakupujte\/"},{"@type":"ListItem","position":3,"name":"Komplet PRO\u00a01\/2&#8243; EF za IBC cisterno"}]},{"@type":"WebSite","@id":"https:\/\/ibcparts.eu\/#website","url":"https:\/\/ibcparts.eu\/","name":"IBCparts.eu","description":"","publisher":{"@id":"https:\/\/ibcparts.eu\/#organization"},"potentialAction":[{"@type":"SearchAction","target":{"@type":"EntryPoint","urlTemplate":"https:\/\/ibcparts.eu\/?s={search_term_string}"},"query-input":{"@type":"PropertyValueSpecification","valueRequired":true,"valueName":"search_term_string"}}],"inLanguage":"hr"},{"@type":"Organization","@id":"https:\/\/ibcparts.eu\/#organization","name":"Dijelovi IBC-a","url":"https:\/\/ibcparts.eu\/","logo":{"@type":"ImageObject","inLanguage":"hr","@id":"https:\/\/ibcparts.eu\/#\/schema\/logo\/image\/","url":"https:\/\/ibcparts.eu\/wp-content\/uploads\/2021\/10\/Footer-Logo.png","contentUrl":"https:\/\/ibcparts.eu\/wp-content\/uploads\/2021\/10\/Footer-Logo.png","width":1992,"height":772,"caption":"IBCparts"},"image":{"@id":"https:\/\/ibcparts.eu\/#\/schema\/logo\/image\/"}}]}},"_links":{"self":[{"href":"https:\/\/ibcparts.eu\/hr\/wp-json\/wp\/v2\/product\/8049","targetHints":{"allow":["GET"]}}],"collection":[{"href":"https:\/\/ibcparts.eu\/hr\/wp-json\/wp\/v2\/product"}],"about":[{"href":"https:\/\/ibcparts.eu\/hr\/wp-json\/wp\/v2\/types\/product"}],"version-history":[{"count":4,"href":"https:\/\/ibcparts.eu\/hr\/wp-json\/wp\/v2\/product\/8049\/revisions"}],"predecessor-version":[{"id":20212,"href":"https:\/\/ibcparts.eu\/hr\/wp-json\/wp\/v2\/product\/8049\/revisions\/20212"}],"wp:featuredmedia":[{"embeddable":true,"href":"https:\/\/ibcparts.eu\/hr\/wp-json\/wp\/v2\/media\/16232"}],"wp:attachment":[{"href":"https:\/\/ibcparts.eu\/hr\/wp-json\/wp\/v2\/media?parent=8049"}],"wp:term":[{"taxonomy":"product_brand","embeddable":true,"href":"https:\/\/ibcparts.eu\/hr\/wp-json\/wp\/v2\/product_brand?post=8049"},{"taxonomy":"product_cat","embeddable":true,"href":"https:\/\/ibcparts.eu\/hr\/wp-json\/wp\/v2\/product_cat?post=8049"},{"taxonomy":"product_tag","embeddable":true,"href":"https:\/\/ibcparts.eu\/hr\/wp-json\/wp\/v2\/product_tag?post=8049"}],"curies":[{"name":"wp","href":"https:\/\/api.w.org\/{rel}","templated":true}]}}