{"id":7827,"date":"2021-11-14T18:34:41","date_gmt":"2021-11-14T18:34:41","guid":{"rendered":"https:\/\/ibcparts.eu\/?post_type=product&#038;p=7827"},"modified":"2026-02-09T14:34:03","modified_gmt":"2026-02-09T13:34:03","slug":"tritonflex","status":"publish","type":"product","link":"https:\/\/ibcparts.eu\/hr\/proizvod\/tritonflex\/","title":{"rendered":"TritonFlex\u00a9 komplet \u2013 odaberite poklopac, brtvu, filter i odgovaraju\u0107u redukciju za va\u0161 IBC spremnik"},"content":{"rendered":"<p><span style=\"font-size: large;\">Sastavite komplet prema svojim \u017eeljama i specifikacijama va\u0161eg IBC spremnika.<\/span><\/p>\n<p><strong>100% brtvljenje, izvrsna filtracija!<\/strong><\/p>\n<p><strong>Predstavljamo najbolje, patentirano rje\u0161enje za povoljnu i profesionalnu filtraciju ki\u0161nice: TritonFlex\u00a9<\/strong><\/p>\n<p>Imate li dosta prljave vode i rasta algi u svom spremniku? Rje\u0161enje je ovdje. Na\u0161 inovativni proizvod donosi revoluciju u skladi\u0161tenju ki\u0161nice. Na\u0161 jedinstveni poklopac IBC spremnika, patentirana brtva za PVC cijevi i AquaMyst\u00a9 ELEMENT filtar \u2014 sve precizno izra\u0111eno i dizajnirano za dugotrajnost \u2014 mijenjaju pravila filtracije ki\u0161nice u IBC spremnicima.<\/p>\n<ol>\n<li class=\" translation-block\"><strong>Odabir tipa IBC spremnika:<\/strong> Savr\u0161eno pristaje IBC spremnicima s otvorima poklopca od <strong>165<\/strong> ili <strong>225<\/strong> mm. U padaju\u0107em izborniku odaberite opciju koja odgovara va\u0161em spremniku.<\/li>\n<li class=\" translation-block\"><strong>Besprijekorna integracija:<\/strong> Na\u0161 proizvod savr\u0161eno pristaje PVC cijevima promjera <strong>110 mm<\/strong> (bilo kojeg proizvo\u0111a\u010da) \u2013 s troto\u010dkastim brtvljenjem, a uz redukciju tako\u0111er je prikladan za <strong>75 mm<\/strong> i <strong>50 mm<\/strong> PVC cijevi te <strong>100 mm<\/strong> metalne cijevi. Va\u0161a ki\u0161nica glatko te\u010de od oluka do spremnika, bez curenja.<\/li>\n<li class=\" translation-block\"><strong>Izvanredna filtracija i \u010disto\u0107a, kontrola algi:<\/strong> Zadr\u017eava ve\u0107e i manje ne\u010disto\u0107e poput li\u0161\u0107a, mahovine, pijeska, insekata (zbog \u010dega u spremniku <strong>nema komaraca<\/strong>), \u010destica crijepa i sli\u010dno.<\/li>\n<li class=\" translation-block\">Tehnologija fine mre\u017eice u\u010dinkovito filtrira ne\u010disto\u0107e, \u010dime se osigurava izvrsno pro\u010di\u0161\u0107ena ki\u0161nica. Brine li vas odr\u017eavanje? Na\u0161 <strong>400-mikronski<\/strong> AquaMyst\u00a9 ELEMENT filtar znatno smanjuje u\u010destalost \u010di\u0161\u0107enja spremnika, a pritom zadr\u017eava vrhunsku filtraciju. Kori\u0161tenjem na\u0161e <strong>TARP<\/strong> za\u0161titne ponjave smanjuje se prodor sun\u010deve svjetlosti, \u010dime se dodatno sprje\u010dava razvoj mikroorganizama te \u0161tite i filtar i IBC spremnik od UV degradacije.<\/li>\n<li class=\" translation-block\"><strong>Izdr\u017eljivost redefinirana:<\/strong> Na\u0161 proizvod, proizveden u Sloveniji, dokaz je preciznog in\u017eenjeringa i dugotrajne pouzdanosti. Poklopac je pa\u017eljivo izra\u0111en od visokokvalitetne HDPE plastike oja\u010dane staklenim vlaknima; brtva je izra\u0111ena od fleksibilne NBR gume optimalne tvrdo\u0107e za pouzdanu uporabu i zimi i ljeti (jer temperatura utje\u010de na elasti\u010dnost); filtar je izra\u0111en od robusnog najlona ili PP-a, a redukcija od \u010dvrstog PVC-a. Mo\u017eete se osloniti na to da \u0107e izdr\u017eati test vremena \u010dak i u zahtjevnim uvjetima.<\/li>\n<li class=\" translation-block\"><strong>Bezbrizno odr\u017eavanje:<\/strong> Odr\u017eavanje na\u0161eg proizvoda je jednostavno, \u010dak i ako ste odabrali komplet s filtrom. \u010ci\u0161\u0107enje je lako \u2014 filtar se jednostavno ispere vodom pod pritiskom. Filtri su jedina komponenta koju je s vremenom potrebno zamijeniti.<\/li>\n<li class=\" translation-block\"><strong>Ekolo\u0161ki prihvatljivo i odr\u017eivo:<\/strong> Kori\u0161tenjem ki\u0161nice aktivno doprinosite odr\u017eivim praksama i smanjujete svoj ekolo\u0161ki otisak.<\/li>\n<li class=\" translation-block\"><strong>Treffen Sie eine kluge Entscheidung:<\/strong> Mit unserem IBC-Deckel, der Abdichtung f\u00fcr PVC-Rohre und dem fortschrittlichen Filter kaufen Sie nicht nur ein Produkt, sondern investieren in eine intelligentere und nachhaltigere Zukunft. Erleben Sie Innovation, Langlebigkeit und unvergleichliche Leistung.<\/li>\n<\/ol>\n<p>&nbsp;<\/p>\n<p class=\" translation-block\">Za najbolje rezultate filtracije preporu\u010dujemo zamjenu <strong>1\u20132<\/strong> <strong>2D AquaMyst\u00a9<\/strong> filtra <strong>po sezoni<\/strong>.<\/p>\n<p><iframe title=\"TritonFlex\u00a9 Kit - The ultimate companion for water harvesting with IBC containers. #shorts\" width=\"500\" height=\"375\" src=\"https:\/\/www.youtube.com\/embed\/olY3aLG8vnY?feature=oembed\" frameborder=\"0\" allow=\"accelerometer; autoplay; clipboard-write; encrypted-media; gyroscope; picture-in-picture; web-share\" referrerpolicy=\"strict-origin-when-cross-origin\" allowfullscreen><\/iframe><\/p>","protected":false},"excerpt":{"rendered":"<h2 data-start=\"187\" data-end=\"254\">TritonFlex\u00a9 komplet s filtrom i poklopcem za IBC cisternu<\/h2>\n<p data-start=\"57\" data-end=\"249\" class=\" translation-block\">TritonFlex\u00a9 komplet je profesionalno, patentirano rje\u0161enje za filtraciju ki\u0161nice u IBC cisternama. Komplet uklju\u010duje poklopac, brtvu, filter i odgovaraju\u0107e redukcije te osigurava 100 % brtvljenje, u\u010dinkovitu filtraciju i sprje\u010davanje algi i drugih ne\u010disto\u0107a. Namijenjen je IBC cisternama s poklopcima promjera 165 mm ili 225 mm i savr\u0161eno se povezuje sa standardnim PVC cijevima za dovod ki\u0161nice. Sustav je dizajniran za dugotrajnu upotrebu bez curenja te omogu\u0107uje jednostavno \u010di\u0161\u0107enje ili zamjenu filtera, \u010dime se znatno pobolj\u0161ava kvaliteta i vijek trajanja pohranjene vode.<\/p>\n<p data-start=\"884\" data-end=\"909\"><strong data-start=\"884\" data-end=\"907\">Tehni\u010dke karakteristike<\/strong><\/p>\n<ul>\n<li data-start=\"251\" data-end=\"696\" class=\" translation-block\">Prikladno za IBC spremnike s otvorima od <strong>165 mm ili 225 mm<\/strong>.<\/li>\n<li data-start=\"251\" data-end=\"696\" class=\" translation-block\">Savr\u0161eno pristaje PVC cijevima promjera <strong>110 mm<\/strong> (uz redukcije tako\u0111er prikladno za 75 mm, 50 mm i 100 mm metalne cijevi).<\/li>\n<li data-start=\"251\" data-end=\"696\" class=\" translation-block\">Mo\u017eete odabrati komplet bez filtra ili s filtrom gusto\u0107e <strong>100 mikrona<\/strong> (fina filtracija) ili <strong>400 mikrona<\/strong> (manje odr\u017eavanja, u praksi najprikladnija opcija).<\/li>\n<li data-start=\"251\" data-end=\"696\">Zadr\u017eava li\u0161\u0107e, mahovinu, pijesak, insekte i druge ne\u010disto\u0107e (komarci nemaju pristup).<\/li>\n<li data-start=\"251\" data-end=\"696\">Jednostavno \u010di\u0161\u0107enje i odr\u017eavanje.<\/li>\n<li data-start=\"251\" data-end=\"696\">Proizvedeno u Sloveniji od izdr\u017eljivih, UV-otpornih materijala.<\/li>\n<li data-start=\"251\" data-end=\"696\">Filtri se jednostavno zamjenjuju.<\/li>\n<\/ul>\n<p data-start=\"698\" data-end=\"794\" data-is-last-node=\"\" data-is-only-node=\"\" class=\" translation-block\">Dodatne informacije:\nTritonFlex\u00a9 komplet idealno je rje\u0161enje za sve koji \u017eele \u010distu ki\u0161nicu, za\u0161titu cisterne od ne\u010disto\u0107a i dulji vijek trajanja sustava za prikupljanje ki\u0161nice. Mogu\u0107nost odabira gusto\u0107e filtera i vrste poklopca omogu\u0107uje prilagodbu razli\u010ditim tipovima IBC cisterni.<\/p>\n<p data-start=\"698\" data-end=\"794\" data-is-last-node=\"\" data-is-only-node=\"\">Opis filtara:<\/p>\n<ul>\n<li data-start=\"901\" data-end=\"929\">\n<p data-start=\"903\" data-end=\"929\" class=\" translation-block\"><strong>400 mikrona<\/strong> AquaMyst\u00a9 ELEMENT filtar \u2013 najlon (2D) \u2013 otvor mre\u017eice 0,4 mm. Zahtijeva vrlo malo odr\u017eavanja; bez zadr\u017eavanja vode; lako se \u010disti; pogodan za dugotrajnu uporabu. Ovaj filtar toplo preporu\u010dujemo.<\/p>\n<\/li>\n<li data-start=\"698\" data-end=\"794\" class=\" translation-block\"><strong>100 mikrona<\/strong> AquaMyst\u00a9 ELEMENT filtar \u2013 PP (3D) \u2013 gusta mre\u017eica s otvorom od 0,1 mm. Hvata i organsku sluz te se stoga mo\u017ee za\u010depiti kada je zaprljan; zbog guste i debele strukture te\u017ee se \u010disti. Zamjena nakon otprilike 20 m\u00b3 vode (uz povremeno \u010di\u0161\u0107enje vodom pod pritiskom).<\/li>\n<\/ul>\n<p class=\" translation-block\">Dodatno mo\u017eete kupiti rezervne <strong>AquaMyst\u00a9 ELEMENT<\/strong> filtre ili se odlu\u010diti za jo\u0161 finiju filtraciju.<\/p>","protected":false},"featured_media":19521,"template":"","meta":[],"product_brand":[],"product_cat":[186,261],"product_tag":[369],"class_list":{"0":"post-7827","1":"product","2":"type-product","3":"status-publish","4":"has-post-thumbnail","6":"product_cat-filtri-za-dezevnico-in-pvc-redukcije","7":"product_cat-pokrovi-za-ibc-cisterne","8":"product_tag-tritonflex-pokrov-s-filtrom-za-ibc-cisterno","10":"first","11":"instock","12":"shipping-taxable","13":"purchasable","14":"product-type-variable","15":"has-default-attributes"},"yoast_head":"<!-- This site is optimized with the Yoast SEO plugin v27.1.1 - https:\/\/yoast.com\/product\/yoast-seo-wordpress\/ -->\n<title>TritonFlex\u00a9 komplet - izberite pokrov, tesnilo, filter in ustrezno redukcijo za va\u0161o IBC cisterno<\/title>\n<meta name=\"description\" content=\"Pokrov TritonFlex za IBC cisterno s tesnilom za razli\u010dne premere cevi. Za cisterne z odprtino pokrova 165mm in 225mm. Z mo\u017enostjo izbire filtra.\" \/>\n<meta name=\"robots\" content=\"index, follow, max-snippet:-1, max-image-preview:large, max-video-preview:-1\" \/>\n<link rel=\"canonical\" href=\"https:\/\/ibcparts.eu\/hr\/proizvod\/tritonflex\/\" \/>\n<meta property=\"og:locale\" content=\"hr_HR\" \/>\n<meta property=\"og:type\" content=\"article\" \/>\n<meta property=\"og:title\" content=\"TritonFlex\u00a9 komplet - izberite pokrov, tesnilo, filter in ustrezno redukcijo za va\u0161o IBC cisterno\" \/>\n<meta property=\"og:description\" content=\"Pokrov TritonFlex za IBC cisterno s tesnilom za razli\u010dne premere cevi. Za cisterne z odprtino pokrova 165mm in 225mm. Z mo\u017enostjo izbire filtra.\" \/>\n<meta property=\"og:url\" content=\"https:\/\/ibcparts.eu\/hr\/proizvod\/tritonflex\/\" \/>\n<meta property=\"og:site_name\" content=\"IBCparts.eu\" \/>\n<meta property=\"article:modified_time\" content=\"2026-02-09T13:34:03+00:00\" \/>\n<meta property=\"og:image\" content=\"https:\/\/ibcparts.eu\/wp-content\/uploads\/2021\/11\/TritonFlex-komplet-za-IBC-cisterno-filtriranje-dezevnice-3.png\" \/>\n\t<meta property=\"og:image:width\" content=\"500\" \/>\n\t<meta property=\"og:image:height\" content=\"500\" \/>\n\t<meta property=\"og:image:type\" content=\"image\/png\" \/>\n<meta name=\"twitter:card\" content=\"summary_large_image\" \/>\n<script type=\"application\/ld+json\" class=\"yoast-schema-graph\">{\"@context\":\"https:\/\/schema.org\",\"@graph\":[{\"@type\":\"WebPage\",\"@id\":\"https:\/\/ibcparts.eu\/izdelek\/tritonflex\/\",\"url\":\"https:\/\/ibcparts.eu\/izdelek\/tritonflex\/\",\"name\":\"TritonFlex\u00a9 komplet - izberite pokrov, tesnilo, filter in ustrezno redukcijo za va\u0161o IBC cisterno\",\"isPartOf\":{\"@id\":\"https:\/\/ibcparts.eu\/#website\"},\"primaryImageOfPage\":{\"@id\":\"https:\/\/ibcparts.eu\/izdelek\/tritonflex\/#primaryimage\"},\"image\":{\"@id\":\"https:\/\/ibcparts.eu\/izdelek\/tritonflex\/#primaryimage\"},\"thumbnailUrl\":\"https:\/\/ibcparts.eu\/wp-content\/uploads\/2021\/11\/TritonFlex-komplet-za-IBC-cisterno-filtriranje-dezevnice-3.png\",\"datePublished\":\"2021-11-14T18:34:41+00:00\",\"dateModified\":\"2026-02-09T13:34:03+00:00\",\"description\":\"Pokrov TritonFlex za IBC cisterno s tesnilom za razli\u010dne premere cevi. Za cisterne z odprtino pokrova 165mm in 225mm. Z mo\u017enostjo izbire filtra.\",\"breadcrumb\":{\"@id\":\"https:\/\/ibcparts.eu\/izdelek\/tritonflex\/#breadcrumb\"},\"inLanguage\":\"hr\",\"potentialAction\":[{\"@type\":\"ReadAction\",\"target\":[\"https:\/\/ibcparts.eu\/izdelek\/tritonflex\/\"]}]},{\"@type\":\"ImageObject\",\"inLanguage\":\"hr\",\"@id\":\"https:\/\/ibcparts.eu\/izdelek\/tritonflex\/#primaryimage\",\"url\":\"https:\/\/ibcparts.eu\/wp-content\/uploads\/2021\/11\/TritonFlex-komplet-za-IBC-cisterno-filtriranje-dezevnice-3.png\",\"contentUrl\":\"https:\/\/ibcparts.eu\/wp-content\/uploads\/2021\/11\/TritonFlex-komplet-za-IBC-cisterno-filtriranje-dezevnice-3.png\",\"width\":500,\"height\":500,\"caption\":\"TritonFlex komplet za IBC cisterno - filtriranje de\u017eevnice\"},{\"@type\":\"BreadcrumbList\",\"@id\":\"https:\/\/ibcparts.eu\/izdelek\/tritonflex\/#breadcrumb\",\"itemListElement\":[{\"@type\":\"ListItem\",\"position\":1,\"name\":\"Home\",\"item\":\"https:\/\/ibcparts.eu\/\"},{\"@type\":\"ListItem\",\"position\":2,\"name\":\"Nakupujte\",\"item\":\"https:\/\/ibcparts.eu\/nakupujte\/\"},{\"@type\":\"ListItem\",\"position\":3,\"name\":\"TritonFlex\u00a9 komplet &#8211; izberite pokrov, tesnilo, filter in ustrezno redukcijo za va\u0161o IBC cisterno\"}]},{\"@type\":\"WebSite\",\"@id\":\"https:\/\/ibcparts.eu\/#website\",\"url\":\"https:\/\/ibcparts.eu\/\",\"name\":\"IBCparts.eu\",\"description\":\"\",\"publisher\":{\"@id\":\"https:\/\/ibcparts.eu\/#organization\"},\"potentialAction\":[{\"@type\":\"SearchAction\",\"target\":{\"@type\":\"EntryPoint\",\"urlTemplate\":\"https:\/\/ibcparts.eu\/?s={search_term_string}\"},\"query-input\":{\"@type\":\"PropertyValueSpecification\",\"valueRequired\":true,\"valueName\":\"search_term_string\"}}],\"inLanguage\":\"hr\"},{\"@type\":\"Organization\",\"@id\":\"https:\/\/ibcparts.eu\/#organization\",\"name\":\"IBCparts\",\"url\":\"https:\/\/ibcparts.eu\/\",\"logo\":{\"@type\":\"ImageObject\",\"inLanguage\":\"hr\",\"@id\":\"https:\/\/ibcparts.eu\/#\/schema\/logo\/image\/\",\"url\":\"https:\/\/ibcparts.eu\/wp-content\/uploads\/2021\/10\/Footer-Logo.png\",\"contentUrl\":\"https:\/\/ibcparts.eu\/wp-content\/uploads\/2021\/10\/Footer-Logo.png\",\"width\":1992,\"height\":772,\"caption\":\"IBCparts\"},\"image\":{\"@id\":\"https:\/\/ibcparts.eu\/#\/schema\/logo\/image\/\"}}]}<\/script>\n<!-- \/ Yoast SEO plugin. -->","yoast_head_json":{"title":"TritonFlex\u00a9 komplet - izberite pokrov, tesnilo, filter in ustrezno redukcijo za va\u0161o IBC cisterno","description":"Pokrov TritonFlex za IBC cisterno s tesnilom za razli\u010dne premere cevi. Za cisterne z odprtino pokrova 165mm in 225mm. Z mo\u017enostjo izbire filtra.","robots":{"index":"index","follow":"follow","max-snippet":"max-snippet:-1","max-image-preview":"max-image-preview:large","max-video-preview":"max-video-preview:-1"},"canonical":"https:\/\/ibcparts.eu\/hr\/proizvod\/tritonflex\/","og_locale":"hr_HR","og_type":"article","og_title":"TritonFlex\u00a9 komplet - izberite pokrov, tesnilo, filter in ustrezno redukcijo za va\u0161o IBC cisterno","og_description":"Pokrov TritonFlex za IBC cisterno s tesnilom za razli\u010dne premere cevi. Za cisterne z odprtino pokrova 165mm in 225mm. Z mo\u017enostjo izbire filtra.","og_url":"https:\/\/ibcparts.eu\/hr\/proizvod\/tritonflex\/","og_site_name":"IBCparts.eu","article_modified_time":"2026-02-09T13:34:03+00:00","og_image":[{"width":500,"height":500,"url":"https:\/\/ibcparts.eu\/wp-content\/uploads\/2021\/11\/TritonFlex-komplet-za-IBC-cisterno-filtriranje-dezevnice-3.png","type":"image\/png"}],"twitter_card":"summary_large_image","schema":{"@context":"https:\/\/schema.org","@graph":[{"@type":"WebPage","@id":"https:\/\/ibcparts.eu\/izdelek\/tritonflex\/","url":"https:\/\/ibcparts.eu\/izdelek\/tritonflex\/","name":"TritonFlex\u00a9 komplet - izberite pokrov, tesnilo, filter in ustrezno redukcijo za va\u0161o IBC cisterno","isPartOf":{"@id":"https:\/\/ibcparts.eu\/#website"},"primaryImageOfPage":{"@id":"https:\/\/ibcparts.eu\/izdelek\/tritonflex\/#primaryimage"},"image":{"@id":"https:\/\/ibcparts.eu\/izdelek\/tritonflex\/#primaryimage"},"thumbnailUrl":"https:\/\/ibcparts.eu\/wp-content\/uploads\/2021\/11\/TritonFlex-komplet-za-IBC-cisterno-filtriranje-dezevnice-3.png","datePublished":"2021-11-14T18:34:41+00:00","dateModified":"2026-02-09T13:34:03+00:00","description":"Pokrov TritonFlex za IBC cisterno s tesnilom za razli\u010dne premere cevi. Za cisterne z odprtino pokrova 165mm in 225mm. Z mo\u017enostjo izbire filtra.","breadcrumb":{"@id":"https:\/\/ibcparts.eu\/izdelek\/tritonflex\/#breadcrumb"},"inLanguage":"hr","potentialAction":[{"@type":"ReadAction","target":["https:\/\/ibcparts.eu\/izdelek\/tritonflex\/"]}]},{"@type":"ImageObject","inLanguage":"hr","@id":"https:\/\/ibcparts.eu\/izdelek\/tritonflex\/#primaryimage","url":"https:\/\/ibcparts.eu\/wp-content\/uploads\/2021\/11\/TritonFlex-komplet-za-IBC-cisterno-filtriranje-dezevnice-3.png","contentUrl":"https:\/\/ibcparts.eu\/wp-content\/uploads\/2021\/11\/TritonFlex-komplet-za-IBC-cisterno-filtriranje-dezevnice-3.png","width":500,"height":500,"caption":"TritonFlex komplet za IBC cisterno - filtriranje de\u017eevnice"},{"@type":"BreadcrumbList","@id":"https:\/\/ibcparts.eu\/izdelek\/tritonflex\/#breadcrumb","itemListElement":[{"@type":"ListItem","position":1,"name":"Home","item":"https:\/\/ibcparts.eu\/"},{"@type":"ListItem","position":2,"name":"Nakupujte","item":"https:\/\/ibcparts.eu\/nakupujte\/"},{"@type":"ListItem","position":3,"name":"TritonFlex\u00a9 komplet &#8211; izberite pokrov, tesnilo, filter in ustrezno redukcijo za va\u0161o IBC cisterno"}]},{"@type":"WebSite","@id":"https:\/\/ibcparts.eu\/#website","url":"https:\/\/ibcparts.eu\/","name":"IBCparts.eu","description":"","publisher":{"@id":"https:\/\/ibcparts.eu\/#organization"},"potentialAction":[{"@type":"SearchAction","target":{"@type":"EntryPoint","urlTemplate":"https:\/\/ibcparts.eu\/?s={search_term_string}"},"query-input":{"@type":"PropertyValueSpecification","valueRequired":true,"valueName":"search_term_string"}}],"inLanguage":"hr"},{"@type":"Organization","@id":"https:\/\/ibcparts.eu\/#organization","name":"Dijelovi IBC-a","url":"https:\/\/ibcparts.eu\/","logo":{"@type":"ImageObject","inLanguage":"hr","@id":"https:\/\/ibcparts.eu\/#\/schema\/logo\/image\/","url":"https:\/\/ibcparts.eu\/wp-content\/uploads\/2021\/10\/Footer-Logo.png","contentUrl":"https:\/\/ibcparts.eu\/wp-content\/uploads\/2021\/10\/Footer-Logo.png","width":1992,"height":772,"caption":"IBCparts"},"image":{"@id":"https:\/\/ibcparts.eu\/#\/schema\/logo\/image\/"}}]}},"_links":{"self":[{"href":"https:\/\/ibcparts.eu\/hr\/wp-json\/wp\/v2\/product\/7827","targetHints":{"allow":["GET"]}}],"collection":[{"href":"https:\/\/ibcparts.eu\/hr\/wp-json\/wp\/v2\/product"}],"about":[{"href":"https:\/\/ibcparts.eu\/hr\/wp-json\/wp\/v2\/types\/product"}],"version-history":[{"count":6,"href":"https:\/\/ibcparts.eu\/hr\/wp-json\/wp\/v2\/product\/7827\/revisions"}],"predecessor-version":[{"id":20572,"href":"https:\/\/ibcparts.eu\/hr\/wp-json\/wp\/v2\/product\/7827\/revisions\/20572"}],"wp:featuredmedia":[{"embeddable":true,"href":"https:\/\/ibcparts.eu\/hr\/wp-json\/wp\/v2\/media\/19521"}],"wp:attachment":[{"href":"https:\/\/ibcparts.eu\/hr\/wp-json\/wp\/v2\/media?parent=7827"}],"wp:term":[{"taxonomy":"product_brand","embeddable":true,"href":"https:\/\/ibcparts.eu\/hr\/wp-json\/wp\/v2\/product_brand?post=7827"},{"taxonomy":"product_cat","embeddable":true,"href":"https:\/\/ibcparts.eu\/hr\/wp-json\/wp\/v2\/product_cat?post=7827"},{"taxonomy":"product_tag","embeddable":true,"href":"https:\/\/ibcparts.eu\/hr\/wp-json\/wp\/v2\/product_tag?post=7827"}],"curies":[{"name":"wp","href":"https:\/\/api.w.org\/{rel}","templated":true}]}}