{"id":7822,"date":"2021-11-14T18:28:35","date_gmt":"2021-11-14T17:28:35","guid":{"rendered":"https:\/\/ibcparts.eu\/?post_type=product&#038;p=7822"},"modified":"2026-03-03T08:09:56","modified_gmt":"2026-03-03T07:09:56","slug":"3d-aquamyst-filter","status":"publish","type":"product","link":"https:\/\/ibcparts.eu\/hr\/proizvod\/3d-aquamyst-filter\/","title":{"rendered":"3D AquaMyst\u00a9 filter za IBC"},"content":{"rendered":"","protected":false},"excerpt":{"rendered":"<h2 data-start=\"156\" data-end=\"261\"><strong data-start=\"159\" data-end=\"261\">3D AquaMyst\u00a9 filter od 200 mikrona za IBC cisterne \u2013 \u010dista ki\u0161nica bez algi, komaraca i ne\u010disto\u0107a<\/strong><\/h2>\n<p class=\" translation-block\">Predstavljamo <strong>3D AquaMyst<\/strong> filtar od 200 mikrona za IBC spremnike \u2013 vrhunsko rje\u0161enje za u\u010dinkovitu filtraciju ki\u0161nice i odr\u017eavanje spremnika. Ovaj industrijski filtar, izra\u0111en od robusnog 3D polipropilena, dizajniran je za optimalan rad \u010dak i izvan predvi\u0111ene namjene.<\/p>\n<p><strong>Prednosti i kratke upute:<\/strong><\/p>\n<ol>\n<li class=\" translation-block\"><strong>Pobolj\u0161ana \u010disto\u0107a ki\u0161nice:<\/strong> Na\u0161 filtar osigurava \u010distu ki\u0161nicu, smanjuje koli\u010dinu ne\u010disto\u0107a i poma\u017ee odr\u017eati va\u0161 IBC spremnik u dobrom stanju. \u201cNeedled felt\u201d filtar omogu\u0107uje izvrsnu 3D filtraciju \u2014 \u010destice ne\u010disto\u0107a zadr\u017eavaju se u njegovoj gustoj strukturi. Hvata ve\u0107e i manje ne\u010disto\u0107e poput li\u0161\u0107a, mahovine, pijeska, insekata (zbog \u010dega u spremniku <strong>nema komaraca<\/strong>), \u010destica crijepa i sli\u010dno.<\/li>\n<li><strong>FDA certificirano (prikladno za kontakt s hranom)<\/strong><\/li>\n<li class=\" translation-block\">Kontrola algi: Oprostite se od neugodnog stvaranja algi. Napredni dizajn na\u0161eg filtra smanjuje rast algi i poma\u017ee u o\u010duvanju kvalitete vode. Kori\u0161tenjem na\u0161e za\u0161titne ponjave TARP smanjuje se prodor sun\u010deve svjetlosti, \u010dime se dodatno sprje\u010dava razvoj mikroorganizama te \u0161tite i filtar i IBC spremnik od UV degradacije.<\/li>\n<li class=\" translation-block\"><strong>Savr\u0161eno pristajanje:<\/strong> Na\u0161 filtar se besprijekorno uklapa u IBC spremnike i pru\u017ea prilago\u0111eno rje\u0161enje za filtraciju. Ume\u0107e se u otvor IBC spremnika s promjerom poklopca od <strong>165 mm<\/strong>. Poklopac spremnika ne mo\u017ee se zatvoriti dok je filtar umetnut.<\/li>\n<li class=\" translation-block\"><strong>Omogu\u0107uje brz protok vode:<\/strong> Zbog filtra ne dolazi do zadr\u017eavanja vode!<\/li>\n<li class=\" translation-block\"><strong>Maksimalan vijek trajanja:<\/strong> Debela polipropilenska konstrukcija filtra izra\u0111ena je s naglaskom na otpornost na trenje i filtraciju \u010dak i tvrdih \u010destica. Filtar se mo\u017ee isprazniti i o\u010distiti, no zbog 3D izrade vi\u0161e ne\u0107e biti kao nov. Izdr\u017eljiva izrada, izvrsna otpornost i sna\u017ean \u0161av.<\/li>\n<li class=\" translation-block\"><strong>Jednostavna zamjena:<\/strong> Preporu\u010dujemo zamjenu filtara dva puta po sezoni (ovisno o potrebi i uvjetima na terenu).<\/li>\n<li class=\" translation-block\"><strong>UV za\u0161tita:<\/strong> Odr\u017eavajte filtar u vrhunskom stanju. Postavite filtar dalje od izravne sun\u010deve svjetlosti kako biste ga za\u0161titili od UV zraka i produ\u017eili njegov vijek trajanja.<\/li>\n<li class=\" translation-block\"><strong>Fleksibilnost:<\/strong> Zahvaljuju\u0107i svojoj veli\u010dini (promjeru), prikladan je za sve dimenzije cijevi koje vode od oluka do spremnika (do 140 mm).<\/li>\n<\/ol>\n<p>Iskusite udobnost \u010diste cisterne, manje odr\u017eavanja i izvrsnu kvalitetu vode.<\/p>\n<ul>\n<li><strong>Gostota: 200 mikronov (to pomeni, da so okenca v mre\u017ei velikosti 0,2 mm)<\/strong><\/li>\n<li>Materijal: polipropilen (filtar je deblji kako bi lak\u0161e podnosio vibracije i mogu\u0107e trenje cijevi o filtar).<\/li>\n<li>Promjer prstena filtra idealno odgovara vratu IBC spremnika promjera 165 mm (stvarni otvor 140 mm).<\/li>\n<li>Duljina filtra prilago\u0111ena je maksimalnom iskori\u0161tenju vode na temelju vi\u0161egodi\u0161njih testiranja.<\/li>\n<\/ul>","protected":false},"featured_media":14630,"template":"","meta":[],"product_brand":[],"product_cat":[186],"product_tag":[290],"class_list":{"0":"post-7822","1":"product","2":"type-product","3":"status-publish","4":"has-post-thumbnail","6":"product_cat-filtri-za-dezevnico-in-pvc-redukcije","7":"product_tag-filter-za-ibc-cisterno","9":"first","10":"instock","11":"shipping-taxable","12":"purchasable","13":"product-type-simple"},"yoast_head":"<!-- This site is optimized with the Yoast SEO plugin v27.1.1 - https:\/\/yoast.com\/product\/yoast-seo-wordpress\/ -->\n<title>3D AquaMyst\u00a9 filter za IBC | IBCparts.eu<\/title>\n<meta name=\"description\" content=\"3D AquaMyst\u00a9 filter za IBC cisterno omogo\u010da odli\u010dno 3D filtracijo\u00a0- delci ne\u010disto\u010d se ujamejo v njegovo gosto mre\u017eo. FDA certificiran (primeren za \u017eivila)\" \/>\n<meta name=\"robots\" content=\"index, follow, max-snippet:-1, max-image-preview:large, max-video-preview:-1\" \/>\n<link rel=\"canonical\" href=\"https:\/\/ibcparts.eu\/hr\/proizvod\/3d-aquamyst-filter\/\" \/>\n<meta property=\"og:locale\" content=\"hr_HR\" \/>\n<meta property=\"og:type\" content=\"article\" \/>\n<meta property=\"og:title\" content=\"3D AquaMyst\u00a9 filter za IBC | IBCparts.eu\" \/>\n<meta property=\"og:description\" content=\"3D AquaMyst\u00a9 filter za IBC cisterno omogo\u010da odli\u010dno 3D filtracijo\u00a0- delci ne\u010disto\u010d se ujamejo v njegovo gosto mre\u017eo. FDA certificiran (primeren za \u017eivila)\" \/>\n<meta property=\"og:url\" content=\"https:\/\/ibcparts.eu\/hr\/proizvod\/3d-aquamyst-filter\/\" \/>\n<meta property=\"og:site_name\" content=\"IBCparts.eu\" \/>\n<meta property=\"article:modified_time\" content=\"2026-03-03T07:09:56+00:00\" \/>\n<meta property=\"og:image\" content=\"https:\/\/ibcparts.eu\/wp-content\/uploads\/2021\/11\/filter-za-v-odprtino-ibc-cisterne_orig.jpg\" \/>\n\t<meta property=\"og:image:width\" content=\"592\" \/>\n\t<meta property=\"og:image:height\" content=\"592\" \/>\n\t<meta property=\"og:image:type\" content=\"image\/jpeg\" \/>\n<meta name=\"twitter:card\" content=\"summary_large_image\" \/>\n<script type=\"application\/ld+json\" class=\"yoast-schema-graph\">{\"@context\":\"https:\/\/schema.org\",\"@graph\":[{\"@type\":\"WebPage\",\"@id\":\"https:\/\/ibcparts.eu\/izdelek\/3d-aquamyst-filter\/\",\"url\":\"https:\/\/ibcparts.eu\/izdelek\/3d-aquamyst-filter\/\",\"name\":\"3D AquaMyst\u00a9 filter za IBC | IBCparts.eu\",\"isPartOf\":{\"@id\":\"https:\/\/ibcparts.eu\/#website\"},\"primaryImageOfPage\":{\"@id\":\"https:\/\/ibcparts.eu\/izdelek\/3d-aquamyst-filter\/#primaryimage\"},\"image\":{\"@id\":\"https:\/\/ibcparts.eu\/izdelek\/3d-aquamyst-filter\/#primaryimage\"},\"thumbnailUrl\":\"https:\/\/ibcparts.eu\/wp-content\/uploads\/2021\/11\/filter-za-v-odprtino-ibc-cisterne_orig.jpg\",\"datePublished\":\"2021-11-14T17:28:35+00:00\",\"dateModified\":\"2026-03-03T07:09:56+00:00\",\"description\":\"3D AquaMyst\u00a9 filter za IBC cisterno omogo\u010da odli\u010dno 3D filtracijo\u00a0- delci ne\u010disto\u010d se ujamejo v njegovo gosto mre\u017eo. FDA certificiran (primeren za \u017eivila)\",\"breadcrumb\":{\"@id\":\"https:\/\/ibcparts.eu\/izdelek\/3d-aquamyst-filter\/#breadcrumb\"},\"inLanguage\":\"hr\",\"potentialAction\":[{\"@type\":\"ReadAction\",\"target\":[\"https:\/\/ibcparts.eu\/izdelek\/3d-aquamyst-filter\/\"]}]},{\"@type\":\"ImageObject\",\"inLanguage\":\"hr\",\"@id\":\"https:\/\/ibcparts.eu\/izdelek\/3d-aquamyst-filter\/#primaryimage\",\"url\":\"https:\/\/ibcparts.eu\/wp-content\/uploads\/2021\/11\/filter-za-v-odprtino-ibc-cisterne_orig.jpg\",\"contentUrl\":\"https:\/\/ibcparts.eu\/wp-content\/uploads\/2021\/11\/filter-za-v-odprtino-ibc-cisterne_orig.jpg\",\"width\":592,\"height\":592,\"caption\":\"3D AquaMyst\u00a9 filter za IBC cisterno\"},{\"@type\":\"BreadcrumbList\",\"@id\":\"https:\/\/ibcparts.eu\/izdelek\/3d-aquamyst-filter\/#breadcrumb\",\"itemListElement\":[{\"@type\":\"ListItem\",\"position\":1,\"name\":\"Home\",\"item\":\"https:\/\/ibcparts.eu\/\"},{\"@type\":\"ListItem\",\"position\":2,\"name\":\"Nakupujte\",\"item\":\"https:\/\/ibcparts.eu\/nakupujte\/\"},{\"@type\":\"ListItem\",\"position\":3,\"name\":\"3D AquaMyst\u00a9 filter za IBC\"}]},{\"@type\":\"WebSite\",\"@id\":\"https:\/\/ibcparts.eu\/#website\",\"url\":\"https:\/\/ibcparts.eu\/\",\"name\":\"IBCparts.eu\",\"description\":\"\",\"publisher\":{\"@id\":\"https:\/\/ibcparts.eu\/#organization\"},\"potentialAction\":[{\"@type\":\"SearchAction\",\"target\":{\"@type\":\"EntryPoint\",\"urlTemplate\":\"https:\/\/ibcparts.eu\/?s={search_term_string}\"},\"query-input\":{\"@type\":\"PropertyValueSpecification\",\"valueRequired\":true,\"valueName\":\"search_term_string\"}}],\"inLanguage\":\"hr\"},{\"@type\":\"Organization\",\"@id\":\"https:\/\/ibcparts.eu\/#organization\",\"name\":\"IBCparts\",\"url\":\"https:\/\/ibcparts.eu\/\",\"logo\":{\"@type\":\"ImageObject\",\"inLanguage\":\"hr\",\"@id\":\"https:\/\/ibcparts.eu\/#\/schema\/logo\/image\/\",\"url\":\"https:\/\/ibcparts.eu\/wp-content\/uploads\/2021\/10\/Footer-Logo.png\",\"contentUrl\":\"https:\/\/ibcparts.eu\/wp-content\/uploads\/2021\/10\/Footer-Logo.png\",\"width\":1992,\"height\":772,\"caption\":\"IBCparts\"},\"image\":{\"@id\":\"https:\/\/ibcparts.eu\/#\/schema\/logo\/image\/\"}}]}<\/script>\n<!-- \/ Yoast SEO plugin. -->","yoast_head_json":{"title":"3D AquaMyst\u00a9 filter za IBC | IBCparts.eu","description":"3D AquaMyst\u00a9 filter za IBC cisterno omogo\u010da odli\u010dno 3D filtracijo\u00a0- delci ne\u010disto\u010d se ujamejo v njegovo gosto mre\u017eo. FDA certificiran (primeren za \u017eivila)","robots":{"index":"index","follow":"follow","max-snippet":"max-snippet:-1","max-image-preview":"max-image-preview:large","max-video-preview":"max-video-preview:-1"},"canonical":"https:\/\/ibcparts.eu\/hr\/proizvod\/3d-aquamyst-filter\/","og_locale":"hr_HR","og_type":"article","og_title":"3D AquaMyst\u00a9 filter za IBC | IBCparts.eu","og_description":"3D AquaMyst\u00a9 filter za IBC cisterno omogo\u010da odli\u010dno 3D filtracijo\u00a0- delci ne\u010disto\u010d se ujamejo v njegovo gosto mre\u017eo. FDA certificiran (primeren za \u017eivila)","og_url":"https:\/\/ibcparts.eu\/hr\/proizvod\/3d-aquamyst-filter\/","og_site_name":"IBCparts.eu","article_modified_time":"2026-03-03T07:09:56+00:00","og_image":[{"width":592,"height":592,"url":"https:\/\/ibcparts.eu\/wp-content\/uploads\/2021\/11\/filter-za-v-odprtino-ibc-cisterne_orig.jpg","type":"image\/jpeg"}],"twitter_card":"summary_large_image","schema":{"@context":"https:\/\/schema.org","@graph":[{"@type":"WebPage","@id":"https:\/\/ibcparts.eu\/izdelek\/3d-aquamyst-filter\/","url":"https:\/\/ibcparts.eu\/izdelek\/3d-aquamyst-filter\/","name":"3D AquaMyst\u00a9 filter za IBC | IBCparts.eu","isPartOf":{"@id":"https:\/\/ibcparts.eu\/#website"},"primaryImageOfPage":{"@id":"https:\/\/ibcparts.eu\/izdelek\/3d-aquamyst-filter\/#primaryimage"},"image":{"@id":"https:\/\/ibcparts.eu\/izdelek\/3d-aquamyst-filter\/#primaryimage"},"thumbnailUrl":"https:\/\/ibcparts.eu\/wp-content\/uploads\/2021\/11\/filter-za-v-odprtino-ibc-cisterne_orig.jpg","datePublished":"2021-11-14T17:28:35+00:00","dateModified":"2026-03-03T07:09:56+00:00","description":"3D AquaMyst\u00a9 filter za IBC cisterno omogo\u010da odli\u010dno 3D filtracijo\u00a0- delci ne\u010disto\u010d se ujamejo v njegovo gosto mre\u017eo. FDA certificiran (primeren za \u017eivila)","breadcrumb":{"@id":"https:\/\/ibcparts.eu\/izdelek\/3d-aquamyst-filter\/#breadcrumb"},"inLanguage":"hr","potentialAction":[{"@type":"ReadAction","target":["https:\/\/ibcparts.eu\/izdelek\/3d-aquamyst-filter\/"]}]},{"@type":"ImageObject","inLanguage":"hr","@id":"https:\/\/ibcparts.eu\/izdelek\/3d-aquamyst-filter\/#primaryimage","url":"https:\/\/ibcparts.eu\/wp-content\/uploads\/2021\/11\/filter-za-v-odprtino-ibc-cisterne_orig.jpg","contentUrl":"https:\/\/ibcparts.eu\/wp-content\/uploads\/2021\/11\/filter-za-v-odprtino-ibc-cisterne_orig.jpg","width":592,"height":592,"caption":"3D AquaMyst\u00a9 filter za IBC cisterno"},{"@type":"BreadcrumbList","@id":"https:\/\/ibcparts.eu\/izdelek\/3d-aquamyst-filter\/#breadcrumb","itemListElement":[{"@type":"ListItem","position":1,"name":"Home","item":"https:\/\/ibcparts.eu\/"},{"@type":"ListItem","position":2,"name":"Nakupujte","item":"https:\/\/ibcparts.eu\/nakupujte\/"},{"@type":"ListItem","position":3,"name":"3D AquaMyst\u00a9 filter za IBC"}]},{"@type":"WebSite","@id":"https:\/\/ibcparts.eu\/#website","url":"https:\/\/ibcparts.eu\/","name":"IBCparts.eu","description":"","publisher":{"@id":"https:\/\/ibcparts.eu\/#organization"},"potentialAction":[{"@type":"SearchAction","target":{"@type":"EntryPoint","urlTemplate":"https:\/\/ibcparts.eu\/?s={search_term_string}"},"query-input":{"@type":"PropertyValueSpecification","valueRequired":true,"valueName":"search_term_string"}}],"inLanguage":"hr"},{"@type":"Organization","@id":"https:\/\/ibcparts.eu\/#organization","name":"Dijelovi IBC-a","url":"https:\/\/ibcparts.eu\/","logo":{"@type":"ImageObject","inLanguage":"hr","@id":"https:\/\/ibcparts.eu\/#\/schema\/logo\/image\/","url":"https:\/\/ibcparts.eu\/wp-content\/uploads\/2021\/10\/Footer-Logo.png","contentUrl":"https:\/\/ibcparts.eu\/wp-content\/uploads\/2021\/10\/Footer-Logo.png","width":1992,"height":772,"caption":"IBCparts"},"image":{"@id":"https:\/\/ibcparts.eu\/#\/schema\/logo\/image\/"}}]}},"_links":{"self":[{"href":"https:\/\/ibcparts.eu\/hr\/wp-json\/wp\/v2\/product\/7822","targetHints":{"allow":["GET"]}}],"collection":[{"href":"https:\/\/ibcparts.eu\/hr\/wp-json\/wp\/v2\/product"}],"about":[{"href":"https:\/\/ibcparts.eu\/hr\/wp-json\/wp\/v2\/types\/product"}],"version-history":[{"count":4,"href":"https:\/\/ibcparts.eu\/hr\/wp-json\/wp\/v2\/product\/7822\/revisions"}],"predecessor-version":[{"id":20698,"href":"https:\/\/ibcparts.eu\/hr\/wp-json\/wp\/v2\/product\/7822\/revisions\/20698"}],"wp:featuredmedia":[{"embeddable":true,"href":"https:\/\/ibcparts.eu\/hr\/wp-json\/wp\/v2\/media\/14630"}],"wp:attachment":[{"href":"https:\/\/ibcparts.eu\/hr\/wp-json\/wp\/v2\/media?parent=7822"}],"wp:term":[{"taxonomy":"product_brand","embeddable":true,"href":"https:\/\/ibcparts.eu\/hr\/wp-json\/wp\/v2\/product_brand?post=7822"},{"taxonomy":"product_cat","embeddable":true,"href":"https:\/\/ibcparts.eu\/hr\/wp-json\/wp\/v2\/product_cat?post=7822"},{"taxonomy":"product_tag","embeddable":true,"href":"https:\/\/ibcparts.eu\/hr\/wp-json\/wp\/v2\/product_tag?post=7822"}],"curies":[{"name":"wp","href":"https:\/\/api.w.org\/{rel}","templated":true}]}}