{"id":7616,"date":"2021-11-11T13:24:52","date_gmt":"2021-11-11T12:24:52","guid":{"rendered":"https:\/\/ibcparts.eu\/?post_type=product&#038;p=7616"},"modified":"2026-01-13T14:01:01","modified_gmt":"2026-01-13T13:01:01","slug":"adapter-easy-za-cev-vec-dimenzij","status":"publish","type":"product","link":"https:\/\/ibcparts.eu\/hr\/proizvod\/easy-adapter-za-crijevo-vise-dimenzija\/","title":{"rendered":"EASY adapter za crijevo za IBC cisternu (15\u201350 mm) (okretna matica)"},"content":{"rendered":"<h2 data-start=\"193\" data-end=\"269\">EASY adapter s okretnom maticom i nastavkom za crijevo za IBC cisternu<\/h2>\n<p data-start=\"271\" data-end=\"761\" class=\" translation-block\">Der EASY Adapter ist ein hochwertiger Adapter f\u00fcr IBC-Container mit drehbarer Mutter, die eine einfache Montage und Demontage erm\u00f6glicht, auch wenn bereits ein l\u00e4ngerer Schlauch angeschlossen ist. Er ist f\u00fcr die direkte Schlauchmontage vorgesehen und wird als <strong>Adapter bzw. Anschluss f\u00fcr einen IBC-Container<\/strong> bei h\u00e4ufigem An- und Abkoppeln verwendet, z. B. beim Abf\u00fcllen von AdBlue. Er besteht aus HDPE-Material und verf\u00fcgt \u00fcber eine EPDM-Gummidichtung, die <strong>auch bei kleineren Unebenheiten am Ventil eine zuverl\u00e4ssige Abdichtung gew\u00e4hrleistet<\/strong>.<\/p>\n<p data-start=\"763\" data-end=\"784\">Tehni\u010dke karakteristike<\/p>\n<ul>\n<li data-start=\"787\" data-end=\"845\">Vrsta proizvoda: adapter za crijevo (priklju\u010dak za IBC cisternu)<\/li>\n<li data-start=\"848\" data-end=\"899\">Vrsta navoja na cisterni: S60x6 (DN50), grubi navoj<\/li>\n<li data-start=\"939\" data-end=\"980\">Priklju\u010dak crijeva: nastavak (vanjski promjer)<\/li>\n<li data-start=\"983\" data-end=\"995\">Dimenzije:\n<ul data-start=\"998\" data-end=\"1067\">\n<li data-start=\"998\" data-end=\"1007\">\n<p data-start=\"1000\" data-end=\"1007\">15 mm<\/p>\n<\/li>\n<li data-start=\"1010\" data-end=\"1019\">\n<p data-start=\"1012\" data-end=\"1019\">20 mm<\/p>\n<\/li>\n<li data-start=\"1022\" data-end=\"1031\">\n<p data-start=\"1024\" data-end=\"1031\">25 mm<\/p>\n<\/li>\n<li data-start=\"1034\" data-end=\"1043\">\n<p data-start=\"1036\" data-end=\"1043\">32 mm<\/p>\n<\/li>\n<li data-start=\"1046\" data-end=\"1055\">\n<p data-start=\"1048\" data-end=\"1055\">40 mm<\/p>\n<\/li>\n<li data-start=\"1058\" data-end=\"1067\">\n<p data-start=\"1060\" data-end=\"1067\">50 mm<\/p>\n<\/li>\n<\/ul>\n<\/li>\n<li data-start=\"1070\" data-end=\"1115\">Posebnost: okretna matica za lak\u0161u monta\u017eu<\/li>\n<li data-start=\"1118\" data-end=\"1134\">Materijal: HDPE<\/li>\n<li data-start=\"1137\" data-end=\"1150\">Boja: crna<\/li>\n<li data-start=\"1153\" data-end=\"1173\">Tesnilo: EPDM guma<\/li>\n<\/ul>\n<p data-start=\"1175\" data-end=\"1261\" class=\" translation-block\">Dodatne informacije:<br>\nDodatna PP brtva za uporabu s AdBlue teku\u0107inom prilo\u017eena je besplatno.<\/p>\n<p class=\" translation-block\"><strong>Nasvet:<\/strong><br>\r\nPred monta\u017eo bodite pozorni na to, da je lice ventila cisterne (kamor montiramo adapter) gladko in nepo\u0161kodovano. Nove cisterne imajo aluminijasto plombo na odprtini ventila \u2013 \u010de je ta povr\u0161no odstranjena, je lahko to vzrok slab\u0161ega tesnjenja. Vsakr\u0161ne nepravilnosti na ventilu odstranite oz pobrusite s smirkovim papirjem pred prvo monta\u017eo adapterja.<\/p>\n<p>&nbsp;<\/p>","protected":false},"excerpt":{"rendered":"<p class=\" translation-block\"><span style=\"font-size: medium\">Kvalitetan adapter za IBC cisternu <strong>s okretnom maticom<\/strong> za lak\u0161u monta\u017eu + nastavak za crijevo (direktna monta\u017ea).<\/span><\/p>\n<p class=\" translation-block\">Za cisterne s ventilom promjera 55\u201362 mm, grubi navoj S60\u00d76 (DN50).<\/p>\n<p class=\" translation-block\"><span style=\"font-size: medium\"><strong>Okre\u0107e se u sredini<\/strong>, \u0161to je vrlo prakti\u010dno kada je na adapter priklju\u010deno dulje crijevo i kada se ono \u010desto priklju\u010duje i odvaja od cisterne \u2013 npr. pri to\u010denju AdBlue teku\u0107ine.<\/span><\/p>\n<p><strong>Dimenzije (zunanji premer smrekice):<\/strong><\/p>\n<ul>\n<li>15mm,<\/li>\n<li>20mm,<\/li>\n<li>25mm,<\/li>\n<li>32mm,<\/li>\n<li>40mm,<\/li>\n<li>50mm.<\/li>\n<\/ul>\n<p><strong>Materijal\u00a0<\/strong>HDPE<br \/>\n<strong>Boja\u00a0<\/strong>\u010drna<br \/>\n<strong>Brtva<\/strong>: EPDM guma.<\/p>\n<p class=\" translation-block\"><strong>Besplatno<\/strong> uvijek dodajemo PP brtvu \u2013 za uporabu s AdBlue teku\u0107inom.<\/p>\n<p><strong>Vi\u0161e komada, ve\u0107i popust \u2013 koli\u010dine razli\u010ditih artikala i varijanti se zbrajaju!<\/strong><\/p>","protected":false},"featured_media":7617,"template":"","meta":[],"product_brand":[],"product_cat":[170,298],"product_tag":[373],"class_list":{"0":"post-7616","1":"product","2":"type-product","3":"status-publish","4":"has-post-thumbnail","6":"product_cat-reducirji-in-prikljucki-za-ibc","7":"product_cat-prikljucki-za-cisterno-z-navojem-s60x6","8":"product_tag-kvaliteten-adapter-za-ibc-cisterno-z-vrtljivo-matico-za-lazjo-montazo","10":"first","11":"instock","12":"shipping-taxable","13":"purchasable","14":"product-type-variable"},"yoast_head":"<!-- This site is optimized with the Yoast SEO plugin v27.1.1 - https:\/\/yoast.com\/product\/yoast-seo-wordpress\/ -->\n<title>Adapter EASY za cev za IBC cisterno (15\u201350 mm)(VRTLJIVA MATICA) | IBCparts.eu<\/title>\n<meta name=\"description\" content=\"Kvaliteten adapter za IBC cisterno z vrtljivo matico za la\u017ejo monta\u017eo + nastavek za\u00a0cev (direktna monta\u017ea). Navoj S60x6.\" \/>\n<meta name=\"robots\" content=\"index, follow, max-snippet:-1, max-image-preview:large, max-video-preview:-1\" \/>\n<link rel=\"canonical\" href=\"https:\/\/ibcparts.eu\/hr\/proizvod\/easy-adapter-za-crijevo-vise-dimenzija\/\" \/>\n<meta property=\"og:locale\" content=\"hr_HR\" \/>\n<meta property=\"og:type\" content=\"article\" \/>\n<meta property=\"og:title\" content=\"Adapter EASY za cev za IBC cisterno (15\u201350 mm)(VRTLJIVA MATICA) | IBCparts.eu\" \/>\n<meta property=\"og:description\" content=\"Kvaliteten adapter za IBC cisterno z vrtljivo matico za la\u017ejo monta\u017eo + nastavek za\u00a0cev (direktna monta\u017ea). Navoj S60x6.\" \/>\n<meta property=\"og:url\" content=\"https:\/\/ibcparts.eu\/hr\/proizvod\/easy-adapter-za-crijevo-vise-dimenzija\/\" \/>\n<meta property=\"og:site_name\" content=\"IBCparts.eu\" \/>\n<meta property=\"article:modified_time\" content=\"2026-01-13T13:01:01+00:00\" \/>\n<meta property=\"og:image\" content=\"https:\/\/ibcparts.eu\/wp-content\/uploads\/2021\/11\/adapter-easy-za-ibc-cisterno_orig.jpg\" \/>\n\t<meta property=\"og:image:width\" content=\"800\" \/>\n\t<meta property=\"og:image:height\" content=\"800\" \/>\n\t<meta property=\"og:image:type\" content=\"image\/jpeg\" \/>\n<meta name=\"twitter:card\" content=\"summary_large_image\" \/>\n<meta name=\"twitter:label1\" content=\"Procijenjeno vrijeme \u010ditanja\" \/>\n\t<meta name=\"twitter:data1\" content=\"1 minuta\" \/>\n<script type=\"application\/ld+json\" class=\"yoast-schema-graph\">{\"@context\":\"https:\/\/schema.org\",\"@graph\":[{\"@type\":\"WebPage\",\"@id\":\"https:\/\/ibcparts.eu\/izdelek\/adapter-easy-za-cev-vec-dimenzij\/\",\"url\":\"https:\/\/ibcparts.eu\/izdelek\/adapter-easy-za-cev-vec-dimenzij\/\",\"name\":\"Adapter EASY za cev za IBC cisterno (15\u201350 mm)(VRTLJIVA MATICA) | IBCparts.eu\",\"isPartOf\":{\"@id\":\"https:\/\/ibcparts.eu\/#website\"},\"primaryImageOfPage\":{\"@id\":\"https:\/\/ibcparts.eu\/izdelek\/adapter-easy-za-cev-vec-dimenzij\/#primaryimage\"},\"image\":{\"@id\":\"https:\/\/ibcparts.eu\/izdelek\/adapter-easy-za-cev-vec-dimenzij\/#primaryimage\"},\"thumbnailUrl\":\"https:\/\/ibcparts.eu\/wp-content\/uploads\/2021\/11\/adapter-easy-za-ibc-cisterno_orig.jpg\",\"datePublished\":\"2021-11-11T12:24:52+00:00\",\"dateModified\":\"2026-01-13T13:01:01+00:00\",\"description\":\"Kvaliteten adapter za IBC cisterno z vrtljivo matico za la\u017ejo monta\u017eo + nastavek za\u00a0cev (direktna monta\u017ea). Navoj S60x6.\",\"breadcrumb\":{\"@id\":\"https:\/\/ibcparts.eu\/izdelek\/adapter-easy-za-cev-vec-dimenzij\/#breadcrumb\"},\"inLanguage\":\"hr\",\"potentialAction\":[{\"@type\":\"ReadAction\",\"target\":[\"https:\/\/ibcparts.eu\/izdelek\/adapter-easy-za-cev-vec-dimenzij\/\"]}]},{\"@type\":\"ImageObject\",\"inLanguage\":\"hr\",\"@id\":\"https:\/\/ibcparts.eu\/izdelek\/adapter-easy-za-cev-vec-dimenzij\/#primaryimage\",\"url\":\"https:\/\/ibcparts.eu\/wp-content\/uploads\/2021\/11\/adapter-easy-za-ibc-cisterno_orig.jpg\",\"contentUrl\":\"https:\/\/ibcparts.eu\/wp-content\/uploads\/2021\/11\/adapter-easy-za-ibc-cisterno_orig.jpg\",\"width\":800,\"height\":800,\"caption\":\"adapter-easy-za-ibc-cisterno_orig\"},{\"@type\":\"BreadcrumbList\",\"@id\":\"https:\/\/ibcparts.eu\/izdelek\/adapter-easy-za-cev-vec-dimenzij\/#breadcrumb\",\"itemListElement\":[{\"@type\":\"ListItem\",\"position\":1,\"name\":\"Home\",\"item\":\"https:\/\/ibcparts.eu\/\"},{\"@type\":\"ListItem\",\"position\":2,\"name\":\"Nakupujte\",\"item\":\"https:\/\/ibcparts.eu\/nakupujte\/\"},{\"@type\":\"ListItem\",\"position\":3,\"name\":\"Adapter EASY za cev za IBC cisterno (15\u201350 mm)(VRTLJIVA MATICA)\"}]},{\"@type\":\"WebSite\",\"@id\":\"https:\/\/ibcparts.eu\/#website\",\"url\":\"https:\/\/ibcparts.eu\/\",\"name\":\"IBCparts.eu\",\"description\":\"\",\"publisher\":{\"@id\":\"https:\/\/ibcparts.eu\/#organization\"},\"potentialAction\":[{\"@type\":\"SearchAction\",\"target\":{\"@type\":\"EntryPoint\",\"urlTemplate\":\"https:\/\/ibcparts.eu\/?s={search_term_string}\"},\"query-input\":{\"@type\":\"PropertyValueSpecification\",\"valueRequired\":true,\"valueName\":\"search_term_string\"}}],\"inLanguage\":\"hr\"},{\"@type\":\"Organization\",\"@id\":\"https:\/\/ibcparts.eu\/#organization\",\"name\":\"IBCparts\",\"url\":\"https:\/\/ibcparts.eu\/\",\"logo\":{\"@type\":\"ImageObject\",\"inLanguage\":\"hr\",\"@id\":\"https:\/\/ibcparts.eu\/#\/schema\/logo\/image\/\",\"url\":\"https:\/\/ibcparts.eu\/wp-content\/uploads\/2021\/10\/Footer-Logo.png\",\"contentUrl\":\"https:\/\/ibcparts.eu\/wp-content\/uploads\/2021\/10\/Footer-Logo.png\",\"width\":1992,\"height\":772,\"caption\":\"IBCparts\"},\"image\":{\"@id\":\"https:\/\/ibcparts.eu\/#\/schema\/logo\/image\/\"}}]}<\/script>\n<!-- \/ Yoast SEO plugin. -->","yoast_head_json":{"title":"Adapter EASY za cev za IBC cisterno (15\u201350 mm)(VRTLJIVA MATICA) | IBCparts.eu","description":"Kvaliteten adapter za IBC cisterno z vrtljivo matico za la\u017ejo monta\u017eo + nastavek za\u00a0cev (direktna monta\u017ea). Navoj S60x6.","robots":{"index":"index","follow":"follow","max-snippet":"max-snippet:-1","max-image-preview":"max-image-preview:large","max-video-preview":"max-video-preview:-1"},"canonical":"https:\/\/ibcparts.eu\/hr\/proizvod\/easy-adapter-za-crijevo-vise-dimenzija\/","og_locale":"hr_HR","og_type":"article","og_title":"Adapter EASY za cev za IBC cisterno (15\u201350 mm)(VRTLJIVA MATICA) | IBCparts.eu","og_description":"Kvaliteten adapter za IBC cisterno z vrtljivo matico za la\u017ejo monta\u017eo + nastavek za\u00a0cev (direktna monta\u017ea). Navoj S60x6.","og_url":"https:\/\/ibcparts.eu\/hr\/proizvod\/easy-adapter-za-crijevo-vise-dimenzija\/","og_site_name":"IBCparts.eu","article_modified_time":"2026-01-13T13:01:01+00:00","og_image":[{"width":800,"height":800,"url":"https:\/\/ibcparts.eu\/wp-content\/uploads\/2021\/11\/adapter-easy-za-ibc-cisterno_orig.jpg","type":"image\/jpeg"}],"twitter_card":"summary_large_image","twitter_misc":{"Procijenjeno vrijeme \u010ditanja":"1 minuta"},"schema":{"@context":"https:\/\/schema.org","@graph":[{"@type":"WebPage","@id":"https:\/\/ibcparts.eu\/izdelek\/adapter-easy-za-cev-vec-dimenzij\/","url":"https:\/\/ibcparts.eu\/izdelek\/adapter-easy-za-cev-vec-dimenzij\/","name":"Adapter EASY za cev za IBC cisterno (15\u201350 mm)(VRTLJIVA MATICA) | IBCparts.eu","isPartOf":{"@id":"https:\/\/ibcparts.eu\/#website"},"primaryImageOfPage":{"@id":"https:\/\/ibcparts.eu\/izdelek\/adapter-easy-za-cev-vec-dimenzij\/#primaryimage"},"image":{"@id":"https:\/\/ibcparts.eu\/izdelek\/adapter-easy-za-cev-vec-dimenzij\/#primaryimage"},"thumbnailUrl":"https:\/\/ibcparts.eu\/wp-content\/uploads\/2021\/11\/adapter-easy-za-ibc-cisterno_orig.jpg","datePublished":"2021-11-11T12:24:52+00:00","dateModified":"2026-01-13T13:01:01+00:00","description":"Kvaliteten adapter za IBC cisterno z vrtljivo matico za la\u017ejo monta\u017eo + nastavek za\u00a0cev (direktna monta\u017ea). Navoj S60x6.","breadcrumb":{"@id":"https:\/\/ibcparts.eu\/izdelek\/adapter-easy-za-cev-vec-dimenzij\/#breadcrumb"},"inLanguage":"hr","potentialAction":[{"@type":"ReadAction","target":["https:\/\/ibcparts.eu\/izdelek\/adapter-easy-za-cev-vec-dimenzij\/"]}]},{"@type":"ImageObject","inLanguage":"hr","@id":"https:\/\/ibcparts.eu\/izdelek\/adapter-easy-za-cev-vec-dimenzij\/#primaryimage","url":"https:\/\/ibcparts.eu\/wp-content\/uploads\/2021\/11\/adapter-easy-za-ibc-cisterno_orig.jpg","contentUrl":"https:\/\/ibcparts.eu\/wp-content\/uploads\/2021\/11\/adapter-easy-za-ibc-cisterno_orig.jpg","width":800,"height":800,"caption":"adapter-easy-za-ibc-cisterno_orig"},{"@type":"BreadcrumbList","@id":"https:\/\/ibcparts.eu\/izdelek\/adapter-easy-za-cev-vec-dimenzij\/#breadcrumb","itemListElement":[{"@type":"ListItem","position":1,"name":"Home","item":"https:\/\/ibcparts.eu\/"},{"@type":"ListItem","position":2,"name":"Nakupujte","item":"https:\/\/ibcparts.eu\/nakupujte\/"},{"@type":"ListItem","position":3,"name":"Adapter EASY za cev za IBC cisterno (15\u201350 mm)(VRTLJIVA MATICA)"}]},{"@type":"WebSite","@id":"https:\/\/ibcparts.eu\/#website","url":"https:\/\/ibcparts.eu\/","name":"IBCparts.eu","description":"","publisher":{"@id":"https:\/\/ibcparts.eu\/#organization"},"potentialAction":[{"@type":"SearchAction","target":{"@type":"EntryPoint","urlTemplate":"https:\/\/ibcparts.eu\/?s={search_term_string}"},"query-input":{"@type":"PropertyValueSpecification","valueRequired":true,"valueName":"search_term_string"}}],"inLanguage":"hr"},{"@type":"Organization","@id":"https:\/\/ibcparts.eu\/#organization","name":"Dijelovi IBC-a","url":"https:\/\/ibcparts.eu\/","logo":{"@type":"ImageObject","inLanguage":"hr","@id":"https:\/\/ibcparts.eu\/#\/schema\/logo\/image\/","url":"https:\/\/ibcparts.eu\/wp-content\/uploads\/2021\/10\/Footer-Logo.png","contentUrl":"https:\/\/ibcparts.eu\/wp-content\/uploads\/2021\/10\/Footer-Logo.png","width":1992,"height":772,"caption":"IBCparts"},"image":{"@id":"https:\/\/ibcparts.eu\/#\/schema\/logo\/image\/"}}]}},"_links":{"self":[{"href":"https:\/\/ibcparts.eu\/hr\/wp-json\/wp\/v2\/product\/7616","targetHints":{"allow":["GET"]}}],"collection":[{"href":"https:\/\/ibcparts.eu\/hr\/wp-json\/wp\/v2\/product"}],"about":[{"href":"https:\/\/ibcparts.eu\/hr\/wp-json\/wp\/v2\/types\/product"}],"version-history":[{"count":4,"href":"https:\/\/ibcparts.eu\/hr\/wp-json\/wp\/v2\/product\/7616\/revisions"}],"predecessor-version":[{"id":20173,"href":"https:\/\/ibcparts.eu\/hr\/wp-json\/wp\/v2\/product\/7616\/revisions\/20173"}],"wp:featuredmedia":[{"embeddable":true,"href":"https:\/\/ibcparts.eu\/hr\/wp-json\/wp\/v2\/media\/7617"}],"wp:attachment":[{"href":"https:\/\/ibcparts.eu\/hr\/wp-json\/wp\/v2\/media?parent=7616"}],"wp:term":[{"taxonomy":"product_brand","embeddable":true,"href":"https:\/\/ibcparts.eu\/hr\/wp-json\/wp\/v2\/product_brand?post=7616"},{"taxonomy":"product_cat","embeddable":true,"href":"https:\/\/ibcparts.eu\/hr\/wp-json\/wp\/v2\/product_cat?post=7616"},{"taxonomy":"product_tag","embeddable":true,"href":"https:\/\/ibcparts.eu\/hr\/wp-json\/wp\/v2\/product_tag?post=7616"}],"curies":[{"name":"wp","href":"https:\/\/api.w.org\/{rel}","templated":true}]}}