{"id":7610,"date":"2021-11-11T13:16:37","date_gmt":"2021-11-11T12:16:37","guid":{"rendered":"https:\/\/ibcparts.eu\/?post_type=product&#038;p=7610"},"modified":"2026-01-13T13:58:53","modified_gmt":"2026-01-13T12:58:53","slug":"adapter-s60-na-2-fini-bsp-moski-navoj","status":"publish","type":"product","link":"https:\/\/ibcparts.eu\/hr\/proizvod\/s60-na-2-incha-bsp-muski-navoj-adapter\/","title":{"rendered":"S60x2\u2033 M adapter za IBC cisternu (fini BSP mu\u0161ki navoj)"},"content":{"rendered":"<p>Vrlo sna\u017ean reduktor za IBC cisternu s navojem S60x6 i 2\u2033 vanjskim BSP navojem. Namijenjen za cisterne s ventilom S60x6 \u2013 to je naj\u010de\u0161\u0107i tip ventila na IBC cisternama.<\/p>\n<ul>\n<li>Vrsta navoja: unutarnji S60x6 \u017eenski navoj, vanjski (mu\u0161ki) BSP navoj dimenzije 2\u2033 \u2013 vidi sliku.<\/li>\n<li class=\" translation-block\"><strong>Materijal:<\/strong> PP \u2013 izuzetno izdr\u017eljiv, lagan i vodootporan materijal, otporan na UV zrake, kemikalije i udarce. Zbog svoje sigurnosti i stabilnosti idealan je za proizvode koji zahtijevaju dug vijek trajanja i visoku izdr\u017eljivost.<\/li>\n<li>Boja: crna<\/li>\n<li class=\" translation-block\">Brtva: <strong>EPDM guma \u2013 izvrsna otpornost na UV zra\u010denje, vremenske uvjete i temperaturne razlike<\/strong><\/li>\n<li>Na strani s finim navojem preporu\u010dujemo upotrebu teflona.<\/li>\n<li>Izme\u0111u ventila cisterne i reducira NE koristi se teflon.<\/li>\n<li>Izvrsno brtvljenje i visoka izdr\u017eljivost!<\/li>\n<\/ul>\n<p>&nbsp;<\/p>\n<div id=\"494752717252821179\">\n<div id=\"element-b4a6005a-3e1c-4036-9304-0e53e9f54423\" class=\"platform-element-contents\" data-platform-element-id=\"702688850553606843-1.4.3\">\n<div class=\"simple-table-wrapper\"><\/div>\n<\/div>\n<\/div>","protected":false},"excerpt":{"rendered":"<h2 data-start=\"142\" data-end=\"203\">S60x6 na 2\u2033 mu\u0161ki BSP navoj adapter za IBC cisternu<\/h2>\n<p data-start=\"205\" data-end=\"683\" class=\" translation-block\">Adapter S60x2\u2033 M je vrlo sna\u017ean adapter za IBC cisterne s navojem S60x6. Koristi se kao <strong>adapter odnosno priklju\u010dak za IBC cisternu<\/strong> pri povezivanju crijeva, ventila ili drugih sustava s vanjskim (mu\u0161kim) BSP navojem dimenzije 2\u2033. Izra\u0111en je od HDPE materijala i opremljen brtvom od 100 % EPDM gume, posebno razvijenom s optimalnom tvrdo\u0107om, koja osigurava <strong>pouzdano brtvljenje \u010dak i kod ve\u0107ih nepravilnosti na ventilu<\/strong> i dugotrajnu upotrebu bez curenja.<\/p>\n<p data-start=\"685\" data-end=\"706\">Tehni\u010dke karakteristike<\/p>\n<ul>\n<li data-start=\"709\" data-end=\"760\"><strong>Tip izdelka:<\/strong> adapter (priklju\u010dek za IBC cisterno)<\/li>\n<li><strong>Tip navoja:\u00a0<\/strong>notranji S60x6 \u017eenski navoj, zunanji mo\u0161ki BSP navoj dimenzije 2&#8221;- glej sliko.<\/li>\n<li><strong>Materijal\u00a0<\/strong>PP<\/li>\n<li><strong>Boja\u00a0<\/strong>\u010drna<\/li>\n<li class=\" translation-block\"><strong>Brtva:<\/strong> <strong>100 % EPDM guma \u2013 ekskluzivno kod nas. Posebno razvijena brtva optimalne tvrdo\u0107e u\u010dinkovito izravnava i ve\u0107e nepravilnosti na ventilu te osigurava dugotrajno, pouzdano brtvljenje bez curenja.<\/strong><\/li>\n<li>Izvrsno brtvljenje i visoka izdr\u017eljivost!<\/li>\n<\/ul>\n<p><strong>Vi\u0161e komada, ve\u0107i popust \u2013 koli\u010dine razli\u010ditih artikala i varijanti se zbrajaju!<\/strong><\/p>","protected":false},"featured_media":18492,"template":"","meta":[],"product_brand":[],"product_cat":[170,298],"product_tag":[372],"class_list":{"0":"post-7610","1":"product","2":"type-product","3":"status-publish","4":"has-post-thumbnail","6":"product_cat-reducirji-in-prikljucki-za-ibc","7":"product_cat-prikljucki-za-cisterno-z-navojem-s60x6","8":"product_tag-reducir-za-ibc-cisterno-z-moskim-2-navojem-s60x2-2","10":"first","11":"instock","12":"shipping-taxable","13":"purchasable","14":"product-type-simple"},"yoast_head":"<!-- This site is optimized with the Yoast SEO plugin v27.1.1 - https:\/\/yoast.com\/product\/yoast-seo-wordpress\/ -->\n<title>Adapter S60x2&quot; M za IBC cisterno (fini BSP mo\u0161ki navoj) | IBCparts.eu<\/title>\n<meta name=\"description\" content=\"Reducir za IBC cisterne z ventilom S60x6, zunanji mo\u0161ki BSP navoj dimenzije 2&#039;&#039;. Gumijasto EPDM tesnilo.\" \/>\n<meta name=\"robots\" content=\"index, follow, max-snippet:-1, max-image-preview:large, max-video-preview:-1\" \/>\n<link rel=\"canonical\" href=\"https:\/\/ibcparts.eu\/hr\/proizvod\/s60-na-2-incha-bsp-muski-navoj-adapter\/\" \/>\n<meta property=\"og:locale\" content=\"hr_HR\" \/>\n<meta property=\"og:type\" content=\"article\" \/>\n<meta property=\"og:title\" content=\"Adapter S60x2&quot; M za IBC cisterno (fini BSP mo\u0161ki navoj) | IBCparts.eu\" \/>\n<meta property=\"og:description\" content=\"Reducir za IBC cisterne z ventilom S60x6, zunanji mo\u0161ki BSP navoj dimenzije 2&#039;&#039;. Gumijasto EPDM tesnilo.\" \/>\n<meta property=\"og:url\" content=\"https:\/\/ibcparts.eu\/hr\/proizvod\/s60-na-2-incha-bsp-muski-navoj-adapter\/\" \/>\n<meta property=\"og:site_name\" content=\"IBCparts.eu\" \/>\n<meta property=\"article:modified_time\" content=\"2026-01-13T12:58:53+00:00\" \/>\n<meta property=\"og:image\" content=\"https:\/\/ibcparts.eu\/wp-content\/uploads\/2021\/11\/Adapter_S60_na_2_fini_BSP_moski_navoj.png\" \/>\n\t<meta property=\"og:image:width\" content=\"499\" \/>\n\t<meta property=\"og:image:height\" content=\"499\" \/>\n\t<meta property=\"og:image:type\" content=\"image\/png\" \/>\n<meta name=\"twitter:card\" content=\"summary_large_image\" \/>\n<meta name=\"twitter:label1\" content=\"Procijenjeno vrijeme \u010ditanja\" \/>\n\t<meta name=\"twitter:data1\" content=\"1 minuta\" \/>\n<script type=\"application\/ld+json\" class=\"yoast-schema-graph\">{\"@context\":\"https:\/\/schema.org\",\"@graph\":[{\"@type\":\"WebPage\",\"@id\":\"https:\/\/ibcparts.eu\/izdelek\/adapter-s60-na-2-fini-bsp-moski-navoj\/\",\"url\":\"https:\/\/ibcparts.eu\/izdelek\/adapter-s60-na-2-fini-bsp-moski-navoj\/\",\"name\":\"Adapter S60x2\\\" M za IBC cisterno (fini BSP mo\u0161ki navoj) | IBCparts.eu\",\"isPartOf\":{\"@id\":\"https:\/\/ibcparts.eu\/#website\"},\"primaryImageOfPage\":{\"@id\":\"https:\/\/ibcparts.eu\/izdelek\/adapter-s60-na-2-fini-bsp-moski-navoj\/#primaryimage\"},\"image\":{\"@id\":\"https:\/\/ibcparts.eu\/izdelek\/adapter-s60-na-2-fini-bsp-moski-navoj\/#primaryimage\"},\"thumbnailUrl\":\"https:\/\/ibcparts.eu\/wp-content\/uploads\/2021\/11\/Adapter_S60_na_2_fini_BSP_moski_navoj.png\",\"datePublished\":\"2021-11-11T12:16:37+00:00\",\"dateModified\":\"2026-01-13T12:58:53+00:00\",\"description\":\"Reducir za IBC cisterne z ventilom S60x6, zunanji mo\u0161ki BSP navoj dimenzije 2''. Gumijasto EPDM tesnilo.\",\"breadcrumb\":{\"@id\":\"https:\/\/ibcparts.eu\/izdelek\/adapter-s60-na-2-fini-bsp-moski-navoj\/#breadcrumb\"},\"inLanguage\":\"hr\",\"potentialAction\":[{\"@type\":\"ReadAction\",\"target\":[\"https:\/\/ibcparts.eu\/izdelek\/adapter-s60-na-2-fini-bsp-moski-navoj\/\"]}]},{\"@type\":\"ImageObject\",\"inLanguage\":\"hr\",\"@id\":\"https:\/\/ibcparts.eu\/izdelek\/adapter-s60-na-2-fini-bsp-moski-navoj\/#primaryimage\",\"url\":\"https:\/\/ibcparts.eu\/wp-content\/uploads\/2021\/11\/Adapter_S60_na_2_fini_BSP_moski_navoj.png\",\"contentUrl\":\"https:\/\/ibcparts.eu\/wp-content\/uploads\/2021\/11\/Adapter_S60_na_2_fini_BSP_moski_navoj.png\",\"width\":499,\"height\":499,\"caption\":\"Adapter_S60_na_2_fini_BSP_mo\u0161ki_navoj za IBC cisterno\"},{\"@type\":\"BreadcrumbList\",\"@id\":\"https:\/\/ibcparts.eu\/izdelek\/adapter-s60-na-2-fini-bsp-moski-navoj\/#breadcrumb\",\"itemListElement\":[{\"@type\":\"ListItem\",\"position\":1,\"name\":\"Home\",\"item\":\"https:\/\/ibcparts.eu\/\"},{\"@type\":\"ListItem\",\"position\":2,\"name\":\"Nakupujte\",\"item\":\"https:\/\/ibcparts.eu\/nakupujte\/\"},{\"@type\":\"ListItem\",\"position\":3,\"name\":\"Adapter S60x2&#8243; M za IBC cisterno (fini BSP mo\u0161ki navoj)\"}]},{\"@type\":\"WebSite\",\"@id\":\"https:\/\/ibcparts.eu\/#website\",\"url\":\"https:\/\/ibcparts.eu\/\",\"name\":\"IBCparts.eu\",\"description\":\"\",\"publisher\":{\"@id\":\"https:\/\/ibcparts.eu\/#organization\"},\"potentialAction\":[{\"@type\":\"SearchAction\",\"target\":{\"@type\":\"EntryPoint\",\"urlTemplate\":\"https:\/\/ibcparts.eu\/?s={search_term_string}\"},\"query-input\":{\"@type\":\"PropertyValueSpecification\",\"valueRequired\":true,\"valueName\":\"search_term_string\"}}],\"inLanguage\":\"hr\"},{\"@type\":\"Organization\",\"@id\":\"https:\/\/ibcparts.eu\/#organization\",\"name\":\"IBCparts\",\"url\":\"https:\/\/ibcparts.eu\/\",\"logo\":{\"@type\":\"ImageObject\",\"inLanguage\":\"hr\",\"@id\":\"https:\/\/ibcparts.eu\/#\/schema\/logo\/image\/\",\"url\":\"https:\/\/ibcparts.eu\/wp-content\/uploads\/2021\/10\/Footer-Logo.png\",\"contentUrl\":\"https:\/\/ibcparts.eu\/wp-content\/uploads\/2021\/10\/Footer-Logo.png\",\"width\":1992,\"height\":772,\"caption\":\"IBCparts\"},\"image\":{\"@id\":\"https:\/\/ibcparts.eu\/#\/schema\/logo\/image\/\"}}]}<\/script>\n<!-- \/ Yoast SEO plugin. -->","yoast_head_json":{"title":"Adapter S60x2\" M za IBC cisterno (fini BSP mo\u0161ki navoj) | IBCparts.eu","description":"Reducir za IBC cisterne z ventilom S60x6, zunanji mo\u0161ki BSP navoj dimenzije 2''. Gumijasto EPDM tesnilo.","robots":{"index":"index","follow":"follow","max-snippet":"max-snippet:-1","max-image-preview":"max-image-preview:large","max-video-preview":"max-video-preview:-1"},"canonical":"https:\/\/ibcparts.eu\/hr\/proizvod\/s60-na-2-incha-bsp-muski-navoj-adapter\/","og_locale":"hr_HR","og_type":"article","og_title":"Adapter S60x2\" M za IBC cisterno (fini BSP mo\u0161ki navoj) | IBCparts.eu","og_description":"Reducir za IBC cisterne z ventilom S60x6, zunanji mo\u0161ki BSP navoj dimenzije 2''. Gumijasto EPDM tesnilo.","og_url":"https:\/\/ibcparts.eu\/hr\/proizvod\/s60-na-2-incha-bsp-muski-navoj-adapter\/","og_site_name":"IBCparts.eu","article_modified_time":"2026-01-13T12:58:53+00:00","og_image":[{"width":499,"height":499,"url":"https:\/\/ibcparts.eu\/wp-content\/uploads\/2021\/11\/Adapter_S60_na_2_fini_BSP_moski_navoj.png","type":"image\/png"}],"twitter_card":"summary_large_image","twitter_misc":{"Procijenjeno vrijeme \u010ditanja":"1 minuta"},"schema":{"@context":"https:\/\/schema.org","@graph":[{"@type":"WebPage","@id":"https:\/\/ibcparts.eu\/izdelek\/adapter-s60-na-2-fini-bsp-moski-navoj\/","url":"https:\/\/ibcparts.eu\/izdelek\/adapter-s60-na-2-fini-bsp-moski-navoj\/","name":"Adapter S60x2\" M za IBC cisterno (fini BSP mo\u0161ki navoj) | IBCparts.eu","isPartOf":{"@id":"https:\/\/ibcparts.eu\/#website"},"primaryImageOfPage":{"@id":"https:\/\/ibcparts.eu\/izdelek\/adapter-s60-na-2-fini-bsp-moski-navoj\/#primaryimage"},"image":{"@id":"https:\/\/ibcparts.eu\/izdelek\/adapter-s60-na-2-fini-bsp-moski-navoj\/#primaryimage"},"thumbnailUrl":"https:\/\/ibcparts.eu\/wp-content\/uploads\/2021\/11\/Adapter_S60_na_2_fini_BSP_moski_navoj.png","datePublished":"2021-11-11T12:16:37+00:00","dateModified":"2026-01-13T12:58:53+00:00","description":"Reducir za IBC cisterne z ventilom S60x6, zunanji mo\u0161ki BSP navoj dimenzije 2''. Gumijasto EPDM tesnilo.","breadcrumb":{"@id":"https:\/\/ibcparts.eu\/izdelek\/adapter-s60-na-2-fini-bsp-moski-navoj\/#breadcrumb"},"inLanguage":"hr","potentialAction":[{"@type":"ReadAction","target":["https:\/\/ibcparts.eu\/izdelek\/adapter-s60-na-2-fini-bsp-moski-navoj\/"]}]},{"@type":"ImageObject","inLanguage":"hr","@id":"https:\/\/ibcparts.eu\/izdelek\/adapter-s60-na-2-fini-bsp-moski-navoj\/#primaryimage","url":"https:\/\/ibcparts.eu\/wp-content\/uploads\/2021\/11\/Adapter_S60_na_2_fini_BSP_moski_navoj.png","contentUrl":"https:\/\/ibcparts.eu\/wp-content\/uploads\/2021\/11\/Adapter_S60_na_2_fini_BSP_moski_navoj.png","width":499,"height":499,"caption":"Adapter_S60_na_2_fini_BSP_mo\u0161ki_navoj za IBC cisterno"},{"@type":"BreadcrumbList","@id":"https:\/\/ibcparts.eu\/izdelek\/adapter-s60-na-2-fini-bsp-moski-navoj\/#breadcrumb","itemListElement":[{"@type":"ListItem","position":1,"name":"Home","item":"https:\/\/ibcparts.eu\/"},{"@type":"ListItem","position":2,"name":"Nakupujte","item":"https:\/\/ibcparts.eu\/nakupujte\/"},{"@type":"ListItem","position":3,"name":"Adapter S60x2&#8243; M za IBC cisterno (fini BSP mo\u0161ki navoj)"}]},{"@type":"WebSite","@id":"https:\/\/ibcparts.eu\/#website","url":"https:\/\/ibcparts.eu\/","name":"IBCparts.eu","description":"","publisher":{"@id":"https:\/\/ibcparts.eu\/#organization"},"potentialAction":[{"@type":"SearchAction","target":{"@type":"EntryPoint","urlTemplate":"https:\/\/ibcparts.eu\/?s={search_term_string}"},"query-input":{"@type":"PropertyValueSpecification","valueRequired":true,"valueName":"search_term_string"}}],"inLanguage":"hr"},{"@type":"Organization","@id":"https:\/\/ibcparts.eu\/#organization","name":"Dijelovi IBC-a","url":"https:\/\/ibcparts.eu\/","logo":{"@type":"ImageObject","inLanguage":"hr","@id":"https:\/\/ibcparts.eu\/#\/schema\/logo\/image\/","url":"https:\/\/ibcparts.eu\/wp-content\/uploads\/2021\/10\/Footer-Logo.png","contentUrl":"https:\/\/ibcparts.eu\/wp-content\/uploads\/2021\/10\/Footer-Logo.png","width":1992,"height":772,"caption":"IBCparts"},"image":{"@id":"https:\/\/ibcparts.eu\/#\/schema\/logo\/image\/"}}]}},"_links":{"self":[{"href":"https:\/\/ibcparts.eu\/hr\/wp-json\/wp\/v2\/product\/7610","targetHints":{"allow":["GET"]}}],"collection":[{"href":"https:\/\/ibcparts.eu\/hr\/wp-json\/wp\/v2\/product"}],"about":[{"href":"https:\/\/ibcparts.eu\/hr\/wp-json\/wp\/v2\/types\/product"}],"version-history":[{"count":3,"href":"https:\/\/ibcparts.eu\/hr\/wp-json\/wp\/v2\/product\/7610\/revisions"}],"predecessor-version":[{"id":20172,"href":"https:\/\/ibcparts.eu\/hr\/wp-json\/wp\/v2\/product\/7610\/revisions\/20172"}],"wp:featuredmedia":[{"embeddable":true,"href":"https:\/\/ibcparts.eu\/hr\/wp-json\/wp\/v2\/media\/18492"}],"wp:attachment":[{"href":"https:\/\/ibcparts.eu\/hr\/wp-json\/wp\/v2\/media?parent=7610"}],"wp:term":[{"taxonomy":"product_brand","embeddable":true,"href":"https:\/\/ibcparts.eu\/hr\/wp-json\/wp\/v2\/product_brand?post=7610"},{"taxonomy":"product_cat","embeddable":true,"href":"https:\/\/ibcparts.eu\/hr\/wp-json\/wp\/v2\/product_cat?post=7610"},{"taxonomy":"product_tag","embeddable":true,"href":"https:\/\/ibcparts.eu\/hr\/wp-json\/wp\/v2\/product_tag?post=7610"}],"curies":[{"name":"wp","href":"https:\/\/api.w.org\/{rel}","templated":true}]}}