{"id":7561,"date":"2021-11-09T16:14:17","date_gmt":"2021-11-09T15:14:17","guid":{"rendered":"https:\/\/ibcparts.eu\/?post_type=product&#038;p=7561"},"modified":"2026-01-13T14:12:18","modified_gmt":"2026-01-13T13:12:18","slug":"connecting-the-fire-hose-to-the-ibc-tank","status":"publish","type":"product","link":"https:\/\/ibcparts.eu\/hr\/proizvod\/connecting-the-fire-hose-to-the-ibc-tank\/","title":{"rendered":"Priklju\u010dak za vatrogasno crijevo \u2013 C spojka (Storz C-52) za IBC cisternu S60x6"},"content":{"rendered":"","protected":false},"excerpt":{"rendered":"<h2 data-start=\"163\" data-end=\"239\">Priklop za gasilsko cev Storz C-52 za IBC cisterno z navojem S60x6<\/h2>\n<p data-start=\"241\" data-end=\"744\" class=\" translation-block\">Priklju\u010dak za vatrogasnu cijev s C spojkom (Storz C-52) namijenjen je spajanju vatrogasne C cijevi na IBC cisternu s ventilom S60x6. Koristi se kao <strong data-start=\"393\" data-end=\"439\">adapter odnosno priklju\u010dak za IBC cisternu<\/strong> za brzo i pouzdano pretakanje ve\u0107ih koli\u010dina teku\u0107ine. Na strani priklju\u010dka na cisternu ima \u017eenski navoj S60x6, a s druge strane standardnu vatrogasnu spojku Storz C. Izra\u0111en je od aluminija i ima gumenu brtvu koja osigurava <strong data-start=\"676\" data-end=\"743\">pouzdano brtvljenje \u010dak i kod manjih nepravilnosti na ventilu<\/strong>.<\/p>\n<p data-start=\"746\" data-end=\"771\"><strong data-start=\"746\" data-end=\"769\">Tehni\u010dke karakteristike<\/strong><\/p>\n<ul>\n<li data-start=\"774\" data-end=\"851\">Vrsta proizvoda: priklju\u010dak za vatrogasnu cijev (adapter \/ priklju\u010dak za IBC cisternu)<\/li>\n<li data-start=\"854\" data-end=\"903\">Vrsta navoja na cisterni: unutarnji (\u017eenski) S60x6<\/li>\n<li data-start=\"906\" data-end=\"948\">Vrsta priklju\u010dka na izlazu: Storz C (C-52)<\/li>\n<li data-start=\"951\" data-end=\"971\">Materijal: aluminij<\/li>\n<li data-start=\"974\" data-end=\"994\">Brtva: gumena<\/li>\n<\/ul>","protected":false},"featured_media":14676,"template":"","meta":[],"product_brand":[],"product_cat":[170,298],"product_tag":[],"class_list":{"0":"post-7561","1":"product","2":"type-product","3":"status-publish","4":"has-post-thumbnail","6":"product_cat-reducirji-in-prikljucki-za-ibc","7":"product_cat-prikljucki-za-cisterno-z-navojem-s60x6","9":"first","10":"instock","11":"sale","12":"shipping-taxable","13":"purchasable","14":"product-type-simple"},"yoast_head":"<!-- This site is optimized with the Yoast SEO plugin v27.1.1 - https:\/\/yoast.com\/product\/yoast-seo-wordpress\/ -->\n<title>Priklop za gasilsko cev \u2013 C spojka (Storz C-52) za IBC cisterno S60x6<\/title>\n<meta name=\"description\" content=\"Aluminijast priklop za gasilsko cev Storz C-52 za IBC cisterno z navojem S60x6. Z gumijastim tesnilom za zanesljivo in hitro povezavo.\" \/>\n<meta name=\"robots\" content=\"index, follow, max-snippet:-1, max-image-preview:large, max-video-preview:-1\" \/>\n<link rel=\"canonical\" href=\"https:\/\/ibcparts.eu\/hr\/proizvod\/connecting-the-fire-hose-to-the-ibc-tank\/\" \/>\n<meta property=\"og:locale\" content=\"hr_HR\" \/>\n<meta property=\"og:type\" content=\"article\" \/>\n<meta property=\"og:title\" content=\"Priklop za gasilsko cev \u2013 C spojka (Storz C-52) za IBC cisterno S60x6\" \/>\n<meta property=\"og:description\" content=\"Aluminijast priklop za gasilsko cev Storz C-52 za IBC cisterno z navojem S60x6. Z gumijastim tesnilom za zanesljivo in hitro povezavo.\" \/>\n<meta property=\"og:url\" content=\"https:\/\/ibcparts.eu\/hr\/proizvod\/connecting-the-fire-hose-to-the-ibc-tank\/\" \/>\n<meta property=\"og:site_name\" content=\"IBCparts.eu\" \/>\n<meta property=\"article:modified_time\" content=\"2026-01-13T13:12:18+00:00\" \/>\n<meta property=\"og:image\" content=\"https:\/\/ibcparts.eu\/wp-content\/uploads\/2021\/11\/gasilska-c-spojka-za-ibc-cisterno_orig.jpg\" \/>\n\t<meta property=\"og:image:width\" content=\"591\" \/>\n\t<meta property=\"og:image:height\" content=\"590\" \/>\n\t<meta property=\"og:image:type\" content=\"image\/jpeg\" \/>\n<meta name=\"twitter:card\" content=\"summary_large_image\" \/>\n<script type=\"application\/ld+json\" class=\"yoast-schema-graph\">{\"@context\":\"https:\/\/schema.org\",\"@graph\":[{\"@type\":\"WebPage\",\"@id\":\"https:\/\/ibcparts.eu\/izdelek\/connecting-the-fire-hose-to-the-ibc-tank\/\",\"url\":\"https:\/\/ibcparts.eu\/izdelek\/connecting-the-fire-hose-to-the-ibc-tank\/\",\"name\":\"Priklop za gasilsko cev \u2013 C spojka (Storz C-52) za IBC cisterno S60x6\",\"isPartOf\":{\"@id\":\"https:\/\/ibcparts.eu\/#website\"},\"primaryImageOfPage\":{\"@id\":\"https:\/\/ibcparts.eu\/izdelek\/connecting-the-fire-hose-to-the-ibc-tank\/#primaryimage\"},\"image\":{\"@id\":\"https:\/\/ibcparts.eu\/izdelek\/connecting-the-fire-hose-to-the-ibc-tank\/#primaryimage\"},\"thumbnailUrl\":\"https:\/\/ibcparts.eu\/wp-content\/uploads\/2021\/11\/gasilska-c-spojka-za-ibc-cisterno_orig.jpg\",\"datePublished\":\"2021-11-09T15:14:17+00:00\",\"dateModified\":\"2026-01-13T13:12:18+00:00\",\"description\":\"Aluminijast priklop za gasilsko cev Storz C-52 za IBC cisterno z navojem S60x6. Z gumijastim tesnilom za zanesljivo in hitro povezavo.\",\"breadcrumb\":{\"@id\":\"https:\/\/ibcparts.eu\/izdelek\/connecting-the-fire-hose-to-the-ibc-tank\/#breadcrumb\"},\"inLanguage\":\"hr\",\"potentialAction\":[{\"@type\":\"ReadAction\",\"target\":[\"https:\/\/ibcparts.eu\/izdelek\/connecting-the-fire-hose-to-the-ibc-tank\/\"]}]},{\"@type\":\"ImageObject\",\"inLanguage\":\"hr\",\"@id\":\"https:\/\/ibcparts.eu\/izdelek\/connecting-the-fire-hose-to-the-ibc-tank\/#primaryimage\",\"url\":\"https:\/\/ibcparts.eu\/wp-content\/uploads\/2021\/11\/gasilska-c-spojka-za-ibc-cisterno_orig.jpg\",\"contentUrl\":\"https:\/\/ibcparts.eu\/wp-content\/uploads\/2021\/11\/gasilska-c-spojka-za-ibc-cisterno_orig.jpg\",\"width\":591,\"height\":590},{\"@type\":\"BreadcrumbList\",\"@id\":\"https:\/\/ibcparts.eu\/izdelek\/connecting-the-fire-hose-to-the-ibc-tank\/#breadcrumb\",\"itemListElement\":[{\"@type\":\"ListItem\",\"position\":1,\"name\":\"Home\",\"item\":\"https:\/\/ibcparts.eu\/\"},{\"@type\":\"ListItem\",\"position\":2,\"name\":\"Nakupujte\",\"item\":\"https:\/\/ibcparts.eu\/nakupujte\/\"},{\"@type\":\"ListItem\",\"position\":3,\"name\":\"Priklop za gasilsko cev \u2013 C spojka (Storz C-52) za IBC cisterno S60x6\"}]},{\"@type\":\"WebSite\",\"@id\":\"https:\/\/ibcparts.eu\/#website\",\"url\":\"https:\/\/ibcparts.eu\/\",\"name\":\"IBCparts.eu\",\"description\":\"\",\"publisher\":{\"@id\":\"https:\/\/ibcparts.eu\/#organization\"},\"potentialAction\":[{\"@type\":\"SearchAction\",\"target\":{\"@type\":\"EntryPoint\",\"urlTemplate\":\"https:\/\/ibcparts.eu\/?s={search_term_string}\"},\"query-input\":{\"@type\":\"PropertyValueSpecification\",\"valueRequired\":true,\"valueName\":\"search_term_string\"}}],\"inLanguage\":\"hr\"},{\"@type\":\"Organization\",\"@id\":\"https:\/\/ibcparts.eu\/#organization\",\"name\":\"IBCparts\",\"url\":\"https:\/\/ibcparts.eu\/\",\"logo\":{\"@type\":\"ImageObject\",\"inLanguage\":\"hr\",\"@id\":\"https:\/\/ibcparts.eu\/#\/schema\/logo\/image\/\",\"url\":\"https:\/\/ibcparts.eu\/wp-content\/uploads\/2021\/10\/Footer-Logo.png\",\"contentUrl\":\"https:\/\/ibcparts.eu\/wp-content\/uploads\/2021\/10\/Footer-Logo.png\",\"width\":1992,\"height\":772,\"caption\":\"IBCparts\"},\"image\":{\"@id\":\"https:\/\/ibcparts.eu\/#\/schema\/logo\/image\/\"}}]}<\/script>\n<!-- \/ Yoast SEO plugin. -->","yoast_head_json":{"title":"Priklju\u010dak za vatrogasno crijevo \u2013 C spojka (Storz C-52) za IBC cisternu S60x6","description":"Aluminijast priklop za gasilsko cev Storz C-52 za IBC cisterno z navojem S60x6. Z gumijastim tesnilom za zanesljivo in hitro povezavo.","robots":{"index":"index","follow":"follow","max-snippet":"max-snippet:-1","max-image-preview":"max-image-preview:large","max-video-preview":"max-video-preview:-1"},"canonical":"https:\/\/ibcparts.eu\/hr\/proizvod\/connecting-the-fire-hose-to-the-ibc-tank\/","og_locale":"hr_HR","og_type":"article","og_title":"Priklop za gasilsko cev \u2013 C spojka (Storz C-52) za IBC cisterno S60x6","og_description":"Aluminijast priklop za gasilsko cev Storz C-52 za IBC cisterno z navojem S60x6. Z gumijastim tesnilom za zanesljivo in hitro povezavo.","og_url":"https:\/\/ibcparts.eu\/hr\/proizvod\/connecting-the-fire-hose-to-the-ibc-tank\/","og_site_name":"IBCparts.eu","article_modified_time":"2026-01-13T13:12:18+00:00","og_image":[{"width":591,"height":590,"url":"https:\/\/ibcparts.eu\/wp-content\/uploads\/2021\/11\/gasilska-c-spojka-za-ibc-cisterno_orig.jpg","type":"image\/jpeg"}],"twitter_card":"summary_large_image","schema":{"@context":"https:\/\/schema.org","@graph":[{"@type":"WebPage","@id":"https:\/\/ibcparts.eu\/izdelek\/connecting-the-fire-hose-to-the-ibc-tank\/","url":"https:\/\/ibcparts.eu\/izdelek\/connecting-the-fire-hose-to-the-ibc-tank\/","name":"Priklju\u010dak za vatrogasno crijevo \u2013 C spojka (Storz C-52) za IBC cisternu S60x6","isPartOf":{"@id":"https:\/\/ibcparts.eu\/#website"},"primaryImageOfPage":{"@id":"https:\/\/ibcparts.eu\/izdelek\/connecting-the-fire-hose-to-the-ibc-tank\/#primaryimage"},"image":{"@id":"https:\/\/ibcparts.eu\/izdelek\/connecting-the-fire-hose-to-the-ibc-tank\/#primaryimage"},"thumbnailUrl":"https:\/\/ibcparts.eu\/wp-content\/uploads\/2021\/11\/gasilska-c-spojka-za-ibc-cisterno_orig.jpg","datePublished":"2021-11-09T15:14:17+00:00","dateModified":"2026-01-13T13:12:18+00:00","description":"Aluminijast priklop za gasilsko cev Storz C-52 za IBC cisterno z navojem S60x6. Z gumijastim tesnilom za zanesljivo in hitro povezavo.","breadcrumb":{"@id":"https:\/\/ibcparts.eu\/izdelek\/connecting-the-fire-hose-to-the-ibc-tank\/#breadcrumb"},"inLanguage":"hr","potentialAction":[{"@type":"ReadAction","target":["https:\/\/ibcparts.eu\/izdelek\/connecting-the-fire-hose-to-the-ibc-tank\/"]}]},{"@type":"ImageObject","inLanguage":"hr","@id":"https:\/\/ibcparts.eu\/izdelek\/connecting-the-fire-hose-to-the-ibc-tank\/#primaryimage","url":"https:\/\/ibcparts.eu\/wp-content\/uploads\/2021\/11\/gasilska-c-spojka-za-ibc-cisterno_orig.jpg","contentUrl":"https:\/\/ibcparts.eu\/wp-content\/uploads\/2021\/11\/gasilska-c-spojka-za-ibc-cisterno_orig.jpg","width":591,"height":590},{"@type":"BreadcrumbList","@id":"https:\/\/ibcparts.eu\/izdelek\/connecting-the-fire-hose-to-the-ibc-tank\/#breadcrumb","itemListElement":[{"@type":"ListItem","position":1,"name":"Home","item":"https:\/\/ibcparts.eu\/"},{"@type":"ListItem","position":2,"name":"Nakupujte","item":"https:\/\/ibcparts.eu\/nakupujte\/"},{"@type":"ListItem","position":3,"name":"Priklop za gasilsko cev \u2013 C spojka (Storz C-52) za IBC cisterno S60x6"}]},{"@type":"WebSite","@id":"https:\/\/ibcparts.eu\/#website","url":"https:\/\/ibcparts.eu\/","name":"IBCparts.eu","description":"","publisher":{"@id":"https:\/\/ibcparts.eu\/#organization"},"potentialAction":[{"@type":"SearchAction","target":{"@type":"EntryPoint","urlTemplate":"https:\/\/ibcparts.eu\/?s={search_term_string}"},"query-input":{"@type":"PropertyValueSpecification","valueRequired":true,"valueName":"search_term_string"}}],"inLanguage":"hr"},{"@type":"Organization","@id":"https:\/\/ibcparts.eu\/#organization","name":"Dijelovi IBC-a","url":"https:\/\/ibcparts.eu\/","logo":{"@type":"ImageObject","inLanguage":"hr","@id":"https:\/\/ibcparts.eu\/#\/schema\/logo\/image\/","url":"https:\/\/ibcparts.eu\/wp-content\/uploads\/2021\/10\/Footer-Logo.png","contentUrl":"https:\/\/ibcparts.eu\/wp-content\/uploads\/2021\/10\/Footer-Logo.png","width":1992,"height":772,"caption":"IBCparts"},"image":{"@id":"https:\/\/ibcparts.eu\/#\/schema\/logo\/image\/"}}]}},"_links":{"self":[{"href":"https:\/\/ibcparts.eu\/hr\/wp-json\/wp\/v2\/product\/7561","targetHints":{"allow":["GET"]}}],"collection":[{"href":"https:\/\/ibcparts.eu\/hr\/wp-json\/wp\/v2\/product"}],"about":[{"href":"https:\/\/ibcparts.eu\/hr\/wp-json\/wp\/v2\/types\/product"}],"version-history":[{"count":3,"href":"https:\/\/ibcparts.eu\/hr\/wp-json\/wp\/v2\/product\/7561\/revisions"}],"predecessor-version":[{"id":20195,"href":"https:\/\/ibcparts.eu\/hr\/wp-json\/wp\/v2\/product\/7561\/revisions\/20195"}],"wp:featuredmedia":[{"embeddable":true,"href":"https:\/\/ibcparts.eu\/hr\/wp-json\/wp\/v2\/media\/14676"}],"wp:attachment":[{"href":"https:\/\/ibcparts.eu\/hr\/wp-json\/wp\/v2\/media?parent=7561"}],"wp:term":[{"taxonomy":"product_brand","embeddable":true,"href":"https:\/\/ibcparts.eu\/hr\/wp-json\/wp\/v2\/product_brand?post=7561"},{"taxonomy":"product_cat","embeddable":true,"href":"https:\/\/ibcparts.eu\/hr\/wp-json\/wp\/v2\/product_cat?post=7561"},{"taxonomy":"product_tag","embeddable":true,"href":"https:\/\/ibcparts.eu\/hr\/wp-json\/wp\/v2\/product_tag?post=7561"}],"curies":[{"name":"wp","href":"https:\/\/api.w.org\/{rel}","templated":true}]}}