{"id":7455,"date":"2021-11-09T10:13:22","date_gmt":"2021-11-09T09:13:22","guid":{"rendered":"https:\/\/ibcparts.eu\/?post_type=product&#038;p=7455"},"modified":"2026-01-13T14:20:30","modified_gmt":"2026-01-13T13:20:30","slug":"reducir-iz-s92-na-1","status":"publish","type":"product","link":"https:\/\/ibcparts.eu\/hr\/proizvod\/reducir-iz-s92-na-1\/","title":{"rendered":"S92 PRO redukcija za IBC cisternu (1\u2033)"},"content":{"rendered":"","protected":false},"excerpt":{"rendered":"<h2 data-start=\"204\" data-end=\"272\">S92 PRO redukcija s unutarnjim BSP navojem 1\u2033 za IBC cisternu<\/h2>\n<p data-start=\"274\" data-end=\"899\" class=\" translation-block\">Reducir S92 PRO je profesionalna, iznimno sna\u017ena redukcija za IBC cisterne s rje\u0111om izvedbom ventila ili navoja promjera \u00d8 92 mm, pri \u010demu se mjeri vanjski promjer zajedno s navojima. Namijenjena je monta\u017ei na cisterne s navojem S92 i koristi se kao <strong data-start=\"527\" data-end=\"573\">adapter odnosno priklju\u010dak za IBC cisternu<\/strong> pri povezivanju crijeva, slavina ili drugih elemenata s unutarnjim (\u017eenskim) BSP navojem veli\u010dine 1\u2033. Izra\u0111ena je od \u010distog, strojno obra\u0111enog PP materijala te ima NB\/SB gumenu brtvu na unutarnjoj strani, koja osigurava <strong data-start=\"782\" data-end=\"848\">pouzdano brtvljenje \u010dak i kod manjih nepravilnosti na navoju<\/strong>. Prikladna je za sve vrste uporabe, uklju\u010duju\u0107i industrijsku.<\/p>\n<p data-start=\"901\" data-end=\"926\"><strong data-start=\"901\" data-end=\"924\">Tehni\u010dke karakteristike<\/strong><\/p>\n<ul>\n<li data-start=\"929\" data-end=\"990\">Vrsta proizvoda: reducir (adapter \/ priklju\u010dak za IBC cisternu)<\/li>\n<li data-start=\"993\" data-end=\"1022\">Vrsta navoja na cisterni:<strong> S92x4<\/strong><\/li>\n<li data-start=\"1025\" data-end=\"1091\">Prikladno za ventile \/ navoje: \u00d8 92 mm (vanjski promjer s navojima)<\/li>\n<li data-start=\"1094\" data-end=\"1114\">Korak navoja: <strong>4 mm<\/strong><\/li>\n<li data-start=\"1117\" data-end=\"1162\">Vrsta navoja na izlazu: unutarnji (\u017eenski) BSP<\/li>\n<li data-start=\"1165\" data-end=\"1183\">Veli\u010dina navoja: <strong>1\u2033<\/strong><\/li>\n<li data-start=\"1195\" data-end=\"1224\">Materijal: \u010disti PP, strojno obra\u0111en<\/li>\n<li data-start=\"1227\" data-end=\"1240\">Boja: crna<\/li>\n<li data-start=\"1243\" data-end=\"1277\">Brtva: NB\/SB gumena brtva<\/li>\n<\/ul>","protected":false},"featured_media":14659,"template":"","meta":[],"product_brand":[],"product_cat":[170,304],"product_tag":[],"class_list":{"0":"post-7455","1":"product","2":"type-product","3":"status-publish","4":"has-post-thumbnail","6":"product_cat-reducirji-in-prikljucki-za-ibc","7":"product_cat-s92x4","9":"first","10":"instock","11":"shipping-taxable","12":"purchasable","13":"product-type-simple"},"yoast_head":"<!-- This site is optimized with the Yoast SEO plugin v27.1.1 - https:\/\/yoast.com\/product\/yoast-seo-wordpress\/ -->\n<title>Reducir S92 PRO za IBC cisterno (1\u2033) | IBCparts.eu<\/title>\n<meta name=\"description\" content=\"Reducir S92 PRO za IBC cisterno z redkim navojem fi 92 mm (korak 4 mm) in notranjim BSP navojem 1\u2033. Zelo mo\u010dna PP izvedba z zanesljivim tesnjenjem.\" \/>\n<meta name=\"robots\" content=\"index, follow, max-snippet:-1, max-image-preview:large, max-video-preview:-1\" \/>\n<link rel=\"canonical\" href=\"https:\/\/ibcparts.eu\/hr\/proizvod\/reducir-iz-s92-na-1\/\" \/>\n<meta property=\"og:locale\" content=\"hr_HR\" \/>\n<meta property=\"og:type\" content=\"article\" \/>\n<meta property=\"og:title\" content=\"Reducir S92 PRO za IBC cisterno (1\u2033) | IBCparts.eu\" \/>\n<meta property=\"og:description\" content=\"Reducir S92 PRO za IBC cisterno z redkim navojem fi 92 mm (korak 4 mm) in notranjim BSP navojem 1\u2033. Zelo mo\u010dna PP izvedba z zanesljivim tesnjenjem.\" \/>\n<meta property=\"og:url\" content=\"https:\/\/ibcparts.eu\/hr\/proizvod\/reducir-iz-s92-na-1\/\" \/>\n<meta property=\"og:site_name\" content=\"IBCparts.eu\" \/>\n<meta property=\"article:modified_time\" content=\"2026-01-13T13:20:30+00:00\" \/>\n<meta property=\"og:image\" content=\"https:\/\/ibcparts.eu\/wp-content\/uploads\/2021\/11\/dd.jpg\" \/>\n\t<meta property=\"og:image:width\" content=\"500\" \/>\n\t<meta property=\"og:image:height\" content=\"500\" \/>\n\t<meta property=\"og:image:type\" content=\"image\/jpeg\" \/>\n<meta name=\"twitter:card\" content=\"summary_large_image\" \/>\n<script type=\"application\/ld+json\" class=\"yoast-schema-graph\">{\"@context\":\"https:\/\/schema.org\",\"@graph\":[{\"@type\":\"WebPage\",\"@id\":\"https:\/\/ibcparts.eu\/izdelek\/reducir-iz-s92-na-1\/\",\"url\":\"https:\/\/ibcparts.eu\/izdelek\/reducir-iz-s92-na-1\/\",\"name\":\"Reducir S92 PRO za IBC cisterno (1\u2033) | IBCparts.eu\",\"isPartOf\":{\"@id\":\"https:\/\/ibcparts.eu\/#website\"},\"primaryImageOfPage\":{\"@id\":\"https:\/\/ibcparts.eu\/izdelek\/reducir-iz-s92-na-1\/#primaryimage\"},\"image\":{\"@id\":\"https:\/\/ibcparts.eu\/izdelek\/reducir-iz-s92-na-1\/#primaryimage\"},\"thumbnailUrl\":\"https:\/\/ibcparts.eu\/wp-content\/uploads\/2021\/11\/dd.jpg\",\"datePublished\":\"2021-11-09T09:13:22+00:00\",\"dateModified\":\"2026-01-13T13:20:30+00:00\",\"description\":\"Reducir S92 PRO za IBC cisterno z redkim navojem fi 92 mm (korak 4 mm) in notranjim BSP navojem 1\u2033. Zelo mo\u010dna PP izvedba z zanesljivim tesnjenjem.\",\"breadcrumb\":{\"@id\":\"https:\/\/ibcparts.eu\/izdelek\/reducir-iz-s92-na-1\/#breadcrumb\"},\"inLanguage\":\"hr\",\"potentialAction\":[{\"@type\":\"ReadAction\",\"target\":[\"https:\/\/ibcparts.eu\/izdelek\/reducir-iz-s92-na-1\/\"]}]},{\"@type\":\"ImageObject\",\"inLanguage\":\"hr\",\"@id\":\"https:\/\/ibcparts.eu\/izdelek\/reducir-iz-s92-na-1\/#primaryimage\",\"url\":\"https:\/\/ibcparts.eu\/wp-content\/uploads\/2021\/11\/dd.jpg\",\"contentUrl\":\"https:\/\/ibcparts.eu\/wp-content\/uploads\/2021\/11\/dd.jpg\",\"width\":500,\"height\":500},{\"@type\":\"BreadcrumbList\",\"@id\":\"https:\/\/ibcparts.eu\/izdelek\/reducir-iz-s92-na-1\/#breadcrumb\",\"itemListElement\":[{\"@type\":\"ListItem\",\"position\":1,\"name\":\"Home\",\"item\":\"https:\/\/ibcparts.eu\/\"},{\"@type\":\"ListItem\",\"position\":2,\"name\":\"Nakupujte\",\"item\":\"https:\/\/ibcparts.eu\/nakupujte\/\"},{\"@type\":\"ListItem\",\"position\":3,\"name\":\"Reducir S92 PRO za IBC cisterno (1\u2033)\"}]},{\"@type\":\"WebSite\",\"@id\":\"https:\/\/ibcparts.eu\/#website\",\"url\":\"https:\/\/ibcparts.eu\/\",\"name\":\"IBCparts.eu\",\"description\":\"\",\"publisher\":{\"@id\":\"https:\/\/ibcparts.eu\/#organization\"},\"potentialAction\":[{\"@type\":\"SearchAction\",\"target\":{\"@type\":\"EntryPoint\",\"urlTemplate\":\"https:\/\/ibcparts.eu\/?s={search_term_string}\"},\"query-input\":{\"@type\":\"PropertyValueSpecification\",\"valueRequired\":true,\"valueName\":\"search_term_string\"}}],\"inLanguage\":\"hr\"},{\"@type\":\"Organization\",\"@id\":\"https:\/\/ibcparts.eu\/#organization\",\"name\":\"IBCparts\",\"url\":\"https:\/\/ibcparts.eu\/\",\"logo\":{\"@type\":\"ImageObject\",\"inLanguage\":\"hr\",\"@id\":\"https:\/\/ibcparts.eu\/#\/schema\/logo\/image\/\",\"url\":\"https:\/\/ibcparts.eu\/wp-content\/uploads\/2021\/10\/Footer-Logo.png\",\"contentUrl\":\"https:\/\/ibcparts.eu\/wp-content\/uploads\/2021\/10\/Footer-Logo.png\",\"width\":1992,\"height\":772,\"caption\":\"IBCparts\"},\"image\":{\"@id\":\"https:\/\/ibcparts.eu\/#\/schema\/logo\/image\/\"}}]}<\/script>\n<!-- \/ Yoast SEO plugin. -->","yoast_head_json":{"title":"Reducir S92 PRO za IBC cisterno (1\u2033) | IBCparts.eu","description":"Reducir S92 PRO za IBC cisterno z redkim navojem fi 92 mm (korak 4 mm) in notranjim BSP navojem 1\u2033. Zelo mo\u010dna PP izvedba z zanesljivim tesnjenjem.","robots":{"index":"index","follow":"follow","max-snippet":"max-snippet:-1","max-image-preview":"max-image-preview:large","max-video-preview":"max-video-preview:-1"},"canonical":"https:\/\/ibcparts.eu\/hr\/proizvod\/reducir-iz-s92-na-1\/","og_locale":"hr_HR","og_type":"article","og_title":"Reducir S92 PRO za IBC cisterno (1\u2033) | IBCparts.eu","og_description":"Reducir S92 PRO za IBC cisterno z redkim navojem fi 92 mm (korak 4 mm) in notranjim BSP navojem 1\u2033. Zelo mo\u010dna PP izvedba z zanesljivim tesnjenjem.","og_url":"https:\/\/ibcparts.eu\/hr\/proizvod\/reducir-iz-s92-na-1\/","og_site_name":"IBCparts.eu","article_modified_time":"2026-01-13T13:20:30+00:00","og_image":[{"width":500,"height":500,"url":"https:\/\/ibcparts.eu\/wp-content\/uploads\/2021\/11\/dd.jpg","type":"image\/jpeg"}],"twitter_card":"summary_large_image","schema":{"@context":"https:\/\/schema.org","@graph":[{"@type":"WebPage","@id":"https:\/\/ibcparts.eu\/izdelek\/reducir-iz-s92-na-1\/","url":"https:\/\/ibcparts.eu\/izdelek\/reducir-iz-s92-na-1\/","name":"Reducir S92 PRO za IBC cisterno (1\u2033) | IBCparts.eu","isPartOf":{"@id":"https:\/\/ibcparts.eu\/#website"},"primaryImageOfPage":{"@id":"https:\/\/ibcparts.eu\/izdelek\/reducir-iz-s92-na-1\/#primaryimage"},"image":{"@id":"https:\/\/ibcparts.eu\/izdelek\/reducir-iz-s92-na-1\/#primaryimage"},"thumbnailUrl":"https:\/\/ibcparts.eu\/wp-content\/uploads\/2021\/11\/dd.jpg","datePublished":"2021-11-09T09:13:22+00:00","dateModified":"2026-01-13T13:20:30+00:00","description":"Reducir S92 PRO za IBC cisterno z redkim navojem fi 92 mm (korak 4 mm) in notranjim BSP navojem 1\u2033. Zelo mo\u010dna PP izvedba z zanesljivim tesnjenjem.","breadcrumb":{"@id":"https:\/\/ibcparts.eu\/izdelek\/reducir-iz-s92-na-1\/#breadcrumb"},"inLanguage":"hr","potentialAction":[{"@type":"ReadAction","target":["https:\/\/ibcparts.eu\/izdelek\/reducir-iz-s92-na-1\/"]}]},{"@type":"ImageObject","inLanguage":"hr","@id":"https:\/\/ibcparts.eu\/izdelek\/reducir-iz-s92-na-1\/#primaryimage","url":"https:\/\/ibcparts.eu\/wp-content\/uploads\/2021\/11\/dd.jpg","contentUrl":"https:\/\/ibcparts.eu\/wp-content\/uploads\/2021\/11\/dd.jpg","width":500,"height":500},{"@type":"BreadcrumbList","@id":"https:\/\/ibcparts.eu\/izdelek\/reducir-iz-s92-na-1\/#breadcrumb","itemListElement":[{"@type":"ListItem","position":1,"name":"Home","item":"https:\/\/ibcparts.eu\/"},{"@type":"ListItem","position":2,"name":"Nakupujte","item":"https:\/\/ibcparts.eu\/nakupujte\/"},{"@type":"ListItem","position":3,"name":"Reducir S92 PRO za IBC cisterno (1\u2033)"}]},{"@type":"WebSite","@id":"https:\/\/ibcparts.eu\/#website","url":"https:\/\/ibcparts.eu\/","name":"IBCparts.eu","description":"","publisher":{"@id":"https:\/\/ibcparts.eu\/#organization"},"potentialAction":[{"@type":"SearchAction","target":{"@type":"EntryPoint","urlTemplate":"https:\/\/ibcparts.eu\/?s={search_term_string}"},"query-input":{"@type":"PropertyValueSpecification","valueRequired":true,"valueName":"search_term_string"}}],"inLanguage":"hr"},{"@type":"Organization","@id":"https:\/\/ibcparts.eu\/#organization","name":"Dijelovi IBC-a","url":"https:\/\/ibcparts.eu\/","logo":{"@type":"ImageObject","inLanguage":"hr","@id":"https:\/\/ibcparts.eu\/#\/schema\/logo\/image\/","url":"https:\/\/ibcparts.eu\/wp-content\/uploads\/2021\/10\/Footer-Logo.png","contentUrl":"https:\/\/ibcparts.eu\/wp-content\/uploads\/2021\/10\/Footer-Logo.png","width":1992,"height":772,"caption":"IBCparts"},"image":{"@id":"https:\/\/ibcparts.eu\/#\/schema\/logo\/image\/"}}]}},"_links":{"self":[{"href":"https:\/\/ibcparts.eu\/hr\/wp-json\/wp\/v2\/product\/7455","targetHints":{"allow":["GET"]}}],"collection":[{"href":"https:\/\/ibcparts.eu\/hr\/wp-json\/wp\/v2\/product"}],"about":[{"href":"https:\/\/ibcparts.eu\/hr\/wp-json\/wp\/v2\/types\/product"}],"version-history":[{"count":3,"href":"https:\/\/ibcparts.eu\/hr\/wp-json\/wp\/v2\/product\/7455\/revisions"}],"predecessor-version":[{"id":20208,"href":"https:\/\/ibcparts.eu\/hr\/wp-json\/wp\/v2\/product\/7455\/revisions\/20208"}],"wp:featuredmedia":[{"embeddable":true,"href":"https:\/\/ibcparts.eu\/hr\/wp-json\/wp\/v2\/media\/14659"}],"wp:attachment":[{"href":"https:\/\/ibcparts.eu\/hr\/wp-json\/wp\/v2\/media?parent=7455"}],"wp:term":[{"taxonomy":"product_brand","embeddable":true,"href":"https:\/\/ibcparts.eu\/hr\/wp-json\/wp\/v2\/product_brand?post=7455"},{"taxonomy":"product_cat","embeddable":true,"href":"https:\/\/ibcparts.eu\/hr\/wp-json\/wp\/v2\/product_cat?post=7455"},{"taxonomy":"product_tag","embeddable":true,"href":"https:\/\/ibcparts.eu\/hr\/wp-json\/wp\/v2\/product_tag?post=7455"}],"curies":[{"name":"wp","href":"https:\/\/api.w.org\/{rel}","templated":true}]}}