{"id":7124,"date":"2021-11-04T09:51:22","date_gmt":"2021-11-04T09:51:22","guid":{"rendered":"https:\/\/ibcparts.eu\/?post_type=product&#038;p=7124"},"modified":"2026-01-06T13:41:18","modified_gmt":"2026-01-06T12:41:18","slug":"sistem-4x-pro","status":"publish","type":"product","link":"https:\/\/ibcparts.eu\/hr\/proizvod\/sistem-4x-pro\/","title":{"rendered":"4X PRO"},"content":{"rendered":"<p style=\"text-align: center;\"><strong>Video prikaz sestavljanja 4x PRO sistema:<\/strong><br \/>\n<span style=\"color: #515151;\"><br \/>\nV paketu obi\u010dajno dobite trak \u017ee na navojih, kjer so potrebni ali pa je trak prilo\u017een.<\/span><\/p>\n<p><iframe title=\"How to connect four IBC containers (two stacked atop the other) to form a water harvesting system.\" width=\"500\" height=\"281\" src=\"https:\/\/www.youtube.com\/embed\/Bt3LsHn-2Sk?start=23&#038;feature=oembed\" frameborder=\"0\" allow=\"accelerometer; autoplay; clipboard-write; encrypted-media; gyroscope; picture-in-picture; web-share\" referrerpolicy=\"strict-origin-when-cross-origin\" allowfullscreen><\/iframe><\/p>\n<p>&nbsp;<\/p>\n<h4>Spodnja cisterna mora imeti omogo\u010deno odzra\u010devanje, da se voda nemoteno pretaka preko ventilov.<\/h4>\n<p><img decoding=\"async\" class=\"aligncenter\" src=\"https:\/\/www.namoci.si\/uploads\/1\/1\/7\/5\/117519317\/published\/duo-vertikal-gif1.gif?1661170515\" alt=\"Picture\" \/><\/p>\n<p><strong>To najla\u017eje in najceneje storite na slede\u010de na\u010dine:<\/strong><\/p>\n<p><img decoding=\"async\" class=\"\" src=\"https:\/\/ibcparts.eu\/wp-content\/uploads\/2021\/11\/pokrov-hoseflow-1.png\" sizes=\"(max-width: 500px) 100vw, 500px\" srcset=\"https:\/\/ibcparts.eu\/wp-content\/uploads\/2021\/11\/pokrov-hoseflow-1.png 500w, https:\/\/ibcparts.eu\/wp-content\/uploads\/2021\/11\/pokrov-hoseflow-1-300x300.png 300w, https:\/\/ibcparts.eu\/wp-content\/uploads\/2021\/11\/pokrov-hoseflow-1-150x150.png 150w, https:\/\/ibcparts.eu\/wp-content\/uploads\/2021\/11\/pokrov-hoseflow-1-12x12.png 12w\" alt=\"\" width=\"303\" height=\"303\" \/><br \/>\n<img decoding=\"async\" class=\"\" src=\"https:\/\/ibcparts.eu\/wp-content\/uploads\/2021\/11\/lower-ibc-venting_orig.jpg\" sizes=\"(max-width: 827px) 100vw, 827px\" srcset=\"https:\/\/ibcparts.eu\/wp-content\/uploads\/2021\/11\/lower-ibc-venting_orig.jpg 827w, https:\/\/ibcparts.eu\/wp-content\/uploads\/2021\/11\/lower-ibc-venting_orig-300x300.jpg 300w, https:\/\/ibcparts.eu\/wp-content\/uploads\/2021\/11\/lower-ibc-venting_orig-150x150.jpg 150w, https:\/\/ibcparts.eu\/wp-content\/uploads\/2021\/11\/lower-ibc-venting_orig-768x768.jpg 768w, https:\/\/ibcparts.eu\/wp-content\/uploads\/2021\/11\/lower-ibc-venting_orig-12x12.jpg 12w, https:\/\/ibcparts.eu\/wp-content\/uploads\/2021\/11\/lower-ibc-venting_orig-600x600.jpg 600w\" alt=\"\" width=\"363\" height=\"363\" \/><\/p>\n<p>Na spodnji cisterni uporabite Pokrov HoseFlow (na sliki)- na katerega priklopite vrtno cev.\u00a0 Drug konec cevi fiksirate nad vi\u0161ino, kjer voda prite\u010de v zgornjo cisterno (npr. kjer imate odcep iz \u017eleba &#8211; obi\u010dajno je dovolj 200cm cevi). Tako se bo spodnja cisterna lahko nemoteno polnila preko ventila.<\/p>\n<p><strong>Bodite pozorni na to, da ta artikel lahko uporabite le, \u010de imate cisterni na kovinski paleti oz., \u010de cisterna nima sredinske noge.<\/strong><\/p>\n<p><a href=\"https:\/\/ibcparts.eu\/izdelek\/pokrov-hoseflow\/\">Pokrov HoseFlow (nova verzija!)<\/a><\/p>\n<p>\u010ce \u017ee imate pokrov z navojem na sredini, lahko uporabite:<\/p>\n<p><img decoding=\"async\" src=\"https:\/\/ibcparts.eu\/wp-content\/uploads\/2021\/11\/airvent.png\" sizes=\"(max-width: 238px) 100vw, 238px\" srcset=\"https:\/\/ibcparts.eu\/wp-content\/uploads\/2021\/11\/airvent.png 238w, https:\/\/ibcparts.eu\/wp-content\/uploads\/2021\/11\/airvent-150x150.png 150w, https:\/\/ibcparts.eu\/wp-content\/uploads\/2021\/11\/airvent-12x12.png 12w\" alt=\"\" width=\"238\" height=\"238\" \/><\/p>\n<p><a href=\"https:\/\/ibcparts.eu\/izdelek\/oddusnik-easy\/\"><strong>Od<\/strong><strong>du\u0161nik AirVent<\/strong><\/a><\/p>\n<p><strong>Bodite pozorni na to, da ta artikel lahko uporabite le, \u010de imate cisterni na kovinski paleti oz., \u010de cisterna nima sredinske noge.<\/strong><\/p>\n<p>\u010ce imate cisterno, ki ima sredinsko nogo in le-ta sedi na pokrovu spodnje cisterne, lahko zadevo re\u0161ite podobno z na\u0161imi <a href=\"https:\/\/ibcparts.eu\/kategorije\/skozniki\/\"><strong>skozniki<\/strong> <\/a>&#8211; priporo\u010dljivo <strong>20 ali 25mm<\/strong>.<\/p>\n<p>Le da boste v tem primeru morali izvrtati primerno luknjo na zgornjem delu spodnje cisterne &#8211; najla\u017eje nekje ob pokrovu.<\/p>\n<p><img decoding=\"async\" class=\"alignnone wp-image-18620\" src=\"http:\/\/ibcparts.eu\/wp-content\/uploads\/2023\/03\/Skoznik-FlowTek-Bend-300x300.png\" alt=\"Skoznik FlowTek Bend (15mm, 20mm, 25mm, 50mm)\" width=\"213\" height=\"213\" srcset=\"https:\/\/ibcparts.eu\/wp-content\/uploads\/2023\/03\/Skoznik-FlowTek-Bend-300x300.png 300w, https:\/\/ibcparts.eu\/wp-content\/uploads\/2023\/03\/Skoznik-FlowTek-Bend-150x150.png 150w, https:\/\/ibcparts.eu\/wp-content\/uploads\/2023\/03\/Skoznik-FlowTek-Bend-12x12.png 12w, https:\/\/ibcparts.eu\/wp-content\/uploads\/2023\/03\/Skoznik-FlowTek-Bend.png 499w\" sizes=\"(max-width: 213px) 100vw, 213px\" \/><\/p>\n<p><strong><a href=\"https:\/\/ibcparts.eu\/izdelek\/skoznik-flowtek-bend\/\">Skozniki FlowTek Bend<\/a><\/strong><\/p>\n<p><strong>Nasvet!<\/strong><br \/>\nZelo priporo\u010dljivo je, da gre voda pri vstopu v cisterno skozi filter, saj se s tem izognemo gnitju, plesni in pretiranemu razmno\u017eevanju mikroorganizmov v cisterni.<br \/>\nV ponudbi filtri padne vode za monta\u017eo na cev z \u017eleba, ki filtrirajo ve\u010dje ne\u010disto\u010de (listje, mah itd).<br \/>\nImamo tudi razli\u010dne fine filtre za monta\u017eo na samo IBC cisterno.<br \/>\nZagotovite si, da bo voda v cisternah ostala \u010dista kar se da dolgo. <a href=\"https:\/\/ibcparts.eu\/izdelek\/zascitna-ponjava-tarp-za-ibc-cisterno\/\">Z UV za\u0161\u010ditnim pregrinjalom za IBC cisterno<\/a> razvoj mikroorganizmov \u0161e bolj omejimo.<\/p>\n<p><img decoding=\"async\" class=\"alignleft\" src=\"https:\/\/www.namoci.si\/uploads\/1\/1\/7\/5\/117519317\/povezava-ibc-cistern-duo-vertikal-z-opcijo-duo-plus-31_orig.jpg\" alt=\"Opcija PLUS za IBC cisterno\" width=\"214\" height=\"214\" \/><\/p>\n<p>&nbsp;<\/p>\n<p>&nbsp;<\/p>\n<p>&nbsp;<\/p>\n<p>&nbsp;<\/p>\n<p>&nbsp;<\/p>\n<p>&nbsp;<\/p>\n<p><strong><span style=\"color: #6cb83a;\">Opcija PLUS!<\/span><\/strong><\/p>\n<p>Izberete lahko tudi opcijo <strong>PLUS<\/strong>. S tem pridobite dodaten izhod za vrtno cev -glejte sliko.<br \/>\nNa ta na\u010din lahko cisterno tudi popolnoma izpraznite, brez da bi posegali v sistem.<\/p>","protected":false},"excerpt":{"rendered":"<p><span style=\"font-size: large;\">Sistem za povezavo \u0161tirih IBC cistern.<\/span><\/p>\n<p><strong><span style=\"font-size: medium;\"><span style=\"color: #5fa233;\">Polo\u017eaj pipe je lahko na kateri koli izmed cevi\u00a0<\/span><\/span><\/strong><span style=\"font-size: medium;\"><span style=\"color: #626262;\">&#8211; pri monta\u017ei se odlo\u010dite se sami.<\/span><\/span><\/p>\n<p><strong><span style=\"font-size: medium;\"><span style=\"color: #508d24;\">CENA:<\/span><\/span><\/strong><br \/>\n<strong><span style=\"color: #508d24; font-size: medium;\">\u200b<\/span><\/strong>\u0161t.artikla: #570b,\u00a0<strong>4XP1<\/strong>:\u00a0<strong><span style=\"color: #508d24; font-size: medium;\">103,50\u20ac\u00a0<\/span><\/strong>(kovinska pipa 3\/4&#8243;GardeFlow*).<br \/>\n<strong><span style=\"color: #508d24; font-size: medium;\">\u200b<\/span><\/strong>\u0161t.artikla: #570c,\u00a0<strong>4XP2<\/strong>:\u00a0<strong><span style=\"color: #508d24; font-size: medium;\">104,50\u20ac\u00a0<\/span><\/strong>(kovinska pipa 3\/4&#8221; HighFlow*).<br \/>\n<strong><span style=\"color: #508d24; font-size: medium;\">\u200b<\/span><\/strong>\u0161t.artikla: #570d,\u00a0<strong>4XP3<\/strong>:\u00a0<strong><span style=\"color: #508d24; font-size: medium;\">113,50\u20ac\u00a0<\/span><\/strong>(<u>dvojna\u00a0<\/u>kovinska pipa 1\/2&#8243; PRO*).<br \/>\n<strong><span style=\"color: #508d24; font-size: medium;\">\u200b<\/span><\/strong>\u0161t.artikla: #570e,\u00a0<strong>4XP4<\/strong>:\u00a0<strong><span style=\"color: #508d24; font-size: medium;\">117,50\u20ac\u00a0<\/span><\/strong>(<u>dvojna\u00a0<\/u>kovinska pipa 3\/4 PRO*).<br \/>\n\u0161t.artikla: #570f,\u00a0<strong>4XP5<\/strong>:\u00a0<strong><span style=\"color: #508d24; font-size: medium;\">109,50\u20ac\u00a0<\/span><\/strong>(kovinska pipa 1&#8243;*).<br \/>\n\u0161t.artikla: #570g,\u00a0<strong>4XP6<\/strong>:\u00a0<strong><span style=\"color: #508d24; font-size: medium;\">109,50\u20ac\u00a0<\/span><\/strong>(kovinska pipa 1&#8243; QuickFlow*).<br \/>\n\u0161t.artikla: #570h,\u00a0<strong>4XP7<\/strong>:\u00a0<strong><span style=\"color: #508d24; font-size: medium;\">109,50\u20ac\u00a0<\/span><\/strong>(kovinski ventil 3\/4&#8243; + nastavek*).<br \/>\n\u0161t.artikla: #570i,\u00a0<strong>4XP8<\/strong>:\u00a0<strong><span style=\"color: #508d24; font-size: medium;\">111,50\u20ac\u00a0<\/span><\/strong>(kovinski ventil 1&#8243; + nastavek*).<br \/>\n\u0161t.artikla: #570j,\u00a0<strong>4XP9<\/strong>:\u00a0<strong><span style=\"color: #508d24; font-size: medium;\">111,50\u20ac\u00a0<\/span><\/strong>(plasti\u010dni ventil 1&#8243; + nastavek*).<\/p>\n<p>Zelo enostavna monta\u017ea.<br \/>\n\u200b\u200b<strong><span style=\"font-size: medium;\">\u017de sestavljeno za vas.<\/span><\/strong><\/p>\n<p><span style=\"font-size: large;\">\u200b<\/span><br \/>\n<strong>Paket vsebuje:<\/strong><br \/>\n4x reducir AVA\u00a0za cisterne z ventilom fi 55-62mm, grobi navoj S60x6 (DN50)., T-kos F 5x, koleno spoj 4x, cev, pipo, redukcijo.<\/p>\n<p><strong><span style=\"font-size: medium;\">Sedaj z gumijastimi tesnili EPDM GRATIS.<\/span><\/strong><\/p>\n<p><em><span style=\"font-size: medium;\">*Alkaten cevi so rahlo ukrivljene, ker so shranjene na kolutih. Uporabljamo MEHKE alkaten cevi, ki so bolj pro\u017ene in veliko enostavnej\u0161e za uporabo &#8211; pri monta\u017ei jih poravnate in ostanejo v tem polo\u017eaju.<\/span><\/em><\/p>\n<p>Tesnilo iz pene\u00a0(PE).\u00a0Odli\u010dno tesnjenje in visoka vzdr\u017eljivost!<\/p>\n<p><strong>*Ve\u010d informacij o pipah in ventilih lahko najdete\u00a0<a href=\"https:\/\/ibcparts.eu\/kategorije\/pipe-ventili-in-medeninasti-prikljucki\/\">tukaj<\/a>.<\/strong><\/p>\n<p><strong>Sestavimo tudi sistem po va\u0161ih \u017eeljah. Lahko tudi ve\u010d izhodov, ventil za priklop hidroforja, ve\u010d pip itd&#8230; Priklop hidroforja je najbolj prakti\u010den povsem na desni strani &#8211; zaradi smeri odpiranja ro\u010dke ventila.<\/strong><\/p>\n<p><strong>Za dodatna vpra\u0161anja in svetovanje nas kontaktirajte.<\/strong><\/p>","protected":false},"featured_media":12584,"template":"","meta":[],"product_brand":[],"product_cat":[190,189],"product_tag":[],"class_list":{"0":"post-7124","1":"product","2":"type-product","3":"status-publish","4":"has-post-thumbnail","6":"product_cat-sistemi-4x","7":"product_cat-sistemi-za-povezavo","9":"first","10":"instock","11":"shipping-taxable","12":"purchasable","13":"product-type-variable"},"yoast_head":"<!-- This site is optimized with the Yoast SEO plugin v27.1.1 - https:\/\/yoast.com\/product\/yoast-seo-wordpress\/ -->\n<title>4X PRO | IBCparts.eu<\/title>\n<meta name=\"description\" content=\"Sistem 4X PRO za povezavo \u0161tirih IBC cistern s postavitvijo ena na drugi (2+2).\" \/>\n<meta name=\"robots\" content=\"index, follow, max-snippet:-1, max-image-preview:large, max-video-preview:-1\" \/>\n<link rel=\"canonical\" href=\"https:\/\/ibcparts.eu\/hr\/proizvod\/sistem-4x-pro\/\" \/>\n<meta property=\"og:locale\" content=\"hr_HR\" \/>\n<meta property=\"og:type\" content=\"article\" \/>\n<meta property=\"og:title\" content=\"4X PRO | IBCparts.eu\" \/>\n<meta property=\"og:description\" content=\"Sistem 4X PRO za povezavo \u0161tirih IBC cistern s postavitvijo ena na drugi (2+2).\" \/>\n<meta property=\"og:url\" content=\"https:\/\/ibcparts.eu\/hr\/proizvod\/sistem-4x-pro\/\" \/>\n<meta property=\"og:site_name\" content=\"IBCparts.eu\" \/>\n<meta property=\"article:modified_time\" content=\"2026-01-06T12:41:18+00:00\" \/>\n<meta property=\"og:image\" content=\"https:\/\/ibcparts.eu\/wp-content\/uploads\/2022\/01\/4X-PRO.jpg\" \/>\n\t<meta property=\"og:image:width\" content=\"1181\" \/>\n\t<meta property=\"og:image:height\" content=\"1181\" \/>\n\t<meta property=\"og:image:type\" content=\"image\/jpeg\" \/>\n<meta name=\"twitter:card\" content=\"summary_large_image\" \/>\n<script type=\"application\/ld+json\" class=\"yoast-schema-graph\">{\"@context\":\"https:\/\/schema.org\",\"@graph\":[{\"@type\":\"WebPage\",\"@id\":\"https:\/\/ibcparts.eu\/izdelek\/sistem-4x-pro\/\",\"url\":\"https:\/\/ibcparts.eu\/izdelek\/sistem-4x-pro\/\",\"name\":\"4X PRO | IBCparts.eu\",\"isPartOf\":{\"@id\":\"https:\/\/ibcparts.eu\/#website\"},\"primaryImageOfPage\":{\"@id\":\"https:\/\/ibcparts.eu\/izdelek\/sistem-4x-pro\/#primaryimage\"},\"image\":{\"@id\":\"https:\/\/ibcparts.eu\/izdelek\/sistem-4x-pro\/#primaryimage\"},\"thumbnailUrl\":\"https:\/\/ibcparts.eu\/wp-content\/uploads\/2022\/01\/4X-PRO.jpg\",\"datePublished\":\"2021-11-04T09:51:22+00:00\",\"dateModified\":\"2026-01-06T12:41:18+00:00\",\"description\":\"Sistem 4X PRO za povezavo \u0161tirih IBC cistern s postavitvijo ena na drugi (2+2).\",\"breadcrumb\":{\"@id\":\"https:\/\/ibcparts.eu\/izdelek\/sistem-4x-pro\/#breadcrumb\"},\"inLanguage\":\"hr\",\"potentialAction\":[{\"@type\":\"ReadAction\",\"target\":[\"https:\/\/ibcparts.eu\/izdelek\/sistem-4x-pro\/\"]}]},{\"@type\":\"ImageObject\",\"inLanguage\":\"hr\",\"@id\":\"https:\/\/ibcparts.eu\/izdelek\/sistem-4x-pro\/#primaryimage\",\"url\":\"https:\/\/ibcparts.eu\/wp-content\/uploads\/2022\/01\/4X-PRO.jpg\",\"contentUrl\":\"https:\/\/ibcparts.eu\/wp-content\/uploads\/2022\/01\/4X-PRO.jpg\",\"width\":1181,\"height\":1181,\"caption\":\"4X PRO\"},{\"@type\":\"BreadcrumbList\",\"@id\":\"https:\/\/ibcparts.eu\/izdelek\/sistem-4x-pro\/#breadcrumb\",\"itemListElement\":[{\"@type\":\"ListItem\",\"position\":1,\"name\":\"Home\",\"item\":\"https:\/\/ibcparts.eu\/\"},{\"@type\":\"ListItem\",\"position\":2,\"name\":\"Nakupujte\",\"item\":\"https:\/\/ibcparts.eu\/nakupujte\/\"},{\"@type\":\"ListItem\",\"position\":3,\"name\":\"4X PRO\"}]},{\"@type\":\"WebSite\",\"@id\":\"https:\/\/ibcparts.eu\/#website\",\"url\":\"https:\/\/ibcparts.eu\/\",\"name\":\"IBCparts.eu\",\"description\":\"\",\"publisher\":{\"@id\":\"https:\/\/ibcparts.eu\/#organization\"},\"potentialAction\":[{\"@type\":\"SearchAction\",\"target\":{\"@type\":\"EntryPoint\",\"urlTemplate\":\"https:\/\/ibcparts.eu\/?s={search_term_string}\"},\"query-input\":{\"@type\":\"PropertyValueSpecification\",\"valueRequired\":true,\"valueName\":\"search_term_string\"}}],\"inLanguage\":\"hr\"},{\"@type\":\"Organization\",\"@id\":\"https:\/\/ibcparts.eu\/#organization\",\"name\":\"IBCparts\",\"url\":\"https:\/\/ibcparts.eu\/\",\"logo\":{\"@type\":\"ImageObject\",\"inLanguage\":\"hr\",\"@id\":\"https:\/\/ibcparts.eu\/#\/schema\/logo\/image\/\",\"url\":\"https:\/\/ibcparts.eu\/wp-content\/uploads\/2021\/10\/Footer-Logo.png\",\"contentUrl\":\"https:\/\/ibcparts.eu\/wp-content\/uploads\/2021\/10\/Footer-Logo.png\",\"width\":1992,\"height\":772,\"caption\":\"IBCparts\"},\"image\":{\"@id\":\"https:\/\/ibcparts.eu\/#\/schema\/logo\/image\/\"}}]}<\/script>\n<!-- \/ Yoast SEO plugin. -->","yoast_head_json":{"title":"4X PRO | IBCparts.eu","description":"Sistem 4X PRO za povezavo \u0161tirih IBC cistern s postavitvijo ena na drugi (2+2).","robots":{"index":"index","follow":"follow","max-snippet":"max-snippet:-1","max-image-preview":"max-image-preview:large","max-video-preview":"max-video-preview:-1"},"canonical":"https:\/\/ibcparts.eu\/hr\/proizvod\/sistem-4x-pro\/","og_locale":"hr_HR","og_type":"article","og_title":"4X PRO | IBCparts.eu","og_description":"Sistem 4X PRO za povezavo \u0161tirih IBC cistern s postavitvijo ena na drugi (2+2).","og_url":"https:\/\/ibcparts.eu\/hr\/proizvod\/sistem-4x-pro\/","og_site_name":"IBCparts.eu","article_modified_time":"2026-01-06T12:41:18+00:00","og_image":[{"width":1181,"height":1181,"url":"https:\/\/ibcparts.eu\/wp-content\/uploads\/2022\/01\/4X-PRO.jpg","type":"image\/jpeg"}],"twitter_card":"summary_large_image","schema":{"@context":"https:\/\/schema.org","@graph":[{"@type":"WebPage","@id":"https:\/\/ibcparts.eu\/izdelek\/sistem-4x-pro\/","url":"https:\/\/ibcparts.eu\/izdelek\/sistem-4x-pro\/","name":"4X PRO | IBCparts.eu","isPartOf":{"@id":"https:\/\/ibcparts.eu\/#website"},"primaryImageOfPage":{"@id":"https:\/\/ibcparts.eu\/izdelek\/sistem-4x-pro\/#primaryimage"},"image":{"@id":"https:\/\/ibcparts.eu\/izdelek\/sistem-4x-pro\/#primaryimage"},"thumbnailUrl":"https:\/\/ibcparts.eu\/wp-content\/uploads\/2022\/01\/4X-PRO.jpg","datePublished":"2021-11-04T09:51:22+00:00","dateModified":"2026-01-06T12:41:18+00:00","description":"Sistem 4X PRO za povezavo \u0161tirih IBC cistern s postavitvijo ena na drugi (2+2).","breadcrumb":{"@id":"https:\/\/ibcparts.eu\/izdelek\/sistem-4x-pro\/#breadcrumb"},"inLanguage":"hr","potentialAction":[{"@type":"ReadAction","target":["https:\/\/ibcparts.eu\/izdelek\/sistem-4x-pro\/"]}]},{"@type":"ImageObject","inLanguage":"hr","@id":"https:\/\/ibcparts.eu\/izdelek\/sistem-4x-pro\/#primaryimage","url":"https:\/\/ibcparts.eu\/wp-content\/uploads\/2022\/01\/4X-PRO.jpg","contentUrl":"https:\/\/ibcparts.eu\/wp-content\/uploads\/2022\/01\/4X-PRO.jpg","width":1181,"height":1181,"caption":"4X PRO"},{"@type":"BreadcrumbList","@id":"https:\/\/ibcparts.eu\/izdelek\/sistem-4x-pro\/#breadcrumb","itemListElement":[{"@type":"ListItem","position":1,"name":"Home","item":"https:\/\/ibcparts.eu\/"},{"@type":"ListItem","position":2,"name":"Nakupujte","item":"https:\/\/ibcparts.eu\/nakupujte\/"},{"@type":"ListItem","position":3,"name":"4X PRO"}]},{"@type":"WebSite","@id":"https:\/\/ibcparts.eu\/#website","url":"https:\/\/ibcparts.eu\/","name":"IBCparts.eu","description":"","publisher":{"@id":"https:\/\/ibcparts.eu\/#organization"},"potentialAction":[{"@type":"SearchAction","target":{"@type":"EntryPoint","urlTemplate":"https:\/\/ibcparts.eu\/?s={search_term_string}"},"query-input":{"@type":"PropertyValueSpecification","valueRequired":true,"valueName":"search_term_string"}}],"inLanguage":"hr"},{"@type":"Organization","@id":"https:\/\/ibcparts.eu\/#organization","name":"Dijelovi IBC-a","url":"https:\/\/ibcparts.eu\/","logo":{"@type":"ImageObject","inLanguage":"hr","@id":"https:\/\/ibcparts.eu\/#\/schema\/logo\/image\/","url":"https:\/\/ibcparts.eu\/wp-content\/uploads\/2021\/10\/Footer-Logo.png","contentUrl":"https:\/\/ibcparts.eu\/wp-content\/uploads\/2021\/10\/Footer-Logo.png","width":1992,"height":772,"caption":"IBCparts"},"image":{"@id":"https:\/\/ibcparts.eu\/#\/schema\/logo\/image\/"}}]}},"_links":{"self":[{"href":"https:\/\/ibcparts.eu\/hr\/wp-json\/wp\/v2\/product\/7124","targetHints":{"allow":["GET"]}}],"collection":[{"href":"https:\/\/ibcparts.eu\/hr\/wp-json\/wp\/v2\/product"}],"about":[{"href":"https:\/\/ibcparts.eu\/hr\/wp-json\/wp\/v2\/types\/product"}],"version-history":[{"count":3,"href":"https:\/\/ibcparts.eu\/hr\/wp-json\/wp\/v2\/product\/7124\/revisions"}],"predecessor-version":[{"id":19875,"href":"https:\/\/ibcparts.eu\/hr\/wp-json\/wp\/v2\/product\/7124\/revisions\/19875"}],"wp:featuredmedia":[{"embeddable":true,"href":"https:\/\/ibcparts.eu\/hr\/wp-json\/wp\/v2\/media\/12584"}],"wp:attachment":[{"href":"https:\/\/ibcparts.eu\/hr\/wp-json\/wp\/v2\/media?parent=7124"}],"wp:term":[{"taxonomy":"product_brand","embeddable":true,"href":"https:\/\/ibcparts.eu\/hr\/wp-json\/wp\/v2\/product_brand?post=7124"},{"taxonomy":"product_cat","embeddable":true,"href":"https:\/\/ibcparts.eu\/hr\/wp-json\/wp\/v2\/product_cat?post=7124"},{"taxonomy":"product_tag","embeddable":true,"href":"https:\/\/ibcparts.eu\/hr\/wp-json\/wp\/v2\/product_tag?post=7124"}],"curies":[{"name":"wp","href":"https:\/\/api.w.org\/{rel}","templated":true}]}}