{"id":7048,"date":"2021-11-04T08:12:12","date_gmt":"2021-11-04T07:12:12","guid":{"rendered":"https:\/\/ibcparts.eu\/?post_type=product&#038;p=7048"},"modified":"2025-11-16T10:15:50","modified_gmt":"2025-11-16T09:15:50","slug":"waterboy","status":"publish","type":"product","link":"https:\/\/ibcparts.eu\/hr\/proizvod\/waterboy\/","title":{"rendered":"Waterboy"},"content":{"rendered":"<div data-elementor-type=\"product-post\" data-elementor-id=\"7048\" class=\"elementor elementor-7048\" data-elementor-post-type=\"product\">\n\t\t\t\t\t\t<section class=\"wd-negative-gap elementor-section elementor-top-section elementor-element elementor-element-ad0e221 elementor-section-boxed elementor-section-height-default elementor-section-height-default\" data-id=\"ad0e221\" data-element_type=\"section\" data-e-type=\"section\">\n\t\t\t\t\t\t<div class=\"elementor-container elementor-column-gap-default\">\n\t\t\t\t\t<div class=\"elementor-column elementor-col-100 elementor-top-column elementor-element elementor-element-3176bb7\" data-id=\"3176bb7\" data-element_type=\"column\" data-e-type=\"column\">\n\t\t\t<div class=\"elementor-widget-wrap elementor-element-populated\">\n\t\t\t\t\t\t<div class=\"elementor-element elementor-element-a819de9 elementor-widget elementor-widget-video\" data-id=\"a819de9\" data-element_type=\"widget\" data-e-type=\"widget\" data-settings=\"{&quot;video_type&quot;:&quot;hosted&quot;,&quot;controls&quot;:&quot;yes&quot;}\" data-widget_type=\"video.default\">\n\t\t\t\t<div class=\"elementor-widget-container\">\n\t\t\t\t\t\t\t<div class=\"e-hosted-video elementor-wrapper elementor-open-inline\">\n\t\t\t\t\t<video class=\"elementor-video\" src=\"https:\/\/ibcparts.eu\/wp-content\/uploads\/2022\/02\/waterboy_namoci_809.mp4\" controls=\"\" preload=\"metadata\" controlslist=\"nodownload\"><\/video>\n\t\t\t\t<\/div>\n\t\t\t\t\t\t<\/div>\n\t\t\t\t<\/div>\n\t\t\t\t\t<\/div>\n\t\t<\/div>\n\t\t\t\t\t<\/div>\n\t\t<\/section>\n\t\t\t\t<section class=\"wd-negative-gap elementor-section elementor-top-section elementor-element elementor-element-28114175 elementor-section-boxed elementor-section-height-default elementor-section-height-default\" data-id=\"28114175\" data-element_type=\"section\" data-e-type=\"section\">\n\t\t\t\t\t\t<div class=\"elementor-container elementor-column-gap-default\">\n\t\t\t\t\t<div class=\"elementor-column elementor-col-100 elementor-top-column elementor-element elementor-element-268b3702\" data-id=\"268b3702\" data-element_type=\"column\" data-e-type=\"column\">\n\t\t\t<div class=\"elementor-widget-wrap elementor-element-populated\">\n\t\t\t\t\t\t<div class=\"elementor-element elementor-element-52c9b785 color-scheme-inherit text-left elementor-widget elementor-widget-text-editor\" data-id=\"52c9b785\" data-element_type=\"widget\" data-e-type=\"widget\" data-widget_type=\"text-editor.default\">\n\t\t\t\t<div class=\"elementor-widget-container\">\n\t\t\t\t\t\t\t\t\t<p><span style=\"font-size: large;\"><strong>Informacije o artiklu:<\/strong><br \/>Kvaliteten avtomatski kapljalnik, namenjen za zalivanje rastlin v hi\u0161i in na vrtu.<\/span><\/p><p>Material: plastika\u00a0<br \/>Barva: Zelena in oran\u017ena<br \/>Skupna vi\u0161ina: 15cm<\/p><p>Waterboy je namakalna enota na katero se natakne pollitrska ali litrska plastenka z vodo ali pripravljenim hranilnim sredstvom.\u00a0<strong>Nastavite hitrost namakanja<\/strong>, zapi\u010dite na \u017eeleno meso v zemljo in stvar deluje*.<br \/>Odli\u010dno za obdobja, ko ste ve\u010d dni od doma.<\/p><p>Hitrost lahko nastavljate. Od 0-60 sekund \/ 1 kapljica. Torej, kapljica lahko prite\u010de na vsako sekundo ali pa \u010das med kapljicami poljubno podalj\u0161ate.<\/p><p><strong>Sedaj nova verzija s podporo, za \u0161e ve\u010djo stabilnost, tudi v rahli in\/ali mokri zemlji).<\/strong><\/p><p>Pri rahli zemlji uporabite 0,5L ali 1L plastenko (da ni prevelike te\u017ee), pri tr\u0161i zemlji lahko tudi 1,5L.<\/p><p>Nanj lahko nataknete tudi cevko in vodo speljete na \u017eeleno mesto (te opcije nimamo v ponudbi &#8211; prikazano je kot mo\u017ena re\u0161itev.<\/p><p>Uporabljajte v navpi\u010dnem polo\u017eaju.<\/p><p>*Plastenko je potrebno prebosti, da omogo\u010dite dotok zraka v plastenko. Najbolje na dnu plastenke.<\/p><p>Nova verzija ustreza vsem obi\u010dajnim vratovom plastenk, npr Coca cola, Zala, Radenska&#8230;<\/p>\t\t\t\t\t\t\t\t<\/div>\n\t\t\t\t<\/div>\n\t\t\t\t\t<\/div>\n\t\t<\/div>\n\t\t\t\t\t<\/div>\n\t\t<\/section>\n\t\t\t\t<\/div>","protected":false},"excerpt":{"rendered":"<p>https:\/\/ibcparts.eu\/wp-content\/uploads\/2022\/02\/waterboy_namoci_809.mp4 Informacije o izdelku: Kvaliteten avtomatski kapljalnik, namenjen za zalivanje rastlin v hi\u0161i in na vrtu. Material: plastika Barva: Zelena<\/p>","protected":false},"featured_media":7049,"template":"","meta":[],"product_brand":[],"product_cat":[187],"product_tag":[],"class_list":{"0":"post-7048","1":"product","2":"type-product","3":"status-publish","4":"has-post-thumbnail","6":"product_cat-pripomocki-za-pretakanje-tekocine","8":"first","9":"instock","10":"sale","11":"shipping-taxable","12":"purchasable","13":"product-type-simple"},"yoast_head":"<!-- This site is optimized with the Yoast SEO plugin v27.1.1 - https:\/\/yoast.com\/product\/yoast-seo-wordpress\/ -->\n<title>Waterboy | IBCparts.eu<\/title>\n<meta name=\"description\" content=\"Waterboy je namakalna enota na katero se natakne pollitrska ali litrska plastenka z vodo ali pripravljenim hranilnim sredstvom.\u00a0\" \/>\n<meta name=\"robots\" content=\"index, follow, max-snippet:-1, max-image-preview:large, max-video-preview:-1\" \/>\n<link rel=\"canonical\" href=\"https:\/\/ibcparts.eu\/hr\/produkt\/waterboy\/\" \/>\n<meta property=\"og:locale\" content=\"hr_HR\" \/>\n<meta property=\"og:type\" content=\"article\" \/>\n<meta property=\"og:title\" content=\"Waterboy | IBCparts.eu\" \/>\n<meta property=\"og:description\" content=\"Waterboy je namakalna enota na katero se natakne pollitrska ali litrska plastenka z vodo ali pripravljenim hranilnim sredstvom.\u00a0\" \/>\n<meta property=\"og:url\" content=\"https:\/\/ibcparts.eu\/hr\/produkt\/waterboy\/\" \/>\n<meta property=\"og:site_name\" content=\"IBCparts.eu\" \/>\n<meta property=\"article:modified_time\" content=\"2025-11-16T09:15:50+00:00\" \/>\n<meta property=\"og:image\" content=\"https:\/\/ibcparts.eu\/wp-content\/uploads\/2021\/11\/20210421-200742_orig.jpg\" \/>\n\t<meta property=\"og:image:width\" content=\"800\" \/>\n\t<meta property=\"og:image:height\" content=\"800\" \/>\n\t<meta property=\"og:image:type\" content=\"image\/jpeg\" \/>\n<meta name=\"twitter:card\" content=\"summary_large_image\" \/>\n<script type=\"application\/ld+json\" class=\"yoast-schema-graph\">{\"@context\":\"https:\/\/schema.org\",\"@graph\":[{\"@type\":\"WebPage\",\"@id\":\"https:\/\/ibcparts.eu\/de\/produkt\/waterboy\/\",\"url\":\"https:\/\/ibcparts.eu\/de\/produkt\/waterboy\/\",\"name\":\"Waterboy | IBCparts.eu\",\"isPartOf\":{\"@id\":\"https:\/\/ibcparts.eu\/#website\"},\"primaryImageOfPage\":{\"@id\":\"https:\/\/ibcparts.eu\/de\/produkt\/waterboy\/#primaryimage\"},\"image\":{\"@id\":\"https:\/\/ibcparts.eu\/de\/produkt\/waterboy\/#primaryimage\"},\"thumbnailUrl\":\"https:\/\/ibcparts.eu\/wp-content\/uploads\/2021\/11\/20210421-200742_orig.jpg\",\"datePublished\":\"2021-11-04T07:12:12+00:00\",\"dateModified\":\"2025-11-16T09:15:50+00:00\",\"description\":\"Waterboy je namakalna enota na katero se natakne pollitrska ali litrska plastenka z vodo ali pripravljenim hranilnim sredstvom.\u00a0\",\"breadcrumb\":{\"@id\":\"https:\/\/ibcparts.eu\/de\/produkt\/waterboy\/#breadcrumb\"},\"inLanguage\":\"hr\",\"potentialAction\":[{\"@type\":\"ReadAction\",\"target\":[\"https:\/\/ibcparts.eu\/de\/produkt\/waterboy\/\"]}]},{\"@type\":\"ImageObject\",\"inLanguage\":\"hr\",\"@id\":\"https:\/\/ibcparts.eu\/de\/produkt\/waterboy\/#primaryimage\",\"url\":\"https:\/\/ibcparts.eu\/wp-content\/uploads\/2021\/11\/20210421-200742_orig.jpg\",\"contentUrl\":\"https:\/\/ibcparts.eu\/wp-content\/uploads\/2021\/11\/20210421-200742_orig.jpg\",\"width\":800,\"height\":800,\"caption\":\"20210421-200742_orig\"},{\"@type\":\"BreadcrumbList\",\"@id\":\"https:\/\/ibcparts.eu\/de\/produkt\/waterboy\/#breadcrumb\",\"itemListElement\":[{\"@type\":\"ListItem\",\"position\":1,\"name\":\"Home\",\"item\":\"https:\/\/ibcparts.eu\/\"},{\"@type\":\"ListItem\",\"position\":2,\"name\":\"Nakupujte\",\"item\":\"https:\/\/ibcparts.eu\/nakupujte\/\"},{\"@type\":\"ListItem\",\"position\":3,\"name\":\"Waterboy\"}]},{\"@type\":\"WebSite\",\"@id\":\"https:\/\/ibcparts.eu\/#website\",\"url\":\"https:\/\/ibcparts.eu\/\",\"name\":\"IBCparts.eu\",\"description\":\"\",\"publisher\":{\"@id\":\"https:\/\/ibcparts.eu\/#organization\"},\"potentialAction\":[{\"@type\":\"SearchAction\",\"target\":{\"@type\":\"EntryPoint\",\"urlTemplate\":\"https:\/\/ibcparts.eu\/?s={search_term_string}\"},\"query-input\":{\"@type\":\"PropertyValueSpecification\",\"valueRequired\":true,\"valueName\":\"search_term_string\"}}],\"inLanguage\":\"hr\"},{\"@type\":\"Organization\",\"@id\":\"https:\/\/ibcparts.eu\/#organization\",\"name\":\"IBCparts\",\"url\":\"https:\/\/ibcparts.eu\/\",\"logo\":{\"@type\":\"ImageObject\",\"inLanguage\":\"hr\",\"@id\":\"https:\/\/ibcparts.eu\/#\/schema\/logo\/image\/\",\"url\":\"https:\/\/ibcparts.eu\/wp-content\/uploads\/2021\/10\/Footer-Logo.png\",\"contentUrl\":\"https:\/\/ibcparts.eu\/wp-content\/uploads\/2021\/10\/Footer-Logo.png\",\"width\":1992,\"height\":772,\"caption\":\"IBCparts\"},\"image\":{\"@id\":\"https:\/\/ibcparts.eu\/#\/schema\/logo\/image\/\"}}]}<\/script>\n<!-- \/ Yoast SEO plugin. -->","yoast_head_json":{"title":"Waterboy | IBCparts.eu","description":"Waterboy je namakalna enota na katero se natakne pollitrska ali litrska plastenka z vodo ali pripravljenim hranilnim sredstvom.\u00a0","robots":{"index":"index","follow":"follow","max-snippet":"max-snippet:-1","max-image-preview":"max-image-preview:large","max-video-preview":"max-video-preview:-1"},"canonical":"https:\/\/ibcparts.eu\/hr\/produkt\/waterboy\/","og_locale":"hr_HR","og_type":"article","og_title":"Waterboy | IBCparts.eu","og_description":"Waterboy je namakalna enota na katero se natakne pollitrska ali litrska plastenka z vodo ali pripravljenim hranilnim sredstvom.\u00a0","og_url":"https:\/\/ibcparts.eu\/hr\/produkt\/waterboy\/","og_site_name":"IBCparts.eu","article_modified_time":"2025-11-16T09:15:50+00:00","og_image":[{"width":800,"height":800,"url":"https:\/\/ibcparts.eu\/wp-content\/uploads\/2021\/11\/20210421-200742_orig.jpg","type":"image\/jpeg"}],"twitter_card":"summary_large_image","schema":{"@context":"https:\/\/schema.org","@graph":[{"@type":"WebPage","@id":"https:\/\/ibcparts.eu\/de\/produkt\/waterboy\/","url":"https:\/\/ibcparts.eu\/de\/produkt\/waterboy\/","name":"Waterboy | IBCparts.eu","isPartOf":{"@id":"https:\/\/ibcparts.eu\/#website"},"primaryImageOfPage":{"@id":"https:\/\/ibcparts.eu\/de\/produkt\/waterboy\/#primaryimage"},"image":{"@id":"https:\/\/ibcparts.eu\/de\/produkt\/waterboy\/#primaryimage"},"thumbnailUrl":"https:\/\/ibcparts.eu\/wp-content\/uploads\/2021\/11\/20210421-200742_orig.jpg","datePublished":"2021-11-04T07:12:12+00:00","dateModified":"2025-11-16T09:15:50+00:00","description":"Waterboy je namakalna enota na katero se natakne pollitrska ali litrska plastenka z vodo ali pripravljenim hranilnim sredstvom.\u00a0","breadcrumb":{"@id":"https:\/\/ibcparts.eu\/de\/produkt\/waterboy\/#breadcrumb"},"inLanguage":"hr","potentialAction":[{"@type":"ReadAction","target":["https:\/\/ibcparts.eu\/de\/produkt\/waterboy\/"]}]},{"@type":"ImageObject","inLanguage":"hr","@id":"https:\/\/ibcparts.eu\/de\/produkt\/waterboy\/#primaryimage","url":"https:\/\/ibcparts.eu\/wp-content\/uploads\/2021\/11\/20210421-200742_orig.jpg","contentUrl":"https:\/\/ibcparts.eu\/wp-content\/uploads\/2021\/11\/20210421-200742_orig.jpg","width":800,"height":800,"caption":"20210421-200742_orig"},{"@type":"BreadcrumbList","@id":"https:\/\/ibcparts.eu\/de\/produkt\/waterboy\/#breadcrumb","itemListElement":[{"@type":"ListItem","position":1,"name":"Home","item":"https:\/\/ibcparts.eu\/"},{"@type":"ListItem","position":2,"name":"Nakupujte","item":"https:\/\/ibcparts.eu\/nakupujte\/"},{"@type":"ListItem","position":3,"name":"Waterboy"}]},{"@type":"WebSite","@id":"https:\/\/ibcparts.eu\/#website","url":"https:\/\/ibcparts.eu\/","name":"IBCparts.eu","description":"","publisher":{"@id":"https:\/\/ibcparts.eu\/#organization"},"potentialAction":[{"@type":"SearchAction","target":{"@type":"EntryPoint","urlTemplate":"https:\/\/ibcparts.eu\/?s={search_term_string}"},"query-input":{"@type":"PropertyValueSpecification","valueRequired":true,"valueName":"search_term_string"}}],"inLanguage":"hr"},{"@type":"Organization","@id":"https:\/\/ibcparts.eu\/#organization","name":"Dijelovi IBC-a","url":"https:\/\/ibcparts.eu\/","logo":{"@type":"ImageObject","inLanguage":"hr","@id":"https:\/\/ibcparts.eu\/#\/schema\/logo\/image\/","url":"https:\/\/ibcparts.eu\/wp-content\/uploads\/2021\/10\/Footer-Logo.png","contentUrl":"https:\/\/ibcparts.eu\/wp-content\/uploads\/2021\/10\/Footer-Logo.png","width":1992,"height":772,"caption":"IBCparts"},"image":{"@id":"https:\/\/ibcparts.eu\/#\/schema\/logo\/image\/"}}]}},"_links":{"self":[{"href":"https:\/\/ibcparts.eu\/hr\/wp-json\/wp\/v2\/product\/7048","targetHints":{"allow":["GET"]}}],"collection":[{"href":"https:\/\/ibcparts.eu\/hr\/wp-json\/wp\/v2\/product"}],"about":[{"href":"https:\/\/ibcparts.eu\/hr\/wp-json\/wp\/v2\/types\/product"}],"version-history":[{"count":0,"href":"https:\/\/ibcparts.eu\/hr\/wp-json\/wp\/v2\/product\/7048\/revisions"}],"wp:featuredmedia":[{"embeddable":true,"href":"https:\/\/ibcparts.eu\/hr\/wp-json\/wp\/v2\/media\/7049"}],"wp:attachment":[{"href":"https:\/\/ibcparts.eu\/hr\/wp-json\/wp\/v2\/media?parent=7048"}],"wp:term":[{"taxonomy":"product_brand","embeddable":true,"href":"https:\/\/ibcparts.eu\/hr\/wp-json\/wp\/v2\/product_brand?post=7048"},{"taxonomy":"product_cat","embeddable":true,"href":"https:\/\/ibcparts.eu\/hr\/wp-json\/wp\/v2\/product_cat?post=7048"},{"taxonomy":"product_tag","embeddable":true,"href":"https:\/\/ibcparts.eu\/hr\/wp-json\/wp\/v2\/product_tag?post=7048"}],"curies":[{"name":"wp","href":"https:\/\/api.w.org\/{rel}","templated":true}]}}