{"id":7008,"date":"2021-11-04T07:29:16","date_gmt":"2021-11-04T06:29:16","guid":{"rendered":"https:\/\/ibcparts.eu\/?post_type=product&#038;p=7008"},"modified":"2026-02-17T09:46:17","modified_gmt":"2026-02-17T08:46:17","slug":"filter-dezevnice-quadro","status":"publish","type":"product","link":"https:\/\/ibcparts.eu\/hr\/proizvod\/quadro-filter-kisnice\/","title":{"rendered":"Filter za ki\u0161nicu QUADRO"},"content":{"rendered":"<p>Informacije o artiklu:<\/p>\n<p>Odli\u010den samo\u010distilni filter za de\u017eevnico.<\/p>\n<p>Odli\u010dna mehanska filtracija de\u017eevnice, speljane iz va\u0161e strehe.<br \/>\nFilter iz nerjave\u010de mre\u017eice.<br \/>\nZahvaljujo\u010d patentirani zasnovi filtra, listje ter ostale ne\u010disto\u010de obidejo filter in nadaljujejo pot po cevi navzdol. Tako v cisterno prite\u010de le prefiltrirana voda.<br \/>\nS tem prepre\u010dite tudi nabiranje alg v cisterni (\u010de uporabljate IBC cisterno, kot hranilnik vode) &#8211; v kombinaciji z UV za\u0161\u010dito za IBC je u\u010dinek \u0161e ve\u010dji.<br \/>\nOmogo\u010da hiter pretok vode (voda zaradi filtra ne zastaja!).<br \/>\nBrez zmanj\u0161anja preseka padne cevi po DIN 1986 \u2013 pomembno pri mo\u010dnih nalivih.<br \/>\nTrpe\u017ena izdelava (narejeno v Nem\u010diji) in odli\u010dna odpornost na vremenske vplive.<br \/>\nNamenjen je za dolgoletno uporabo.<br \/>\nPrimeren za cevi 70mm, 75mm, 100mm in 110mm (vklju\u010duje nastavke za redukcijo).<br \/>\nCev, speljana v cisterno je lahko dimenzije 40mm, 50mm in 75mm (redukcije vklju\u010dene v paket).<br \/>\nPrimeren za koli\u010dino vode s strehe s povr\u0161ino 100m2.<br \/>\nKljub samo\u010distilni funkciji, je priporo\u010dljiv ob\u010dasen pregled mre\u017eice.<br \/>\nOb ustrezni monta\u017ei lahko prepre\u010duje prelivanje (&#8220;overflow&#8221;) v cisterni (ko je cisterna polna).<\/p>\n<p>Material: plastika, nerjave\u010de jeklo<br \/>\nBoja: siva<\/p>\n<p>Cev s pre\u010di\u0161\u010deno vodo iz filtra lahko speljete v IBC cisterno na razli\u010dne na\u010dine. Preglejte na\u0161e druge izdelke in na\u0161li boste na\u010din, ki vam najbolj ustreza.<\/p>","protected":false},"excerpt":{"rendered":"<h2 data-start=\"2\" data-end=\"77\">Odli\u010den <strong>samo\u010distilni<\/strong> filter de\u017eevnice Quadro z u\u010dinkovito mehansko filtracijo.<\/h2>\n<ul>\n<li data-start=\"80\" data-end=\"171\">Patentirana zasnova: listje in ne\u010disto\u010de obidejo filter, v cisterno prite\u010de le \u010dista voda<\/li>\n<li data-start=\"174\" data-end=\"229\">Filter iz <strong>nerjave\u010de<\/strong> mre\u017eice za dolgo \u017eivljenjsko dobo<\/li>\n<li data-start=\"232\" data-end=\"267\">Hiter pretok vode <strong>brez zastajanja<\/strong><\/li>\n<li data-start=\"270\" data-end=\"328\">Brez zmanj\u0161anja preseka padne cevi (v skladu z DIN 1986)<\/li>\n<li data-start=\"331\" data-end=\"414\" class=\" translation-block\">Reduziert die Bildung von Algen in der Zisterne, insbesondere in Kombination mit der \n<strong><a href=\"https:\/\/ibcparts.eu\/de\/produkt\/schutzplane-tarp-fuer-ibc-tank\/\" target=\"_self\">\nUV-Schutzplane TARP\n<\/a><\/strong> f\u00fcr IBC-Tanks.<\/li>\n<li data-start=\"417\" data-end=\"485\"><strong>Trpe\u017ena izdelava<\/strong>, odporen na vremenske vplive (izdelano v Nem\u010diji)<\/li>\n<li data-start=\"488\" data-end=\"550\">Primeren za cevi <strong>70, 75, 100 in 110 mm<\/strong> (redukcije vklju\u010dene)<\/li>\n<li data-start=\"553\" data-end=\"623\">Izhod v cisterno mo\u017een za cevi <strong>40, 50 in 75 mm<\/strong> (redukcije vklju\u010dene)<\/li>\n<li data-start=\"626\" data-end=\"666\">Primeren za stre\u0161ne povr\u0161ine do 100 m\u00b2 &#8211; \u010disto odvisno od situacije na terenu.<\/li>\n<li data-start=\"669\" data-end=\"738\" class=\" translation-block\"><strong>Uz pravilnu monta\u017eu mogu\u0107e je sprije\u010diti prelijevanje IBC spremnika uz kori\u0161tenje poklopca \n<a href=\"https:\/\/ibcparts.eu\/hr\/artikl\/tritonflex\/\" target=\"_self\">TritonFlex\u00a9<\/a>\n<\/strong><\/li>\n<li data-start=\"669\" data-end=\"738\"><strong>Kombinacija s poklopcem TritonFlex omogu\u0107uje automatsko prikupljanje i dodatnu finu filtraciju.<\/strong><\/li>\n<li data-start=\"669\" data-end=\"738\">V steno cisterne ali rezervoarja lahko privijete <strong>Skoznik<\/strong> premera 50mm in ju na ta na\u010din pove\u017eete.<\/li>\n<li data-start=\"741\" data-end=\"808\">Kljub samo\u010distilni funkciji priporo\u010dljiv ob\u010dasni vizualni pregled.<\/li>\n<li data-start=\"811\" data-end=\"850\">Material: PP (UV odporen polipropilen) in nerjave\u010de jeklo<\/li>\n<li data-start=\"853\" data-end=\"864\">Boja: siva<\/li>\n<\/ul>\n<p>Primeri iz prakse v galeriji.<\/p>","protected":false},"featured_media":7009,"template":"","meta":[],"product_brand":[],"product_cat":[186],"product_tag":[483],"class_list":{"0":"post-7008","1":"product","2":"type-product","3":"status-publish","4":"has-post-thumbnail","6":"product_cat-filtri-za-dezevnico-in-pvc-redukcije","7":"product_tag-filter-dezevnice-quadro","9":"first","10":"instock","11":"sale","12":"featured","13":"shipping-taxable","14":"purchasable","15":"product-type-simple"},"yoast_head":"<!-- This site is optimized with the Yoast SEO plugin v27.1.1 - https:\/\/yoast.com\/product\/yoast-seo-wordpress\/ -->\n<title>Filter de\u017eevnice QUADRO | IBCparts.eu<\/title>\n<meta name=\"description\" content=\"Odli\u010dna mehanska filtracija de\u017eevnice, speljane iz va\u0161e strehe. Primeren za cevi 70mm, 75mm, 100mm in 110mm (vklju\u010duje nastavke za redukcijo).\" \/>\n<meta name=\"robots\" content=\"index, follow, max-snippet:-1, max-image-preview:large, max-video-preview:-1\" \/>\n<link rel=\"canonical\" href=\"https:\/\/ibcparts.eu\/hr\/proizvod\/quadro-filter-kisnice\/\" \/>\n<meta property=\"og:locale\" content=\"hr_HR\" \/>\n<meta property=\"og:type\" content=\"article\" \/>\n<meta property=\"og:title\" content=\"Filter de\u017eevnice QUADRO | IBCparts.eu\" \/>\n<meta property=\"og:description\" content=\"Odli\u010dna mehanska filtracija de\u017eevnice, speljane iz va\u0161e strehe. Primeren za cevi 70mm, 75mm, 100mm in 110mm (vklju\u010duje nastavke za redukcijo).\" \/>\n<meta property=\"og:url\" content=\"https:\/\/ibcparts.eu\/hr\/proizvod\/quadro-filter-kisnice\/\" \/>\n<meta property=\"og:site_name\" content=\"IBCparts.eu\" \/>\n<meta property=\"article:modified_time\" content=\"2026-02-17T08:46:17+00:00\" \/>\n<meta property=\"og:image\" content=\"https:\/\/ibcparts.eu\/wp-content\/uploads\/2021\/11\/filter-kvadratni-2_orig.jpg\" \/>\n\t<meta property=\"og:image:width\" content=\"591\" \/>\n\t<meta property=\"og:image:height\" content=\"591\" \/>\n\t<meta property=\"og:image:type\" content=\"image\/jpeg\" \/>\n<meta name=\"twitter:card\" content=\"summary_large_image\" \/>\n<meta name=\"twitter:label1\" content=\"Procijenjeno vrijeme \u010ditanja\" \/>\n\t<meta name=\"twitter:data1\" content=\"1 minuta\" \/>\n<script type=\"application\/ld+json\" class=\"yoast-schema-graph\">{\"@context\":\"https:\/\/schema.org\",\"@graph\":[{\"@type\":\"WebPage\",\"@id\":\"https:\/\/ibcparts.eu\/izdelek\/filter-dezevnice-quadro\/\",\"url\":\"https:\/\/ibcparts.eu\/izdelek\/filter-dezevnice-quadro\/\",\"name\":\"Filter de\u017eevnice QUADRO | IBCparts.eu\",\"isPartOf\":{\"@id\":\"https:\/\/ibcparts.eu\/#website\"},\"primaryImageOfPage\":{\"@id\":\"https:\/\/ibcparts.eu\/izdelek\/filter-dezevnice-quadro\/#primaryimage\"},\"image\":{\"@id\":\"https:\/\/ibcparts.eu\/izdelek\/filter-dezevnice-quadro\/#primaryimage\"},\"thumbnailUrl\":\"https:\/\/ibcparts.eu\/wp-content\/uploads\/2021\/11\/filter-kvadratni-2_orig.jpg\",\"datePublished\":\"2021-11-04T06:29:16+00:00\",\"dateModified\":\"2026-02-17T08:46:17+00:00\",\"description\":\"Odli\u010dna mehanska filtracija de\u017eevnice, speljane iz va\u0161e strehe. Primeren za cevi 70mm, 75mm, 100mm in 110mm (vklju\u010duje nastavke za redukcijo).\",\"breadcrumb\":{\"@id\":\"https:\/\/ibcparts.eu\/izdelek\/filter-dezevnice-quadro\/#breadcrumb\"},\"inLanguage\":\"hr\",\"potentialAction\":[{\"@type\":\"ReadAction\",\"target\":[\"https:\/\/ibcparts.eu\/izdelek\/filter-dezevnice-quadro\/\"]}]},{\"@type\":\"ImageObject\",\"inLanguage\":\"hr\",\"@id\":\"https:\/\/ibcparts.eu\/izdelek\/filter-dezevnice-quadro\/#primaryimage\",\"url\":\"https:\/\/ibcparts.eu\/wp-content\/uploads\/2021\/11\/filter-kvadratni-2_orig.jpg\",\"contentUrl\":\"https:\/\/ibcparts.eu\/wp-content\/uploads\/2021\/11\/filter-kvadratni-2_orig.jpg\",\"width\":591,\"height\":591,\"caption\":\"Filter de\u017eevnice Quadro\"},{\"@type\":\"BreadcrumbList\",\"@id\":\"https:\/\/ibcparts.eu\/izdelek\/filter-dezevnice-quadro\/#breadcrumb\",\"itemListElement\":[{\"@type\":\"ListItem\",\"position\":1,\"name\":\"Home\",\"item\":\"https:\/\/ibcparts.eu\/\"},{\"@type\":\"ListItem\",\"position\":2,\"name\":\"Nakupujte\",\"item\":\"https:\/\/ibcparts.eu\/nakupujte\/\"},{\"@type\":\"ListItem\",\"position\":3,\"name\":\"Filter de\u017eevnice QUADRO\"}]},{\"@type\":\"WebSite\",\"@id\":\"https:\/\/ibcparts.eu\/#website\",\"url\":\"https:\/\/ibcparts.eu\/\",\"name\":\"IBCparts.eu\",\"description\":\"\",\"publisher\":{\"@id\":\"https:\/\/ibcparts.eu\/#organization\"},\"potentialAction\":[{\"@type\":\"SearchAction\",\"target\":{\"@type\":\"EntryPoint\",\"urlTemplate\":\"https:\/\/ibcparts.eu\/?s={search_term_string}\"},\"query-input\":{\"@type\":\"PropertyValueSpecification\",\"valueRequired\":true,\"valueName\":\"search_term_string\"}}],\"inLanguage\":\"hr\"},{\"@type\":\"Organization\",\"@id\":\"https:\/\/ibcparts.eu\/#organization\",\"name\":\"IBCparts\",\"url\":\"https:\/\/ibcparts.eu\/\",\"logo\":{\"@type\":\"ImageObject\",\"inLanguage\":\"hr\",\"@id\":\"https:\/\/ibcparts.eu\/#\/schema\/logo\/image\/\",\"url\":\"https:\/\/ibcparts.eu\/wp-content\/uploads\/2021\/10\/Footer-Logo.png\",\"contentUrl\":\"https:\/\/ibcparts.eu\/wp-content\/uploads\/2021\/10\/Footer-Logo.png\",\"width\":1992,\"height\":772,\"caption\":\"IBCparts\"},\"image\":{\"@id\":\"https:\/\/ibcparts.eu\/#\/schema\/logo\/image\/\"}}]}<\/script>\n<!-- \/ Yoast SEO plugin. -->","yoast_head_json":{"title":"Filter de\u017eevnice QUADRO | IBCparts.eu","description":"Odli\u010dna mehanska filtracija de\u017eevnice, speljane iz va\u0161e strehe. Primeren za cevi 70mm, 75mm, 100mm in 110mm (vklju\u010duje nastavke za redukcijo).","robots":{"index":"index","follow":"follow","max-snippet":"max-snippet:-1","max-image-preview":"max-image-preview:large","max-video-preview":"max-video-preview:-1"},"canonical":"https:\/\/ibcparts.eu\/hr\/proizvod\/quadro-filter-kisnice\/","og_locale":"hr_HR","og_type":"article","og_title":"Filter de\u017eevnice QUADRO | IBCparts.eu","og_description":"Odli\u010dna mehanska filtracija de\u017eevnice, speljane iz va\u0161e strehe. Primeren za cevi 70mm, 75mm, 100mm in 110mm (vklju\u010duje nastavke za redukcijo).","og_url":"https:\/\/ibcparts.eu\/hr\/proizvod\/quadro-filter-kisnice\/","og_site_name":"IBCparts.eu","article_modified_time":"2026-02-17T08:46:17+00:00","og_image":[{"width":591,"height":591,"url":"https:\/\/ibcparts.eu\/wp-content\/uploads\/2021\/11\/filter-kvadratni-2_orig.jpg","type":"image\/jpeg"}],"twitter_card":"summary_large_image","twitter_misc":{"Procijenjeno vrijeme \u010ditanja":"1 minuta"},"schema":{"@context":"https:\/\/schema.org","@graph":[{"@type":"WebPage","@id":"https:\/\/ibcparts.eu\/izdelek\/filter-dezevnice-quadro\/","url":"https:\/\/ibcparts.eu\/izdelek\/filter-dezevnice-quadro\/","name":"Filter de\u017eevnice QUADRO | IBCparts.eu","isPartOf":{"@id":"https:\/\/ibcparts.eu\/#website"},"primaryImageOfPage":{"@id":"https:\/\/ibcparts.eu\/izdelek\/filter-dezevnice-quadro\/#primaryimage"},"image":{"@id":"https:\/\/ibcparts.eu\/izdelek\/filter-dezevnice-quadro\/#primaryimage"},"thumbnailUrl":"https:\/\/ibcparts.eu\/wp-content\/uploads\/2021\/11\/filter-kvadratni-2_orig.jpg","datePublished":"2021-11-04T06:29:16+00:00","dateModified":"2026-02-17T08:46:17+00:00","description":"Odli\u010dna mehanska filtracija de\u017eevnice, speljane iz va\u0161e strehe. Primeren za cevi 70mm, 75mm, 100mm in 110mm (vklju\u010duje nastavke za redukcijo).","breadcrumb":{"@id":"https:\/\/ibcparts.eu\/izdelek\/filter-dezevnice-quadro\/#breadcrumb"},"inLanguage":"hr","potentialAction":[{"@type":"ReadAction","target":["https:\/\/ibcparts.eu\/izdelek\/filter-dezevnice-quadro\/"]}]},{"@type":"ImageObject","inLanguage":"hr","@id":"https:\/\/ibcparts.eu\/izdelek\/filter-dezevnice-quadro\/#primaryimage","url":"https:\/\/ibcparts.eu\/wp-content\/uploads\/2021\/11\/filter-kvadratni-2_orig.jpg","contentUrl":"https:\/\/ibcparts.eu\/wp-content\/uploads\/2021\/11\/filter-kvadratni-2_orig.jpg","width":591,"height":591,"caption":"Filter de\u017eevnice Quadro"},{"@type":"BreadcrumbList","@id":"https:\/\/ibcparts.eu\/izdelek\/filter-dezevnice-quadro\/#breadcrumb","itemListElement":[{"@type":"ListItem","position":1,"name":"Home","item":"https:\/\/ibcparts.eu\/"},{"@type":"ListItem","position":2,"name":"Nakupujte","item":"https:\/\/ibcparts.eu\/nakupujte\/"},{"@type":"ListItem","position":3,"name":"Filter de\u017eevnice QUADRO"}]},{"@type":"WebSite","@id":"https:\/\/ibcparts.eu\/#website","url":"https:\/\/ibcparts.eu\/","name":"IBCparts.eu","description":"","publisher":{"@id":"https:\/\/ibcparts.eu\/#organization"},"potentialAction":[{"@type":"SearchAction","target":{"@type":"EntryPoint","urlTemplate":"https:\/\/ibcparts.eu\/?s={search_term_string}"},"query-input":{"@type":"PropertyValueSpecification","valueRequired":true,"valueName":"search_term_string"}}],"inLanguage":"hr"},{"@type":"Organization","@id":"https:\/\/ibcparts.eu\/#organization","name":"Dijelovi IBC-a","url":"https:\/\/ibcparts.eu\/","logo":{"@type":"ImageObject","inLanguage":"hr","@id":"https:\/\/ibcparts.eu\/#\/schema\/logo\/image\/","url":"https:\/\/ibcparts.eu\/wp-content\/uploads\/2021\/10\/Footer-Logo.png","contentUrl":"https:\/\/ibcparts.eu\/wp-content\/uploads\/2021\/10\/Footer-Logo.png","width":1992,"height":772,"caption":"IBCparts"},"image":{"@id":"https:\/\/ibcparts.eu\/#\/schema\/logo\/image\/"}}]}},"_links":{"self":[{"href":"https:\/\/ibcparts.eu\/hr\/wp-json\/wp\/v2\/product\/7008","targetHints":{"allow":["GET"]}}],"collection":[{"href":"https:\/\/ibcparts.eu\/hr\/wp-json\/wp\/v2\/product"}],"about":[{"href":"https:\/\/ibcparts.eu\/hr\/wp-json\/wp\/v2\/types\/product"}],"version-history":[{"count":5,"href":"https:\/\/ibcparts.eu\/hr\/wp-json\/wp\/v2\/product\/7008\/revisions"}],"predecessor-version":[{"id":20641,"href":"https:\/\/ibcparts.eu\/hr\/wp-json\/wp\/v2\/product\/7008\/revisions\/20641"}],"wp:featuredmedia":[{"embeddable":true,"href":"https:\/\/ibcparts.eu\/hr\/wp-json\/wp\/v2\/media\/7009"}],"wp:attachment":[{"href":"https:\/\/ibcparts.eu\/hr\/wp-json\/wp\/v2\/media?parent=7008"}],"wp:term":[{"taxonomy":"product_brand","embeddable":true,"href":"https:\/\/ibcparts.eu\/hr\/wp-json\/wp\/v2\/product_brand?post=7008"},{"taxonomy":"product_cat","embeddable":true,"href":"https:\/\/ibcparts.eu\/hr\/wp-json\/wp\/v2\/product_cat?post=7008"},{"taxonomy":"product_tag","embeddable":true,"href":"https:\/\/ibcparts.eu\/hr\/wp-json\/wp\/v2\/product_tag?post=7008"}],"curies":[{"name":"wp","href":"https:\/\/api.w.org\/{rel}","templated":true}]}}