{"id":6844,"date":"2021-10-20T20:38:35","date_gmt":"2021-10-20T19:38:35","guid":{"rendered":"https:\/\/ibcparts.eu\/?post_type=product&#038;p=6844"},"modified":"2026-03-03T08:05:56","modified_gmt":"2026-03-03T07:05:56","slug":"pokrov-hoseflow","status":"publish","type":"product","link":"https:\/\/ibcparts.eu\/hr\/proizvod\/hoseflow-poklopac-za-ibc-cisternu\/","title":{"rendered":"HoseFlow poklopac za IBC spremnik (nova verzija!)"},"content":{"rendered":"","protected":false},"excerpt":{"rendered":"<h2 data-start=\"81\" data-end=\"126\"><strong data-start=\"81\" data-end=\"126\">HoseFlow poklopac za IBC spremnik (nova pobolj\u0161ana verzija)<\/strong><\/h2>\n<p data-start=\"128\" data-end=\"340\">Poklopac HoseFlow DN150 (165 mm) namijenjen je IBC spremnicima i omogu\u0107uje jednostavno odzra\u010divanje preko priklju\u010dka za crijevo promjera 1\/2\u2033 (16 mm unutarnji promjer) ili 3\/4\u2033 (20 mm unutarnji promjer).<\/p>\n<p data-start=\"341\" data-end=\"392\" class=\" translation-block\"><strong>IZNIMNO NISKA IZVEDBA \u2013 o<\/strong><strong>ptimizirana visina za vertikalne sustave<\/strong><\/p>\n<p data-start=\"394\" data-end=\"657\" class=\" translation-block\">Kada se gornji IBC spremnik napuni, njegovo se dno pod te\u017einom teku\u0107ine lagano savije prema dolje.<br>Kod standardnih, vi\u0161ih poklopaca mo\u017ee do\u0107i do kontakta izme\u0111u dna gornjeg spremnika i priklju\u010dka donjeg \u2013 \u0161to zna\u010di rizik od o\u0161te\u0107enja, curenja ili \u010dak kvara sustava.<\/p>\n<p data-start=\"659\" data-end=\"720\" class=\" translation-block\">HoseFlow ima <strong>iznimno nisku konstrukciju<\/strong>, stoga:<\/p>\n<ul>\n<li data-start=\"724\" data-end=\"772\">dno gornjeg spremnika NE nasjeda na priklju\u010dak<\/li>\n<li data-start=\"775\" data-end=\"811\">nema mehani\u010dkih optere\u0107enja na spoju<\/li>\n<li data-start=\"814\" data-end=\"854\">kein Risiko f\u00fcr Sch\u00e4den oder Leckagen<\/li>\n<li data-start=\"857\" data-end=\"905\">sustav ostaje siguran i dugoro\u010dno pouzdan<\/li>\n<li>HoseFlow osigurava kontrolirani protok zraka i pouzdan rad \u010dak i u prisutnosti mogu\u0107ih ne\u010disto\u0107a u teku\u0107ini, \u0161to omogu\u0107uje sigurnu i u\u010dinkovitu upotrebu va\u0161eg IBC spremnika.<\/li>\n<\/ul>\n<p data-start=\"907\" data-end=\"988\">To je klju\u010dna prednost koja je va\u017ena kod sustava povezanih spremnika (DUO VERTIKAL, 4\u00d7 sustavi).<\/p>\n<ul>\n<li>Material: HDPE und PP<\/li>\n<li>Opcionalno s 200 cm 3\/4\u2033 armiranog crijeva.<\/li>\n<\/ul>","protected":false},"featured_media":16733,"template":"","meta":[],"product_brand":[],"product_cat":[182,263,261],"product_tag":[],"class_list":{"0":"post-6844","1":"product","2":"type-product","3":"status-publish","4":"has-post-thumbnail","6":"product_cat-ibc-cisterne-ventili-in-dodatki","7":"product_cat-oddusniki","8":"product_cat-pokrovi-za-ibc-cisterne","10":"first","11":"instock","12":"shipping-taxable","13":"purchasable","14":"product-type-variable"},"yoast_head":"<!-- This site is optimized with the Yoast SEO plugin v27.1.1 - https:\/\/yoast.com\/product\/yoast-seo-wordpress\/ -->\n<title>Pokrov HoseFlow za IBC cisterno (nova verzija!)<\/title>\n<meta name=\"description\" content=\"Pokrov 165 mm s priklju\u010dkom za cev 16 ali 20 mm. Uporaben npr. za odzra\u010devanje spodnje cisterne brez iztekanja, \u010de imate cisterni v povezavi ena nad drugo.\" \/>\n<meta name=\"robots\" content=\"index, follow, max-snippet:-1, max-image-preview:large, max-video-preview:-1\" \/>\n<link rel=\"canonical\" href=\"https:\/\/ibcparts.eu\/hr\/proizvod\/hoseflow-poklopac-za-ibc-cisternu\/\" \/>\n<meta property=\"og:locale\" content=\"hr_HR\" \/>\n<meta property=\"og:type\" content=\"article\" \/>\n<meta property=\"og:title\" content=\"Pokrov HoseFlow za IBC cisterno (nova verzija!)\" \/>\n<meta property=\"og:description\" content=\"Pokrov 165 mm s priklju\u010dkom za cev 16 ali 20 mm. Uporaben npr. za odzra\u010devanje spodnje cisterne brez iztekanja, \u010de imate cisterni v povezavi ena nad drugo.\" \/>\n<meta property=\"og:url\" content=\"https:\/\/ibcparts.eu\/hr\/proizvod\/hoseflow-poklopac-za-ibc-cisternu\/\" \/>\n<meta property=\"og:site_name\" content=\"IBCparts.eu\" \/>\n<meta property=\"article:modified_time\" content=\"2026-03-03T07:05:56+00:00\" \/>\n<meta property=\"og:image\" content=\"https:\/\/ibcparts.eu\/wp-content\/uploads\/2021\/10\/Pokrov-HoseFlow-1-e1715324814698.png\" \/>\n\t<meta property=\"og:image:width\" content=\"500\" \/>\n\t<meta property=\"og:image:height\" content=\"500\" \/>\n\t<meta property=\"og:image:type\" content=\"image\/png\" \/>\n<meta name=\"twitter:card\" content=\"summary_large_image\" \/>\n<script type=\"application\/ld+json\" class=\"yoast-schema-graph\">{\"@context\":\"https:\/\/schema.org\",\"@graph\":[{\"@type\":\"WebPage\",\"@id\":\"https:\/\/ibcparts.eu\/izdelek\/pokrov-hoseflow\/\",\"url\":\"https:\/\/ibcparts.eu\/izdelek\/pokrov-hoseflow\/\",\"name\":\"Pokrov HoseFlow za IBC cisterno (nova verzija!)\",\"isPartOf\":{\"@id\":\"https:\/\/ibcparts.eu\/#website\"},\"primaryImageOfPage\":{\"@id\":\"https:\/\/ibcparts.eu\/izdelek\/pokrov-hoseflow\/#primaryimage\"},\"image\":{\"@id\":\"https:\/\/ibcparts.eu\/izdelek\/pokrov-hoseflow\/#primaryimage\"},\"thumbnailUrl\":\"https:\/\/ibcparts.eu\/wp-content\/uploads\/2021\/10\/Pokrov-HoseFlow-1-e1715324814698.png\",\"datePublished\":\"2021-10-20T19:38:35+00:00\",\"dateModified\":\"2026-03-03T07:05:56+00:00\",\"description\":\"Pokrov 165 mm s priklju\u010dkom za cev 16 ali 20 mm. Uporaben npr. za odzra\u010devanje spodnje cisterne brez iztekanja, \u010de imate cisterni v povezavi ena nad drugo.\",\"breadcrumb\":{\"@id\":\"https:\/\/ibcparts.eu\/izdelek\/pokrov-hoseflow\/#breadcrumb\"},\"inLanguage\":\"hr\",\"potentialAction\":[{\"@type\":\"ReadAction\",\"target\":[\"https:\/\/ibcparts.eu\/izdelek\/pokrov-hoseflow\/\"]}]},{\"@type\":\"ImageObject\",\"inLanguage\":\"hr\",\"@id\":\"https:\/\/ibcparts.eu\/izdelek\/pokrov-hoseflow\/#primaryimage\",\"url\":\"https:\/\/ibcparts.eu\/wp-content\/uploads\/2021\/10\/Pokrov-HoseFlow-1-e1715324814698.png\",\"contentUrl\":\"https:\/\/ibcparts.eu\/wp-content\/uploads\/2021\/10\/Pokrov-HoseFlow-1-e1715324814698.png\",\"width\":500,\"height\":500,\"caption\":\"Pokrov HoseFlow za odzra\u010devanje IBC cisterne\"},{\"@type\":\"BreadcrumbList\",\"@id\":\"https:\/\/ibcparts.eu\/izdelek\/pokrov-hoseflow\/#breadcrumb\",\"itemListElement\":[{\"@type\":\"ListItem\",\"position\":1,\"name\":\"Home\",\"item\":\"https:\/\/ibcparts.eu\/\"},{\"@type\":\"ListItem\",\"position\":2,\"name\":\"Nakupujte\",\"item\":\"https:\/\/ibcparts.eu\/nakupujte\/\"},{\"@type\":\"ListItem\",\"position\":3,\"name\":\"Pokrov HoseFlow za IBC cisterno (nova verzija!)\"}]},{\"@type\":\"WebSite\",\"@id\":\"https:\/\/ibcparts.eu\/#website\",\"url\":\"https:\/\/ibcparts.eu\/\",\"name\":\"IBCparts.eu\",\"description\":\"\",\"publisher\":{\"@id\":\"https:\/\/ibcparts.eu\/#organization\"},\"potentialAction\":[{\"@type\":\"SearchAction\",\"target\":{\"@type\":\"EntryPoint\",\"urlTemplate\":\"https:\/\/ibcparts.eu\/?s={search_term_string}\"},\"query-input\":{\"@type\":\"PropertyValueSpecification\",\"valueRequired\":true,\"valueName\":\"search_term_string\"}}],\"inLanguage\":\"hr\"},{\"@type\":\"Organization\",\"@id\":\"https:\/\/ibcparts.eu\/#organization\",\"name\":\"IBCparts\",\"url\":\"https:\/\/ibcparts.eu\/\",\"logo\":{\"@type\":\"ImageObject\",\"inLanguage\":\"hr\",\"@id\":\"https:\/\/ibcparts.eu\/#\/schema\/logo\/image\/\",\"url\":\"https:\/\/ibcparts.eu\/wp-content\/uploads\/2021\/10\/Footer-Logo.png\",\"contentUrl\":\"https:\/\/ibcparts.eu\/wp-content\/uploads\/2021\/10\/Footer-Logo.png\",\"width\":1992,\"height\":772,\"caption\":\"IBCparts\"},\"image\":{\"@id\":\"https:\/\/ibcparts.eu\/#\/schema\/logo\/image\/\"}}]}<\/script>\n<!-- \/ Yoast SEO plugin. -->","yoast_head_json":{"title":"HoseFlow poklopac za IBC spremnik (nova verzija!)","description":"Pokrov 165 mm s priklju\u010dkom za cev 16 ali 20 mm. Uporaben npr. za odzra\u010devanje spodnje cisterne brez iztekanja, \u010de imate cisterni v povezavi ena nad drugo.","robots":{"index":"index","follow":"follow","max-snippet":"max-snippet:-1","max-image-preview":"max-image-preview:large","max-video-preview":"max-video-preview:-1"},"canonical":"https:\/\/ibcparts.eu\/hr\/proizvod\/hoseflow-poklopac-za-ibc-cisternu\/","og_locale":"hr_HR","og_type":"article","og_title":"Pokrov HoseFlow za IBC cisterno (nova verzija!)","og_description":"Pokrov 165 mm s priklju\u010dkom za cev 16 ali 20 mm. Uporaben npr. za odzra\u010devanje spodnje cisterne brez iztekanja, \u010de imate cisterni v povezavi ena nad drugo.","og_url":"https:\/\/ibcparts.eu\/hr\/proizvod\/hoseflow-poklopac-za-ibc-cisternu\/","og_site_name":"IBCparts.eu","article_modified_time":"2026-03-03T07:05:56+00:00","og_image":[{"width":500,"height":500,"url":"https:\/\/ibcparts.eu\/wp-content\/uploads\/2021\/10\/Pokrov-HoseFlow-1-e1715324814698.png","type":"image\/png"}],"twitter_card":"summary_large_image","schema":{"@context":"https:\/\/schema.org","@graph":[{"@type":"WebPage","@id":"https:\/\/ibcparts.eu\/izdelek\/pokrov-hoseflow\/","url":"https:\/\/ibcparts.eu\/izdelek\/pokrov-hoseflow\/","name":"HoseFlow poklopac za IBC spremnik (nova verzija!)","isPartOf":{"@id":"https:\/\/ibcparts.eu\/#website"},"primaryImageOfPage":{"@id":"https:\/\/ibcparts.eu\/izdelek\/pokrov-hoseflow\/#primaryimage"},"image":{"@id":"https:\/\/ibcparts.eu\/izdelek\/pokrov-hoseflow\/#primaryimage"},"thumbnailUrl":"https:\/\/ibcparts.eu\/wp-content\/uploads\/2021\/10\/Pokrov-HoseFlow-1-e1715324814698.png","datePublished":"2021-10-20T19:38:35+00:00","dateModified":"2026-03-03T07:05:56+00:00","description":"Pokrov 165 mm s priklju\u010dkom za cev 16 ali 20 mm. Uporaben npr. za odzra\u010devanje spodnje cisterne brez iztekanja, \u010de imate cisterni v povezavi ena nad drugo.","breadcrumb":{"@id":"https:\/\/ibcparts.eu\/izdelek\/pokrov-hoseflow\/#breadcrumb"},"inLanguage":"hr","potentialAction":[{"@type":"ReadAction","target":["https:\/\/ibcparts.eu\/izdelek\/pokrov-hoseflow\/"]}]},{"@type":"ImageObject","inLanguage":"hr","@id":"https:\/\/ibcparts.eu\/izdelek\/pokrov-hoseflow\/#primaryimage","url":"https:\/\/ibcparts.eu\/wp-content\/uploads\/2021\/10\/Pokrov-HoseFlow-1-e1715324814698.png","contentUrl":"https:\/\/ibcparts.eu\/wp-content\/uploads\/2021\/10\/Pokrov-HoseFlow-1-e1715324814698.png","width":500,"height":500,"caption":"Pokrov HoseFlow za odzra\u010devanje IBC cisterne"},{"@type":"BreadcrumbList","@id":"https:\/\/ibcparts.eu\/izdelek\/pokrov-hoseflow\/#breadcrumb","itemListElement":[{"@type":"ListItem","position":1,"name":"Home","item":"https:\/\/ibcparts.eu\/"},{"@type":"ListItem","position":2,"name":"Nakupujte","item":"https:\/\/ibcparts.eu\/nakupujte\/"},{"@type":"ListItem","position":3,"name":"Pokrov HoseFlow za IBC cisterno (nova verzija!)"}]},{"@type":"WebSite","@id":"https:\/\/ibcparts.eu\/#website","url":"https:\/\/ibcparts.eu\/","name":"IBCparts.eu","description":"","publisher":{"@id":"https:\/\/ibcparts.eu\/#organization"},"potentialAction":[{"@type":"SearchAction","target":{"@type":"EntryPoint","urlTemplate":"https:\/\/ibcparts.eu\/?s={search_term_string}"},"query-input":{"@type":"PropertyValueSpecification","valueRequired":true,"valueName":"search_term_string"}}],"inLanguage":"hr"},{"@type":"Organization","@id":"https:\/\/ibcparts.eu\/#organization","name":"Dijelovi IBC-a","url":"https:\/\/ibcparts.eu\/","logo":{"@type":"ImageObject","inLanguage":"hr","@id":"https:\/\/ibcparts.eu\/#\/schema\/logo\/image\/","url":"https:\/\/ibcparts.eu\/wp-content\/uploads\/2021\/10\/Footer-Logo.png","contentUrl":"https:\/\/ibcparts.eu\/wp-content\/uploads\/2021\/10\/Footer-Logo.png","width":1992,"height":772,"caption":"IBCparts"},"image":{"@id":"https:\/\/ibcparts.eu\/#\/schema\/logo\/image\/"}}]}},"_links":{"self":[{"href":"https:\/\/ibcparts.eu\/hr\/wp-json\/wp\/v2\/product\/6844","targetHints":{"allow":["GET"]}}],"collection":[{"href":"https:\/\/ibcparts.eu\/hr\/wp-json\/wp\/v2\/product"}],"about":[{"href":"https:\/\/ibcparts.eu\/hr\/wp-json\/wp\/v2\/types\/product"}],"version-history":[{"count":4,"href":"https:\/\/ibcparts.eu\/hr\/wp-json\/wp\/v2\/product\/6844\/revisions"}],"predecessor-version":[{"id":20697,"href":"https:\/\/ibcparts.eu\/hr\/wp-json\/wp\/v2\/product\/6844\/revisions\/20697"}],"wp:featuredmedia":[{"embeddable":true,"href":"https:\/\/ibcparts.eu\/hr\/wp-json\/wp\/v2\/media\/16733"}],"wp:attachment":[{"href":"https:\/\/ibcparts.eu\/hr\/wp-json\/wp\/v2\/media?parent=6844"}],"wp:term":[{"taxonomy":"product_brand","embeddable":true,"href":"https:\/\/ibcparts.eu\/hr\/wp-json\/wp\/v2\/product_brand?post=6844"},{"taxonomy":"product_cat","embeddable":true,"href":"https:\/\/ibcparts.eu\/hr\/wp-json\/wp\/v2\/product_cat?post=6844"},{"taxonomy":"product_tag","embeddable":true,"href":"https:\/\/ibcparts.eu\/hr\/wp-json\/wp\/v2\/product_tag?post=6844"}],"curies":[{"name":"wp","href":"https:\/\/api.w.org\/{rel}","templated":true}]}}