{"id":6824,"date":"2021-10-20T20:10:07","date_gmt":"2021-10-20T20:10:07","guid":{"rendered":"https:\/\/ibcparts.eu\/?post_type=product&#038;p=6824"},"modified":"2025-12-16T20:21:22","modified_gmt":"2025-12-16T19:21:22","slug":"filter-dezevnice-aquamyst-element","status":"publish","type":"product","link":"https:\/\/ibcparts.eu\/hr\/proizvod\/aquamyst-filter-kisnice-element\/","title":{"rendered":"AquaMyst\u00a9 ELEMENT filter &#8211; nadomestni filter za TritonFlex\u00a9 ali IRIS\u00a9"},"content":{"rendered":"<p data-start=\"1037\" data-end=\"1326\"><strong data-start=\"1037\" data-end=\"1057\">Aquamyst Element<\/strong> predstavlja popolno ravnovesje med u\u010dinkovitim \u010di\u0161\u010denjem de\u017eevnice, zanesljivim delovanjem in prilagodljivim vzdr\u017eevanjem. Zasnovan je kot <strong data-start=\"1197\" data-end=\"1230\">integrirani filtrirni element<\/strong>, ki se uporablja znotraj filtrov <strong data-start=\"1264\" data-end=\"1278\">TritonFlex<\/strong> in <strong data-start=\"1282\" data-end=\"1290\">Iris<\/strong> ter ni namenjen samostojni uporabi.<\/p>\n<p data-start=\"1328\" data-end=\"1515\">Z izbiro ustreznega filtrirnega materiala in gostote lahko sistem prilagodite svojim potrebam \u2013 od osnovnega zadr\u017eevanja ve\u010djih ne\u010disto\u010d do ultra fine filtracije za najvi\u0161jo kakovost vode.<\/p>\n<h2 data-start=\"1522\" data-end=\"1569\">RAZLIKA MED NAJLONSKIM (2D) IN PP FILTROM<\/h2>\n<p><strong>NAJLONSKI FILTER (2D):<\/strong><\/p>\n<p data-start=\"1824\" data-end=\"1838\"><strong data-start=\"1824\" data-end=\"1838\">Prednosti:<\/strong><\/p>\n<ul data-start=\"1839\" data-end=\"1964\">\n<li data-start=\"1839\" data-end=\"1872\">\n<p data-start=\"1841\" data-end=\"1872\">pralni in primerni za dalj\u0161o uporabo kot PP<\/p>\n<\/li>\n<li data-start=\"1873\" data-end=\"1910\">\n<p data-start=\"1875\" data-end=\"1910\">voda ne zastaja pri 400 \u00b5m<\/p>\n<\/li>\n<\/ul>\n<p data-start=\"1966\" data-end=\"1979\"><strong data-start=\"1966\" data-end=\"1979\">Mo\u017enosti:<\/strong><\/p>\n<ul data-start=\"1980\" data-end=\"2244\">\n<li data-start=\"1980\" data-end=\"2101\">\n<p data-start=\"1982\" data-end=\"2101\"><strong data-start=\"1982\" data-end=\"2007\">400 mikronov (0,4 mm)<\/strong><br data-start=\"2007\" data-end=\"2010\" \/>\ud83d\udc49 <em data-start=\"2015\" data-end=\"2041\">Najmanj zahtevna izbira.<\/em> Zadr\u017ei delce ve\u010dje od 0,4mm, voda ne zastaja, vzdr\u017eevanje minimalno.<\/p>\n<\/li>\n<li data-start=\"2102\" data-end=\"2244\">\n<p data-start=\"2104\" data-end=\"2244\"><strong data-start=\"2104\" data-end=\"2129\">100 mikronov (0,1 mm)<\/strong><br data-start=\"2129\" data-end=\"2132\" \/>\ud83d\udc49 Finej\u0161a filtracija, zahteva ob\u010dasno \u010di\u0161\u010denje. Enostavno se o\u010disti. Ko se uma\u017ee, se lahko pretok vode zmanj\u0161a ali za\u010dasno ustavi.<\/p>\n<\/li>\n<\/ul>\n<p data-start=\"2246\" data-end=\"2339\">\u010ci\u0161\u010denje: spiranje z vodo pod pritiskom.<\/p>\n<hr data-start=\"2341\" data-end=\"2344\" \/>\n<p data-start=\"2346\" data-end=\"2403\"><strong>PP FILTER \u2013 maksimalna \u010disto\u010da:<\/strong><\/p>\n<p data-start=\"2404\" data-end=\"2577\">PP (polipropilenski) filtri so <strong data-start=\"2435\" data-end=\"2469\">debelej\u0161i (3D)<\/strong> od najlonskih in se zato kasneje zama\u017eejo. Namenjeni so uporabnikom, ki \u017eelijo najvi\u0161jo mo\u017eno kakovost vode.<\/p>\n<p data-start=\"2579\" data-end=\"2593\"><strong data-start=\"2579\" data-end=\"2593\">Prednosti:<\/strong><\/p>\n<ul data-start=\"2594\" data-end=\"2698\">\n<li data-start=\"2594\" data-end=\"2616\">\n<p data-start=\"2596\" data-end=\"2616\">zelo fina filtracija<\/p>\n<\/li>\n<li data-start=\"2617\" data-end=\"2641\">\n<p data-start=\"2619\" data-end=\"2641\">bistveno \u010distej\u0161a voda<\/p>\n<\/li>\n<li data-start=\"2617\" data-end=\"2641\">kasnej\u0161a zasi\u010denost<\/li>\n<li data-start=\"2642\" data-end=\"2698\">\n<p data-start=\"2644\" data-end=\"2698\"><strong data-start=\"2644\" data-end=\"2698\">1-mikronska verzija zaustavi tudi jaj\u010deca komarjev<\/strong><\/p>\n<\/li>\n<li data-start=\"2642\" data-end=\"2698\">te\u017eko se o\u010disti, potrebna ve\u010dkratna menjava<\/li>\n<\/ul>\n<p>&nbsp;<\/p>\n<p data-start=\"2700\" data-end=\"2720\"><strong data-start=\"2700\" data-end=\"2720\">Pomembno vedeti:<\/strong><\/p>\n<ul data-start=\"2721\" data-end=\"2833\">\n<li data-start=\"2721\" data-end=\"2757\">\n<p data-start=\"2723\" data-end=\"2757\">filtri so <strong data-start=\"2736\" data-end=\"2757\">potro\u0161ni material<\/strong><\/p>\n<\/li>\n<li data-start=\"2758\" data-end=\"2789\">\n<p data-start=\"2760\" data-end=\"2789\">zahtevajo pogostej\u0161e \u010di\u0161\u010denje (odvisno od gostote in sestave)<\/p>\n<\/li>\n<li data-start=\"2790\" data-end=\"2833\">\n<p data-start=\"2792\" data-end=\"2833\">ob zama\u0161itvi lahko voda popolnoma zastane &#8211; razen pri 400 mikronskem filtru.<\/p>\n<\/li>\n<\/ul>\n<hr data-start=\"3022\" data-end=\"3025\" \/>\n<h2 data-start=\"3027\" data-end=\"3068\">POVZETEK<\/h2>\n<ul data-start=\"3070\" data-end=\"3294\">\n<li data-start=\"3070\" data-end=\"3115\">\n<p data-start=\"3072\" data-end=\"3115\">\ud83d\udd27 <strong data-start=\"3075\" data-end=\"3099\">Najmanj vzdr\u017eevanja:<\/strong> 400 \u00b5m najlon<\/p>\n<\/li>\n<li data-start=\"3116\" data-end=\"3154\">\n<p data-start=\"3118\" data-end=\"3154\">\ud83d\udca7 <strong data-start=\"3121\" data-end=\"3144\">Najbolj \u010dista voda:<\/strong> 1 \u00b5m PP<\/p>\n<\/li>\n<li data-start=\"3155\" data-end=\"3201\">\n<p data-start=\"3157\" data-end=\"3201\">\u2696\ufe0f <strong data-start=\"3160\" data-end=\"3185\">Najbolj\u0161e ravnovesje:<\/strong> 100 \u00b5m PP<\/p>\n<\/li>\n<li data-start=\"3202\" data-end=\"3248\">\n<p data-start=\"3204\" data-end=\"3248\">\ud83d\udeab <strong data-start=\"3207\" data-end=\"3232\">Brez zastajanja vode:<\/strong> 400 \u00b5m najlon<\/p>\n<\/li>\n<li data-start=\"3249\" data-end=\"3294\">\n<p data-start=\"3251\" data-end=\"3294\">\ud83e\udd9f <strong data-start=\"3254\" data-end=\"3284\">Zaustavi jaj\u010deca komarjev:<\/strong> 1 \u00b5m PP<\/p>\n<\/li>\n<\/ul>","protected":false},"excerpt":{"rendered":"<p><strong data-start=\"320\" data-end=\"340\">Aquamyst Element<\/strong> je integrirani filtrirni element za sisteme <strong data-start=\"385\" data-end=\"399\">TritonFlex<\/strong> in <strong data-start=\"403\" data-end=\"411\">Iris<\/strong>, namenjen u\u010dinkovitemu \u010di\u0161\u010denju de\u017eevnice v IBC cisternah. Na voljo je v ve\u010d filtracijskih stopnjah \u2013 od izjemno nezahtevnega <strong data-start=\"538\" data-end=\"565\">400-mikronskega najlona<\/strong> do <strong data-start=\"569\" data-end=\"596\">1-mikronskega PP filtra<\/strong>, ki zagotavlja vrhunsko \u010disto vodo in zaustavi tudi jaj\u010deca komarjev.<\/p>\n<h3 data-start=\"871\" data-end=\"900\">Razpolo\u017eljive filtracije:<\/h3>\n<ul data-start=\"901\" data-end=\"994\">\n<li data-start=\"901\" data-end=\"929\">\n<p data-start=\"903\" data-end=\"929\"><strong>400 mikronov \u2013 najlon (2D)\u00a0<\/strong> &#8211; Najmanj vzdr\u017eevanja; brez zastajanja vode; z lahkoto se o\u010disti, dolgoro\u010dna uporaba. 0,4 mm okence v mre\u017ei.<\/p>\n<\/li>\n<li data-start=\"930\" data-end=\"958\">\n<p data-start=\"932\" data-end=\"958\"><strong>100 mikronov \u2013 najlon (2D)<\/strong> &#8211; Potrebno ob\u010dasno preverjati stanje filtra; ujame tudi organsko sluz in zato lahko voda zastaja, ko je umazan; zelo enostavno se o\u010disti. Menjava po cca 15m\u00b3 vode (vmes ga je potrebno o\u010distiti). 0,1 mm okence v mre\u017ei.<\/p>\n<\/li>\n<li data-start=\"959\" data-end=\"978\">\n<p data-start=\"961\" data-end=\"978\"><strong>100 mikronov \u2013 PP<\/strong> &#8211; Enako kot najlonski, s tem da prepu\u0161\u010da ve\u010d vode (kasneje se zasi\u010di); o\u010disti se te\u017eje od najlonskega. Menjava po cca 20m\u00b3 vode (vmes ga je potrebno o\u010distiti).<\/p>\n<\/li>\n<li data-start=\"979\" data-end=\"994\">\n<p data-start=\"981\" data-end=\"994\"><strong>1 mikron \u2013 PP<\/strong> &#8211; Najbolj \u010dista voda, zaustavi tudi jaj\u010deca komarjev. Potrebna menjava po 3-4 m\u00b3 vode ( 3-4 polne 1000l IBC cisterne).<\/p>\n<\/li>\n<li data-start=\"979\" data-end=\"994\"><strong>Komplet vseh 4 filtrov<\/strong> &#8211; sami preizkusite kar vam najbolj ustreza na terenu.<\/li>\n<\/ul>\n<h2 data-start=\"3027\" data-end=\"3068\">POVZETEK<\/h2>\n<ul data-start=\"3070\" data-end=\"3294\">\n<li data-start=\"3070\" data-end=\"3115\">\n<p data-start=\"3072\" data-end=\"3115\">\ud83d\udd27 <strong data-start=\"3075\" data-end=\"3099\">Najmanj vzdr\u017eevanja:<\/strong> 400 \u00b5m najlon<\/p>\n<\/li>\n<li data-start=\"3116\" data-end=\"3154\">\n<p data-start=\"3118\" data-end=\"3154\">\ud83d\udca7 <strong data-start=\"3121\" data-end=\"3144\">Najbolj \u010dista voda:<\/strong> 1 \u00b5m PP<\/p>\n<\/li>\n<li data-start=\"3155\" data-end=\"3201\">\n<p data-start=\"3157\" data-end=\"3201\">\u2696\ufe0f <strong data-start=\"3160\" data-end=\"3185\">Najbolj\u0161e ravnovesje:<\/strong> 100 \u00b5m PP<\/p>\n<\/li>\n<li data-start=\"3202\" data-end=\"3248\">\n<p data-start=\"3204\" data-end=\"3248\">\ud83d\udeab <strong data-start=\"3207\" data-end=\"3232\">Brez zastajanja vode:<\/strong> 400 \u00b5m najlon<\/p>\n<\/li>\n<li data-start=\"3249\" data-end=\"3294\">\n<p data-start=\"3251\" data-end=\"3294\">\ud83e\udd9f <strong data-start=\"3254\" data-end=\"3284\">Zaustavi jaj\u010deca komarjev:<\/strong> 1 \u00b5m PP<\/p>\n<\/li>\n<\/ul>","protected":false},"featured_media":19068,"template":"","meta":[],"product_brand":[],"product_cat":[186],"product_tag":[481,480],"class_list":{"0":"post-6824","1":"product","2":"type-product","3":"status-publish","4":"has-post-thumbnail","6":"product_cat-filtri-za-dezevnico-in-pvc-redukcije","7":"product_tag-aquamyst-element-filter-nadomestni-filter-za-tritonflex-ali-iris-filter","8":"product_tag-filter-dezevnice","10":"first","11":"instock","12":"sale","13":"shipping-taxable","14":"purchasable","15":"product-type-variable"},"yoast_head":"<!-- This site is optimized with the Yoast SEO plugin v27.1.1 - https:\/\/yoast.com\/product\/yoast-seo-wordpress\/ -->\n<title>AquaMyst\u00a9 ELEMENT filter - nadomestni filter za TritonFlex\u00a9 ali IRIS\u00a9<\/title>\n<meta name=\"description\" content=\"Aquamyst Element je filtrirni element za filtre de\u017eevnice TritonFlex in Iris. Na voljo v najlon in PP izvedbah od 400 do 1 mikrona.\" \/>\n<meta name=\"robots\" content=\"index, follow, max-snippet:-1, max-image-preview:large, max-video-preview:-1\" \/>\n<link rel=\"canonical\" href=\"https:\/\/ibcparts.eu\/hr\/proizvod\/aquamyst-filter-kisnice-element\/\" \/>\n<meta property=\"og:locale\" content=\"hr_HR\" \/>\n<meta property=\"og:type\" content=\"article\" \/>\n<meta property=\"og:title\" content=\"AquaMyst\u00a9 ELEMENT filter - nadomestni filter za TritonFlex\u00a9 ali IRIS\u00a9\" \/>\n<meta property=\"og:description\" content=\"Aquamyst Element je filtrirni element za filtre de\u017eevnice TritonFlex in Iris. Na voljo v najlon in PP izvedbah od 400 do 1 mikrona.\" \/>\n<meta property=\"og:url\" content=\"https:\/\/ibcparts.eu\/hr\/proizvod\/aquamyst-filter-kisnice-element\/\" \/>\n<meta property=\"og:site_name\" content=\"IBCparts.eu\" \/>\n<meta property=\"article:modified_time\" content=\"2025-12-16T19:21:22+00:00\" \/>\n<meta property=\"og:image\" content=\"https:\/\/ibcparts.eu\/wp-content\/uploads\/2021\/10\/AquaMyst\u00a9-ELEMENT-filter-nadomestni-filter-za-TritonFlex\u00a9-ali-IRIS\u00a9-filter.png\" \/>\n\t<meta property=\"og:image:width\" content=\"500\" \/>\n\t<meta property=\"og:image:height\" content=\"500\" \/>\n\t<meta property=\"og:image:type\" content=\"image\/png\" \/>\n<meta name=\"twitter:card\" content=\"summary_large_image\" \/>\n<meta name=\"twitter:label1\" content=\"Procijenjeno vrijeme \u010ditanja\" \/>\n\t<meta name=\"twitter:data1\" content=\"1 minuta\" \/>\n<script type=\"application\/ld+json\" class=\"yoast-schema-graph\">{\"@context\":\"https:\/\/schema.org\",\"@graph\":[{\"@type\":\"WebPage\",\"@id\":\"https:\/\/ibcparts.eu\/izdelek\/filter-dezevnice-aquamyst-element\/\",\"url\":\"https:\/\/ibcparts.eu\/izdelek\/filter-dezevnice-aquamyst-element\/\",\"name\":\"AquaMyst\u00a9 ELEMENT filter - nadomestni filter za TritonFlex\u00a9 ali IRIS\u00a9\",\"isPartOf\":{\"@id\":\"https:\/\/ibcparts.eu\/#website\"},\"primaryImageOfPage\":{\"@id\":\"https:\/\/ibcparts.eu\/izdelek\/filter-dezevnice-aquamyst-element\/#primaryimage\"},\"image\":{\"@id\":\"https:\/\/ibcparts.eu\/izdelek\/filter-dezevnice-aquamyst-element\/#primaryimage\"},\"thumbnailUrl\":\"https:\/\/ibcparts.eu\/wp-content\/uploads\/2021\/10\/AquaMyst\u00a9-ELEMENT-filter-nadomestni-filter-za-TritonFlex\u00a9-ali-IRIS\u00a9-filter.png\",\"datePublished\":\"2021-10-20T20:10:07+00:00\",\"dateModified\":\"2025-12-16T19:21:22+00:00\",\"description\":\"Aquamyst Element je filtrirni element za filtre de\u017eevnice TritonFlex in Iris. Na voljo v najlon in PP izvedbah od 400 do 1 mikrona.\",\"breadcrumb\":{\"@id\":\"https:\/\/ibcparts.eu\/izdelek\/filter-dezevnice-aquamyst-element\/#breadcrumb\"},\"inLanguage\":\"hr\",\"potentialAction\":[{\"@type\":\"ReadAction\",\"target\":[\"https:\/\/ibcparts.eu\/izdelek\/filter-dezevnice-aquamyst-element\/\"]}]},{\"@type\":\"ImageObject\",\"inLanguage\":\"hr\",\"@id\":\"https:\/\/ibcparts.eu\/izdelek\/filter-dezevnice-aquamyst-element\/#primaryimage\",\"url\":\"https:\/\/ibcparts.eu\/wp-content\/uploads\/2021\/10\/AquaMyst\u00a9-ELEMENT-filter-nadomestni-filter-za-TritonFlex\u00a9-ali-IRIS\u00a9-filter.png\",\"contentUrl\":\"https:\/\/ibcparts.eu\/wp-content\/uploads\/2021\/10\/AquaMyst\u00a9-ELEMENT-filter-nadomestni-filter-za-TritonFlex\u00a9-ali-IRIS\u00a9-filter.png\",\"width\":500,\"height\":500,\"caption\":\"AquaMyst\u00a9 ELEMENT filter de\u017eevnice - nadomestni filter za TritonFlex\u00a9 ali IRIS\u00a9 filter\"},{\"@type\":\"BreadcrumbList\",\"@id\":\"https:\/\/ibcparts.eu\/izdelek\/filter-dezevnice-aquamyst-element\/#breadcrumb\",\"itemListElement\":[{\"@type\":\"ListItem\",\"position\":1,\"name\":\"Home\",\"item\":\"https:\/\/ibcparts.eu\/\"},{\"@type\":\"ListItem\",\"position\":2,\"name\":\"Nakupujte\",\"item\":\"https:\/\/ibcparts.eu\/nakupujte\/\"},{\"@type\":\"ListItem\",\"position\":3,\"name\":\"AquaMyst\u00a9 ELEMENT filter &#8211; nadomestni filter za TritonFlex\u00a9 ali IRIS\u00a9\"}]},{\"@type\":\"WebSite\",\"@id\":\"https:\/\/ibcparts.eu\/#website\",\"url\":\"https:\/\/ibcparts.eu\/\",\"name\":\"IBCparts.eu\",\"description\":\"\",\"publisher\":{\"@id\":\"https:\/\/ibcparts.eu\/#organization\"},\"potentialAction\":[{\"@type\":\"SearchAction\",\"target\":{\"@type\":\"EntryPoint\",\"urlTemplate\":\"https:\/\/ibcparts.eu\/?s={search_term_string}\"},\"query-input\":{\"@type\":\"PropertyValueSpecification\",\"valueRequired\":true,\"valueName\":\"search_term_string\"}}],\"inLanguage\":\"hr\"},{\"@type\":\"Organization\",\"@id\":\"https:\/\/ibcparts.eu\/#organization\",\"name\":\"IBCparts\",\"url\":\"https:\/\/ibcparts.eu\/\",\"logo\":{\"@type\":\"ImageObject\",\"inLanguage\":\"hr\",\"@id\":\"https:\/\/ibcparts.eu\/#\/schema\/logo\/image\/\",\"url\":\"https:\/\/ibcparts.eu\/wp-content\/uploads\/2021\/10\/Footer-Logo.png\",\"contentUrl\":\"https:\/\/ibcparts.eu\/wp-content\/uploads\/2021\/10\/Footer-Logo.png\",\"width\":1992,\"height\":772,\"caption\":\"IBCparts\"},\"image\":{\"@id\":\"https:\/\/ibcparts.eu\/#\/schema\/logo\/image\/\"}}]}<\/script>\n<!-- \/ Yoast SEO plugin. -->","yoast_head_json":{"title":"AquaMyst\u00a9 ELEMENT filter - nadomestni filter za TritonFlex\u00a9 ali IRIS\u00a9","description":"Aquamyst Element je filtrirni element za filtre de\u017eevnice TritonFlex in Iris. Na voljo v najlon in PP izvedbah od 400 do 1 mikrona.","robots":{"index":"index","follow":"follow","max-snippet":"max-snippet:-1","max-image-preview":"max-image-preview:large","max-video-preview":"max-video-preview:-1"},"canonical":"https:\/\/ibcparts.eu\/hr\/proizvod\/aquamyst-filter-kisnice-element\/","og_locale":"hr_HR","og_type":"article","og_title":"AquaMyst\u00a9 ELEMENT filter - nadomestni filter za TritonFlex\u00a9 ali IRIS\u00a9","og_description":"Aquamyst Element je filtrirni element za filtre de\u017eevnice TritonFlex in Iris. Na voljo v najlon in PP izvedbah od 400 do 1 mikrona.","og_url":"https:\/\/ibcparts.eu\/hr\/proizvod\/aquamyst-filter-kisnice-element\/","og_site_name":"IBCparts.eu","article_modified_time":"2025-12-16T19:21:22+00:00","og_image":[{"width":500,"height":500,"url":"https:\/\/ibcparts.eu\/wp-content\/uploads\/2021\/10\/AquaMyst\u00a9-ELEMENT-filter-nadomestni-filter-za-TritonFlex\u00a9-ali-IRIS\u00a9-filter.png","type":"image\/png"}],"twitter_card":"summary_large_image","twitter_misc":{"Procijenjeno vrijeme \u010ditanja":"1 minuta"},"schema":{"@context":"https:\/\/schema.org","@graph":[{"@type":"WebPage","@id":"https:\/\/ibcparts.eu\/izdelek\/filter-dezevnice-aquamyst-element\/","url":"https:\/\/ibcparts.eu\/izdelek\/filter-dezevnice-aquamyst-element\/","name":"AquaMyst\u00a9 ELEMENT filter - nadomestni filter za TritonFlex\u00a9 ali IRIS\u00a9","isPartOf":{"@id":"https:\/\/ibcparts.eu\/#website"},"primaryImageOfPage":{"@id":"https:\/\/ibcparts.eu\/izdelek\/filter-dezevnice-aquamyst-element\/#primaryimage"},"image":{"@id":"https:\/\/ibcparts.eu\/izdelek\/filter-dezevnice-aquamyst-element\/#primaryimage"},"thumbnailUrl":"https:\/\/ibcparts.eu\/wp-content\/uploads\/2021\/10\/AquaMyst\u00a9-ELEMENT-filter-nadomestni-filter-za-TritonFlex\u00a9-ali-IRIS\u00a9-filter.png","datePublished":"2021-10-20T20:10:07+00:00","dateModified":"2025-12-16T19:21:22+00:00","description":"Aquamyst Element je filtrirni element za filtre de\u017eevnice TritonFlex in Iris. Na voljo v najlon in PP izvedbah od 400 do 1 mikrona.","breadcrumb":{"@id":"https:\/\/ibcparts.eu\/izdelek\/filter-dezevnice-aquamyst-element\/#breadcrumb"},"inLanguage":"hr","potentialAction":[{"@type":"ReadAction","target":["https:\/\/ibcparts.eu\/izdelek\/filter-dezevnice-aquamyst-element\/"]}]},{"@type":"ImageObject","inLanguage":"hr","@id":"https:\/\/ibcparts.eu\/izdelek\/filter-dezevnice-aquamyst-element\/#primaryimage","url":"https:\/\/ibcparts.eu\/wp-content\/uploads\/2021\/10\/AquaMyst\u00a9-ELEMENT-filter-nadomestni-filter-za-TritonFlex\u00a9-ali-IRIS\u00a9-filter.png","contentUrl":"https:\/\/ibcparts.eu\/wp-content\/uploads\/2021\/10\/AquaMyst\u00a9-ELEMENT-filter-nadomestni-filter-za-TritonFlex\u00a9-ali-IRIS\u00a9-filter.png","width":500,"height":500,"caption":"AquaMyst\u00a9 ELEMENT filter de\u017eevnice - nadomestni filter za TritonFlex\u00a9 ali IRIS\u00a9 filter"},{"@type":"BreadcrumbList","@id":"https:\/\/ibcparts.eu\/izdelek\/filter-dezevnice-aquamyst-element\/#breadcrumb","itemListElement":[{"@type":"ListItem","position":1,"name":"Home","item":"https:\/\/ibcparts.eu\/"},{"@type":"ListItem","position":2,"name":"Nakupujte","item":"https:\/\/ibcparts.eu\/nakupujte\/"},{"@type":"ListItem","position":3,"name":"AquaMyst\u00a9 ELEMENT filter &#8211; nadomestni filter za TritonFlex\u00a9 ali IRIS\u00a9"}]},{"@type":"WebSite","@id":"https:\/\/ibcparts.eu\/#website","url":"https:\/\/ibcparts.eu\/","name":"IBCparts.eu","description":"","publisher":{"@id":"https:\/\/ibcparts.eu\/#organization"},"potentialAction":[{"@type":"SearchAction","target":{"@type":"EntryPoint","urlTemplate":"https:\/\/ibcparts.eu\/?s={search_term_string}"},"query-input":{"@type":"PropertyValueSpecification","valueRequired":true,"valueName":"search_term_string"}}],"inLanguage":"hr"},{"@type":"Organization","@id":"https:\/\/ibcparts.eu\/#organization","name":"Dijelovi IBC-a","url":"https:\/\/ibcparts.eu\/","logo":{"@type":"ImageObject","inLanguage":"hr","@id":"https:\/\/ibcparts.eu\/#\/schema\/logo\/image\/","url":"https:\/\/ibcparts.eu\/wp-content\/uploads\/2021\/10\/Footer-Logo.png","contentUrl":"https:\/\/ibcparts.eu\/wp-content\/uploads\/2021\/10\/Footer-Logo.png","width":1992,"height":772,"caption":"IBCparts"},"image":{"@id":"https:\/\/ibcparts.eu\/#\/schema\/logo\/image\/"}}]}},"_links":{"self":[{"href":"https:\/\/ibcparts.eu\/hr\/wp-json\/wp\/v2\/product\/6824","targetHints":{"allow":["GET"]}}],"collection":[{"href":"https:\/\/ibcparts.eu\/hr\/wp-json\/wp\/v2\/product"}],"about":[{"href":"https:\/\/ibcparts.eu\/hr\/wp-json\/wp\/v2\/types\/product"}],"version-history":[{"count":0,"href":"https:\/\/ibcparts.eu\/hr\/wp-json\/wp\/v2\/product\/6824\/revisions"}],"wp:featuredmedia":[{"embeddable":true,"href":"https:\/\/ibcparts.eu\/hr\/wp-json\/wp\/v2\/media\/19068"}],"wp:attachment":[{"href":"https:\/\/ibcparts.eu\/hr\/wp-json\/wp\/v2\/media?parent=6824"}],"wp:term":[{"taxonomy":"product_brand","embeddable":true,"href":"https:\/\/ibcparts.eu\/hr\/wp-json\/wp\/v2\/product_brand?post=6824"},{"taxonomy":"product_cat","embeddable":true,"href":"https:\/\/ibcparts.eu\/hr\/wp-json\/wp\/v2\/product_cat?post=6824"},{"taxonomy":"product_tag","embeddable":true,"href":"https:\/\/ibcparts.eu\/hr\/wp-json\/wp\/v2\/product_tag?post=6824"}],"curies":[{"name":"wp","href":"https:\/\/api.w.org\/{rel}","templated":true}]}}