{"id":6790,"date":"2021-10-20T19:46:24","date_gmt":"2021-10-20T18:46:24","guid":{"rendered":"https:\/\/ibcparts.eu\/?post_type=product&#038;p=6790"},"modified":"2025-12-06T17:28:50","modified_gmt":"2025-12-06T16:28:50","slug":"pp-kriz-f","status":"publish","type":"product","link":"https:\/\/ibcparts.eu\/hr\/proizvod\/pp-kriz-f\/","title":{"rendered":"Kri\u017e F (3\/4&#8243;, 1&#8243;)"},"content":{"rendered":"","protected":false},"excerpt":{"rendered":"<p>Fiting kri\u017e FxFxFxF.<\/p>\n<p>Na vseh straneh notranji (\u017eenski) navoj.<\/p>\n<p>Zelo mo\u010dan.<\/p>\n<p>Veli\u010dine:<\/p>\n<ul>\n<li>3\/4&#8243;<\/li>\n<li>1&#8243;<\/li>\n<\/ul>\n<p>Material: PP<\/p>\n<p>Tip navoja: BSP (standard)<\/p>\n<p><strong>Vi\u0161e komada, ve\u0107i popust \u2013 koli\u010dine razli\u010ditih artikala i varijanti se zbrajaju!<\/strong><\/p>","protected":false},"featured_media":18572,"template":"","meta":[],"product_brand":[],"product_cat":[179,266],"product_tag":[417],"class_list":{"0":"post-6790","1":"product","2":"type-product","3":"status-publish","4":"has-post-thumbnail","6":"product_cat-alkaten-prikljucki-in-pp-fitingi","7":"product_cat-pp-fitingi-in-ventili","8":"product_tag-plasticni-fiting-kriz-s-stirimi-notranjimi-navoji","10":"first","11":"instock","12":"shipping-taxable","13":"purchasable","14":"product-type-variable"},"yoast_head":"<!-- This site is optimized with the Yoast SEO plugin v27.1.1 - https:\/\/yoast.com\/product\/yoast-seo-wordpress\/ -->\n<title>Kri\u017e F (3\/4&quot;, 1&quot;) | IBCparts.eu<\/title>\n<meta name=\"description\" content=\"Plasti\u010dni fiting kri\u017e s \u0161tirimi notranjimi navoji velikosti 3\/4&quot; ali 1&quot;. Material: PP. Tip navoja: BSP (standard). Zelo mo\u010dan.\" \/>\n<meta name=\"robots\" content=\"index, follow, max-snippet:-1, max-image-preview:large, max-video-preview:-1\" \/>\n<link rel=\"canonical\" href=\"https:\/\/ibcparts.eu\/hr\/proizvod\/pp-kriz-f\/\" \/>\n<meta property=\"og:locale\" content=\"hr_HR\" \/>\n<meta property=\"og:type\" content=\"article\" \/>\n<meta property=\"og:title\" content=\"Kri\u017e F (3\/4&quot;, 1&quot;) | IBCparts.eu\" \/>\n<meta property=\"og:description\" content=\"Plasti\u010dni fiting kri\u017e s \u0161tirimi notranjimi navoji velikosti 3\/4&quot; ali 1&quot;. Material: PP. Tip navoja: BSP (standard). Zelo mo\u010dan.\" \/>\n<meta property=\"og:url\" content=\"https:\/\/ibcparts.eu\/hr\/proizvod\/pp-kriz-f\/\" \/>\n<meta property=\"og:site_name\" content=\"IBCparts.eu\" \/>\n<meta property=\"article:modified_time\" content=\"2025-12-06T16:28:50+00:00\" \/>\n<meta property=\"og:image\" content=\"https:\/\/ibcparts.eu\/wp-content\/uploads\/2021\/10\/Fiting-kriz-F.png\" \/>\n\t<meta property=\"og:image:width\" content=\"497\" \/>\n\t<meta property=\"og:image:height\" content=\"502\" \/>\n\t<meta property=\"og:image:type\" content=\"image\/png\" \/>\n<meta name=\"twitter:card\" content=\"summary_large_image\" \/>\n<script type=\"application\/ld+json\" class=\"yoast-schema-graph\">{\"@context\":\"https:\/\/schema.org\",\"@graph\":[{\"@type\":\"WebPage\",\"@id\":\"https:\/\/ibcparts.eu\/izdelek\/pp-kriz-f\/\",\"url\":\"https:\/\/ibcparts.eu\/izdelek\/pp-kriz-f\/\",\"name\":\"Kri\u017e F (3\/4\\\", 1\\\") | IBCparts.eu\",\"isPartOf\":{\"@id\":\"https:\/\/ibcparts.eu\/#website\"},\"primaryImageOfPage\":{\"@id\":\"https:\/\/ibcparts.eu\/izdelek\/pp-kriz-f\/#primaryimage\"},\"image\":{\"@id\":\"https:\/\/ibcparts.eu\/izdelek\/pp-kriz-f\/#primaryimage\"},\"thumbnailUrl\":\"https:\/\/ibcparts.eu\/wp-content\/uploads\/2021\/10\/Fiting-kriz-F.png\",\"datePublished\":\"2021-10-20T18:46:24+00:00\",\"dateModified\":\"2025-12-06T16:28:50+00:00\",\"description\":\"Plasti\u010dni fiting kri\u017e s \u0161tirimi notranjimi navoji velikosti 3\/4\\\" ali 1\\\". Material: PP. Tip navoja: BSP (standard). Zelo mo\u010dan.\",\"breadcrumb\":{\"@id\":\"https:\/\/ibcparts.eu\/izdelek\/pp-kriz-f\/#breadcrumb\"},\"inLanguage\":\"hr\",\"potentialAction\":[{\"@type\":\"ReadAction\",\"target\":[\"https:\/\/ibcparts.eu\/izdelek\/pp-kriz-f\/\"]}]},{\"@type\":\"ImageObject\",\"inLanguage\":\"hr\",\"@id\":\"https:\/\/ibcparts.eu\/izdelek\/pp-kriz-f\/#primaryimage\",\"url\":\"https:\/\/ibcparts.eu\/wp-content\/uploads\/2021\/10\/Fiting-kriz-F.png\",\"contentUrl\":\"https:\/\/ibcparts.eu\/wp-content\/uploads\/2021\/10\/Fiting-kriz-F.png\",\"width\":497,\"height\":502,\"caption\":\"Fiting kri\u017e F\"},{\"@type\":\"BreadcrumbList\",\"@id\":\"https:\/\/ibcparts.eu\/izdelek\/pp-kriz-f\/#breadcrumb\",\"itemListElement\":[{\"@type\":\"ListItem\",\"position\":1,\"name\":\"Home\",\"item\":\"https:\/\/ibcparts.eu\/\"},{\"@type\":\"ListItem\",\"position\":2,\"name\":\"Nakupujte\",\"item\":\"https:\/\/ibcparts.eu\/nakupujte\/\"},{\"@type\":\"ListItem\",\"position\":3,\"name\":\"Kri\u017e F (3\/4&#8243;, 1&#8243;)\"}]},{\"@type\":\"WebSite\",\"@id\":\"https:\/\/ibcparts.eu\/#website\",\"url\":\"https:\/\/ibcparts.eu\/\",\"name\":\"IBCparts.eu\",\"description\":\"\",\"publisher\":{\"@id\":\"https:\/\/ibcparts.eu\/#organization\"},\"potentialAction\":[{\"@type\":\"SearchAction\",\"target\":{\"@type\":\"EntryPoint\",\"urlTemplate\":\"https:\/\/ibcparts.eu\/?s={search_term_string}\"},\"query-input\":{\"@type\":\"PropertyValueSpecification\",\"valueRequired\":true,\"valueName\":\"search_term_string\"}}],\"inLanguage\":\"hr\"},{\"@type\":\"Organization\",\"@id\":\"https:\/\/ibcparts.eu\/#organization\",\"name\":\"IBCparts\",\"url\":\"https:\/\/ibcparts.eu\/\",\"logo\":{\"@type\":\"ImageObject\",\"inLanguage\":\"hr\",\"@id\":\"https:\/\/ibcparts.eu\/#\/schema\/logo\/image\/\",\"url\":\"https:\/\/ibcparts.eu\/wp-content\/uploads\/2021\/10\/Footer-Logo.png\",\"contentUrl\":\"https:\/\/ibcparts.eu\/wp-content\/uploads\/2021\/10\/Footer-Logo.png\",\"width\":1992,\"height\":772,\"caption\":\"IBCparts\"},\"image\":{\"@id\":\"https:\/\/ibcparts.eu\/#\/schema\/logo\/image\/\"}}]}<\/script>\n<!-- \/ Yoast SEO plugin. -->","yoast_head_json":{"title":"Kri\u017e F (3\/4\", 1\") | IBCparts.eu","description":"Plasti\u010dni fiting kri\u017e s \u0161tirimi notranjimi navoji velikosti 3\/4\" ali 1\". Material: PP. Tip navoja: BSP (standard). Zelo mo\u010dan.","robots":{"index":"index","follow":"follow","max-snippet":"max-snippet:-1","max-image-preview":"max-image-preview:large","max-video-preview":"max-video-preview:-1"},"canonical":"https:\/\/ibcparts.eu\/hr\/proizvod\/pp-kriz-f\/","og_locale":"hr_HR","og_type":"article","og_title":"Kri\u017e F (3\/4\", 1\") | IBCparts.eu","og_description":"Plasti\u010dni fiting kri\u017e s \u0161tirimi notranjimi navoji velikosti 3\/4\" ali 1\". Material: PP. Tip navoja: BSP (standard). Zelo mo\u010dan.","og_url":"https:\/\/ibcparts.eu\/hr\/proizvod\/pp-kriz-f\/","og_site_name":"IBCparts.eu","article_modified_time":"2025-12-06T16:28:50+00:00","og_image":[{"width":497,"height":502,"url":"https:\/\/ibcparts.eu\/wp-content\/uploads\/2021\/10\/Fiting-kriz-F.png","type":"image\/png"}],"twitter_card":"summary_large_image","schema":{"@context":"https:\/\/schema.org","@graph":[{"@type":"WebPage","@id":"https:\/\/ibcparts.eu\/izdelek\/pp-kriz-f\/","url":"https:\/\/ibcparts.eu\/izdelek\/pp-kriz-f\/","name":"Kri\u017e F (3\/4\", 1\") | IBCparts.eu","isPartOf":{"@id":"https:\/\/ibcparts.eu\/#website"},"primaryImageOfPage":{"@id":"https:\/\/ibcparts.eu\/izdelek\/pp-kriz-f\/#primaryimage"},"image":{"@id":"https:\/\/ibcparts.eu\/izdelek\/pp-kriz-f\/#primaryimage"},"thumbnailUrl":"https:\/\/ibcparts.eu\/wp-content\/uploads\/2021\/10\/Fiting-kriz-F.png","datePublished":"2021-10-20T18:46:24+00:00","dateModified":"2025-12-06T16:28:50+00:00","description":"Plasti\u010dni fiting kri\u017e s \u0161tirimi notranjimi navoji velikosti 3\/4\" ali 1\". Material: PP. Tip navoja: BSP (standard). Zelo mo\u010dan.","breadcrumb":{"@id":"https:\/\/ibcparts.eu\/izdelek\/pp-kriz-f\/#breadcrumb"},"inLanguage":"hr","potentialAction":[{"@type":"ReadAction","target":["https:\/\/ibcparts.eu\/izdelek\/pp-kriz-f\/"]}]},{"@type":"ImageObject","inLanguage":"hr","@id":"https:\/\/ibcparts.eu\/izdelek\/pp-kriz-f\/#primaryimage","url":"https:\/\/ibcparts.eu\/wp-content\/uploads\/2021\/10\/Fiting-kriz-F.png","contentUrl":"https:\/\/ibcparts.eu\/wp-content\/uploads\/2021\/10\/Fiting-kriz-F.png","width":497,"height":502,"caption":"Fiting kri\u017e F"},{"@type":"BreadcrumbList","@id":"https:\/\/ibcparts.eu\/izdelek\/pp-kriz-f\/#breadcrumb","itemListElement":[{"@type":"ListItem","position":1,"name":"Home","item":"https:\/\/ibcparts.eu\/"},{"@type":"ListItem","position":2,"name":"Nakupujte","item":"https:\/\/ibcparts.eu\/nakupujte\/"},{"@type":"ListItem","position":3,"name":"Kri\u017e F (3\/4&#8243;, 1&#8243;)"}]},{"@type":"WebSite","@id":"https:\/\/ibcparts.eu\/#website","url":"https:\/\/ibcparts.eu\/","name":"IBCparts.eu","description":"","publisher":{"@id":"https:\/\/ibcparts.eu\/#organization"},"potentialAction":[{"@type":"SearchAction","target":{"@type":"EntryPoint","urlTemplate":"https:\/\/ibcparts.eu\/?s={search_term_string}"},"query-input":{"@type":"PropertyValueSpecification","valueRequired":true,"valueName":"search_term_string"}}],"inLanguage":"hr"},{"@type":"Organization","@id":"https:\/\/ibcparts.eu\/#organization","name":"Dijelovi IBC-a","url":"https:\/\/ibcparts.eu\/","logo":{"@type":"ImageObject","inLanguage":"hr","@id":"https:\/\/ibcparts.eu\/#\/schema\/logo\/image\/","url":"https:\/\/ibcparts.eu\/wp-content\/uploads\/2021\/10\/Footer-Logo.png","contentUrl":"https:\/\/ibcparts.eu\/wp-content\/uploads\/2021\/10\/Footer-Logo.png","width":1992,"height":772,"caption":"IBCparts"},"image":{"@id":"https:\/\/ibcparts.eu\/#\/schema\/logo\/image\/"}}]}},"_links":{"self":[{"href":"https:\/\/ibcparts.eu\/hr\/wp-json\/wp\/v2\/product\/6790","targetHints":{"allow":["GET"]}}],"collection":[{"href":"https:\/\/ibcparts.eu\/hr\/wp-json\/wp\/v2\/product"}],"about":[{"href":"https:\/\/ibcparts.eu\/hr\/wp-json\/wp\/v2\/types\/product"}],"version-history":[{"count":0,"href":"https:\/\/ibcparts.eu\/hr\/wp-json\/wp\/v2\/product\/6790\/revisions"}],"wp:featuredmedia":[{"embeddable":true,"href":"https:\/\/ibcparts.eu\/hr\/wp-json\/wp\/v2\/media\/18572"}],"wp:attachment":[{"href":"https:\/\/ibcparts.eu\/hr\/wp-json\/wp\/v2\/media?parent=6790"}],"wp:term":[{"taxonomy":"product_brand","embeddable":true,"href":"https:\/\/ibcparts.eu\/hr\/wp-json\/wp\/v2\/product_brand?post=6790"},{"taxonomy":"product_cat","embeddable":true,"href":"https:\/\/ibcparts.eu\/hr\/wp-json\/wp\/v2\/product_cat?post=6790"},{"taxonomy":"product_tag","embeddable":true,"href":"https:\/\/ibcparts.eu\/hr\/wp-json\/wp\/v2\/product_tag?post=6790"}],"curies":[{"name":"wp","href":"https:\/\/api.w.org\/{rel}","templated":true}]}}