{"id":6713,"date":"2021-10-18T09:48:05","date_gmt":"2021-10-18T09:48:05","guid":{"rendered":"https:\/\/ibcparts.eu\/?post_type=product&#038;p=6713"},"modified":"2026-01-08T10:10:10","modified_gmt":"2026-01-08T09:10:10","slug":"hydrofitpvc","status":"publish","type":"product","link":"https:\/\/ibcparts.eu\/hr\/proizvod\/hydrofitpvc\/","title":{"rendered":"HydroFit M prolazni priklju\u010dak (PVC) \u2013 vrlo sna\u017ean"},"content":{"rendered":"","protected":false},"excerpt":{"rendered":"<p><strong>Informacije o artiklu:<\/strong><br \/>\nDodatni izlaz iz cisterne \/ prolazni priklju\u010dak \u201eHydroFit M\u201c mo\u017ee se koristiti u razli\u010dite svrhe i montira se u stijenku cisterne ili ba\u010dve (spremnika).<\/p>\n<p>Za odvajanje odve\u010dne vode ali zraka, za povezavo zalogovnikov, za monta\u017eo\u00a0ventila\u00a0ali pipe.<\/p>\n<p>Pogodno za cisterne i ba\u010dve (ne samo za IBC).<\/p>\n<ul>\n<li>Donja matica na slici je fiksna \u2013 ne okre\u0107e se.<\/li>\n<li class=\" translation-block\">Brtva: EPDM guma.<\/li>\n<li class=\" translation-block\">Materijal: PVC (<strong>izuzetno sna\u017ean i UV-otporan<\/strong>, ali nije pogodan za pitnu vodu).<\/li>\n<li>Boja: siva<\/li>\n<\/ul>\n<p>Izvrsno brtvljenje i visoka izdr\u017eljivost!<\/p>\n<p>Veli\u010dine:<\/p>\n<ul>\n<li class=\" translation-block\"><strong>3\/4\u2033<\/strong> \u2013 zabrtvljuje otvor promjera <strong>26\u201335 mm<\/strong><\/li>\n<li class=\" translation-block\"><strong>1\u2033<\/strong> \u2013 zabrtvljuje otvor promjera <strong>32\u201348 mm<\/strong><\/li>\n<li class=\" translation-block\"><strong>2\u2033<\/strong> \u2013 zabrtvljuje otvor promjera <strong>58\u201373 mm<\/strong><\/li>\n<\/ul>","protected":false},"featured_media":18690,"template":"","meta":[],"product_brand":[],"product_cat":[178],"product_tag":[441],"class_list":{"0":"post-6713","1":"product","2":"type-product","3":"status-publish","4":"has-post-thumbnail","6":"product_cat-skozniki","7":"product_tag-skoznik-m-pvc","9":"first","10":"instock","11":"shipping-taxable","12":"purchasable","13":"product-type-variable"},"yoast_head":"<!-- This site is optimized with the Yoast SEO plugin v27.1.1 - https:\/\/yoast.com\/product\/yoast-seo-wordpress\/ -->\n<title>Skoznik HydroFit M (PVC) - zelo mo\u010dan | IBCparts.eu<\/title>\n<meta name=\"description\" content=\"Dodaten izhod iz cisterne\/skoznik \u201cM\u201d se lahko uporablja za razli\u010dne namene in se montira v steno cisterne ali soda (zalogovnika).\" \/>\n<meta name=\"robots\" content=\"index, follow, max-snippet:-1, max-image-preview:large, max-video-preview:-1\" \/>\n<link rel=\"canonical\" href=\"https:\/\/ibcparts.eu\/hr\/proizvod\/hydrofitpvc\/\" \/>\n<meta property=\"og:locale\" content=\"hr_HR\" \/>\n<meta property=\"og:type\" content=\"article\" \/>\n<meta property=\"og:title\" content=\"Skoznik HydroFit M (PVC) - zelo mo\u010dan | IBCparts.eu\" \/>\n<meta property=\"og:description\" content=\"Dodaten izhod iz cisterne\/skoznik \u201cM\u201d se lahko uporablja za razli\u010dne namene in se montira v steno cisterne ali soda (zalogovnika).\" \/>\n<meta property=\"og:url\" content=\"https:\/\/ibcparts.eu\/hr\/proizvod\/hydrofitpvc\/\" \/>\n<meta property=\"og:site_name\" content=\"IBCparts.eu\" \/>\n<meta property=\"article:modified_time\" content=\"2026-01-08T09:10:10+00:00\" \/>\n<meta property=\"og:image\" content=\"https:\/\/ibcparts.eu\/wp-content\/uploads\/2021\/10\/Skoznik-M-PVC.png\" \/>\n\t<meta property=\"og:image:width\" content=\"500\" \/>\n\t<meta property=\"og:image:height\" content=\"500\" \/>\n\t<meta property=\"og:image:type\" content=\"image\/png\" \/>\n<meta name=\"twitter:card\" content=\"summary_large_image\" \/>\n<script type=\"application\/ld+json\" class=\"yoast-schema-graph\">{\"@context\":\"https:\/\/schema.org\",\"@graph\":[{\"@type\":\"WebPage\",\"@id\":\"https:\/\/ibcparts.eu\/izdelek\/hydrofitpvc\/\",\"url\":\"https:\/\/ibcparts.eu\/izdelek\/hydrofitpvc\/\",\"name\":\"Skoznik HydroFit M (PVC) - zelo mo\u010dan | IBCparts.eu\",\"isPartOf\":{\"@id\":\"https:\/\/ibcparts.eu\/#website\"},\"primaryImageOfPage\":{\"@id\":\"https:\/\/ibcparts.eu\/izdelek\/hydrofitpvc\/#primaryimage\"},\"image\":{\"@id\":\"https:\/\/ibcparts.eu\/izdelek\/hydrofitpvc\/#primaryimage\"},\"thumbnailUrl\":\"https:\/\/ibcparts.eu\/wp-content\/uploads\/2021\/10\/Skoznik-M-PVC.png\",\"datePublished\":\"2021-10-18T09:48:05+00:00\",\"dateModified\":\"2026-01-08T09:10:10+00:00\",\"description\":\"Dodaten izhod iz cisterne\/skoznik \u201cM\u201d se lahko uporablja za razli\u010dne namene in se montira v steno cisterne ali soda (zalogovnika).\",\"breadcrumb\":{\"@id\":\"https:\/\/ibcparts.eu\/izdelek\/hydrofitpvc\/#breadcrumb\"},\"inLanguage\":\"hr\",\"potentialAction\":[{\"@type\":\"ReadAction\",\"target\":[\"https:\/\/ibcparts.eu\/izdelek\/hydrofitpvc\/\"]}]},{\"@type\":\"ImageObject\",\"inLanguage\":\"hr\",\"@id\":\"https:\/\/ibcparts.eu\/izdelek\/hydrofitpvc\/#primaryimage\",\"url\":\"https:\/\/ibcparts.eu\/wp-content\/uploads\/2021\/10\/Skoznik-M-PVC.png\",\"contentUrl\":\"https:\/\/ibcparts.eu\/wp-content\/uploads\/2021\/10\/Skoznik-M-PVC.png\",\"width\":500,\"height\":500,\"caption\":\"Skoznik M (PVC)\"},{\"@type\":\"BreadcrumbList\",\"@id\":\"https:\/\/ibcparts.eu\/izdelek\/hydrofitpvc\/#breadcrumb\",\"itemListElement\":[{\"@type\":\"ListItem\",\"position\":1,\"name\":\"Home\",\"item\":\"https:\/\/ibcparts.eu\/\"},{\"@type\":\"ListItem\",\"position\":2,\"name\":\"Nakupujte\",\"item\":\"https:\/\/ibcparts.eu\/nakupujte\/\"},{\"@type\":\"ListItem\",\"position\":3,\"name\":\"Skoznik HydroFit M (PVC) &#8211; zelo mo\u010dan\"}]},{\"@type\":\"WebSite\",\"@id\":\"https:\/\/ibcparts.eu\/#website\",\"url\":\"https:\/\/ibcparts.eu\/\",\"name\":\"IBCparts.eu\",\"description\":\"\",\"publisher\":{\"@id\":\"https:\/\/ibcparts.eu\/#organization\"},\"potentialAction\":[{\"@type\":\"SearchAction\",\"target\":{\"@type\":\"EntryPoint\",\"urlTemplate\":\"https:\/\/ibcparts.eu\/?s={search_term_string}\"},\"query-input\":{\"@type\":\"PropertyValueSpecification\",\"valueRequired\":true,\"valueName\":\"search_term_string\"}}],\"inLanguage\":\"hr\"},{\"@type\":\"Organization\",\"@id\":\"https:\/\/ibcparts.eu\/#organization\",\"name\":\"IBCparts\",\"url\":\"https:\/\/ibcparts.eu\/\",\"logo\":{\"@type\":\"ImageObject\",\"inLanguage\":\"hr\",\"@id\":\"https:\/\/ibcparts.eu\/#\/schema\/logo\/image\/\",\"url\":\"https:\/\/ibcparts.eu\/wp-content\/uploads\/2021\/10\/Footer-Logo.png\",\"contentUrl\":\"https:\/\/ibcparts.eu\/wp-content\/uploads\/2021\/10\/Footer-Logo.png\",\"width\":1992,\"height\":772,\"caption\":\"IBCparts\"},\"image\":{\"@id\":\"https:\/\/ibcparts.eu\/#\/schema\/logo\/image\/\"}}]}<\/script>\n<!-- \/ Yoast SEO plugin. -->","yoast_head_json":{"title":"Skoznik HydroFit M (PVC) - zelo mo\u010dan | IBCparts.eu","description":"Dodaten izhod iz cisterne\/skoznik \u201cM\u201d se lahko uporablja za razli\u010dne namene in se montira v steno cisterne ali soda (zalogovnika).","robots":{"index":"index","follow":"follow","max-snippet":"max-snippet:-1","max-image-preview":"max-image-preview:large","max-video-preview":"max-video-preview:-1"},"canonical":"https:\/\/ibcparts.eu\/hr\/proizvod\/hydrofitpvc\/","og_locale":"hr_HR","og_type":"article","og_title":"Skoznik HydroFit M (PVC) - zelo mo\u010dan | IBCparts.eu","og_description":"Dodaten izhod iz cisterne\/skoznik \u201cM\u201d se lahko uporablja za razli\u010dne namene in se montira v steno cisterne ali soda (zalogovnika).","og_url":"https:\/\/ibcparts.eu\/hr\/proizvod\/hydrofitpvc\/","og_site_name":"IBCparts.eu","article_modified_time":"2026-01-08T09:10:10+00:00","og_image":[{"width":500,"height":500,"url":"https:\/\/ibcparts.eu\/wp-content\/uploads\/2021\/10\/Skoznik-M-PVC.png","type":"image\/png"}],"twitter_card":"summary_large_image","schema":{"@context":"https:\/\/schema.org","@graph":[{"@type":"WebPage","@id":"https:\/\/ibcparts.eu\/izdelek\/hydrofitpvc\/","url":"https:\/\/ibcparts.eu\/izdelek\/hydrofitpvc\/","name":"Skoznik HydroFit M (PVC) - zelo mo\u010dan | IBCparts.eu","isPartOf":{"@id":"https:\/\/ibcparts.eu\/#website"},"primaryImageOfPage":{"@id":"https:\/\/ibcparts.eu\/izdelek\/hydrofitpvc\/#primaryimage"},"image":{"@id":"https:\/\/ibcparts.eu\/izdelek\/hydrofitpvc\/#primaryimage"},"thumbnailUrl":"https:\/\/ibcparts.eu\/wp-content\/uploads\/2021\/10\/Skoznik-M-PVC.png","datePublished":"2021-10-18T09:48:05+00:00","dateModified":"2026-01-08T09:10:10+00:00","description":"Dodaten izhod iz cisterne\/skoznik \u201cM\u201d se lahko uporablja za razli\u010dne namene in se montira v steno cisterne ali soda (zalogovnika).","breadcrumb":{"@id":"https:\/\/ibcparts.eu\/izdelek\/hydrofitpvc\/#breadcrumb"},"inLanguage":"hr","potentialAction":[{"@type":"ReadAction","target":["https:\/\/ibcparts.eu\/izdelek\/hydrofitpvc\/"]}]},{"@type":"ImageObject","inLanguage":"hr","@id":"https:\/\/ibcparts.eu\/izdelek\/hydrofitpvc\/#primaryimage","url":"https:\/\/ibcparts.eu\/wp-content\/uploads\/2021\/10\/Skoznik-M-PVC.png","contentUrl":"https:\/\/ibcparts.eu\/wp-content\/uploads\/2021\/10\/Skoznik-M-PVC.png","width":500,"height":500,"caption":"Skoznik M (PVC)"},{"@type":"BreadcrumbList","@id":"https:\/\/ibcparts.eu\/izdelek\/hydrofitpvc\/#breadcrumb","itemListElement":[{"@type":"ListItem","position":1,"name":"Home","item":"https:\/\/ibcparts.eu\/"},{"@type":"ListItem","position":2,"name":"Nakupujte","item":"https:\/\/ibcparts.eu\/nakupujte\/"},{"@type":"ListItem","position":3,"name":"Skoznik HydroFit M (PVC) &#8211; zelo mo\u010dan"}]},{"@type":"WebSite","@id":"https:\/\/ibcparts.eu\/#website","url":"https:\/\/ibcparts.eu\/","name":"IBCparts.eu","description":"","publisher":{"@id":"https:\/\/ibcparts.eu\/#organization"},"potentialAction":[{"@type":"SearchAction","target":{"@type":"EntryPoint","urlTemplate":"https:\/\/ibcparts.eu\/?s={search_term_string}"},"query-input":{"@type":"PropertyValueSpecification","valueRequired":true,"valueName":"search_term_string"}}],"inLanguage":"hr"},{"@type":"Organization","@id":"https:\/\/ibcparts.eu\/#organization","name":"Dijelovi IBC-a","url":"https:\/\/ibcparts.eu\/","logo":{"@type":"ImageObject","inLanguage":"hr","@id":"https:\/\/ibcparts.eu\/#\/schema\/logo\/image\/","url":"https:\/\/ibcparts.eu\/wp-content\/uploads\/2021\/10\/Footer-Logo.png","contentUrl":"https:\/\/ibcparts.eu\/wp-content\/uploads\/2021\/10\/Footer-Logo.png","width":1992,"height":772,"caption":"IBCparts"},"image":{"@id":"https:\/\/ibcparts.eu\/#\/schema\/logo\/image\/"}}]}},"_links":{"self":[{"href":"https:\/\/ibcparts.eu\/hr\/wp-json\/wp\/v2\/product\/6713","targetHints":{"allow":["GET"]}}],"collection":[{"href":"https:\/\/ibcparts.eu\/hr\/wp-json\/wp\/v2\/product"}],"about":[{"href":"https:\/\/ibcparts.eu\/hr\/wp-json\/wp\/v2\/types\/product"}],"version-history":[{"count":2,"href":"https:\/\/ibcparts.eu\/hr\/wp-json\/wp\/v2\/product\/6713\/revisions"}],"predecessor-version":[{"id":19995,"href":"https:\/\/ibcparts.eu\/hr\/wp-json\/wp\/v2\/product\/6713\/revisions\/19995"}],"wp:featuredmedia":[{"embeddable":true,"href":"https:\/\/ibcparts.eu\/hr\/wp-json\/wp\/v2\/media\/18690"}],"wp:attachment":[{"href":"https:\/\/ibcparts.eu\/hr\/wp-json\/wp\/v2\/media?parent=6713"}],"wp:term":[{"taxonomy":"product_brand","embeddable":true,"href":"https:\/\/ibcparts.eu\/hr\/wp-json\/wp\/v2\/product_brand?post=6713"},{"taxonomy":"product_cat","embeddable":true,"href":"https:\/\/ibcparts.eu\/hr\/wp-json\/wp\/v2\/product_cat?post=6713"},{"taxonomy":"product_tag","embeddable":true,"href":"https:\/\/ibcparts.eu\/hr\/wp-json\/wp\/v2\/product_tag?post=6713"}],"curies":[{"name":"wp","href":"https:\/\/api.w.org\/{rel}","templated":true}]}}