{"id":20511,"date":"2026-02-06T08:38:49","date_gmt":"2026-02-06T07:38:49","guid":{"rendered":"https:\/\/ibcparts.eu\/?post_type=product&#038;p=20511"},"modified":"2026-02-06T09:23:00","modified_gmt":"2026-02-06T08:23:00","slug":"wallport50","status":"publish","type":"product","link":"https:\/\/ibcparts.eu\/hr\/proizvod\/wallport50\/","title":{"rendered":"Skoznik IBC WallPort 50"},"content":{"rendered":"","protected":false},"excerpt":{"rendered":"<h2 data-start=\"124\" data-end=\"379\"><strong data-start=\"124\" data-end=\"151\">Skoznik IBC WallPort 50<\/strong> je zanesljiv preboj skozi steno IBC cisterne, namenjen predvsem monta\u017ei pri vrhu cisterne.<\/h2>\n<p data-start=\"124\" data-end=\"379\">Uporablja se lahko tudi za povezavo z <strong data-start=\"270\" data-end=\"297\">odvodnim filtrom de\u017eevnice Quadro ali Pontus <\/strong>, kjer se vi\u0161ek vode iz cisterne avtomatsko preteka nazaj skozi filter v padno cev oziroma odtok.<\/p>\n<p data-start=\"381\" data-end=\"695\">Za monta\u017eo je potrebno v steno cisterne izvrtati <strong data-start=\"430\" data-end=\"454\">luknjo premera 60 mm<\/strong>. Skoznik je zasnovan tako, da se fiksni del vstavi z notranje strani, z zunanje strani pa se vse skupaj mo\u010dno zategne z matico. Nato se privije \u0161e <strong data-start=\"602\" data-end=\"649\">smrekica z vrtljivo matico in EPDM tesnilom<\/strong>, kar omogo\u010da enostaven in tesen priklop cevi.<\/p>\n<p data-start=\"697\" data-end=\"727\">Na priklju\u010dek lahko namestite:<\/p>\n<ul>\n<li data-start=\"730\" data-end=\"776\">fleksibilno cev z notranjim premerom <strong data-start=\"767\" data-end=\"776\">50 mm<\/strong><\/li>\n<li data-start=\"779\" data-end=\"811\">ali standardno <strong data-start=\"794\" data-end=\"811\">PVC cev 50 mm<\/strong><\/li>\n<\/ul>\n<p data-start=\"813\" data-end=\"960\">Skoznik je izdelan iz <strong data-start=\"835\" data-end=\"865\">\u010distega PP (polipropilena)<\/strong> in je <strong data-start=\"872\" data-end=\"898\">primeren za pitno vodo<\/strong>, zato je varen tudi za sisteme zbiranja in uporabe de\u017eevnice.<\/p>\n<p data-start=\"813\" data-end=\"960\">Za \u0161e bolj fino filtracijo ali \u010de ne \u017eelite vrtati odprtin v cisterno, priporo\u010damo uporabo na\u0161ega izdelka <strong data-start=\"227\" data-end=\"240\" data-is-only-node=\"\">TritonFlex<\/strong>.<\/p>\n<p data-start=\"813\" data-end=\"960\"><strong data-start=\"72\" data-end=\"86\">Opozorilo:<\/strong><br data-start=\"86\" data-end=\"89\" \/>IBC cisterna se pri polnjenju rahlo razteza, pri praznjenju pa kr\u010di. Zato pri monta\u017ei upo\u0161tevajte, da se lahko polo\u017eaj skoznika premika za nekaj centimetrov. Poskrbite za dovolj rezerve na cevi, da ne pride do izpada priklju\u010dka.<\/p>\n<p data-start=\"813\" data-end=\"960\"><strong>\u010ce imate povezanih ve\u010d cistern:<\/strong><\/p>\n<p data-start=\"813\" data-end=\"960\">Da bodo povezane IBC cisterne pravilno \u201cdihale\u201d, ni nujno, da dodajate posebne oddu\u0161nike. Dovolj je, da na cisternah, ki niso direktno polnjene, <strong data-start=\"606\" data-end=\"637\">pokrove samo rahlo odvijete<\/strong> (nekaj obratov). Tako lahko zrak nemoteno prehaja, nivo vode pa se enakomerno izena\u010duje.<\/p>","protected":false},"featured_media":20516,"template":"","meta":[],"product_brand":[],"product_cat":[178],"product_tag":[509],"class_list":{"0":"post-20511","1":"product","2":"type-product","3":"status-publish","4":"has-post-thumbnail","6":"product_cat-skozniki","7":"product_tag-skoznik","9":"first","10":"instock","11":"shipping-taxable","12":"purchasable","13":"product-type-simple"},"yoast_head":"<!-- This site is optimized with the Yoast SEO plugin v27.1.1 - https:\/\/yoast.com\/product\/yoast-seo-wordpress\/ -->\n<title>Skoznik IBC WallPort 50 | IBCparts.eu<\/title>\n<meta name=\"description\" content=\"Skoznik IBC WallPort 50 je preboj skozi steno IBC cisterne za luknjo 60 mm. \u010cisti PP, primeren za pitno vodo. Priklop fleksibilne cevi 50 mm ali PVC 50 mm.\" \/>\n<meta name=\"robots\" content=\"index, follow, max-snippet:-1, max-image-preview:large, max-video-preview:-1\" \/>\n<link rel=\"canonical\" href=\"https:\/\/ibcparts.eu\/hr\/proizvod\/wallport50\/\" \/>\n<meta property=\"og:locale\" content=\"hr_HR\" \/>\n<meta property=\"og:type\" content=\"article\" \/>\n<meta property=\"og:title\" content=\"Skoznik IBC WallPort 50 | IBCparts.eu\" \/>\n<meta property=\"og:description\" content=\"Skoznik IBC WallPort 50 je preboj skozi steno IBC cisterne za luknjo 60 mm. \u010cisti PP, primeren za pitno vodo. Priklop fleksibilne cevi 50 mm ali PVC 50 mm.\" \/>\n<meta property=\"og:url\" content=\"https:\/\/ibcparts.eu\/hr\/proizvod\/wallport50\/\" \/>\n<meta property=\"og:site_name\" content=\"IBCparts.eu\" \/>\n<meta property=\"article:modified_time\" content=\"2026-02-06T08:23:00+00:00\" \/>\n<meta property=\"og:image\" content=\"https:\/\/ibcparts.eu\/wp-content\/uploads\/2026\/02\/Skoznik-IBC-WallPort-50-\u2013-preboj-skozi-steno-za-cev-50-mm-z-EPDM-tesnilom-luknja-60-mm.jpg\" \/>\n\t<meta property=\"og:image:width\" content=\"500\" \/>\n\t<meta property=\"og:image:height\" content=\"500\" \/>\n\t<meta property=\"og:image:type\" content=\"image\/jpeg\" \/>\n<meta name=\"twitter:card\" content=\"summary_large_image\" \/>\n<script type=\"application\/ld+json\" class=\"yoast-schema-graph\">{\"@context\":\"https:\/\/schema.org\",\"@graph\":[{\"@type\":\"WebPage\",\"@id\":\"https:\/\/ibcparts.eu\/izdelek\/wallport50\/\",\"url\":\"https:\/\/ibcparts.eu\/izdelek\/wallport50\/\",\"name\":\"Skoznik IBC WallPort 50 | IBCparts.eu\",\"isPartOf\":{\"@id\":\"https:\/\/ibcparts.eu\/#website\"},\"primaryImageOfPage\":{\"@id\":\"https:\/\/ibcparts.eu\/izdelek\/wallport50\/#primaryimage\"},\"image\":{\"@id\":\"https:\/\/ibcparts.eu\/izdelek\/wallport50\/#primaryimage\"},\"thumbnailUrl\":\"https:\/\/ibcparts.eu\/wp-content\/uploads\/2026\/02\/Skoznik-IBC-WallPort-50-\u2013-preboj-skozi-steno-za-cev-50-mm-z-EPDM-tesnilom-luknja-60-mm.jpg\",\"datePublished\":\"2026-02-06T07:38:49+00:00\",\"dateModified\":\"2026-02-06T08:23:00+00:00\",\"description\":\"Skoznik IBC WallPort 50 je preboj skozi steno IBC cisterne za luknjo 60 mm. \u010cisti PP, primeren za pitno vodo. Priklop fleksibilne cevi 50 mm ali PVC 50 mm.\",\"breadcrumb\":{\"@id\":\"https:\/\/ibcparts.eu\/izdelek\/wallport50\/#breadcrumb\"},\"inLanguage\":\"hr\",\"potentialAction\":[{\"@type\":\"ReadAction\",\"target\":[\"https:\/\/ibcparts.eu\/izdelek\/wallport50\/\"]}]},{\"@type\":\"ImageObject\",\"inLanguage\":\"hr\",\"@id\":\"https:\/\/ibcparts.eu\/izdelek\/wallport50\/#primaryimage\",\"url\":\"https:\/\/ibcparts.eu\/wp-content\/uploads\/2026\/02\/Skoznik-IBC-WallPort-50-\u2013-preboj-skozi-steno-za-cev-50-mm-z-EPDM-tesnilom-luknja-60-mm.jpg\",\"contentUrl\":\"https:\/\/ibcparts.eu\/wp-content\/uploads\/2026\/02\/Skoznik-IBC-WallPort-50-\u2013-preboj-skozi-steno-za-cev-50-mm-z-EPDM-tesnilom-luknja-60-mm.jpg\",\"width\":500,\"height\":500,\"caption\":\"Skoznik IBC WallPort 50 \u2013 preboj skozi steno za cev 50 mm z EPDM tesnilom (luknja 60 mm)\"},{\"@type\":\"BreadcrumbList\",\"@id\":\"https:\/\/ibcparts.eu\/izdelek\/wallport50\/#breadcrumb\",\"itemListElement\":[{\"@type\":\"ListItem\",\"position\":1,\"name\":\"Home\",\"item\":\"https:\/\/ibcparts.eu\/\"},{\"@type\":\"ListItem\",\"position\":2,\"name\":\"Nakupujte\",\"item\":\"https:\/\/ibcparts.eu\/nakupujte\/\"},{\"@type\":\"ListItem\",\"position\":3,\"name\":\"Skoznik IBC WallPort 50\"}]},{\"@type\":\"WebSite\",\"@id\":\"https:\/\/ibcparts.eu\/#website\",\"url\":\"https:\/\/ibcparts.eu\/\",\"name\":\"IBCparts.eu\",\"description\":\"\",\"publisher\":{\"@id\":\"https:\/\/ibcparts.eu\/#organization\"},\"potentialAction\":[{\"@type\":\"SearchAction\",\"target\":{\"@type\":\"EntryPoint\",\"urlTemplate\":\"https:\/\/ibcparts.eu\/?s={search_term_string}\"},\"query-input\":{\"@type\":\"PropertyValueSpecification\",\"valueRequired\":true,\"valueName\":\"search_term_string\"}}],\"inLanguage\":\"hr\"},{\"@type\":\"Organization\",\"@id\":\"https:\/\/ibcparts.eu\/#organization\",\"name\":\"IBCparts\",\"url\":\"https:\/\/ibcparts.eu\/\",\"logo\":{\"@type\":\"ImageObject\",\"inLanguage\":\"hr\",\"@id\":\"https:\/\/ibcparts.eu\/#\/schema\/logo\/image\/\",\"url\":\"https:\/\/ibcparts.eu\/wp-content\/uploads\/2021\/10\/Footer-Logo.png\",\"contentUrl\":\"https:\/\/ibcparts.eu\/wp-content\/uploads\/2021\/10\/Footer-Logo.png\",\"width\":1992,\"height\":772,\"caption\":\"IBCparts\"},\"image\":{\"@id\":\"https:\/\/ibcparts.eu\/#\/schema\/logo\/image\/\"}}]}<\/script>\n<!-- \/ Yoast SEO plugin. -->","yoast_head_json":{"title":"Skoznik IBC WallPort 50 | IBCparts.eu","description":"Skoznik IBC WallPort 50 je preboj skozi steno IBC cisterne za luknjo 60 mm. \u010cisti PP, primeren za pitno vodo. Priklop fleksibilne cevi 50 mm ali PVC 50 mm.","robots":{"index":"index","follow":"follow","max-snippet":"max-snippet:-1","max-image-preview":"max-image-preview:large","max-video-preview":"max-video-preview:-1"},"canonical":"https:\/\/ibcparts.eu\/hr\/proizvod\/wallport50\/","og_locale":"hr_HR","og_type":"article","og_title":"Skoznik IBC WallPort 50 | IBCparts.eu","og_description":"Skoznik IBC WallPort 50 je preboj skozi steno IBC cisterne za luknjo 60 mm. \u010cisti PP, primeren za pitno vodo. Priklop fleksibilne cevi 50 mm ali PVC 50 mm.","og_url":"https:\/\/ibcparts.eu\/hr\/proizvod\/wallport50\/","og_site_name":"IBCparts.eu","article_modified_time":"2026-02-06T08:23:00+00:00","og_image":[{"width":500,"height":500,"url":"https:\/\/ibcparts.eu\/wp-content\/uploads\/2026\/02\/Skoznik-IBC-WallPort-50-\u2013-preboj-skozi-steno-za-cev-50-mm-z-EPDM-tesnilom-luknja-60-mm.jpg","type":"image\/jpeg"}],"twitter_card":"summary_large_image","schema":{"@context":"https:\/\/schema.org","@graph":[{"@type":"WebPage","@id":"https:\/\/ibcparts.eu\/izdelek\/wallport50\/","url":"https:\/\/ibcparts.eu\/izdelek\/wallport50\/","name":"Skoznik IBC WallPort 50 | IBCparts.eu","isPartOf":{"@id":"https:\/\/ibcparts.eu\/#website"},"primaryImageOfPage":{"@id":"https:\/\/ibcparts.eu\/izdelek\/wallport50\/#primaryimage"},"image":{"@id":"https:\/\/ibcparts.eu\/izdelek\/wallport50\/#primaryimage"},"thumbnailUrl":"https:\/\/ibcparts.eu\/wp-content\/uploads\/2026\/02\/Skoznik-IBC-WallPort-50-\u2013-preboj-skozi-steno-za-cev-50-mm-z-EPDM-tesnilom-luknja-60-mm.jpg","datePublished":"2026-02-06T07:38:49+00:00","dateModified":"2026-02-06T08:23:00+00:00","description":"Skoznik IBC WallPort 50 je preboj skozi steno IBC cisterne za luknjo 60 mm. \u010cisti PP, primeren za pitno vodo. Priklop fleksibilne cevi 50 mm ali PVC 50 mm.","breadcrumb":{"@id":"https:\/\/ibcparts.eu\/izdelek\/wallport50\/#breadcrumb"},"inLanguage":"hr","potentialAction":[{"@type":"ReadAction","target":["https:\/\/ibcparts.eu\/izdelek\/wallport50\/"]}]},{"@type":"ImageObject","inLanguage":"hr","@id":"https:\/\/ibcparts.eu\/izdelek\/wallport50\/#primaryimage","url":"https:\/\/ibcparts.eu\/wp-content\/uploads\/2026\/02\/Skoznik-IBC-WallPort-50-\u2013-preboj-skozi-steno-za-cev-50-mm-z-EPDM-tesnilom-luknja-60-mm.jpg","contentUrl":"https:\/\/ibcparts.eu\/wp-content\/uploads\/2026\/02\/Skoznik-IBC-WallPort-50-\u2013-preboj-skozi-steno-za-cev-50-mm-z-EPDM-tesnilom-luknja-60-mm.jpg","width":500,"height":500,"caption":"Skoznik IBC WallPort 50 \u2013 preboj skozi steno za cev 50 mm z EPDM tesnilom (luknja 60 mm)"},{"@type":"BreadcrumbList","@id":"https:\/\/ibcparts.eu\/izdelek\/wallport50\/#breadcrumb","itemListElement":[{"@type":"ListItem","position":1,"name":"Home","item":"https:\/\/ibcparts.eu\/"},{"@type":"ListItem","position":2,"name":"Nakupujte","item":"https:\/\/ibcparts.eu\/nakupujte\/"},{"@type":"ListItem","position":3,"name":"Skoznik IBC WallPort 50"}]},{"@type":"WebSite","@id":"https:\/\/ibcparts.eu\/#website","url":"https:\/\/ibcparts.eu\/","name":"IBCparts.eu","description":"","publisher":{"@id":"https:\/\/ibcparts.eu\/#organization"},"potentialAction":[{"@type":"SearchAction","target":{"@type":"EntryPoint","urlTemplate":"https:\/\/ibcparts.eu\/?s={search_term_string}"},"query-input":{"@type":"PropertyValueSpecification","valueRequired":true,"valueName":"search_term_string"}}],"inLanguage":"hr"},{"@type":"Organization","@id":"https:\/\/ibcparts.eu\/#organization","name":"Dijelovi IBC-a","url":"https:\/\/ibcparts.eu\/","logo":{"@type":"ImageObject","inLanguage":"hr","@id":"https:\/\/ibcparts.eu\/#\/schema\/logo\/image\/","url":"https:\/\/ibcparts.eu\/wp-content\/uploads\/2021\/10\/Footer-Logo.png","contentUrl":"https:\/\/ibcparts.eu\/wp-content\/uploads\/2021\/10\/Footer-Logo.png","width":1992,"height":772,"caption":"IBCparts"},"image":{"@id":"https:\/\/ibcparts.eu\/#\/schema\/logo\/image\/"}}]}},"_links":{"self":[{"href":"https:\/\/ibcparts.eu\/hr\/wp-json\/wp\/v2\/product\/20511","targetHints":{"allow":["GET"]}}],"collection":[{"href":"https:\/\/ibcparts.eu\/hr\/wp-json\/wp\/v2\/product"}],"about":[{"href":"https:\/\/ibcparts.eu\/hr\/wp-json\/wp\/v2\/types\/product"}],"version-history":[{"count":4,"href":"https:\/\/ibcparts.eu\/hr\/wp-json\/wp\/v2\/product\/20511\/revisions"}],"predecessor-version":[{"id":20522,"href":"https:\/\/ibcparts.eu\/hr\/wp-json\/wp\/v2\/product\/20511\/revisions\/20522"}],"wp:featuredmedia":[{"embeddable":true,"href":"https:\/\/ibcparts.eu\/hr\/wp-json\/wp\/v2\/media\/20516"}],"wp:attachment":[{"href":"https:\/\/ibcparts.eu\/hr\/wp-json\/wp\/v2\/media?parent=20511"}],"wp:term":[{"taxonomy":"product_brand","embeddable":true,"href":"https:\/\/ibcparts.eu\/hr\/wp-json\/wp\/v2\/product_brand?post=20511"},{"taxonomy":"product_cat","embeddable":true,"href":"https:\/\/ibcparts.eu\/hr\/wp-json\/wp\/v2\/product_cat?post=20511"},{"taxonomy":"product_tag","embeddable":true,"href":"https:\/\/ibcparts.eu\/hr\/wp-json\/wp\/v2\/product_tag?post=20511"}],"curies":[{"name":"wp","href":"https:\/\/api.w.org\/{rel}","templated":true}]}}