{"id":19661,"date":"2025-12-31T19:18:27","date_gmt":"2025-12-31T18:18:27","guid":{"rendered":"https:\/\/ibcparts.eu\/?post_type=product&#038;p=19661"},"modified":"2025-12-31T19:30:11","modified_gmt":"2025-12-31T18:30:11","slug":"adapter-din51","status":"publish","type":"product","link":"https:\/\/ibcparts.eu\/hr\/proizvod\/adapter-din51\/","title":{"rendered":"Adapter s pipo DIN 51 (51&#215;6 mm)"},"content":{"rendered":"","protected":false},"excerpt":{"rendered":"<h2 data-start=\"136\" data-end=\"171\">Adapter s pipo DIN 51 (Pail Tap)<\/h2>\n<p data-start=\"173\" data-end=\"368\">Adapter s pipo je namenjen <strong data-start=\"200\" data-end=\"234\">kontroliranemu to\u010denju teko\u010din<\/strong> iz plasti\u010dnih sodov in kanistrov z <strong data-start=\"270\" data-end=\"288\">DIN 51 navojem<\/strong>. Omogo\u010da enostavno praznjenje brez uporabe \u010drpalke ter natan\u010den nadzor pretoka.<\/p>\n<h3 data-start=\"370\" data-end=\"391\">Klju\u010dne lastnosti<\/h3>\n<ul>\n<li data-start=\"394\" data-end=\"421\">standardni <strong data-start=\"405\" data-end=\"421\">DIN 51 navoj<\/strong><\/li>\n<li data-start=\"424\" data-end=\"483\">vgrajena <strong data-start=\"433\" data-end=\"460\">zaporna pipa (pail tap)<\/strong> za nadzorovano to\u010denje<\/li>\n<li data-start=\"486\" data-end=\"511\">primeren za ro\u010dno monta\u017eo<\/li>\n<li data-start=\"514\" data-end=\"551\">zmanj\u0161uje razlitje in izgube teko\u010dine<\/li>\n<li data-start=\"554\" data-end=\"603\">primeren za industrijsko in profesionalno uporabo<\/li>\n<li data-start=\"554\" data-end=\"603\"><strong>Adapter ima integrirano notranjo zra\u010dno cevko<\/strong>, ki omogo\u010da dotok zraka v posodo med praznjenjem in zagotavlja enakomeren ter nadzorovan pretok teko\u010dine.<\/li>\n<\/ul>\n<h3 data-start=\"605\" data-end=\"631\">Tehni\u010dne specifikacije<\/h3>\n<ul>\n<li data-start=\"634\" data-end=\"653\"><strong data-start=\"634\" data-end=\"644\">Navoj:<\/strong> DIN 51<\/li>\n<li data-start=\"656\" data-end=\"698\"><strong data-start=\"656\" data-end=\"682\">Zunanji premer navoja:<\/strong> cca <strong data-start=\"687\" data-end=\"696\">51 mm<\/strong><\/li>\n<li data-start=\"701\" data-end=\"729\"><strong data-start=\"701\" data-end=\"718\">Korak navoja:<\/strong> <strong data-start=\"719\" data-end=\"727\">6 mm<\/strong><\/li>\n<li data-start=\"732\" data-end=\"795\"><strong data-start=\"732\" data-end=\"747\">Tip navoja:<\/strong> grob (saw-tooth), namenjen plasti\u010dnim posodam<\/li>\n<li data-start=\"798\" data-end=\"843\"><strong data-start=\"798\" data-end=\"811\">Materijal<\/strong> plastika\u00a0 (PP)<\/li>\n<li data-start=\"846\" data-end=\"892\"><strong data-start=\"846\" data-end=\"860\">Tesnjenje:<\/strong> integrirano tesnilo iz PP<\/li>\n<\/ul>\n<h3 data-start=\"894\" data-end=\"912\">Tipi\u010dne posode<\/h3>\n<ul>\n<li data-start=\"915\" data-end=\"948\">plasti\u010dni kanistri <strong data-start=\"934\" data-end=\"948\">5 L \u2013 30 L<\/strong><\/li>\n<li data-start=\"951\" data-end=\"981\">plasti\u010dni sodi <strong data-start=\"966\" data-end=\"981\">do cca 60 L<\/strong><\/li>\n<li data-start=\"984\" data-end=\"1006\">posode z DIN 51 vratom<\/li>\n<\/ul>","protected":false},"featured_media":19663,"template":"","meta":[],"product_brand":[],"product_cat":[258],"product_tag":[],"class_list":{"0":"post-19661","1":"product","2":"type-product","3":"status-publish","4":"has-post-thumbnail","6":"product_cat-adapterji-za-plastenke-rocke-in-sode","8":"first","9":"instock","10":"shipping-taxable","11":"purchasable","12":"product-type-simple"},"yoast_head":"<!-- This site is optimized with the Yoast SEO plugin v27.1.1 - https:\/\/yoast.com\/product\/yoast-seo-wordpress\/ -->\n<title>Adapter s pipo DIN 51 (51x6 mm)<\/title>\n<meta name=\"description\" content=\"\u200bAdapter s pipo DIN 51 za kontrolirano to\u010denje teko\u010din iz plasti\u010dnih sodov in kanistrov. Z integriranim zra\u010dnikom za enakomeren pretok brez gluganja.\" \/>\n<meta name=\"robots\" content=\"index, follow, max-snippet:-1, max-image-preview:large, max-video-preview:-1\" \/>\n<link rel=\"canonical\" href=\"https:\/\/ibcparts.eu\/hr\/proizvod\/adapter-din51\/\" \/>\n<meta property=\"og:locale\" content=\"hr_HR\" \/>\n<meta property=\"og:type\" content=\"article\" \/>\n<meta property=\"og:title\" content=\"Adapter s pipo DIN 51 (51x6 mm)\" \/>\n<meta property=\"og:description\" content=\"\u200bAdapter s pipo DIN 51 za kontrolirano to\u010denje teko\u010din iz plasti\u010dnih sodov in kanistrov. Z integriranim zra\u010dnikom za enakomeren pretok brez gluganja.\" \/>\n<meta property=\"og:url\" content=\"https:\/\/ibcparts.eu\/hr\/proizvod\/adapter-din51\/\" \/>\n<meta property=\"og:site_name\" content=\"IBCparts.eu\" \/>\n<meta property=\"article:modified_time\" content=\"2025-12-31T18:30:11+00:00\" \/>\n<meta property=\"og:image\" content=\"https:\/\/ibcparts.eu\/wp-content\/uploads\/2025\/12\/adapter-DIN51-za-kanister-2.png\" \/>\n\t<meta property=\"og:image:width\" content=\"500\" \/>\n\t<meta property=\"og:image:height\" content=\"500\" \/>\n\t<meta property=\"og:image:type\" content=\"image\/png\" \/>\n<meta name=\"twitter:card\" content=\"summary_large_image\" \/>\n<script type=\"application\/ld+json\" class=\"yoast-schema-graph\">{\"@context\":\"https:\/\/schema.org\",\"@graph\":[{\"@type\":\"WebPage\",\"@id\":\"https:\/\/ibcparts.eu\/izdelek\/adapter-din51\/\",\"url\":\"https:\/\/ibcparts.eu\/izdelek\/adapter-din51\/\",\"name\":\"Adapter s pipo DIN 51 (51x6 mm)\",\"isPartOf\":{\"@id\":\"https:\/\/ibcparts.eu\/#website\"},\"primaryImageOfPage\":{\"@id\":\"https:\/\/ibcparts.eu\/izdelek\/adapter-din51\/#primaryimage\"},\"image\":{\"@id\":\"https:\/\/ibcparts.eu\/izdelek\/adapter-din51\/#primaryimage\"},\"thumbnailUrl\":\"https:\/\/ibcparts.eu\/wp-content\/uploads\/2025\/12\/adapter-DIN51-za-kanister-2.png\",\"datePublished\":\"2025-12-31T18:18:27+00:00\",\"dateModified\":\"2025-12-31T18:30:11+00:00\",\"description\":\"\u200bAdapter s pipo DIN 51 za kontrolirano to\u010denje teko\u010din iz plasti\u010dnih sodov in kanistrov. Z integriranim zra\u010dnikom za enakomeren pretok brez gluganja.\",\"breadcrumb\":{\"@id\":\"https:\/\/ibcparts.eu\/izdelek\/adapter-din51\/#breadcrumb\"},\"inLanguage\":\"hr\",\"potentialAction\":[{\"@type\":\"ReadAction\",\"target\":[\"https:\/\/ibcparts.eu\/izdelek\/adapter-din51\/\"]}]},{\"@type\":\"ImageObject\",\"inLanguage\":\"hr\",\"@id\":\"https:\/\/ibcparts.eu\/izdelek\/adapter-din51\/#primaryimage\",\"url\":\"https:\/\/ibcparts.eu\/wp-content\/uploads\/2025\/12\/adapter-DIN51-za-kanister-2.png\",\"contentUrl\":\"https:\/\/ibcparts.eu\/wp-content\/uploads\/2025\/12\/adapter-DIN51-za-kanister-2.png\",\"width\":500,\"height\":500,\"caption\":\"adapter DIN51 za kanister\"},{\"@type\":\"BreadcrumbList\",\"@id\":\"https:\/\/ibcparts.eu\/izdelek\/adapter-din51\/#breadcrumb\",\"itemListElement\":[{\"@type\":\"ListItem\",\"position\":1,\"name\":\"Home\",\"item\":\"https:\/\/ibcparts.eu\/\"},{\"@type\":\"ListItem\",\"position\":2,\"name\":\"Nakupujte\",\"item\":\"https:\/\/ibcparts.eu\/nakupujte\/\"},{\"@type\":\"ListItem\",\"position\":3,\"name\":\"Adapter s pipo DIN 51 (51&#215;6 mm)\"}]},{\"@type\":\"WebSite\",\"@id\":\"https:\/\/ibcparts.eu\/#website\",\"url\":\"https:\/\/ibcparts.eu\/\",\"name\":\"IBCparts.eu\",\"description\":\"\",\"publisher\":{\"@id\":\"https:\/\/ibcparts.eu\/#organization\"},\"potentialAction\":[{\"@type\":\"SearchAction\",\"target\":{\"@type\":\"EntryPoint\",\"urlTemplate\":\"https:\/\/ibcparts.eu\/?s={search_term_string}\"},\"query-input\":{\"@type\":\"PropertyValueSpecification\",\"valueRequired\":true,\"valueName\":\"search_term_string\"}}],\"inLanguage\":\"hr\"},{\"@type\":\"Organization\",\"@id\":\"https:\/\/ibcparts.eu\/#organization\",\"name\":\"IBCparts\",\"url\":\"https:\/\/ibcparts.eu\/\",\"logo\":{\"@type\":\"ImageObject\",\"inLanguage\":\"hr\",\"@id\":\"https:\/\/ibcparts.eu\/#\/schema\/logo\/image\/\",\"url\":\"https:\/\/ibcparts.eu\/wp-content\/uploads\/2021\/10\/Footer-Logo.png\",\"contentUrl\":\"https:\/\/ibcparts.eu\/wp-content\/uploads\/2021\/10\/Footer-Logo.png\",\"width\":1992,\"height\":772,\"caption\":\"IBCparts\"},\"image\":{\"@id\":\"https:\/\/ibcparts.eu\/#\/schema\/logo\/image\/\"}}]}<\/script>\n<!-- \/ Yoast SEO plugin. -->","yoast_head_json":{"title":"Adapter s pipo DIN 51 (51x6 mm)","description":"\u200bAdapter s pipo DIN 51 za kontrolirano to\u010denje teko\u010din iz plasti\u010dnih sodov in kanistrov. Z integriranim zra\u010dnikom za enakomeren pretok brez gluganja.","robots":{"index":"index","follow":"follow","max-snippet":"max-snippet:-1","max-image-preview":"max-image-preview:large","max-video-preview":"max-video-preview:-1"},"canonical":"https:\/\/ibcparts.eu\/hr\/proizvod\/adapter-din51\/","og_locale":"hr_HR","og_type":"article","og_title":"Adapter s pipo DIN 51 (51x6 mm)","og_description":"\u200bAdapter s pipo DIN 51 za kontrolirano to\u010denje teko\u010din iz plasti\u010dnih sodov in kanistrov. Z integriranim zra\u010dnikom za enakomeren pretok brez gluganja.","og_url":"https:\/\/ibcparts.eu\/hr\/proizvod\/adapter-din51\/","og_site_name":"IBCparts.eu","article_modified_time":"2025-12-31T18:30:11+00:00","og_image":[{"width":500,"height":500,"url":"https:\/\/ibcparts.eu\/wp-content\/uploads\/2025\/12\/adapter-DIN51-za-kanister-2.png","type":"image\/png"}],"twitter_card":"summary_large_image","schema":{"@context":"https:\/\/schema.org","@graph":[{"@type":"WebPage","@id":"https:\/\/ibcparts.eu\/izdelek\/adapter-din51\/","url":"https:\/\/ibcparts.eu\/izdelek\/adapter-din51\/","name":"Adapter s pipo DIN 51 (51x6 mm)","isPartOf":{"@id":"https:\/\/ibcparts.eu\/#website"},"primaryImageOfPage":{"@id":"https:\/\/ibcparts.eu\/izdelek\/adapter-din51\/#primaryimage"},"image":{"@id":"https:\/\/ibcparts.eu\/izdelek\/adapter-din51\/#primaryimage"},"thumbnailUrl":"https:\/\/ibcparts.eu\/wp-content\/uploads\/2025\/12\/adapter-DIN51-za-kanister-2.png","datePublished":"2025-12-31T18:18:27+00:00","dateModified":"2025-12-31T18:30:11+00:00","description":"\u200bAdapter s pipo DIN 51 za kontrolirano to\u010denje teko\u010din iz plasti\u010dnih sodov in kanistrov. Z integriranim zra\u010dnikom za enakomeren pretok brez gluganja.","breadcrumb":{"@id":"https:\/\/ibcparts.eu\/izdelek\/adapter-din51\/#breadcrumb"},"inLanguage":"hr","potentialAction":[{"@type":"ReadAction","target":["https:\/\/ibcparts.eu\/izdelek\/adapter-din51\/"]}]},{"@type":"ImageObject","inLanguage":"hr","@id":"https:\/\/ibcparts.eu\/izdelek\/adapter-din51\/#primaryimage","url":"https:\/\/ibcparts.eu\/wp-content\/uploads\/2025\/12\/adapter-DIN51-za-kanister-2.png","contentUrl":"https:\/\/ibcparts.eu\/wp-content\/uploads\/2025\/12\/adapter-DIN51-za-kanister-2.png","width":500,"height":500,"caption":"adapter DIN51 za kanister"},{"@type":"BreadcrumbList","@id":"https:\/\/ibcparts.eu\/izdelek\/adapter-din51\/#breadcrumb","itemListElement":[{"@type":"ListItem","position":1,"name":"Home","item":"https:\/\/ibcparts.eu\/"},{"@type":"ListItem","position":2,"name":"Nakupujte","item":"https:\/\/ibcparts.eu\/nakupujte\/"},{"@type":"ListItem","position":3,"name":"Adapter s pipo DIN 51 (51&#215;6 mm)"}]},{"@type":"WebSite","@id":"https:\/\/ibcparts.eu\/#website","url":"https:\/\/ibcparts.eu\/","name":"IBCparts.eu","description":"","publisher":{"@id":"https:\/\/ibcparts.eu\/#organization"},"potentialAction":[{"@type":"SearchAction","target":{"@type":"EntryPoint","urlTemplate":"https:\/\/ibcparts.eu\/?s={search_term_string}"},"query-input":{"@type":"PropertyValueSpecification","valueRequired":true,"valueName":"search_term_string"}}],"inLanguage":"hr"},{"@type":"Organization","@id":"https:\/\/ibcparts.eu\/#organization","name":"Dijelovi IBC-a","url":"https:\/\/ibcparts.eu\/","logo":{"@type":"ImageObject","inLanguage":"hr","@id":"https:\/\/ibcparts.eu\/#\/schema\/logo\/image\/","url":"https:\/\/ibcparts.eu\/wp-content\/uploads\/2021\/10\/Footer-Logo.png","contentUrl":"https:\/\/ibcparts.eu\/wp-content\/uploads\/2021\/10\/Footer-Logo.png","width":1992,"height":772,"caption":"IBCparts"},"image":{"@id":"https:\/\/ibcparts.eu\/#\/schema\/logo\/image\/"}}]}},"_links":{"self":[{"href":"https:\/\/ibcparts.eu\/hr\/wp-json\/wp\/v2\/product\/19661","targetHints":{"allow":["GET"]}}],"collection":[{"href":"https:\/\/ibcparts.eu\/hr\/wp-json\/wp\/v2\/product"}],"about":[{"href":"https:\/\/ibcparts.eu\/hr\/wp-json\/wp\/v2\/types\/product"}],"version-history":[{"count":1,"href":"https:\/\/ibcparts.eu\/hr\/wp-json\/wp\/v2\/product\/19661\/revisions"}],"predecessor-version":[{"id":19665,"href":"https:\/\/ibcparts.eu\/hr\/wp-json\/wp\/v2\/product\/19661\/revisions\/19665"}],"wp:featuredmedia":[{"embeddable":true,"href":"https:\/\/ibcparts.eu\/hr\/wp-json\/wp\/v2\/media\/19663"}],"wp:attachment":[{"href":"https:\/\/ibcparts.eu\/hr\/wp-json\/wp\/v2\/media?parent=19661"}],"wp:term":[{"taxonomy":"product_brand","embeddable":true,"href":"https:\/\/ibcparts.eu\/hr\/wp-json\/wp\/v2\/product_brand?post=19661"},{"taxonomy":"product_cat","embeddable":true,"href":"https:\/\/ibcparts.eu\/hr\/wp-json\/wp\/v2\/product_cat?post=19661"},{"taxonomy":"product_tag","embeddable":true,"href":"https:\/\/ibcparts.eu\/hr\/wp-json\/wp\/v2\/product_tag?post=19661"}],"curies":[{"name":"wp","href":"https:\/\/api.w.org\/{rel}","templated":true}]}}