{"id":19531,"date":"2025-12-28T18:19:48","date_gmt":"2025-12-28T17:19:48","guid":{"rendered":"https:\/\/ibcparts.eu\/?post_type=product&#038;p=19531"},"modified":"2026-02-17T08:18:46","modified_gmt":"2026-02-17T07:18:46","slug":"pvc-kriz-110","status":"publish","type":"product","link":"https:\/\/ibcparts.eu\/hr\/proizvod\/pvc-kriz-110mm\/","title":{"rendered":"HT kri\u017e 110 mm (PP, s tesnilom)"},"content":{"rendered":"","protected":false},"excerpt":{"rendered":"<div class=\"paragraph\">\n<h2 data-start=\"158\" data-end=\"237\"><strong data-start=\"158\" data-end=\"237\">PP HT kri\u017e \u00d8110 za notranjo kanalizacijo \u2013 zanesljiva razvejitvena povezava<\/strong><\/h2>\n<p data-start=\"297\" data-end=\"594\">Kvaliteten <strong data-start=\"308\" data-end=\"341\">HT kri\u017e \u00d8110 mm <\/strong>iz polipropilena je namenjen razvejitvi instalacij. Izdelek omogo\u010da hitro in zanesljivo povezavo cevi, saj ima na <strong data-start=\"465\" data-end=\"523\">treh straneh \u017eenski priklju\u010dek z integriranim tesnilom<\/strong>, na eni strani pa <strong data-start=\"542\" data-end=\"562\">mo\u0161ki priklju\u010dek \u00d8110<\/strong> za enostavno vgradnjo v sistem.<\/p>\n<p data-start=\"596\" data-end=\"750\">Primeren je za uporabo v notranjih odtokih, kjer je potrebna razdelitev toka v ve\u010d smeri, pri tem pa zagotavlja dobro tesnjenje in dolgo \u017eivljenjsko dobo.<\/p>\n<ul>\n<li>Dimenzija: <strong data-start=\"766\" data-end=\"777\">\u00d8110 mm<\/strong><\/li>\n<li data-start=\"780\" data-end=\"811\">Materijal <strong data-start=\"790\" data-end=\"811\">PP (polipropilen)<\/strong><\/li>\n<li><strong data-start=\"855\" data-end=\"883\">3x \u017eenski del s tesnilom<\/strong><\/li>\n<li data-start=\"886\" data-end=\"902\"><strong data-start=\"886\" data-end=\"902\">1x mo\u0161ki del<\/strong><\/li>\n<li data-start=\"905\" data-end=\"930\">Hitra monta\u017ea brez lepila<\/li>\n<li data-start=\"933\" data-end=\"970\">Zanesljivo tesnjenje in stabilen spoj<\/li>\n<li data-start=\"973\" data-end=\"1015\">Primeren za razvejitve odtokov v ve\u010d smeri<\/li>\n<\/ul>\n<\/div>","protected":false},"featured_media":19532,"template":"","meta":[],"product_brand":[],"product_cat":[186],"product_tag":[510],"class_list":{"0":"post-19531","1":"product","2":"type-product","3":"status-publish","4":"has-post-thumbnail","6":"product_cat-filtri-za-dezevnico-in-pvc-redukcije","7":"product_tag-pvc","9":"first","10":"instock","11":"shipping-taxable","12":"purchasable","13":"product-type-simple"},"yoast_head":"<!-- This site is optimized with the Yoast SEO plugin v27.1.1 - https:\/\/yoast.com\/product\/yoast-seo-wordpress\/ -->\n<title>HT kri\u017e 110 mm (PP, s tesnilom) | IBCparts.eu<\/title>\n<meta name=\"description\" content=\"Kvaliteten kri\u017e HT 110mm iz PP. Na treh straneh \u017eenski del s tesnilom, na eni strani mo\u0161ki del. Hitra monta\u017ea, zanesljivo tesnjenje.\" \/>\n<meta name=\"robots\" content=\"index, follow, max-snippet:-1, max-image-preview:large, max-video-preview:-1\" \/>\n<link rel=\"canonical\" href=\"https:\/\/ibcparts.eu\/hr\/proizvod\/pvc-kriz-110mm\/\" \/>\n<meta property=\"og:locale\" content=\"hr_HR\" \/>\n<meta property=\"og:type\" content=\"article\" \/>\n<meta property=\"og:title\" content=\"HT kri\u017e 110 mm (PP, s tesnilom) | IBCparts.eu\" \/>\n<meta property=\"og:description\" content=\"Kvaliteten kri\u017e HT 110mm iz PP. Na treh straneh \u017eenski del s tesnilom, na eni strani mo\u0161ki del. Hitra monta\u017ea, zanesljivo tesnjenje.\" \/>\n<meta property=\"og:url\" content=\"https:\/\/ibcparts.eu\/hr\/proizvod\/pvc-kriz-110mm\/\" \/>\n<meta property=\"og:site_name\" content=\"IBCparts.eu\" \/>\n<meta property=\"article:modified_time\" content=\"2026-02-17T07:18:46+00:00\" \/>\n<meta property=\"og:image\" content=\"https:\/\/ibcparts.eu\/wp-content\/uploads\/2025\/12\/PVC-kriz-110-mm.png\" \/>\n\t<meta property=\"og:image:width\" content=\"500\" \/>\n\t<meta property=\"og:image:height\" content=\"500\" \/>\n\t<meta property=\"og:image:type\" content=\"image\/png\" \/>\n<meta name=\"twitter:card\" content=\"summary_large_image\" \/>\n<script type=\"application\/ld+json\" class=\"yoast-schema-graph\">{\"@context\":\"https:\/\/schema.org\",\"@graph\":[{\"@type\":\"WebPage\",\"@id\":\"https:\/\/ibcparts.eu\/izdelek\/pvc-kriz-110\/\",\"url\":\"https:\/\/ibcparts.eu\/izdelek\/pvc-kriz-110\/\",\"name\":\"HT kri\u017e 110 mm (PP, s tesnilom) | IBCparts.eu\",\"isPartOf\":{\"@id\":\"https:\/\/ibcparts.eu\/#website\"},\"primaryImageOfPage\":{\"@id\":\"https:\/\/ibcparts.eu\/izdelek\/pvc-kriz-110\/#primaryimage\"},\"image\":{\"@id\":\"https:\/\/ibcparts.eu\/izdelek\/pvc-kriz-110\/#primaryimage\"},\"thumbnailUrl\":\"https:\/\/ibcparts.eu\/wp-content\/uploads\/2025\/12\/PVC-kriz-110-mm.png\",\"datePublished\":\"2025-12-28T17:19:48+00:00\",\"dateModified\":\"2026-02-17T07:18:46+00:00\",\"description\":\"Kvaliteten kri\u017e HT 110mm iz PP. Na treh straneh \u017eenski del s tesnilom, na eni strani mo\u0161ki del. Hitra monta\u017ea, zanesljivo tesnjenje.\",\"breadcrumb\":{\"@id\":\"https:\/\/ibcparts.eu\/izdelek\/pvc-kriz-110\/#breadcrumb\"},\"inLanguage\":\"hr\",\"potentialAction\":[{\"@type\":\"ReadAction\",\"target\":[\"https:\/\/ibcparts.eu\/izdelek\/pvc-kriz-110\/\"]}]},{\"@type\":\"ImageObject\",\"inLanguage\":\"hr\",\"@id\":\"https:\/\/ibcparts.eu\/izdelek\/pvc-kriz-110\/#primaryimage\",\"url\":\"https:\/\/ibcparts.eu\/wp-content\/uploads\/2025\/12\/PVC-kriz-110-mm.png\",\"contentUrl\":\"https:\/\/ibcparts.eu\/wp-content\/uploads\/2025\/12\/PVC-kriz-110-mm.png\",\"width\":500,\"height\":500,\"caption\":\"PP HT kri\u017e 110mm \u2013 3x \u017eenski priklju\u010dek s tesnilom in 1x mo\u0161ki priklju\u010dek, siva kanalizacija\"},{\"@type\":\"BreadcrumbList\",\"@id\":\"https:\/\/ibcparts.eu\/izdelek\/pvc-kriz-110\/#breadcrumb\",\"itemListElement\":[{\"@type\":\"ListItem\",\"position\":1,\"name\":\"Home\",\"item\":\"https:\/\/ibcparts.eu\/\"},{\"@type\":\"ListItem\",\"position\":2,\"name\":\"Nakupujte\",\"item\":\"https:\/\/ibcparts.eu\/nakupujte\/\"},{\"@type\":\"ListItem\",\"position\":3,\"name\":\"HT kri\u017e 110 mm (PP, s tesnilom)\"}]},{\"@type\":\"WebSite\",\"@id\":\"https:\/\/ibcparts.eu\/#website\",\"url\":\"https:\/\/ibcparts.eu\/\",\"name\":\"IBCparts.eu\",\"description\":\"\",\"publisher\":{\"@id\":\"https:\/\/ibcparts.eu\/#organization\"},\"potentialAction\":[{\"@type\":\"SearchAction\",\"target\":{\"@type\":\"EntryPoint\",\"urlTemplate\":\"https:\/\/ibcparts.eu\/?s={search_term_string}\"},\"query-input\":{\"@type\":\"PropertyValueSpecification\",\"valueRequired\":true,\"valueName\":\"search_term_string\"}}],\"inLanguage\":\"hr\"},{\"@type\":\"Organization\",\"@id\":\"https:\/\/ibcparts.eu\/#organization\",\"name\":\"IBCparts\",\"url\":\"https:\/\/ibcparts.eu\/\",\"logo\":{\"@type\":\"ImageObject\",\"inLanguage\":\"hr\",\"@id\":\"https:\/\/ibcparts.eu\/#\/schema\/logo\/image\/\",\"url\":\"https:\/\/ibcparts.eu\/wp-content\/uploads\/2021\/10\/Footer-Logo.png\",\"contentUrl\":\"https:\/\/ibcparts.eu\/wp-content\/uploads\/2021\/10\/Footer-Logo.png\",\"width\":1992,\"height\":772,\"caption\":\"IBCparts\"},\"image\":{\"@id\":\"https:\/\/ibcparts.eu\/#\/schema\/logo\/image\/\"}}]}<\/script>\n<!-- \/ Yoast SEO plugin. -->","yoast_head_json":{"title":"HT kri\u017e 110 mm (PP, s tesnilom) | IBCparts.eu","description":"Kvaliteten kri\u017e HT 110mm iz PP. Na treh straneh \u017eenski del s tesnilom, na eni strani mo\u0161ki del. Hitra monta\u017ea, zanesljivo tesnjenje.","robots":{"index":"index","follow":"follow","max-snippet":"max-snippet:-1","max-image-preview":"max-image-preview:large","max-video-preview":"max-video-preview:-1"},"canonical":"https:\/\/ibcparts.eu\/hr\/proizvod\/pvc-kriz-110mm\/","og_locale":"hr_HR","og_type":"article","og_title":"HT kri\u017e 110 mm (PP, s tesnilom) | IBCparts.eu","og_description":"Kvaliteten kri\u017e HT 110mm iz PP. Na treh straneh \u017eenski del s tesnilom, na eni strani mo\u0161ki del. Hitra monta\u017ea, zanesljivo tesnjenje.","og_url":"https:\/\/ibcparts.eu\/hr\/proizvod\/pvc-kriz-110mm\/","og_site_name":"IBCparts.eu","article_modified_time":"2026-02-17T07:18:46+00:00","og_image":[{"width":500,"height":500,"url":"https:\/\/ibcparts.eu\/wp-content\/uploads\/2025\/12\/PVC-kriz-110-mm.png","type":"image\/png"}],"twitter_card":"summary_large_image","schema":{"@context":"https:\/\/schema.org","@graph":[{"@type":"WebPage","@id":"https:\/\/ibcparts.eu\/izdelek\/pvc-kriz-110\/","url":"https:\/\/ibcparts.eu\/izdelek\/pvc-kriz-110\/","name":"HT kri\u017e 110 mm (PP, s tesnilom) | IBCparts.eu","isPartOf":{"@id":"https:\/\/ibcparts.eu\/#website"},"primaryImageOfPage":{"@id":"https:\/\/ibcparts.eu\/izdelek\/pvc-kriz-110\/#primaryimage"},"image":{"@id":"https:\/\/ibcparts.eu\/izdelek\/pvc-kriz-110\/#primaryimage"},"thumbnailUrl":"https:\/\/ibcparts.eu\/wp-content\/uploads\/2025\/12\/PVC-kriz-110-mm.png","datePublished":"2025-12-28T17:19:48+00:00","dateModified":"2026-02-17T07:18:46+00:00","description":"Kvaliteten kri\u017e HT 110mm iz PP. Na treh straneh \u017eenski del s tesnilom, na eni strani mo\u0161ki del. Hitra monta\u017ea, zanesljivo tesnjenje.","breadcrumb":{"@id":"https:\/\/ibcparts.eu\/izdelek\/pvc-kriz-110\/#breadcrumb"},"inLanguage":"hr","potentialAction":[{"@type":"ReadAction","target":["https:\/\/ibcparts.eu\/izdelek\/pvc-kriz-110\/"]}]},{"@type":"ImageObject","inLanguage":"hr","@id":"https:\/\/ibcparts.eu\/izdelek\/pvc-kriz-110\/#primaryimage","url":"https:\/\/ibcparts.eu\/wp-content\/uploads\/2025\/12\/PVC-kriz-110-mm.png","contentUrl":"https:\/\/ibcparts.eu\/wp-content\/uploads\/2025\/12\/PVC-kriz-110-mm.png","width":500,"height":500,"caption":"PP HT kri\u017e 110mm \u2013 3x \u017eenski priklju\u010dek s tesnilom in 1x mo\u0161ki priklju\u010dek, siva kanalizacija"},{"@type":"BreadcrumbList","@id":"https:\/\/ibcparts.eu\/izdelek\/pvc-kriz-110\/#breadcrumb","itemListElement":[{"@type":"ListItem","position":1,"name":"Home","item":"https:\/\/ibcparts.eu\/"},{"@type":"ListItem","position":2,"name":"Nakupujte","item":"https:\/\/ibcparts.eu\/nakupujte\/"},{"@type":"ListItem","position":3,"name":"HT kri\u017e 110 mm (PP, s tesnilom)"}]},{"@type":"WebSite","@id":"https:\/\/ibcparts.eu\/#website","url":"https:\/\/ibcparts.eu\/","name":"IBCparts.eu","description":"","publisher":{"@id":"https:\/\/ibcparts.eu\/#organization"},"potentialAction":[{"@type":"SearchAction","target":{"@type":"EntryPoint","urlTemplate":"https:\/\/ibcparts.eu\/?s={search_term_string}"},"query-input":{"@type":"PropertyValueSpecification","valueRequired":true,"valueName":"search_term_string"}}],"inLanguage":"hr"},{"@type":"Organization","@id":"https:\/\/ibcparts.eu\/#organization","name":"Dijelovi IBC-a","url":"https:\/\/ibcparts.eu\/","logo":{"@type":"ImageObject","inLanguage":"hr","@id":"https:\/\/ibcparts.eu\/#\/schema\/logo\/image\/","url":"https:\/\/ibcparts.eu\/wp-content\/uploads\/2021\/10\/Footer-Logo.png","contentUrl":"https:\/\/ibcparts.eu\/wp-content\/uploads\/2021\/10\/Footer-Logo.png","width":1992,"height":772,"caption":"IBCparts"},"image":{"@id":"https:\/\/ibcparts.eu\/#\/schema\/logo\/image\/"}}]}},"_links":{"self":[{"href":"https:\/\/ibcparts.eu\/hr\/wp-json\/wp\/v2\/product\/19531","targetHints":{"allow":["GET"]}}],"collection":[{"href":"https:\/\/ibcparts.eu\/hr\/wp-json\/wp\/v2\/product"}],"about":[{"href":"https:\/\/ibcparts.eu\/hr\/wp-json\/wp\/v2\/types\/product"}],"version-history":[{"count":3,"href":"https:\/\/ibcparts.eu\/hr\/wp-json\/wp\/v2\/product\/19531\/revisions"}],"predecessor-version":[{"id":20640,"href":"https:\/\/ibcparts.eu\/hr\/wp-json\/wp\/v2\/product\/19531\/revisions\/20640"}],"wp:featuredmedia":[{"embeddable":true,"href":"https:\/\/ibcparts.eu\/hr\/wp-json\/wp\/v2\/media\/19532"}],"wp:attachment":[{"href":"https:\/\/ibcparts.eu\/hr\/wp-json\/wp\/v2\/media?parent=19531"}],"wp:term":[{"taxonomy":"product_brand","embeddable":true,"href":"https:\/\/ibcparts.eu\/hr\/wp-json\/wp\/v2\/product_brand?post=19531"},{"taxonomy":"product_cat","embeddable":true,"href":"https:\/\/ibcparts.eu\/hr\/wp-json\/wp\/v2\/product_cat?post=19531"},{"taxonomy":"product_tag","embeddable":true,"href":"https:\/\/ibcparts.eu\/hr\/wp-json\/wp\/v2\/product_tag?post=19531"}],"curies":[{"name":"wp","href":"https:\/\/api.w.org\/{rel}","templated":true}]}}