{"id":19185,"date":"2025-12-18T11:52:05","date_gmt":"2025-12-18T10:52:05","guid":{"rendered":"https:\/\/ibcparts.eu\/?post_type=product&#038;p=19185"},"modified":"2025-12-27T19:26:23","modified_gmt":"2025-12-27T18:26:23","slug":"digitalni-baterijski-merilnik-pretoka","status":"publish","type":"product","link":"https:\/\/ibcparts.eu\/hr\/proizvod\/digitalni-baterijski-merilnik-pretoka\/","title":{"rendered":"Digitalni mjera\u010d protoka baterije"},"content":{"rendered":"<h3 class=\"elementor-heading-title elementor-size-default\"><span dir=\"auto\">Elektronski merilnik pretoka serije FM 120 se uporablja za merjenje pretoka razli\u010dnih teko\u010din.<\/span><\/h3>\n<p>Za nevtralne in agresivne medije, kot so dizel, kurilno olje, natrijev hidroksid, fosforna kislina, klorno belilo, kromova kislina, klorovodikova kislina, morska voda, voda, citronska kislina<\/p>\n<p><span dir=\"auto\">Viskoznost merjenega medija ne sme presegati 20 mPas. Poleg tega je treba zagotoviti, da je zagotovljen konstanten, nepulzirajo\u010d pretok 20\u2013120 l\/min in da delovni tlak ne presega 6 barov. Natan\u010dnost merjenja v kalibriranem stanju je v skladu s temi parametri in ob upo\u0161tevanju zahtevanih razdalj dovoda in izvoda \u00b1 1,0 %. Prav tako se takoj od\u0161tejejo morebitni pretoki medija.<\/span><\/p>\n<p><span dir=\"auto\">\u0160tevci so tovarni\u0161ko predhodno kalibrirani v obmo\u010dju 1 za medije, podobne vodi. Uporabnik ima mo\u017enost kalibracije merilnika turbinskega kolesa za teko\u010dine z ni\u017ejo viskoznostjo. Za to so na voljo tri dodatna obmo\u010dja kalibracije. \u0160tevec je privzeto nastavljen na litre in ga je mogo\u010de z nekaj pritiski tipk spremeniti na galone.<\/span><\/p>\n<p>&nbsp;<\/p>\n<div class=\"elementor-element elementor-element-20e524b7 elementor-widget elementor-widget-heading\" data-id=\"20e524b7\" data-element_type=\"widget\" data-widget_type=\"heading.default\">\n<div class=\"elementor-widget-container\">\n<h3 class=\"elementor-heading-title elementor-size-default\"><span dir=\"auto\">Na\u010delo merilnika turbinskega kolesa<\/span><\/h3>\n<\/div>\n<\/div>\n<div class=\"elementor-element elementor-element-4e11f5c1 elementor-widget elementor-widget-text-editor\" data-id=\"4e11f5c1\" data-element_type=\"widget\" data-widget_type=\"text-editor.default\">\n<div class=\"elementor-widget-container\">\n<ul>\n<li><span dir=\"auto\">Zapisovanje izmerjenih vrednosti za te naprave s tehni\u010dnega vidika pretoka poteka po principu merilnika turbinskega kolesa, ki je opisan v nadaljevanju:<\/span><\/li>\n<li><span dir=\"auto\">Merilnik turbinskega kolesa je merilnik prostornine. Sestavljen je iz merilne komore z aksialnim turbinskim kolesom, ki se prosto giblje zaradi dotoka teko\u010dine, ter pokrova, ki vsebuje elektronsko enoto za vrednotenje, zaslon in tipkovnico. Turbinsko kolo dose\u017ee hitrost, ki ustreza povpre\u010dni hitrosti pretoka v prostem prerezu turbine. Ta hitrost je sorazmerna s pretokom prostornine in \u0161tevilom vrtljajev glede na prete\u010deno prostornino. Izmerjene vrednosti se s turbinskega kolesa prena\u0161ajo in obdelujejo brez tesnjenja in brez stika.<\/span><\/li>\n<li><span dir=\"auto\">V seriji FM 120 se turbinsko kolo iz PVDF zaradi pretoka teko\u010dine prav tako vrti, kar spro\u017ei senzorski kontakt. Signale senzorjev obdeluje mikrokrmilnik, jih analizira in prika\u017ee na lepem, preglednem zaslonu v digitalni obliki.<\/span><\/li>\n<\/ul>\n<p>&nbsp;<\/p>\n<\/div>\n<\/div>\n<div class=\"elementor-element elementor-element-5aa7af56 elementor-widget elementor-widget-heading\" data-id=\"5aa7af56\" data-element_type=\"widget\" data-widget_type=\"heading.default\">\n<div class=\"elementor-widget-container\">\n<h3 class=\"elementor-heading-title elementor-size-default\"><span dir=\"auto\">Prikaz<\/span><\/h3>\n<\/div>\n<\/div>\n<div class=\"elementor-element elementor-element-6c387173 elementor-widget elementor-widget-text-editor\" data-id=\"6c387173\" data-element_type=\"widget\" data-widget_type=\"text-editor.default\">\n<div class=\"elementor-widget-container\">\n<ul>\n<li><span dir=\"auto\">Izmerjeni pretok v litrih (neponastavljiv skupni pretok, ponastavljivi podmno\u017ei\u010dni pretok).<\/span><\/li>\n<li><span dir=\"auto\">Pretok v litrih na minuto.<\/span><\/li>\n<li><span dir=\"auto\">Prisotnost pretoka (turbina, ki se vrti v smeri urinega kazalca in ima pravilno smer pretoka).<\/span><\/li>\n<li><span dir=\"auto\">Tovarni\u0161ka kalibracija, tri dodatna kalibracijska obmo\u010dja.<\/span><\/li>\n<\/ul>\n<\/div>\n<\/div>\n<div class=\"elementor-element elementor-element-448569c6 elementor-widget elementor-widget-heading\" data-id=\"448569c6\" data-element_type=\"widget\" data-widget_type=\"heading.default\">\n<div class=\"elementor-widget-container\"><\/div>\n<\/div>\n<div class=\"elementor-element elementor-element-522b957e elementor-widget elementor-widget-text-editor\" data-id=\"522b957e\" data-element_type=\"widget\" data-widget_type=\"text-editor.default\">\n<div class=\"elementor-widget-container\"><\/div>\n<\/div>\n<p>&nbsp;<\/p>\n<div class=\"elementor-element elementor-element-17526ce2 elementor-widget elementor-widget-heading\" data-id=\"17526ce2\" data-element_type=\"widget\" data-widget_type=\"heading.default\">\n<div class=\"elementor-widget-container\">\n<h3 class=\"elementor-heading-title elementor-size-default\"><span dir=\"auto\">Po potrebi lahko uporabnik s tipkovnico pod zaslonom vnese razli\u010dne parametre:<\/span><\/h3>\n<\/div>\n<\/div>\n<div class=\"elementor-element elementor-element-57b65672 elementor-widget elementor-widget-text-editor\" data-id=\"57b65672\" data-element_type=\"widget\" data-widget_type=\"text-editor.default\">\n<div class=\"elementor-widget-container\">\n<ul>\n<li><span dir=\"auto\">Kalibracija merilnika.<\/span><\/li>\n<li><span dir=\"auto\">Dolo\u010danje \u017eelene koli\u010dine pretoka kot del prednastavitve koli\u010dine (na voljo kot mo\u017enost).<\/span><\/li>\n<li><span dir=\"auto\">Spremenite mersko enoto iz litrov v galone.<\/span><\/li>\n<li><span dir=\"auto\">Napajanje z litijevo baterijo, katere zmogljivost omogo\u010da delovanje do 3 let. \u010ce v 120 sekundah ne pritisnete nobenega gumba na zaslonu ali \u010de ni zaznan minimalni pretok, naprava samodejno preklopi v na\u010din var\u010devanja z energijo. Trenutno prikazane vrednosti se shranijo.<\/span><\/li>\n<\/ul>\n<p><span dir=\"auto\">Visoka natan\u010dnost in zanesljivost.<\/span><\/p>\n<\/div>\n<p>&nbsp;<\/p>\n<\/div>","protected":false},"excerpt":{"rendered":"<p data-start=\"79\" data-end=\"411\">Elektronski merilnik pretoka<strong data-start=\"109\" data-end=\"126\">\u00a0FM-120<\/strong> je namenjen <strong data-start=\"140\" data-end=\"203\">natan\u010dnemu merjenju pretoka razli\u010dnih teko\u010din<\/strong>, vklju\u010dno z nevtralnimi in agresivnimi teko\u010dinami, kot so dizel, kurilno olje, natrijev hidroksid, fosforna kislina, belilo, kromova kislina, klorovodikova kislina, morska voda in citronska kislina.<\/p>\n<ul>\n<li data-start=\"415\" data-end=\"441\"><strong data-start=\"415\" data-end=\"426\">Pretok:<\/strong> 20\u2013120 l\/min<\/li>\n<li data-start=\"444\" data-end=\"472\"><strong data-start=\"444\" data-end=\"461\">Delovni tlak:<\/strong> do 6 bar<\/li>\n<li data-start=\"475\" data-end=\"503\"><strong data-start=\"475\" data-end=\"490\">Viskoznost:<\/strong> do 20 mPas<\/li>\n<li data-start=\"506\" data-end=\"542\"><strong data-start=\"506\" data-end=\"521\">Natan\u010dnost:<\/strong> \u00b11 % (kalibrirano)<\/li>\n<li data-start=\"545\" data-end=\"624\"><strong data-start=\"545\" data-end=\"558\">Merjenje:<\/strong> turbinsko kolo z digitalnim LCD prikazom pretoka in prostornine<\/li>\n<li data-start=\"627\" data-end=\"719\"><strong data-start=\"627\" data-end=\"645\">Fleksibilnost:<\/strong> mo\u017enost dodatnih kalibracijskih obmo\u010dij in spremembe enot (litra\/galon)<\/li>\n<li data-start=\"722\" data-end=\"780\"><strong data-start=\"722\" data-end=\"736\">Napajanje:<\/strong> litijska baterija (do 3 leta)<\/li>\n<li data-start=\"722\" data-end=\"780\"><strong>Te\u017ea:<\/strong> 300g<\/li>\n<li data-start=\"722\" data-end=\"780\">Na obeh straneh mo\u0161ki (zunanji) <strong>1&#8243; BSP navoj<\/strong><\/li>\n<\/ul>\n<p>Potrebno je zagotoviti, da je zagotovljen konstanten, nepulzirajo\u010d pretok 20\u2013120 l\/min in da delovni tlak ne presega 6 barov.<\/p>\n<p data-start=\"782\" data-end=\"929\" data-is-last-node=\"\" data-is-only-node=\"\">Merilnik pretoka FM-120 je <strong data-start=\"792\" data-end=\"871\">zanesljiv, preprost za uporabo<\/strong>, idealen za kemi\u010dne, industrijske in procesne aplikacije.<\/p>","protected":false},"featured_media":19183,"template":"","meta":[],"product_brand":[],"product_cat":[497],"product_tag":[498,499],"class_list":{"0":"post-19185","1":"product","2":"type-product","3":"status-publish","4":"has-post-thumbnail","6":"product_cat-merilniki-pretoka","7":"product_tag-digitalni-baterijski-merilnik-pretoka","8":"product_tag-merilec-pretoka","10":"first","11":"instock","12":"shipping-taxable","13":"purchasable","14":"product-type-simple"},"yoast_head":"<!-- This site is optimized with the Yoast SEO plugin v27.1.1 - https:\/\/yoast.com\/product\/yoast-seo-wordpress\/ -->\n<title>Digitalni baterijski merilnik pretoka | IBCparts.eu<\/title>\n<meta name=\"description\" content=\"Elektronski merilec pretoka FM-120 za vodo, diesel, olje in agresivne teko\u010dine, natan\u010den, z LCD prikazom, turbinsko kolo in mo\u017enostjo kalibracije.\" \/>\n<meta name=\"robots\" content=\"index, follow, max-snippet:-1, max-image-preview:large, max-video-preview:-1\" \/>\n<link rel=\"canonical\" href=\"https:\/\/ibcparts.eu\/hr\/proizvod\/digitalni-baterijski-merilnik-pretoka\/\" \/>\n<meta property=\"og:locale\" content=\"hr_HR\" \/>\n<meta property=\"og:type\" content=\"article\" \/>\n<meta property=\"og:title\" content=\"Digitalni baterijski merilnik pretoka | IBCparts.eu\" \/>\n<meta property=\"og:description\" content=\"Elektronski merilec pretoka FM-120 za vodo, diesel, olje in agresivne teko\u010dine, natan\u010den, z LCD prikazom, turbinsko kolo in mo\u017enostjo kalibracije.\" \/>\n<meta property=\"og:url\" content=\"https:\/\/ibcparts.eu\/hr\/proizvod\/digitalni-baterijski-merilnik-pretoka\/\" \/>\n<meta property=\"og:site_name\" content=\"IBCparts.eu\" \/>\n<meta property=\"article:modified_time\" content=\"2025-12-27T18:26:23+00:00\" \/>\n<meta property=\"og:image\" content=\"https:\/\/ibcparts.eu\/wp-content\/uploads\/2025\/12\/Baterijski-digitalni-merilnik-pretoka-1.png\" \/>\n\t<meta property=\"og:image:width\" content=\"500\" \/>\n\t<meta property=\"og:image:height\" content=\"500\" \/>\n\t<meta property=\"og:image:type\" content=\"image\/png\" \/>\n<meta name=\"twitter:card\" content=\"summary_large_image\" \/>\n<meta name=\"twitter:label1\" content=\"Procijenjeno vrijeme \u010ditanja\" \/>\n\t<meta name=\"twitter:data1\" content=\"2 minute\" \/>\n<script type=\"application\/ld+json\" class=\"yoast-schema-graph\">{\"@context\":\"https:\/\/schema.org\",\"@graph\":[{\"@type\":\"WebPage\",\"@id\":\"https:\/\/ibcparts.eu\/izdelek\/digitalni-baterijski-merilnik-pretoka\/\",\"url\":\"https:\/\/ibcparts.eu\/izdelek\/digitalni-baterijski-merilnik-pretoka\/\",\"name\":\"Digitalni baterijski merilnik pretoka | IBCparts.eu\",\"isPartOf\":{\"@id\":\"https:\/\/ibcparts.eu\/#website\"},\"primaryImageOfPage\":{\"@id\":\"https:\/\/ibcparts.eu\/izdelek\/digitalni-baterijski-merilnik-pretoka\/#primaryimage\"},\"image\":{\"@id\":\"https:\/\/ibcparts.eu\/izdelek\/digitalni-baterijski-merilnik-pretoka\/#primaryimage\"},\"thumbnailUrl\":\"https:\/\/ibcparts.eu\/wp-content\/uploads\/2025\/12\/Baterijski-digitalni-merilnik-pretoka-1.png\",\"datePublished\":\"2025-12-18T10:52:05+00:00\",\"dateModified\":\"2025-12-27T18:26:23+00:00\",\"description\":\"Elektronski merilec pretoka FM-120 za vodo, diesel, olje in agresivne teko\u010dine, natan\u010den, z LCD prikazom, turbinsko kolo in mo\u017enostjo kalibracije.\",\"breadcrumb\":{\"@id\":\"https:\/\/ibcparts.eu\/izdelek\/digitalni-baterijski-merilnik-pretoka\/#breadcrumb\"},\"inLanguage\":\"hr\",\"potentialAction\":[{\"@type\":\"ReadAction\",\"target\":[\"https:\/\/ibcparts.eu\/izdelek\/digitalni-baterijski-merilnik-pretoka\/\"]}]},{\"@type\":\"ImageObject\",\"inLanguage\":\"hr\",\"@id\":\"https:\/\/ibcparts.eu\/izdelek\/digitalni-baterijski-merilnik-pretoka\/#primaryimage\",\"url\":\"https:\/\/ibcparts.eu\/wp-content\/uploads\/2025\/12\/Baterijski-digitalni-merilnik-pretoka-1.png\",\"contentUrl\":\"https:\/\/ibcparts.eu\/wp-content\/uploads\/2025\/12\/Baterijski-digitalni-merilnik-pretoka-1.png\",\"width\":500,\"height\":500,\"caption\":\"Baterijski digitalni merilnik pretoka\"},{\"@type\":\"BreadcrumbList\",\"@id\":\"https:\/\/ibcparts.eu\/izdelek\/digitalni-baterijski-merilnik-pretoka\/#breadcrumb\",\"itemListElement\":[{\"@type\":\"ListItem\",\"position\":1,\"name\":\"Home\",\"item\":\"https:\/\/ibcparts.eu\/\"},{\"@type\":\"ListItem\",\"position\":2,\"name\":\"Nakupujte\",\"item\":\"https:\/\/ibcparts.eu\/nakupujte\/\"},{\"@type\":\"ListItem\",\"position\":3,\"name\":\"Digitalni baterijski merilnik pretoka\"}]},{\"@type\":\"WebSite\",\"@id\":\"https:\/\/ibcparts.eu\/#website\",\"url\":\"https:\/\/ibcparts.eu\/\",\"name\":\"IBCparts.eu\",\"description\":\"\",\"publisher\":{\"@id\":\"https:\/\/ibcparts.eu\/#organization\"},\"potentialAction\":[{\"@type\":\"SearchAction\",\"target\":{\"@type\":\"EntryPoint\",\"urlTemplate\":\"https:\/\/ibcparts.eu\/?s={search_term_string}\"},\"query-input\":{\"@type\":\"PropertyValueSpecification\",\"valueRequired\":true,\"valueName\":\"search_term_string\"}}],\"inLanguage\":\"hr\"},{\"@type\":\"Organization\",\"@id\":\"https:\/\/ibcparts.eu\/#organization\",\"name\":\"IBCparts\",\"url\":\"https:\/\/ibcparts.eu\/\",\"logo\":{\"@type\":\"ImageObject\",\"inLanguage\":\"hr\",\"@id\":\"https:\/\/ibcparts.eu\/#\/schema\/logo\/image\/\",\"url\":\"https:\/\/ibcparts.eu\/wp-content\/uploads\/2021\/10\/Footer-Logo.png\",\"contentUrl\":\"https:\/\/ibcparts.eu\/wp-content\/uploads\/2021\/10\/Footer-Logo.png\",\"width\":1992,\"height\":772,\"caption\":\"IBCparts\"},\"image\":{\"@id\":\"https:\/\/ibcparts.eu\/#\/schema\/logo\/image\/\"}}]}<\/script>\n<!-- \/ Yoast SEO plugin. -->","yoast_head_json":{"title":"Digitalni baterijski merilnik pretoka | IBCparts.eu","description":"Elektronski merilec pretoka FM-120 za vodo, diesel, olje in agresivne teko\u010dine, natan\u010den, z LCD prikazom, turbinsko kolo in mo\u017enostjo kalibracije.","robots":{"index":"index","follow":"follow","max-snippet":"max-snippet:-1","max-image-preview":"max-image-preview:large","max-video-preview":"max-video-preview:-1"},"canonical":"https:\/\/ibcparts.eu\/hr\/proizvod\/digitalni-baterijski-merilnik-pretoka\/","og_locale":"hr_HR","og_type":"article","og_title":"Digitalni baterijski merilnik pretoka | IBCparts.eu","og_description":"Elektronski merilec pretoka FM-120 za vodo, diesel, olje in agresivne teko\u010dine, natan\u010den, z LCD prikazom, turbinsko kolo in mo\u017enostjo kalibracije.","og_url":"https:\/\/ibcparts.eu\/hr\/proizvod\/digitalni-baterijski-merilnik-pretoka\/","og_site_name":"IBCparts.eu","article_modified_time":"2025-12-27T18:26:23+00:00","og_image":[{"width":500,"height":500,"url":"https:\/\/ibcparts.eu\/wp-content\/uploads\/2025\/12\/Baterijski-digitalni-merilnik-pretoka-1.png","type":"image\/png"}],"twitter_card":"summary_large_image","twitter_misc":{"Procijenjeno vrijeme \u010ditanja":"2 minute"},"schema":{"@context":"https:\/\/schema.org","@graph":[{"@type":"WebPage","@id":"https:\/\/ibcparts.eu\/izdelek\/digitalni-baterijski-merilnik-pretoka\/","url":"https:\/\/ibcparts.eu\/izdelek\/digitalni-baterijski-merilnik-pretoka\/","name":"Digitalni baterijski merilnik pretoka | IBCparts.eu","isPartOf":{"@id":"https:\/\/ibcparts.eu\/#website"},"primaryImageOfPage":{"@id":"https:\/\/ibcparts.eu\/izdelek\/digitalni-baterijski-merilnik-pretoka\/#primaryimage"},"image":{"@id":"https:\/\/ibcparts.eu\/izdelek\/digitalni-baterijski-merilnik-pretoka\/#primaryimage"},"thumbnailUrl":"https:\/\/ibcparts.eu\/wp-content\/uploads\/2025\/12\/Baterijski-digitalni-merilnik-pretoka-1.png","datePublished":"2025-12-18T10:52:05+00:00","dateModified":"2025-12-27T18:26:23+00:00","description":"Elektronski merilec pretoka FM-120 za vodo, diesel, olje in agresivne teko\u010dine, natan\u010den, z LCD prikazom, turbinsko kolo in mo\u017enostjo kalibracije.","breadcrumb":{"@id":"https:\/\/ibcparts.eu\/izdelek\/digitalni-baterijski-merilnik-pretoka\/#breadcrumb"},"inLanguage":"hr","potentialAction":[{"@type":"ReadAction","target":["https:\/\/ibcparts.eu\/izdelek\/digitalni-baterijski-merilnik-pretoka\/"]}]},{"@type":"ImageObject","inLanguage":"hr","@id":"https:\/\/ibcparts.eu\/izdelek\/digitalni-baterijski-merilnik-pretoka\/#primaryimage","url":"https:\/\/ibcparts.eu\/wp-content\/uploads\/2025\/12\/Baterijski-digitalni-merilnik-pretoka-1.png","contentUrl":"https:\/\/ibcparts.eu\/wp-content\/uploads\/2025\/12\/Baterijski-digitalni-merilnik-pretoka-1.png","width":500,"height":500,"caption":"Baterijski digitalni merilnik pretoka"},{"@type":"BreadcrumbList","@id":"https:\/\/ibcparts.eu\/izdelek\/digitalni-baterijski-merilnik-pretoka\/#breadcrumb","itemListElement":[{"@type":"ListItem","position":1,"name":"Home","item":"https:\/\/ibcparts.eu\/"},{"@type":"ListItem","position":2,"name":"Nakupujte","item":"https:\/\/ibcparts.eu\/nakupujte\/"},{"@type":"ListItem","position":3,"name":"Digitalni baterijski merilnik pretoka"}]},{"@type":"WebSite","@id":"https:\/\/ibcparts.eu\/#website","url":"https:\/\/ibcparts.eu\/","name":"IBCparts.eu","description":"","publisher":{"@id":"https:\/\/ibcparts.eu\/#organization"},"potentialAction":[{"@type":"SearchAction","target":{"@type":"EntryPoint","urlTemplate":"https:\/\/ibcparts.eu\/?s={search_term_string}"},"query-input":{"@type":"PropertyValueSpecification","valueRequired":true,"valueName":"search_term_string"}}],"inLanguage":"hr"},{"@type":"Organization","@id":"https:\/\/ibcparts.eu\/#organization","name":"Dijelovi IBC-a","url":"https:\/\/ibcparts.eu\/","logo":{"@type":"ImageObject","inLanguage":"hr","@id":"https:\/\/ibcparts.eu\/#\/schema\/logo\/image\/","url":"https:\/\/ibcparts.eu\/wp-content\/uploads\/2021\/10\/Footer-Logo.png","contentUrl":"https:\/\/ibcparts.eu\/wp-content\/uploads\/2021\/10\/Footer-Logo.png","width":1992,"height":772,"caption":"IBCparts"},"image":{"@id":"https:\/\/ibcparts.eu\/#\/schema\/logo\/image\/"}}]}},"_links":{"self":[{"href":"https:\/\/ibcparts.eu\/hr\/wp-json\/wp\/v2\/product\/19185","targetHints":{"allow":["GET"]}}],"collection":[{"href":"https:\/\/ibcparts.eu\/hr\/wp-json\/wp\/v2\/product"}],"about":[{"href":"https:\/\/ibcparts.eu\/hr\/wp-json\/wp\/v2\/types\/product"}],"version-history":[{"count":1,"href":"https:\/\/ibcparts.eu\/hr\/wp-json\/wp\/v2\/product\/19185\/revisions"}],"predecessor-version":[{"id":19491,"href":"https:\/\/ibcparts.eu\/hr\/wp-json\/wp\/v2\/product\/19185\/revisions\/19491"}],"wp:featuredmedia":[{"embeddable":true,"href":"https:\/\/ibcparts.eu\/hr\/wp-json\/wp\/v2\/media\/19183"}],"wp:attachment":[{"href":"https:\/\/ibcparts.eu\/hr\/wp-json\/wp\/v2\/media?parent=19185"}],"wp:term":[{"taxonomy":"product_brand","embeddable":true,"href":"https:\/\/ibcparts.eu\/hr\/wp-json\/wp\/v2\/product_brand?post=19185"},{"taxonomy":"product_cat","embeddable":true,"href":"https:\/\/ibcparts.eu\/hr\/wp-json\/wp\/v2\/product_cat?post=19185"},{"taxonomy":"product_tag","embeddable":true,"href":"https:\/\/ibcparts.eu\/hr\/wp-json\/wp\/v2\/product_tag?post=19185"}],"curies":[{"name":"wp","href":"https:\/\/api.w.org\/{rel}","templated":true}]}}