{"id":19173,"date":"2025-12-18T10:20:42","date_gmt":"2025-12-18T09:20:42","guid":{"rendered":"https:\/\/ibcparts.eu\/?post_type=product&#038;p=19173"},"modified":"2026-02-11T13:14:32","modified_gmt":"2026-02-11T12:14:32","slug":"rocna-crpalka-za-kisline-alkalije","status":"publish","type":"product","link":"https:\/\/ibcparts.eu\/hr\/proizvod\/rocna-crpalka-za-kisline-alkalije\/","title":{"rendered":"Ru\u010dna pumpa za slabe kiseline, slabe lu\u017eine, sredstva za \u010di\u0161\u0107enje i druge kemikalije \u2013 \u017euta"},"content":{"rendered":"<h2 data-start=\"281\" data-end=\"321\">Ru\u010dna pumpa za slabe kiseline, slabe lu\u017eine i druge kemikalije na bazi vode.<\/h2>\n<p data-start=\"323\" data-end=\"589\">Ru\u010dna pumpa u \u017eutoj boji namijenjena je za pumpanje teku\u0107ina iz boca, ba\u010dvi i IBC cisterni. Zahvaljuju\u0107i pa\u017eljivom odabiru materijala osigurava pouzdan rad i dug vijek trajanja pri pravilnoj uporabi.<\/p>\n<h3 data-start=\"591\" data-end=\"612\">Klju\u010dne prednosti<\/h3>\n<ul>\n<li data-start=\"615\" data-end=\"655\">Prikladna za \u0161irok raspon teku\u0107ina<\/li>\n<li data-start=\"658\" data-end=\"698\" class=\" translation-block\">Robusna konstrukcija od <strong data-start=\"683\" data-end=\"698\">PP plastike<\/strong><\/li>\n<li data-start=\"701\" data-end=\"770\">Brtve od <strong data-start=\"712\" data-end=\"743\">FKM<\/strong><\/li>\n<li data-start=\"773\" data-end=\"821\">Podesiva potopna cijev za prilagodljivu uporabu<\/li>\n<li data-start=\"824\" data-end=\"851\">Jednostavno ru\u010dno upravljanje<\/li>\n<\/ul>\n<h3 data-start=\"853\" data-end=\"875\">Tehni\u010dke karakteristike<\/h3>\n<ul>\n<li data-start=\"878\" data-end=\"917\" class=\" translation-block\"><strong data-start=\"878\" data-end=\"899\">Materijal pumpe:<\/strong> PP (polipropilen)<\/li>\n<li data-start=\"920\" data-end=\"950\"><strong data-start=\"920\" data-end=\"932\">Brtva:<\/strong> FKM<\/li>\n<li data-start=\"953\" data-end=\"989\" class=\" translation-block\"><strong data-start=\"953\" data-end=\"973\">Maksimalni protok:<\/strong> 0,3 \u2013 0,45 l po hodu<\/li>\n<li data-start=\"992\" data-end=\"1005\"><strong data-start=\"992\" data-end=\"1002\">Navoj:<\/strong> 2&#8243; in 6\/4&#8243;<\/li>\n<li class=\" translation-block\"><strong data-start=\"232\" data-end=\"252\">Priklju\u010dak izlaznog crijeva:<\/strong> 19 mm, bez navoja<\/li>\n<li data-start=\"1037\" data-end=\"1098\" class=\" translation-block\"><strong data-start=\"1037\" data-end=\"1053\">Potopna cijev:<\/strong> podesiva od 340 do 900 mm<\/li>\n<li data-start=\"1101\" data-end=\"1138\" class=\" translation-block\"><strong data-start=\"1101\" data-end=\"1125\">Promjer potopne cijevi:<\/strong> najve\u0107i promjer 40 mm<\/li>\n<li data-start=\"1141\" data-end=\"1153\" class=\" translation-block\"><strong data-start=\"1141\" data-end=\"1150\">Materijal cijevi:<\/strong> nehr\u0111aju\u0107i \u010delik \u2013 <span dir=\"auto\">Nehr\u0111aju\u0107i \u010delik mora biti otporan na kori\u0161tene teku\u0107ine.<\/span><\/li>\n<li data-start=\"1156\" data-end=\"1179\"><strong data-start=\"1156\" data-end=\"1176\">Sigurno za hranu:<\/strong> ne<\/li>\n<\/ul>\n<p>&nbsp;<\/p>\n<h3 data-start=\"1204\" data-end=\"1245\">Upozorenje o otpornosti materijala<\/h3>\n<p data-start=\"1246\" data-end=\"1401\" class=\" translation-block\">Prije uporabe je <strong data-start=\"1262\" data-end=\"1299\">nu\u017eno provjeriti otpornost<\/strong> teku\u0107ine na kori\u0161tene materijale (PP i FKM), jer se svojstva pojedinih medija mogu razlikovati.<\/p>\n<p>&nbsp;<\/p>\n<h3 data-start=\"2201\" data-end=\"2223\">Sigurnosne upute<\/h3>\n<ul>\n<li data-start=\"2226\" data-end=\"2292\" class=\" translation-block\">Pumpa <strong data-start=\"2234\" data-end=\"2249\">nije prikladna<\/strong> za medije razreda opasnosti <strong data-start=\"2280\" data-end=\"2292\">AI \/ AII<\/strong><\/li>\n<li data-start=\"2295\" data-end=\"2347\" class=\" translation-block\">Uporaba nije dopu\u0161tena za <strong data-start=\"2319\" data-end=\"2347\">lako zapaljive teku\u0107ine<\/strong><\/li>\n<li data-start=\"2350\" data-end=\"2407\" class=\" translation-block\">Uporaba u <strong data-start=\"2360\" data-end=\"2407\">eksplozivno opasnim podru\u010djima nije dopu\u0161tena<\/strong><\/li>\n<li data-start=\"2410\" data-end=\"2490\">Pri pumpanju opasnih teku\u0107ina potrebno je pridr\u017eavati se svih propisanih sigurnosnih mjera<\/li>\n<li data-start=\"2493\" data-end=\"2541\">Potrebno je sprije\u010diti klizanje zbog prolivenih teku\u0107ina<\/li>\n<li data-start=\"2544\" data-end=\"2606\" class=\" translation-block\">Prije uporabe provjerite mogu\u0107nost nastajanja <strong data-start=\"2586\" data-end=\"2606\">otrovnih para<\/strong><\/li>\n<\/ul>","protected":false},"excerpt":{"rendered":"<p data-start=\"27\" data-end=\"73\" class=\" translation-block\">Ru\u010dna <strong data-start=\"33\" data-end=\"73\">pumpa za slabe kiseline, slabe lu\u017eine, sredstva za \u010di\u0161\u0107enje i druge neagresivne kemikalije na bazi vode.<\/strong><\/p>\n<ul data-start=\"25\" data-end=\"255\">\n<li><strong>Materijal <\/strong>PP (polipropilen)<\/li>\n<li><strong>Brtva<\/strong>: FKM<\/li>\n<li><span dir=\"auto\"><span dir=\"auto\">Prikladna za kanistre, ba\u010dve od 200 litara i IBC cisterne<\/span><\/span><\/li>\n<li class=\" translation-block\"><strong>Teleskopska<\/strong> usisna cijev promjera <strong>34 mm<\/strong>, podesiva od <strong>340 do 900 mm<\/strong><\/li>\n<li class=\" translation-block\">Usisna cijev od <strong>nehr\u0111aju\u0107eg \u010delika<\/strong>. \u2013 Nehr\u0111aju\u0107i \u010delik mora biti otporan na kori\u0161tene teku\u0107ine.<\/li>\n<li class=\" translation-block\"><strong data-start=\"182\" data-end=\"193\">Protok:<\/strong> 0,3 \u2013 0,45 po hodu<\/li>\n<li class=\" translation-block\"><strong data-start=\"214\" data-end=\"224\">Navoj:<\/strong> G 2\u2033 i 6\/4\u2033 vanjski navoj (BSP)<\/li>\n<li class=\" translation-block\"><strong data-start=\"232\" data-end=\"252\">Priklju\u010dak izlaznog crijeva:<\/strong> 19 mm, bez navoja<\/li>\n<li class=\" translation-block\"><strong>Radi bez elektri\u010dne energije<\/strong> ili komprimiranog zraka<\/li>\n<li><span dir=\"auto\"><span dir=\"auto\">Jednostavno i sigurno doziranje<\/span><\/span><\/li>\n<li><strong>Te\u017eina<\/strong>: 0.9 kg<\/li>\n<li>Barva: rumena<\/li>\n<li>\n<div class=\"styled-list-container _2HREgKslueaARI-U21snnr\" data-test-id=\"product-description\">\n<div class=\"_1MkxNefptZewb61IApId0y\" data-test-id=\"html-to-react-id\"><b><span dir=\"auto\">Nije prikladno za zapaljive medije.<\/span><\/b><\/div>\n<\/div>\n<div data-test-id=\"html-to-react-id\"><\/div>\n<\/li>\n<\/ul>\n<div data-test-id=\"html-to-react-id\">Prije uporabe provjerite kemijsku otpornost medija. Nije prikladno za zapaljive teku\u0107ine razreda AI\/AII niti za uporabu u eksplozivnim podru\u010djima.<\/div>\n<div data-test-id=\"html-to-react-id\"><\/div>\n<div data-test-id=\"html-to-react-id\"><em>Navedena cijena je neto (bez PDV-a). To\u010dan tro\u0161ak dostave izra\u010dunava se prilikom izrade predra\u010duna.<\/em><\/div>","protected":false},"featured_media":19175,"template":"","meta":[],"product_brand":[],"product_cat":[485],"product_tag":[495],"class_list":{"0":"post-19173","1":"product","2":"type-product","3":"status-publish","4":"has-post-thumbnail","6":"product_cat-rocne-crpalke","7":"product_tag-rocna-crpalka-za-cistila","9":"first","10":"instock","11":"shipping-taxable","12":"purchasable","13":"product-type-simple"},"yoast_head":"<!-- This site is optimized with the Yoast SEO plugin v27.1.1 - https:\/\/yoast.com\/product\/yoast-seo-wordpress\/ -->\n<title>Ro\u010dna \u010drpalka za \u0161ibke kisline, \u0161ibke alkalije, \u010distila in druge kemikalije \u2013 rumena |<\/title>\n<meta name=\"description\" content=\"Ro\u010dna \u010drpalka za \u0161ibke kisline, \u0161ibke alkalije, \u010distila in druge neagresivne kemikalije. Deluje brez elektrike ali stisnjenega zraka.\" \/>\n<meta name=\"robots\" content=\"index, follow, max-snippet:-1, max-image-preview:large, max-video-preview:-1\" \/>\n<link rel=\"canonical\" href=\"https:\/\/ibcparts.eu\/hr\/proizvod\/rocna-crpalka-za-kisline-alkalije\/\" \/>\n<meta property=\"og:locale\" content=\"hr_HR\" \/>\n<meta property=\"og:type\" content=\"article\" \/>\n<meta property=\"og:title\" content=\"Ro\u010dna \u010drpalka za \u0161ibke kisline, \u0161ibke alkalije, \u010distila in druge kemikalije \u2013 rumena |\" \/>\n<meta property=\"og:description\" content=\"Ro\u010dna \u010drpalka za \u0161ibke kisline, \u0161ibke alkalije, \u010distila in druge neagresivne kemikalije. Deluje brez elektrike ali stisnjenega zraka.\" \/>\n<meta property=\"og:url\" content=\"https:\/\/ibcparts.eu\/hr\/proizvod\/rocna-crpalka-za-kisline-alkalije\/\" \/>\n<meta property=\"og:site_name\" content=\"IBCparts.eu\" \/>\n<meta property=\"article:modified_time\" content=\"2026-02-11T12:14:32+00:00\" \/>\n<meta property=\"og:image\" content=\"https:\/\/ibcparts.eu\/wp-content\/uploads\/2025\/12\/Rocna-crpalka-za-sibke-kisline-sibke-alkalije-in-kemikalije-rumena.webp\" \/>\n\t<meta property=\"og:image:width\" content=\"1024\" \/>\n\t<meta property=\"og:image:height\" content=\"1024\" \/>\n\t<meta property=\"og:image:type\" content=\"image\/webp\" \/>\n<meta name=\"twitter:card\" content=\"summary_large_image\" \/>\n<meta name=\"twitter:label1\" content=\"Procijenjeno vrijeme \u010ditanja\" \/>\n\t<meta name=\"twitter:data1\" content=\"1 minuta\" \/>\n<script type=\"application\/ld+json\" class=\"yoast-schema-graph\">{\"@context\":\"https:\/\/schema.org\",\"@graph\":[{\"@type\":\"WebPage\",\"@id\":\"https:\/\/ibcparts.eu\/izdelek\/rocna-crpalka-za-kisline-alkalije\/\",\"url\":\"https:\/\/ibcparts.eu\/izdelek\/rocna-crpalka-za-kisline-alkalije\/\",\"name\":\"Ro\u010dna \u010drpalka za \u0161ibke kisline, \u0161ibke alkalije, \u010distila in druge kemikalije \u2013 rumena |\",\"isPartOf\":{\"@id\":\"https:\/\/ibcparts.eu\/#website\"},\"primaryImageOfPage\":{\"@id\":\"https:\/\/ibcparts.eu\/izdelek\/rocna-crpalka-za-kisline-alkalije\/#primaryimage\"},\"image\":{\"@id\":\"https:\/\/ibcparts.eu\/izdelek\/rocna-crpalka-za-kisline-alkalije\/#primaryimage\"},\"thumbnailUrl\":\"https:\/\/ibcparts.eu\/wp-content\/uploads\/2025\/12\/Rocna-crpalka-za-sibke-kisline-sibke-alkalije-in-kemikalije-rumena.webp\",\"datePublished\":\"2025-12-18T09:20:42+00:00\",\"dateModified\":\"2026-02-11T12:14:32+00:00\",\"description\":\"Ro\u010dna \u010drpalka za \u0161ibke kisline, \u0161ibke alkalije, \u010distila in druge neagresivne kemikalije. Deluje brez elektrike ali stisnjenega zraka.\",\"breadcrumb\":{\"@id\":\"https:\/\/ibcparts.eu\/izdelek\/rocna-crpalka-za-kisline-alkalije\/#breadcrumb\"},\"inLanguage\":\"hr\",\"potentialAction\":[{\"@type\":\"ReadAction\",\"target\":[\"https:\/\/ibcparts.eu\/izdelek\/rocna-crpalka-za-kisline-alkalije\/\"]}]},{\"@type\":\"ImageObject\",\"inLanguage\":\"hr\",\"@id\":\"https:\/\/ibcparts.eu\/izdelek\/rocna-crpalka-za-kisline-alkalije\/#primaryimage\",\"url\":\"https:\/\/ibcparts.eu\/wp-content\/uploads\/2025\/12\/Rocna-crpalka-za-sibke-kisline-sibke-alkalije-in-kemikalije-rumena.webp\",\"contentUrl\":\"https:\/\/ibcparts.eu\/wp-content\/uploads\/2025\/12\/Rocna-crpalka-za-sibke-kisline-sibke-alkalije-in-kemikalije-rumena.webp\",\"width\":1024,\"height\":1024,\"caption\":\"Ro\u010dna \u010drpalka za \u0161ibke kisline, \u0161ibke alkalije, \u010distila in druge neagresivne kemikalije na vodni osnovi.\"},{\"@type\":\"BreadcrumbList\",\"@id\":\"https:\/\/ibcparts.eu\/izdelek\/rocna-crpalka-za-kisline-alkalije\/#breadcrumb\",\"itemListElement\":[{\"@type\":\"ListItem\",\"position\":1,\"name\":\"Home\",\"item\":\"https:\/\/ibcparts.eu\/\"},{\"@type\":\"ListItem\",\"position\":2,\"name\":\"Nakupujte\",\"item\":\"https:\/\/ibcparts.eu\/nakupujte\/\"},{\"@type\":\"ListItem\",\"position\":3,\"name\":\"Ro\u010dna \u010drpalka za \u0161ibke kisline, \u0161ibke alkalije, \u010distila in druge kemikalije \u2013 rumena\"}]},{\"@type\":\"WebSite\",\"@id\":\"https:\/\/ibcparts.eu\/#website\",\"url\":\"https:\/\/ibcparts.eu\/\",\"name\":\"IBCparts.eu\",\"description\":\"\",\"publisher\":{\"@id\":\"https:\/\/ibcparts.eu\/#organization\"},\"potentialAction\":[{\"@type\":\"SearchAction\",\"target\":{\"@type\":\"EntryPoint\",\"urlTemplate\":\"https:\/\/ibcparts.eu\/?s={search_term_string}\"},\"query-input\":{\"@type\":\"PropertyValueSpecification\",\"valueRequired\":true,\"valueName\":\"search_term_string\"}}],\"inLanguage\":\"hr\"},{\"@type\":\"Organization\",\"@id\":\"https:\/\/ibcparts.eu\/#organization\",\"name\":\"IBCparts\",\"url\":\"https:\/\/ibcparts.eu\/\",\"logo\":{\"@type\":\"ImageObject\",\"inLanguage\":\"hr\",\"@id\":\"https:\/\/ibcparts.eu\/#\/schema\/logo\/image\/\",\"url\":\"https:\/\/ibcparts.eu\/wp-content\/uploads\/2021\/10\/Footer-Logo.png\",\"contentUrl\":\"https:\/\/ibcparts.eu\/wp-content\/uploads\/2021\/10\/Footer-Logo.png\",\"width\":1992,\"height\":772,\"caption\":\"IBCparts\"},\"image\":{\"@id\":\"https:\/\/ibcparts.eu\/#\/schema\/logo\/image\/\"}}]}<\/script>\n<!-- \/ Yoast SEO plugin. -->","yoast_head_json":{"title":"Ro\u010dna \u010drpalka za \u0161ibke kisline, \u0161ibke alkalije, \u010distila in druge kemikalije \u2013 rumena |","description":"Ro\u010dna \u010drpalka za \u0161ibke kisline, \u0161ibke alkalije, \u010distila in druge neagresivne kemikalije. Deluje brez elektrike ali stisnjenega zraka.","robots":{"index":"index","follow":"follow","max-snippet":"max-snippet:-1","max-image-preview":"max-image-preview:large","max-video-preview":"max-video-preview:-1"},"canonical":"https:\/\/ibcparts.eu\/hr\/proizvod\/rocna-crpalka-za-kisline-alkalije\/","og_locale":"hr_HR","og_type":"article","og_title":"Ro\u010dna \u010drpalka za \u0161ibke kisline, \u0161ibke alkalije, \u010distila in druge kemikalije \u2013 rumena |","og_description":"Ro\u010dna \u010drpalka za \u0161ibke kisline, \u0161ibke alkalije, \u010distila in druge neagresivne kemikalije. Deluje brez elektrike ali stisnjenega zraka.","og_url":"https:\/\/ibcparts.eu\/hr\/proizvod\/rocna-crpalka-za-kisline-alkalije\/","og_site_name":"IBCparts.eu","article_modified_time":"2026-02-11T12:14:32+00:00","og_image":[{"width":1024,"height":1024,"url":"https:\/\/ibcparts.eu\/wp-content\/uploads\/2025\/12\/Rocna-crpalka-za-sibke-kisline-sibke-alkalije-in-kemikalije-rumena.webp","type":"image\/webp"}],"twitter_card":"summary_large_image","twitter_misc":{"Procijenjeno vrijeme \u010ditanja":"1 minuta"},"schema":{"@context":"https:\/\/schema.org","@graph":[{"@type":"WebPage","@id":"https:\/\/ibcparts.eu\/izdelek\/rocna-crpalka-za-kisline-alkalije\/","url":"https:\/\/ibcparts.eu\/izdelek\/rocna-crpalka-za-kisline-alkalije\/","name":"Ro\u010dna \u010drpalka za \u0161ibke kisline, \u0161ibke alkalije, \u010distila in druge kemikalije \u2013 rumena |","isPartOf":{"@id":"https:\/\/ibcparts.eu\/#website"},"primaryImageOfPage":{"@id":"https:\/\/ibcparts.eu\/izdelek\/rocna-crpalka-za-kisline-alkalije\/#primaryimage"},"image":{"@id":"https:\/\/ibcparts.eu\/izdelek\/rocna-crpalka-za-kisline-alkalije\/#primaryimage"},"thumbnailUrl":"https:\/\/ibcparts.eu\/wp-content\/uploads\/2025\/12\/Rocna-crpalka-za-sibke-kisline-sibke-alkalije-in-kemikalije-rumena.webp","datePublished":"2025-12-18T09:20:42+00:00","dateModified":"2026-02-11T12:14:32+00:00","description":"Ro\u010dna \u010drpalka za \u0161ibke kisline, \u0161ibke alkalije, \u010distila in druge neagresivne kemikalije. Deluje brez elektrike ali stisnjenega zraka.","breadcrumb":{"@id":"https:\/\/ibcparts.eu\/izdelek\/rocna-crpalka-za-kisline-alkalije\/#breadcrumb"},"inLanguage":"hr","potentialAction":[{"@type":"ReadAction","target":["https:\/\/ibcparts.eu\/izdelek\/rocna-crpalka-za-kisline-alkalije\/"]}]},{"@type":"ImageObject","inLanguage":"hr","@id":"https:\/\/ibcparts.eu\/izdelek\/rocna-crpalka-za-kisline-alkalije\/#primaryimage","url":"https:\/\/ibcparts.eu\/wp-content\/uploads\/2025\/12\/Rocna-crpalka-za-sibke-kisline-sibke-alkalije-in-kemikalije-rumena.webp","contentUrl":"https:\/\/ibcparts.eu\/wp-content\/uploads\/2025\/12\/Rocna-crpalka-za-sibke-kisline-sibke-alkalije-in-kemikalije-rumena.webp","width":1024,"height":1024,"caption":"Ro\u010dna \u010drpalka za \u0161ibke kisline, \u0161ibke alkalije, \u010distila in druge neagresivne kemikalije na vodni osnovi."},{"@type":"BreadcrumbList","@id":"https:\/\/ibcparts.eu\/izdelek\/rocna-crpalka-za-kisline-alkalije\/#breadcrumb","itemListElement":[{"@type":"ListItem","position":1,"name":"Home","item":"https:\/\/ibcparts.eu\/"},{"@type":"ListItem","position":2,"name":"Nakupujte","item":"https:\/\/ibcparts.eu\/nakupujte\/"},{"@type":"ListItem","position":3,"name":"Ro\u010dna \u010drpalka za \u0161ibke kisline, \u0161ibke alkalije, \u010distila in druge kemikalije \u2013 rumena"}]},{"@type":"WebSite","@id":"https:\/\/ibcparts.eu\/#website","url":"https:\/\/ibcparts.eu\/","name":"IBCparts.eu","description":"","publisher":{"@id":"https:\/\/ibcparts.eu\/#organization"},"potentialAction":[{"@type":"SearchAction","target":{"@type":"EntryPoint","urlTemplate":"https:\/\/ibcparts.eu\/?s={search_term_string}"},"query-input":{"@type":"PropertyValueSpecification","valueRequired":true,"valueName":"search_term_string"}}],"inLanguage":"hr"},{"@type":"Organization","@id":"https:\/\/ibcparts.eu\/#organization","name":"Dijelovi IBC-a","url":"https:\/\/ibcparts.eu\/","logo":{"@type":"ImageObject","inLanguage":"hr","@id":"https:\/\/ibcparts.eu\/#\/schema\/logo\/image\/","url":"https:\/\/ibcparts.eu\/wp-content\/uploads\/2021\/10\/Footer-Logo.png","contentUrl":"https:\/\/ibcparts.eu\/wp-content\/uploads\/2021\/10\/Footer-Logo.png","width":1992,"height":772,"caption":"IBCparts"},"image":{"@id":"https:\/\/ibcparts.eu\/#\/schema\/logo\/image\/"}}]}},"_links":{"self":[{"href":"https:\/\/ibcparts.eu\/hr\/wp-json\/wp\/v2\/product\/19173","targetHints":{"allow":["GET"]}}],"collection":[{"href":"https:\/\/ibcparts.eu\/hr\/wp-json\/wp\/v2\/product"}],"about":[{"href":"https:\/\/ibcparts.eu\/hr\/wp-json\/wp\/v2\/types\/product"}],"version-history":[{"count":2,"href":"https:\/\/ibcparts.eu\/hr\/wp-json\/wp\/v2\/product\/19173\/revisions"}],"predecessor-version":[{"id":20585,"href":"https:\/\/ibcparts.eu\/hr\/wp-json\/wp\/v2\/product\/19173\/revisions\/20585"}],"wp:featuredmedia":[{"embeddable":true,"href":"https:\/\/ibcparts.eu\/hr\/wp-json\/wp\/v2\/media\/19175"}],"wp:attachment":[{"href":"https:\/\/ibcparts.eu\/hr\/wp-json\/wp\/v2\/media?parent=19173"}],"wp:term":[{"taxonomy":"product_brand","embeddable":true,"href":"https:\/\/ibcparts.eu\/hr\/wp-json\/wp\/v2\/product_brand?post=19173"},{"taxonomy":"product_cat","embeddable":true,"href":"https:\/\/ibcparts.eu\/hr\/wp-json\/wp\/v2\/product_cat?post=19173"},{"taxonomy":"product_tag","embeddable":true,"href":"https:\/\/ibcparts.eu\/hr\/wp-json\/wp\/v2\/product_tag?post=19173"}],"curies":[{"name":"wp","href":"https:\/\/api.w.org\/{rel}","templated":true}]}}