{"id":19154,"date":"2025-12-18T07:43:54","date_gmt":"2025-12-18T06:43:54","guid":{"rendered":"https:\/\/ibcparts.eu\/?post_type=product&#038;p=19154"},"modified":"2026-02-11T13:17:26","modified_gmt":"2026-02-11T12:17:26","slug":"rocna-crpalka-za-kisline-in-kemikalije-rumena","status":"publish","type":"product","link":"https:\/\/ibcparts.eu\/hr\/proizvod\/rocna-crpalka-za-kisline-in-kemikalije-rumena\/","title":{"rendered":"Ru\u010dna pumpa za kiseline i kemikalije \u2013 \u017euta"},"content":{"rendered":"<h2 data-start=\"281\" data-end=\"321\" class=\" translation-block\">Ru\u010dna <strong data-start=\"33\" data-end=\"73\">pumpa za kiseline i kemikalije<\/strong><\/h2>\n<p data-start=\"323\" data-end=\"589\">Ru\u010dna pumpa u \u017eutoj boji namijenjena je za pumpanje teku\u0107ina poput kiselina i razli\u010ditih kemikalija iz boca, ba\u010dvi i IBC cisterni. Zahvaljuju\u0107i pa\u017eljivom odabiru materijala osigurava pouzdan rad i dug vijek trajanja pri pravilnoj uporabi.<\/p>\n<h3 data-start=\"591\" data-end=\"612\">Klju\u010dne prednosti<\/h3>\n<ul>\n<li data-start=\"615\" data-end=\"655\">Prikladna za \u0161irok raspon kemijskih teku\u0107ina<\/li>\n<li data-start=\"658\" data-end=\"698\" class=\" translation-block\">Robusna konstrukcija od <strong data-start=\"683\" data-end=\"698\">PP plastike<\/strong><\/li>\n<li data-start=\"701\" data-end=\"770\" class=\" translation-block\">Brtve od <strong data-start=\"712\" data-end=\"743\">FKM (fluoroelastomera)<\/strong> za ve\u0107u kemijsku otpornost<\/li>\n<li data-start=\"773\" data-end=\"821\">Podesiva potopna cijev za prilagodljivu uporabu<\/li>\n<li data-start=\"824\" data-end=\"851\">Jednostavno ru\u010dno upravljanje<\/li>\n<\/ul>\n<h3 data-start=\"853\" data-end=\"875\">Tehni\u010dke karakteristike<\/h3>\n<ul>\n<li data-start=\"878\" data-end=\"917\" class=\" translation-block\"><strong data-start=\"878\" data-end=\"899\">Materijal pumpe:<\/strong> PP (polipropilen)<\/li>\n<li data-start=\"920\" data-end=\"950\"><strong data-start=\"920\" data-end=\"932\">Brtva:<\/strong> FKM (fluorkav\u010duk)<\/li>\n<li data-start=\"953\" data-end=\"989\"><strong data-start=\"953\" data-end=\"973\">Maksimalni protok:<\/strong> do 0,3 l na hod<\/li>\n<li data-start=\"992\" data-end=\"1005\"><strong data-start=\"992\" data-end=\"1002\">Navoj:<\/strong> 2&#8243;<\/li>\n<li data-start=\"1008\" data-end=\"1034\"><strong data-start=\"1008\" data-end=\"1028\">Priklju\u010dak crijeva:<\/strong> 3\/4&#8243;<\/li>\n<li data-start=\"1037\" data-end=\"1098\"><strong data-start=\"1037\" data-end=\"1053\">Potopna cijev:<\/strong> nastavljiva od 500 do 900 mm<\/li>\n<li data-start=\"1101\" data-end=\"1138\"><strong data-start=\"1101\" data-end=\"1125\">Premer potopne cevi:<\/strong> najve\u010d 34 mm<\/li>\n<li data-start=\"1141\" data-end=\"1153\"><strong data-start=\"1141\" data-end=\"1150\">Materijal<\/strong> PP<\/li>\n<li data-start=\"1156\" data-end=\"1179\"><strong data-start=\"1156\" data-end=\"1176\">Sigurno za hranu:<\/strong> ne<\/li>\n<\/ul>\n<h3 data-start=\"1204\" data-end=\"1245\">Upozorenje o otpornosti materijala<\/h3>\n<p data-start=\"1246\" data-end=\"1401\" class=\" translation-block\">Prije uporabe je <strong data-start=\"1262\" data-end=\"1299\">nu\u017eno provjeriti kemijsku otpornost<\/strong> teku\u0107ine na kori\u0161tene materijale (PP i FKM), jer se svojstva pojedinih medija mogu razlikovati.<\/p>\n<h3 data-start=\"1403\" data-end=\"1490\">Primjeri teku\u0107ina (na temelju poznate otpornosti materijala \u2013 bez jamstvenih tvrdnji)<\/h3>\n<ul>\n<li data-start=\"1493\" data-end=\"1538\">Akumulatorska kiselina (sumporna kiselina 20 %)<\/li>\n<li data-start=\"1541\" data-end=\"1595\">Aluminijev klorid, aluminijev sulfat (vodene otopine)<\/li>\n<li data-start=\"1598\" data-end=\"1688\">Aminoocatena, jabu\u010dna, arapska, askorbinska, glikolna, maleinska kiselina (vodene otopine)<\/li>\n<li data-start=\"1691\" data-end=\"1724\">Amonijev klorid (vodena otopina)<\/li>\n<li data-start=\"1727\" data-end=\"1768\">Benzensulfonska kiselina (vodena otopina)<\/li>\n<li data-start=\"1771\" data-end=\"1793\">Borna kiselina (vodena)<\/li>\n<li data-start=\"1796\" data-end=\"1865\">Kalcijev bisulfit, kalcijev klorid, kalcijev nitrat (vodene otopine)<\/li>\n<li data-start=\"1868\" data-end=\"1958\">Kalijev aluminijev sulfat, kalijev jodid, kalijev nitrat, kalijev sulfit (vodene otopine)<\/li>\n<li data-start=\"1961\" data-end=\"2023\">Kromov sulfat, \u017eeljezov sulfat, bakrov sulfat (vodene otopine)<\/li>\n<li data-start=\"2026\" data-end=\"2059\">Manganov klorid (vodena otopina)<\/li>\n<li data-start=\"2062\" data-end=\"2094\">Svin\u010dev acetat (vodena otopina)<\/li>\n<li data-start=\"2097\" data-end=\"2129\">Vodikov cianid (vodena otopina)<\/li>\n<li data-start=\"2132\" data-end=\"2157\">Urea (vodena otopina)<\/li>\n<li data-start=\"2160\" data-end=\"2172\">Kvas (vodeni)<\/li>\n<li data-start=\"2175\" data-end=\"2199\">Rashladna salamura (vodena)<\/li>\n<\/ul>\n<h3 data-start=\"2201\" data-end=\"2223\">Sigurnosne upute<\/h3>\n<ul>\n<li data-start=\"2226\" data-end=\"2292\" class=\" translation-block\">Pumpa <strong data-start=\"2234\" data-end=\"2249\">nije prikladna<\/strong> za medije razreda opasnosti <strong data-start=\"2280\" data-end=\"2292\">AI \/ AII<\/strong><\/li>\n<li data-start=\"2295\" data-end=\"2347\" class=\" translation-block\">Uporaba nije dopu\u0161tena za <strong data-start=\"2319\" data-end=\"2347\">lako zapaljive teku\u0107ine<\/strong><\/li>\n<li data-start=\"2350\" data-end=\"2407\" class=\" translation-block\">Uporaba u <strong data-start=\"2360\" data-end=\"2407\">eksplozivno opasnim podru\u010djima nije dopu\u0161tena<\/strong><\/li>\n<li data-start=\"2410\" data-end=\"2490\">Pri pumpanju opasnih teku\u0107ina potrebno je pridr\u017eavati se svih propisanih sigurnosnih mjera<\/li>\n<li data-start=\"2493\" data-end=\"2541\">Potrebno je sprije\u010diti klizanje zbog prolivenih teku\u0107ina<\/li>\n<li data-start=\"2544\" data-end=\"2606\" class=\" translation-block\">Prije uporabe provjerite mogu\u0107nost nastajanja <strong data-start=\"2586\" data-end=\"2606\">otrovnih para<\/strong><\/li>\n<\/ul>","protected":false},"excerpt":{"rendered":"<p data-start=\"27\" data-end=\"73\" class=\" translation-block\">Ru\u010dna <strong data-start=\"33\" data-end=\"73\">pumpa za kiseline i kemikalije<\/strong><\/p>\n<ul data-start=\"25\" data-end=\"255\">\n<li><strong>Materijal <\/strong>PP (polipropilen)<\/li>\n<li><strong>Brtva<\/strong>: FKM<\/li>\n<li><span dir=\"auto\"><span dir=\"auto\">Prikladna za kanistre, ba\u010dve od 200 litara i IBC cisterne<\/span><\/span><\/li>\n<li class=\" translation-block\"><strong>Teleskopska<\/strong> usisna cijev promjera <strong>34 mm<\/strong>, podesiva od <strong>500 do 900 mm<\/strong><\/li>\n<li class=\" translation-block\"><strong data-start=\"182\" data-end=\"193\">Protok:<\/strong> do 0,3 l po hodu<\/li>\n<li><strong data-start=\"214\" data-end=\"224\">Navoj:<\/strong> G 2\u2033 vanjski navoj (BSP)<\/li>\n<li class=\" translation-block\"><strong data-start=\"232\" data-end=\"252\">Priklju\u010dak crijeva:<\/strong> \u00be\u2033 vanjski navoj (BSP)<\/li>\n<li class=\" translation-block\"><strong>Radi bez elektri\u010dne energije<\/strong> ili komprimiranog zraka<\/li>\n<li><span dir=\"auto\"><span dir=\"auto\">Jednostavno i sigurno doziranje<\/span><\/span><\/li>\n<li><strong>Te\u017eina<\/strong>: 1,2 kg<\/li>\n<\/ul>\n<p data-start=\"257\" data-end=\"298\" class=\" translation-block\"><strong data-start=\"257\" data-end=\"298\">Primjeri \u010desto kori\u0161tenih teku\u0107ina: <\/strong>Sumporna kiselina (20 %), aluminijev sulfat (vodena otopina), amonijev klorid (vodena otopina), borna kiselina, kalcijev klorid (vodena otopina), urea (vodena otopina), rashladna salamura.<\/p>\n<p>Prije uporabe provjerite kemijsku otpornost medija. Nije prikladno za zapaljive teku\u0107ine razreda AI\/AII niti za uporabu u eksplozivnim podru\u010djima.<\/p>\n<p><em>Navedena cijena je neto (bez PDV-a). To\u010dan tro\u0161ak dostave izra\u010dunava se prilikom izrade predra\u010duna.<\/em><\/p>","protected":false},"featured_media":19151,"template":"","meta":[],"product_brand":[],"product_cat":[485],"product_tag":[487],"class_list":{"0":"post-19154","1":"product","2":"type-product","3":"status-publish","4":"has-post-thumbnail","6":"product_cat-rocne-crpalke","7":"product_tag-rocna-crpalka-za-kisline-in-kemikalije","9":"first","10":"instock","11":"shipping-taxable","12":"purchasable","13":"product-type-simple"},"yoast_head":"<!-- This site is optimized with the Yoast SEO plugin v27.1.1 - https:\/\/yoast.com\/product\/yoast-seo-wordpress\/ -->\n<title>Ro\u010dna \u010drpalka za kisline in kemikalije - rumena | IBCparts.eu<\/title>\n<meta name=\"description\" content=\"Ro\u010dna \u010drpalka je namenjena \u010drpanju kislin in kemikalij iz plastenk, sodov in IBC cistern. Deluje brez elektrike ali stisnjenega zraka\" \/>\n<meta name=\"robots\" content=\"index, follow, max-snippet:-1, max-image-preview:large, max-video-preview:-1\" \/>\n<link rel=\"canonical\" href=\"https:\/\/ibcparts.eu\/hr\/proizvod\/rocna-crpalka-za-kisline-in-kemikalije-rumena\/\" \/>\n<meta property=\"og:locale\" content=\"hr_HR\" \/>\n<meta property=\"og:type\" content=\"article\" \/>\n<meta property=\"og:title\" content=\"Ro\u010dna \u010drpalka za kisline in kemikalije - rumena | IBCparts.eu\" \/>\n<meta property=\"og:description\" content=\"Ro\u010dna \u010drpalka je namenjena \u010drpanju kislin in kemikalij iz plastenk, sodov in IBC cistern. Deluje brez elektrike ali stisnjenega zraka\" \/>\n<meta property=\"og:url\" content=\"https:\/\/ibcparts.eu\/hr\/proizvod\/rocna-crpalka-za-kisline-in-kemikalije-rumena\/\" \/>\n<meta property=\"og:site_name\" content=\"IBCparts.eu\" \/>\n<meta property=\"article:modified_time\" content=\"2026-02-11T12:17:26+00:00\" \/>\n<meta property=\"og:image\" content=\"https:\/\/ibcparts.eu\/wp-content\/uploads\/2025\/12\/Rocna-crpalka-rumena-za-kisline-in-kemikalije.jpg\" \/>\n\t<meta property=\"og:image:width\" content=\"800\" \/>\n\t<meta property=\"og:image:height\" content=\"800\" \/>\n\t<meta property=\"og:image:type\" content=\"image\/jpeg\" \/>\n<meta name=\"twitter:card\" content=\"summary_large_image\" \/>\n<meta name=\"twitter:label1\" content=\"Procijenjeno vrijeme \u010ditanja\" \/>\n\t<meta name=\"twitter:data1\" content=\"1 minuta\" \/>\n<script type=\"application\/ld+json\" class=\"yoast-schema-graph\">{\"@context\":\"https:\/\/schema.org\",\"@graph\":[{\"@type\":\"WebPage\",\"@id\":\"https:\/\/ibcparts.eu\/izdelek\/rocna-crpalka-za-kisline-in-kemikalije-rumena\/\",\"url\":\"https:\/\/ibcparts.eu\/izdelek\/rocna-crpalka-za-kisline-in-kemikalije-rumena\/\",\"name\":\"Ro\u010dna \u010drpalka za kisline in kemikalije - rumena | IBCparts.eu\",\"isPartOf\":{\"@id\":\"https:\/\/ibcparts.eu\/#website\"},\"primaryImageOfPage\":{\"@id\":\"https:\/\/ibcparts.eu\/izdelek\/rocna-crpalka-za-kisline-in-kemikalije-rumena\/#primaryimage\"},\"image\":{\"@id\":\"https:\/\/ibcparts.eu\/izdelek\/rocna-crpalka-za-kisline-in-kemikalije-rumena\/#primaryimage\"},\"thumbnailUrl\":\"https:\/\/ibcparts.eu\/wp-content\/uploads\/2025\/12\/Rocna-crpalka-rumena-za-kisline-in-kemikalije.jpg\",\"datePublished\":\"2025-12-18T06:43:54+00:00\",\"dateModified\":\"2026-02-11T12:17:26+00:00\",\"description\":\"Ro\u010dna \u010drpalka je namenjena \u010drpanju kislin in kemikalij iz plastenk, sodov in IBC cistern. Deluje brez elektrike ali stisnjenega zraka\",\"breadcrumb\":{\"@id\":\"https:\/\/ibcparts.eu\/izdelek\/rocna-crpalka-za-kisline-in-kemikalije-rumena\/#breadcrumb\"},\"inLanguage\":\"hr\",\"potentialAction\":[{\"@type\":\"ReadAction\",\"target\":[\"https:\/\/ibcparts.eu\/izdelek\/rocna-crpalka-za-kisline-in-kemikalije-rumena\/\"]}]},{\"@type\":\"ImageObject\",\"inLanguage\":\"hr\",\"@id\":\"https:\/\/ibcparts.eu\/izdelek\/rocna-crpalka-za-kisline-in-kemikalije-rumena\/#primaryimage\",\"url\":\"https:\/\/ibcparts.eu\/wp-content\/uploads\/2025\/12\/Rocna-crpalka-rumena-za-kisline-in-kemikalije.jpg\",\"contentUrl\":\"https:\/\/ibcparts.eu\/wp-content\/uploads\/2025\/12\/Rocna-crpalka-rumena-za-kisline-in-kemikalije.jpg\",\"width\":800,\"height\":800,\"caption\":\"Ro\u010dna \u010drpalka rumena za kisline in kemikalije\"},{\"@type\":\"BreadcrumbList\",\"@id\":\"https:\/\/ibcparts.eu\/izdelek\/rocna-crpalka-za-kisline-in-kemikalije-rumena\/#breadcrumb\",\"itemListElement\":[{\"@type\":\"ListItem\",\"position\":1,\"name\":\"Home\",\"item\":\"https:\/\/ibcparts.eu\/\"},{\"@type\":\"ListItem\",\"position\":2,\"name\":\"Nakupujte\",\"item\":\"https:\/\/ibcparts.eu\/nakupujte\/\"},{\"@type\":\"ListItem\",\"position\":3,\"name\":\"Ro\u010dna \u010drpalka za kisline in kemikalije &#8211; rumena\"}]},{\"@type\":\"WebSite\",\"@id\":\"https:\/\/ibcparts.eu\/#website\",\"url\":\"https:\/\/ibcparts.eu\/\",\"name\":\"IBCparts.eu\",\"description\":\"\",\"publisher\":{\"@id\":\"https:\/\/ibcparts.eu\/#organization\"},\"potentialAction\":[{\"@type\":\"SearchAction\",\"target\":{\"@type\":\"EntryPoint\",\"urlTemplate\":\"https:\/\/ibcparts.eu\/?s={search_term_string}\"},\"query-input\":{\"@type\":\"PropertyValueSpecification\",\"valueRequired\":true,\"valueName\":\"search_term_string\"}}],\"inLanguage\":\"hr\"},{\"@type\":\"Organization\",\"@id\":\"https:\/\/ibcparts.eu\/#organization\",\"name\":\"IBCparts\",\"url\":\"https:\/\/ibcparts.eu\/\",\"logo\":{\"@type\":\"ImageObject\",\"inLanguage\":\"hr\",\"@id\":\"https:\/\/ibcparts.eu\/#\/schema\/logo\/image\/\",\"url\":\"https:\/\/ibcparts.eu\/wp-content\/uploads\/2021\/10\/Footer-Logo.png\",\"contentUrl\":\"https:\/\/ibcparts.eu\/wp-content\/uploads\/2021\/10\/Footer-Logo.png\",\"width\":1992,\"height\":772,\"caption\":\"IBCparts\"},\"image\":{\"@id\":\"https:\/\/ibcparts.eu\/#\/schema\/logo\/image\/\"}}]}<\/script>\n<!-- \/ Yoast SEO plugin. -->","yoast_head_json":{"title":"Ro\u010dna \u010drpalka za kisline in kemikalije - rumena | IBCparts.eu","description":"Ro\u010dna \u010drpalka je namenjena \u010drpanju kislin in kemikalij iz plastenk, sodov in IBC cistern. Deluje brez elektrike ali stisnjenega zraka","robots":{"index":"index","follow":"follow","max-snippet":"max-snippet:-1","max-image-preview":"max-image-preview:large","max-video-preview":"max-video-preview:-1"},"canonical":"https:\/\/ibcparts.eu\/hr\/proizvod\/rocna-crpalka-za-kisline-in-kemikalije-rumena\/","og_locale":"hr_HR","og_type":"article","og_title":"Ro\u010dna \u010drpalka za kisline in kemikalije - rumena | IBCparts.eu","og_description":"Ro\u010dna \u010drpalka je namenjena \u010drpanju kislin in kemikalij iz plastenk, sodov in IBC cistern. Deluje brez elektrike ali stisnjenega zraka","og_url":"https:\/\/ibcparts.eu\/hr\/proizvod\/rocna-crpalka-za-kisline-in-kemikalije-rumena\/","og_site_name":"IBCparts.eu","article_modified_time":"2026-02-11T12:17:26+00:00","og_image":[{"width":800,"height":800,"url":"https:\/\/ibcparts.eu\/wp-content\/uploads\/2025\/12\/Rocna-crpalka-rumena-za-kisline-in-kemikalije.jpg","type":"image\/jpeg"}],"twitter_card":"summary_large_image","twitter_misc":{"Procijenjeno vrijeme \u010ditanja":"1 minuta"},"schema":{"@context":"https:\/\/schema.org","@graph":[{"@type":"WebPage","@id":"https:\/\/ibcparts.eu\/izdelek\/rocna-crpalka-za-kisline-in-kemikalije-rumena\/","url":"https:\/\/ibcparts.eu\/izdelek\/rocna-crpalka-za-kisline-in-kemikalije-rumena\/","name":"Ro\u010dna \u010drpalka za kisline in kemikalije - rumena | IBCparts.eu","isPartOf":{"@id":"https:\/\/ibcparts.eu\/#website"},"primaryImageOfPage":{"@id":"https:\/\/ibcparts.eu\/izdelek\/rocna-crpalka-za-kisline-in-kemikalije-rumena\/#primaryimage"},"image":{"@id":"https:\/\/ibcparts.eu\/izdelek\/rocna-crpalka-za-kisline-in-kemikalije-rumena\/#primaryimage"},"thumbnailUrl":"https:\/\/ibcparts.eu\/wp-content\/uploads\/2025\/12\/Rocna-crpalka-rumena-za-kisline-in-kemikalije.jpg","datePublished":"2025-12-18T06:43:54+00:00","dateModified":"2026-02-11T12:17:26+00:00","description":"Ro\u010dna \u010drpalka je namenjena \u010drpanju kislin in kemikalij iz plastenk, sodov in IBC cistern. Deluje brez elektrike ali stisnjenega zraka","breadcrumb":{"@id":"https:\/\/ibcparts.eu\/izdelek\/rocna-crpalka-za-kisline-in-kemikalije-rumena\/#breadcrumb"},"inLanguage":"hr","potentialAction":[{"@type":"ReadAction","target":["https:\/\/ibcparts.eu\/izdelek\/rocna-crpalka-za-kisline-in-kemikalije-rumena\/"]}]},{"@type":"ImageObject","inLanguage":"hr","@id":"https:\/\/ibcparts.eu\/izdelek\/rocna-crpalka-za-kisline-in-kemikalije-rumena\/#primaryimage","url":"https:\/\/ibcparts.eu\/wp-content\/uploads\/2025\/12\/Rocna-crpalka-rumena-za-kisline-in-kemikalije.jpg","contentUrl":"https:\/\/ibcparts.eu\/wp-content\/uploads\/2025\/12\/Rocna-crpalka-rumena-za-kisline-in-kemikalije.jpg","width":800,"height":800,"caption":"Ro\u010dna \u010drpalka rumena za kisline in kemikalije"},{"@type":"BreadcrumbList","@id":"https:\/\/ibcparts.eu\/izdelek\/rocna-crpalka-za-kisline-in-kemikalije-rumena\/#breadcrumb","itemListElement":[{"@type":"ListItem","position":1,"name":"Home","item":"https:\/\/ibcparts.eu\/"},{"@type":"ListItem","position":2,"name":"Nakupujte","item":"https:\/\/ibcparts.eu\/nakupujte\/"},{"@type":"ListItem","position":3,"name":"Ro\u010dna \u010drpalka za kisline in kemikalije &#8211; rumena"}]},{"@type":"WebSite","@id":"https:\/\/ibcparts.eu\/#website","url":"https:\/\/ibcparts.eu\/","name":"IBCparts.eu","description":"","publisher":{"@id":"https:\/\/ibcparts.eu\/#organization"},"potentialAction":[{"@type":"SearchAction","target":{"@type":"EntryPoint","urlTemplate":"https:\/\/ibcparts.eu\/?s={search_term_string}"},"query-input":{"@type":"PropertyValueSpecification","valueRequired":true,"valueName":"search_term_string"}}],"inLanguage":"hr"},{"@type":"Organization","@id":"https:\/\/ibcparts.eu\/#organization","name":"Dijelovi IBC-a","url":"https:\/\/ibcparts.eu\/","logo":{"@type":"ImageObject","inLanguage":"hr","@id":"https:\/\/ibcparts.eu\/#\/schema\/logo\/image\/","url":"https:\/\/ibcparts.eu\/wp-content\/uploads\/2021\/10\/Footer-Logo.png","contentUrl":"https:\/\/ibcparts.eu\/wp-content\/uploads\/2021\/10\/Footer-Logo.png","width":1992,"height":772,"caption":"IBCparts"},"image":{"@id":"https:\/\/ibcparts.eu\/#\/schema\/logo\/image\/"}}]}},"_links":{"self":[{"href":"https:\/\/ibcparts.eu\/hr\/wp-json\/wp\/v2\/product\/19154","targetHints":{"allow":["GET"]}}],"collection":[{"href":"https:\/\/ibcparts.eu\/hr\/wp-json\/wp\/v2\/product"}],"about":[{"href":"https:\/\/ibcparts.eu\/hr\/wp-json\/wp\/v2\/types\/product"}],"version-history":[{"count":3,"href":"https:\/\/ibcparts.eu\/hr\/wp-json\/wp\/v2\/product\/19154\/revisions"}],"predecessor-version":[{"id":20587,"href":"https:\/\/ibcparts.eu\/hr\/wp-json\/wp\/v2\/product\/19154\/revisions\/20587"}],"wp:featuredmedia":[{"embeddable":true,"href":"https:\/\/ibcparts.eu\/hr\/wp-json\/wp\/v2\/media\/19151"}],"wp:attachment":[{"href":"https:\/\/ibcparts.eu\/hr\/wp-json\/wp\/v2\/media?parent=19154"}],"wp:term":[{"taxonomy":"product_brand","embeddable":true,"href":"https:\/\/ibcparts.eu\/hr\/wp-json\/wp\/v2\/product_brand?post=19154"},{"taxonomy":"product_cat","embeddable":true,"href":"https:\/\/ibcparts.eu\/hr\/wp-json\/wp\/v2\/product_cat?post=19154"},{"taxonomy":"product_tag","embeddable":true,"href":"https:\/\/ibcparts.eu\/hr\/wp-json\/wp\/v2\/product_tag?post=19154"}],"curies":[{"name":"wp","href":"https:\/\/api.w.org\/{rel}","templated":true}]}}