{"id":18707,"date":"2025-12-02T17:10:07","date_gmt":"2025-12-02T16:10:07","guid":{"rendered":"https:\/\/ibcparts.eu\/?post_type=product&#038;p=18707"},"modified":"2026-03-31T07:06:27","modified_gmt":"2026-03-31T06:06:27","slug":"reducir-s75-turbo","status":"publish","type":"product","link":"https:\/\/ibcparts.eu\/hr\/proizvod\/reducir-s75-turbo\/","title":{"rendered":"Reducir S75 TURBO za IBC cisterno (3\/4&#8243;, 1&#8243;, 5\/4&#8243;, 6\/4&#8243;, 2\u2033)"},"content":{"rendered":"","protected":false},"excerpt":{"rendered":"<h2 data-start=\"171\" data-end=\"241\">Reducir S75 TURBO z notranjim BSP navojem za IBC cisterno<\/h2>\n<p data-start=\"243\" data-end=\"792\">Reducir S75 TURBO je mo\u010dan reducir za IBC cisterne z navojem S75x6 (fi 75\u201379 mm, grobi navoj). Uporablja se kot <strong data-start=\"379\" data-end=\"425\">adapter oziroma priklju\u010dek za IBC cisterno kjer je bil privit original ventil. Gre za edinstveno re\u0161itev z veliko variacijami, kar omogo\u010da monta\u017eo razli\u010dnih komponent, kot so PP fitingi, ventili ali drugi priklju\u010dki. Izdelan je iz polipropilena in ima gumijasto NBR tesnilo, ki zagotavlja zanesljivo tesnjenje tudi pri nepravilnostih na navoju ter odli\u010dno mehansko vzdr\u017eljivost.<\/strong><\/p>\n<ul>\n<li>Za cisterne s navojem na cisterni \u00d8 75\u201379 mm (grubi navoj) S75x6.<\/li>\n<li>Tip navoja na zunanji strani: \u017denski BSP navoj dimenzije 3\/4&#8243;, 1&#8243;, 5\/4&#8243;, 6\/4&#8243; ali 2\u2033<\/li>\n<li class=\" translation-block\"><strong>Jedini na tr\u017ei\u0161tu s tako velikim izlazom (2\u2033) na drugoj strani.<\/strong> Ovdje mo\u017eete montirati sve \u0161to vam je potrebno \u2013 pogledajte kategoriju PP fitinga.<\/li>\n<li>Lahko deluje kot nadomestek originalnega ventila<\/li>\n<li>Material: PP (polipropilen)<\/li>\n<li>Boja: crna<\/li>\n<li>Brtva: <strong>100% NBR guma (edinstveno na trgu)<\/strong><\/li>\n<li>Izvrsno brtvljenje i odli\u010dna izdr\u017eljivost!<\/li>\n<\/ul>\n<p class=\" translation-block\">Dodatne informacije:<br data-start=\"1159\" data-end=\"1162\">Prilikom monta\u017ee bilo kojeg priklju\u010dka na ovu redukciju preporu\u010duje se uporaba teflonske trake kako bi se osiguralo potpuno brtvljenje i pravilna orijentacija priklju\u010dka.<br data-start=\"1326\" data-end=\"1329\">Na IBC cisternama s navojem \u00d8 75 mm mogu\u0107e je koristiti i S75 ventil ili nadomjestak ventila S75.<\/p>","protected":false},"featured_media":18709,"template":"","meta":[],"product_brand":[],"product_cat":[170,299,310,260],"product_tag":[446],"class_list":{"0":"post-18707","1":"product","2":"type-product","3":"status-publish","4":"has-post-thumbnail","6":"product_cat-reducirji-in-prikljucki-za-ibc","7":"product_cat-s75x6","8":"product_cat-s75x6-ventili-in-nadomestki-ventilov","9":"product_cat-ventili-in-nadomestki-ventilov","10":"product_tag-reducir-s75-turbo-za-ibc-cisterno","12":"first","13":"instock","14":"shipping-taxable","15":"purchasable","16":"product-type-variable"},"yoast_head":"<!-- This site is optimized with the Yoast SEO plugin v27.1.1 - https:\/\/yoast.com\/product\/yoast-seo-wordpress\/ -->\n<title>Reducir S75 TURBO za IBC cisterno (3\/4&quot;, 1&quot;, 5\/4&quot;, 6\/4&quot;, 2\u2033) | IBCparts.eu<\/title>\n<meta name=\"description\" content=\"Reducir (adapter) za IBC cisterne z navojem fi 75 \u2013 79mm - kot nadomestek ventila (S75x6). Na drugi strani \u017eenski navoj v ve\u010d velikostih.\" \/>\n<meta name=\"robots\" content=\"index, follow, max-snippet:-1, max-image-preview:large, max-video-preview:-1\" \/>\n<link rel=\"canonical\" href=\"https:\/\/ibcparts.eu\/hr\/proizvod\/reducir-s75-turbo\/\" \/>\n<meta property=\"og:locale\" content=\"hr_HR\" \/>\n<meta property=\"og:type\" content=\"article\" \/>\n<meta property=\"og:title\" content=\"Reducir S75 TURBO za IBC cisterno (3\/4&quot;, 1&quot;, 5\/4&quot;, 6\/4&quot;, 2\u2033) | IBCparts.eu\" \/>\n<meta property=\"og:description\" content=\"Reducir (adapter) za IBC cisterne z navojem fi 75 \u2013 79mm - kot nadomestek ventila (S75x6). Na drugi strani \u017eenski navoj v ve\u010d velikostih.\" \/>\n<meta property=\"og:url\" content=\"https:\/\/ibcparts.eu\/hr\/proizvod\/reducir-s75-turbo\/\" \/>\n<meta property=\"og:site_name\" content=\"IBCparts.eu\" \/>\n<meta property=\"article:modified_time\" content=\"2026-03-31T06:06:27+00:00\" \/>\n<meta property=\"og:image\" content=\"https:\/\/ibcparts.eu\/wp-content\/uploads\/2025\/12\/Reducir-S75x6-Turbo-3.png\" \/>\n\t<meta property=\"og:image:width\" content=\"500\" \/>\n\t<meta property=\"og:image:height\" content=\"500\" \/>\n\t<meta property=\"og:image:type\" content=\"image\/png\" \/>\n<meta name=\"twitter:card\" content=\"summary_large_image\" \/>\n<script type=\"application\/ld+json\" class=\"yoast-schema-graph\">{\"@context\":\"https:\/\/schema.org\",\"@graph\":[{\"@type\":\"WebPage\",\"@id\":\"https:\/\/ibcparts.eu\/izdelek\/reducir-s75-turbo\/\",\"url\":\"https:\/\/ibcparts.eu\/izdelek\/reducir-s75-turbo\/\",\"name\":\"Reducir S75 TURBO za IBC cisterno (3\/4\\\", 1\\\", 5\/4\\\", 6\/4\\\", 2\u2033) | IBCparts.eu\",\"isPartOf\":{\"@id\":\"https:\/\/ibcparts.eu\/#website\"},\"primaryImageOfPage\":{\"@id\":\"https:\/\/ibcparts.eu\/izdelek\/reducir-s75-turbo\/#primaryimage\"},\"image\":{\"@id\":\"https:\/\/ibcparts.eu\/izdelek\/reducir-s75-turbo\/#primaryimage\"},\"thumbnailUrl\":\"https:\/\/ibcparts.eu\/wp-content\/uploads\/2025\/12\/Reducir-S75x6-Turbo-3.png\",\"datePublished\":\"2025-12-02T16:10:07+00:00\",\"dateModified\":\"2026-03-31T06:06:27+00:00\",\"description\":\"Reducir (adapter) za IBC cisterne z navojem fi 75 \u2013 79mm - kot nadomestek ventila (S75x6). Na drugi strani \u017eenski navoj v ve\u010d velikostih.\",\"breadcrumb\":{\"@id\":\"https:\/\/ibcparts.eu\/izdelek\/reducir-s75-turbo\/#breadcrumb\"},\"inLanguage\":\"hr\",\"potentialAction\":[{\"@type\":\"ReadAction\",\"target\":[\"https:\/\/ibcparts.eu\/izdelek\/reducir-s75-turbo\/\"]}]},{\"@type\":\"ImageObject\",\"inLanguage\":\"hr\",\"@id\":\"https:\/\/ibcparts.eu\/izdelek\/reducir-s75-turbo\/#primaryimage\",\"url\":\"https:\/\/ibcparts.eu\/wp-content\/uploads\/2025\/12\/Reducir-S75x6-Turbo-3.png\",\"contentUrl\":\"https:\/\/ibcparts.eu\/wp-content\/uploads\/2025\/12\/Reducir-S75x6-Turbo-3.png\",\"width\":500,\"height\":500,\"caption\":\"Reducir S75x6 Turbo za IBC cisterno\"},{\"@type\":\"BreadcrumbList\",\"@id\":\"https:\/\/ibcparts.eu\/izdelek\/reducir-s75-turbo\/#breadcrumb\",\"itemListElement\":[{\"@type\":\"ListItem\",\"position\":1,\"name\":\"Home\",\"item\":\"https:\/\/ibcparts.eu\/\"},{\"@type\":\"ListItem\",\"position\":2,\"name\":\"Nakupujte\",\"item\":\"https:\/\/ibcparts.eu\/nakupujte\/\"},{\"@type\":\"ListItem\",\"position\":3,\"name\":\"Reducir S75 TURBO za IBC cisterno (3\/4&#8243;, 1&#8243;, 5\/4&#8243;, 6\/4&#8243;, 2\u2033)\"}]},{\"@type\":\"WebSite\",\"@id\":\"https:\/\/ibcparts.eu\/#website\",\"url\":\"https:\/\/ibcparts.eu\/\",\"name\":\"IBCparts.eu\",\"description\":\"\",\"publisher\":{\"@id\":\"https:\/\/ibcparts.eu\/#organization\"},\"potentialAction\":[{\"@type\":\"SearchAction\",\"target\":{\"@type\":\"EntryPoint\",\"urlTemplate\":\"https:\/\/ibcparts.eu\/?s={search_term_string}\"},\"query-input\":{\"@type\":\"PropertyValueSpecification\",\"valueRequired\":true,\"valueName\":\"search_term_string\"}}],\"inLanguage\":\"hr\"},{\"@type\":\"Organization\",\"@id\":\"https:\/\/ibcparts.eu\/#organization\",\"name\":\"IBCparts\",\"url\":\"https:\/\/ibcparts.eu\/\",\"logo\":{\"@type\":\"ImageObject\",\"inLanguage\":\"hr\",\"@id\":\"https:\/\/ibcparts.eu\/#\/schema\/logo\/image\/\",\"url\":\"https:\/\/ibcparts.eu\/wp-content\/uploads\/2021\/10\/Footer-Logo.png\",\"contentUrl\":\"https:\/\/ibcparts.eu\/wp-content\/uploads\/2021\/10\/Footer-Logo.png\",\"width\":1992,\"height\":772,\"caption\":\"IBCparts\"},\"image\":{\"@id\":\"https:\/\/ibcparts.eu\/#\/schema\/logo\/image\/\"}}]}<\/script>\n<!-- \/ Yoast SEO plugin. -->","yoast_head_json":{"title":"Reducir S75 TURBO za IBC cisterno (3\/4\", 1\", 5\/4\", 6\/4\", 2\u2033) | IBCparts.eu","description":"Reducir (adapter) za IBC cisterne z navojem fi 75 \u2013 79mm - kot nadomestek ventila (S75x6). Na drugi strani \u017eenski navoj v ve\u010d velikostih.","robots":{"index":"index","follow":"follow","max-snippet":"max-snippet:-1","max-image-preview":"max-image-preview:large","max-video-preview":"max-video-preview:-1"},"canonical":"https:\/\/ibcparts.eu\/hr\/proizvod\/reducir-s75-turbo\/","og_locale":"hr_HR","og_type":"article","og_title":"Reducir S75 TURBO za IBC cisterno (3\/4\", 1\", 5\/4\", 6\/4\", 2\u2033) | IBCparts.eu","og_description":"Reducir (adapter) za IBC cisterne z navojem fi 75 \u2013 79mm - kot nadomestek ventila (S75x6). Na drugi strani \u017eenski navoj v ve\u010d velikostih.","og_url":"https:\/\/ibcparts.eu\/hr\/proizvod\/reducir-s75-turbo\/","og_site_name":"IBCparts.eu","article_modified_time":"2026-03-31T06:06:27+00:00","og_image":[{"width":500,"height":500,"url":"https:\/\/ibcparts.eu\/wp-content\/uploads\/2025\/12\/Reducir-S75x6-Turbo-3.png","type":"image\/png"}],"twitter_card":"summary_large_image","schema":{"@context":"https:\/\/schema.org","@graph":[{"@type":"WebPage","@id":"https:\/\/ibcparts.eu\/izdelek\/reducir-s75-turbo\/","url":"https:\/\/ibcparts.eu\/izdelek\/reducir-s75-turbo\/","name":"Reducir S75 TURBO za IBC cisterno (3\/4\", 1\", 5\/4\", 6\/4\", 2\u2033) | IBCparts.eu","isPartOf":{"@id":"https:\/\/ibcparts.eu\/#website"},"primaryImageOfPage":{"@id":"https:\/\/ibcparts.eu\/izdelek\/reducir-s75-turbo\/#primaryimage"},"image":{"@id":"https:\/\/ibcparts.eu\/izdelek\/reducir-s75-turbo\/#primaryimage"},"thumbnailUrl":"https:\/\/ibcparts.eu\/wp-content\/uploads\/2025\/12\/Reducir-S75x6-Turbo-3.png","datePublished":"2025-12-02T16:10:07+00:00","dateModified":"2026-03-31T06:06:27+00:00","description":"Reducir (adapter) za IBC cisterne z navojem fi 75 \u2013 79mm - kot nadomestek ventila (S75x6). Na drugi strani \u017eenski navoj v ve\u010d velikostih.","breadcrumb":{"@id":"https:\/\/ibcparts.eu\/izdelek\/reducir-s75-turbo\/#breadcrumb"},"inLanguage":"hr","potentialAction":[{"@type":"ReadAction","target":["https:\/\/ibcparts.eu\/izdelek\/reducir-s75-turbo\/"]}]},{"@type":"ImageObject","inLanguage":"hr","@id":"https:\/\/ibcparts.eu\/izdelek\/reducir-s75-turbo\/#primaryimage","url":"https:\/\/ibcparts.eu\/wp-content\/uploads\/2025\/12\/Reducir-S75x6-Turbo-3.png","contentUrl":"https:\/\/ibcparts.eu\/wp-content\/uploads\/2025\/12\/Reducir-S75x6-Turbo-3.png","width":500,"height":500,"caption":"Reducir S75x6 Turbo za IBC cisterno"},{"@type":"BreadcrumbList","@id":"https:\/\/ibcparts.eu\/izdelek\/reducir-s75-turbo\/#breadcrumb","itemListElement":[{"@type":"ListItem","position":1,"name":"Home","item":"https:\/\/ibcparts.eu\/"},{"@type":"ListItem","position":2,"name":"Nakupujte","item":"https:\/\/ibcparts.eu\/nakupujte\/"},{"@type":"ListItem","position":3,"name":"Reducir S75 TURBO za IBC cisterno (3\/4&#8243;, 1&#8243;, 5\/4&#8243;, 6\/4&#8243;, 2\u2033)"}]},{"@type":"WebSite","@id":"https:\/\/ibcparts.eu\/#website","url":"https:\/\/ibcparts.eu\/","name":"IBCparts.eu","description":"","publisher":{"@id":"https:\/\/ibcparts.eu\/#organization"},"potentialAction":[{"@type":"SearchAction","target":{"@type":"EntryPoint","urlTemplate":"https:\/\/ibcparts.eu\/?s={search_term_string}"},"query-input":{"@type":"PropertyValueSpecification","valueRequired":true,"valueName":"search_term_string"}}],"inLanguage":"hr"},{"@type":"Organization","@id":"https:\/\/ibcparts.eu\/#organization","name":"Dijelovi IBC-a","url":"https:\/\/ibcparts.eu\/","logo":{"@type":"ImageObject","inLanguage":"hr","@id":"https:\/\/ibcparts.eu\/#\/schema\/logo\/image\/","url":"https:\/\/ibcparts.eu\/wp-content\/uploads\/2021\/10\/Footer-Logo.png","contentUrl":"https:\/\/ibcparts.eu\/wp-content\/uploads\/2021\/10\/Footer-Logo.png","width":1992,"height":772,"caption":"IBCparts"},"image":{"@id":"https:\/\/ibcparts.eu\/#\/schema\/logo\/image\/"}}]}},"_links":{"self":[{"href":"https:\/\/ibcparts.eu\/hr\/wp-json\/wp\/v2\/product\/18707","targetHints":{"allow":["GET"]}}],"collection":[{"href":"https:\/\/ibcparts.eu\/hr\/wp-json\/wp\/v2\/product"}],"about":[{"href":"https:\/\/ibcparts.eu\/hr\/wp-json\/wp\/v2\/types\/product"}],"version-history":[{"count":4,"href":"https:\/\/ibcparts.eu\/hr\/wp-json\/wp\/v2\/product\/18707\/revisions"}],"predecessor-version":[{"id":20860,"href":"https:\/\/ibcparts.eu\/hr\/wp-json\/wp\/v2\/product\/18707\/revisions\/20860"}],"wp:featuredmedia":[{"embeddable":true,"href":"https:\/\/ibcparts.eu\/hr\/wp-json\/wp\/v2\/media\/18709"}],"wp:attachment":[{"href":"https:\/\/ibcparts.eu\/hr\/wp-json\/wp\/v2\/media?parent=18707"}],"wp:term":[{"taxonomy":"product_brand","embeddable":true,"href":"https:\/\/ibcparts.eu\/hr\/wp-json\/wp\/v2\/product_brand?post=18707"},{"taxonomy":"product_cat","embeddable":true,"href":"https:\/\/ibcparts.eu\/hr\/wp-json\/wp\/v2\/product_cat?post=18707"},{"taxonomy":"product_tag","embeddable":true,"href":"https:\/\/ibcparts.eu\/hr\/wp-json\/wp\/v2\/product_tag?post=18707"}],"curies":[{"name":"wp","href":"https:\/\/api.w.org\/{rel}","templated":true}]}}