{"id":18610,"date":"2025-12-01T11:54:48","date_gmt":"2025-12-01T10:54:48","guid":{"rendered":"https:\/\/ibcparts.eu\/?post_type=product&#038;p=18610"},"modified":"2025-12-01T12:00:37","modified_gmt":"2025-12-01T11:00:37","slug":"izolacijska-ponjava-start-za-1000l-ibc-cisterno","status":"publish","type":"product","link":"https:\/\/ibcparts.eu\/hr\/proizvod\/izolacijska-ponjava-start-za-1000l-ibc-spremnik\/","title":{"rendered":"Izolacijska ponjava START za 1000L IBC cisterno"},"content":{"rendered":"","protected":false},"excerpt":{"rendered":"<p>Izolacijska ponjava START je zasnovana za izolacijo in ohranjanje temperature IBC cisterne.<\/p>\n<p>Za\u010detna razli\u010dica na\u0161ih ponjav.<\/p>\n<p>&nbsp;<\/p>\n<p>IBC termo prevleka ponuja ve\u010d prednosti:<\/p>\n<ul>\n<li>Termo prevleka iz metalizirane tkanine.<\/li>\n<li>Zmanj\u0161a izmenjavo zraka.<\/li>\n<li>Zmanj\u0161a kratkotrajna nihanja temperature (ekstremna vro\u010dina\/mraz).<\/li>\n<li>Visokokakovostni \u0161ivi (ne lepljeni!)<\/li>\n<li>Pokrov se odpira z velcro trakom.<\/li>\n<li>Odprtina pri ventilu se odpira z velcro trakom.<\/li>\n<li>Celotna sprednja stran se lahko zlo\u017ei navzgor s pomo\u010djo velcro trakov na straneh.<\/li>\n<li>Primerno za \u017eivila: Ne<\/li>\n<li>Idealna je za za\u0161\u010dito vsebine pred kratkotrajnimi temperaturnimi nihanji in temperaturnimi vrhovi.<\/li>\n<li>Optimalna za\u0161\u010dita pred son\u010dnim sevanjem. Blokira neposredno son\u010dno svetlobo ter odbija sevanje in toploto, tako da se IBc cisterne lahko preva\u017eajo in\/ali postavijo na prosto brez po\u0161kodb in pregrevanja zaradi son\u010dnih \u017earkov.<\/li>\n<li><strong>Gre za potro\u0161ni material. Prevleka ni trajno odporna proti UV-\u017earkom in je primerna le za prevoz in kratkotrajno skladi\u0161\u010denje.<\/strong><\/li>\n<li>Izolacijsko ponjavo enostavno namestite tako, da jo potegnete navzdol \u010dez IBC cisterno &#8211; z vrha ima odprtino z velcro trakom, tako da je zgornji pokrov zabojnika IBC zlahka dostopen.<\/li>\n<li>Enostavna monta\u017ea na katero koli standardno 1000-litrsko cisterno.<\/li>\n<li>Dimenzija: 1200 x 1000 x 1150 mm<\/li>\n<\/ul>","protected":false},"featured_media":18611,"template":"","meta":[],"product_brand":[],"product_cat":[317,262],"product_tag":[431],"class_list":{"0":"post-18610","1":"product","2":"type-product","3":"status-publish","4":"has-post-thumbnail","6":"product_cat-grelniki-zascitne-in-termoizolacijske-ponjave-za-sode-in-ibc-cisterne","7":"product_cat-zascitne-ponjave","8":"product_tag-izolacijska-ponjava-start-zasnovana-za-izolacijo-in-ohranjanje-temperature-ibc-cisterne","10":"first","11":"instock","12":"shipping-taxable","13":"purchasable","14":"product-type-simple"},"yoast_head":"<!-- This site is optimized with the Yoast SEO plugin v27.1.1 - https:\/\/yoast.com\/product\/yoast-seo-wordpress\/ -->\n<title>Izolacijska ponjava START za 1000L IBC cisterno | IBCparts.eu<\/title>\n<meta name=\"description\" content=\"Izolacijska ponjava START zasnovana za izolacijo in ohranjanje temperature IBC cisterne.\" \/>\n<meta name=\"robots\" content=\"index, follow, max-snippet:-1, max-image-preview:large, max-video-preview:-1\" \/>\n<link rel=\"canonical\" href=\"https:\/\/ibcparts.eu\/hr\/proizvod\/izolacijska-ponjava-start-za-1000l-ibc-spremnik\/\" \/>\n<meta property=\"og:locale\" content=\"hr_HR\" \/>\n<meta property=\"og:type\" content=\"article\" \/>\n<meta property=\"og:title\" content=\"Izolacijska ponjava START za 1000L IBC cisterno | IBCparts.eu\" \/>\n<meta property=\"og:description\" content=\"Izolacijska ponjava START zasnovana za izolacijo in ohranjanje temperature IBC cisterne.\" \/>\n<meta property=\"og:url\" content=\"https:\/\/ibcparts.eu\/hr\/proizvod\/izolacijska-ponjava-start-za-1000l-ibc-spremnik\/\" \/>\n<meta property=\"og:site_name\" content=\"IBCparts.eu\" \/>\n<meta property=\"article:modified_time\" content=\"2025-12-01T11:00:37+00:00\" \/>\n<meta property=\"og:image\" content=\"https:\/\/ibcparts.eu\/wp-content\/uploads\/2025\/12\/Izolacijska-ponjava-START-za-izolacijo-in-ohranjanje-temperature-IBC-cisterne-2.webp\" \/>\n\t<meta property=\"og:image:width\" content=\"800\" \/>\n\t<meta property=\"og:image:height\" content=\"800\" \/>\n\t<meta property=\"og:image:type\" content=\"image\/webp\" \/>\n<meta name=\"twitter:card\" content=\"summary_large_image\" \/>\n<script type=\"application\/ld+json\" class=\"yoast-schema-graph\">{\"@context\":\"https:\/\/schema.org\",\"@graph\":[{\"@type\":\"WebPage\",\"@id\":\"https:\/\/ibcparts.eu\/izdelek\/izolacijska-ponjava-start-za-1000l-ibc-cisterno\/\",\"url\":\"https:\/\/ibcparts.eu\/izdelek\/izolacijska-ponjava-start-za-1000l-ibc-cisterno\/\",\"name\":\"Izolacijska ponjava START za 1000L IBC cisterno | IBCparts.eu\",\"isPartOf\":{\"@id\":\"https:\/\/ibcparts.eu\/#website\"},\"primaryImageOfPage\":{\"@id\":\"https:\/\/ibcparts.eu\/izdelek\/izolacijska-ponjava-start-za-1000l-ibc-cisterno\/#primaryimage\"},\"image\":{\"@id\":\"https:\/\/ibcparts.eu\/izdelek\/izolacijska-ponjava-start-za-1000l-ibc-cisterno\/#primaryimage\"},\"thumbnailUrl\":\"https:\/\/ibcparts.eu\/wp-content\/uploads\/2025\/12\/Izolacijska-ponjava-START-za-izolacijo-in-ohranjanje-temperature-IBC-cisterne-2.webp\",\"datePublished\":\"2025-12-01T10:54:48+00:00\",\"dateModified\":\"2025-12-01T11:00:37+00:00\",\"description\":\"Izolacijska ponjava START zasnovana za izolacijo in ohranjanje temperature IBC cisterne.\",\"breadcrumb\":{\"@id\":\"https:\/\/ibcparts.eu\/izdelek\/izolacijska-ponjava-start-za-1000l-ibc-cisterno\/#breadcrumb\"},\"inLanguage\":\"hr\",\"potentialAction\":[{\"@type\":\"ReadAction\",\"target\":[\"https:\/\/ibcparts.eu\/izdelek\/izolacijska-ponjava-start-za-1000l-ibc-cisterno\/\"]}]},{\"@type\":\"ImageObject\",\"inLanguage\":\"hr\",\"@id\":\"https:\/\/ibcparts.eu\/izdelek\/izolacijska-ponjava-start-za-1000l-ibc-cisterno\/#primaryimage\",\"url\":\"https:\/\/ibcparts.eu\/wp-content\/uploads\/2025\/12\/Izolacijska-ponjava-START-za-izolacijo-in-ohranjanje-temperature-IBC-cisterne-2.webp\",\"contentUrl\":\"https:\/\/ibcparts.eu\/wp-content\/uploads\/2025\/12\/Izolacijska-ponjava-START-za-izolacijo-in-ohranjanje-temperature-IBC-cisterne-2.webp\",\"width\":800,\"height\":800,\"caption\":\"Izolacijska ponjava START zasnovana za izolacijo in ohranjanje temperature IBC cisterne.\"},{\"@type\":\"BreadcrumbList\",\"@id\":\"https:\/\/ibcparts.eu\/izdelek\/izolacijska-ponjava-start-za-1000l-ibc-cisterno\/#breadcrumb\",\"itemListElement\":[{\"@type\":\"ListItem\",\"position\":1,\"name\":\"Home\",\"item\":\"https:\/\/ibcparts.eu\/\"},{\"@type\":\"ListItem\",\"position\":2,\"name\":\"Nakupujte\",\"item\":\"https:\/\/ibcparts.eu\/nakupujte\/\"},{\"@type\":\"ListItem\",\"position\":3,\"name\":\"Izolacijska ponjava START za 1000L IBC cisterno\"}]},{\"@type\":\"WebSite\",\"@id\":\"https:\/\/ibcparts.eu\/#website\",\"url\":\"https:\/\/ibcparts.eu\/\",\"name\":\"IBCparts.eu\",\"description\":\"\",\"publisher\":{\"@id\":\"https:\/\/ibcparts.eu\/#organization\"},\"potentialAction\":[{\"@type\":\"SearchAction\",\"target\":{\"@type\":\"EntryPoint\",\"urlTemplate\":\"https:\/\/ibcparts.eu\/?s={search_term_string}\"},\"query-input\":{\"@type\":\"PropertyValueSpecification\",\"valueRequired\":true,\"valueName\":\"search_term_string\"}}],\"inLanguage\":\"hr\"},{\"@type\":\"Organization\",\"@id\":\"https:\/\/ibcparts.eu\/#organization\",\"name\":\"IBCparts\",\"url\":\"https:\/\/ibcparts.eu\/\",\"logo\":{\"@type\":\"ImageObject\",\"inLanguage\":\"hr\",\"@id\":\"https:\/\/ibcparts.eu\/#\/schema\/logo\/image\/\",\"url\":\"https:\/\/ibcparts.eu\/wp-content\/uploads\/2021\/10\/Footer-Logo.png\",\"contentUrl\":\"https:\/\/ibcparts.eu\/wp-content\/uploads\/2021\/10\/Footer-Logo.png\",\"width\":1992,\"height\":772,\"caption\":\"IBCparts\"},\"image\":{\"@id\":\"https:\/\/ibcparts.eu\/#\/schema\/logo\/image\/\"}}]}<\/script>\n<!-- \/ Yoast SEO plugin. -->","yoast_head_json":{"title":"Izolacijska ponjava START za 1000L IBC cisterno | IBCparts.eu","description":"Izolacijska ponjava START zasnovana za izolacijo in ohranjanje temperature IBC cisterne.","robots":{"index":"index","follow":"follow","max-snippet":"max-snippet:-1","max-image-preview":"max-image-preview:large","max-video-preview":"max-video-preview:-1"},"canonical":"https:\/\/ibcparts.eu\/hr\/proizvod\/izolacijska-ponjava-start-za-1000l-ibc-spremnik\/","og_locale":"hr_HR","og_type":"article","og_title":"Izolacijska ponjava START za 1000L IBC cisterno | IBCparts.eu","og_description":"Izolacijska ponjava START zasnovana za izolacijo in ohranjanje temperature IBC cisterne.","og_url":"https:\/\/ibcparts.eu\/hr\/proizvod\/izolacijska-ponjava-start-za-1000l-ibc-spremnik\/","og_site_name":"IBCparts.eu","article_modified_time":"2025-12-01T11:00:37+00:00","og_image":[{"width":800,"height":800,"url":"https:\/\/ibcparts.eu\/wp-content\/uploads\/2025\/12\/Izolacijska-ponjava-START-za-izolacijo-in-ohranjanje-temperature-IBC-cisterne-2.webp","type":"image\/webp"}],"twitter_card":"summary_large_image","schema":{"@context":"https:\/\/schema.org","@graph":[{"@type":"WebPage","@id":"https:\/\/ibcparts.eu\/izdelek\/izolacijska-ponjava-start-za-1000l-ibc-cisterno\/","url":"https:\/\/ibcparts.eu\/izdelek\/izolacijska-ponjava-start-za-1000l-ibc-cisterno\/","name":"Izolacijska ponjava START za 1000L IBC cisterno | IBCparts.eu","isPartOf":{"@id":"https:\/\/ibcparts.eu\/#website"},"primaryImageOfPage":{"@id":"https:\/\/ibcparts.eu\/izdelek\/izolacijska-ponjava-start-za-1000l-ibc-cisterno\/#primaryimage"},"image":{"@id":"https:\/\/ibcparts.eu\/izdelek\/izolacijska-ponjava-start-za-1000l-ibc-cisterno\/#primaryimage"},"thumbnailUrl":"https:\/\/ibcparts.eu\/wp-content\/uploads\/2025\/12\/Izolacijska-ponjava-START-za-izolacijo-in-ohranjanje-temperature-IBC-cisterne-2.webp","datePublished":"2025-12-01T10:54:48+00:00","dateModified":"2025-12-01T11:00:37+00:00","description":"Izolacijska ponjava START zasnovana za izolacijo in ohranjanje temperature IBC cisterne.","breadcrumb":{"@id":"https:\/\/ibcparts.eu\/izdelek\/izolacijska-ponjava-start-za-1000l-ibc-cisterno\/#breadcrumb"},"inLanguage":"hr","potentialAction":[{"@type":"ReadAction","target":["https:\/\/ibcparts.eu\/izdelek\/izolacijska-ponjava-start-za-1000l-ibc-cisterno\/"]}]},{"@type":"ImageObject","inLanguage":"hr","@id":"https:\/\/ibcparts.eu\/izdelek\/izolacijska-ponjava-start-za-1000l-ibc-cisterno\/#primaryimage","url":"https:\/\/ibcparts.eu\/wp-content\/uploads\/2025\/12\/Izolacijska-ponjava-START-za-izolacijo-in-ohranjanje-temperature-IBC-cisterne-2.webp","contentUrl":"https:\/\/ibcparts.eu\/wp-content\/uploads\/2025\/12\/Izolacijska-ponjava-START-za-izolacijo-in-ohranjanje-temperature-IBC-cisterne-2.webp","width":800,"height":800,"caption":"Izolacijska ponjava START zasnovana za izolacijo in ohranjanje temperature IBC cisterne."},{"@type":"BreadcrumbList","@id":"https:\/\/ibcparts.eu\/izdelek\/izolacijska-ponjava-start-za-1000l-ibc-cisterno\/#breadcrumb","itemListElement":[{"@type":"ListItem","position":1,"name":"Home","item":"https:\/\/ibcparts.eu\/"},{"@type":"ListItem","position":2,"name":"Nakupujte","item":"https:\/\/ibcparts.eu\/nakupujte\/"},{"@type":"ListItem","position":3,"name":"Izolacijska ponjava START za 1000L IBC cisterno"}]},{"@type":"WebSite","@id":"https:\/\/ibcparts.eu\/#website","url":"https:\/\/ibcparts.eu\/","name":"IBCparts.eu","description":"","publisher":{"@id":"https:\/\/ibcparts.eu\/#organization"},"potentialAction":[{"@type":"SearchAction","target":{"@type":"EntryPoint","urlTemplate":"https:\/\/ibcparts.eu\/?s={search_term_string}"},"query-input":{"@type":"PropertyValueSpecification","valueRequired":true,"valueName":"search_term_string"}}],"inLanguage":"hr"},{"@type":"Organization","@id":"https:\/\/ibcparts.eu\/#organization","name":"Dijelovi IBC-a","url":"https:\/\/ibcparts.eu\/","logo":{"@type":"ImageObject","inLanguage":"hr","@id":"https:\/\/ibcparts.eu\/#\/schema\/logo\/image\/","url":"https:\/\/ibcparts.eu\/wp-content\/uploads\/2021\/10\/Footer-Logo.png","contentUrl":"https:\/\/ibcparts.eu\/wp-content\/uploads\/2021\/10\/Footer-Logo.png","width":1992,"height":772,"caption":"IBCparts"},"image":{"@id":"https:\/\/ibcparts.eu\/#\/schema\/logo\/image\/"}}]}},"_links":{"self":[{"href":"https:\/\/ibcparts.eu\/hr\/wp-json\/wp\/v2\/product\/18610","targetHints":{"allow":["GET"]}}],"collection":[{"href":"https:\/\/ibcparts.eu\/hr\/wp-json\/wp\/v2\/product"}],"about":[{"href":"https:\/\/ibcparts.eu\/hr\/wp-json\/wp\/v2\/types\/product"}],"version-history":[{"count":0,"href":"https:\/\/ibcparts.eu\/hr\/wp-json\/wp\/v2\/product\/18610\/revisions"}],"wp:featuredmedia":[{"embeddable":true,"href":"https:\/\/ibcparts.eu\/hr\/wp-json\/wp\/v2\/media\/18611"}],"wp:attachment":[{"href":"https:\/\/ibcparts.eu\/hr\/wp-json\/wp\/v2\/media?parent=18610"}],"wp:term":[{"taxonomy":"product_brand","embeddable":true,"href":"https:\/\/ibcparts.eu\/hr\/wp-json\/wp\/v2\/product_brand?post=18610"},{"taxonomy":"product_cat","embeddable":true,"href":"https:\/\/ibcparts.eu\/hr\/wp-json\/wp\/v2\/product_cat?post=18610"},{"taxonomy":"product_tag","embeddable":true,"href":"https:\/\/ibcparts.eu\/hr\/wp-json\/wp\/v2\/product_tag?post=18610"}],"curies":[{"name":"wp","href":"https:\/\/api.w.org\/{rel}","templated":true}]}}