{"id":18449,"date":"2025-11-27T11:31:07","date_gmt":"2025-11-27T10:31:07","guid":{"rendered":"https:\/\/ibcparts.eu\/?post_type=product&#038;p=18449"},"modified":"2026-01-13T14:09:54","modified_gmt":"2026-01-13T13:09:54","slug":"izliv-koleno-l90","status":"publish","type":"product","link":"https:\/\/ibcparts.eu\/hr\/proizvod\/izljevno-koljeno-l90\/","title":{"rendered":"Izljev \u2013 L90 koljeno s \u010depom za IBC cisternu (24 cm)"},"content":{"rendered":"<p><span style=\"font-size: large;\">Sna\u017ean i dug adapter, koljeno, izljev za cisterne s ventilom promjera 55\u201362 mm, grubi navoj S60x6 (DN50).\u00a0<\/span><\/p>\n<p>Zbog svoje duljine i promjera izuzetno je prakti\u010dan za pretakanje teku\u0107ina iz IBC cisterne u manje posude.<\/p>\n<ul>\n<li class=\" translation-block\">Na kraju ima <strong>\u010dep<\/strong>.<\/li>\n<li class=\" translation-block\"><strong>Materijal:<\/strong> plastika (PP) \u2013 poznata po svojoj \u010dvrsto\u0107i, maloj te\u017eini te otpornosti na kemikalije i toplinu.<\/li>\n<li class=\" translation-block\"><strong>Boja:<\/strong> crvena<\/li>\n<li class=\" translation-block\"><strong>Brtva:<\/strong> pjena (PE) \u2013 vrlo dobro brtvi \u010dak i kod manjih nepravilnosti na ventilu. Ako je ventil o\u0161te\u0107en i ima o\u0161tre rubove, mo\u017ee do\u0107i i do o\u0161te\u0107enja ove brtve.<\/li>\n<li class=\" translation-block\"><strong>Kut izlaza<\/strong>: 90\u00b0<\/li>\n<li><strong>Duljina: 24 cm<\/strong><\/li>\n<li class=\" translation-block\"><strong>Promjer cijevi:<\/strong> 40 mm<\/li>\n<\/ul>\n<p>&nbsp;<\/p>\n<p>&nbsp;<\/p>","protected":false},"excerpt":{"rendered":"<h2 data-start=\"159\" data-end=\"227\">Izljev (koljeno) L90 s \u010depom za IBC cisternu s navojem S60x6<\/h2>\n<p data-start=\"229\" data-end=\"688\" class=\" translation-block\">Izliv L90 s \u010depom je sna\u017eno i dugo koljeno namijenjeno IBC cisternama s ventilom promjera 55\u201362 mm i grubim navojem S60x6 (DN50). Koristi se kao <strong>adapter odnosno priklju\u010dak za IBC cisternu<\/strong> za usmjeravanje izlijevanja teku\u0107ine pod kutom od 90\u00b0, pri \u010demu \u010dep na kraju omogu\u0107uje zatvaranje ili kontrolirano ispu\u0161tanje. Izra\u0111en je od PP materijala i ima brtvu od PE pjene na unutarnjoj strani, koja osigurava <strong>pouzdano brtvljenje \u010dak i kod manjih nepravilnosti na ventilu<\/strong>.<\/p>\n<p data-start=\"690\" data-end=\"711\">Tehni\u010dke karakteristike<\/p>\n<ul>\n<li data-start=\"714\" data-end=\"782\">Vrsta proizvoda: izljev \/ koljeno (adapter \/ priklju\u010dak za IBC cisternu)<\/li>\n<li data-start=\"785\" data-end=\"836\">Vrsta navoja na cisterni: S60x6 (DN50), grubi navoj<\/li>\n<li><strong>Sna\u017ean i dug.<\/strong><\/li>\n<li class=\" translation-block\">Na kraju ima <strong>\u010dep<\/strong>.<\/li>\n<li class=\" translation-block\"><strong>Materijal:<\/strong> plastika (PP)<\/li>\n<li class=\" translation-block\"><strong>Boja:<\/strong> crvena<\/li>\n<li class=\" translation-block\"><strong>Brtva:<\/strong> pjena (PE)<\/li>\n<li class=\" translation-block\"><strong>Kut izlaza<\/strong>: 90\u00b0<\/li>\n<li><strong>Duljina: 24 cm<\/strong><\/li>\n<li class=\" translation-block\"><strong>Promjer cijevi:<\/strong> 40 mm<\/li>\n<\/ul>\n<p><strong>Vi\u0161e komada, ve\u0107i popust \u2013 koli\u010dine razli\u010ditih artikala i varijanti se zbrajaju!<\/strong><\/p>","protected":false},"featured_media":18451,"template":"","meta":[],"product_brand":[],"product_cat":[170,298],"product_tag":[390],"class_list":{"0":"post-18449","1":"product","2":"type-product","3":"status-publish","4":"has-post-thumbnail","6":"product_cat-reducirji-in-prikljucki-za-ibc","7":"product_cat-prikljucki-za-cisterno-z-navojem-s60x6","8":"product_tag-koleno-l90-za-ibc-cisterno","10":"first","11":"instock","12":"shipping-taxable","13":"purchasable","14":"product-type-simple"},"yoast_head":"<!-- This site is optimized with the Yoast SEO plugin v27.1.1 - https:\/\/yoast.com\/product\/yoast-seo-wordpress\/ -->\n<title>Izliv \u2013 koleno L90 s \u010depom za IBC cisterno (24 cm) | IBCparts.eu<\/title>\n<meta name=\"description\" content=\"\u200bKvaliteten adapter, koleno, izliv L90 za cisterne z ventilom fi 55-62mm, grobi navoj S60x6 (DN50).\" \/>\n<meta name=\"robots\" content=\"index, follow, max-snippet:-1, max-image-preview:large, max-video-preview:-1\" \/>\n<link rel=\"canonical\" href=\"https:\/\/ibcparts.eu\/hr\/proizvod\/izljevno-koljeno-l90\/\" \/>\n<meta property=\"og:locale\" content=\"hr_HR\" \/>\n<meta property=\"og:type\" content=\"article\" \/>\n<meta property=\"og:title\" content=\"Izliv \u2013 koleno L90 s \u010depom za IBC cisterno (24 cm) | IBCparts.eu\" \/>\n<meta property=\"og:description\" content=\"\u200bKvaliteten adapter, koleno, izliv L90 za cisterne z ventilom fi 55-62mm, grobi navoj S60x6 (DN50).\" \/>\n<meta property=\"og:url\" content=\"https:\/\/ibcparts.eu\/hr\/proizvod\/izljevno-koljeno-l90\/\" \/>\n<meta property=\"og:site_name\" content=\"IBCparts.eu\" \/>\n<meta property=\"article:modified_time\" content=\"2026-01-13T13:09:54+00:00\" \/>\n<meta property=\"og:image\" content=\"https:\/\/ibcparts.eu\/wp-content\/uploads\/2025\/11\/Izliv-koleno-L90-za-IBC-cisterno-2.png\" \/>\n\t<meta property=\"og:image:width\" content=\"500\" \/>\n\t<meta property=\"og:image:height\" content=\"500\" \/>\n\t<meta property=\"og:image:type\" content=\"image\/png\" \/>\n<meta name=\"twitter:card\" content=\"summary_large_image\" \/>\n<script type=\"application\/ld+json\" class=\"yoast-schema-graph\">{\"@context\":\"https:\/\/schema.org\",\"@graph\":[{\"@type\":\"WebPage\",\"@id\":\"https:\/\/ibcparts.eu\/izdelek\/izliv-koleno-l90\/\",\"url\":\"https:\/\/ibcparts.eu\/izdelek\/izliv-koleno-l90\/\",\"name\":\"Izliv \u2013 koleno L90 s \u010depom za IBC cisterno (24 cm) | IBCparts.eu\",\"isPartOf\":{\"@id\":\"https:\/\/ibcparts.eu\/#website\"},\"primaryImageOfPage\":{\"@id\":\"https:\/\/ibcparts.eu\/izdelek\/izliv-koleno-l90\/#primaryimage\"},\"image\":{\"@id\":\"https:\/\/ibcparts.eu\/izdelek\/izliv-koleno-l90\/#primaryimage\"},\"thumbnailUrl\":\"https:\/\/ibcparts.eu\/wp-content\/uploads\/2025\/11\/Izliv-koleno-L90-za-IBC-cisterno-2.png\",\"datePublished\":\"2025-11-27T10:31:07+00:00\",\"dateModified\":\"2026-01-13T13:09:54+00:00\",\"description\":\"\u200bKvaliteten adapter, koleno, izliv L90 za cisterne z ventilom fi 55-62mm, grobi navoj S60x6 (DN50).\",\"breadcrumb\":{\"@id\":\"https:\/\/ibcparts.eu\/izdelek\/izliv-koleno-l90\/#breadcrumb\"},\"inLanguage\":\"hr\",\"potentialAction\":[{\"@type\":\"ReadAction\",\"target\":[\"https:\/\/ibcparts.eu\/izdelek\/izliv-koleno-l90\/\"]}]},{\"@type\":\"ImageObject\",\"inLanguage\":\"hr\",\"@id\":\"https:\/\/ibcparts.eu\/izdelek\/izliv-koleno-l90\/#primaryimage\",\"url\":\"https:\/\/ibcparts.eu\/wp-content\/uploads\/2025\/11\/Izliv-koleno-L90-za-IBC-cisterno-2.png\",\"contentUrl\":\"https:\/\/ibcparts.eu\/wp-content\/uploads\/2025\/11\/Izliv-koleno-L90-za-IBC-cisterno-2.png\",\"width\":500,\"height\":500,\"caption\":\"Izliv, koleno L90 za IBC cisterno\"},{\"@type\":\"BreadcrumbList\",\"@id\":\"https:\/\/ibcparts.eu\/izdelek\/izliv-koleno-l90\/#breadcrumb\",\"itemListElement\":[{\"@type\":\"ListItem\",\"position\":1,\"name\":\"Home\",\"item\":\"https:\/\/ibcparts.eu\/\"},{\"@type\":\"ListItem\",\"position\":2,\"name\":\"Nakupujte\",\"item\":\"https:\/\/ibcparts.eu\/nakupujte\/\"},{\"@type\":\"ListItem\",\"position\":3,\"name\":\"Izliv \u2013 koleno L90 s \u010depom za IBC cisterno (24 cm)\"}]},{\"@type\":\"WebSite\",\"@id\":\"https:\/\/ibcparts.eu\/#website\",\"url\":\"https:\/\/ibcparts.eu\/\",\"name\":\"IBCparts.eu\",\"description\":\"\",\"publisher\":{\"@id\":\"https:\/\/ibcparts.eu\/#organization\"},\"potentialAction\":[{\"@type\":\"SearchAction\",\"target\":{\"@type\":\"EntryPoint\",\"urlTemplate\":\"https:\/\/ibcparts.eu\/?s={search_term_string}\"},\"query-input\":{\"@type\":\"PropertyValueSpecification\",\"valueRequired\":true,\"valueName\":\"search_term_string\"}}],\"inLanguage\":\"hr\"},{\"@type\":\"Organization\",\"@id\":\"https:\/\/ibcparts.eu\/#organization\",\"name\":\"IBCparts\",\"url\":\"https:\/\/ibcparts.eu\/\",\"logo\":{\"@type\":\"ImageObject\",\"inLanguage\":\"hr\",\"@id\":\"https:\/\/ibcparts.eu\/#\/schema\/logo\/image\/\",\"url\":\"https:\/\/ibcparts.eu\/wp-content\/uploads\/2021\/10\/Footer-Logo.png\",\"contentUrl\":\"https:\/\/ibcparts.eu\/wp-content\/uploads\/2021\/10\/Footer-Logo.png\",\"width\":1992,\"height\":772,\"caption\":\"IBCparts\"},\"image\":{\"@id\":\"https:\/\/ibcparts.eu\/#\/schema\/logo\/image\/\"}}]}<\/script>\n<!-- \/ Yoast SEO plugin. -->","yoast_head_json":{"title":"Izliv \u2013 koleno L90 s \u010depom za IBC cisterno (24 cm) | IBCparts.eu","description":"\u200bKvaliteten adapter, koleno, izliv L90 za cisterne z ventilom fi 55-62mm, grobi navoj S60x6 (DN50).","robots":{"index":"index","follow":"follow","max-snippet":"max-snippet:-1","max-image-preview":"max-image-preview:large","max-video-preview":"max-video-preview:-1"},"canonical":"https:\/\/ibcparts.eu\/hr\/proizvod\/izljevno-koljeno-l90\/","og_locale":"hr_HR","og_type":"article","og_title":"Izliv \u2013 koleno L90 s \u010depom za IBC cisterno (24 cm) | IBCparts.eu","og_description":"\u200bKvaliteten adapter, koleno, izliv L90 za cisterne z ventilom fi 55-62mm, grobi navoj S60x6 (DN50).","og_url":"https:\/\/ibcparts.eu\/hr\/proizvod\/izljevno-koljeno-l90\/","og_site_name":"IBCparts.eu","article_modified_time":"2026-01-13T13:09:54+00:00","og_image":[{"width":500,"height":500,"url":"https:\/\/ibcparts.eu\/wp-content\/uploads\/2025\/11\/Izliv-koleno-L90-za-IBC-cisterno-2.png","type":"image\/png"}],"twitter_card":"summary_large_image","schema":{"@context":"https:\/\/schema.org","@graph":[{"@type":"WebPage","@id":"https:\/\/ibcparts.eu\/izdelek\/izliv-koleno-l90\/","url":"https:\/\/ibcparts.eu\/izdelek\/izliv-koleno-l90\/","name":"Izliv \u2013 koleno L90 s \u010depom za IBC cisterno (24 cm) | IBCparts.eu","isPartOf":{"@id":"https:\/\/ibcparts.eu\/#website"},"primaryImageOfPage":{"@id":"https:\/\/ibcparts.eu\/izdelek\/izliv-koleno-l90\/#primaryimage"},"image":{"@id":"https:\/\/ibcparts.eu\/izdelek\/izliv-koleno-l90\/#primaryimage"},"thumbnailUrl":"https:\/\/ibcparts.eu\/wp-content\/uploads\/2025\/11\/Izliv-koleno-L90-za-IBC-cisterno-2.png","datePublished":"2025-11-27T10:31:07+00:00","dateModified":"2026-01-13T13:09:54+00:00","description":"\u200bKvaliteten adapter, koleno, izliv L90 za cisterne z ventilom fi 55-62mm, grobi navoj S60x6 (DN50).","breadcrumb":{"@id":"https:\/\/ibcparts.eu\/izdelek\/izliv-koleno-l90\/#breadcrumb"},"inLanguage":"hr","potentialAction":[{"@type":"ReadAction","target":["https:\/\/ibcparts.eu\/izdelek\/izliv-koleno-l90\/"]}]},{"@type":"ImageObject","inLanguage":"hr","@id":"https:\/\/ibcparts.eu\/izdelek\/izliv-koleno-l90\/#primaryimage","url":"https:\/\/ibcparts.eu\/wp-content\/uploads\/2025\/11\/Izliv-koleno-L90-za-IBC-cisterno-2.png","contentUrl":"https:\/\/ibcparts.eu\/wp-content\/uploads\/2025\/11\/Izliv-koleno-L90-za-IBC-cisterno-2.png","width":500,"height":500,"caption":"Izliv, koleno L90 za IBC cisterno"},{"@type":"BreadcrumbList","@id":"https:\/\/ibcparts.eu\/izdelek\/izliv-koleno-l90\/#breadcrumb","itemListElement":[{"@type":"ListItem","position":1,"name":"Home","item":"https:\/\/ibcparts.eu\/"},{"@type":"ListItem","position":2,"name":"Nakupujte","item":"https:\/\/ibcparts.eu\/nakupujte\/"},{"@type":"ListItem","position":3,"name":"Izliv \u2013 koleno L90 s \u010depom za IBC cisterno (24 cm)"}]},{"@type":"WebSite","@id":"https:\/\/ibcparts.eu\/#website","url":"https:\/\/ibcparts.eu\/","name":"IBCparts.eu","description":"","publisher":{"@id":"https:\/\/ibcparts.eu\/#organization"},"potentialAction":[{"@type":"SearchAction","target":{"@type":"EntryPoint","urlTemplate":"https:\/\/ibcparts.eu\/?s={search_term_string}"},"query-input":{"@type":"PropertyValueSpecification","valueRequired":true,"valueName":"search_term_string"}}],"inLanguage":"hr"},{"@type":"Organization","@id":"https:\/\/ibcparts.eu\/#organization","name":"Dijelovi IBC-a","url":"https:\/\/ibcparts.eu\/","logo":{"@type":"ImageObject","inLanguage":"hr","@id":"https:\/\/ibcparts.eu\/#\/schema\/logo\/image\/","url":"https:\/\/ibcparts.eu\/wp-content\/uploads\/2021\/10\/Footer-Logo.png","contentUrl":"https:\/\/ibcparts.eu\/wp-content\/uploads\/2021\/10\/Footer-Logo.png","width":1992,"height":772,"caption":"IBCparts"},"image":{"@id":"https:\/\/ibcparts.eu\/#\/schema\/logo\/image\/"}}]}},"_links":{"self":[{"href":"https:\/\/ibcparts.eu\/hr\/wp-json\/wp\/v2\/product\/18449","targetHints":{"allow":["GET"]}}],"collection":[{"href":"https:\/\/ibcparts.eu\/hr\/wp-json\/wp\/v2\/product"}],"about":[{"href":"https:\/\/ibcparts.eu\/hr\/wp-json\/wp\/v2\/types\/product"}],"version-history":[{"count":3,"href":"https:\/\/ibcparts.eu\/hr\/wp-json\/wp\/v2\/product\/18449\/revisions"}],"predecessor-version":[{"id":20190,"href":"https:\/\/ibcparts.eu\/hr\/wp-json\/wp\/v2\/product\/18449\/revisions\/20190"}],"wp:featuredmedia":[{"embeddable":true,"href":"https:\/\/ibcparts.eu\/hr\/wp-json\/wp\/v2\/media\/18451"}],"wp:attachment":[{"href":"https:\/\/ibcparts.eu\/hr\/wp-json\/wp\/v2\/media?parent=18449"}],"wp:term":[{"taxonomy":"product_brand","embeddable":true,"href":"https:\/\/ibcparts.eu\/hr\/wp-json\/wp\/v2\/product_brand?post=18449"},{"taxonomy":"product_cat","embeddable":true,"href":"https:\/\/ibcparts.eu\/hr\/wp-json\/wp\/v2\/product_cat?post=18449"},{"taxonomy":"product_tag","embeddable":true,"href":"https:\/\/ibcparts.eu\/hr\/wp-json\/wp\/v2\/product_tag?post=18449"}],"curies":[{"name":"wp","href":"https:\/\/api.w.org\/{rel}","templated":true}]}}