{"id":18186,"date":"2025-11-22T10:07:58","date_gmt":"2025-11-22T09:07:58","guid":{"rendered":"https:\/\/ibcparts.eu\/?post_type=product&#038;p=18186"},"modified":"2026-01-14T09:27:35","modified_gmt":"2026-01-14T08:27:35","slug":"sistem-3simple","status":"publish","type":"product","link":"https:\/\/ibcparts.eu\/hr\/proizvod\/sistem-3simple\/","title":{"rendered":"3+ SIMPLE (pove\u017eite 3 ili vi\u0161e IBC spremnika vodoravno)"},"content":{"rendered":"<p><iframe title=\"How to connect two IBC containers using DUO system.\" width=\"500\" height=\"281\" src=\"https:\/\/www.youtube.com\/embed\/ZKfg1PYo-qQ?feature=oembed\" frameborder=\"0\" allow=\"accelerometer; autoplay; clipboard-write; encrypted-media; gyroscope; picture-in-picture; web-share\" referrerpolicy=\"strict-origin-when-cross-origin\" allowfullscreen><\/iframe><\/p>\n<p class=\" translation-block\">Informacije o proizvodu:<br>\nSustav za povezivanje tri IBC spremnika \u2013 sada jo\u0161 ja\u010di i povoljniji!<\/p>\n<p><strong><span style=\"font-size: medium;\">Sada s EPDM gumenim brtvama GRATIS!<\/span><\/strong><\/p>\n<p>Paket vsebuje:<br \/>\n3x AVA redukcija za spremnike s ventilom \u00d8 55\u201362 mm, grubi navoj S60x6 (DN50), 1x T-spoj F, 1x koljeno F, 1x PP T-spoj, 1x priklju\u010dak M, 2x alkaten cijev*, slavina, redukcija.<\/p>\n<p>*Alkaten cevi so rahlo ukrivljene, ker so shranjene na kolutih. Uporabljamo MEHKE alkaten cevi, ki so bolj pro\u017ene in veliko enostavnej\u0161e za uporabo &#8211; pri monta\u017ei jih poravnate in ostanejo v tem polo\u017eaju.<\/p>\n<p>Priklju\u010dci za alkaten cijev su zelene boje, kao na slici.<\/p>\n<p>Razmak izme\u0111u spremnika nakon monta\u017ee sustava 3+ KLASIK iznosi od 2 do 6 cm \u2013 po potrebi mo\u017eete sami skratiti cijev Olfa no\u017eem.<\/p>\n<p>Izvrsno brtvljenje i visoka izdr\u017eljivost!<\/p>\n<p>Sustav je dostupan u veli\u010dini 1\u2033 (32 mm).<\/p>\n<p>&nbsp;<\/p>\n<p><strong>*Ve\u010d informacij o pipah in ventilih lahko najdete\u00a0<a href=\"https:\/\/ibcparts.eu\/kategorije\/pipe-ventili-in-medeninasti-prikljucki\/\">tukaj<\/a>.<\/strong><\/p>\n<p style=\"margin-bottom: var(--wd-tags-margin-bottom); font-style: normal; font-variant-ligatures: normal; font-variant-caps: normal; font-family: Lato, Arial, Helvetica, sans-serif; font-size: 14px;\"><b>Napotek:<br \/>\n<\/b>\u010ce boste vodo speljali v eno cisterno, mora imeti druga cisterna omogo\u010deno odzra\u010devanje, da se voda nemoteno pretaka preko ventilov.<\/p>\n<p><strong>To mo\u017eete u\u010diniti na vi\u0161e na\u010dina:<\/strong><\/p>\n<p class=\" translation-block\"><strong style=\"color: #666666;font-family: 'Libre Franklin';font-size: 16px;font-style: normal\">1. <\/strong>Ako vam ne smeta da voda izlazi kroz otvor poklopca druge cisterne kada se napuni do vrha, mo\u017eete samo lagano odvrnuti poklopac \u2013 tek toliko da zrak mo\u017ee prolaziti. Kada se obje cisterne potpuno napune, vi\u0161ak vode (preljev) istjecat \u0107e ovdje.<br style=\"color: #666666;font-family: 'Libre Franklin';font-size: 16px\"><strong style=\"color: #666666;font-family: 'Libre Franklin';font-size: 16px;font-style: normal\">2. <\/strong>Sli\u010dno djeluje <a href=\"https:\/\/ibcparts.eu\/izdelek\/pokrov-z-oddusnikom\/\" target=\"_self\"><span style=\"color: #666666;font-family: Libre Franklin\">poklopac s odu\u0161nikom<\/span><\/a> \u2013 zrak prolazi, ali i voda izlazi kada se cisterne napune do vrha.<br style=\"color: #666666;font-family: 'Libre Franklin';font-size: 16px\"><strong style=\"color: #666666;font-family: 'Libre Franklin';font-size: 16px;font-style: normal\">3.<\/strong> Mo\u017eete koristiti <a style=\"color: #666666;font-family: 'Libre Franklin';font-size: 16px;font-style: normal;font-weight: 300\" href=\"https:\/\/ibcparts.eu\/izdelek\/pokrov-pipelink\/\" target=\"_self\">PipeLink poklopac<\/a> (kao \u0161to je prikazano u animaciji) ili <a href=\"https:\/\/ibcparts.eu\/izdelek\/pokrov-autovent\/\" target=\"_self\"><i>AutoVent<\/i><\/a> poklopac \u2013 <b>preporu\u010dujemo.<\/b><br style=\"color: #666666;font-family: 'Libre Franklin';font-size: 16px\"><strong style=\"color: #666666;font-family: 'Libre Franklin';font-size: 16px;font-style: normal\">4.<\/strong> Koristite poklopac s izlazom i na njega pri\u010dvrstite odgovaraju\u0107i nastavak (npr. T-spoj za PE cijev, vrtno crijevo, fleksibilno crijevo, PVC cijev\u2026).<br style=\"color: #666666;font-family: 'Libre Franklin';font-size: 16px\"><strong style=\"color: #666666;font-family: 'Libre Franklin';font-size: 16px;font-style: normal\">5. <\/strong>Ako postoji ve\u0107a visinska razlika izme\u0111u izlaza iz oluka i vrha cisterne, mo\u017eete koristiti &lt;a s_<\/p>\n<p>Sestavimo tudi sistem po va\u0161ih \u017eeljah. Lahko tudi ve\u010d izhodov, ventil za priklop hidroforja, ve\u010d pip itd&#8230; Priklop hidroforja je najbolj prakti\u010den povsem na desni strani &#8211; zaradi smeri odpiranja ro\u010dke ventila.<\/p>\n<p>&nbsp;<\/p>\n<p>AVA redukcije koje se koriste u 3+ KLASIK sustavima izuzetno su izdr\u017eljive i imaju EPDM gumenu brtvu.<\/p>","protected":false},"excerpt":{"rendered":"<h2 data-start=\"184\" data-end=\"304\"><strong data-start=\"184\" data-end=\"304\">Sna\u017ena, pouzdana i povoljna vodoravna veza triju ili vi\u0161e IBC spremnika \u2013 ve\u0107 sastavljena i spremna za monta\u017eu.<\/strong><\/h2>\n<p data-start=\"306\" data-end=\"617\" class=\" translation-block\">3+ SIMPLE je obnovljeni sustav za <strong data-start=\"340\" data-end=\"400\">povezivanje IBC spremnika u vodoravnom polo\u017eaju<\/strong>, namijenjen u\u010dinkovitom prikupljanju i prijenosu ki\u0161nice. Koristi <strong data-start=\"468\" data-end=\"504\">mek\u0161u, fleksibilnu LDPE cijev<\/strong>, koja omogu\u0107uje jednostavnu monta\u017eu, pouzdano brtvljenje i manje optere\u0107enje ventila \u2013 \u010dak i na neravnim podlogama.<\/p>\n<hr data-start=\"619\" data-end=\"622\" \/>\n<h3 data-start=\"624\" data-end=\"652\">Za\u0161to odabrati 3+ SIMPLE?<\/h3>\n<ul>\n<li data-start=\"655\" data-end=\"689\">Sna\u017ena i provjerena konstrukcija<\/li>\n<li data-start=\"692\" data-end=\"736\">Unaprijed sastavljen sustav \u2013 bez dodatnog rada (cijev se po potrebi mo\u017ee skratiti skalpelom)<\/li>\n<li data-start=\"739\" data-end=\"784\" class=\" translation-block\">Namijenjen povezivanju 3 ili vi\u0161e IBC spremnika<\/li>\n<li data-start=\"787\" data-end=\"830\">100 % EPDM brtva \u2013 ne propu\u0161ta, otporna na UV zra\u010denje<\/li>\n<li data-start=\"833\" data-end=\"899\">Puhaabb LDPE cs\u0151 az egyszer\u0171 szerel\u00e9s\u00e9rt \u00e9s hossz\u00fa \u00e9lettartam\u00e9rt<\/li>\n<li data-start=\"902\" data-end=\"963\">Pogodan i za starije ili lagano o\u0161te\u0107ene IBC ventile<\/li>\n<\/ul>\n<hr data-start=\"965\" data-end=\"968\" \/>\n<h3 data-start=\"970\" data-end=\"988\">Cijena \/ Opcije:<\/h3>\n<ul>\n<li><strong><span style=\"color: #508d24; font-size: medium;\">\u200b<\/span><\/strong>\u0160t. artikla: #65X, <strong>TRIOX<\/strong>: <strong><span style=\"color: #508d24; font-size: medium;\">43,99\u20ac <\/span><\/strong>(samo povezava, brez pipe).<\/li>\n<li>\u0161t.artikla: #65S1, <strong>TRIS1<\/strong>: <strong><span style=\"color: #508d24; font-size: medium;\">55,50\u20ac <\/span><\/strong>(kovinska pipa 3\/4&#8243; GardenFlow*).<\/li>\n<li><strong><span style=\"color: #508d24; font-size: medium;\">\u200b<\/span><\/strong>\u0161t.artikla: #65S2, <strong>TRIS2<\/strong>: <strong><span style=\"color: #508d24; font-size: medium;\">58,50\u20ac <\/span><\/strong>(kovinska pipa 3\/4&#8243; HighFlow*).<\/li>\n<li>\u0161t.artikla: #65S3, <strong>TRIS3<\/strong>: <strong><span style=\"color: #508d24; font-size: medium;\">63,50\u20ac <\/span><\/strong>(<u>dvojna\u00a0<\/u>kovinska pipa 1\/2&#8243; PRO*).<\/li>\n<li>\u0161t.artikla: #65S4, <strong>TRIS4<\/strong>: <strong><span style=\"color: #508d24; font-size: medium;\">67,50\u20ac <\/span><\/strong>(<u>dvojna\u00a0<\/u>kovinska pipa 3\/4&#8243; PRO*).<\/li>\n<li>\u0161t.artikla: #65S5, <strong>TRIS5<\/strong>:\u00a0<strong><span style=\"color: #508d24; font-size: medium;\">61,50\u20ac <\/span><\/strong>(kovinska pipa 1&#8243; QuickFlow*).<\/li>\n<li>\u0161t.artikla: #65S6, <strong>TRIS6<\/strong>:\u00a0<strong><span style=\"color: #508d24; font-size: medium;\">61,50\u20ac <\/span><\/strong>(plasti\u010dni 1\u2033 MF PRO ventil* s plasti\u010dnim ravnim nastavkom za cev 25mm*).<\/li>\n<li>\u0161t.artikla: #65S7, <strong>TRIS7<\/strong>:\u00a0<strong><span style=\"color: #508d24; font-size: medium;\">65,50\u20ac <\/span><\/strong>(kovinski\u00a0 1\u2033 PRO ventil* z medeninastim ravnim nastavkom za cev 25mm*).<\/li>\n<li>\u0161t.artikla: #65S8, <strong>TRIS8<\/strong>:\u00a0<strong><span style=\"color: #508d24; font-size: medium;\">61,50\u20ac <\/span><\/strong>(plasti\u010dni 1\u2033 MF PRO ventil* s plasti\u010dnim nastavkom \u2013 koleno za cev 25mm*).<\/li>\n<\/ul>\n<hr data-start=\"1815\" data-end=\"1818\" \/>\n<h3 data-start=\"1820\" data-end=\"1846\">Brtvljenje i materijali<\/h3>\n<p data-start=\"1847\" data-end=\"2069\" class=\" translation-block\">Koristi se <strong data-start=\"1862\" data-end=\"1906\">100% EPDM brtva \u2013 ekskluzivno kod nas<\/strong>, posebno razvijena s optimalnom tvrdo\u0107om koja u\u010dinkovito izravnava i ve\u0107e nepravilnosti na ventilu i osigurava <strong data-start=\"2017\" data-end=\"2068\">dugotrajno, pouzdano brtvljenje bez curenja<\/strong>.<\/p>\n<hr data-start=\"2218\" data-end=\"2221\" \/>\n<h3 data-start=\"2223\" data-end=\"2270\">Pro\u0161irenje sustava \u2013 dodajte jo\u0161 spremnika<\/h3>\n<p data-start=\"2271\" data-end=\"2444\" class=\" translation-block\">Uz opciju <strong data-start=\"2478\" data-end=\"2492\">Multi-link<\/strong> mo\u017eete sustavu dodati <strong data-start=\"2514\" data-end=\"2552\">neograni\u010den broj dodatnih spremnika<\/strong> u vodoravnom polo\u017eaju.<br data-start=\"2576\" data-end=\"2579\">Primjer: povezivanje 5 spremnika = osnovni paket (3) + 2\u00d7 Multi-link.<\/p>\n<p data-start=\"2446\" data-end=\"2548\" class=\" translation-block\">Ako su vam IBC spremnici postavljeni na tlo, s opcijom <strong data-start=\"2504\" data-end=\"2514\">SkyTap<\/strong> mo\u017eete bez problema prebacivati vodu u zaljevku.<\/p>\n<hr data-start=\"2550\" data-end=\"2553\" \/>\n<h3 data-start=\"2555\" data-end=\"2592\">3+ sustavi (kako se razlikuju):<\/h3>\n<ul>\n<li class=\" translation-block\"><strong>SIMPLE<\/strong>: slavina ili ventil na krajnjem lijevom ili desnom spremniku (odluku mo\u017eete donijeti tijekom monta\u017ee \u2013 prilagodite svojim potrebama \u2013 pogledajte sliku u galeriji kod SIMPLE).<\/li>\n<li class=\" translation-block\"><strong>KLASIK<\/strong>: slavina ili ventil izme\u0111u dva spremnika (mo\u017eete odlu\u010diti izme\u0111u koja dva tijekom monta\u017ee \u2013 prilagodite svojim potrebama \u2013 pogledajte sliku u galeriji kod KLASIK).<\/li>\n<li class=\" translation-block\"><strong>PRO<\/strong>: slavina ili ventil na jednoj od sredi\u0161njih cisterni (ako su povezane 3 cisterne, slavina je na srednjoj cisterni; ako je povezan ve\u0107i broj cisterni, odluku mo\u017eete donijeti tijekom monta\u017ee \u2013 prilagodite svojim potrebama \u2013 pogledajte sliku u galeriji kod PRO).<\/li>\n<\/ul>\n<h3 data-start=\"2857\" data-end=\"2881\">Mogu\u0107nosti nadogradnje:<\/h3>\n<ul>\n<li data-start=\"2884\" data-end=\"2937\" class=\" translation-block\"><strong data-start=\"2884\" data-end=\"2898\">Multi-link<\/strong> (redukcija, T-spoj, 1 m cijevi)<\/li>\n<li data-start=\"2940\" data-end=\"2999\" class=\" translation-block\"><strong data-start=\"2940\" data-end=\"2950\">SkyTap<\/strong> (slavina podignuta na visinu zaljevke)<\/li>\n<\/ul>\n<hr data-start=\"3001\" data-end=\"3004\" \/>\n<p data-start=\"3006\" data-end=\"3300\"><strong data-start=\"3006\" data-end=\"3300\">3+ SIMPLE odgovara ve\u0107ini IBC spremnika sa standardnim ventilom S60\u00d76. Monta\u017ea je vrlo jednostavna jer je sustav ve\u0107 sastavljen i ne zahtijeva posebno znanje. Svi materijali su izdr\u017eljivi, UV-otporni i prikladni za dugotrajnu vanjsku upotrebu. Za druga\u010dije navoje ventila sustav se prilago\u0111ava po mjeri.<\/strong><\/p>","protected":false},"featured_media":18204,"template":"","meta":[],"product_brand":[],"product_cat":[191,189],"product_tag":[269],"class_list":{"0":"post-18186","1":"product","2":"type-product","3":"status-publish","4":"has-post-thumbnail","6":"product_cat-sistemi-3","7":"product_cat-sistemi-za-povezavo","8":"product_tag-povezava-ibc-cistern","10":"first","11":"instock","12":"shipping-taxable","13":"purchasable","14":"product-type-variable"},"yoast_head":"<!-- This site is optimized with the Yoast SEO plugin v27.1.1 - https:\/\/yoast.com\/product\/yoast-seo-wordpress\/ -->\n<title>3+ SIMPLE (vodoravno pove\u017eite 3 ali ve\u010d IBC cistern) | IBCparts.eu<\/title>\n<meta name=\"description\" content=\"Sistem 3+ SIMPLE za povezavo treh ali ve\u010d IBC cistern. Sedaj \u0161e mo\u010dnej\u0161i in \u0161e cenej\u0161i! Mo\u010dan. Izjemno uporaben. \u0160e ugodnej\u0161i. \u017de sestavljen!\" \/>\n<meta name=\"robots\" content=\"index, follow, max-snippet:-1, max-image-preview:large, max-video-preview:-1\" \/>\n<link rel=\"canonical\" href=\"https:\/\/ibcparts.eu\/hr\/proizvod\/sistem-3simple\/\" \/>\n<meta property=\"og:locale\" content=\"hr_HR\" \/>\n<meta property=\"og:type\" content=\"article\" \/>\n<meta property=\"og:title\" content=\"3+ SIMPLE (vodoravno pove\u017eite 3 ali ve\u010d IBC cistern) | IBCparts.eu\" \/>\n<meta property=\"og:description\" content=\"Sistem 3+ SIMPLE za povezavo treh ali ve\u010d IBC cistern. Sedaj \u0161e mo\u010dnej\u0161i in \u0161e cenej\u0161i! Mo\u010dan. Izjemno uporaben. \u0160e ugodnej\u0161i. \u017de sestavljen!\" \/>\n<meta property=\"og:url\" content=\"https:\/\/ibcparts.eu\/hr\/proizvod\/sistem-3simple\/\" \/>\n<meta property=\"og:site_name\" content=\"IBCparts.eu\" \/>\n<meta property=\"article:modified_time\" content=\"2026-01-14T08:27:35+00:00\" \/>\n<meta property=\"og:image\" content=\"https:\/\/ibcparts.eu\/wp-content\/uploads\/2025\/11\/TRIO-SIMPLE.png\" \/>\n\t<meta property=\"og:image:width\" content=\"827\" \/>\n\t<meta property=\"og:image:height\" content=\"827\" \/>\n\t<meta property=\"og:image:type\" content=\"image\/png\" \/>\n<meta name=\"twitter:card\" content=\"summary_large_image\" \/>\n<meta name=\"twitter:label1\" content=\"Procijenjeno vrijeme \u010ditanja\" \/>\n\t<meta name=\"twitter:data1\" content=\"3 minute\" \/>\n<script type=\"application\/ld+json\" class=\"yoast-schema-graph\">{\"@context\":\"https:\/\/schema.org\",\"@graph\":[{\"@type\":\"WebPage\",\"@id\":\"https:\/\/ibcparts.eu\/izdelek\/sistem-3simple\/\",\"url\":\"https:\/\/ibcparts.eu\/izdelek\/sistem-3simple\/\",\"name\":\"3+ SIMPLE (vodoravno pove\u017eite 3 ali ve\u010d IBC cistern) | IBCparts.eu\",\"isPartOf\":{\"@id\":\"https:\/\/ibcparts.eu\/#website\"},\"primaryImageOfPage\":{\"@id\":\"https:\/\/ibcparts.eu\/izdelek\/sistem-3simple\/#primaryimage\"},\"image\":{\"@id\":\"https:\/\/ibcparts.eu\/izdelek\/sistem-3simple\/#primaryimage\"},\"thumbnailUrl\":\"https:\/\/ibcparts.eu\/wp-content\/uploads\/2025\/11\/TRIO-SIMPLE.png\",\"datePublished\":\"2025-11-22T09:07:58+00:00\",\"dateModified\":\"2026-01-14T08:27:35+00:00\",\"description\":\"Sistem 3+ SIMPLE za povezavo treh ali ve\u010d IBC cistern. Sedaj \u0161e mo\u010dnej\u0161i in \u0161e cenej\u0161i! Mo\u010dan. Izjemno uporaben. \u0160e ugodnej\u0161i. \u017de sestavljen!\",\"breadcrumb\":{\"@id\":\"https:\/\/ibcparts.eu\/izdelek\/sistem-3simple\/#breadcrumb\"},\"inLanguage\":\"hr\",\"potentialAction\":[{\"@type\":\"ReadAction\",\"target\":[\"https:\/\/ibcparts.eu\/izdelek\/sistem-3simple\/\"]}]},{\"@type\":\"ImageObject\",\"inLanguage\":\"hr\",\"@id\":\"https:\/\/ibcparts.eu\/izdelek\/sistem-3simple\/#primaryimage\",\"url\":\"https:\/\/ibcparts.eu\/wp-content\/uploads\/2025\/11\/TRIO-SIMPLE.png\",\"contentUrl\":\"https:\/\/ibcparts.eu\/wp-content\/uploads\/2025\/11\/TRIO-SIMPLE.png\",\"width\":827,\"height\":827,\"caption\":\"Sistem 3+ SIMPLE za povezavo treh ali ve\u010d IBC cistern.\"},{\"@type\":\"BreadcrumbList\",\"@id\":\"https:\/\/ibcparts.eu\/izdelek\/sistem-3simple\/#breadcrumb\",\"itemListElement\":[{\"@type\":\"ListItem\",\"position\":1,\"name\":\"Home\",\"item\":\"https:\/\/ibcparts.eu\/\"},{\"@type\":\"ListItem\",\"position\":2,\"name\":\"Nakupujte\",\"item\":\"https:\/\/ibcparts.eu\/nakupujte\/\"},{\"@type\":\"ListItem\",\"position\":3,\"name\":\"3+ SIMPLE (vodoravno pove\u017eite 3 ali ve\u010d IBC cistern)\"}]},{\"@type\":\"WebSite\",\"@id\":\"https:\/\/ibcparts.eu\/#website\",\"url\":\"https:\/\/ibcparts.eu\/\",\"name\":\"IBCparts.eu\",\"description\":\"\",\"publisher\":{\"@id\":\"https:\/\/ibcparts.eu\/#organization\"},\"potentialAction\":[{\"@type\":\"SearchAction\",\"target\":{\"@type\":\"EntryPoint\",\"urlTemplate\":\"https:\/\/ibcparts.eu\/?s={search_term_string}\"},\"query-input\":{\"@type\":\"PropertyValueSpecification\",\"valueRequired\":true,\"valueName\":\"search_term_string\"}}],\"inLanguage\":\"hr\"},{\"@type\":\"Organization\",\"@id\":\"https:\/\/ibcparts.eu\/#organization\",\"name\":\"IBCparts\",\"url\":\"https:\/\/ibcparts.eu\/\",\"logo\":{\"@type\":\"ImageObject\",\"inLanguage\":\"hr\",\"@id\":\"https:\/\/ibcparts.eu\/#\/schema\/logo\/image\/\",\"url\":\"https:\/\/ibcparts.eu\/wp-content\/uploads\/2021\/10\/Footer-Logo.png\",\"contentUrl\":\"https:\/\/ibcparts.eu\/wp-content\/uploads\/2021\/10\/Footer-Logo.png\",\"width\":1992,\"height\":772,\"caption\":\"IBCparts\"},\"image\":{\"@id\":\"https:\/\/ibcparts.eu\/#\/schema\/logo\/image\/\"}}]}<\/script>\n<!-- \/ Yoast SEO plugin. -->","yoast_head_json":{"title":"3+ SIMPLE (vodoravno pove\u017eite 3 ali ve\u010d IBC cistern) | IBCparts.eu","description":"Sistem 3+ SIMPLE za povezavo treh ali ve\u010d IBC cistern. Sedaj \u0161e mo\u010dnej\u0161i in \u0161e cenej\u0161i! Mo\u010dan. Izjemno uporaben. \u0160e ugodnej\u0161i. \u017de sestavljen!","robots":{"index":"index","follow":"follow","max-snippet":"max-snippet:-1","max-image-preview":"max-image-preview:large","max-video-preview":"max-video-preview:-1"},"canonical":"https:\/\/ibcparts.eu\/hr\/proizvod\/sistem-3simple\/","og_locale":"hr_HR","og_type":"article","og_title":"3+ SIMPLE (vodoravno pove\u017eite 3 ali ve\u010d IBC cistern) | IBCparts.eu","og_description":"Sistem 3+ SIMPLE za povezavo treh ali ve\u010d IBC cistern. Sedaj \u0161e mo\u010dnej\u0161i in \u0161e cenej\u0161i! Mo\u010dan. Izjemno uporaben. \u0160e ugodnej\u0161i. \u017de sestavljen!","og_url":"https:\/\/ibcparts.eu\/hr\/proizvod\/sistem-3simple\/","og_site_name":"IBCparts.eu","article_modified_time":"2026-01-14T08:27:35+00:00","og_image":[{"width":827,"height":827,"url":"https:\/\/ibcparts.eu\/wp-content\/uploads\/2025\/11\/TRIO-SIMPLE.png","type":"image\/png"}],"twitter_card":"summary_large_image","twitter_misc":{"Procijenjeno vrijeme \u010ditanja":"3 minute"},"schema":{"@context":"https:\/\/schema.org","@graph":[{"@type":"WebPage","@id":"https:\/\/ibcparts.eu\/izdelek\/sistem-3simple\/","url":"https:\/\/ibcparts.eu\/izdelek\/sistem-3simple\/","name":"3+ SIMPLE (vodoravno pove\u017eite 3 ali ve\u010d IBC cistern) | IBCparts.eu","isPartOf":{"@id":"https:\/\/ibcparts.eu\/#website"},"primaryImageOfPage":{"@id":"https:\/\/ibcparts.eu\/izdelek\/sistem-3simple\/#primaryimage"},"image":{"@id":"https:\/\/ibcparts.eu\/izdelek\/sistem-3simple\/#primaryimage"},"thumbnailUrl":"https:\/\/ibcparts.eu\/wp-content\/uploads\/2025\/11\/TRIO-SIMPLE.png","datePublished":"2025-11-22T09:07:58+00:00","dateModified":"2026-01-14T08:27:35+00:00","description":"Sistem 3+ SIMPLE za povezavo treh ali ve\u010d IBC cistern. Sedaj \u0161e mo\u010dnej\u0161i in \u0161e cenej\u0161i! Mo\u010dan. Izjemno uporaben. \u0160e ugodnej\u0161i. \u017de sestavljen!","breadcrumb":{"@id":"https:\/\/ibcparts.eu\/izdelek\/sistem-3simple\/#breadcrumb"},"inLanguage":"hr","potentialAction":[{"@type":"ReadAction","target":["https:\/\/ibcparts.eu\/izdelek\/sistem-3simple\/"]}]},{"@type":"ImageObject","inLanguage":"hr","@id":"https:\/\/ibcparts.eu\/izdelek\/sistem-3simple\/#primaryimage","url":"https:\/\/ibcparts.eu\/wp-content\/uploads\/2025\/11\/TRIO-SIMPLE.png","contentUrl":"https:\/\/ibcparts.eu\/wp-content\/uploads\/2025\/11\/TRIO-SIMPLE.png","width":827,"height":827,"caption":"Sistem 3+ SIMPLE za povezavo treh ali ve\u010d IBC cistern."},{"@type":"BreadcrumbList","@id":"https:\/\/ibcparts.eu\/izdelek\/sistem-3simple\/#breadcrumb","itemListElement":[{"@type":"ListItem","position":1,"name":"Home","item":"https:\/\/ibcparts.eu\/"},{"@type":"ListItem","position":2,"name":"Nakupujte","item":"https:\/\/ibcparts.eu\/nakupujte\/"},{"@type":"ListItem","position":3,"name":"3+ SIMPLE (vodoravno pove\u017eite 3 ali ve\u010d IBC cistern)"}]},{"@type":"WebSite","@id":"https:\/\/ibcparts.eu\/#website","url":"https:\/\/ibcparts.eu\/","name":"IBCparts.eu","description":"","publisher":{"@id":"https:\/\/ibcparts.eu\/#organization"},"potentialAction":[{"@type":"SearchAction","target":{"@type":"EntryPoint","urlTemplate":"https:\/\/ibcparts.eu\/?s={search_term_string}"},"query-input":{"@type":"PropertyValueSpecification","valueRequired":true,"valueName":"search_term_string"}}],"inLanguage":"hr"},{"@type":"Organization","@id":"https:\/\/ibcparts.eu\/#organization","name":"Dijelovi IBC-a","url":"https:\/\/ibcparts.eu\/","logo":{"@type":"ImageObject","inLanguage":"hr","@id":"https:\/\/ibcparts.eu\/#\/schema\/logo\/image\/","url":"https:\/\/ibcparts.eu\/wp-content\/uploads\/2021\/10\/Footer-Logo.png","contentUrl":"https:\/\/ibcparts.eu\/wp-content\/uploads\/2021\/10\/Footer-Logo.png","width":1992,"height":772,"caption":"IBCparts"},"image":{"@id":"https:\/\/ibcparts.eu\/#\/schema\/logo\/image\/"}}]}},"_links":{"self":[{"href":"https:\/\/ibcparts.eu\/hr\/wp-json\/wp\/v2\/product\/18186","targetHints":{"allow":["GET"]}}],"collection":[{"href":"https:\/\/ibcparts.eu\/hr\/wp-json\/wp\/v2\/product"}],"about":[{"href":"https:\/\/ibcparts.eu\/hr\/wp-json\/wp\/v2\/types\/product"}],"version-history":[{"count":3,"href":"https:\/\/ibcparts.eu\/hr\/wp-json\/wp\/v2\/product\/18186\/revisions"}],"predecessor-version":[{"id":20269,"href":"https:\/\/ibcparts.eu\/hr\/wp-json\/wp\/v2\/product\/18186\/revisions\/20269"}],"wp:featuredmedia":[{"embeddable":true,"href":"https:\/\/ibcparts.eu\/hr\/wp-json\/wp\/v2\/media\/18204"}],"wp:attachment":[{"href":"https:\/\/ibcparts.eu\/hr\/wp-json\/wp\/v2\/media?parent=18186"}],"wp:term":[{"taxonomy":"product_brand","embeddable":true,"href":"https:\/\/ibcparts.eu\/hr\/wp-json\/wp\/v2\/product_brand?post=18186"},{"taxonomy":"product_cat","embeddable":true,"href":"https:\/\/ibcparts.eu\/hr\/wp-json\/wp\/v2\/product_cat?post=18186"},{"taxonomy":"product_tag","embeddable":true,"href":"https:\/\/ibcparts.eu\/hr\/wp-json\/wp\/v2\/product_tag?post=18186"}],"curies":[{"name":"wp","href":"https:\/\/api.w.org\/{rel}","templated":true}]}}