{"id":18167,"date":"2025-11-20T17:23:22","date_gmt":"2025-11-20T16:23:22","guid":{"rendered":"https:\/\/ibcparts.eu\/?post_type=product&#038;p=18167"},"modified":"2025-11-20T17:39:03","modified_gmt":"2025-11-20T16:39:03","slug":"ibc-cisterna-1000l-nova-klasicna-food-un-greif","status":"publish","type":"product","link":"https:\/\/ibcparts.eu\/hr\/proizvod\/ibc-cisterna-1000l-nova-klasicna-food-un-greif\/","title":{"rendered":"IBC cisterna 1000L, \u200bNOVA (klasi\u010dna, food, UN) 1-27kos"},"content":{"rendered":"","protected":false},"excerpt":{"rendered":"<p>Informacije o artiklu:<br \/>\n\u200bNova 1000L\u00a0 IBC cisterna na <strong>plasti\u010dni ali kovinski<\/strong> paleti.<\/p>\n<p>Tipi cistern:<\/p>\n<ul>\n<li>KLASI\u010cNA (lesena paleta &#8211; skoraj vedno na zalogi, najcenej\u0161a varianta)<\/li>\n<li>UN atest (ADR) (hibridna paleta)<\/li>\n<li>EX (za vnetljive teko\u010dine kot je kurilno olje) (hibridna paleta, dra\u017eja)<\/li>\n<li>Foodcert (za prehrano) (plasti\u010dna paleta, dra\u017eja, minimalno naro\u010dilo 20 kosov, \u010dakalna doba)<\/li>\n<\/ul>\n<p>&nbsp;<\/p>\n<p>Mo\u017enosti:<\/p>\n<ul>\n<li>225mm ali 165mm pokrov<\/li>\n<li>Varjen ali privit ventil S60.<\/li>\n<\/ul>\n<p>&nbsp;<\/p>\n<p>V prodajnem programu imamo IBC kontejnerje primerne za skladi\u0161\u010denje in prevoz:<\/p>\n<p>Nenevarnih kemikalij<br \/>\nNevarnih kemikalij<br \/>\nNevarnih vnetlijivih kemikalij<br \/>\nAdBlue<br \/>\nPrehrambenih surovin\/izdelkov<\/p>\n<p>Opcije:<\/p>\n<ul>\n<li>Paleta: kovinska, hibridna ali lesena<\/li>\n<li>Ventil: DN50<\/li>\n<li>Pokrov: DN150, DN225, pokrovi z oddu\u0161nikom<\/li>\n<li>UV za\u0161\u010dita: pigmentirani, nepigmentirani<\/li>\n<li>Nevarne snovi:\u00a0neatestirani, UN atestirani, elektroprevodni za vnetljive snovi<\/li>\n<\/ul>\n<p>Dimenzije 1000l IBC cisterne:<br \/>\nDol\u017eina x \u0161irina x vi\u0161ina = 120 x 100 x 117cm.<\/p>\n<p>CENA: Po povpra\u0161evanju &#8211; cene na trgu IBC cistern se zelo spreminjajo, vedno pa vam bomo ponudili najbolj\u0161o mo\u017eno ceno v danem trenutku.<\/p>\n<ul>\n<li>1-27 kosov: osebni prevzem v Ljubljani. 176\u20ac + DDV\/kos za klasi\u010dno cisterno na leseni paleti.<\/li>\n<\/ul>\n<p>*Cena ne vsebuje DDVja (export).<\/p>\n<p>&nbsp;<\/p>\n<p>Za to\u010dno ponudbo novih IBC cistern nam pisite na email in pripisite cim vec podatkov.<\/p>\n<p>&nbsp;<\/p>","protected":false},"featured_media":8249,"template":"","meta":[],"product_brand":[],"product_cat":[308,182],"product_tag":[354,355],"class_list":{"0":"post-18167","1":"product","2":"type-product","3":"status-publish","4":"has-post-thumbnail","6":"product_cat-cisterne","7":"product_cat-ibc-cisterne-ventili-in-dodatki","8":"product_tag-nova-ibc-cisterna-1000l","9":"product_tag-nova-ibc-cisterna-un-1000l","10":"product_shipping_class-no-shipping-pick-up-only","12":"first","13":"instock","14":"shipping-taxable","15":"purchasable","16":"product-type-simple"},"yoast_head":"<!-- This site is optimized with the Yoast SEO plugin v27.1.1 - https:\/\/yoast.com\/product\/yoast-seo-wordpress\/ -->\n<title>IBC cisterna 1000L, \u200bNOVA (klasi\u010dna, food, UN) 1-27kos | IBCparts.eu<\/title>\n<meta name=\"description\" content=\"Prodajamo nove IBC cisterne Greif na leseni paleti. FOOD, UN ali klasi\u010dna. Cena ne vsebuje DDVja (export).\" \/>\n<meta name=\"robots\" content=\"index, follow, max-snippet:-1, max-image-preview:large, max-video-preview:-1\" \/>\n<link rel=\"canonical\" href=\"https:\/\/ibcparts.eu\/hr\/proizvod\/ibc-cisterna-1000l-nova-klasicna-food-un-greif\/\" \/>\n<meta property=\"og:locale\" content=\"hr_HR\" \/>\n<meta property=\"og:type\" content=\"article\" \/>\n<meta property=\"og:title\" content=\"IBC cisterna 1000L, \u200bNOVA (klasi\u010dna, food, UN) 1-27kos | IBCparts.eu\" \/>\n<meta property=\"og:description\" content=\"Prodajamo nove IBC cisterne Greif na leseni paleti. FOOD, UN ali klasi\u010dna. Cena ne vsebuje DDVja (export).\" \/>\n<meta property=\"og:url\" content=\"https:\/\/ibcparts.eu\/hr\/proizvod\/ibc-cisterna-1000l-nova-klasicna-food-un-greif\/\" \/>\n<meta property=\"og:site_name\" content=\"IBCparts.eu\" \/>\n<meta property=\"article:modified_time\" content=\"2025-11-20T16:39:03+00:00\" \/>\n<meta property=\"og:image\" content=\"https:\/\/ibcparts.eu\/wp-content\/uploads\/2021\/12\/cisterna-ibc-namoci_4.jpg\" \/>\n\t<meta property=\"og:image:width\" content=\"801\" \/>\n\t<meta property=\"og:image:height\" content=\"800\" \/>\n\t<meta property=\"og:image:type\" content=\"image\/jpeg\" \/>\n<meta name=\"twitter:card\" content=\"summary_large_image\" \/>\n<script type=\"application\/ld+json\" class=\"yoast-schema-graph\">{\"@context\":\"https:\/\/schema.org\",\"@graph\":[{\"@type\":\"WebPage\",\"@id\":\"https:\/\/ibcparts.eu\/izdelek\/ibc-cisterna-1000l-nova-klasicna-food-un-greif\/\",\"url\":\"https:\/\/ibcparts.eu\/izdelek\/ibc-cisterna-1000l-nova-klasicna-food-un-greif\/\",\"name\":\"IBC cisterna 1000L, \u200bNOVA (klasi\u010dna, food, UN) 1-27kos | IBCparts.eu\",\"isPartOf\":{\"@id\":\"https:\/\/ibcparts.eu\/#website\"},\"primaryImageOfPage\":{\"@id\":\"https:\/\/ibcparts.eu\/izdelek\/ibc-cisterna-1000l-nova-klasicna-food-un-greif\/#primaryimage\"},\"image\":{\"@id\":\"https:\/\/ibcparts.eu\/izdelek\/ibc-cisterna-1000l-nova-klasicna-food-un-greif\/#primaryimage\"},\"thumbnailUrl\":\"https:\/\/ibcparts.eu\/wp-content\/uploads\/2021\/12\/cisterna-ibc-namoci_4.jpg\",\"datePublished\":\"2025-11-20T16:23:22+00:00\",\"dateModified\":\"2025-11-20T16:39:03+00:00\",\"description\":\"Prodajamo nove IBC cisterne Greif na leseni paleti. FOOD, UN ali klasi\u010dna. Cena ne vsebuje DDVja (export).\",\"breadcrumb\":{\"@id\":\"https:\/\/ibcparts.eu\/izdelek\/ibc-cisterna-1000l-nova-klasicna-food-un-greif\/#breadcrumb\"},\"inLanguage\":\"hr\",\"potentialAction\":[{\"@type\":\"ReadAction\",\"target\":[\"https:\/\/ibcparts.eu\/izdelek\/ibc-cisterna-1000l-nova-klasicna-food-un-greif\/\"]}]},{\"@type\":\"ImageObject\",\"inLanguage\":\"hr\",\"@id\":\"https:\/\/ibcparts.eu\/izdelek\/ibc-cisterna-1000l-nova-klasicna-food-un-greif\/#primaryimage\",\"url\":\"https:\/\/ibcparts.eu\/wp-content\/uploads\/2021\/12\/cisterna-ibc-namoci_4.jpg\",\"contentUrl\":\"https:\/\/ibcparts.eu\/wp-content\/uploads\/2021\/12\/cisterna-ibc-namoci_4.jpg\",\"width\":801,\"height\":800,\"caption\":\"cisterna-ibc-namoci_\"},{\"@type\":\"BreadcrumbList\",\"@id\":\"https:\/\/ibcparts.eu\/izdelek\/ibc-cisterna-1000l-nova-klasicna-food-un-greif\/#breadcrumb\",\"itemListElement\":[{\"@type\":\"ListItem\",\"position\":1,\"name\":\"Home\",\"item\":\"https:\/\/ibcparts.eu\/\"},{\"@type\":\"ListItem\",\"position\":2,\"name\":\"Nakupujte\",\"item\":\"https:\/\/ibcparts.eu\/nakupujte\/\"},{\"@type\":\"ListItem\",\"position\":3,\"name\":\"IBC cisterna 1000L, \u200bNOVA (klasi\u010dna, food, UN) 1-27kos\"}]},{\"@type\":\"WebSite\",\"@id\":\"https:\/\/ibcparts.eu\/#website\",\"url\":\"https:\/\/ibcparts.eu\/\",\"name\":\"IBCparts.eu\",\"description\":\"\",\"publisher\":{\"@id\":\"https:\/\/ibcparts.eu\/#organization\"},\"potentialAction\":[{\"@type\":\"SearchAction\",\"target\":{\"@type\":\"EntryPoint\",\"urlTemplate\":\"https:\/\/ibcparts.eu\/?s={search_term_string}\"},\"query-input\":{\"@type\":\"PropertyValueSpecification\",\"valueRequired\":true,\"valueName\":\"search_term_string\"}}],\"inLanguage\":\"hr\"},{\"@type\":\"Organization\",\"@id\":\"https:\/\/ibcparts.eu\/#organization\",\"name\":\"IBCparts\",\"url\":\"https:\/\/ibcparts.eu\/\",\"logo\":{\"@type\":\"ImageObject\",\"inLanguage\":\"hr\",\"@id\":\"https:\/\/ibcparts.eu\/#\/schema\/logo\/image\/\",\"url\":\"https:\/\/ibcparts.eu\/wp-content\/uploads\/2021\/10\/Footer-Logo.png\",\"contentUrl\":\"https:\/\/ibcparts.eu\/wp-content\/uploads\/2021\/10\/Footer-Logo.png\",\"width\":1992,\"height\":772,\"caption\":\"IBCparts\"},\"image\":{\"@id\":\"https:\/\/ibcparts.eu\/#\/schema\/logo\/image\/\"}}]}<\/script>\n<!-- \/ Yoast SEO plugin. -->","yoast_head_json":{"title":"IBC cisterna 1000L, \u200bNOVA (klasi\u010dna, food, UN) 1-27kos | IBCparts.eu","description":"Prodajamo nove IBC cisterne Greif na leseni paleti. FOOD, UN ali klasi\u010dna. Cena ne vsebuje DDVja (export).","robots":{"index":"index","follow":"follow","max-snippet":"max-snippet:-1","max-image-preview":"max-image-preview:large","max-video-preview":"max-video-preview:-1"},"canonical":"https:\/\/ibcparts.eu\/hr\/proizvod\/ibc-cisterna-1000l-nova-klasicna-food-un-greif\/","og_locale":"hr_HR","og_type":"article","og_title":"IBC cisterna 1000L, \u200bNOVA (klasi\u010dna, food, UN) 1-27kos | IBCparts.eu","og_description":"Prodajamo nove IBC cisterne Greif na leseni paleti. FOOD, UN ali klasi\u010dna. Cena ne vsebuje DDVja (export).","og_url":"https:\/\/ibcparts.eu\/hr\/proizvod\/ibc-cisterna-1000l-nova-klasicna-food-un-greif\/","og_site_name":"IBCparts.eu","article_modified_time":"2025-11-20T16:39:03+00:00","og_image":[{"width":801,"height":800,"url":"https:\/\/ibcparts.eu\/wp-content\/uploads\/2021\/12\/cisterna-ibc-namoci_4.jpg","type":"image\/jpeg"}],"twitter_card":"summary_large_image","schema":{"@context":"https:\/\/schema.org","@graph":[{"@type":"WebPage","@id":"https:\/\/ibcparts.eu\/izdelek\/ibc-cisterna-1000l-nova-klasicna-food-un-greif\/","url":"https:\/\/ibcparts.eu\/izdelek\/ibc-cisterna-1000l-nova-klasicna-food-un-greif\/","name":"IBC cisterna 1000L, \u200bNOVA (klasi\u010dna, food, UN) 1-27kos | IBCparts.eu","isPartOf":{"@id":"https:\/\/ibcparts.eu\/#website"},"primaryImageOfPage":{"@id":"https:\/\/ibcparts.eu\/izdelek\/ibc-cisterna-1000l-nova-klasicna-food-un-greif\/#primaryimage"},"image":{"@id":"https:\/\/ibcparts.eu\/izdelek\/ibc-cisterna-1000l-nova-klasicna-food-un-greif\/#primaryimage"},"thumbnailUrl":"https:\/\/ibcparts.eu\/wp-content\/uploads\/2021\/12\/cisterna-ibc-namoci_4.jpg","datePublished":"2025-11-20T16:23:22+00:00","dateModified":"2025-11-20T16:39:03+00:00","description":"Prodajamo nove IBC cisterne Greif na leseni paleti. FOOD, UN ali klasi\u010dna. Cena ne vsebuje DDVja (export).","breadcrumb":{"@id":"https:\/\/ibcparts.eu\/izdelek\/ibc-cisterna-1000l-nova-klasicna-food-un-greif\/#breadcrumb"},"inLanguage":"hr","potentialAction":[{"@type":"ReadAction","target":["https:\/\/ibcparts.eu\/izdelek\/ibc-cisterna-1000l-nova-klasicna-food-un-greif\/"]}]},{"@type":"ImageObject","inLanguage":"hr","@id":"https:\/\/ibcparts.eu\/izdelek\/ibc-cisterna-1000l-nova-klasicna-food-un-greif\/#primaryimage","url":"https:\/\/ibcparts.eu\/wp-content\/uploads\/2021\/12\/cisterna-ibc-namoci_4.jpg","contentUrl":"https:\/\/ibcparts.eu\/wp-content\/uploads\/2021\/12\/cisterna-ibc-namoci_4.jpg","width":801,"height":800,"caption":"cisterna-ibc-namoci_"},{"@type":"BreadcrumbList","@id":"https:\/\/ibcparts.eu\/izdelek\/ibc-cisterna-1000l-nova-klasicna-food-un-greif\/#breadcrumb","itemListElement":[{"@type":"ListItem","position":1,"name":"Home","item":"https:\/\/ibcparts.eu\/"},{"@type":"ListItem","position":2,"name":"Nakupujte","item":"https:\/\/ibcparts.eu\/nakupujte\/"},{"@type":"ListItem","position":3,"name":"IBC cisterna 1000L, \u200bNOVA (klasi\u010dna, food, UN) 1-27kos"}]},{"@type":"WebSite","@id":"https:\/\/ibcparts.eu\/#website","url":"https:\/\/ibcparts.eu\/","name":"IBCparts.eu","description":"","publisher":{"@id":"https:\/\/ibcparts.eu\/#organization"},"potentialAction":[{"@type":"SearchAction","target":{"@type":"EntryPoint","urlTemplate":"https:\/\/ibcparts.eu\/?s={search_term_string}"},"query-input":{"@type":"PropertyValueSpecification","valueRequired":true,"valueName":"search_term_string"}}],"inLanguage":"hr"},{"@type":"Organization","@id":"https:\/\/ibcparts.eu\/#organization","name":"Dijelovi IBC-a","url":"https:\/\/ibcparts.eu\/","logo":{"@type":"ImageObject","inLanguage":"hr","@id":"https:\/\/ibcparts.eu\/#\/schema\/logo\/image\/","url":"https:\/\/ibcparts.eu\/wp-content\/uploads\/2021\/10\/Footer-Logo.png","contentUrl":"https:\/\/ibcparts.eu\/wp-content\/uploads\/2021\/10\/Footer-Logo.png","width":1992,"height":772,"caption":"IBCparts"},"image":{"@id":"https:\/\/ibcparts.eu\/#\/schema\/logo\/image\/"}}]}},"_links":{"self":[{"href":"https:\/\/ibcparts.eu\/hr\/wp-json\/wp\/v2\/product\/18167","targetHints":{"allow":["GET"]}}],"collection":[{"href":"https:\/\/ibcparts.eu\/hr\/wp-json\/wp\/v2\/product"}],"about":[{"href":"https:\/\/ibcparts.eu\/hr\/wp-json\/wp\/v2\/types\/product"}],"version-history":[{"count":0,"href":"https:\/\/ibcparts.eu\/hr\/wp-json\/wp\/v2\/product\/18167\/revisions"}],"wp:featuredmedia":[{"embeddable":true,"href":"https:\/\/ibcparts.eu\/hr\/wp-json\/wp\/v2\/media\/8249"}],"wp:attachment":[{"href":"https:\/\/ibcparts.eu\/hr\/wp-json\/wp\/v2\/media?parent=18167"}],"wp:term":[{"taxonomy":"product_brand","embeddable":true,"href":"https:\/\/ibcparts.eu\/hr\/wp-json\/wp\/v2\/product_brand?post=18167"},{"taxonomy":"product_cat","embeddable":true,"href":"https:\/\/ibcparts.eu\/hr\/wp-json\/wp\/v2\/product_cat?post=18167"},{"taxonomy":"product_tag","embeddable":true,"href":"https:\/\/ibcparts.eu\/hr\/wp-json\/wp\/v2\/product_tag?post=18167"}],"curies":[{"name":"wp","href":"https:\/\/api.w.org\/{rel}","templated":true}]}}