{"id":18073,"date":"2025-11-16T09:46:15","date_gmt":"2025-11-16T08:46:15","guid":{"rendered":"https:\/\/ibcparts.eu\/?post_type=product&#038;p=18073"},"modified":"2025-11-23T18:44:32","modified_gmt":"2025-11-23T17:44:32","slug":"izolacijska-ponjava-za-popolno-izolacijo-1000l-ibc-cisterne","status":"publish","type":"product","link":"https:\/\/ibcparts.eu\/hr\/proizvod\/izolacijska-cerada-za-1000l-ibc-cisternu\/","title":{"rendered":"Izolacija za IBC spremnike od 1000 l (za izolaciju pri kori\u0161tenju grija\u0107eg pla\u0161ta)"},"content":{"rendered":"","protected":false},"excerpt":{"rendered":"<p>Ta izolirna ponjava ohranja temperaturo v IBC cisterni ali nadzoruje temperaturo vsebine na standardni paleti.<\/p>\n<p>Uporablja se tudi za izolacijo pri uporabi <a href=\"https:\/\/ibcparts.eu\/nakupujte\/grelniki-zascitne-in-termoizolacijske-ponjave-za-sode-in-ibc-cisterne\/grelni-plasc-za-1000l-ibc-cisterno\/\"><strong>grelnega pla\u0161\u010da<\/strong><\/a>.<\/p>\n<ul>\n<li>Narejen iz kakovostnih najlonskih materialov, ki odbijajo vodo.<\/li>\n<li>Nastavljivi pritrdilni trakovi.<\/li>\n<li>Hitroodpenjalne zaponke.<\/li>\n<li>Enostavna monta\u017ea na katero koli standardno 1000-litrsko cisterno.<\/li>\n<li>Dimenzija: 1200 x 1000 x 1140 mm.<\/li>\n<li>Te\u017ea: 6000 g<\/li>\n<li>Narejeno v EU.<\/li>\n<li>Cena za ta izdelek je brez DDV. To\u010den znesek po\u0161tnine se izra\u010duna pri izdelavi predra\u010duna.<\/li>\n<li>Obi\u010dajno upo\u0161tevamo dodaten popust, sploh na koli\u010dino 2 ali ve\u010d.<\/li>\n<\/ul>\n<p>&nbsp;<\/p>\n<p><span dir=\"auto\">Izolacijski pla\u0161\u010d IBC je zasnovan za izolacijo in vzdr\u017eevanje temperature znotraj IBC zabojnika.\u00a0<\/span><\/p>\n<p><span dir=\"auto\">Izolacijski pla\u0161\u010d je izdelan iz visokokakovostnih najlonskih materialov in ima \u0161tiri trakove za hitro odpenjanje za enostavno pritrditev.<\/span><\/p>\n<p><span dir=\"auto\">Ta zasnova omogo\u010da uporabo pla\u0161\u010da skupaj z grelnim pla\u0161\u010dem za IBC kontejner: Najprej namestite grelec in priklju\u010dite napajanje, nato pa pritrdite pla\u0161\u010d kot zunanjo plast. Za hitrej\u0161e segrevanje zategnite trakove.<\/span><\/p>\n<p><span dir=\"auto\">Poleg ogrevanja ali vzdr\u017eevanja temperature se lahko skupaj s pla\u0161\u010dem uporablja tudi <a href=\"https:\/\/ibcparts.eu\/nakupujte\/grelniki-zascitne-in-termoizolacijske-ponjave-za-sode-in-ibc-cisterne\/izolacijski-pokrov-za-1000l-ibc-cisterno\/\"><strong>pokrov<\/strong><\/a> in\/ali <a href=\"https:\/\/ibcparts.eu\/nakupujte\/grelniki-zascitne-in-termoizolacijske-ponjave-za-sode-in-ibc-cisterne\/podstavni-bazni-grelec-za-1000l-ibc-cisterno\/\"><strong>bazni grelec<\/strong><\/a>.<\/span><\/p>","protected":false},"featured_media":18074,"template":"","meta":[],"product_brand":[],"product_cat":[317,262],"product_tag":[343,342],"class_list":{"0":"post-18073","1":"product","2":"type-product","3":"status-publish","4":"has-post-thumbnail","6":"product_cat-grelniki-zascitne-in-termoizolacijske-ponjave-za-sode-in-ibc-cisterne","7":"product_cat-zascitne-ponjave","8":"product_tag-izolacija-za-ibc-cisterno","9":"product_tag-izolirna-ponjava-za-1000l-ibc-cisterno","11":"first","12":"instock","13":"featured","14":"shipping-taxable","15":"purchasable","16":"product-type-simple"},"yoast_head":"<!-- This site is optimized with the Yoast SEO plugin v27.1.1 - https:\/\/yoast.com\/product\/yoast-seo-wordpress\/ -->\n<title>Izolacija za 1000L IBC cisterne (za izolacijo pri uporabi grelnega pla\u0161\u010da) | IBCparts.eu<\/title>\n<meta name=\"description\" content=\"Ta izolirna ponjava za 1000L IBC cisterno ohranja temperaturo ali nadzoruje temperaturo vsebine. Uporablja se tudi za izolacijo pri uporabi grelnega pla\u0161\u010da.\" \/>\n<meta name=\"robots\" content=\"index, follow, max-snippet:-1, max-image-preview:large, max-video-preview:-1\" \/>\n<link rel=\"canonical\" href=\"https:\/\/ibcparts.eu\/hr\/proizvod\/izolacijska-cerada-za-1000l-ibc-cisternu\/\" \/>\n<meta property=\"og:locale\" content=\"hr_HR\" \/>\n<meta property=\"og:type\" content=\"article\" \/>\n<meta property=\"og:title\" content=\"Izolacija za 1000L IBC cisterne (za izolacijo pri uporabi grelnega pla\u0161\u010da) | IBCparts.eu\" \/>\n<meta property=\"og:description\" content=\"Ta izolirna ponjava za 1000L IBC cisterno ohranja temperaturo ali nadzoruje temperaturo vsebine. Uporablja se tudi za izolacijo pri uporabi grelnega pla\u0161\u010da.\" \/>\n<meta property=\"og:url\" content=\"https:\/\/ibcparts.eu\/hr\/proizvod\/izolacijska-cerada-za-1000l-ibc-cisternu\/\" \/>\n<meta property=\"og:site_name\" content=\"IBCparts.eu\" \/>\n<meta property=\"article:modified_time\" content=\"2025-11-23T17:44:32+00:00\" \/>\n<meta property=\"og:image\" content=\"https:\/\/ibcparts.eu\/wp-content\/uploads\/2025\/11\/Izolacijska-ponjava-za-IBc-cisterno.webp\" \/>\n\t<meta property=\"og:image:width\" content=\"600\" \/>\n\t<meta property=\"og:image:height\" content=\"600\" \/>\n\t<meta property=\"og:image:type\" content=\"image\/webp\" \/>\n<meta name=\"twitter:card\" content=\"summary_large_image\" \/>\n<script type=\"application\/ld+json\" class=\"yoast-schema-graph\">{\"@context\":\"https:\/\/schema.org\",\"@graph\":[{\"@type\":\"WebPage\",\"@id\":\"https:\/\/ibcparts.eu\/izdelek\/izolacijska-ponjava-za-popolno-izolacijo-1000l-ibc-cisterne\/\",\"url\":\"https:\/\/ibcparts.eu\/izdelek\/izolacijska-ponjava-za-popolno-izolacijo-1000l-ibc-cisterne\/\",\"name\":\"Izolacija za 1000L IBC cisterne (za izolacijo pri uporabi grelnega pla\u0161\u010da) | IBCparts.eu\",\"isPartOf\":{\"@id\":\"https:\/\/ibcparts.eu\/#website\"},\"primaryImageOfPage\":{\"@id\":\"https:\/\/ibcparts.eu\/izdelek\/izolacijska-ponjava-za-popolno-izolacijo-1000l-ibc-cisterne\/#primaryimage\"},\"image\":{\"@id\":\"https:\/\/ibcparts.eu\/izdelek\/izolacijska-ponjava-za-popolno-izolacijo-1000l-ibc-cisterne\/#primaryimage\"},\"thumbnailUrl\":\"https:\/\/ibcparts.eu\/wp-content\/uploads\/2025\/11\/Izolacijska-ponjava-za-IBc-cisterno.webp\",\"datePublished\":\"2025-11-16T08:46:15+00:00\",\"dateModified\":\"2025-11-23T17:44:32+00:00\",\"description\":\"Ta izolirna ponjava za 1000L IBC cisterno ohranja temperaturo ali nadzoruje temperaturo vsebine. Uporablja se tudi za izolacijo pri uporabi grelnega pla\u0161\u010da.\",\"breadcrumb\":{\"@id\":\"https:\/\/ibcparts.eu\/izdelek\/izolacijska-ponjava-za-popolno-izolacijo-1000l-ibc-cisterne\/#breadcrumb\"},\"inLanguage\":\"hr\",\"potentialAction\":[{\"@type\":\"ReadAction\",\"target\":[\"https:\/\/ibcparts.eu\/izdelek\/izolacijska-ponjava-za-popolno-izolacijo-1000l-ibc-cisterne\/\"]}]},{\"@type\":\"ImageObject\",\"inLanguage\":\"hr\",\"@id\":\"https:\/\/ibcparts.eu\/izdelek\/izolacijska-ponjava-za-popolno-izolacijo-1000l-ibc-cisterne\/#primaryimage\",\"url\":\"https:\/\/ibcparts.eu\/wp-content\/uploads\/2025\/11\/Izolacijska-ponjava-za-IBc-cisterno.webp\",\"contentUrl\":\"https:\/\/ibcparts.eu\/wp-content\/uploads\/2025\/11\/Izolacijska-ponjava-za-IBc-cisterno.webp\",\"width\":600,\"height\":600,\"caption\":\"Izolacijska ponjava za IBC cisterno\"},{\"@type\":\"BreadcrumbList\",\"@id\":\"https:\/\/ibcparts.eu\/izdelek\/izolacijska-ponjava-za-popolno-izolacijo-1000l-ibc-cisterne\/#breadcrumb\",\"itemListElement\":[{\"@type\":\"ListItem\",\"position\":1,\"name\":\"Home\",\"item\":\"https:\/\/ibcparts.eu\/\"},{\"@type\":\"ListItem\",\"position\":2,\"name\":\"Nakupujte\",\"item\":\"https:\/\/ibcparts.eu\/nakupujte\/\"},{\"@type\":\"ListItem\",\"position\":3,\"name\":\"Izolacija za 1000L IBC cisterne (za izolacijo pri uporabi grelnega pla\u0161\u010da)\"}]},{\"@type\":\"WebSite\",\"@id\":\"https:\/\/ibcparts.eu\/#website\",\"url\":\"https:\/\/ibcparts.eu\/\",\"name\":\"IBCparts.eu\",\"description\":\"\",\"publisher\":{\"@id\":\"https:\/\/ibcparts.eu\/#organization\"},\"potentialAction\":[{\"@type\":\"SearchAction\",\"target\":{\"@type\":\"EntryPoint\",\"urlTemplate\":\"https:\/\/ibcparts.eu\/?s={search_term_string}\"},\"query-input\":{\"@type\":\"PropertyValueSpecification\",\"valueRequired\":true,\"valueName\":\"search_term_string\"}}],\"inLanguage\":\"hr\"},{\"@type\":\"Organization\",\"@id\":\"https:\/\/ibcparts.eu\/#organization\",\"name\":\"IBCparts\",\"url\":\"https:\/\/ibcparts.eu\/\",\"logo\":{\"@type\":\"ImageObject\",\"inLanguage\":\"hr\",\"@id\":\"https:\/\/ibcparts.eu\/#\/schema\/logo\/image\/\",\"url\":\"https:\/\/ibcparts.eu\/wp-content\/uploads\/2021\/10\/Footer-Logo.png\",\"contentUrl\":\"https:\/\/ibcparts.eu\/wp-content\/uploads\/2021\/10\/Footer-Logo.png\",\"width\":1992,\"height\":772,\"caption\":\"IBCparts\"},\"image\":{\"@id\":\"https:\/\/ibcparts.eu\/#\/schema\/logo\/image\/\"}}]}<\/script>\n<!-- \/ Yoast SEO plugin. -->","yoast_head_json":{"title":"Izolacija za 1000L IBC cisterne (za izolacijo pri uporabi grelnega pla\u0161\u010da) | IBCparts.eu","description":"Ta izolirna ponjava za 1000L IBC cisterno ohranja temperaturo ali nadzoruje temperaturo vsebine. Uporablja se tudi za izolacijo pri uporabi grelnega pla\u0161\u010da.","robots":{"index":"index","follow":"follow","max-snippet":"max-snippet:-1","max-image-preview":"max-image-preview:large","max-video-preview":"max-video-preview:-1"},"canonical":"https:\/\/ibcparts.eu\/hr\/proizvod\/izolacijska-cerada-za-1000l-ibc-cisternu\/","og_locale":"hr_HR","og_type":"article","og_title":"Izolacija za 1000L IBC cisterne (za izolacijo pri uporabi grelnega pla\u0161\u010da) | IBCparts.eu","og_description":"Ta izolirna ponjava za 1000L IBC cisterno ohranja temperaturo ali nadzoruje temperaturo vsebine. Uporablja se tudi za izolacijo pri uporabi grelnega pla\u0161\u010da.","og_url":"https:\/\/ibcparts.eu\/hr\/proizvod\/izolacijska-cerada-za-1000l-ibc-cisternu\/","og_site_name":"IBCparts.eu","article_modified_time":"2025-11-23T17:44:32+00:00","og_image":[{"width":600,"height":600,"url":"https:\/\/ibcparts.eu\/wp-content\/uploads\/2025\/11\/Izolacijska-ponjava-za-IBc-cisterno.webp","type":"image\/webp"}],"twitter_card":"summary_large_image","schema":{"@context":"https:\/\/schema.org","@graph":[{"@type":"WebPage","@id":"https:\/\/ibcparts.eu\/izdelek\/izolacijska-ponjava-za-popolno-izolacijo-1000l-ibc-cisterne\/","url":"https:\/\/ibcparts.eu\/izdelek\/izolacijska-ponjava-za-popolno-izolacijo-1000l-ibc-cisterne\/","name":"Izolacija za 1000L IBC cisterne (za izolacijo pri uporabi grelnega pla\u0161\u010da) | IBCparts.eu","isPartOf":{"@id":"https:\/\/ibcparts.eu\/#website"},"primaryImageOfPage":{"@id":"https:\/\/ibcparts.eu\/izdelek\/izolacijska-ponjava-za-popolno-izolacijo-1000l-ibc-cisterne\/#primaryimage"},"image":{"@id":"https:\/\/ibcparts.eu\/izdelek\/izolacijska-ponjava-za-popolno-izolacijo-1000l-ibc-cisterne\/#primaryimage"},"thumbnailUrl":"https:\/\/ibcparts.eu\/wp-content\/uploads\/2025\/11\/Izolacijska-ponjava-za-IBc-cisterno.webp","datePublished":"2025-11-16T08:46:15+00:00","dateModified":"2025-11-23T17:44:32+00:00","description":"Ta izolirna ponjava za 1000L IBC cisterno ohranja temperaturo ali nadzoruje temperaturo vsebine. Uporablja se tudi za izolacijo pri uporabi grelnega pla\u0161\u010da.","breadcrumb":{"@id":"https:\/\/ibcparts.eu\/izdelek\/izolacijska-ponjava-za-popolno-izolacijo-1000l-ibc-cisterne\/#breadcrumb"},"inLanguage":"hr","potentialAction":[{"@type":"ReadAction","target":["https:\/\/ibcparts.eu\/izdelek\/izolacijska-ponjava-za-popolno-izolacijo-1000l-ibc-cisterne\/"]}]},{"@type":"ImageObject","inLanguage":"hr","@id":"https:\/\/ibcparts.eu\/izdelek\/izolacijska-ponjava-za-popolno-izolacijo-1000l-ibc-cisterne\/#primaryimage","url":"https:\/\/ibcparts.eu\/wp-content\/uploads\/2025\/11\/Izolacijska-ponjava-za-IBc-cisterno.webp","contentUrl":"https:\/\/ibcparts.eu\/wp-content\/uploads\/2025\/11\/Izolacijska-ponjava-za-IBc-cisterno.webp","width":600,"height":600,"caption":"Izolacijska ponjava za IBC cisterno"},{"@type":"BreadcrumbList","@id":"https:\/\/ibcparts.eu\/izdelek\/izolacijska-ponjava-za-popolno-izolacijo-1000l-ibc-cisterne\/#breadcrumb","itemListElement":[{"@type":"ListItem","position":1,"name":"Home","item":"https:\/\/ibcparts.eu\/"},{"@type":"ListItem","position":2,"name":"Nakupujte","item":"https:\/\/ibcparts.eu\/nakupujte\/"},{"@type":"ListItem","position":3,"name":"Izolacija za 1000L IBC cisterne (za izolacijo pri uporabi grelnega pla\u0161\u010da)"}]},{"@type":"WebSite","@id":"https:\/\/ibcparts.eu\/#website","url":"https:\/\/ibcparts.eu\/","name":"IBCparts.eu","description":"","publisher":{"@id":"https:\/\/ibcparts.eu\/#organization"},"potentialAction":[{"@type":"SearchAction","target":{"@type":"EntryPoint","urlTemplate":"https:\/\/ibcparts.eu\/?s={search_term_string}"},"query-input":{"@type":"PropertyValueSpecification","valueRequired":true,"valueName":"search_term_string"}}],"inLanguage":"hr"},{"@type":"Organization","@id":"https:\/\/ibcparts.eu\/#organization","name":"Dijelovi IBC-a","url":"https:\/\/ibcparts.eu\/","logo":{"@type":"ImageObject","inLanguage":"hr","@id":"https:\/\/ibcparts.eu\/#\/schema\/logo\/image\/","url":"https:\/\/ibcparts.eu\/wp-content\/uploads\/2021\/10\/Footer-Logo.png","contentUrl":"https:\/\/ibcparts.eu\/wp-content\/uploads\/2021\/10\/Footer-Logo.png","width":1992,"height":772,"caption":"IBCparts"},"image":{"@id":"https:\/\/ibcparts.eu\/#\/schema\/logo\/image\/"}}]}},"_links":{"self":[{"href":"https:\/\/ibcparts.eu\/hr\/wp-json\/wp\/v2\/product\/18073","targetHints":{"allow":["GET"]}}],"collection":[{"href":"https:\/\/ibcparts.eu\/hr\/wp-json\/wp\/v2\/product"}],"about":[{"href":"https:\/\/ibcparts.eu\/hr\/wp-json\/wp\/v2\/types\/product"}],"version-history":[{"count":0,"href":"https:\/\/ibcparts.eu\/hr\/wp-json\/wp\/v2\/product\/18073\/revisions"}],"wp:featuredmedia":[{"embeddable":true,"href":"https:\/\/ibcparts.eu\/hr\/wp-json\/wp\/v2\/media\/18074"}],"wp:attachment":[{"href":"https:\/\/ibcparts.eu\/hr\/wp-json\/wp\/v2\/media?parent=18073"}],"wp:term":[{"taxonomy":"product_brand","embeddable":true,"href":"https:\/\/ibcparts.eu\/hr\/wp-json\/wp\/v2\/product_brand?post=18073"},{"taxonomy":"product_cat","embeddable":true,"href":"https:\/\/ibcparts.eu\/hr\/wp-json\/wp\/v2\/product_cat?post=18073"},{"taxonomy":"product_tag","embeddable":true,"href":"https:\/\/ibcparts.eu\/hr\/wp-json\/wp\/v2\/product_tag?post=18073"}],"curies":[{"name":"wp","href":"https:\/\/api.w.org\/{rel}","templated":true}]}}