{"id":18049,"date":"2025-11-13T09:33:12","date_gmt":"2025-11-13T08:33:12","guid":{"rendered":"https:\/\/ibcparts.eu\/?post_type=product&#038;p=18049"},"modified":"2026-01-13T13:51:27","modified_gmt":"2026-01-13T12:51:27","slug":"pokrovcek-ventila-s60-poln-crn","status":"publish","type":"product","link":"https:\/\/ibcparts.eu\/hr\/proizvod\/cep-ventila-s60-puni-crni\/","title":{"rendered":"S60 poklopac ventila za IBC cisternu, puni, crni"},"content":{"rendered":"","protected":false},"excerpt":{"rendered":"<h2><span style=\"font-size: large;\">Masivni dvodijelni crni poklopac ventila za IBC cisternu s ventilom S60x6.<\/span><\/h2>\n<p data-start=\"318\" data-end=\"625\">Dvodijelni poklopac ventila S60x6 namijenjen je zatvaranju i za\u0161titi ventila na IBC cisternama sa standardnim navojem S60x6. Izra\u0111en je od PP materijala i ima unutarnju brtvu od PE pjene, koja osigurava pouzdano brtvljenje \u010dak i kod manjih nepravilnosti na ventilu te dug vijek trajanja.<\/p>\n<p data-start=\"682\" data-end=\"703\"><strong>Tehni\u010dke karakteristike<\/strong><\/p>\n<ul>\n<li style=\"list-style-type: none;\">\n<ul>\n<li>Vrsta navoja: S60x6<\/li>\n<li>Material: PP<\/li>\n<li>Boja: crna<\/li>\n<li>Brtva od PE pjene s unutarnje strane<\/li>\n<\/ul>\n<\/li>\n<\/ul>\n<p>Izvrsno brtvljenje i visoka izdr\u017eljivost.<\/p>\n<p><strong>Vi\u0161e komada, ve\u0107i popust \u2013 koli\u010dine razli\u010ditih artikala i varijanti se zbrajaju!<\/strong><\/p>","protected":false},"featured_media":18051,"template":"","meta":[],"product_brand":[],"product_cat":[170,298],"product_tag":[450],"class_list":{"0":"post-18049","1":"product","2":"type-product","3":"status-publish","4":"has-post-thumbnail","6":"product_cat-reducirji-in-prikljucki-za-ibc","7":"product_cat-prikljucki-za-cisterno-z-navojem-s60x6","8":"product_tag-pokrovcek-s60x6-za-ibc-cisterno","10":"first","11":"instock","12":"shipping-taxable","13":"purchasable","14":"product-type-simple"},"yoast_head":"<!-- This site is optimized with the Yoast SEO plugin v27.1.1 - https:\/\/yoast.com\/product\/yoast-seo-wordpress\/ -->\n<title>Pokrov\u010dek ventila S60 za IBC cisterno, poln, \u010drn | IBCparts.eu<\/title>\n<meta name=\"description\" content=\"Dvodelni pokrov\u010dek ventila S60x6 za IBC cisterno. Izdelan iz PP, s tesnilom iz PE pene za zanesno zapiranje in za\u0161\u010dito ventila.\" \/>\n<meta name=\"robots\" content=\"index, follow, max-snippet:-1, max-image-preview:large, max-video-preview:-1\" \/>\n<link rel=\"canonical\" href=\"https:\/\/ibcparts.eu\/hr\/proizvod\/cep-ventila-s60-puni-crni\/\" \/>\n<meta property=\"og:locale\" content=\"hr_HR\" \/>\n<meta property=\"og:type\" content=\"article\" \/>\n<meta property=\"og:title\" content=\"Pokrov\u010dek ventila S60 za IBC cisterno, poln, \u010drn | IBCparts.eu\" \/>\n<meta property=\"og:description\" content=\"Dvodelni pokrov\u010dek ventila S60x6 za IBC cisterno. Izdelan iz PP, s tesnilom iz PE pene za zanesno zapiranje in za\u0161\u010dito ventila.\" \/>\n<meta property=\"og:url\" content=\"https:\/\/ibcparts.eu\/hr\/proizvod\/cep-ventila-s60-puni-crni\/\" \/>\n<meta property=\"og:site_name\" content=\"IBCparts.eu\" \/>\n<meta property=\"article:modified_time\" content=\"2026-01-13T12:51:27+00:00\" \/>\n<meta property=\"og:image\" content=\"https:\/\/ibcparts.eu\/wp-content\/uploads\/2025\/11\/Pokrovcek-ventila-IBC-cisterne-S60-poln-crn.png\" \/>\n\t<meta property=\"og:image:width\" content=\"500\" \/>\n\t<meta property=\"og:image:height\" content=\"500\" \/>\n\t<meta property=\"og:image:type\" content=\"image\/png\" \/>\n<meta name=\"twitter:card\" content=\"summary_large_image\" \/>\n<script type=\"application\/ld+json\" class=\"yoast-schema-graph\">{\"@context\":\"https:\/\/schema.org\",\"@graph\":[{\"@type\":\"WebPage\",\"@id\":\"https:\/\/ibcparts.eu\/izdelek\/pokrovcek-ventila-s60-poln-crn\/\",\"url\":\"https:\/\/ibcparts.eu\/izdelek\/pokrovcek-ventila-s60-poln-crn\/\",\"name\":\"Pokrov\u010dek ventila S60 za IBC cisterno, poln, \u010drn | IBCparts.eu\",\"isPartOf\":{\"@id\":\"https:\/\/ibcparts.eu\/#website\"},\"primaryImageOfPage\":{\"@id\":\"https:\/\/ibcparts.eu\/izdelek\/pokrovcek-ventila-s60-poln-crn\/#primaryimage\"},\"image\":{\"@id\":\"https:\/\/ibcparts.eu\/izdelek\/pokrovcek-ventila-s60-poln-crn\/#primaryimage\"},\"thumbnailUrl\":\"https:\/\/ibcparts.eu\/wp-content\/uploads\/2025\/11\/Pokrovcek-ventila-IBC-cisterne-S60-poln-crn.png\",\"datePublished\":\"2025-11-13T08:33:12+00:00\",\"dateModified\":\"2026-01-13T12:51:27+00:00\",\"description\":\"Dvodelni pokrov\u010dek ventila S60x6 za IBC cisterno. Izdelan iz PP, s tesnilom iz PE pene za zanesno zapiranje in za\u0161\u010dito ventila.\",\"breadcrumb\":{\"@id\":\"https:\/\/ibcparts.eu\/izdelek\/pokrovcek-ventila-s60-poln-crn\/#breadcrumb\"},\"inLanguage\":\"hr\",\"potentialAction\":[{\"@type\":\"ReadAction\",\"target\":[\"https:\/\/ibcparts.eu\/izdelek\/pokrovcek-ventila-s60-poln-crn\/\"]}]},{\"@type\":\"ImageObject\",\"inLanguage\":\"hr\",\"@id\":\"https:\/\/ibcparts.eu\/izdelek\/pokrovcek-ventila-s60-poln-crn\/#primaryimage\",\"url\":\"https:\/\/ibcparts.eu\/wp-content\/uploads\/2025\/11\/Pokrovcek-ventila-IBC-cisterne-S60-poln-crn.png\",\"contentUrl\":\"https:\/\/ibcparts.eu\/wp-content\/uploads\/2025\/11\/Pokrovcek-ventila-IBC-cisterne-S60-poln-crn.png\",\"width\":500,\"height\":500},{\"@type\":\"BreadcrumbList\",\"@id\":\"https:\/\/ibcparts.eu\/izdelek\/pokrovcek-ventila-s60-poln-crn\/#breadcrumb\",\"itemListElement\":[{\"@type\":\"ListItem\",\"position\":1,\"name\":\"Home\",\"item\":\"https:\/\/ibcparts.eu\/\"},{\"@type\":\"ListItem\",\"position\":2,\"name\":\"Nakupujte\",\"item\":\"https:\/\/ibcparts.eu\/nakupujte\/\"},{\"@type\":\"ListItem\",\"position\":3,\"name\":\"Pokrov\u010dek ventila S60 za IBC cisterno, poln, \u010drn\"}]},{\"@type\":\"WebSite\",\"@id\":\"https:\/\/ibcparts.eu\/#website\",\"url\":\"https:\/\/ibcparts.eu\/\",\"name\":\"IBCparts.eu\",\"description\":\"\",\"publisher\":{\"@id\":\"https:\/\/ibcparts.eu\/#organization\"},\"potentialAction\":[{\"@type\":\"SearchAction\",\"target\":{\"@type\":\"EntryPoint\",\"urlTemplate\":\"https:\/\/ibcparts.eu\/?s={search_term_string}\"},\"query-input\":{\"@type\":\"PropertyValueSpecification\",\"valueRequired\":true,\"valueName\":\"search_term_string\"}}],\"inLanguage\":\"hr\"},{\"@type\":\"Organization\",\"@id\":\"https:\/\/ibcparts.eu\/#organization\",\"name\":\"IBCparts\",\"url\":\"https:\/\/ibcparts.eu\/\",\"logo\":{\"@type\":\"ImageObject\",\"inLanguage\":\"hr\",\"@id\":\"https:\/\/ibcparts.eu\/#\/schema\/logo\/image\/\",\"url\":\"https:\/\/ibcparts.eu\/wp-content\/uploads\/2021\/10\/Footer-Logo.png\",\"contentUrl\":\"https:\/\/ibcparts.eu\/wp-content\/uploads\/2021\/10\/Footer-Logo.png\",\"width\":1992,\"height\":772,\"caption\":\"IBCparts\"},\"image\":{\"@id\":\"https:\/\/ibcparts.eu\/#\/schema\/logo\/image\/\"}}]}<\/script>\n<!-- \/ Yoast SEO plugin. -->","yoast_head_json":{"title":"Pokrov\u010dek ventila S60 za IBC cisterno, poln, \u010drn | IBCparts.eu","description":"Dvodelni pokrov\u010dek ventila S60x6 za IBC cisterno. Izdelan iz PP, s tesnilom iz PE pene za zanesno zapiranje in za\u0161\u010dito ventila.","robots":{"index":"index","follow":"follow","max-snippet":"max-snippet:-1","max-image-preview":"max-image-preview:large","max-video-preview":"max-video-preview:-1"},"canonical":"https:\/\/ibcparts.eu\/hr\/proizvod\/cep-ventila-s60-puni-crni\/","og_locale":"hr_HR","og_type":"article","og_title":"Pokrov\u010dek ventila S60 za IBC cisterno, poln, \u010drn | IBCparts.eu","og_description":"Dvodelni pokrov\u010dek ventila S60x6 za IBC cisterno. Izdelan iz PP, s tesnilom iz PE pene za zanesno zapiranje in za\u0161\u010dito ventila.","og_url":"https:\/\/ibcparts.eu\/hr\/proizvod\/cep-ventila-s60-puni-crni\/","og_site_name":"IBCparts.eu","article_modified_time":"2026-01-13T12:51:27+00:00","og_image":[{"width":500,"height":500,"url":"https:\/\/ibcparts.eu\/wp-content\/uploads\/2025\/11\/Pokrovcek-ventila-IBC-cisterne-S60-poln-crn.png","type":"image\/png"}],"twitter_card":"summary_large_image","schema":{"@context":"https:\/\/schema.org","@graph":[{"@type":"WebPage","@id":"https:\/\/ibcparts.eu\/izdelek\/pokrovcek-ventila-s60-poln-crn\/","url":"https:\/\/ibcparts.eu\/izdelek\/pokrovcek-ventila-s60-poln-crn\/","name":"Pokrov\u010dek ventila S60 za IBC cisterno, poln, \u010drn | IBCparts.eu","isPartOf":{"@id":"https:\/\/ibcparts.eu\/#website"},"primaryImageOfPage":{"@id":"https:\/\/ibcparts.eu\/izdelek\/pokrovcek-ventila-s60-poln-crn\/#primaryimage"},"image":{"@id":"https:\/\/ibcparts.eu\/izdelek\/pokrovcek-ventila-s60-poln-crn\/#primaryimage"},"thumbnailUrl":"https:\/\/ibcparts.eu\/wp-content\/uploads\/2025\/11\/Pokrovcek-ventila-IBC-cisterne-S60-poln-crn.png","datePublished":"2025-11-13T08:33:12+00:00","dateModified":"2026-01-13T12:51:27+00:00","description":"Dvodelni pokrov\u010dek ventila S60x6 za IBC cisterno. Izdelan iz PP, s tesnilom iz PE pene za zanesno zapiranje in za\u0161\u010dito ventila.","breadcrumb":{"@id":"https:\/\/ibcparts.eu\/izdelek\/pokrovcek-ventila-s60-poln-crn\/#breadcrumb"},"inLanguage":"hr","potentialAction":[{"@type":"ReadAction","target":["https:\/\/ibcparts.eu\/izdelek\/pokrovcek-ventila-s60-poln-crn\/"]}]},{"@type":"ImageObject","inLanguage":"hr","@id":"https:\/\/ibcparts.eu\/izdelek\/pokrovcek-ventila-s60-poln-crn\/#primaryimage","url":"https:\/\/ibcparts.eu\/wp-content\/uploads\/2025\/11\/Pokrovcek-ventila-IBC-cisterne-S60-poln-crn.png","contentUrl":"https:\/\/ibcparts.eu\/wp-content\/uploads\/2025\/11\/Pokrovcek-ventila-IBC-cisterne-S60-poln-crn.png","width":500,"height":500},{"@type":"BreadcrumbList","@id":"https:\/\/ibcparts.eu\/izdelek\/pokrovcek-ventila-s60-poln-crn\/#breadcrumb","itemListElement":[{"@type":"ListItem","position":1,"name":"Home","item":"https:\/\/ibcparts.eu\/"},{"@type":"ListItem","position":2,"name":"Nakupujte","item":"https:\/\/ibcparts.eu\/nakupujte\/"},{"@type":"ListItem","position":3,"name":"Pokrov\u010dek ventila S60 za IBC cisterno, poln, \u010drn"}]},{"@type":"WebSite","@id":"https:\/\/ibcparts.eu\/#website","url":"https:\/\/ibcparts.eu\/","name":"IBCparts.eu","description":"","publisher":{"@id":"https:\/\/ibcparts.eu\/#organization"},"potentialAction":[{"@type":"SearchAction","target":{"@type":"EntryPoint","urlTemplate":"https:\/\/ibcparts.eu\/?s={search_term_string}"},"query-input":{"@type":"PropertyValueSpecification","valueRequired":true,"valueName":"search_term_string"}}],"inLanguage":"hr"},{"@type":"Organization","@id":"https:\/\/ibcparts.eu\/#organization","name":"Dijelovi IBC-a","url":"https:\/\/ibcparts.eu\/","logo":{"@type":"ImageObject","inLanguage":"hr","@id":"https:\/\/ibcparts.eu\/#\/schema\/logo\/image\/","url":"https:\/\/ibcparts.eu\/wp-content\/uploads\/2021\/10\/Footer-Logo.png","contentUrl":"https:\/\/ibcparts.eu\/wp-content\/uploads\/2021\/10\/Footer-Logo.png","width":1992,"height":772,"caption":"IBCparts"},"image":{"@id":"https:\/\/ibcparts.eu\/#\/schema\/logo\/image\/"}}]}},"_links":{"self":[{"href":"https:\/\/ibcparts.eu\/hr\/wp-json\/wp\/v2\/product\/18049","targetHints":{"allow":["GET"]}}],"collection":[{"href":"https:\/\/ibcparts.eu\/hr\/wp-json\/wp\/v2\/product"}],"about":[{"href":"https:\/\/ibcparts.eu\/hr\/wp-json\/wp\/v2\/types\/product"}],"version-history":[{"count":6,"href":"https:\/\/ibcparts.eu\/hr\/wp-json\/wp\/v2\/product\/18049\/revisions"}],"predecessor-version":[{"id":20156,"href":"https:\/\/ibcparts.eu\/hr\/wp-json\/wp\/v2\/product\/18049\/revisions\/20156"}],"wp:featuredmedia":[{"embeddable":true,"href":"https:\/\/ibcparts.eu\/hr\/wp-json\/wp\/v2\/media\/18051"}],"wp:attachment":[{"href":"https:\/\/ibcparts.eu\/hr\/wp-json\/wp\/v2\/media?parent=18049"}],"wp:term":[{"taxonomy":"product_brand","embeddable":true,"href":"https:\/\/ibcparts.eu\/hr\/wp-json\/wp\/v2\/product_brand?post=18049"},{"taxonomy":"product_cat","embeddable":true,"href":"https:\/\/ibcparts.eu\/hr\/wp-json\/wp\/v2\/product_cat?post=18049"},{"taxonomy":"product_tag","embeddable":true,"href":"https:\/\/ibcparts.eu\/hr\/wp-json\/wp\/v2\/product_tag?post=18049"}],"curies":[{"name":"wp","href":"https:\/\/api.w.org\/{rel}","templated":true}]}}