{"id":16250,"date":"2024-02-01T11:52:27","date_gmt":"2024-02-01T10:52:27","guid":{"rendered":"https:\/\/ibcparts.eu\/?post_type=product&#038;p=16250"},"modified":"2026-02-09T08:10:18","modified_gmt":"2026-02-09T07:10:18","slug":"komplet-pro-1-lite","status":"publish","type":"product","link":"https:\/\/ibcparts.eu\/hr\/proizvod\/komplet-pro-1-lite\/","title":{"rendered":"PRO 1\u2033 Lite komplet (produ\u017eeni ru\u010dak) za IBC cisternu"},"content":{"rendered":"","protected":false},"excerpt":{"rendered":"<h2 data-start=\"179\" data-end=\"255\"><strong data-start=\"183\" data-end=\"255\">PRO 1\u2033 Lite komplet s produ\u017eenom ru\u010dkom \u2013 priklju\u010dna slavina za IBC cisternu (S60x6 \/ DN50)<\/strong><\/h2>\n<p data-start=\"257\" data-end=\"503\" class=\" translation-block\">Priklju\u010dna slavina za IBC cisternu s PRO reduktorom i 1\u2033 Lite metalnom slavinom. Komplet je ve\u0107 sastavljen i djeluje kao pouzdan adapter za IBC cisternu, prikladan za ve\u0107inu standardnih IBC cisterni s grubim navojem S60x6 (DN50).<\/p>\n<p data-start=\"505\" data-end=\"766\" class=\" translation-block\">1\u2033 Lite slavina namijenjena je brzom pretakanju vode, prvenstveno izravno u zalijeva\u010du ili drugu posudu. Zbog svoje konstrukcije ne omogu\u0107uje priklju\u010dak vrtne cijevi, ali ima veliki unutarnji promjer od 15 mm, \u0161to osigurava visok protok uz jednostavnu i laganu konstrukciju.<\/p>\n<p data-start=\"768\" data-end=\"950\" class=\" translation-block\">Na izljevu slavine ugra\u0111ena je plasti\u010dna mre\u017eica za oblikovanje mlaza, koju po potrebi mo\u017eete jednostavno ukloniti ako se u cisterni nalaze ne\u010disto\u0107e.<\/p>\n<p data-start=\"952\" data-end=\"1177\">Glavna prednost kompleta je\u00a0<strong data-start=\"920\" data-end=\"935\">Reducir PRO<\/strong>, izdelan iz visokokakovostnega materiala (\u010disti PP, stru\u017een iz enega kosa, masiven) in opremljen z\u00a0<strong data-start=\"992\" data-end=\"1054\">NB\/SB gumijastim tesnilom. Certificirano za stik z \u017eivili<\/strong>. Na trgu pogosto najdemo zelo podobne, vendar z bistveno tanj\u0161o steno.<\/p>\n<p data-start=\"1179\" data-end=\"1339\" class=\" translation-block\">Komplet je kompatibilan s IBC cisternama s vanjskim promjerom navoja 55\u201362 mm i razmakom izme\u0111u navoja od ~6 mm, \u0161to predstavlja naj\u010de\u0161\u0107i standard kod IBC ventila.<\/p>\n<p data-start=\"1341\" data-end=\"1458\" class=\" translation-block\">Ako Va\u0161a IBC cisterna ima druga\u010diji tip ventila, mo\u017eete odabrati odgovaraju\u0107i IBC adapter ili nas kontaktirati za pomo\u0107.<\/p>\n<p data-start=\"1460\" data-end=\"1482\"><strong data-start=\"1460\" data-end=\"1482\">Klju\u010dne prednosti:<\/strong><\/p>\n<ul>\n<li data-start=\"1485\" data-end=\"1522\" class=\" translation-block\">Priklju\u010dna slavina za IBC cisternu<\/li>\n<li data-start=\"1525\" data-end=\"1569\" class=\" translation-block\">Djeluje kao adapter \/ priklju\u010dak za IBC ventil<\/li>\n<li data-start=\"1572\" data-end=\"1607\" class=\" translation-block\">Standardni navoj S60x6 \/ DN50<\/li>\n<li data-start=\"1610\" data-end=\"1660\" class=\" translation-block\">PRO reduktor s NB\/SB brtvom (prikladno za kontakt s hranom)<\/li>\n<li data-start=\"1663\" data-end=\"1694\"><strong data-start=\"1663\" data-end=\"1692\">1\u2033 Lite metalna slavina s produ\u017eenim ru\u010dkom<\/strong><\/li>\n<li data-start=\"1697\" data-end=\"1740\" class=\" translation-block\">Unutarnji promjer 15 mm za brz protok<\/li>\n<li data-start=\"1743\" data-end=\"1775\">Idealna za to\u010denje u zalijeva\u010du<\/li>\n<\/ul>\n<p class=\" translation-block\">Ako Va\u0161a cisterna ima druga\u010diji ventil, tip ventila mo\u017eete provjeriti <a href=\"https:\/\/ibcparts.eu\/hr\/ibc-info\/\" target=\"_self\">ovdje<\/a> i zatim odabrati odgovaraju\u0107i adapter. Ako i dalje niste potpuno sigurni, molimo kontaktirajte nas.<\/p>","protected":false},"featured_media":16251,"template":"","meta":[],"product_brand":[],"product_cat":[173],"product_tag":[],"class_list":{"0":"post-16250","1":"product","2":"type-product","3":"status-publish","4":"has-post-thumbnail","6":"product_cat-kompleti-pro","8":"first","9":"instock","10":"shipping-taxable","11":"purchasable","12":"product-type-simple"},"yoast_head":"<!-- This site is optimized with the Yoast SEO plugin v27.1.1 - https:\/\/yoast.com\/product\/yoast-seo-wordpress\/ -->\n<title>Komplet PRO\u00a01&quot; Lite za IBC cisterno | IBCparts.eu<\/title>\n<meta name=\"description\" content=\"Priklju\u010dna pipa oziroma adapter za IBC cisterno S60x6 (DN50) z 1\u2033 Lite kovinsko pipo z dalj\u0161im ro\u010dajem. Hiter pretok, primerna za zalivalko.\" \/>\n<meta name=\"robots\" content=\"index, follow, max-snippet:-1, max-image-preview:large, max-video-preview:-1\" \/>\n<link rel=\"canonical\" href=\"https:\/\/ibcparts.eu\/hr\/proizvod\/komplet-pro-1-lite\/\" \/>\n<meta property=\"og:locale\" content=\"hr_HR\" \/>\n<meta property=\"og:type\" content=\"article\" \/>\n<meta property=\"og:title\" content=\"Komplet PRO\u00a01&quot; Lite za IBC cisterno | IBCparts.eu\" \/>\n<meta property=\"og:description\" content=\"Priklju\u010dna pipa oziroma adapter za IBC cisterno S60x6 (DN50) z 1\u2033 Lite kovinsko pipo z dalj\u0161im ro\u010dajem. Hiter pretok, primerna za zalivalko.\" \/>\n<meta property=\"og:url\" content=\"https:\/\/ibcparts.eu\/hr\/proizvod\/komplet-pro-1-lite\/\" \/>\n<meta property=\"og:site_name\" content=\"IBCparts.eu\" \/>\n<meta property=\"article:modified_time\" content=\"2026-02-09T07:10:18+00:00\" \/>\n<meta property=\"og:image\" content=\"https:\/\/ibcparts.eu\/wp-content\/uploads\/2024\/02\/komplet-pro-1-orig-removebg-preview.png\" \/>\n\t<meta property=\"og:image:width\" content=\"500\" \/>\n\t<meta property=\"og:image:height\" content=\"500\" \/>\n\t<meta property=\"og:image:type\" content=\"image\/png\" \/>\n<meta name=\"twitter:card\" content=\"summary_large_image\" \/>\n<script type=\"application\/ld+json\" class=\"yoast-schema-graph\">{\"@context\":\"https:\/\/schema.org\",\"@graph\":[{\"@type\":\"WebPage\",\"@id\":\"https:\/\/ibcparts.eu\/izdelek\/komplet-pro-1-lite\/\",\"url\":\"https:\/\/ibcparts.eu\/izdelek\/komplet-pro-1-lite\/\",\"name\":\"Komplet PRO\u00a01\\\" Lite za IBC cisterno | IBCparts.eu\",\"isPartOf\":{\"@id\":\"https:\/\/ibcparts.eu\/#website\"},\"primaryImageOfPage\":{\"@id\":\"https:\/\/ibcparts.eu\/izdelek\/komplet-pro-1-lite\/#primaryimage\"},\"image\":{\"@id\":\"https:\/\/ibcparts.eu\/izdelek\/komplet-pro-1-lite\/#primaryimage\"},\"thumbnailUrl\":\"https:\/\/ibcparts.eu\/wp-content\/uploads\/2024\/02\/komplet-pro-1-orig-removebg-preview.png\",\"datePublished\":\"2024-02-01T10:52:27+00:00\",\"dateModified\":\"2026-02-09T07:10:18+00:00\",\"description\":\"Priklju\u010dna pipa oziroma adapter za IBC cisterno S60x6 (DN50) z 1\u2033 Lite kovinsko pipo z dalj\u0161im ro\u010dajem. Hiter pretok, primerna za zalivalko.\",\"breadcrumb\":{\"@id\":\"https:\/\/ibcparts.eu\/izdelek\/komplet-pro-1-lite\/#breadcrumb\"},\"inLanguage\":\"hr\",\"potentialAction\":[{\"@type\":\"ReadAction\",\"target\":[\"https:\/\/ibcparts.eu\/izdelek\/komplet-pro-1-lite\/\"]}]},{\"@type\":\"ImageObject\",\"inLanguage\":\"hr\",\"@id\":\"https:\/\/ibcparts.eu\/izdelek\/komplet-pro-1-lite\/#primaryimage\",\"url\":\"https:\/\/ibcparts.eu\/wp-content\/uploads\/2024\/02\/komplet-pro-1-orig-removebg-preview.png\",\"contentUrl\":\"https:\/\/ibcparts.eu\/wp-content\/uploads\/2024\/02\/komplet-pro-1-orig-removebg-preview.png\",\"width\":500,\"height\":500,\"caption\":\"Priklju\u010dna pipa oziroma adapter za IBC cisterno S60x6 (DN50) z 1\u2033 Lite kovinsko pipo z dalj\u0161im ro\u010dajem.\"},{\"@type\":\"BreadcrumbList\",\"@id\":\"https:\/\/ibcparts.eu\/izdelek\/komplet-pro-1-lite\/#breadcrumb\",\"itemListElement\":[{\"@type\":\"ListItem\",\"position\":1,\"name\":\"Home\",\"item\":\"https:\/\/ibcparts.eu\/\"},{\"@type\":\"ListItem\",\"position\":2,\"name\":\"Nakupujte\",\"item\":\"https:\/\/ibcparts.eu\/nakupujte\/\"},{\"@type\":\"ListItem\",\"position\":3,\"name\":\"Komplet PRO\u00a01&#8243; Lite za IBC cisterno\"}]},{\"@type\":\"WebSite\",\"@id\":\"https:\/\/ibcparts.eu\/#website\",\"url\":\"https:\/\/ibcparts.eu\/\",\"name\":\"IBCparts.eu\",\"description\":\"\",\"publisher\":{\"@id\":\"https:\/\/ibcparts.eu\/#organization\"},\"potentialAction\":[{\"@type\":\"SearchAction\",\"target\":{\"@type\":\"EntryPoint\",\"urlTemplate\":\"https:\/\/ibcparts.eu\/?s={search_term_string}\"},\"query-input\":{\"@type\":\"PropertyValueSpecification\",\"valueRequired\":true,\"valueName\":\"search_term_string\"}}],\"inLanguage\":\"hr\"},{\"@type\":\"Organization\",\"@id\":\"https:\/\/ibcparts.eu\/#organization\",\"name\":\"IBCparts\",\"url\":\"https:\/\/ibcparts.eu\/\",\"logo\":{\"@type\":\"ImageObject\",\"inLanguage\":\"hr\",\"@id\":\"https:\/\/ibcparts.eu\/#\/schema\/logo\/image\/\",\"url\":\"https:\/\/ibcparts.eu\/wp-content\/uploads\/2021\/10\/Footer-Logo.png\",\"contentUrl\":\"https:\/\/ibcparts.eu\/wp-content\/uploads\/2021\/10\/Footer-Logo.png\",\"width\":1992,\"height\":772,\"caption\":\"IBCparts\"},\"image\":{\"@id\":\"https:\/\/ibcparts.eu\/#\/schema\/logo\/image\/\"}}]}<\/script>\n<!-- \/ Yoast SEO plugin. -->","yoast_head_json":{"title":"Komplet PRO\u00a01\" Lite za IBC cisterno | IBCparts.eu","description":"Priklju\u010dna pipa oziroma adapter za IBC cisterno S60x6 (DN50) z 1\u2033 Lite kovinsko pipo z dalj\u0161im ro\u010dajem. Hiter pretok, primerna za zalivalko.","robots":{"index":"index","follow":"follow","max-snippet":"max-snippet:-1","max-image-preview":"max-image-preview:large","max-video-preview":"max-video-preview:-1"},"canonical":"https:\/\/ibcparts.eu\/hr\/proizvod\/komplet-pro-1-lite\/","og_locale":"hr_HR","og_type":"article","og_title":"Komplet PRO\u00a01\" Lite za IBC cisterno | IBCparts.eu","og_description":"Priklju\u010dna pipa oziroma adapter za IBC cisterno S60x6 (DN50) z 1\u2033 Lite kovinsko pipo z dalj\u0161im ro\u010dajem. Hiter pretok, primerna za zalivalko.","og_url":"https:\/\/ibcparts.eu\/hr\/proizvod\/komplet-pro-1-lite\/","og_site_name":"IBCparts.eu","article_modified_time":"2026-02-09T07:10:18+00:00","og_image":[{"width":500,"height":500,"url":"https:\/\/ibcparts.eu\/wp-content\/uploads\/2024\/02\/komplet-pro-1-orig-removebg-preview.png","type":"image\/png"}],"twitter_card":"summary_large_image","schema":{"@context":"https:\/\/schema.org","@graph":[{"@type":"WebPage","@id":"https:\/\/ibcparts.eu\/izdelek\/komplet-pro-1-lite\/","url":"https:\/\/ibcparts.eu\/izdelek\/komplet-pro-1-lite\/","name":"Komplet PRO\u00a01\" Lite za IBC cisterno | IBCparts.eu","isPartOf":{"@id":"https:\/\/ibcparts.eu\/#website"},"primaryImageOfPage":{"@id":"https:\/\/ibcparts.eu\/izdelek\/komplet-pro-1-lite\/#primaryimage"},"image":{"@id":"https:\/\/ibcparts.eu\/izdelek\/komplet-pro-1-lite\/#primaryimage"},"thumbnailUrl":"https:\/\/ibcparts.eu\/wp-content\/uploads\/2024\/02\/komplet-pro-1-orig-removebg-preview.png","datePublished":"2024-02-01T10:52:27+00:00","dateModified":"2026-02-09T07:10:18+00:00","description":"Priklju\u010dna pipa oziroma adapter za IBC cisterno S60x6 (DN50) z 1\u2033 Lite kovinsko pipo z dalj\u0161im ro\u010dajem. Hiter pretok, primerna za zalivalko.","breadcrumb":{"@id":"https:\/\/ibcparts.eu\/izdelek\/komplet-pro-1-lite\/#breadcrumb"},"inLanguage":"hr","potentialAction":[{"@type":"ReadAction","target":["https:\/\/ibcparts.eu\/izdelek\/komplet-pro-1-lite\/"]}]},{"@type":"ImageObject","inLanguage":"hr","@id":"https:\/\/ibcparts.eu\/izdelek\/komplet-pro-1-lite\/#primaryimage","url":"https:\/\/ibcparts.eu\/wp-content\/uploads\/2024\/02\/komplet-pro-1-orig-removebg-preview.png","contentUrl":"https:\/\/ibcparts.eu\/wp-content\/uploads\/2024\/02\/komplet-pro-1-orig-removebg-preview.png","width":500,"height":500,"caption":"Priklju\u010dna pipa oziroma adapter za IBC cisterno S60x6 (DN50) z 1\u2033 Lite kovinsko pipo z dalj\u0161im ro\u010dajem."},{"@type":"BreadcrumbList","@id":"https:\/\/ibcparts.eu\/izdelek\/komplet-pro-1-lite\/#breadcrumb","itemListElement":[{"@type":"ListItem","position":1,"name":"Home","item":"https:\/\/ibcparts.eu\/"},{"@type":"ListItem","position":2,"name":"Nakupujte","item":"https:\/\/ibcparts.eu\/nakupujte\/"},{"@type":"ListItem","position":3,"name":"Komplet PRO\u00a01&#8243; Lite za IBC cisterno"}]},{"@type":"WebSite","@id":"https:\/\/ibcparts.eu\/#website","url":"https:\/\/ibcparts.eu\/","name":"IBCparts.eu","description":"","publisher":{"@id":"https:\/\/ibcparts.eu\/#organization"},"potentialAction":[{"@type":"SearchAction","target":{"@type":"EntryPoint","urlTemplate":"https:\/\/ibcparts.eu\/?s={search_term_string}"},"query-input":{"@type":"PropertyValueSpecification","valueRequired":true,"valueName":"search_term_string"}}],"inLanguage":"hr"},{"@type":"Organization","@id":"https:\/\/ibcparts.eu\/#organization","name":"Dijelovi IBC-a","url":"https:\/\/ibcparts.eu\/","logo":{"@type":"ImageObject","inLanguage":"hr","@id":"https:\/\/ibcparts.eu\/#\/schema\/logo\/image\/","url":"https:\/\/ibcparts.eu\/wp-content\/uploads\/2021\/10\/Footer-Logo.png","contentUrl":"https:\/\/ibcparts.eu\/wp-content\/uploads\/2021\/10\/Footer-Logo.png","width":1992,"height":772,"caption":"IBCparts"},"image":{"@id":"https:\/\/ibcparts.eu\/#\/schema\/logo\/image\/"}}]}},"_links":{"self":[{"href":"https:\/\/ibcparts.eu\/hr\/wp-json\/wp\/v2\/product\/16250","targetHints":{"allow":["GET"]}}],"collection":[{"href":"https:\/\/ibcparts.eu\/hr\/wp-json\/wp\/v2\/product"}],"about":[{"href":"https:\/\/ibcparts.eu\/hr\/wp-json\/wp\/v2\/types\/product"}],"version-history":[{"count":5,"href":"https:\/\/ibcparts.eu\/hr\/wp-json\/wp\/v2\/product\/16250\/revisions"}],"predecessor-version":[{"id":20552,"href":"https:\/\/ibcparts.eu\/hr\/wp-json\/wp\/v2\/product\/16250\/revisions\/20552"}],"wp:featuredmedia":[{"embeddable":true,"href":"https:\/\/ibcparts.eu\/hr\/wp-json\/wp\/v2\/media\/16251"}],"wp:attachment":[{"href":"https:\/\/ibcparts.eu\/hr\/wp-json\/wp\/v2\/media?parent=16250"}],"wp:term":[{"taxonomy":"product_brand","embeddable":true,"href":"https:\/\/ibcparts.eu\/hr\/wp-json\/wp\/v2\/product_brand?post=16250"},{"taxonomy":"product_cat","embeddable":true,"href":"https:\/\/ibcparts.eu\/hr\/wp-json\/wp\/v2\/product_cat?post=16250"},{"taxonomy":"product_tag","embeddable":true,"href":"https:\/\/ibcparts.eu\/hr\/wp-json\/wp\/v2\/product_tag?post=16250"}],"curies":[{"name":"wp","href":"https:\/\/api.w.org\/{rel}","templated":true}]}}