{"id":16244,"date":"2024-02-01T11:48:45","date_gmt":"2024-02-01T10:48:45","guid":{"rendered":"https:\/\/ibcparts.eu\/?post_type=product&#038;p=16244"},"modified":"2026-02-09T08:05:07","modified_gmt":"2026-02-09T07:05:07","slug":"komplet-pro-3-4-dvojna-pipa-pro","status":"publish","type":"product","link":"https:\/\/ibcparts.eu\/hr\/proizvod\/komplet-pro-3-4-dvojna-pipa-pro\/","title":{"rendered":"PRO 3\/4\u2033 komplet \u2013 dvostruka PRO slavina za IBC cisternu"},"content":{"rendered":"","protected":false},"excerpt":{"rendered":"<h2 data-start=\"217\" data-end=\"299\"><strong data-start=\"221\" data-end=\"299\">PRO 3\/4\u2033 komplet \u2013 dvostruka metalna slavina za IBC cisternu (S60x6 \/ DN50)<\/strong><\/h2>\n<p data-start=\"301\" data-end=\"551\" class=\" translation-block\">Priklju\u010dna slavina za IBC cisternu s PRO reduktorom i 3\/4\u2033 dvostrukom metalnom PRO slavinom. Komplet je ve\u0107 sastavljen i djeluje kao pouzdan adapter za IBC cisternu, prikladan za ve\u0107inu standardnih IBC cisterni s grubim navojem S60x6 (DN50).<\/p>\n<p data-start=\"553\" data-end=\"918\" class=\" translation-block\">3\/4\u2033 dvostruka PRO slavina vrlo je prakti\u010dno rje\u0161enje jer omogu\u0107uje stalan priklju\u010dak vrtne cijevi, a istovremeno i pretakanje vode u zalijeva\u010du. \u010cak i kada su oba izlaza istovremeno otvorena, protok je vrlo dobar \u2013 unutarnji promjer slavine iznosi 12 mm. Slavina je opremljena mini produ\u017eetkom koji je pomi\u010de dalje od cisterne te olak\u0161ava priklju\u010divanje i kori\u0161tenje vrtne cijevi.<\/p>\n<p data-start=\"920\" data-end=\"1037\" class=\" translation-block\">Na slavinu se mo\u017ee pri\u010dvrstiti i dodatni \u201eklik\u201c nastavak za vrtno crijevo \u2013 ovoj slavini odgovara priklju\u010dak s 1\u2033 navojem.<\/p>\n<p data-start=\"1039\" data-end=\"1226\" class=\" translation-block\">Na izljevu slavine ugra\u0111ena je plasti\u010dna mre\u017eica za oblikovanje mlaza, koju po potrebi mo\u017eete jednostavno ukloniti ako se u cisterni nalaze ne\u010disto\u0107e.<\/p>\n<p data-start=\"1228\" data-end=\"1453\">Glavna prednost kompleta je\u00a0<strong data-start=\"920\" data-end=\"935\">Reducir PRO<\/strong>, izdelan iz visokokakovostnega materiala (\u010disti PP, stru\u017een iz enega kosa, masiven) in opremljen z\u00a0<strong data-start=\"992\" data-end=\"1054\">NB\/SB gumijastim tesnilom. Certificirano za stik z \u017eivili<\/strong>. Na trgu pogosto najdemo zelo podobne, vendar z bistveno tanj\u0161o steno.<\/p>\n<p data-start=\"1455\" data-end=\"1615\" class=\" translation-block\">Komplet je kompatibilan s IBC cisternama s vanjskim promjerom navoja 55\u201362 mm i razmakom izme\u0111u navoja od ~6 mm, \u0161to predstavlja naj\u010de\u0161\u0107i standard kod IBC ventila.<\/p>\n<p data-start=\"1617\" data-end=\"1734\" class=\" translation-block\">Ako Va\u0161a IBC cisterna ima druga\u010diji tip ventila, mo\u017eete odabrati odgovaraju\u0107i IBC adapter ili nas kontaktirati za pomo\u0107.<\/p>\n<p data-start=\"1736\" data-end=\"1758\"><strong data-start=\"1736\" data-end=\"1758\">Klju\u010dne prednosti:<\/strong><\/p>\n<ul>\n<li data-start=\"1761\" data-end=\"1798\" class=\" translation-block\">Priklju\u010dna slavina za IBC cisternu<\/li>\n<li data-start=\"1801\" data-end=\"1845\" class=\" translation-block\">Djeluje kao adapter \/ priklju\u010dak za IBC ventil<\/li>\n<li data-start=\"1848\" data-end=\"1883\" class=\" translation-block\">Standardni navoj S60x6 \/ DN50<\/li>\n<li data-start=\"1886\" data-end=\"1936\" class=\" translation-block\">PRO reduktor s NB\/SB brtvom (prikladno za kontakt s hranom)<\/li>\n<li data-start=\"1939\" data-end=\"1974\"><strong data-start=\"1939\" data-end=\"1972\">3\/4\u2033 dvostruka metalna PRO slavina<\/strong><\/li>\n<li data-start=\"1977\" data-end=\"2016\" class=\" translation-block\">Omogu\u0107uje stalan priklju\u010dak vrtne cijevi<\/li>\n<li data-start=\"2019\" data-end=\"2063\">Dobar protok \u010dak i kada su oba izlaza otvorena<\/li>\n<li data-start=\"2066\" data-end=\"2109\">Mini produ\u017eetak za lak\u0161i pristup i priklju\u010divanje<\/li>\n<\/ul>\n<p class=\" translation-block\">Ako Va\u0161a cisterna ima druga\u010diji ventil, tip ventila mo\u017eete provjeriti <a href=\"https:\/\/ibcparts.eu\/hr\/ibc-info\/\" target=\"_self\">ovdje<\/a> i zatim odabrati odgovaraju\u0107i adapter. Ako i dalje niste potpuno sigurni, molimo kontaktirajte nas.<\/p>","protected":false},"featured_media":16245,"template":"","meta":[],"product_brand":[],"product_cat":[173],"product_tag":[],"class_list":{"0":"post-16244","1":"product","2":"type-product","3":"status-publish","4":"has-post-thumbnail","6":"product_cat-kompleti-pro","8":"first","9":"instock","10":"shipping-taxable","11":"purchasable","12":"product-type-simple"},"yoast_head":"<!-- This site is optimized with the Yoast SEO plugin v27.1.1 - https:\/\/yoast.com\/product\/yoast-seo-wordpress\/ -->\n<title>Komplet PRO\u00a03\/4&quot; dvojna pipa PRO za IBC cisterno | IBCparts.eu<\/title>\n<meta name=\"description\" content=\"Priklju\u010dna pipa oziroma adapter za IBC cisterno S60x6 (DN50) z 3\/4\u2033 dvojno kovinsko pipo PRO. Stalen priklop vrtne cevi in dober pretok.\" \/>\n<meta name=\"robots\" content=\"index, follow, max-snippet:-1, max-image-preview:large, max-video-preview:-1\" \/>\n<link rel=\"canonical\" href=\"https:\/\/ibcparts.eu\/hr\/proizvod\/komplet-pro-3-4-dvojna-pipa-pro\/\" \/>\n<meta property=\"og:locale\" content=\"hr_HR\" \/>\n<meta property=\"og:type\" content=\"article\" \/>\n<meta property=\"og:title\" content=\"Komplet PRO\u00a03\/4&quot; dvojna pipa PRO za IBC cisterno | IBCparts.eu\" \/>\n<meta property=\"og:description\" content=\"Priklju\u010dna pipa oziroma adapter za IBC cisterno S60x6 (DN50) z 3\/4\u2033 dvojno kovinsko pipo PRO. Stalen priklop vrtne cevi in dober pretok.\" \/>\n<meta property=\"og:url\" content=\"https:\/\/ibcparts.eu\/hr\/proizvod\/komplet-pro-3-4-dvojna-pipa-pro\/\" \/>\n<meta property=\"og:site_name\" content=\"IBCparts.eu\" \/>\n<meta property=\"article:modified_time\" content=\"2026-02-09T07:05:07+00:00\" \/>\n<meta property=\"og:image\" content=\"https:\/\/ibcparts.eu\/wp-content\/uploads\/2024\/02\/dvojna-34-pro-orig-removebg-preview.png\" \/>\n\t<meta property=\"og:image:width\" content=\"500\" \/>\n\t<meta property=\"og:image:height\" content=\"500\" \/>\n\t<meta property=\"og:image:type\" content=\"image\/png\" \/>\n<meta name=\"twitter:card\" content=\"summary_large_image\" \/>\n<script type=\"application\/ld+json\" class=\"yoast-schema-graph\">{\"@context\":\"https:\/\/schema.org\",\"@graph\":[{\"@type\":\"WebPage\",\"@id\":\"https:\/\/ibcparts.eu\/izdelek\/komplet-pro-3-4-dvojna-pipa-pro\/\",\"url\":\"https:\/\/ibcparts.eu\/izdelek\/komplet-pro-3-4-dvojna-pipa-pro\/\",\"name\":\"Komplet PRO\u00a03\/4\\\" dvojna pipa PRO za IBC cisterno | IBCparts.eu\",\"isPartOf\":{\"@id\":\"https:\/\/ibcparts.eu\/#website\"},\"primaryImageOfPage\":{\"@id\":\"https:\/\/ibcparts.eu\/izdelek\/komplet-pro-3-4-dvojna-pipa-pro\/#primaryimage\"},\"image\":{\"@id\":\"https:\/\/ibcparts.eu\/izdelek\/komplet-pro-3-4-dvojna-pipa-pro\/#primaryimage\"},\"thumbnailUrl\":\"https:\/\/ibcparts.eu\/wp-content\/uploads\/2024\/02\/dvojna-34-pro-orig-removebg-preview.png\",\"datePublished\":\"2024-02-01T10:48:45+00:00\",\"dateModified\":\"2026-02-09T07:05:07+00:00\",\"description\":\"Priklju\u010dna pipa oziroma adapter za IBC cisterno S60x6 (DN50) z 3\/4\u2033 dvojno kovinsko pipo PRO. Stalen priklop vrtne cevi in dober pretok.\",\"breadcrumb\":{\"@id\":\"https:\/\/ibcparts.eu\/izdelek\/komplet-pro-3-4-dvojna-pipa-pro\/#breadcrumb\"},\"inLanguage\":\"hr\",\"potentialAction\":[{\"@type\":\"ReadAction\",\"target\":[\"https:\/\/ibcparts.eu\/izdelek\/komplet-pro-3-4-dvojna-pipa-pro\/\"]}]},{\"@type\":\"ImageObject\",\"inLanguage\":\"hr\",\"@id\":\"https:\/\/ibcparts.eu\/izdelek\/komplet-pro-3-4-dvojna-pipa-pro\/#primaryimage\",\"url\":\"https:\/\/ibcparts.eu\/wp-content\/uploads\/2024\/02\/dvojna-34-pro-orig-removebg-preview.png\",\"contentUrl\":\"https:\/\/ibcparts.eu\/wp-content\/uploads\/2024\/02\/dvojna-34-pro-orig-removebg-preview.png\",\"width\":500,\"height\":500,\"caption\":\"Priklju\u010dna pipa oziroma adapter za IBC cisterno S60x6 (DN50) z 3\/4\u2033 dvojno kovinsko pipo PRO\"},{\"@type\":\"BreadcrumbList\",\"@id\":\"https:\/\/ibcparts.eu\/izdelek\/komplet-pro-3-4-dvojna-pipa-pro\/#breadcrumb\",\"itemListElement\":[{\"@type\":\"ListItem\",\"position\":1,\"name\":\"Home\",\"item\":\"https:\/\/ibcparts.eu\/\"},{\"@type\":\"ListItem\",\"position\":2,\"name\":\"Nakupujte\",\"item\":\"https:\/\/ibcparts.eu\/nakupujte\/\"},{\"@type\":\"ListItem\",\"position\":3,\"name\":\"Komplet PRO\u00a03\/4&#8243; dvojna pipa PRO za IBC cisterno\"}]},{\"@type\":\"WebSite\",\"@id\":\"https:\/\/ibcparts.eu\/#website\",\"url\":\"https:\/\/ibcparts.eu\/\",\"name\":\"IBCparts.eu\",\"description\":\"\",\"publisher\":{\"@id\":\"https:\/\/ibcparts.eu\/#organization\"},\"potentialAction\":[{\"@type\":\"SearchAction\",\"target\":{\"@type\":\"EntryPoint\",\"urlTemplate\":\"https:\/\/ibcparts.eu\/?s={search_term_string}\"},\"query-input\":{\"@type\":\"PropertyValueSpecification\",\"valueRequired\":true,\"valueName\":\"search_term_string\"}}],\"inLanguage\":\"hr\"},{\"@type\":\"Organization\",\"@id\":\"https:\/\/ibcparts.eu\/#organization\",\"name\":\"IBCparts\",\"url\":\"https:\/\/ibcparts.eu\/\",\"logo\":{\"@type\":\"ImageObject\",\"inLanguage\":\"hr\",\"@id\":\"https:\/\/ibcparts.eu\/#\/schema\/logo\/image\/\",\"url\":\"https:\/\/ibcparts.eu\/wp-content\/uploads\/2021\/10\/Footer-Logo.png\",\"contentUrl\":\"https:\/\/ibcparts.eu\/wp-content\/uploads\/2021\/10\/Footer-Logo.png\",\"width\":1992,\"height\":772,\"caption\":\"IBCparts\"},\"image\":{\"@id\":\"https:\/\/ibcparts.eu\/#\/schema\/logo\/image\/\"}}]}<\/script>\n<!-- \/ Yoast SEO plugin. -->","yoast_head_json":{"title":"Komplet PRO\u00a03\/4\" dvojna pipa PRO za IBC cisterno | IBCparts.eu","description":"Priklju\u010dna pipa oziroma adapter za IBC cisterno S60x6 (DN50) z 3\/4\u2033 dvojno kovinsko pipo PRO. Stalen priklop vrtne cevi in dober pretok.","robots":{"index":"index","follow":"follow","max-snippet":"max-snippet:-1","max-image-preview":"max-image-preview:large","max-video-preview":"max-video-preview:-1"},"canonical":"https:\/\/ibcparts.eu\/hr\/proizvod\/komplet-pro-3-4-dvojna-pipa-pro\/","og_locale":"hr_HR","og_type":"article","og_title":"Komplet PRO\u00a03\/4\" dvojna pipa PRO za IBC cisterno | IBCparts.eu","og_description":"Priklju\u010dna pipa oziroma adapter za IBC cisterno S60x6 (DN50) z 3\/4\u2033 dvojno kovinsko pipo PRO. Stalen priklop vrtne cevi in dober pretok.","og_url":"https:\/\/ibcparts.eu\/hr\/proizvod\/komplet-pro-3-4-dvojna-pipa-pro\/","og_site_name":"IBCparts.eu","article_modified_time":"2026-02-09T07:05:07+00:00","og_image":[{"width":500,"height":500,"url":"https:\/\/ibcparts.eu\/wp-content\/uploads\/2024\/02\/dvojna-34-pro-orig-removebg-preview.png","type":"image\/png"}],"twitter_card":"summary_large_image","schema":{"@context":"https:\/\/schema.org","@graph":[{"@type":"WebPage","@id":"https:\/\/ibcparts.eu\/izdelek\/komplet-pro-3-4-dvojna-pipa-pro\/","url":"https:\/\/ibcparts.eu\/izdelek\/komplet-pro-3-4-dvojna-pipa-pro\/","name":"Komplet PRO\u00a03\/4\" dvojna pipa PRO za IBC cisterno | IBCparts.eu","isPartOf":{"@id":"https:\/\/ibcparts.eu\/#website"},"primaryImageOfPage":{"@id":"https:\/\/ibcparts.eu\/izdelek\/komplet-pro-3-4-dvojna-pipa-pro\/#primaryimage"},"image":{"@id":"https:\/\/ibcparts.eu\/izdelek\/komplet-pro-3-4-dvojna-pipa-pro\/#primaryimage"},"thumbnailUrl":"https:\/\/ibcparts.eu\/wp-content\/uploads\/2024\/02\/dvojna-34-pro-orig-removebg-preview.png","datePublished":"2024-02-01T10:48:45+00:00","dateModified":"2026-02-09T07:05:07+00:00","description":"Priklju\u010dna pipa oziroma adapter za IBC cisterno S60x6 (DN50) z 3\/4\u2033 dvojno kovinsko pipo PRO. Stalen priklop vrtne cevi in dober pretok.","breadcrumb":{"@id":"https:\/\/ibcparts.eu\/izdelek\/komplet-pro-3-4-dvojna-pipa-pro\/#breadcrumb"},"inLanguage":"hr","potentialAction":[{"@type":"ReadAction","target":["https:\/\/ibcparts.eu\/izdelek\/komplet-pro-3-4-dvojna-pipa-pro\/"]}]},{"@type":"ImageObject","inLanguage":"hr","@id":"https:\/\/ibcparts.eu\/izdelek\/komplet-pro-3-4-dvojna-pipa-pro\/#primaryimage","url":"https:\/\/ibcparts.eu\/wp-content\/uploads\/2024\/02\/dvojna-34-pro-orig-removebg-preview.png","contentUrl":"https:\/\/ibcparts.eu\/wp-content\/uploads\/2024\/02\/dvojna-34-pro-orig-removebg-preview.png","width":500,"height":500,"caption":"Priklju\u010dna pipa oziroma adapter za IBC cisterno S60x6 (DN50) z 3\/4\u2033 dvojno kovinsko pipo PRO"},{"@type":"BreadcrumbList","@id":"https:\/\/ibcparts.eu\/izdelek\/komplet-pro-3-4-dvojna-pipa-pro\/#breadcrumb","itemListElement":[{"@type":"ListItem","position":1,"name":"Home","item":"https:\/\/ibcparts.eu\/"},{"@type":"ListItem","position":2,"name":"Nakupujte","item":"https:\/\/ibcparts.eu\/nakupujte\/"},{"@type":"ListItem","position":3,"name":"Komplet PRO\u00a03\/4&#8243; dvojna pipa PRO za IBC cisterno"}]},{"@type":"WebSite","@id":"https:\/\/ibcparts.eu\/#website","url":"https:\/\/ibcparts.eu\/","name":"IBCparts.eu","description":"","publisher":{"@id":"https:\/\/ibcparts.eu\/#organization"},"potentialAction":[{"@type":"SearchAction","target":{"@type":"EntryPoint","urlTemplate":"https:\/\/ibcparts.eu\/?s={search_term_string}"},"query-input":{"@type":"PropertyValueSpecification","valueRequired":true,"valueName":"search_term_string"}}],"inLanguage":"hr"},{"@type":"Organization","@id":"https:\/\/ibcparts.eu\/#organization","name":"Dijelovi IBC-a","url":"https:\/\/ibcparts.eu\/","logo":{"@type":"ImageObject","inLanguage":"hr","@id":"https:\/\/ibcparts.eu\/#\/schema\/logo\/image\/","url":"https:\/\/ibcparts.eu\/wp-content\/uploads\/2021\/10\/Footer-Logo.png","contentUrl":"https:\/\/ibcparts.eu\/wp-content\/uploads\/2021\/10\/Footer-Logo.png","width":1992,"height":772,"caption":"IBCparts"},"image":{"@id":"https:\/\/ibcparts.eu\/#\/schema\/logo\/image\/"}}]}},"_links":{"self":[{"href":"https:\/\/ibcparts.eu\/hr\/wp-json\/wp\/v2\/product\/16244","targetHints":{"allow":["GET"]}}],"collection":[{"href":"https:\/\/ibcparts.eu\/hr\/wp-json\/wp\/v2\/product"}],"about":[{"href":"https:\/\/ibcparts.eu\/hr\/wp-json\/wp\/v2\/types\/product"}],"version-history":[{"count":5,"href":"https:\/\/ibcparts.eu\/hr\/wp-json\/wp\/v2\/product\/16244\/revisions"}],"predecessor-version":[{"id":20548,"href":"https:\/\/ibcparts.eu\/hr\/wp-json\/wp\/v2\/product\/16244\/revisions\/20548"}],"wp:featuredmedia":[{"embeddable":true,"href":"https:\/\/ibcparts.eu\/hr\/wp-json\/wp\/v2\/media\/16245"}],"wp:attachment":[{"href":"https:\/\/ibcparts.eu\/hr\/wp-json\/wp\/v2\/media?parent=16244"}],"wp:term":[{"taxonomy":"product_brand","embeddable":true,"href":"https:\/\/ibcparts.eu\/hr\/wp-json\/wp\/v2\/product_brand?post=16244"},{"taxonomy":"product_cat","embeddable":true,"href":"https:\/\/ibcparts.eu\/hr\/wp-json\/wp\/v2\/product_cat?post=16244"},{"taxonomy":"product_tag","embeddable":true,"href":"https:\/\/ibcparts.eu\/hr\/wp-json\/wp\/v2\/product_tag?post=16244"}],"curies":[{"name":"wp","href":"https:\/\/api.w.org\/{rel}","templated":true}]}}