{"id":16228,"date":"2024-02-01T11:35:11","date_gmt":"2024-02-01T10:35:11","guid":{"rendered":"https:\/\/ibcparts.eu\/?post_type=product&#038;p=16228"},"modified":"2025-12-31T11:20:28","modified_gmt":"2025-12-31T10:20:28","slug":"komplet-vortex-aqualink2","status":"publish","type":"product","link":"https:\/\/ibcparts.eu\/hr\/proizvod\/komplet-vortex-aqualink2\/","title":{"rendered":"Komplet Vortex AquaLink2"},"content":{"rendered":"","protected":false},"excerpt":{"rendered":"<h3 data-start=\"115\" data-end=\"157\">Komplet VORTEX AquaLink2 za IBC cisterne<\/h3>\n<ul>\n<li><strong data-start=\"207\" data-end=\"220\">Vrtljiv adapter za la\u017ejo monta\u017eo na IBC cisterno.<\/strong><\/li>\n<li data-start=\"161\" data-end=\"205\" class=\" translation-block\"><strong data-start=\"171\" data-end=\"184\">Materijal:<\/strong> visokokvalitetni PP (polipropilen)<\/li>\n<li data-start=\"208\" data-end=\"273\" class=\" translation-block\"><strong data-start=\"218\" data-end=\"230\">Brtva:<\/strong> EPDM guma od \u010distog materijala, <strong data-start=\"258\" data-end=\"281\">ekskluzivno kod nas<\/strong><\/li>\n<li data-start=\"276\" data-end=\"393\" class=\" translation-block\"><strong data-start=\"276\" data-end=\"287\">Ventil:<\/strong> <strong data-start=\"288\" data-end=\"304\">FF automatic<\/strong> \u2013 pouzdan ventil s dobrim protokom, izvrsno radi <strong data-start=\"358\" data-end=\"391\">bez pritiska (gravitacijski), ina\u010de do 10 bara.<\/strong><\/li>\n<li data-start=\"396\" data-end=\"456\" class=\" translation-block\"><strong data-start=\"396\" data-end=\"411\">Priklju\u010dak:<\/strong> plasti\u010dni <strong data-start=\"422\" data-end=\"454\">klik priklju\u010dak za vrtnu cijev<\/strong><\/li>\n<li data-start=\"459\" data-end=\"517\" class=\" translation-block\"><strong data-start=\"518\" data-end=\"530\">Monta\u017ea:<\/strong> sastavljeno za vas, spremno za uporabu<\/li>\n<li data-start=\"520\" data-end=\"579\" class=\" translation-block\"><strong data-start=\"579\" data-end=\"598\">Kompatibilnost:<\/strong> IBC cisterne s navojem <strong data-start=\"622\" data-end=\"638\">S60x6 (DN50) \u2013 to je klasi\u010dni, naj\u010de\u0161\u0107i navoj na cisternama.<\/strong><\/li>\n<\/ul>","protected":false},"featured_media":16229,"template":"","meta":[],"product_brand":[],"product_cat":[174],"product_tag":[],"class_list":{"0":"post-16228","1":"product","2":"type-product","3":"status-publish","4":"has-post-thumbnail","6":"product_cat-kompleti-vortex","8":"first","9":"instock","10":"shipping-taxable","11":"purchasable","12":"product-type-simple"},"yoast_head":"<!-- This site is optimized with the Yoast SEO plugin v27.1.1 - https:\/\/yoast.com\/product\/yoast-seo-wordpress\/ -->\n<title>Komplet Vortex AquaLink2 | IBCparts.eu<\/title>\n<meta name=\"description\" content=\"Komplet VORTEX (vrtljiv) za IBC cisterno z ventilom S60x6 s PP 3\/4&quot; ventilom in PP klik priklju\u010dkom za vrtno cev.\" \/>\n<meta name=\"robots\" content=\"index, follow, max-snippet:-1, max-image-preview:large, max-video-preview:-1\" \/>\n<link rel=\"canonical\" href=\"https:\/\/ibcparts.eu\/hr\/item\/komplet-vortex-aqualink2\/\" \/>\n<meta property=\"og:locale\" content=\"hr_HR\" \/>\n<meta property=\"og:type\" content=\"article\" \/>\n<meta property=\"og:title\" content=\"Komplet Vortex AquaLink2 | IBCparts.eu\" \/>\n<meta property=\"og:description\" content=\"Komplet VORTEX (vrtljiv) za IBC cisterno z ventilom S60x6 s PP 3\/4&quot; ventilom in PP klik priklju\u010dkom za vrtno cev.\" \/>\n<meta property=\"og:url\" content=\"https:\/\/ibcparts.eu\/hr\/item\/komplet-vortex-aqualink2\/\" \/>\n<meta property=\"og:site_name\" content=\"IBCparts.eu\" \/>\n<meta property=\"article:modified_time\" content=\"2025-12-31T10:20:28+00:00\" \/>\n<meta property=\"og:image\" content=\"https:\/\/ibcparts.eu\/wp-content\/uploads\/2024\/02\/komplet-vortex-aqualink2_orig.png\" \/>\n\t<meta property=\"og:image:width\" content=\"500\" \/>\n\t<meta property=\"og:image:height\" content=\"500\" \/>\n\t<meta property=\"og:image:type\" content=\"image\/png\" \/>\n<meta name=\"twitter:card\" content=\"summary_large_image\" \/>\n<script type=\"application\/ld+json\" class=\"yoast-schema-graph\">{\"@context\":\"https:\/\/schema.org\",\"@graph\":[{\"@type\":\"WebPage\",\"@id\":\"https:\/\/ibcparts.eu\/en\/item\/komplet-vortex-aqualink2\/\",\"url\":\"https:\/\/ibcparts.eu\/en\/item\/komplet-vortex-aqualink2\/\",\"name\":\"Komplet Vortex AquaLink2 | IBCparts.eu\",\"isPartOf\":{\"@id\":\"https:\/\/ibcparts.eu\/#website\"},\"primaryImageOfPage\":{\"@id\":\"https:\/\/ibcparts.eu\/en\/item\/komplet-vortex-aqualink2\/#primaryimage\"},\"image\":{\"@id\":\"https:\/\/ibcparts.eu\/en\/item\/komplet-vortex-aqualink2\/#primaryimage\"},\"thumbnailUrl\":\"https:\/\/ibcparts.eu\/wp-content\/uploads\/2024\/02\/komplet-vortex-aqualink2_orig.png\",\"datePublished\":\"2024-02-01T10:35:11+00:00\",\"dateModified\":\"2025-12-31T10:20:28+00:00\",\"description\":\"Komplet VORTEX (vrtljiv) za IBC cisterno z ventilom S60x6 s PP 3\/4\\\" ventilom in PP klik priklju\u010dkom za vrtno cev.\",\"breadcrumb\":{\"@id\":\"https:\/\/ibcparts.eu\/en\/item\/komplet-vortex-aqualink2\/#breadcrumb\"},\"inLanguage\":\"hr\",\"potentialAction\":[{\"@type\":\"ReadAction\",\"target\":[\"https:\/\/ibcparts.eu\/en\/item\/komplet-vortex-aqualink2\/\"]}]},{\"@type\":\"ImageObject\",\"inLanguage\":\"hr\",\"@id\":\"https:\/\/ibcparts.eu\/en\/item\/komplet-vortex-aqualink2\/#primaryimage\",\"url\":\"https:\/\/ibcparts.eu\/wp-content\/uploads\/2024\/02\/komplet-vortex-aqualink2_orig.png\",\"contentUrl\":\"https:\/\/ibcparts.eu\/wp-content\/uploads\/2024\/02\/komplet-vortex-aqualink2_orig.png\",\"width\":500,\"height\":500},{\"@type\":\"BreadcrumbList\",\"@id\":\"https:\/\/ibcparts.eu\/en\/item\/komplet-vortex-aqualink2\/#breadcrumb\",\"itemListElement\":[{\"@type\":\"ListItem\",\"position\":1,\"name\":\"Home\",\"item\":\"https:\/\/ibcparts.eu\/\"},{\"@type\":\"ListItem\",\"position\":2,\"name\":\"Nakupujte\",\"item\":\"https:\/\/ibcparts.eu\/nakupujte\/\"},{\"@type\":\"ListItem\",\"position\":3,\"name\":\"Komplet Vortex AquaLink2\"}]},{\"@type\":\"WebSite\",\"@id\":\"https:\/\/ibcparts.eu\/#website\",\"url\":\"https:\/\/ibcparts.eu\/\",\"name\":\"IBCparts.eu\",\"description\":\"\",\"publisher\":{\"@id\":\"https:\/\/ibcparts.eu\/#organization\"},\"potentialAction\":[{\"@type\":\"SearchAction\",\"target\":{\"@type\":\"EntryPoint\",\"urlTemplate\":\"https:\/\/ibcparts.eu\/?s={search_term_string}\"},\"query-input\":{\"@type\":\"PropertyValueSpecification\",\"valueRequired\":true,\"valueName\":\"search_term_string\"}}],\"inLanguage\":\"hr\"},{\"@type\":\"Organization\",\"@id\":\"https:\/\/ibcparts.eu\/#organization\",\"name\":\"IBCparts\",\"url\":\"https:\/\/ibcparts.eu\/\",\"logo\":{\"@type\":\"ImageObject\",\"inLanguage\":\"hr\",\"@id\":\"https:\/\/ibcparts.eu\/#\/schema\/logo\/image\/\",\"url\":\"https:\/\/ibcparts.eu\/wp-content\/uploads\/2021\/10\/Footer-Logo.png\",\"contentUrl\":\"https:\/\/ibcparts.eu\/wp-content\/uploads\/2021\/10\/Footer-Logo.png\",\"width\":1992,\"height\":772,\"caption\":\"IBCparts\"},\"image\":{\"@id\":\"https:\/\/ibcparts.eu\/#\/schema\/logo\/image\/\"}}]}<\/script>\n<!-- \/ Yoast SEO plugin. -->","yoast_head_json":{"title":"Komplet Vortex AquaLink2 | IBCparts.eu","description":"Komplet VORTEX (vrtljiv) za IBC cisterno z ventilom S60x6 s PP 3\/4\" ventilom in PP klik priklju\u010dkom za vrtno cev.","robots":{"index":"index","follow":"follow","max-snippet":"max-snippet:-1","max-image-preview":"max-image-preview:large","max-video-preview":"max-video-preview:-1"},"canonical":"https:\/\/ibcparts.eu\/hr\/item\/komplet-vortex-aqualink2\/","og_locale":"hr_HR","og_type":"article","og_title":"Komplet Vortex AquaLink2 | IBCparts.eu","og_description":"Komplet VORTEX (vrtljiv) za IBC cisterno z ventilom S60x6 s PP 3\/4\" ventilom in PP klik priklju\u010dkom za vrtno cev.","og_url":"https:\/\/ibcparts.eu\/hr\/item\/komplet-vortex-aqualink2\/","og_site_name":"IBCparts.eu","article_modified_time":"2025-12-31T10:20:28+00:00","og_image":[{"width":500,"height":500,"url":"https:\/\/ibcparts.eu\/wp-content\/uploads\/2024\/02\/komplet-vortex-aqualink2_orig.png","type":"image\/png"}],"twitter_card":"summary_large_image","schema":{"@context":"https:\/\/schema.org","@graph":[{"@type":"WebPage","@id":"https:\/\/ibcparts.eu\/en\/item\/komplet-vortex-aqualink2\/","url":"https:\/\/ibcparts.eu\/en\/item\/komplet-vortex-aqualink2\/","name":"Komplet Vortex AquaLink2 | IBCparts.eu","isPartOf":{"@id":"https:\/\/ibcparts.eu\/#website"},"primaryImageOfPage":{"@id":"https:\/\/ibcparts.eu\/en\/item\/komplet-vortex-aqualink2\/#primaryimage"},"image":{"@id":"https:\/\/ibcparts.eu\/en\/item\/komplet-vortex-aqualink2\/#primaryimage"},"thumbnailUrl":"https:\/\/ibcparts.eu\/wp-content\/uploads\/2024\/02\/komplet-vortex-aqualink2_orig.png","datePublished":"2024-02-01T10:35:11+00:00","dateModified":"2025-12-31T10:20:28+00:00","description":"Komplet VORTEX (vrtljiv) za IBC cisterno z ventilom S60x6 s PP 3\/4\" ventilom in PP klik priklju\u010dkom za vrtno cev.","breadcrumb":{"@id":"https:\/\/ibcparts.eu\/en\/item\/komplet-vortex-aqualink2\/#breadcrumb"},"inLanguage":"hr","potentialAction":[{"@type":"ReadAction","target":["https:\/\/ibcparts.eu\/en\/item\/komplet-vortex-aqualink2\/"]}]},{"@type":"ImageObject","inLanguage":"hr","@id":"https:\/\/ibcparts.eu\/en\/item\/komplet-vortex-aqualink2\/#primaryimage","url":"https:\/\/ibcparts.eu\/wp-content\/uploads\/2024\/02\/komplet-vortex-aqualink2_orig.png","contentUrl":"https:\/\/ibcparts.eu\/wp-content\/uploads\/2024\/02\/komplet-vortex-aqualink2_orig.png","width":500,"height":500},{"@type":"BreadcrumbList","@id":"https:\/\/ibcparts.eu\/en\/item\/komplet-vortex-aqualink2\/#breadcrumb","itemListElement":[{"@type":"ListItem","position":1,"name":"Home","item":"https:\/\/ibcparts.eu\/"},{"@type":"ListItem","position":2,"name":"Nakupujte","item":"https:\/\/ibcparts.eu\/nakupujte\/"},{"@type":"ListItem","position":3,"name":"Komplet Vortex AquaLink2"}]},{"@type":"WebSite","@id":"https:\/\/ibcparts.eu\/#website","url":"https:\/\/ibcparts.eu\/","name":"IBCparts.eu","description":"","publisher":{"@id":"https:\/\/ibcparts.eu\/#organization"},"potentialAction":[{"@type":"SearchAction","target":{"@type":"EntryPoint","urlTemplate":"https:\/\/ibcparts.eu\/?s={search_term_string}"},"query-input":{"@type":"PropertyValueSpecification","valueRequired":true,"valueName":"search_term_string"}}],"inLanguage":"hr"},{"@type":"Organization","@id":"https:\/\/ibcparts.eu\/#organization","name":"Dijelovi IBC-a","url":"https:\/\/ibcparts.eu\/","logo":{"@type":"ImageObject","inLanguage":"hr","@id":"https:\/\/ibcparts.eu\/#\/schema\/logo\/image\/","url":"https:\/\/ibcparts.eu\/wp-content\/uploads\/2021\/10\/Footer-Logo.png","contentUrl":"https:\/\/ibcparts.eu\/wp-content\/uploads\/2021\/10\/Footer-Logo.png","width":1992,"height":772,"caption":"IBCparts"},"image":{"@id":"https:\/\/ibcparts.eu\/#\/schema\/logo\/image\/"}}]}},"_links":{"self":[{"href":"https:\/\/ibcparts.eu\/hr\/wp-json\/wp\/v2\/product\/16228","targetHints":{"allow":["GET"]}}],"collection":[{"href":"https:\/\/ibcparts.eu\/hr\/wp-json\/wp\/v2\/product"}],"about":[{"href":"https:\/\/ibcparts.eu\/hr\/wp-json\/wp\/v2\/types\/product"}],"version-history":[{"count":1,"href":"https:\/\/ibcparts.eu\/hr\/wp-json\/wp\/v2\/product\/16228\/revisions"}],"predecessor-version":[{"id":19636,"href":"https:\/\/ibcparts.eu\/hr\/wp-json\/wp\/v2\/product\/16228\/revisions\/19636"}],"wp:featuredmedia":[{"embeddable":true,"href":"https:\/\/ibcparts.eu\/hr\/wp-json\/wp\/v2\/media\/16229"}],"wp:attachment":[{"href":"https:\/\/ibcparts.eu\/hr\/wp-json\/wp\/v2\/media?parent=16228"}],"wp:term":[{"taxonomy":"product_brand","embeddable":true,"href":"https:\/\/ibcparts.eu\/hr\/wp-json\/wp\/v2\/product_brand?post=16228"},{"taxonomy":"product_cat","embeddable":true,"href":"https:\/\/ibcparts.eu\/hr\/wp-json\/wp\/v2\/product_cat?post=16228"},{"taxonomy":"product_tag","embeddable":true,"href":"https:\/\/ibcparts.eu\/hr\/wp-json\/wp\/v2\/product_tag?post=16228"}],"curies":[{"name":"wp","href":"https:\/\/api.w.org\/{rel}","templated":true}]}}