{"id":16039,"date":"2024-01-25T08:25:44","date_gmt":"2024-01-25T07:25:44","guid":{"rendered":"https:\/\/ibcparts.eu\/?post_type=product&#038;p=16039"},"modified":"2024-01-25T09:10:40","modified_gmt":"2024-01-25T08:10:40","slug":"nadomestek-ventila-75-lite","status":"publish","type":"product","link":"https:\/\/ibcparts.eu\/hr\/proizvod\/nadomestek-ventila-75-lite\/","title":{"rendered":"Nadomestek ventila S75 Lite (izberite med 8 variacijami)"},"content":{"rendered":"","protected":false},"excerpt":{"rendered":"<p>Nadomestek ventila za IBC cisterno z navojem fi 70-77 mm, \u200bkorak navoja 6 mm.<\/p>\n<p>Oznaka navoja S75x6.<\/p>\n<p>&nbsp;<\/p>\n<p>Uporablja se namesto originalnega ventila na cisterni, \u010de je navoj na cisterni S75x6.<\/p>\n<p>Ve\u010d informacij o razli\u010dnih navojih cistern dobite tukaj: <a href=\"https:\/\/ibcparts.eu\/ibc-info\/\">IBCINFO<\/a><\/p>\n<p>V paketu dobite:<\/p>\n<p>Reducir S75 Lite, podalj\u0161ek , pipa\/ventil, gumijasto EPDM tesnilo.<\/p>\n<p>\u200bDol\u017eina cca 33 cm.<\/p>\n<p>&nbsp;<\/p>\n<p><strong>\u017de sestavljeno.<\/strong><\/p>\n<p>&nbsp;<\/p>\n<p><strong>Pri nas dobite komplet, ki je natanko prilagojen va\u0161im \u017eeljam.<\/strong><\/p>\n<p><span style=\"font-size: small;\"><strong>Kratki napotki:<\/strong><\/span><\/p>\n<ul>\n<li><span style=\"font-size: small;\">3\/4\u2033 GardenFlow\u00a0pipa je obi\u010dajna izbira, kadar uporabljate\u00a0\u201cklik\u201d priklop za vrtno cev\u00a0(notranji premer:\u00a09 mm.) in ob\u010dasno pretakate tudi direktno v zalivalko. Notranji premer 3\/4\u2033 pipe:\u00a010 mm.<\/span><\/li>\n<li><span style=\"font-size: small;\">3\/4\u2033 HighFlow\u00a0pipa je super izbira, kadar uporabljate\u00a0\u201cklik\u201d priklop za vrtno cev\u00a0(notranji premer:\u00a09 mm.) in za hitrej\u0161e pretakanje v zalivalko odstranite klik priklop . Notranji premer 3\/4\u2033 pipe:\u00a012 mm.<\/span><\/li>\n<li><span style=\"font-size: small;\">3\/4\u2033 dvojna pipa PRO\u00a0je zelo uporabna, ker omogo\u010da stalen priklop vrtne cevi, pretok v zalivalko pa je zelo dober tudi ko sta odprta oba izpusta hkrati \u2013 notranji premer\u00a012 mm.<\/span><\/li>\n<li><span style=\"font-size: small;\">1\u2033 QuickFlow\u00a0pipa je za kar se da hitro pretakanje v zalivalko. Nanjo pa ne morete priklopiti vrtne cevi.\u00a0Notranji premer:\u00a015 mm.<\/span><\/li>\n<li><span style=\"font-size: small;\">Ventili\u00a0imajo ve\u010dji pretok od pip.<\/span><\/li>\n<li><span style=\"font-size: small;\">Vse pipe imajo pri izlivu\u00a0plasti\u010dno mre\u017eico\u00a0za oblikovanje izliva.\u00a0\u010ce so v cisterni ne\u010disto\u010de, se lahko v to mre\u017eico ujamejo in pretok ni ve\u010d maksimalen.\u00a0To mre\u017eico\u00a0lahko enostavno odstranite.<\/span><\/li>\n<\/ul>","protected":false},"featured_media":16048,"template":"","meta":[],"product_brand":[],"product_cat":[182,310,260],"product_tag":[],"class_list":{"0":"post-16039","1":"product","2":"type-product","3":"status-publish","4":"has-post-thumbnail","6":"product_cat-ibc-cisterne-ventili-in-dodatki","7":"product_cat-s75x6-ventili-in-nadomestki-ventilov","8":"product_cat-ventili-in-nadomestki-ventilov","10":"first","11":"instock","12":"sale","13":"shipping-taxable","14":"purchasable","15":"product-type-variable"},"yoast_head":"<!-- This site is optimized with the Yoast SEO plugin v27.1.1 - https:\/\/yoast.com\/product\/yoast-seo-wordpress\/ -->\n<title>Nadomestek ventila S75 Lite (izberite med 8 variacijami) | IBCparts.eu<\/title>\n<meta name=\"description\" content=\"Nadomestek ventila za IBC cisterno z navojem S75x6 (fi 55-60 mm).\u200b Korak navoja 6mm. Dol\u017eina cca 33 cm. Nadomestite originalni ventil.\" \/>\n<meta name=\"robots\" content=\"index, follow, max-snippet:-1, max-image-preview:large, max-video-preview:-1\" \/>\n<link rel=\"canonical\" href=\"https:\/\/ibcparts.eu\/hr\/proizvod\/nadomestek-ventila-75-lite\/\" \/>\n<meta property=\"og:locale\" content=\"hr_HR\" \/>\n<meta property=\"og:type\" content=\"article\" \/>\n<meta property=\"og:title\" content=\"Nadomestek ventila S75 Lite (izberite med 8 variacijami) | IBCparts.eu\" \/>\n<meta property=\"og:description\" content=\"Nadomestek ventila za IBC cisterno z navojem S75x6 (fi 55-60 mm).\u200b Korak navoja 6mm. Dol\u017eina cca 33 cm. Nadomestite originalni ventil.\" \/>\n<meta property=\"og:url\" content=\"https:\/\/ibcparts.eu\/hr\/proizvod\/nadomestek-ventila-75-lite\/\" \/>\n<meta property=\"og:site_name\" content=\"IBCparts.eu\" \/>\n<meta property=\"article:modified_time\" content=\"2024-01-25T08:10:40+00:00\" \/>\n<meta property=\"og:image\" content=\"https:\/\/ibcparts.eu\/wp-content\/uploads\/2024\/01\/Nadomestek-ventila-S75-Lite.jpg\" \/>\n\t<meta property=\"og:image:width\" content=\"745\" \/>\n\t<meta property=\"og:image:height\" content=\"1054\" \/>\n\t<meta property=\"og:image:type\" content=\"image\/jpeg\" \/>\n<meta name=\"twitter:card\" content=\"summary_large_image\" \/>\n<script type=\"application\/ld+json\" class=\"yoast-schema-graph\">{\"@context\":\"https:\/\/schema.org\",\"@graph\":[{\"@type\":\"WebPage\",\"@id\":\"https:\/\/ibcparts.eu\/izdelek\/nadomestek-ventila-75-lite\/\",\"url\":\"https:\/\/ibcparts.eu\/izdelek\/nadomestek-ventila-75-lite\/\",\"name\":\"Nadomestek ventila S75 Lite (izberite med 8 variacijami) | IBCparts.eu\",\"isPartOf\":{\"@id\":\"https:\/\/ibcparts.eu\/#website\"},\"primaryImageOfPage\":{\"@id\":\"https:\/\/ibcparts.eu\/izdelek\/nadomestek-ventila-75-lite\/#primaryimage\"},\"image\":{\"@id\":\"https:\/\/ibcparts.eu\/izdelek\/nadomestek-ventila-75-lite\/#primaryimage\"},\"thumbnailUrl\":\"https:\/\/ibcparts.eu\/wp-content\/uploads\/2024\/01\/Nadomestek-ventila-S75-Lite.jpg\",\"datePublished\":\"2024-01-25T07:25:44+00:00\",\"dateModified\":\"2024-01-25T08:10:40+00:00\",\"description\":\"Nadomestek ventila za IBC cisterno z navojem S75x6 (fi 55-60 mm).\u200b Korak navoja 6mm. Dol\u017eina cca 33 cm. Nadomestite originalni ventil.\",\"breadcrumb\":{\"@id\":\"https:\/\/ibcparts.eu\/izdelek\/nadomestek-ventila-75-lite\/#breadcrumb\"},\"inLanguage\":\"hr\",\"potentialAction\":[{\"@type\":\"ReadAction\",\"target\":[\"https:\/\/ibcparts.eu\/izdelek\/nadomestek-ventila-75-lite\/\"]}]},{\"@type\":\"ImageObject\",\"inLanguage\":\"hr\",\"@id\":\"https:\/\/ibcparts.eu\/izdelek\/nadomestek-ventila-75-lite\/#primaryimage\",\"url\":\"https:\/\/ibcparts.eu\/wp-content\/uploads\/2024\/01\/Nadomestek-ventila-S75-Lite.jpg\",\"contentUrl\":\"https:\/\/ibcparts.eu\/wp-content\/uploads\/2024\/01\/Nadomestek-ventila-S75-Lite.jpg\",\"width\":745,\"height\":1054},{\"@type\":\"BreadcrumbList\",\"@id\":\"https:\/\/ibcparts.eu\/izdelek\/nadomestek-ventila-75-lite\/#breadcrumb\",\"itemListElement\":[{\"@type\":\"ListItem\",\"position\":1,\"name\":\"Home\",\"item\":\"https:\/\/ibcparts.eu\/\"},{\"@type\":\"ListItem\",\"position\":2,\"name\":\"Nakupujte\",\"item\":\"https:\/\/ibcparts.eu\/nakupujte\/\"},{\"@type\":\"ListItem\",\"position\":3,\"name\":\"Nadomestek ventila S75 Lite (izberite med 8 variacijami)\"}]},{\"@type\":\"WebSite\",\"@id\":\"https:\/\/ibcparts.eu\/#website\",\"url\":\"https:\/\/ibcparts.eu\/\",\"name\":\"IBCparts.eu\",\"description\":\"\",\"publisher\":{\"@id\":\"https:\/\/ibcparts.eu\/#organization\"},\"potentialAction\":[{\"@type\":\"SearchAction\",\"target\":{\"@type\":\"EntryPoint\",\"urlTemplate\":\"https:\/\/ibcparts.eu\/?s={search_term_string}\"},\"query-input\":{\"@type\":\"PropertyValueSpecification\",\"valueRequired\":true,\"valueName\":\"search_term_string\"}}],\"inLanguage\":\"hr\"},{\"@type\":\"Organization\",\"@id\":\"https:\/\/ibcparts.eu\/#organization\",\"name\":\"IBCparts\",\"url\":\"https:\/\/ibcparts.eu\/\",\"logo\":{\"@type\":\"ImageObject\",\"inLanguage\":\"hr\",\"@id\":\"https:\/\/ibcparts.eu\/#\/schema\/logo\/image\/\",\"url\":\"https:\/\/ibcparts.eu\/wp-content\/uploads\/2021\/10\/Footer-Logo.png\",\"contentUrl\":\"https:\/\/ibcparts.eu\/wp-content\/uploads\/2021\/10\/Footer-Logo.png\",\"width\":1992,\"height\":772,\"caption\":\"IBCparts\"},\"image\":{\"@id\":\"https:\/\/ibcparts.eu\/#\/schema\/logo\/image\/\"}}]}<\/script>\n<!-- \/ Yoast SEO plugin. -->","yoast_head_json":{"title":"Nadomestek ventila S75 Lite (izberite med 8 variacijami) | IBCparts.eu","description":"Nadomestek ventila za IBC cisterno z navojem S75x6 (fi 55-60 mm).\u200b Korak navoja 6mm. Dol\u017eina cca 33 cm. Nadomestite originalni ventil.","robots":{"index":"index","follow":"follow","max-snippet":"max-snippet:-1","max-image-preview":"max-image-preview:large","max-video-preview":"max-video-preview:-1"},"canonical":"https:\/\/ibcparts.eu\/hr\/proizvod\/nadomestek-ventila-75-lite\/","og_locale":"hr_HR","og_type":"article","og_title":"Nadomestek ventila S75 Lite (izberite med 8 variacijami) | IBCparts.eu","og_description":"Nadomestek ventila za IBC cisterno z navojem S75x6 (fi 55-60 mm).\u200b Korak navoja 6mm. Dol\u017eina cca 33 cm. Nadomestite originalni ventil.","og_url":"https:\/\/ibcparts.eu\/hr\/proizvod\/nadomestek-ventila-75-lite\/","og_site_name":"IBCparts.eu","article_modified_time":"2024-01-25T08:10:40+00:00","og_image":[{"width":745,"height":1054,"url":"https:\/\/ibcparts.eu\/wp-content\/uploads\/2024\/01\/Nadomestek-ventila-S75-Lite.jpg","type":"image\/jpeg"}],"twitter_card":"summary_large_image","schema":{"@context":"https:\/\/schema.org","@graph":[{"@type":"WebPage","@id":"https:\/\/ibcparts.eu\/izdelek\/nadomestek-ventila-75-lite\/","url":"https:\/\/ibcparts.eu\/izdelek\/nadomestek-ventila-75-lite\/","name":"Nadomestek ventila S75 Lite (izberite med 8 variacijami) | IBCparts.eu","isPartOf":{"@id":"https:\/\/ibcparts.eu\/#website"},"primaryImageOfPage":{"@id":"https:\/\/ibcparts.eu\/izdelek\/nadomestek-ventila-75-lite\/#primaryimage"},"image":{"@id":"https:\/\/ibcparts.eu\/izdelek\/nadomestek-ventila-75-lite\/#primaryimage"},"thumbnailUrl":"https:\/\/ibcparts.eu\/wp-content\/uploads\/2024\/01\/Nadomestek-ventila-S75-Lite.jpg","datePublished":"2024-01-25T07:25:44+00:00","dateModified":"2024-01-25T08:10:40+00:00","description":"Nadomestek ventila za IBC cisterno z navojem S75x6 (fi 55-60 mm).\u200b Korak navoja 6mm. Dol\u017eina cca 33 cm. Nadomestite originalni ventil.","breadcrumb":{"@id":"https:\/\/ibcparts.eu\/izdelek\/nadomestek-ventila-75-lite\/#breadcrumb"},"inLanguage":"hr","potentialAction":[{"@type":"ReadAction","target":["https:\/\/ibcparts.eu\/izdelek\/nadomestek-ventila-75-lite\/"]}]},{"@type":"ImageObject","inLanguage":"hr","@id":"https:\/\/ibcparts.eu\/izdelek\/nadomestek-ventila-75-lite\/#primaryimage","url":"https:\/\/ibcparts.eu\/wp-content\/uploads\/2024\/01\/Nadomestek-ventila-S75-Lite.jpg","contentUrl":"https:\/\/ibcparts.eu\/wp-content\/uploads\/2024\/01\/Nadomestek-ventila-S75-Lite.jpg","width":745,"height":1054},{"@type":"BreadcrumbList","@id":"https:\/\/ibcparts.eu\/izdelek\/nadomestek-ventila-75-lite\/#breadcrumb","itemListElement":[{"@type":"ListItem","position":1,"name":"Home","item":"https:\/\/ibcparts.eu\/"},{"@type":"ListItem","position":2,"name":"Nakupujte","item":"https:\/\/ibcparts.eu\/nakupujte\/"},{"@type":"ListItem","position":3,"name":"Nadomestek ventila S75 Lite (izberite med 8 variacijami)"}]},{"@type":"WebSite","@id":"https:\/\/ibcparts.eu\/#website","url":"https:\/\/ibcparts.eu\/","name":"IBCparts.eu","description":"","publisher":{"@id":"https:\/\/ibcparts.eu\/#organization"},"potentialAction":[{"@type":"SearchAction","target":{"@type":"EntryPoint","urlTemplate":"https:\/\/ibcparts.eu\/?s={search_term_string}"},"query-input":{"@type":"PropertyValueSpecification","valueRequired":true,"valueName":"search_term_string"}}],"inLanguage":"hr"},{"@type":"Organization","@id":"https:\/\/ibcparts.eu\/#organization","name":"Dijelovi IBC-a","url":"https:\/\/ibcparts.eu\/","logo":{"@type":"ImageObject","inLanguage":"hr","@id":"https:\/\/ibcparts.eu\/#\/schema\/logo\/image\/","url":"https:\/\/ibcparts.eu\/wp-content\/uploads\/2021\/10\/Footer-Logo.png","contentUrl":"https:\/\/ibcparts.eu\/wp-content\/uploads\/2021\/10\/Footer-Logo.png","width":1992,"height":772,"caption":"IBCparts"},"image":{"@id":"https:\/\/ibcparts.eu\/#\/schema\/logo\/image\/"}}]}},"_links":{"self":[{"href":"https:\/\/ibcparts.eu\/hr\/wp-json\/wp\/v2\/product\/16039","targetHints":{"allow":["GET"]}}],"collection":[{"href":"https:\/\/ibcparts.eu\/hr\/wp-json\/wp\/v2\/product"}],"about":[{"href":"https:\/\/ibcparts.eu\/hr\/wp-json\/wp\/v2\/types\/product"}],"version-history":[{"count":0,"href":"https:\/\/ibcparts.eu\/hr\/wp-json\/wp\/v2\/product\/16039\/revisions"}],"wp:featuredmedia":[{"embeddable":true,"href":"https:\/\/ibcparts.eu\/hr\/wp-json\/wp\/v2\/media\/16048"}],"wp:attachment":[{"href":"https:\/\/ibcparts.eu\/hr\/wp-json\/wp\/v2\/media?parent=16039"}],"wp:term":[{"taxonomy":"product_brand","embeddable":true,"href":"https:\/\/ibcparts.eu\/hr\/wp-json\/wp\/v2\/product_brand?post=16039"},{"taxonomy":"product_cat","embeddable":true,"href":"https:\/\/ibcparts.eu\/hr\/wp-json\/wp\/v2\/product_cat?post=16039"},{"taxonomy":"product_tag","embeddable":true,"href":"https:\/\/ibcparts.eu\/hr\/wp-json\/wp\/v2\/product_tag?post=16039"}],"curies":[{"name":"wp","href":"https:\/\/api.w.org\/{rel}","templated":true}]}}