{"id":15784,"date":"2023-10-04T09:48:59","date_gmt":"2023-10-04T08:48:59","guid":{"rendered":"https:\/\/ibcparts.eu\/?post_type=product&#038;p=15784"},"modified":"2025-11-18T16:38:57","modified_gmt":"2025-11-18T15:38:57","slug":"silikonski-ogrevalni-trak-za-sod-25-200l-0-120c-ip54","status":"publish","type":"product","link":"https:\/\/ibcparts.eu\/hr\/proizvod\/silikonska-grijaca-traka-za-bacvu-25-200l-0-120c-ip54\/","title":{"rendered":"Silikonski ogrevalni trak za sod 25 &#8211; 200L (0-120\u00b0C) (IP54)"},"content":{"rendered":"","protected":false},"excerpt":{"rendered":"<ul>\n<li>Cena velja za 1 trak.<\/li>\n<li>Zasnovan je iz trpe\u017enega silikona.<\/li>\n<li>Enostavna zasnova za enostavno uporabo.<\/li>\n<li>Termostat z razponom od 0-120 \u00b0C (32 &#8211; 248\u00b0F).<\/li>\n<li>Na en sod lahko namestite do 3 grelnike.<\/li>\n<li>3-metrski napajalni kabel.<\/li>\n<li>Na voljo za 25, 50, 105 in 200 L sode.<\/li>\n<li>Verzija za 200L sod se lahko kombinira s podstavnim (baznim) grelcem za sode.<\/li>\n<li>Primerno za obseg soda: 200L: 1750-1910 mm, 105L :1370-1530 mm, 50L: 1020-1180 mm, 25L: 870-1030 mm<\/li>\n<li>Narejeno v EU.<\/li>\n<li><strong>Cena za ta izdelek je brez DDV. To\u010den znesek po\u0161tnine se izra\u010duna pri izdelavi predra\u010duna.<\/strong><\/li>\n<li>Obi\u010dajno upo\u0161tevamo dodaten popust, sploh na koli\u010dino 2 ali ve\u010d.<\/li>\n<\/ul>\n<p>&nbsp;<\/p>","protected":false},"featured_media":15796,"template":"","meta":[],"product_brand":[],"product_cat":[317],"product_tag":[327,326,325],"class_list":{"0":"post-15784","1":"product","2":"type-product","3":"status-publish","4":"has-post-thumbnail","6":"product_cat-grelniki-zascitne-in-termoizolacijske-ponjave-za-sode-in-ibc-cisterne","7":"product_tag-drum-heater","8":"product_tag-grelec-za-sod","9":"product_tag-ogrevalni-trak-za-sod","11":"first","12":"instock","13":"shipping-taxable","14":"purchasable","15":"product-type-variable"},"yoast_head":"<!-- This site is optimized with the Yoast SEO plugin v27.1.1 - https:\/\/yoast.com\/product\/yoast-seo-wordpress\/ -->\n<title>Silikonski ogrevalni trak za sod 25 - 200L (0-120\u00b0C) (IP54) | IBCparts.eu<\/title>\n<meta name=\"description\" content=\"Silikonski ogrevalni trak za sod. Za 25L, 50L 105L in 200L. (0-120\u00b0C) (IP54). Ogreje sod in s tem surovino v sodu, za la\u017eje pretakanje.\" \/>\n<meta name=\"robots\" content=\"index, follow, max-snippet:-1, max-image-preview:large, max-video-preview:-1\" \/>\n<link rel=\"canonical\" href=\"https:\/\/ibcparts.eu\/hr\/produkt\/silikonski-ogrevalni-trak-za-sod-25-200l-0-120c-ip54\/\" \/>\n<meta property=\"og:locale\" content=\"hr_HR\" \/>\n<meta property=\"og:type\" content=\"article\" \/>\n<meta property=\"og:title\" content=\"Silikonski ogrevalni trak za sod 25 - 200L (0-120\u00b0C) (IP54) | IBCparts.eu\" \/>\n<meta property=\"og:description\" content=\"Silikonski ogrevalni trak za sod. Za 25L, 50L 105L in 200L. (0-120\u00b0C) (IP54). Ogreje sod in s tem surovino v sodu, za la\u017eje pretakanje.\" \/>\n<meta property=\"og:url\" content=\"https:\/\/ibcparts.eu\/hr\/produkt\/silikonski-ogrevalni-trak-za-sod-25-200l-0-120c-ip54\/\" \/>\n<meta property=\"og:site_name\" content=\"IBCparts.eu\" \/>\n<meta property=\"article:modified_time\" content=\"2025-11-18T15:38:57+00:00\" \/>\n<meta property=\"og:image\" content=\"https:\/\/ibcparts.eu\/wp-content\/uploads\/2023\/10\/11-9667A.jpg\" \/>\n\t<meta property=\"og:image:width\" content=\"828\" \/>\n\t<meta property=\"og:image:height\" content=\"828\" \/>\n\t<meta property=\"og:image:type\" content=\"image\/jpeg\" \/>\n<meta name=\"twitter:card\" content=\"summary_large_image\" \/>\n<script type=\"application\/ld+json\" class=\"yoast-schema-graph\">{\"@context\":\"https:\/\/schema.org\",\"@graph\":[{\"@type\":\"WebPage\",\"@id\":\"https:\/\/ibcparts.eu\/de\/produkt\/silikonski-ogrevalni-trak-za-sod-25-200l-0-120c-ip54\/\",\"url\":\"https:\/\/ibcparts.eu\/de\/produkt\/silikonski-ogrevalni-trak-za-sod-25-200l-0-120c-ip54\/\",\"name\":\"Silikonski ogrevalni trak za sod 25 - 200L (0-120\u00b0C) (IP54) | IBCparts.eu\",\"isPartOf\":{\"@id\":\"https:\/\/ibcparts.eu\/#website\"},\"primaryImageOfPage\":{\"@id\":\"https:\/\/ibcparts.eu\/de\/produkt\/silikonski-ogrevalni-trak-za-sod-25-200l-0-120c-ip54\/#primaryimage\"},\"image\":{\"@id\":\"https:\/\/ibcparts.eu\/de\/produkt\/silikonski-ogrevalni-trak-za-sod-25-200l-0-120c-ip54\/#primaryimage\"},\"thumbnailUrl\":\"https:\/\/ibcparts.eu\/wp-content\/uploads\/2023\/10\/11-9667A.jpg\",\"datePublished\":\"2023-10-04T08:48:59+00:00\",\"dateModified\":\"2025-11-18T15:38:57+00:00\",\"description\":\"Silikonski ogrevalni trak za sod. Za 25L, 50L 105L in 200L. (0-120\u00b0C) (IP54). Ogreje sod in s tem surovino v sodu, za la\u017eje pretakanje.\",\"breadcrumb\":{\"@id\":\"https:\/\/ibcparts.eu\/de\/produkt\/silikonski-ogrevalni-trak-za-sod-25-200l-0-120c-ip54\/#breadcrumb\"},\"inLanguage\":\"hr\",\"potentialAction\":[{\"@type\":\"ReadAction\",\"target\":[\"https:\/\/ibcparts.eu\/de\/produkt\/silikonski-ogrevalni-trak-za-sod-25-200l-0-120c-ip54\/\"]}]},{\"@type\":\"ImageObject\",\"inLanguage\":\"hr\",\"@id\":\"https:\/\/ibcparts.eu\/de\/produkt\/silikonski-ogrevalni-trak-za-sod-25-200l-0-120c-ip54\/#primaryimage\",\"url\":\"https:\/\/ibcparts.eu\/wp-content\/uploads\/2023\/10\/11-9667A.jpg\",\"contentUrl\":\"https:\/\/ibcparts.eu\/wp-content\/uploads\/2023\/10\/11-9667A.jpg\",\"width\":828,\"height\":828},{\"@type\":\"BreadcrumbList\",\"@id\":\"https:\/\/ibcparts.eu\/de\/produkt\/silikonski-ogrevalni-trak-za-sod-25-200l-0-120c-ip54\/#breadcrumb\",\"itemListElement\":[{\"@type\":\"ListItem\",\"position\":1,\"name\":\"Home\",\"item\":\"https:\/\/ibcparts.eu\/\"},{\"@type\":\"ListItem\",\"position\":2,\"name\":\"Nakupujte\",\"item\":\"https:\/\/ibcparts.eu\/nakupujte\/\"},{\"@type\":\"ListItem\",\"position\":3,\"name\":\"Silikonski ogrevalni trak za sod 25 &#8211; 200L (0-120\u00b0C) (IP54)\"}]},{\"@type\":\"WebSite\",\"@id\":\"https:\/\/ibcparts.eu\/#website\",\"url\":\"https:\/\/ibcparts.eu\/\",\"name\":\"IBCparts.eu\",\"description\":\"\",\"publisher\":{\"@id\":\"https:\/\/ibcparts.eu\/#organization\"},\"potentialAction\":[{\"@type\":\"SearchAction\",\"target\":{\"@type\":\"EntryPoint\",\"urlTemplate\":\"https:\/\/ibcparts.eu\/?s={search_term_string}\"},\"query-input\":{\"@type\":\"PropertyValueSpecification\",\"valueRequired\":true,\"valueName\":\"search_term_string\"}}],\"inLanguage\":\"hr\"},{\"@type\":\"Organization\",\"@id\":\"https:\/\/ibcparts.eu\/#organization\",\"name\":\"IBCparts\",\"url\":\"https:\/\/ibcparts.eu\/\",\"logo\":{\"@type\":\"ImageObject\",\"inLanguage\":\"hr\",\"@id\":\"https:\/\/ibcparts.eu\/#\/schema\/logo\/image\/\",\"url\":\"https:\/\/ibcparts.eu\/wp-content\/uploads\/2021\/10\/Footer-Logo.png\",\"contentUrl\":\"https:\/\/ibcparts.eu\/wp-content\/uploads\/2021\/10\/Footer-Logo.png\",\"width\":1992,\"height\":772,\"caption\":\"IBCparts\"},\"image\":{\"@id\":\"https:\/\/ibcparts.eu\/#\/schema\/logo\/image\/\"}}]}<\/script>\n<!-- \/ Yoast SEO plugin. -->","yoast_head_json":{"title":"Silikonski ogrevalni trak za sod 25 - 200L (0-120\u00b0C) (IP54) | IBCparts.eu","description":"Silikonski ogrevalni trak za sod. Za 25L, 50L 105L in 200L. (0-120\u00b0C) (IP54). Ogreje sod in s tem surovino v sodu, za la\u017eje pretakanje.","robots":{"index":"index","follow":"follow","max-snippet":"max-snippet:-1","max-image-preview":"max-image-preview:large","max-video-preview":"max-video-preview:-1"},"canonical":"https:\/\/ibcparts.eu\/hr\/produkt\/silikonski-ogrevalni-trak-za-sod-25-200l-0-120c-ip54\/","og_locale":"hr_HR","og_type":"article","og_title":"Silikonski ogrevalni trak za sod 25 - 200L (0-120\u00b0C) (IP54) | IBCparts.eu","og_description":"Silikonski ogrevalni trak za sod. Za 25L, 50L 105L in 200L. (0-120\u00b0C) (IP54). Ogreje sod in s tem surovino v sodu, za la\u017eje pretakanje.","og_url":"https:\/\/ibcparts.eu\/hr\/produkt\/silikonski-ogrevalni-trak-za-sod-25-200l-0-120c-ip54\/","og_site_name":"IBCparts.eu","article_modified_time":"2025-11-18T15:38:57+00:00","og_image":[{"width":828,"height":828,"url":"https:\/\/ibcparts.eu\/wp-content\/uploads\/2023\/10\/11-9667A.jpg","type":"image\/jpeg"}],"twitter_card":"summary_large_image","schema":{"@context":"https:\/\/schema.org","@graph":[{"@type":"WebPage","@id":"https:\/\/ibcparts.eu\/de\/produkt\/silikonski-ogrevalni-trak-za-sod-25-200l-0-120c-ip54\/","url":"https:\/\/ibcparts.eu\/de\/produkt\/silikonski-ogrevalni-trak-za-sod-25-200l-0-120c-ip54\/","name":"Silikonski ogrevalni trak za sod 25 - 200L (0-120\u00b0C) (IP54) | IBCparts.eu","isPartOf":{"@id":"https:\/\/ibcparts.eu\/#website"},"primaryImageOfPage":{"@id":"https:\/\/ibcparts.eu\/de\/produkt\/silikonski-ogrevalni-trak-za-sod-25-200l-0-120c-ip54\/#primaryimage"},"image":{"@id":"https:\/\/ibcparts.eu\/de\/produkt\/silikonski-ogrevalni-trak-za-sod-25-200l-0-120c-ip54\/#primaryimage"},"thumbnailUrl":"https:\/\/ibcparts.eu\/wp-content\/uploads\/2023\/10\/11-9667A.jpg","datePublished":"2023-10-04T08:48:59+00:00","dateModified":"2025-11-18T15:38:57+00:00","description":"Silikonski ogrevalni trak za sod. Za 25L, 50L 105L in 200L. (0-120\u00b0C) (IP54). Ogreje sod in s tem surovino v sodu, za la\u017eje pretakanje.","breadcrumb":{"@id":"https:\/\/ibcparts.eu\/de\/produkt\/silikonski-ogrevalni-trak-za-sod-25-200l-0-120c-ip54\/#breadcrumb"},"inLanguage":"hr","potentialAction":[{"@type":"ReadAction","target":["https:\/\/ibcparts.eu\/de\/produkt\/silikonski-ogrevalni-trak-za-sod-25-200l-0-120c-ip54\/"]}]},{"@type":"ImageObject","inLanguage":"hr","@id":"https:\/\/ibcparts.eu\/de\/produkt\/silikonski-ogrevalni-trak-za-sod-25-200l-0-120c-ip54\/#primaryimage","url":"https:\/\/ibcparts.eu\/wp-content\/uploads\/2023\/10\/11-9667A.jpg","contentUrl":"https:\/\/ibcparts.eu\/wp-content\/uploads\/2023\/10\/11-9667A.jpg","width":828,"height":828},{"@type":"BreadcrumbList","@id":"https:\/\/ibcparts.eu\/de\/produkt\/silikonski-ogrevalni-trak-za-sod-25-200l-0-120c-ip54\/#breadcrumb","itemListElement":[{"@type":"ListItem","position":1,"name":"Home","item":"https:\/\/ibcparts.eu\/"},{"@type":"ListItem","position":2,"name":"Nakupujte","item":"https:\/\/ibcparts.eu\/nakupujte\/"},{"@type":"ListItem","position":3,"name":"Silikonski ogrevalni trak za sod 25 &#8211; 200L (0-120\u00b0C) (IP54)"}]},{"@type":"WebSite","@id":"https:\/\/ibcparts.eu\/#website","url":"https:\/\/ibcparts.eu\/","name":"IBCparts.eu","description":"","publisher":{"@id":"https:\/\/ibcparts.eu\/#organization"},"potentialAction":[{"@type":"SearchAction","target":{"@type":"EntryPoint","urlTemplate":"https:\/\/ibcparts.eu\/?s={search_term_string}"},"query-input":{"@type":"PropertyValueSpecification","valueRequired":true,"valueName":"search_term_string"}}],"inLanguage":"hr"},{"@type":"Organization","@id":"https:\/\/ibcparts.eu\/#organization","name":"Dijelovi IBC-a","url":"https:\/\/ibcparts.eu\/","logo":{"@type":"ImageObject","inLanguage":"hr","@id":"https:\/\/ibcparts.eu\/#\/schema\/logo\/image\/","url":"https:\/\/ibcparts.eu\/wp-content\/uploads\/2021\/10\/Footer-Logo.png","contentUrl":"https:\/\/ibcparts.eu\/wp-content\/uploads\/2021\/10\/Footer-Logo.png","width":1992,"height":772,"caption":"IBCparts"},"image":{"@id":"https:\/\/ibcparts.eu\/#\/schema\/logo\/image\/"}}]}},"_links":{"self":[{"href":"https:\/\/ibcparts.eu\/hr\/wp-json\/wp\/v2\/product\/15784","targetHints":{"allow":["GET"]}}],"collection":[{"href":"https:\/\/ibcparts.eu\/hr\/wp-json\/wp\/v2\/product"}],"about":[{"href":"https:\/\/ibcparts.eu\/hr\/wp-json\/wp\/v2\/types\/product"}],"version-history":[{"count":0,"href":"https:\/\/ibcparts.eu\/hr\/wp-json\/wp\/v2\/product\/15784\/revisions"}],"wp:featuredmedia":[{"embeddable":true,"href":"https:\/\/ibcparts.eu\/hr\/wp-json\/wp\/v2\/media\/15796"}],"wp:attachment":[{"href":"https:\/\/ibcparts.eu\/hr\/wp-json\/wp\/v2\/media?parent=15784"}],"wp:term":[{"taxonomy":"product_brand","embeddable":true,"href":"https:\/\/ibcparts.eu\/hr\/wp-json\/wp\/v2\/product_brand?post=15784"},{"taxonomy":"product_cat","embeddable":true,"href":"https:\/\/ibcparts.eu\/hr\/wp-json\/wp\/v2\/product_cat?post=15784"},{"taxonomy":"product_tag","embeddable":true,"href":"https:\/\/ibcparts.eu\/hr\/wp-json\/wp\/v2\/product_tag?post=15784"}],"curies":[{"name":"wp","href":"https:\/\/api.w.org\/{rel}","templated":true}]}}