{"id":15707,"date":"2023-09-01T12:27:49","date_gmt":"2023-09-01T11:27:49","guid":{"rendered":"https:\/\/ibcparts.eu\/?post_type=product&#038;p=15707"},"modified":"2026-01-12T10:52:16","modified_gmt":"2026-01-12T09:52:16","slug":"grelni-plasc-za-1000l-ibc-cisterno","status":"publish","type":"product","link":"https:\/\/ibcparts.eu\/hr\/proizvod\/grijaci-plast-za-1000l-ibc-cisternu\/","title":{"rendered":"Grelni pla\u0161\u010d za 1000L IBC cisterno (0-90 \u00b0C)"},"content":{"rendered":"","protected":false},"excerpt":{"rendered":"<p>Grelni pla\u0161\u010d za IBC cisterno je popolna re\u0161itev, ko \u017eelite hitro in u\u010dinkovito segrevanje teko\u010din in materialov.<\/p>\n<p>Opremljeni so z digitalnimi krmilniki za do 3 obmo\u010dja, nastavljivimi od 0-40 \u00b0C ali 0-90 \u00b0C, zaradi \u010desar pla\u0161\u010di zelo<br \/>\nhitro in varno segrevajo teko\u010dine ter ohranjajo \u017eeleno viskoznosti vsebine v posodi.<\/p>\n<p>Pla\u0161\u010di so izdelani iz trpe\u017enih in dolgotrajnih visokokakovostnih materialov.<\/p>\n<p>Idealno za ogrevanje: Voda, olje in dizelsko gorivo, smole, vazelin, vosek \u2013\u00a0 npr. lanolin, ma\u0161\u010dobe, maslo \u2013 npr. ghee.<\/p>\n<ul>\n<li>1-3 cone s pokritostjo celotnega obmo\u010dja in digitalnimi krmilniki DigiTherm:<\/li>\n<li>-1 obmo\u010dje 0-40 \u00b0C &#8211; 1300 W.<\/li>\n<li>-2 ali 3 cone 0-90 \u00b0C &#8211; 1000 W na cono.<\/li>\n<li>Tkanina iz poliestra in steklenih vlaken.<\/li>\n<li>Izolacija iz 6 mm steklenih vlaken.<\/li>\n<li>Notranja toplotna varovalka (167 \u00b0C).<\/li>\n<li>3-metrski napajalni kabel z v\/o vti\u010dem.<\/li>\n<li>Razred IP40.<\/li>\n<li>Nastavljive zaponke za hitro sprostitev in kavlji za pritrditev na robove.<\/li>\n<li>Segrevanje &#8211; grelni pla\u0161\u010d in pokrov &#8211; 1000-litrska cisterna z vodo od +15 \u00b0C do +30\u00b0C:<br \/>\n&#8211; 1 obmo\u010dje ~ 72 ur.<br \/>\n&#8211; 2 coni ~20 ur.<br \/>\n&#8211; 3 cone ~6 ur.<\/li>\n<li>Uporabni so tudi za za\u0161\u010dito pred UV-\u017earki.<\/li>\n<li>Narejeno v EU.<\/li>\n<li><strong>Cena za ta izdelek je brez DDV. To\u010den znesek po\u0161tnine se izra\u010duna pri izdelavi predra\u010duna.<\/strong><\/li>\n<li>Obi\u010dajno upo\u0161tevamo dodaten popust, sploh na koli\u010dino 2 ali ve\u010d.<\/li>\n<\/ul>\n<p><strong>Zgornji pokrov se prodaja lo\u010deno (\u010drni izolacijski pokrov: 11-9861D).<\/strong><\/p>\n<p>Za dodatno izolacijo se uporablja <strong>izolacijsko stransko ponjavo.<\/strong><\/p>\n<p>&nbsp;<\/p>\n<p>&nbsp;<\/p>","protected":false},"featured_media":15708,"template":"","meta":[],"product_brand":[],"product_cat":[317],"product_tag":[344,345,348],"class_list":{"0":"post-15707","1":"product","2":"type-product","3":"status-publish","4":"has-post-thumbnail","6":"product_cat-grelniki-zascitne-in-termoizolacijske-ponjave-za-sode-in-ibc-cisterne","7":"product_tag-grelni-plasc-za-ibc-cisterno","8":"product_tag-grelnik-ibc-cisterne","9":"product_tag-heating-jacket-for-1000l-ibc-container","11":"first","12":"instock","13":"sale","14":"shipping-taxable","15":"purchasable","16":"product-type-variable"},"yoast_head":"<!-- This site is optimized with the Yoast SEO plugin v27.1.1 - https:\/\/yoast.com\/product\/yoast-seo-wordpress\/ -->\n<title>Grelni pla\u0161\u010d za 1000L IBC cisterno (0-90 \u00b0C) | IBCparts.eu<\/title>\n<meta name=\"description\" content=\"Grelni pla\u0161\u010d za IBC cisterno za hitro in u\u010dinkovito segrevanje teko\u010din in materialov. Od 0-40 \u00b0C ali 0-90 \u00b0C. Iz trpe\u017enih in visokokakovostnih materialov.\" \/>\n<meta name=\"robots\" content=\"index, follow, max-snippet:-1, max-image-preview:large, max-video-preview:-1\" \/>\n<link rel=\"canonical\" href=\"https:\/\/ibcparts.eu\/hr\/proizvod\/grijaci-plast-za-1000l-ibc-cisternu\/\" \/>\n<meta property=\"og:locale\" content=\"hr_HR\" \/>\n<meta property=\"og:type\" content=\"article\" \/>\n<meta property=\"og:title\" content=\"Grelni pla\u0161\u010d za 1000L IBC cisterno (0-90 \u00b0C) | IBCparts.eu\" \/>\n<meta property=\"og:description\" content=\"Grelni pla\u0161\u010d za IBC cisterno za hitro in u\u010dinkovito segrevanje teko\u010din in materialov. Od 0-40 \u00b0C ali 0-90 \u00b0C. Iz trpe\u017enih in visokokakovostnih materialov.\" \/>\n<meta property=\"og:url\" content=\"https:\/\/ibcparts.eu\/hr\/proizvod\/grijaci-plast-za-1000l-ibc-cisternu\/\" \/>\n<meta property=\"og:site_name\" content=\"IBCparts.eu\" \/>\n<meta property=\"article:modified_time\" content=\"2026-01-12T09:52:16+00:00\" \/>\n<meta property=\"og:image\" content=\"https:\/\/ibcparts.eu\/wp-content\/uploads\/2023\/09\/11-9860-3-Zone-0-90\u00b0C-e1723019063953.jpg\" \/>\n\t<meta property=\"og:image:width\" content=\"828\" \/>\n\t<meta property=\"og:image:height\" content=\"828\" \/>\n\t<meta property=\"og:image:type\" content=\"image\/jpeg\" \/>\n<meta name=\"twitter:card\" content=\"summary_large_image\" \/>\n<script type=\"application\/ld+json\" class=\"yoast-schema-graph\">{\"@context\":\"https:\/\/schema.org\",\"@graph\":[{\"@type\":\"WebPage\",\"@id\":\"https:\/\/ibcparts.eu\/izdelek\/grelni-plasc-za-1000l-ibc-cisterno\/\",\"url\":\"https:\/\/ibcparts.eu\/izdelek\/grelni-plasc-za-1000l-ibc-cisterno\/\",\"name\":\"Grelni pla\u0161\u010d za 1000L IBC cisterno (0-90 \u00b0C) | IBCparts.eu\",\"isPartOf\":{\"@id\":\"https:\/\/ibcparts.eu\/#website\"},\"primaryImageOfPage\":{\"@id\":\"https:\/\/ibcparts.eu\/izdelek\/grelni-plasc-za-1000l-ibc-cisterno\/#primaryimage\"},\"image\":{\"@id\":\"https:\/\/ibcparts.eu\/izdelek\/grelni-plasc-za-1000l-ibc-cisterno\/#primaryimage\"},\"thumbnailUrl\":\"https:\/\/ibcparts.eu\/wp-content\/uploads\/2023\/09\/11-9860-3-Zone-0-90\u00b0C-e1723019063953.jpg\",\"datePublished\":\"2023-09-01T11:27:49+00:00\",\"dateModified\":\"2026-01-12T09:52:16+00:00\",\"description\":\"Grelni pla\u0161\u010d za IBC cisterno za hitro in u\u010dinkovito segrevanje teko\u010din in materialov. Od 0-40 \u00b0C ali 0-90 \u00b0C. Iz trpe\u017enih in visokokakovostnih materialov.\",\"breadcrumb\":{\"@id\":\"https:\/\/ibcparts.eu\/izdelek\/grelni-plasc-za-1000l-ibc-cisterno\/#breadcrumb\"},\"inLanguage\":\"hr\",\"potentialAction\":[{\"@type\":\"ReadAction\",\"target\":[\"https:\/\/ibcparts.eu\/izdelek\/grelni-plasc-za-1000l-ibc-cisterno\/\"]}]},{\"@type\":\"ImageObject\",\"inLanguage\":\"hr\",\"@id\":\"https:\/\/ibcparts.eu\/izdelek\/grelni-plasc-za-1000l-ibc-cisterno\/#primaryimage\",\"url\":\"https:\/\/ibcparts.eu\/wp-content\/uploads\/2023\/09\/11-9860-3-Zone-0-90\u00b0C-e1723019063953.jpg\",\"contentUrl\":\"https:\/\/ibcparts.eu\/wp-content\/uploads\/2023\/09\/11-9860-3-Zone-0-90\u00b0C-e1723019063953.jpg\",\"width\":828,\"height\":828},{\"@type\":\"BreadcrumbList\",\"@id\":\"https:\/\/ibcparts.eu\/izdelek\/grelni-plasc-za-1000l-ibc-cisterno\/#breadcrumb\",\"itemListElement\":[{\"@type\":\"ListItem\",\"position\":1,\"name\":\"Home\",\"item\":\"https:\/\/ibcparts.eu\/\"},{\"@type\":\"ListItem\",\"position\":2,\"name\":\"Nakupujte\",\"item\":\"https:\/\/ibcparts.eu\/nakupujte\/\"},{\"@type\":\"ListItem\",\"position\":3,\"name\":\"Grelni pla\u0161\u010d za 1000L IBC cisterno (0-90 \u00b0C)\"}]},{\"@type\":\"WebSite\",\"@id\":\"https:\/\/ibcparts.eu\/#website\",\"url\":\"https:\/\/ibcparts.eu\/\",\"name\":\"IBCparts.eu\",\"description\":\"\",\"publisher\":{\"@id\":\"https:\/\/ibcparts.eu\/#organization\"},\"potentialAction\":[{\"@type\":\"SearchAction\",\"target\":{\"@type\":\"EntryPoint\",\"urlTemplate\":\"https:\/\/ibcparts.eu\/?s={search_term_string}\"},\"query-input\":{\"@type\":\"PropertyValueSpecification\",\"valueRequired\":true,\"valueName\":\"search_term_string\"}}],\"inLanguage\":\"hr\"},{\"@type\":\"Organization\",\"@id\":\"https:\/\/ibcparts.eu\/#organization\",\"name\":\"IBCparts\",\"url\":\"https:\/\/ibcparts.eu\/\",\"logo\":{\"@type\":\"ImageObject\",\"inLanguage\":\"hr\",\"@id\":\"https:\/\/ibcparts.eu\/#\/schema\/logo\/image\/\",\"url\":\"https:\/\/ibcparts.eu\/wp-content\/uploads\/2021\/10\/Footer-Logo.png\",\"contentUrl\":\"https:\/\/ibcparts.eu\/wp-content\/uploads\/2021\/10\/Footer-Logo.png\",\"width\":1992,\"height\":772,\"caption\":\"IBCparts\"},\"image\":{\"@id\":\"https:\/\/ibcparts.eu\/#\/schema\/logo\/image\/\"}}]}<\/script>\n<!-- \/ Yoast SEO plugin. -->","yoast_head_json":{"title":"Grelni pla\u0161\u010d za 1000L IBC cisterno (0-90 \u00b0C) | IBCparts.eu","description":"Grelni pla\u0161\u010d za IBC cisterno za hitro in u\u010dinkovito segrevanje teko\u010din in materialov. Od 0-40 \u00b0C ali 0-90 \u00b0C. Iz trpe\u017enih in visokokakovostnih materialov.","robots":{"index":"index","follow":"follow","max-snippet":"max-snippet:-1","max-image-preview":"max-image-preview:large","max-video-preview":"max-video-preview:-1"},"canonical":"https:\/\/ibcparts.eu\/hr\/proizvod\/grijaci-plast-za-1000l-ibc-cisternu\/","og_locale":"hr_HR","og_type":"article","og_title":"Grelni pla\u0161\u010d za 1000L IBC cisterno (0-90 \u00b0C) | IBCparts.eu","og_description":"Grelni pla\u0161\u010d za IBC cisterno za hitro in u\u010dinkovito segrevanje teko\u010din in materialov. Od 0-40 \u00b0C ali 0-90 \u00b0C. Iz trpe\u017enih in visokokakovostnih materialov.","og_url":"https:\/\/ibcparts.eu\/hr\/proizvod\/grijaci-plast-za-1000l-ibc-cisternu\/","og_site_name":"IBCparts.eu","article_modified_time":"2026-01-12T09:52:16+00:00","og_image":[{"width":828,"height":828,"url":"https:\/\/ibcparts.eu\/wp-content\/uploads\/2023\/09\/11-9860-3-Zone-0-90\u00b0C-e1723019063953.jpg","type":"image\/jpeg"}],"twitter_card":"summary_large_image","schema":{"@context":"https:\/\/schema.org","@graph":[{"@type":"WebPage","@id":"https:\/\/ibcparts.eu\/izdelek\/grelni-plasc-za-1000l-ibc-cisterno\/","url":"https:\/\/ibcparts.eu\/izdelek\/grelni-plasc-za-1000l-ibc-cisterno\/","name":"Grelni pla\u0161\u010d za 1000L IBC cisterno (0-90 \u00b0C) | IBCparts.eu","isPartOf":{"@id":"https:\/\/ibcparts.eu\/#website"},"primaryImageOfPage":{"@id":"https:\/\/ibcparts.eu\/izdelek\/grelni-plasc-za-1000l-ibc-cisterno\/#primaryimage"},"image":{"@id":"https:\/\/ibcparts.eu\/izdelek\/grelni-plasc-za-1000l-ibc-cisterno\/#primaryimage"},"thumbnailUrl":"https:\/\/ibcparts.eu\/wp-content\/uploads\/2023\/09\/11-9860-3-Zone-0-90\u00b0C-e1723019063953.jpg","datePublished":"2023-09-01T11:27:49+00:00","dateModified":"2026-01-12T09:52:16+00:00","description":"Grelni pla\u0161\u010d za IBC cisterno za hitro in u\u010dinkovito segrevanje teko\u010din in materialov. Od 0-40 \u00b0C ali 0-90 \u00b0C. Iz trpe\u017enih in visokokakovostnih materialov.","breadcrumb":{"@id":"https:\/\/ibcparts.eu\/izdelek\/grelni-plasc-za-1000l-ibc-cisterno\/#breadcrumb"},"inLanguage":"hr","potentialAction":[{"@type":"ReadAction","target":["https:\/\/ibcparts.eu\/izdelek\/grelni-plasc-za-1000l-ibc-cisterno\/"]}]},{"@type":"ImageObject","inLanguage":"hr","@id":"https:\/\/ibcparts.eu\/izdelek\/grelni-plasc-za-1000l-ibc-cisterno\/#primaryimage","url":"https:\/\/ibcparts.eu\/wp-content\/uploads\/2023\/09\/11-9860-3-Zone-0-90\u00b0C-e1723019063953.jpg","contentUrl":"https:\/\/ibcparts.eu\/wp-content\/uploads\/2023\/09\/11-9860-3-Zone-0-90\u00b0C-e1723019063953.jpg","width":828,"height":828},{"@type":"BreadcrumbList","@id":"https:\/\/ibcparts.eu\/izdelek\/grelni-plasc-za-1000l-ibc-cisterno\/#breadcrumb","itemListElement":[{"@type":"ListItem","position":1,"name":"Home","item":"https:\/\/ibcparts.eu\/"},{"@type":"ListItem","position":2,"name":"Nakupujte","item":"https:\/\/ibcparts.eu\/nakupujte\/"},{"@type":"ListItem","position":3,"name":"Grelni pla\u0161\u010d za 1000L IBC cisterno (0-90 \u00b0C)"}]},{"@type":"WebSite","@id":"https:\/\/ibcparts.eu\/#website","url":"https:\/\/ibcparts.eu\/","name":"IBCparts.eu","description":"","publisher":{"@id":"https:\/\/ibcparts.eu\/#organization"},"potentialAction":[{"@type":"SearchAction","target":{"@type":"EntryPoint","urlTemplate":"https:\/\/ibcparts.eu\/?s={search_term_string}"},"query-input":{"@type":"PropertyValueSpecification","valueRequired":true,"valueName":"search_term_string"}}],"inLanguage":"hr"},{"@type":"Organization","@id":"https:\/\/ibcparts.eu\/#organization","name":"Dijelovi IBC-a","url":"https:\/\/ibcparts.eu\/","logo":{"@type":"ImageObject","inLanguage":"hr","@id":"https:\/\/ibcparts.eu\/#\/schema\/logo\/image\/","url":"https:\/\/ibcparts.eu\/wp-content\/uploads\/2021\/10\/Footer-Logo.png","contentUrl":"https:\/\/ibcparts.eu\/wp-content\/uploads\/2021\/10\/Footer-Logo.png","width":1992,"height":772,"caption":"IBCparts"},"image":{"@id":"https:\/\/ibcparts.eu\/#\/schema\/logo\/image\/"}}]}},"_links":{"self":[{"href":"https:\/\/ibcparts.eu\/hr\/wp-json\/wp\/v2\/product\/15707","targetHints":{"allow":["GET"]}}],"collection":[{"href":"https:\/\/ibcparts.eu\/hr\/wp-json\/wp\/v2\/product"}],"about":[{"href":"https:\/\/ibcparts.eu\/hr\/wp-json\/wp\/v2\/types\/product"}],"version-history":[{"count":2,"href":"https:\/\/ibcparts.eu\/hr\/wp-json\/wp\/v2\/product\/15707\/revisions"}],"predecessor-version":[{"id":20111,"href":"https:\/\/ibcparts.eu\/hr\/wp-json\/wp\/v2\/product\/15707\/revisions\/20111"}],"wp:featuredmedia":[{"embeddable":true,"href":"https:\/\/ibcparts.eu\/hr\/wp-json\/wp\/v2\/media\/15708"}],"wp:attachment":[{"href":"https:\/\/ibcparts.eu\/hr\/wp-json\/wp\/v2\/media?parent=15707"}],"wp:term":[{"taxonomy":"product_brand","embeddable":true,"href":"https:\/\/ibcparts.eu\/hr\/wp-json\/wp\/v2\/product_brand?post=15707"},{"taxonomy":"product_cat","embeddable":true,"href":"https:\/\/ibcparts.eu\/hr\/wp-json\/wp\/v2\/product_cat?post=15707"},{"taxonomy":"product_tag","embeddable":true,"href":"https:\/\/ibcparts.eu\/hr\/wp-json\/wp\/v2\/product_tag?post=15707"}],"curies":[{"name":"wp","href":"https:\/\/api.w.org\/{rel}","templated":true}]}}