{"id":15696,"date":"2023-09-01T08:40:36","date_gmt":"2023-09-01T07:40:36","guid":{"rendered":"https:\/\/ibcparts.eu\/?post_type=product&#038;p=15696"},"modified":"2025-11-23T19:07:46","modified_gmt":"2025-11-23T18:07:46","slug":"grelni-plasc-standard-za-sod","status":"publish","type":"product","link":"https:\/\/ibcparts.eu\/hr\/proizvod\/grelni-plasc-standard-za-sod\/","title":{"rendered":"Grelni pla\u0161\u010d &#8220;STANDARD&#8221; za kovinske in plasti\u010dne sode od 20L &#8211; 200L (0-90\u00b0C)"},"content":{"rendered":"","protected":false},"excerpt":{"rendered":"<p>Ogrevalni pla\u0161\u010d je popolna re\u0161itev, ko gre za hitro in u\u010dinkovito segrevanje teko\u010din in materialov v sodih.<\/p>\n<p>Pla\u0161\u010di v velikostih za sode dimenzij:<\/p>\n<ul>\n<li>25 &#8211; 30L<\/li>\n<li>50 &#8211; 60L<\/li>\n<li>105 &#8211; 120L<\/li>\n<li>200L<\/li>\n<\/ul>\n<p>&nbsp;<\/p>\n<ul>\n<li>Digitalni krmilnik <strong>0\u201390 \u00b0C<\/strong> (32\u2013194 \u00b0F).<\/li>\n<li>*Opcijsko lahko nadomestimo grelec od <strong>0 \u00b0C do 40 \u00b0C<\/strong> za plasti\u010dne sode.<\/li>\n<li>Pla\u0161\u010d iz poliestra.<\/li>\n<li>6 mm izolacija iz steklenih vlaken.<\/li>\n<li>Notranja toplotna varovalka (167 \u00b0C).<\/li>\n<li>Nastavljive sponke za hitro odpenjanje.<\/li>\n<li>3-metrski napajalni kabel.<\/li>\n<li>Optimalen za prevoz in ima minimalne toplotne izgube.<\/li>\n<li>Stopnja za\u0161\u010dite IP40 (mo\u017enost IP54).<\/li>\n<li>Zgornji pokrov se prodaja lo\u010deno (\u010drn pokrov za 200-litrski sod: 15-1921).<\/li>\n<\/ul>\n<p>&nbsp;<\/p>\n<p>Trajanje segrevanja pribli\u017eno 24 ur za 200 litrov vode iz<br \/>\n20 \u00b0C do 82 \u00b0C (+68 \u00b0F do +180 \u00b0F) z uporabo 1200W grelnika za sod.<\/p>\n<p>Idealno za ogrevanje: Voda, olje in dizelsko gorivo, smole, vazelin, vosek &#8211;\u00a0 npr. lanolin, ma\u0161\u010dobe, maslo &#8211; npr. ghee.<\/p>\n<ul>\n<li>Narejeno v EU.<\/li>\n<li><strong>Cena za ta izdelek je brez DDV. To\u010den znesek po\u0161tnine se izra\u010duna pri izdelavi predra\u010duna.<\/strong><\/li>\n<li>Obi\u010dajno upo\u0161tevamo dodaten popust, sploh na koli\u010dino 2 ali ve\u010d.<\/li>\n<\/ul>","protected":false},"featured_media":15701,"template":"","meta":[],"product_brand":[],"product_cat":[317],"product_tag":[326,359],"class_list":{"0":"post-15696","1":"product","2":"type-product","3":"status-publish","4":"has-post-thumbnail","6":"product_cat-grelniki-zascitne-in-termoizolacijske-ponjave-za-sode-in-ibc-cisterne","7":"product_tag-grelec-za-sod","8":"product_tag-grelni-plasc-standard-za-kovinske-in-plasticne-sode","10":"first","11":"instock","12":"shipping-taxable","13":"purchasable","14":"product-type-variable"},"yoast_head":"<!-- This site is optimized with the Yoast SEO plugin v27.1.1 - https:\/\/yoast.com\/product\/yoast-seo-wordpress\/ -->\n<title>Grelni pla\u0161\u010d &quot;STANDARD&quot; za kovinske in plasti\u010dne sode od 20L - 200L (0-90\u00b0C) | IBCparts.eu<\/title>\n<meta name=\"description\" content=\"Ogrevalni pla\u0161\u010d za sod. Hitro in u\u010dinkovito segrevanje teko\u010din in materialov. Digitalni regulator 0-90 \u00b0C. Nastavljive sponke za hitro odpenjanje.\" \/>\n<meta name=\"robots\" content=\"index, follow, max-snippet:-1, max-image-preview:large, max-video-preview:-1\" \/>\n<link rel=\"canonical\" href=\"https:\/\/ibcparts.eu\/hr\/produkt\/grelni-plasc-standard-za-sod\/\" \/>\n<meta property=\"og:locale\" content=\"hr_HR\" \/>\n<meta property=\"og:type\" content=\"article\" \/>\n<meta property=\"og:title\" content=\"Grelni pla\u0161\u010d &quot;STANDARD&quot; za kovinske in plasti\u010dne sode od 20L - 200L (0-90\u00b0C) | IBCparts.eu\" \/>\n<meta property=\"og:description\" content=\"Ogrevalni pla\u0161\u010d za sod. Hitro in u\u010dinkovito segrevanje teko\u010din in materialov. Digitalni regulator 0-90 \u00b0C. Nastavljive sponke za hitro odpenjanje.\" \/>\n<meta property=\"og:url\" content=\"https:\/\/ibcparts.eu\/hr\/produkt\/grelni-plasc-standard-za-sod\/\" \/>\n<meta property=\"og:site_name\" content=\"IBCparts.eu\" \/>\n<meta property=\"article:modified_time\" content=\"2025-11-23T18:07:46+00:00\" \/>\n<meta property=\"og:image\" content=\"https:\/\/ibcparts.eu\/wp-content\/uploads\/2023\/09\/11-9858.jpg\" \/>\n\t<meta property=\"og:image:width\" content=\"828\" \/>\n\t<meta property=\"og:image:height\" content=\"828\" \/>\n\t<meta property=\"og:image:type\" content=\"image\/jpeg\" \/>\n<meta name=\"twitter:card\" content=\"summary_large_image\" \/>\n<script type=\"application\/ld+json\" class=\"yoast-schema-graph\">{\"@context\":\"https:\/\/schema.org\",\"@graph\":[{\"@type\":\"WebPage\",\"@id\":\"https:\/\/ibcparts.eu\/de\/produkt\/grelni-plasc-standard-za-sod\/\",\"url\":\"https:\/\/ibcparts.eu\/de\/produkt\/grelni-plasc-standard-za-sod\/\",\"name\":\"Grelni pla\u0161\u010d \\\"STANDARD\\\" za kovinske in plasti\u010dne sode od 20L - 200L (0-90\u00b0C) | IBCparts.eu\",\"isPartOf\":{\"@id\":\"https:\/\/ibcparts.eu\/#website\"},\"primaryImageOfPage\":{\"@id\":\"https:\/\/ibcparts.eu\/de\/produkt\/grelni-plasc-standard-za-sod\/#primaryimage\"},\"image\":{\"@id\":\"https:\/\/ibcparts.eu\/de\/produkt\/grelni-plasc-standard-za-sod\/#primaryimage\"},\"thumbnailUrl\":\"https:\/\/ibcparts.eu\/wp-content\/uploads\/2023\/09\/11-9858.jpg\",\"datePublished\":\"2023-09-01T07:40:36+00:00\",\"dateModified\":\"2025-11-23T18:07:46+00:00\",\"description\":\"Ogrevalni pla\u0161\u010d za sod. Hitro in u\u010dinkovito segrevanje teko\u010din in materialov. Digitalni regulator 0-90 \u00b0C. Nastavljive sponke za hitro odpenjanje.\",\"breadcrumb\":{\"@id\":\"https:\/\/ibcparts.eu\/de\/produkt\/grelni-plasc-standard-za-sod\/#breadcrumb\"},\"inLanguage\":\"hr\",\"potentialAction\":[{\"@type\":\"ReadAction\",\"target\":[\"https:\/\/ibcparts.eu\/de\/produkt\/grelni-plasc-standard-za-sod\/\"]}]},{\"@type\":\"ImageObject\",\"inLanguage\":\"hr\",\"@id\":\"https:\/\/ibcparts.eu\/de\/produkt\/grelni-plasc-standard-za-sod\/#primaryimage\",\"url\":\"https:\/\/ibcparts.eu\/wp-content\/uploads\/2023\/09\/11-9858.jpg\",\"contentUrl\":\"https:\/\/ibcparts.eu\/wp-content\/uploads\/2023\/09\/11-9858.jpg\",\"width\":828,\"height\":828,\"caption\":\"Grelni pla\u0161\u010d \\\"STANDARD\\\" za kovinske in plasti\u010dne sode\"},{\"@type\":\"BreadcrumbList\",\"@id\":\"https:\/\/ibcparts.eu\/de\/produkt\/grelni-plasc-standard-za-sod\/#breadcrumb\",\"itemListElement\":[{\"@type\":\"ListItem\",\"position\":1,\"name\":\"Home\",\"item\":\"https:\/\/ibcparts.eu\/\"},{\"@type\":\"ListItem\",\"position\":2,\"name\":\"Nakupujte\",\"item\":\"https:\/\/ibcparts.eu\/nakupujte\/\"},{\"@type\":\"ListItem\",\"position\":3,\"name\":\"Grelni pla\u0161\u010d &#8220;STANDARD&#8221; za kovinske in plasti\u010dne sode od 20L &#8211; 200L (0-90\u00b0C)\"}]},{\"@type\":\"WebSite\",\"@id\":\"https:\/\/ibcparts.eu\/#website\",\"url\":\"https:\/\/ibcparts.eu\/\",\"name\":\"IBCparts.eu\",\"description\":\"\",\"publisher\":{\"@id\":\"https:\/\/ibcparts.eu\/#organization\"},\"potentialAction\":[{\"@type\":\"SearchAction\",\"target\":{\"@type\":\"EntryPoint\",\"urlTemplate\":\"https:\/\/ibcparts.eu\/?s={search_term_string}\"},\"query-input\":{\"@type\":\"PropertyValueSpecification\",\"valueRequired\":true,\"valueName\":\"search_term_string\"}}],\"inLanguage\":\"hr\"},{\"@type\":\"Organization\",\"@id\":\"https:\/\/ibcparts.eu\/#organization\",\"name\":\"IBCparts\",\"url\":\"https:\/\/ibcparts.eu\/\",\"logo\":{\"@type\":\"ImageObject\",\"inLanguage\":\"hr\",\"@id\":\"https:\/\/ibcparts.eu\/#\/schema\/logo\/image\/\",\"url\":\"https:\/\/ibcparts.eu\/wp-content\/uploads\/2021\/10\/Footer-Logo.png\",\"contentUrl\":\"https:\/\/ibcparts.eu\/wp-content\/uploads\/2021\/10\/Footer-Logo.png\",\"width\":1992,\"height\":772,\"caption\":\"IBCparts\"},\"image\":{\"@id\":\"https:\/\/ibcparts.eu\/#\/schema\/logo\/image\/\"}}]}<\/script>\n<!-- \/ Yoast SEO plugin. -->","yoast_head_json":{"title":"Grelni pla\u0161\u010d \"STANDARD\" za kovinske in plasti\u010dne sode od 20L - 200L (0-90\u00b0C) | IBCparts.eu","description":"Ogrevalni pla\u0161\u010d za sod. Hitro in u\u010dinkovito segrevanje teko\u010din in materialov. Digitalni regulator 0-90 \u00b0C. Nastavljive sponke za hitro odpenjanje.","robots":{"index":"index","follow":"follow","max-snippet":"max-snippet:-1","max-image-preview":"max-image-preview:large","max-video-preview":"max-video-preview:-1"},"canonical":"https:\/\/ibcparts.eu\/hr\/produkt\/grelni-plasc-standard-za-sod\/","og_locale":"hr_HR","og_type":"article","og_title":"Grelni pla\u0161\u010d \"STANDARD\" za kovinske in plasti\u010dne sode od 20L - 200L (0-90\u00b0C) | IBCparts.eu","og_description":"Ogrevalni pla\u0161\u010d za sod. Hitro in u\u010dinkovito segrevanje teko\u010din in materialov. Digitalni regulator 0-90 \u00b0C. Nastavljive sponke za hitro odpenjanje.","og_url":"https:\/\/ibcparts.eu\/hr\/produkt\/grelni-plasc-standard-za-sod\/","og_site_name":"IBCparts.eu","article_modified_time":"2025-11-23T18:07:46+00:00","og_image":[{"width":828,"height":828,"url":"https:\/\/ibcparts.eu\/wp-content\/uploads\/2023\/09\/11-9858.jpg","type":"image\/jpeg"}],"twitter_card":"summary_large_image","schema":{"@context":"https:\/\/schema.org","@graph":[{"@type":"WebPage","@id":"https:\/\/ibcparts.eu\/de\/produkt\/grelni-plasc-standard-za-sod\/","url":"https:\/\/ibcparts.eu\/de\/produkt\/grelni-plasc-standard-za-sod\/","name":"Grelni pla\u0161\u010d \"STANDARD\" za kovinske in plasti\u010dne sode od 20L - 200L (0-90\u00b0C) | IBCparts.eu","isPartOf":{"@id":"https:\/\/ibcparts.eu\/#website"},"primaryImageOfPage":{"@id":"https:\/\/ibcparts.eu\/de\/produkt\/grelni-plasc-standard-za-sod\/#primaryimage"},"image":{"@id":"https:\/\/ibcparts.eu\/de\/produkt\/grelni-plasc-standard-za-sod\/#primaryimage"},"thumbnailUrl":"https:\/\/ibcparts.eu\/wp-content\/uploads\/2023\/09\/11-9858.jpg","datePublished":"2023-09-01T07:40:36+00:00","dateModified":"2025-11-23T18:07:46+00:00","description":"Ogrevalni pla\u0161\u010d za sod. Hitro in u\u010dinkovito segrevanje teko\u010din in materialov. Digitalni regulator 0-90 \u00b0C. Nastavljive sponke za hitro odpenjanje.","breadcrumb":{"@id":"https:\/\/ibcparts.eu\/de\/produkt\/grelni-plasc-standard-za-sod\/#breadcrumb"},"inLanguage":"hr","potentialAction":[{"@type":"ReadAction","target":["https:\/\/ibcparts.eu\/de\/produkt\/grelni-plasc-standard-za-sod\/"]}]},{"@type":"ImageObject","inLanguage":"hr","@id":"https:\/\/ibcparts.eu\/de\/produkt\/grelni-plasc-standard-za-sod\/#primaryimage","url":"https:\/\/ibcparts.eu\/wp-content\/uploads\/2023\/09\/11-9858.jpg","contentUrl":"https:\/\/ibcparts.eu\/wp-content\/uploads\/2023\/09\/11-9858.jpg","width":828,"height":828,"caption":"Grelni pla\u0161\u010d \"STANDARD\" za kovinske in plasti\u010dne sode"},{"@type":"BreadcrumbList","@id":"https:\/\/ibcparts.eu\/de\/produkt\/grelni-plasc-standard-za-sod\/#breadcrumb","itemListElement":[{"@type":"ListItem","position":1,"name":"Home","item":"https:\/\/ibcparts.eu\/"},{"@type":"ListItem","position":2,"name":"Nakupujte","item":"https:\/\/ibcparts.eu\/nakupujte\/"},{"@type":"ListItem","position":3,"name":"Grelni pla\u0161\u010d &#8220;STANDARD&#8221; za kovinske in plasti\u010dne sode od 20L &#8211; 200L (0-90\u00b0C)"}]},{"@type":"WebSite","@id":"https:\/\/ibcparts.eu\/#website","url":"https:\/\/ibcparts.eu\/","name":"IBCparts.eu","description":"","publisher":{"@id":"https:\/\/ibcparts.eu\/#organization"},"potentialAction":[{"@type":"SearchAction","target":{"@type":"EntryPoint","urlTemplate":"https:\/\/ibcparts.eu\/?s={search_term_string}"},"query-input":{"@type":"PropertyValueSpecification","valueRequired":true,"valueName":"search_term_string"}}],"inLanguage":"hr"},{"@type":"Organization","@id":"https:\/\/ibcparts.eu\/#organization","name":"Dijelovi IBC-a","url":"https:\/\/ibcparts.eu\/","logo":{"@type":"ImageObject","inLanguage":"hr","@id":"https:\/\/ibcparts.eu\/#\/schema\/logo\/image\/","url":"https:\/\/ibcparts.eu\/wp-content\/uploads\/2021\/10\/Footer-Logo.png","contentUrl":"https:\/\/ibcparts.eu\/wp-content\/uploads\/2021\/10\/Footer-Logo.png","width":1992,"height":772,"caption":"IBCparts"},"image":{"@id":"https:\/\/ibcparts.eu\/#\/schema\/logo\/image\/"}}]}},"_links":{"self":[{"href":"https:\/\/ibcparts.eu\/hr\/wp-json\/wp\/v2\/product\/15696","targetHints":{"allow":["GET"]}}],"collection":[{"href":"https:\/\/ibcparts.eu\/hr\/wp-json\/wp\/v2\/product"}],"about":[{"href":"https:\/\/ibcparts.eu\/hr\/wp-json\/wp\/v2\/types\/product"}],"version-history":[{"count":0,"href":"https:\/\/ibcparts.eu\/hr\/wp-json\/wp\/v2\/product\/15696\/revisions"}],"wp:featuredmedia":[{"embeddable":true,"href":"https:\/\/ibcparts.eu\/hr\/wp-json\/wp\/v2\/media\/15701"}],"wp:attachment":[{"href":"https:\/\/ibcparts.eu\/hr\/wp-json\/wp\/v2\/media?parent=15696"}],"wp:term":[{"taxonomy":"product_brand","embeddable":true,"href":"https:\/\/ibcparts.eu\/hr\/wp-json\/wp\/v2\/product_brand?post=15696"},{"taxonomy":"product_cat","embeddable":true,"href":"https:\/\/ibcparts.eu\/hr\/wp-json\/wp\/v2\/product_cat?post=15696"},{"taxonomy":"product_tag","embeddable":true,"href":"https:\/\/ibcparts.eu\/hr\/wp-json\/wp\/v2\/product_tag?post=15696"}],"curies":[{"name":"wp","href":"https:\/\/api.w.org\/{rel}","templated":true}]}}