{"id":15497,"date":"2023-08-02T09:06:20","date_gmt":"2023-08-02T08:06:20","guid":{"rendered":"https:\/\/ibcparts.eu\/?post_type=product&#038;p=15497"},"modified":"2025-12-02T13:38:17","modified_gmt":"2025-12-02T12:38:17","slug":"oddusnik-irri","status":"publish","type":"product","link":"https:\/\/ibcparts.eu\/hr\/proizvod\/oddusnik-irri\/","title":{"rendered":"Oddu\u0161nik IRRI"},"content":{"rendered":"","protected":false},"excerpt":{"rendered":"<p><span style=\"font-size: large;\"><strong>Informacije o artiklu:<\/strong><br \/>\nOddu\u0161nik IRRI &#8211; avtomatski odzra\u010devalnik.<\/span><br \/>\n\u200b<br \/>\nTip navoja: Mo\u0161ki BSP navoj dimenzije 3\/4&#8243; ali 1&#8221;.<\/p>\n<p>Barva: \u010drno-zelena<\/p>\n<p>Ta oddu\u0161nik je namenjen odzra\u010devanju IBC cisterne ali drugih zalogovnikov, namakalnih sistemov&#8230;<br \/>\nKo gladina vode dose\u017ee vrh oddu\u0161nika, kroglica v njegovi notranjosti zapre izhod.<br \/>\nMonta\u017ea na pokrov cisterne z reducirnim niplom ali drugje na cisterni s pomo\u010djo skoznika.<\/p>\n<p><u>\u200bDeluje \u017ee pri zelo nizkem tlaku med 0,2 in 10 bari pritiska.<\/u><\/p>\n<p>&nbsp;<\/p>\n<p>Voda v sistemu mora biti \u010dim bolj \u010dista, da umazanija ne ovira tesnjenja kroglice v notranjosti. Za dosego tega priporo\u010damo filtracijo vode pred vstopom v cisterno ter uporabo za\u0161\u010ditne ponjave TARP.<\/p>\n<p>Ta razbremenilni ventil za odzra\u010devanje zraka z za\u0161\u010diteno izhodno odprtino:<\/p>\n<ul>\n<li>Ima pod pokrov\u010dkom dodan poseben ovratnik, ki mr\u010desu prepre\u010duje vstop.<\/li>\n<li>Zagotavlja\u00a0optimalno delovanje in ve\u010djo u\u010dinkovitost namakalnega sistema s prepre\u010devanjem te\u017eav z zra\u010dnimi zaporami in povratnim sesanjem smeti v cevi.<\/li>\n<li>Omogo\u010da uhajanje zraka med za\u010detnim zagonom sistema in dokler cev ali odvodni vodi niso polni vode.\u00a0Omogo\u010da tudi vstop zraka nazaj v sistem, ko je obmo\u010dje izklopljeno.<\/li>\n<li>Pomaga prepre\u010devati zama\u0161itev v sistemih za kaplji\u010dno namakanje pod povr\u0161ino, ki je posledica povratnega sesanja smeti v vakuumskih pogojih.<\/li>\n<li>Zmanj\u0161a potrebe po vzdr\u017eevanju in podalj\u0161a \u017eivljenjsko dobo kapalnega sistema.<\/li>\n<li>Nemoteno in zanesljivo delovanje.<\/li>\n<li>Odpravlja zra\u010dne \u017eepe znotraj obmo\u010dja sistema.<\/li>\n<li>Ko je cona vklopljena, sprosti zrak iz kapalne cevi.<\/li>\n<li>Pusti, da zrak prosto vstopi v sistem, ko je obmo\u010dje zaprto.<\/li>\n<li>Zasnova s krogli\u010dnim plovcem nudi popolno tesnjenje pri zelo nizkem sistemskem tlaku.<\/li>\n<li>Enostaven za uporabo in vzdr\u017eevanje.<\/li>\n<li>Izdelan iz trpe\u017enega plasti\u010dnega materiala, odpornega na UV \u017earke, ki vzdr\u017ei tudi najbolj neugodne pogoje.<\/li>\n<\/ul>","protected":false},"featured_media":15500,"template":"","meta":[],"product_brand":[],"product_cat":[182,263],"product_tag":[],"class_list":{"0":"post-15497","1":"product","2":"type-product","3":"status-publish","4":"has-post-thumbnail","6":"product_cat-ibc-cisterne-ventili-in-dodatki","7":"product_cat-oddusniki","9":"first","10":"instock","11":"shipping-taxable","12":"purchasable","13":"product-type-variable"},"yoast_head":"<!-- This site is optimized with the Yoast SEO plugin v27.1.1 - https:\/\/yoast.com\/product\/yoast-seo-wordpress\/ -->\n<title>Oddu\u0161nik IRRI | IBCparts.eu<\/title>\n<meta name=\"description\" content=\"Ta oddu\u0161nik je namenjen odzra\u010devanju IBC cisterne ali drugih zalogovnikov, namakalnih sistemov...\" \/>\n<meta name=\"robots\" content=\"index, follow, max-snippet:-1, max-image-preview:large, max-video-preview:-1\" \/>\n<link rel=\"canonical\" href=\"https:\/\/ibcparts.eu\/hr\/proizvod\/oddusnik-irri\/\" \/>\n<meta property=\"og:locale\" content=\"hr_HR\" \/>\n<meta property=\"og:type\" content=\"article\" \/>\n<meta property=\"og:title\" content=\"Oddu\u0161nik IRRI | IBCparts.eu\" \/>\n<meta property=\"og:description\" content=\"Ta oddu\u0161nik je namenjen odzra\u010devanju IBC cisterne ali drugih zalogovnikov, namakalnih sistemov...\" \/>\n<meta property=\"og:url\" content=\"https:\/\/ibcparts.eu\/hr\/proizvod\/oddusnik-irri\/\" \/>\n<meta property=\"og:site_name\" content=\"IBCparts.eu\" \/>\n<meta property=\"article:modified_time\" content=\"2025-12-02T12:38:17+00:00\" \/>\n<meta property=\"og:image\" content=\"https:\/\/ibcparts.eu\/wp-content\/uploads\/2023\/08\/oddu-nik-odzra-evalnik-irri_orig.png\" \/>\n\t<meta property=\"og:image:width\" content=\"500\" \/>\n\t<meta property=\"og:image:height\" content=\"500\" \/>\n\t<meta property=\"og:image:type\" content=\"image\/png\" \/>\n<meta name=\"twitter:card\" content=\"summary_large_image\" \/>\n<script type=\"application\/ld+json\" class=\"yoast-schema-graph\">{\"@context\":\"https:\/\/schema.org\",\"@graph\":[{\"@type\":\"WebPage\",\"@id\":\"https:\/\/ibcparts.eu\/izdelek\/oddusnik-irri\/\",\"url\":\"https:\/\/ibcparts.eu\/izdelek\/oddusnik-irri\/\",\"name\":\"Oddu\u0161nik IRRI | IBCparts.eu\",\"isPartOf\":{\"@id\":\"https:\/\/ibcparts.eu\/#website\"},\"primaryImageOfPage\":{\"@id\":\"https:\/\/ibcparts.eu\/izdelek\/oddusnik-irri\/#primaryimage\"},\"image\":{\"@id\":\"https:\/\/ibcparts.eu\/izdelek\/oddusnik-irri\/#primaryimage\"},\"thumbnailUrl\":\"https:\/\/ibcparts.eu\/wp-content\/uploads\/2023\/08\/oddu-nik-odzra-evalnik-irri_orig.png\",\"datePublished\":\"2023-08-02T08:06:20+00:00\",\"dateModified\":\"2025-12-02T12:38:17+00:00\",\"description\":\"Ta oddu\u0161nik je namenjen odzra\u010devanju IBC cisterne ali drugih zalogovnikov, namakalnih sistemov...\",\"breadcrumb\":{\"@id\":\"https:\/\/ibcparts.eu\/izdelek\/oddusnik-irri\/#breadcrumb\"},\"inLanguage\":\"hr\",\"potentialAction\":[{\"@type\":\"ReadAction\",\"target\":[\"https:\/\/ibcparts.eu\/izdelek\/oddusnik-irri\/\"]}]},{\"@type\":\"ImageObject\",\"inLanguage\":\"hr\",\"@id\":\"https:\/\/ibcparts.eu\/izdelek\/oddusnik-irri\/#primaryimage\",\"url\":\"https:\/\/ibcparts.eu\/wp-content\/uploads\/2023\/08\/oddu-nik-odzra-evalnik-irri_orig.png\",\"contentUrl\":\"https:\/\/ibcparts.eu\/wp-content\/uploads\/2023\/08\/oddu-nik-odzra-evalnik-irri_orig.png\",\"width\":500,\"height\":500},{\"@type\":\"BreadcrumbList\",\"@id\":\"https:\/\/ibcparts.eu\/izdelek\/oddusnik-irri\/#breadcrumb\",\"itemListElement\":[{\"@type\":\"ListItem\",\"position\":1,\"name\":\"Home\",\"item\":\"https:\/\/ibcparts.eu\/\"},{\"@type\":\"ListItem\",\"position\":2,\"name\":\"Nakupujte\",\"item\":\"https:\/\/ibcparts.eu\/nakupujte\/\"},{\"@type\":\"ListItem\",\"position\":3,\"name\":\"Oddu\u0161nik IRRI\"}]},{\"@type\":\"WebSite\",\"@id\":\"https:\/\/ibcparts.eu\/#website\",\"url\":\"https:\/\/ibcparts.eu\/\",\"name\":\"IBCparts.eu\",\"description\":\"\",\"publisher\":{\"@id\":\"https:\/\/ibcparts.eu\/#organization\"},\"potentialAction\":[{\"@type\":\"SearchAction\",\"target\":{\"@type\":\"EntryPoint\",\"urlTemplate\":\"https:\/\/ibcparts.eu\/?s={search_term_string}\"},\"query-input\":{\"@type\":\"PropertyValueSpecification\",\"valueRequired\":true,\"valueName\":\"search_term_string\"}}],\"inLanguage\":\"hr\"},{\"@type\":\"Organization\",\"@id\":\"https:\/\/ibcparts.eu\/#organization\",\"name\":\"IBCparts\",\"url\":\"https:\/\/ibcparts.eu\/\",\"logo\":{\"@type\":\"ImageObject\",\"inLanguage\":\"hr\",\"@id\":\"https:\/\/ibcparts.eu\/#\/schema\/logo\/image\/\",\"url\":\"https:\/\/ibcparts.eu\/wp-content\/uploads\/2021\/10\/Footer-Logo.png\",\"contentUrl\":\"https:\/\/ibcparts.eu\/wp-content\/uploads\/2021\/10\/Footer-Logo.png\",\"width\":1992,\"height\":772,\"caption\":\"IBCparts\"},\"image\":{\"@id\":\"https:\/\/ibcparts.eu\/#\/schema\/logo\/image\/\"}}]}<\/script>\n<!-- \/ Yoast SEO plugin. -->","yoast_head_json":{"title":"Oddu\u0161nik IRRI | IBCparts.eu","description":"Ta oddu\u0161nik je namenjen odzra\u010devanju IBC cisterne ali drugih zalogovnikov, namakalnih sistemov...","robots":{"index":"index","follow":"follow","max-snippet":"max-snippet:-1","max-image-preview":"max-image-preview:large","max-video-preview":"max-video-preview:-1"},"canonical":"https:\/\/ibcparts.eu\/hr\/proizvod\/oddusnik-irri\/","og_locale":"hr_HR","og_type":"article","og_title":"Oddu\u0161nik IRRI | IBCparts.eu","og_description":"Ta oddu\u0161nik je namenjen odzra\u010devanju IBC cisterne ali drugih zalogovnikov, namakalnih sistemov...","og_url":"https:\/\/ibcparts.eu\/hr\/proizvod\/oddusnik-irri\/","og_site_name":"IBCparts.eu","article_modified_time":"2025-12-02T12:38:17+00:00","og_image":[{"width":500,"height":500,"url":"https:\/\/ibcparts.eu\/wp-content\/uploads\/2023\/08\/oddu-nik-odzra-evalnik-irri_orig.png","type":"image\/png"}],"twitter_card":"summary_large_image","schema":{"@context":"https:\/\/schema.org","@graph":[{"@type":"WebPage","@id":"https:\/\/ibcparts.eu\/izdelek\/oddusnik-irri\/","url":"https:\/\/ibcparts.eu\/izdelek\/oddusnik-irri\/","name":"Oddu\u0161nik IRRI | IBCparts.eu","isPartOf":{"@id":"https:\/\/ibcparts.eu\/#website"},"primaryImageOfPage":{"@id":"https:\/\/ibcparts.eu\/izdelek\/oddusnik-irri\/#primaryimage"},"image":{"@id":"https:\/\/ibcparts.eu\/izdelek\/oddusnik-irri\/#primaryimage"},"thumbnailUrl":"https:\/\/ibcparts.eu\/wp-content\/uploads\/2023\/08\/oddu-nik-odzra-evalnik-irri_orig.png","datePublished":"2023-08-02T08:06:20+00:00","dateModified":"2025-12-02T12:38:17+00:00","description":"Ta oddu\u0161nik je namenjen odzra\u010devanju IBC cisterne ali drugih zalogovnikov, namakalnih sistemov...","breadcrumb":{"@id":"https:\/\/ibcparts.eu\/izdelek\/oddusnik-irri\/#breadcrumb"},"inLanguage":"hr","potentialAction":[{"@type":"ReadAction","target":["https:\/\/ibcparts.eu\/izdelek\/oddusnik-irri\/"]}]},{"@type":"ImageObject","inLanguage":"hr","@id":"https:\/\/ibcparts.eu\/izdelek\/oddusnik-irri\/#primaryimage","url":"https:\/\/ibcparts.eu\/wp-content\/uploads\/2023\/08\/oddu-nik-odzra-evalnik-irri_orig.png","contentUrl":"https:\/\/ibcparts.eu\/wp-content\/uploads\/2023\/08\/oddu-nik-odzra-evalnik-irri_orig.png","width":500,"height":500},{"@type":"BreadcrumbList","@id":"https:\/\/ibcparts.eu\/izdelek\/oddusnik-irri\/#breadcrumb","itemListElement":[{"@type":"ListItem","position":1,"name":"Home","item":"https:\/\/ibcparts.eu\/"},{"@type":"ListItem","position":2,"name":"Nakupujte","item":"https:\/\/ibcparts.eu\/nakupujte\/"},{"@type":"ListItem","position":3,"name":"Oddu\u0161nik IRRI"}]},{"@type":"WebSite","@id":"https:\/\/ibcparts.eu\/#website","url":"https:\/\/ibcparts.eu\/","name":"IBCparts.eu","description":"","publisher":{"@id":"https:\/\/ibcparts.eu\/#organization"},"potentialAction":[{"@type":"SearchAction","target":{"@type":"EntryPoint","urlTemplate":"https:\/\/ibcparts.eu\/?s={search_term_string}"},"query-input":{"@type":"PropertyValueSpecification","valueRequired":true,"valueName":"search_term_string"}}],"inLanguage":"hr"},{"@type":"Organization","@id":"https:\/\/ibcparts.eu\/#organization","name":"Dijelovi IBC-a","url":"https:\/\/ibcparts.eu\/","logo":{"@type":"ImageObject","inLanguage":"hr","@id":"https:\/\/ibcparts.eu\/#\/schema\/logo\/image\/","url":"https:\/\/ibcparts.eu\/wp-content\/uploads\/2021\/10\/Footer-Logo.png","contentUrl":"https:\/\/ibcparts.eu\/wp-content\/uploads\/2021\/10\/Footer-Logo.png","width":1992,"height":772,"caption":"IBCparts"},"image":{"@id":"https:\/\/ibcparts.eu\/#\/schema\/logo\/image\/"}}]}},"_links":{"self":[{"href":"https:\/\/ibcparts.eu\/hr\/wp-json\/wp\/v2\/product\/15497","targetHints":{"allow":["GET"]}}],"collection":[{"href":"https:\/\/ibcparts.eu\/hr\/wp-json\/wp\/v2\/product"}],"about":[{"href":"https:\/\/ibcparts.eu\/hr\/wp-json\/wp\/v2\/types\/product"}],"version-history":[{"count":0,"href":"https:\/\/ibcparts.eu\/hr\/wp-json\/wp\/v2\/product\/15497\/revisions"}],"wp:featuredmedia":[{"embeddable":true,"href":"https:\/\/ibcparts.eu\/hr\/wp-json\/wp\/v2\/media\/15500"}],"wp:attachment":[{"href":"https:\/\/ibcparts.eu\/hr\/wp-json\/wp\/v2\/media?parent=15497"}],"wp:term":[{"taxonomy":"product_brand","embeddable":true,"href":"https:\/\/ibcparts.eu\/hr\/wp-json\/wp\/v2\/product_brand?post=15497"},{"taxonomy":"product_cat","embeddable":true,"href":"https:\/\/ibcparts.eu\/hr\/wp-json\/wp\/v2\/product_cat?post=15497"},{"taxonomy":"product_tag","embeddable":true,"href":"https:\/\/ibcparts.eu\/hr\/wp-json\/wp\/v2\/product_tag?post=15497"}],"curies":[{"name":"wp","href":"https:\/\/api.w.org\/{rel}","templated":true}]}}