{"id":15067,"date":"2023-05-25T05:01:02","date_gmt":"2023-05-25T04:01:02","guid":{"rendered":"https:\/\/ibcparts.eu\/?post_type=product&#038;p=15067"},"modified":"2026-01-16T10:12:21","modified_gmt":"2026-01-16T09:12:21","slug":"komplet-ava-connect","status":"publish","type":"product","link":"https:\/\/ibcparts.eu\/hr\/proizvod\/komplet-ava-connect\/","title":{"rendered":"AVA CONNECT komplet (20mm, 25mm, 32mm, 50mm)"},"content":{"rendered":"","protected":false},"excerpt":{"rendered":"<h2 data-start=\"128\" data-end=\"167\">AVA CONNECT komplet \u2013 priklju\u010dni ventil za IBC cisterne<\/h2>\n<p data-start=\"171\" data-end=\"215\" class=\" translation-block\"><strong data-start=\"171\" data-end=\"184\">Materijal:<\/strong> visokokvalitetni PP (polipropilen)<\/p>\n<p><strong>Vrlo sna\u017ean, UV-otporan komplet<\/strong><\/p>\n<p data-start=\"218\" data-end=\"283\" class=\" translation-block\"><strong data-start=\"218\" data-end=\"230\">Brtva:<\/strong> EPDM guma od \u010distog materijala, <strong data-start=\"258\" data-end=\"281\">ekskluzivno kod nas<\/strong><\/p>\n<p data-start=\"286\" data-end=\"413\" class=\" translation-block\"><strong data-start=\"286\" data-end=\"304\">Ventil:<\/strong> <strong data-start=\"305\" data-end=\"325\">MF PRO automatic<\/strong> \u2013 sna\u017ean ventil koji izvrsno radi i <strong data-start=\"378\" data-end=\"411\">bez pritiska (gravitacijski), ina\u010de do 10 bara.<\/strong><\/p>\n<p data-start=\"416\" data-end=\"443\"><strong data-start=\"416\" data-end=\"441\">Veli\u010dine priklju\u010dka za alkaten cijev:<\/strong><\/p>\n<ul>\n<li data-start=\"448\" data-end=\"462\">20 mm (1\/2\u2033)<\/li>\n<li data-start=\"467\" data-end=\"481\">25 mm (3\/4\u2033)<\/li>\n<li data-start=\"486\" data-end=\"498\">32 mm (1\u2033)<\/li>\n<li data-start=\"503\" data-end=\"515\">50 mm (2\u2033)<\/li>\n<\/ul>\n<p class=\" translation-block\"><strong data-start=\"518\" data-end=\"530\">Monta\u017ea:<\/strong> sastavljeno za vas, spremno za uporabu<\/p>\n<p data-start=\"579\" data-end=\"638\" class=\" translation-block\"><strong data-start=\"579\" data-end=\"598\">Kompatibilnost:<\/strong> IBC cisterne s navojem <strong data-start=\"622\" data-end=\"638\">S60x6 (DN50) \u2013 to je klasi\u010dni, naj\u010de\u0161\u0107i navoj na cisternama.<\/strong><\/p>","protected":false},"featured_media":15068,"template":"","meta":[],"product_brand":[],"product_cat":[316],"product_tag":[],"class_list":{"0":"post-15067","1":"product","2":"type-product","3":"status-publish","4":"has-post-thumbnail","6":"product_cat-kompleti-ava","8":"first","9":"instock","10":"sale","11":"shipping-taxable","12":"purchasable","13":"product-type-variable"},"yoast_head":"<!-- This site is optimized with the Yoast SEO plugin v27.1.1 - https:\/\/yoast.com\/product\/yoast-seo-wordpress\/ -->\n<title>Komplet AVA CONNECT (20mm, 25mm, 32mm, 50mm) | IBCparts.eu<\/title>\n<meta name=\"description\" content=\"Komplet za IBC cisterno z robustnim ventilo za hiter pretok in priklju\u010dkom za alkaten cev (uporabi se lahko tudi fleksibilna armirana cev)\" \/>\n<meta name=\"robots\" content=\"index, follow, max-snippet:-1, max-image-preview:large, max-video-preview:-1\" \/>\n<link rel=\"canonical\" href=\"https:\/\/ibcparts.eu\/hr\/proizvod\/komplet-ava-connect\/\" \/>\n<meta property=\"og:locale\" content=\"hr_HR\" \/>\n<meta property=\"og:type\" content=\"article\" \/>\n<meta property=\"og:title\" content=\"Komplet AVA CONNECT (20mm, 25mm, 32mm, 50mm) | IBCparts.eu\" \/>\n<meta property=\"og:description\" content=\"Komplet za IBC cisterno z robustnim ventilo za hiter pretok in priklju\u010dkom za alkaten cev (uporabi se lahko tudi fleksibilna armirana cev)\" \/>\n<meta property=\"og:url\" content=\"https:\/\/ibcparts.eu\/hr\/proizvod\/komplet-ava-connect\/\" \/>\n<meta property=\"og:site_name\" content=\"IBCparts.eu\" \/>\n<meta property=\"article:modified_time\" content=\"2026-01-16T09:12:21+00:00\" \/>\n<meta property=\"og:image\" content=\"https:\/\/ibcparts.eu\/wp-content\/uploads\/2023\/05\/komplet-ava-connect-za-ibc-cisterno_orig.png\" \/>\n\t<meta property=\"og:image:width\" content=\"500\" \/>\n\t<meta property=\"og:image:height\" content=\"500\" \/>\n\t<meta property=\"og:image:type\" content=\"image\/png\" \/>\n<meta name=\"twitter:card\" content=\"summary_large_image\" \/>\n<script type=\"application\/ld+json\" class=\"yoast-schema-graph\">{\"@context\":\"https:\/\/schema.org\",\"@graph\":[{\"@type\":\"WebPage\",\"@id\":\"https:\/\/ibcparts.eu\/izdelek\/komplet-ava-connect\/\",\"url\":\"https:\/\/ibcparts.eu\/izdelek\/komplet-ava-connect\/\",\"name\":\"Komplet AVA CONNECT (20mm, 25mm, 32mm, 50mm) | IBCparts.eu\",\"isPartOf\":{\"@id\":\"https:\/\/ibcparts.eu\/#website\"},\"primaryImageOfPage\":{\"@id\":\"https:\/\/ibcparts.eu\/izdelek\/komplet-ava-connect\/#primaryimage\"},\"image\":{\"@id\":\"https:\/\/ibcparts.eu\/izdelek\/komplet-ava-connect\/#primaryimage\"},\"thumbnailUrl\":\"https:\/\/ibcparts.eu\/wp-content\/uploads\/2023\/05\/komplet-ava-connect-za-ibc-cisterno_orig.png\",\"datePublished\":\"2023-05-25T04:01:02+00:00\",\"dateModified\":\"2026-01-16T09:12:21+00:00\",\"description\":\"Komplet za IBC cisterno z robustnim ventilo za hiter pretok in priklju\u010dkom za alkaten cev (uporabi se lahko tudi fleksibilna armirana cev)\",\"breadcrumb\":{\"@id\":\"https:\/\/ibcparts.eu\/izdelek\/komplet-ava-connect\/#breadcrumb\"},\"inLanguage\":\"hr\",\"potentialAction\":[{\"@type\":\"ReadAction\",\"target\":[\"https:\/\/ibcparts.eu\/izdelek\/komplet-ava-connect\/\"]}]},{\"@type\":\"ImageObject\",\"inLanguage\":\"hr\",\"@id\":\"https:\/\/ibcparts.eu\/izdelek\/komplet-ava-connect\/#primaryimage\",\"url\":\"https:\/\/ibcparts.eu\/wp-content\/uploads\/2023\/05\/komplet-ava-connect-za-ibc-cisterno_orig.png\",\"contentUrl\":\"https:\/\/ibcparts.eu\/wp-content\/uploads\/2023\/05\/komplet-ava-connect-za-ibc-cisterno_orig.png\",\"width\":500,\"height\":500},{\"@type\":\"BreadcrumbList\",\"@id\":\"https:\/\/ibcparts.eu\/izdelek\/komplet-ava-connect\/#breadcrumb\",\"itemListElement\":[{\"@type\":\"ListItem\",\"position\":1,\"name\":\"Home\",\"item\":\"https:\/\/ibcparts.eu\/\"},{\"@type\":\"ListItem\",\"position\":2,\"name\":\"Nakupujte\",\"item\":\"https:\/\/ibcparts.eu\/nakupujte\/\"},{\"@type\":\"ListItem\",\"position\":3,\"name\":\"Komplet AVA CONNECT (20mm, 25mm, 32mm, 50mm)\"}]},{\"@type\":\"WebSite\",\"@id\":\"https:\/\/ibcparts.eu\/#website\",\"url\":\"https:\/\/ibcparts.eu\/\",\"name\":\"IBCparts.eu\",\"description\":\"\",\"publisher\":{\"@id\":\"https:\/\/ibcparts.eu\/#organization\"},\"potentialAction\":[{\"@type\":\"SearchAction\",\"target\":{\"@type\":\"EntryPoint\",\"urlTemplate\":\"https:\/\/ibcparts.eu\/?s={search_term_string}\"},\"query-input\":{\"@type\":\"PropertyValueSpecification\",\"valueRequired\":true,\"valueName\":\"search_term_string\"}}],\"inLanguage\":\"hr\"},{\"@type\":\"Organization\",\"@id\":\"https:\/\/ibcparts.eu\/#organization\",\"name\":\"IBCparts\",\"url\":\"https:\/\/ibcparts.eu\/\",\"logo\":{\"@type\":\"ImageObject\",\"inLanguage\":\"hr\",\"@id\":\"https:\/\/ibcparts.eu\/#\/schema\/logo\/image\/\",\"url\":\"https:\/\/ibcparts.eu\/wp-content\/uploads\/2021\/10\/Footer-Logo.png\",\"contentUrl\":\"https:\/\/ibcparts.eu\/wp-content\/uploads\/2021\/10\/Footer-Logo.png\",\"width\":1992,\"height\":772,\"caption\":\"IBCparts\"},\"image\":{\"@id\":\"https:\/\/ibcparts.eu\/#\/schema\/logo\/image\/\"}}]}<\/script>\n<!-- \/ Yoast SEO plugin. -->","yoast_head_json":{"title":"Komplet AVA CONNECT (20mm, 25mm, 32mm, 50mm) | IBCparts.eu","description":"Komplet za IBC cisterno z robustnim ventilo za hiter pretok in priklju\u010dkom za alkaten cev (uporabi se lahko tudi fleksibilna armirana cev)","robots":{"index":"index","follow":"follow","max-snippet":"max-snippet:-1","max-image-preview":"max-image-preview:large","max-video-preview":"max-video-preview:-1"},"canonical":"https:\/\/ibcparts.eu\/hr\/proizvod\/komplet-ava-connect\/","og_locale":"hr_HR","og_type":"article","og_title":"Komplet AVA CONNECT (20mm, 25mm, 32mm, 50mm) | IBCparts.eu","og_description":"Komplet za IBC cisterno z robustnim ventilo za hiter pretok in priklju\u010dkom za alkaten cev (uporabi se lahko tudi fleksibilna armirana cev)","og_url":"https:\/\/ibcparts.eu\/hr\/proizvod\/komplet-ava-connect\/","og_site_name":"IBCparts.eu","article_modified_time":"2026-01-16T09:12:21+00:00","og_image":[{"width":500,"height":500,"url":"https:\/\/ibcparts.eu\/wp-content\/uploads\/2023\/05\/komplet-ava-connect-za-ibc-cisterno_orig.png","type":"image\/png"}],"twitter_card":"summary_large_image","schema":{"@context":"https:\/\/schema.org","@graph":[{"@type":"WebPage","@id":"https:\/\/ibcparts.eu\/izdelek\/komplet-ava-connect\/","url":"https:\/\/ibcparts.eu\/izdelek\/komplet-ava-connect\/","name":"Komplet AVA CONNECT (20mm, 25mm, 32mm, 50mm) | IBCparts.eu","isPartOf":{"@id":"https:\/\/ibcparts.eu\/#website"},"primaryImageOfPage":{"@id":"https:\/\/ibcparts.eu\/izdelek\/komplet-ava-connect\/#primaryimage"},"image":{"@id":"https:\/\/ibcparts.eu\/izdelek\/komplet-ava-connect\/#primaryimage"},"thumbnailUrl":"https:\/\/ibcparts.eu\/wp-content\/uploads\/2023\/05\/komplet-ava-connect-za-ibc-cisterno_orig.png","datePublished":"2023-05-25T04:01:02+00:00","dateModified":"2026-01-16T09:12:21+00:00","description":"Komplet za IBC cisterno z robustnim ventilo za hiter pretok in priklju\u010dkom za alkaten cev (uporabi se lahko tudi fleksibilna armirana cev)","breadcrumb":{"@id":"https:\/\/ibcparts.eu\/izdelek\/komplet-ava-connect\/#breadcrumb"},"inLanguage":"hr","potentialAction":[{"@type":"ReadAction","target":["https:\/\/ibcparts.eu\/izdelek\/komplet-ava-connect\/"]}]},{"@type":"ImageObject","inLanguage":"hr","@id":"https:\/\/ibcparts.eu\/izdelek\/komplet-ava-connect\/#primaryimage","url":"https:\/\/ibcparts.eu\/wp-content\/uploads\/2023\/05\/komplet-ava-connect-za-ibc-cisterno_orig.png","contentUrl":"https:\/\/ibcparts.eu\/wp-content\/uploads\/2023\/05\/komplet-ava-connect-za-ibc-cisterno_orig.png","width":500,"height":500},{"@type":"BreadcrumbList","@id":"https:\/\/ibcparts.eu\/izdelek\/komplet-ava-connect\/#breadcrumb","itemListElement":[{"@type":"ListItem","position":1,"name":"Home","item":"https:\/\/ibcparts.eu\/"},{"@type":"ListItem","position":2,"name":"Nakupujte","item":"https:\/\/ibcparts.eu\/nakupujte\/"},{"@type":"ListItem","position":3,"name":"Komplet AVA CONNECT (20mm, 25mm, 32mm, 50mm)"}]},{"@type":"WebSite","@id":"https:\/\/ibcparts.eu\/#website","url":"https:\/\/ibcparts.eu\/","name":"IBCparts.eu","description":"","publisher":{"@id":"https:\/\/ibcparts.eu\/#organization"},"potentialAction":[{"@type":"SearchAction","target":{"@type":"EntryPoint","urlTemplate":"https:\/\/ibcparts.eu\/?s={search_term_string}"},"query-input":{"@type":"PropertyValueSpecification","valueRequired":true,"valueName":"search_term_string"}}],"inLanguage":"hr"},{"@type":"Organization","@id":"https:\/\/ibcparts.eu\/#organization","name":"Dijelovi IBC-a","url":"https:\/\/ibcparts.eu\/","logo":{"@type":"ImageObject","inLanguage":"hr","@id":"https:\/\/ibcparts.eu\/#\/schema\/logo\/image\/","url":"https:\/\/ibcparts.eu\/wp-content\/uploads\/2021\/10\/Footer-Logo.png","contentUrl":"https:\/\/ibcparts.eu\/wp-content\/uploads\/2021\/10\/Footer-Logo.png","width":1992,"height":772,"caption":"IBCparts"},"image":{"@id":"https:\/\/ibcparts.eu\/#\/schema\/logo\/image\/"}}]}},"_links":{"self":[{"href":"https:\/\/ibcparts.eu\/hr\/wp-json\/wp\/v2\/product\/15067","targetHints":{"allow":["GET"]}}],"collection":[{"href":"https:\/\/ibcparts.eu\/hr\/wp-json\/wp\/v2\/product"}],"about":[{"href":"https:\/\/ibcparts.eu\/hr\/wp-json\/wp\/v2\/types\/product"}],"version-history":[{"count":6,"href":"https:\/\/ibcparts.eu\/hr\/wp-json\/wp\/v2\/product\/15067\/revisions"}],"predecessor-version":[{"id":20224,"href":"https:\/\/ibcparts.eu\/hr\/wp-json\/wp\/v2\/product\/15067\/revisions\/20224"}],"wp:featuredmedia":[{"embeddable":true,"href":"https:\/\/ibcparts.eu\/hr\/wp-json\/wp\/v2\/media\/15068"}],"wp:attachment":[{"href":"https:\/\/ibcparts.eu\/hr\/wp-json\/wp\/v2\/media?parent=15067"}],"wp:term":[{"taxonomy":"product_brand","embeddable":true,"href":"https:\/\/ibcparts.eu\/hr\/wp-json\/wp\/v2\/product_brand?post=15067"},{"taxonomy":"product_cat","embeddable":true,"href":"https:\/\/ibcparts.eu\/hr\/wp-json\/wp\/v2\/product_cat?post=15067"},{"taxonomy":"product_tag","embeddable":true,"href":"https:\/\/ibcparts.eu\/hr\/wp-json\/wp\/v2\/product_tag?post=15067"}],"curies":[{"name":"wp","href":"https:\/\/api.w.org\/{rel}","templated":true}]}}