{"id":14870,"date":"2023-04-11T06:15:24","date_gmt":"2023-04-11T05:15:24","guid":{"rendered":"https:\/\/ibcparts.eu\/?post_type=product&#038;p=14870"},"modified":"2026-01-13T14:33:36","modified_gmt":"2026-01-13T13:33:36","slug":"komplet-ava-titan","status":"publish","type":"product","link":"https:\/\/ibcparts.eu\/hr\/proizvod\/komplet-ava-titan\/","title":{"rendered":"AVA TITAN komplet (3\/4\u2033, 1\u2033)"},"content":{"rendered":"","protected":false},"excerpt":{"rendered":"<h2 data-start=\"120\" data-end=\"160\">AVA TITAN komplet \u2013 priklju\u010dni ventil za IBC cisterne<\/h2>\n<p data-start=\"233\" data-end=\"277\"><strong data-start=\"233\" data-end=\"246\">Vrlo sna\u017ean, UV-otporan komplet<\/strong><\/p>\n<p data-start=\"233\" data-end=\"277\" class=\" translation-block\"><strong data-start=\"233\" data-end=\"246\">Materijal adaptera:<\/strong> visokokvalitetni PP (polipropilen)<\/p>\n<p data-start=\"209\" data-end=\"269\"><strong data-start=\"221\" data-end=\"244\">Kovinski krogli\u010dni PRO ventil<\/strong> \u2013 trpe\u017een in zanesljiv<\/p>\n<p class=\" translation-block\"><strong data-start=\"218\" data-end=\"230\">Brtva:<\/strong> EPDM guma od \u010distog materijala, <strong data-start=\"258\" data-end=\"281\">ekskluzivno kod nas<\/strong><\/p>\n<p data-start=\"272\" data-end=\"320\" class=\" translation-block\"><strong data-start=\"272\" data-end=\"287\">Priklju\u010dak:<\/strong> <strong data-start=\"288\" data-end=\"311\">mesingana smrekica<\/strong> za crijevo veli\u010dine:<\/p>\n<ul>\n<li data-start=\"344\" data-end=\"382\">3\/4\u2033 \u2013 vanjski promjer smrekice <strong>20 mm<\/strong><\/li>\n<li data-start=\"387\" data-end=\"423\">1\u2033 \u2013 vanjski promjer smrekice <strong>27 mm<\/strong><\/li>\n<\/ul>\n<p class=\" translation-block\"><strong data-start=\"518\" data-end=\"530\">Monta\u017ea:<\/strong> sastavljeno za vas, spremno za uporabu<\/p>\n<p data-start=\"487\" data-end=\"546\" class=\" translation-block\"><strong data-start=\"579\" data-end=\"598\">Kompatibilnost:<\/strong> IBC cisterne s navojem <strong data-start=\"622\" data-end=\"638\">S60x6 (DN50) \u2013 to je klasi\u010dni, naj\u010de\u0161\u0107i navoj na cisternama.<\/strong><\/p>","protected":false},"featured_media":14871,"template":"","meta":[],"product_brand":[],"product_cat":[316],"product_tag":[],"class_list":{"0":"post-14870","1":"product","2":"type-product","3":"status-publish","4":"has-post-thumbnail","6":"product_cat-kompleti-ava","8":"first","9":"instock","10":"sale","11":"shipping-taxable","12":"purchasable","13":"product-type-variable"},"yoast_head":"<!-- This site is optimized with the Yoast SEO plugin v27.1.1 - https:\/\/yoast.com\/product\/yoast-seo-wordpress\/ -->\n<title>Komplet AVA TITAN (3\/4&quot;, 1&quot;) | IBCparts.eu<\/title>\n<meta name=\"description\" content=\"Komplet AVA TITAN za IBC cisterne S60x6. Trpe\u017een kovinski krogli\u010dni ventil PRO z EPDM tesnilom in medeninastim priklju\u010dkom za cev 20 in 27mm.\" \/>\n<meta name=\"robots\" content=\"index, follow, max-snippet:-1, max-image-preview:large, max-video-preview:-1\" \/>\n<link rel=\"canonical\" href=\"https:\/\/ibcparts.eu\/hr\/proizvod\/komplet-ava-titan\/\" \/>\n<meta property=\"og:locale\" content=\"hr_HR\" \/>\n<meta property=\"og:type\" content=\"article\" \/>\n<meta property=\"og:title\" content=\"Komplet AVA TITAN (3\/4&quot;, 1&quot;) | IBCparts.eu\" \/>\n<meta property=\"og:description\" content=\"Komplet AVA TITAN za IBC cisterne S60x6. Trpe\u017een kovinski krogli\u010dni ventil PRO z EPDM tesnilom in medeninastim priklju\u010dkom za cev 20 in 27mm.\" \/>\n<meta property=\"og:url\" content=\"https:\/\/ibcparts.eu\/hr\/proizvod\/komplet-ava-titan\/\" \/>\n<meta property=\"og:site_name\" content=\"IBCparts.eu\" \/>\n<meta property=\"article:modified_time\" content=\"2026-01-13T13:33:36+00:00\" \/>\n<meta property=\"og:image\" content=\"https:\/\/ibcparts.eu\/wp-content\/uploads\/2023\/04\/komplet-ava-za-ibc-cisterno-7_orig.jpg\" \/>\n\t<meta property=\"og:image:width\" content=\"827\" \/>\n\t<meta property=\"og:image:height\" content=\"827\" \/>\n\t<meta property=\"og:image:type\" content=\"image\/jpeg\" \/>\n<meta name=\"twitter:card\" content=\"summary_large_image\" \/>\n<script type=\"application\/ld+json\" class=\"yoast-schema-graph\">{\"@context\":\"https:\/\/schema.org\",\"@graph\":[{\"@type\":\"WebPage\",\"@id\":\"https:\/\/ibcparts.eu\/izdelek\/komplet-ava-titan\/\",\"url\":\"https:\/\/ibcparts.eu\/izdelek\/komplet-ava-titan\/\",\"name\":\"Komplet AVA TITAN (3\/4\\\", 1\\\") | IBCparts.eu\",\"isPartOf\":{\"@id\":\"https:\/\/ibcparts.eu\/#website\"},\"primaryImageOfPage\":{\"@id\":\"https:\/\/ibcparts.eu\/izdelek\/komplet-ava-titan\/#primaryimage\"},\"image\":{\"@id\":\"https:\/\/ibcparts.eu\/izdelek\/komplet-ava-titan\/#primaryimage\"},\"thumbnailUrl\":\"https:\/\/ibcparts.eu\/wp-content\/uploads\/2023\/04\/komplet-ava-za-ibc-cisterno-7_orig.jpg\",\"datePublished\":\"2023-04-11T05:15:24+00:00\",\"dateModified\":\"2026-01-13T13:33:36+00:00\",\"description\":\"Komplet AVA TITAN za IBC cisterne S60x6. Trpe\u017een kovinski krogli\u010dni ventil PRO z EPDM tesnilom in medeninastim priklju\u010dkom za cev 20 in 27mm.\",\"breadcrumb\":{\"@id\":\"https:\/\/ibcparts.eu\/izdelek\/komplet-ava-titan\/#breadcrumb\"},\"inLanguage\":\"hr\",\"potentialAction\":[{\"@type\":\"ReadAction\",\"target\":[\"https:\/\/ibcparts.eu\/izdelek\/komplet-ava-titan\/\"]}]},{\"@type\":\"ImageObject\",\"inLanguage\":\"hr\",\"@id\":\"https:\/\/ibcparts.eu\/izdelek\/komplet-ava-titan\/#primaryimage\",\"url\":\"https:\/\/ibcparts.eu\/wp-content\/uploads\/2023\/04\/komplet-ava-za-ibc-cisterno-7_orig.jpg\",\"contentUrl\":\"https:\/\/ibcparts.eu\/wp-content\/uploads\/2023\/04\/komplet-ava-za-ibc-cisterno-7_orig.jpg\",\"width\":827,\"height\":827},{\"@type\":\"BreadcrumbList\",\"@id\":\"https:\/\/ibcparts.eu\/izdelek\/komplet-ava-titan\/#breadcrumb\",\"itemListElement\":[{\"@type\":\"ListItem\",\"position\":1,\"name\":\"Home\",\"item\":\"https:\/\/ibcparts.eu\/\"},{\"@type\":\"ListItem\",\"position\":2,\"name\":\"Nakupujte\",\"item\":\"https:\/\/ibcparts.eu\/nakupujte\/\"},{\"@type\":\"ListItem\",\"position\":3,\"name\":\"Komplet AVA TITAN (3\/4&#8243;, 1&#8243;)\"}]},{\"@type\":\"WebSite\",\"@id\":\"https:\/\/ibcparts.eu\/#website\",\"url\":\"https:\/\/ibcparts.eu\/\",\"name\":\"IBCparts.eu\",\"description\":\"\",\"publisher\":{\"@id\":\"https:\/\/ibcparts.eu\/#organization\"},\"potentialAction\":[{\"@type\":\"SearchAction\",\"target\":{\"@type\":\"EntryPoint\",\"urlTemplate\":\"https:\/\/ibcparts.eu\/?s={search_term_string}\"},\"query-input\":{\"@type\":\"PropertyValueSpecification\",\"valueRequired\":true,\"valueName\":\"search_term_string\"}}],\"inLanguage\":\"hr\"},{\"@type\":\"Organization\",\"@id\":\"https:\/\/ibcparts.eu\/#organization\",\"name\":\"IBCparts\",\"url\":\"https:\/\/ibcparts.eu\/\",\"logo\":{\"@type\":\"ImageObject\",\"inLanguage\":\"hr\",\"@id\":\"https:\/\/ibcparts.eu\/#\/schema\/logo\/image\/\",\"url\":\"https:\/\/ibcparts.eu\/wp-content\/uploads\/2021\/10\/Footer-Logo.png\",\"contentUrl\":\"https:\/\/ibcparts.eu\/wp-content\/uploads\/2021\/10\/Footer-Logo.png\",\"width\":1992,\"height\":772,\"caption\":\"IBCparts\"},\"image\":{\"@id\":\"https:\/\/ibcparts.eu\/#\/schema\/logo\/image\/\"}}]}<\/script>\n<!-- \/ Yoast SEO plugin. -->","yoast_head_json":{"title":"Komplet AVA TITAN (3\/4\", 1\") | IBCparts.eu","description":"Komplet AVA TITAN za IBC cisterne S60x6. Trpe\u017een kovinski krogli\u010dni ventil PRO z EPDM tesnilom in medeninastim priklju\u010dkom za cev 20 in 27mm.","robots":{"index":"index","follow":"follow","max-snippet":"max-snippet:-1","max-image-preview":"max-image-preview:large","max-video-preview":"max-video-preview:-1"},"canonical":"https:\/\/ibcparts.eu\/hr\/proizvod\/komplet-ava-titan\/","og_locale":"hr_HR","og_type":"article","og_title":"Komplet AVA TITAN (3\/4\", 1\") | IBCparts.eu","og_description":"Komplet AVA TITAN za IBC cisterne S60x6. Trpe\u017een kovinski krogli\u010dni ventil PRO z EPDM tesnilom in medeninastim priklju\u010dkom za cev 20 in 27mm.","og_url":"https:\/\/ibcparts.eu\/hr\/proizvod\/komplet-ava-titan\/","og_site_name":"IBCparts.eu","article_modified_time":"2026-01-13T13:33:36+00:00","og_image":[{"width":827,"height":827,"url":"https:\/\/ibcparts.eu\/wp-content\/uploads\/2023\/04\/komplet-ava-za-ibc-cisterno-7_orig.jpg","type":"image\/jpeg"}],"twitter_card":"summary_large_image","schema":{"@context":"https:\/\/schema.org","@graph":[{"@type":"WebPage","@id":"https:\/\/ibcparts.eu\/izdelek\/komplet-ava-titan\/","url":"https:\/\/ibcparts.eu\/izdelek\/komplet-ava-titan\/","name":"Komplet AVA TITAN (3\/4\", 1\") | IBCparts.eu","isPartOf":{"@id":"https:\/\/ibcparts.eu\/#website"},"primaryImageOfPage":{"@id":"https:\/\/ibcparts.eu\/izdelek\/komplet-ava-titan\/#primaryimage"},"image":{"@id":"https:\/\/ibcparts.eu\/izdelek\/komplet-ava-titan\/#primaryimage"},"thumbnailUrl":"https:\/\/ibcparts.eu\/wp-content\/uploads\/2023\/04\/komplet-ava-za-ibc-cisterno-7_orig.jpg","datePublished":"2023-04-11T05:15:24+00:00","dateModified":"2026-01-13T13:33:36+00:00","description":"Komplet AVA TITAN za IBC cisterne S60x6. Trpe\u017een kovinski krogli\u010dni ventil PRO z EPDM tesnilom in medeninastim priklju\u010dkom za cev 20 in 27mm.","breadcrumb":{"@id":"https:\/\/ibcparts.eu\/izdelek\/komplet-ava-titan\/#breadcrumb"},"inLanguage":"hr","potentialAction":[{"@type":"ReadAction","target":["https:\/\/ibcparts.eu\/izdelek\/komplet-ava-titan\/"]}]},{"@type":"ImageObject","inLanguage":"hr","@id":"https:\/\/ibcparts.eu\/izdelek\/komplet-ava-titan\/#primaryimage","url":"https:\/\/ibcparts.eu\/wp-content\/uploads\/2023\/04\/komplet-ava-za-ibc-cisterno-7_orig.jpg","contentUrl":"https:\/\/ibcparts.eu\/wp-content\/uploads\/2023\/04\/komplet-ava-za-ibc-cisterno-7_orig.jpg","width":827,"height":827},{"@type":"BreadcrumbList","@id":"https:\/\/ibcparts.eu\/izdelek\/komplet-ava-titan\/#breadcrumb","itemListElement":[{"@type":"ListItem","position":1,"name":"Home","item":"https:\/\/ibcparts.eu\/"},{"@type":"ListItem","position":2,"name":"Nakupujte","item":"https:\/\/ibcparts.eu\/nakupujte\/"},{"@type":"ListItem","position":3,"name":"Komplet AVA TITAN (3\/4&#8243;, 1&#8243;)"}]},{"@type":"WebSite","@id":"https:\/\/ibcparts.eu\/#website","url":"https:\/\/ibcparts.eu\/","name":"IBCparts.eu","description":"","publisher":{"@id":"https:\/\/ibcparts.eu\/#organization"},"potentialAction":[{"@type":"SearchAction","target":{"@type":"EntryPoint","urlTemplate":"https:\/\/ibcparts.eu\/?s={search_term_string}"},"query-input":{"@type":"PropertyValueSpecification","valueRequired":true,"valueName":"search_term_string"}}],"inLanguage":"hr"},{"@type":"Organization","@id":"https:\/\/ibcparts.eu\/#organization","name":"Dijelovi IBC-a","url":"https:\/\/ibcparts.eu\/","logo":{"@type":"ImageObject","inLanguage":"hr","@id":"https:\/\/ibcparts.eu\/#\/schema\/logo\/image\/","url":"https:\/\/ibcparts.eu\/wp-content\/uploads\/2021\/10\/Footer-Logo.png","contentUrl":"https:\/\/ibcparts.eu\/wp-content\/uploads\/2021\/10\/Footer-Logo.png","width":1992,"height":772,"caption":"IBCparts"},"image":{"@id":"https:\/\/ibcparts.eu\/#\/schema\/logo\/image\/"}}]}},"_links":{"self":[{"href":"https:\/\/ibcparts.eu\/hr\/wp-json\/wp\/v2\/product\/14870","targetHints":{"allow":["GET"]}}],"collection":[{"href":"https:\/\/ibcparts.eu\/hr\/wp-json\/wp\/v2\/product"}],"about":[{"href":"https:\/\/ibcparts.eu\/hr\/wp-json\/wp\/v2\/types\/product"}],"version-history":[{"count":5,"href":"https:\/\/ibcparts.eu\/hr\/wp-json\/wp\/v2\/product\/14870\/revisions"}],"predecessor-version":[{"id":20231,"href":"https:\/\/ibcparts.eu\/hr\/wp-json\/wp\/v2\/product\/14870\/revisions\/20231"}],"wp:featuredmedia":[{"embeddable":true,"href":"https:\/\/ibcparts.eu\/hr\/wp-json\/wp\/v2\/media\/14871"}],"wp:attachment":[{"href":"https:\/\/ibcparts.eu\/hr\/wp-json\/wp\/v2\/media?parent=14870"}],"wp:term":[{"taxonomy":"product_brand","embeddable":true,"href":"https:\/\/ibcparts.eu\/hr\/wp-json\/wp\/v2\/product_brand?post=14870"},{"taxonomy":"product_cat","embeddable":true,"href":"https:\/\/ibcparts.eu\/hr\/wp-json\/wp\/v2\/product_cat?post=14870"},{"taxonomy":"product_tag","embeddable":true,"href":"https:\/\/ibcparts.eu\/hr\/wp-json\/wp\/v2\/product_tag?post=14870"}],"curies":[{"name":"wp","href":"https:\/\/api.w.org\/{rel}","templated":true}]}}