{"id":12105,"date":"2022-01-14T03:23:29","date_gmt":"2022-01-14T02:23:29","guid":{"rendered":"https:\/\/ibcparts.eu\/?post_type=product&#038;p=12105"},"modified":"2026-01-13T14:20:52","modified_gmt":"2026-01-13T13:20:52","slug":"komplet-z-rocko-za-natakanje-adblue-adapter-klasik-ali-easy-vrtljiv","status":"publish","type":"product","link":"https:\/\/ibcparts.eu\/hr\/proizvod\/adblue-pistolj-za-tocenje-set-adapter-klasicni-ili-easy-okretni\/","title":{"rendered":"Komplet z ro\u010dko za natakanje AdBlue + adapter KLASIK ali EASY (vrtljiv)"},"content":{"rendered":"","protected":false},"excerpt":{"rendered":"<h2 data-start=\"201\" data-end=\"307\">Komplet s pi\u0161toljem (mlaznicom) za to\u010denje AdBluea za IBC cisternu + KLASIK ili EASY (okretni) adapter<\/h2>\n<p data-start=\"309\" data-end=\"834\" class=\" translation-block\">Komplet s pi\u0161toljem za to\u010denje AdBluea namijenjen je jednostavnom, \u010distom i kontroliranom to\u010denju AdBluea iz IBC cisterne. Uklju\u010duje pi\u0161tolj za to\u010denje te adapter za priklju\u010dak na IBC cisternu s navojem S60x6. Dostupne su dvije izvedbe adaptera: <strong data-start=\"568\" data-end=\"578\">KLASIK<\/strong> ili <strong data-start=\"583\" data-end=\"601\">EASY (okretni)<\/strong>, koji omogu\u0107uje lak\u0161u monta\u017eu i uporabu pri \u010destom prikap\u010danju i odspajanju. Komplet se koristi kao <strong data-start=\"708\" data-end=\"754\">adapter odnosno priklju\u010dak za IBC cisternu<\/strong> i prikladan je za svakodnevnu uporabu pri punjenju vozila ili strojeva s AdBlueom.<\/p>\n<p data-start=\"836\" data-end=\"861\"><strong data-start=\"836\" data-end=\"859\">Tehni\u010dke karakteristike<\/strong><\/p>\n<ul>\n<li data-start=\"864\" data-end=\"906\">Vrsta proizvoda: komplet za to\u010denje AdBluea<\/li>\n<li data-start=\"909\" data-end=\"928\">Sadr\u017eaj kompleta:<\/li>\n<li style=\"list-style-type: none;\">\n<ul data-start=\"931\" data-end=\"999\">\n<li data-start=\"931\" data-end=\"969\">\n<p data-start=\"933\" data-end=\"969\">pi\u0161tolj (mlaznica) za to\u010denje AdBluea<\/p>\n<\/li>\n<li data-start=\"972\" data-end=\"999\">\n<p data-start=\"974\" data-end=\"999\">adapter za IBC cisternu<\/p>\n<\/li>\n<\/ul>\n<\/li>\n<li data-start=\"1002\" data-end=\"1053\">Vrsta navoja na cisterni: S60x6 (DN50), grubi navoj<\/li>\n<li data-start=\"1056\" data-end=\"1076\">Izvedba adaptera:\n<ul data-start=\"1079\" data-end=\"1110\">\n<li data-start=\"1079\" data-end=\"1089\">\n<p data-start=\"1081\" data-end=\"1089\">KLASIK<\/p>\n<\/li>\n<li data-start=\"1092\" data-end=\"1110\">\n<p data-start=\"1094\" data-end=\"1110\">EASY (vrtljiv)<\/p>\n<\/li>\n<\/ul>\n<\/li>\n<li data-start=\"1113\" data-end=\"1146\">Namjena uporabe: to\u010denje AdBluea<\/li>\n<li data-start=\"1149\" data-end=\"1176\">Prikladno za: IBC cisterne<\/li>\n<\/ul>\n<p data-start=\"1178\" data-end=\"1376\" class=\" translation-block\">Dodatne informacije:<br data-start=\"1198\" data-end=\"1201\">Izvedba <strong data-start=\"1209\" data-end=\"1227\">EASY (okretna)<\/strong> omogu\u0107uje lak\u0161u monta\u017eu, osobito kada je cijev ve\u0107 spojena na adapter.<\/p>","protected":false},"featured_media":12483,"template":"","meta":[],"product_brand":[],"product_cat":[187,170,298,319],"product_tag":[398],"class_list":{"0":"post-12105","1":"product","2":"type-product","3":"status-publish","4":"has-post-thumbnail","6":"product_cat-pripomocki-za-pretakanje-tekocine","7":"product_cat-reducirji-in-prikljucki-za-ibc","8":"product_cat-prikljucki-za-cisterno-z-navojem-s60x6","9":"product_cat-vse-za-uporabo-z-adblue","10":"product_tag-komplet-z-rocko-za-natakanje-adblue-za-ibc-cisterno","12":"first","13":"instock","14":"shipping-taxable","15":"purchasable","16":"product-type-variable"},"yoast_head":"<!-- This site is optimized with the Yoast SEO plugin v27.1.1 - https:\/\/yoast.com\/product\/yoast-seo-wordpress\/ -->\n<title>Komplet z ro\u010dko za natakanje AdBlue + adapter KLASIK ali EASY (vrtljiv) | IBCparts.eu<\/title>\n<meta name=\"description\" content=\"Komplet z ro\u010dko (nozzle) za natakanje AdBlue za IBC cisterno S60x6. Vklju\u010duje adapter KLASIK ali EASY (vrtljiv) za \u010disto in enostavno to\u010denje.\" \/>\n<meta name=\"robots\" content=\"index, follow, max-snippet:-1, max-image-preview:large, max-video-preview:-1\" \/>\n<link rel=\"canonical\" href=\"https:\/\/ibcparts.eu\/hr\/proizvod\/adblue-pistolj-za-tocenje-set-adapter-klasicni-ili-easy-okretni\/\" \/>\n<meta property=\"og:locale\" content=\"hr_HR\" \/>\n<meta property=\"og:type\" content=\"article\" \/>\n<meta property=\"og:title\" content=\"Komplet z ro\u010dko za natakanje AdBlue + adapter KLASIK ali EASY (vrtljiv) | IBCparts.eu\" \/>\n<meta property=\"og:description\" content=\"Komplet z ro\u010dko (nozzle) za natakanje AdBlue za IBC cisterno S60x6. Vklju\u010duje adapter KLASIK ali EASY (vrtljiv) za \u010disto in enostavno to\u010denje.\" \/>\n<meta property=\"og:url\" content=\"https:\/\/ibcparts.eu\/hr\/proizvod\/adblue-pistolj-za-tocenje-set-adapter-klasicni-ili-easy-okretni\/\" \/>\n<meta property=\"og:site_name\" content=\"IBCparts.eu\" \/>\n<meta property=\"article:modified_time\" content=\"2026-01-13T13:20:52+00:00\" \/>\n<meta property=\"og:image\" content=\"https:\/\/ibcparts.eu\/wp-content\/uploads\/2022\/01\/30.jpg\" \/>\n\t<meta property=\"og:image:width\" content=\"590\" \/>\n\t<meta property=\"og:image:height\" content=\"590\" \/>\n\t<meta property=\"og:image:type\" content=\"image\/jpeg\" \/>\n<meta name=\"twitter:card\" content=\"summary_large_image\" \/>\n<script type=\"application\/ld+json\" class=\"yoast-schema-graph\">{\"@context\":\"https:\/\/schema.org\",\"@graph\":[{\"@type\":\"WebPage\",\"@id\":\"https:\/\/ibcparts.eu\/izdelek\/komplet-z-rocko-za-natakanje-adblue-adapter-klasik-ali-easy-vrtljiv\/\",\"url\":\"https:\/\/ibcparts.eu\/izdelek\/komplet-z-rocko-za-natakanje-adblue-adapter-klasik-ali-easy-vrtljiv\/\",\"name\":\"Komplet z ro\u010dko za natakanje AdBlue + adapter KLASIK ali EASY (vrtljiv) | IBCparts.eu\",\"isPartOf\":{\"@id\":\"https:\/\/ibcparts.eu\/#website\"},\"primaryImageOfPage\":{\"@id\":\"https:\/\/ibcparts.eu\/izdelek\/komplet-z-rocko-za-natakanje-adblue-adapter-klasik-ali-easy-vrtljiv\/#primaryimage\"},\"image\":{\"@id\":\"https:\/\/ibcparts.eu\/izdelek\/komplet-z-rocko-za-natakanje-adblue-adapter-klasik-ali-easy-vrtljiv\/#primaryimage\"},\"thumbnailUrl\":\"https:\/\/ibcparts.eu\/wp-content\/uploads\/2022\/01\/30.jpg\",\"datePublished\":\"2022-01-14T02:23:29+00:00\",\"dateModified\":\"2026-01-13T13:20:52+00:00\",\"description\":\"Komplet z ro\u010dko (nozzle) za natakanje AdBlue za IBC cisterno S60x6. Vklju\u010duje adapter KLASIK ali EASY (vrtljiv) za \u010disto in enostavno to\u010denje.\",\"breadcrumb\":{\"@id\":\"https:\/\/ibcparts.eu\/izdelek\/komplet-z-rocko-za-natakanje-adblue-adapter-klasik-ali-easy-vrtljiv\/#breadcrumb\"},\"inLanguage\":\"hr\",\"potentialAction\":[{\"@type\":\"ReadAction\",\"target\":[\"https:\/\/ibcparts.eu\/izdelek\/komplet-z-rocko-za-natakanje-adblue-adapter-klasik-ali-easy-vrtljiv\/\"]}]},{\"@type\":\"ImageObject\",\"inLanguage\":\"hr\",\"@id\":\"https:\/\/ibcparts.eu\/izdelek\/komplet-z-rocko-za-natakanje-adblue-adapter-klasik-ali-easy-vrtljiv\/#primaryimage\",\"url\":\"https:\/\/ibcparts.eu\/wp-content\/uploads\/2022\/01\/30.jpg\",\"contentUrl\":\"https:\/\/ibcparts.eu\/wp-content\/uploads\/2022\/01\/30.jpg\",\"width\":590,\"height\":590,\"caption\":\"Komplet z ro\u010dko za natakanje AdBlue + adapter KLASIK ali EASY (vrtljiv)\"},{\"@type\":\"BreadcrumbList\",\"@id\":\"https:\/\/ibcparts.eu\/izdelek\/komplet-z-rocko-za-natakanje-adblue-adapter-klasik-ali-easy-vrtljiv\/#breadcrumb\",\"itemListElement\":[{\"@type\":\"ListItem\",\"position\":1,\"name\":\"Home\",\"item\":\"https:\/\/ibcparts.eu\/\"},{\"@type\":\"ListItem\",\"position\":2,\"name\":\"Nakupujte\",\"item\":\"https:\/\/ibcparts.eu\/nakupujte\/\"},{\"@type\":\"ListItem\",\"position\":3,\"name\":\"Komplet z ro\u010dko za natakanje AdBlue + adapter KLASIK ali EASY (vrtljiv)\"}]},{\"@type\":\"WebSite\",\"@id\":\"https:\/\/ibcparts.eu\/#website\",\"url\":\"https:\/\/ibcparts.eu\/\",\"name\":\"IBCparts.eu\",\"description\":\"\",\"publisher\":{\"@id\":\"https:\/\/ibcparts.eu\/#organization\"},\"potentialAction\":[{\"@type\":\"SearchAction\",\"target\":{\"@type\":\"EntryPoint\",\"urlTemplate\":\"https:\/\/ibcparts.eu\/?s={search_term_string}\"},\"query-input\":{\"@type\":\"PropertyValueSpecification\",\"valueRequired\":true,\"valueName\":\"search_term_string\"}}],\"inLanguage\":\"hr\"},{\"@type\":\"Organization\",\"@id\":\"https:\/\/ibcparts.eu\/#organization\",\"name\":\"IBCparts\",\"url\":\"https:\/\/ibcparts.eu\/\",\"logo\":{\"@type\":\"ImageObject\",\"inLanguage\":\"hr\",\"@id\":\"https:\/\/ibcparts.eu\/#\/schema\/logo\/image\/\",\"url\":\"https:\/\/ibcparts.eu\/wp-content\/uploads\/2021\/10\/Footer-Logo.png\",\"contentUrl\":\"https:\/\/ibcparts.eu\/wp-content\/uploads\/2021\/10\/Footer-Logo.png\",\"width\":1992,\"height\":772,\"caption\":\"IBCparts\"},\"image\":{\"@id\":\"https:\/\/ibcparts.eu\/#\/schema\/logo\/image\/\"}}]}<\/script>\n<!-- \/ Yoast SEO plugin. -->","yoast_head_json":{"title":"Komplet z ro\u010dko za natakanje AdBlue + adapter KLASIK ali EASY (vrtljiv) | IBCparts.eu","description":"Komplet z ro\u010dko (nozzle) za natakanje AdBlue za IBC cisterno S60x6. Vklju\u010duje adapter KLASIK ali EASY (vrtljiv) za \u010disto in enostavno to\u010denje.","robots":{"index":"index","follow":"follow","max-snippet":"max-snippet:-1","max-image-preview":"max-image-preview:large","max-video-preview":"max-video-preview:-1"},"canonical":"https:\/\/ibcparts.eu\/hr\/proizvod\/adblue-pistolj-za-tocenje-set-adapter-klasicni-ili-easy-okretni\/","og_locale":"hr_HR","og_type":"article","og_title":"Komplet z ro\u010dko za natakanje AdBlue + adapter KLASIK ali EASY (vrtljiv) | IBCparts.eu","og_description":"Komplet z ro\u010dko (nozzle) za natakanje AdBlue za IBC cisterno S60x6. Vklju\u010duje adapter KLASIK ali EASY (vrtljiv) za \u010disto in enostavno to\u010denje.","og_url":"https:\/\/ibcparts.eu\/hr\/proizvod\/adblue-pistolj-za-tocenje-set-adapter-klasicni-ili-easy-okretni\/","og_site_name":"IBCparts.eu","article_modified_time":"2026-01-13T13:20:52+00:00","og_image":[{"width":590,"height":590,"url":"https:\/\/ibcparts.eu\/wp-content\/uploads\/2022\/01\/30.jpg","type":"image\/jpeg"}],"twitter_card":"summary_large_image","schema":{"@context":"https:\/\/schema.org","@graph":[{"@type":"WebPage","@id":"https:\/\/ibcparts.eu\/izdelek\/komplet-z-rocko-za-natakanje-adblue-adapter-klasik-ali-easy-vrtljiv\/","url":"https:\/\/ibcparts.eu\/izdelek\/komplet-z-rocko-za-natakanje-adblue-adapter-klasik-ali-easy-vrtljiv\/","name":"Komplet z ro\u010dko za natakanje AdBlue + adapter KLASIK ali EASY (vrtljiv) | IBCparts.eu","isPartOf":{"@id":"https:\/\/ibcparts.eu\/#website"},"primaryImageOfPage":{"@id":"https:\/\/ibcparts.eu\/izdelek\/komplet-z-rocko-za-natakanje-adblue-adapter-klasik-ali-easy-vrtljiv\/#primaryimage"},"image":{"@id":"https:\/\/ibcparts.eu\/izdelek\/komplet-z-rocko-za-natakanje-adblue-adapter-klasik-ali-easy-vrtljiv\/#primaryimage"},"thumbnailUrl":"https:\/\/ibcparts.eu\/wp-content\/uploads\/2022\/01\/30.jpg","datePublished":"2022-01-14T02:23:29+00:00","dateModified":"2026-01-13T13:20:52+00:00","description":"Komplet z ro\u010dko (nozzle) za natakanje AdBlue za IBC cisterno S60x6. Vklju\u010duje adapter KLASIK ali EASY (vrtljiv) za \u010disto in enostavno to\u010denje.","breadcrumb":{"@id":"https:\/\/ibcparts.eu\/izdelek\/komplet-z-rocko-za-natakanje-adblue-adapter-klasik-ali-easy-vrtljiv\/#breadcrumb"},"inLanguage":"hr","potentialAction":[{"@type":"ReadAction","target":["https:\/\/ibcparts.eu\/izdelek\/komplet-z-rocko-za-natakanje-adblue-adapter-klasik-ali-easy-vrtljiv\/"]}]},{"@type":"ImageObject","inLanguage":"hr","@id":"https:\/\/ibcparts.eu\/izdelek\/komplet-z-rocko-za-natakanje-adblue-adapter-klasik-ali-easy-vrtljiv\/#primaryimage","url":"https:\/\/ibcparts.eu\/wp-content\/uploads\/2022\/01\/30.jpg","contentUrl":"https:\/\/ibcparts.eu\/wp-content\/uploads\/2022\/01\/30.jpg","width":590,"height":590,"caption":"Komplet z ro\u010dko za natakanje AdBlue + adapter KLASIK ali EASY (vrtljiv)"},{"@type":"BreadcrumbList","@id":"https:\/\/ibcparts.eu\/izdelek\/komplet-z-rocko-za-natakanje-adblue-adapter-klasik-ali-easy-vrtljiv\/#breadcrumb","itemListElement":[{"@type":"ListItem","position":1,"name":"Home","item":"https:\/\/ibcparts.eu\/"},{"@type":"ListItem","position":2,"name":"Nakupujte","item":"https:\/\/ibcparts.eu\/nakupujte\/"},{"@type":"ListItem","position":3,"name":"Komplet z ro\u010dko za natakanje AdBlue + adapter KLASIK ali EASY (vrtljiv)"}]},{"@type":"WebSite","@id":"https:\/\/ibcparts.eu\/#website","url":"https:\/\/ibcparts.eu\/","name":"IBCparts.eu","description":"","publisher":{"@id":"https:\/\/ibcparts.eu\/#organization"},"potentialAction":[{"@type":"SearchAction","target":{"@type":"EntryPoint","urlTemplate":"https:\/\/ibcparts.eu\/?s={search_term_string}"},"query-input":{"@type":"PropertyValueSpecification","valueRequired":true,"valueName":"search_term_string"}}],"inLanguage":"hr"},{"@type":"Organization","@id":"https:\/\/ibcparts.eu\/#organization","name":"Dijelovi IBC-a","url":"https:\/\/ibcparts.eu\/","logo":{"@type":"ImageObject","inLanguage":"hr","@id":"https:\/\/ibcparts.eu\/#\/schema\/logo\/image\/","url":"https:\/\/ibcparts.eu\/wp-content\/uploads\/2021\/10\/Footer-Logo.png","contentUrl":"https:\/\/ibcparts.eu\/wp-content\/uploads\/2021\/10\/Footer-Logo.png","width":1992,"height":772,"caption":"IBCparts"},"image":{"@id":"https:\/\/ibcparts.eu\/#\/schema\/logo\/image\/"}}]}},"_links":{"self":[{"href":"https:\/\/ibcparts.eu\/hr\/wp-json\/wp\/v2\/product\/12105","targetHints":{"allow":["GET"]}}],"collection":[{"href":"https:\/\/ibcparts.eu\/hr\/wp-json\/wp\/v2\/product"}],"about":[{"href":"https:\/\/ibcparts.eu\/hr\/wp-json\/wp\/v2\/types\/product"}],"version-history":[{"count":2,"href":"https:\/\/ibcparts.eu\/hr\/wp-json\/wp\/v2\/product\/12105\/revisions"}],"predecessor-version":[{"id":20211,"href":"https:\/\/ibcparts.eu\/hr\/wp-json\/wp\/v2\/product\/12105\/revisions\/20211"}],"wp:featuredmedia":[{"embeddable":true,"href":"https:\/\/ibcparts.eu\/hr\/wp-json\/wp\/v2\/media\/12483"}],"wp:attachment":[{"href":"https:\/\/ibcparts.eu\/hr\/wp-json\/wp\/v2\/media?parent=12105"}],"wp:term":[{"taxonomy":"product_brand","embeddable":true,"href":"https:\/\/ibcparts.eu\/hr\/wp-json\/wp\/v2\/product_brand?post=12105"},{"taxonomy":"product_cat","embeddable":true,"href":"https:\/\/ibcparts.eu\/hr\/wp-json\/wp\/v2\/product_cat?post=12105"},{"taxonomy":"product_tag","embeddable":true,"href":"https:\/\/ibcparts.eu\/hr\/wp-json\/wp\/v2\/product_tag?post=12105"}],"curies":[{"name":"wp","href":"https:\/\/api.w.org\/{rel}","templated":true}]}}