{"id":9048,"date":"2021-12-30T08:29:39","date_gmt":"2021-12-30T07:29:39","guid":{"rendered":"https:\/\/ibcparts.eu\/?page_id=9048"},"modified":"2026-01-15T07:58:12","modified_gmt":"2026-01-15T06:58:12","slug":"o-nas","status":"publish","type":"page","link":"https:\/\/ibcparts.eu\/hr\/o-nama\/","title":{"rendered":"O NAS"},"content":{"rendered":"<div data-elementor-type=\"wp-page\" data-elementor-id=\"9048\" class=\"elementor elementor-9048\" data-elementor-post-type=\"page\">\n\t\t\t\t\t\t<section class=\"wd-negative-gap elementor-section elementor-top-section elementor-element elementor-element-3ae0840 elementor-section-boxed elementor-section-height-default elementor-section-height-default\" data-id=\"3ae0840\" data-element_type=\"section\" data-e-type=\"section\">\n\t\t\t\t\t\t<div class=\"elementor-container elementor-column-gap-default\">\n\t\t\t\t\t<div class=\"elementor-column elementor-col-100 elementor-top-column elementor-element elementor-element-096489c\" data-id=\"096489c\" data-element_type=\"column\" data-e-type=\"column\">\n\t\t\t<div class=\"elementor-widget-wrap elementor-element-populated\">\n\t\t\t\t\t\t<div class=\"elementor-element elementor-element-e44645a elementor-widget elementor-widget-image\" data-id=\"e44645a\" data-element_type=\"widget\" data-e-type=\"widget\" data-widget_type=\"image.default\">\n\t\t\t\t<div class=\"elementor-widget-container\">\n\t\t\t\t\t\t\t\t\t\t\t\t\t\t\t<img decoding=\"async\" width=\"300\" height=\"228\" src=\"https:\/\/ibcparts.eu\/wp-content\/uploads\/2022\/01\/DUO-for-the-bottom-of-home-page-300x228.png\" class=\"attachment-medium size-medium wp-image-12263\" alt=\"DUO for the bottom of home page\" srcset=\"https:\/\/ibcparts.eu\/wp-content\/uploads\/2022\/01\/DUO-for-the-bottom-of-home-page-300x228.png 300w, https:\/\/ibcparts.eu\/wp-content\/uploads\/2022\/01\/DUO-for-the-bottom-of-home-page-150x114.png 150w, https:\/\/ibcparts.eu\/wp-content\/uploads\/2022\/01\/DUO-for-the-bottom-of-home-page-16x12.png 16w, https:\/\/ibcparts.eu\/wp-content\/uploads\/2022\/01\/DUO-for-the-bottom-of-home-page.png 591w\" sizes=\"(max-width: 300px) 100vw, 300px\" \/>\t\t\t\t\t\t\t\t\t\t\t\t\t\t\t<\/div>\n\t\t\t\t<\/div>\n\t\t\t\t<div class=\"elementor-element elementor-element-04e7d50 color-scheme-inherit text-left elementor-widget elementor-widget-text-editor\" data-id=\"04e7d50\" data-element_type=\"widget\" data-e-type=\"widget\" data-widget_type=\"text-editor.default\">\n\t\t\t\t<div class=\"elementor-widget-container\">\n\t\t\t\t\t\t\t\t\t<p data-start=\"330\" data-end=\"345\">Pozdrav,<\/p><p data-start=\"347\" data-end=\"368\" class=\" translation-block\">Moje ime je <strong>Luka<\/strong>.<\/p><p data-start=\"370\" data-end=\"516\" class=\" translation-block\">Put prema ponudi na <strong>IBCparts.eu<\/strong> zapo\u010deo je prije nekoliko godina kada sam u svom nasadu lje\u0161njaka tra\u017eio pouzdana rje\u0161enja za kori\u0161tenje <strong>IBC spremnika<\/strong>.<\/p><p data-start=\"518\" data-end=\"731\" class=\" translation-block\">Tada\u0161nja rje\u0161enja na tr\u017ei\u0161tu bila su uglavnom lo\u0161a i vrlo skupa.<br>Nedostatak odgovaraju\u0107ih opcija potaknuo me da po\u010dnem tra\u017eiti \u2013 i tako\u0111er izra\u0111ivati \u2013 proizvode koji bi kori\u0161tenje IBC spremnika uistinu olak\u0161ali.<\/p><p data-start=\"749\" data-end=\"809\">S vremenom mi se ovaj posao svidio i nastavio sam se njime baviti.<\/p><p data-start=\"811\" data-end=\"1040\" class=\" translation-block\">U tvrtki <strong>IBCparts.eu<\/strong> danas smo ponosni \u0161to neprestano pomi\u010demo granice mogu\u0107ega u kori\u0161tenju IBC spremnika. Zahvaljuju\u0107i na\u0161oj predanosti inovacijama razvili smo proizvode koji nisu samo vrlo funkcionalni, ve\u0107 i iznimno izdr\u017eljivi.<\/p><p data-start=\"1042\" data-end=\"1242\" class=\" translation-block\">Stalno testiranje, unaprje\u0111ivanje proizvoda te potraga za sve boljim i pouzdanijim dobavlja\u010dima danas se odra\u017eavaju u <strong>kvalitetnim, provjerenim i cjenovno pristupa\u010dnim rje\u0161enjima<\/strong> koja redovito nadopunjujemo.<\/p><p data-start=\"1260\" data-end=\"1332\" class=\" translation-block\">Jedno od temeljnih na\u010dela na\u0161e filozofije je <strong>cjenovna dostupnost kvalitete<\/strong>.<\/p><p data-start=\"1334\" data-end=\"1592\">Vjerujemo da bi svatko trebao imati pristup vrhunskoj dodatnoj opremi za IBC spremnike \u2013 bez nepotrebnih tro\u0161kova. Zato svoje proizvode nudimo po konkurentnim cijenama kako bi bili dostupni \u0161to \u0161irem krugu korisnika, kako za rad u vrtu tako i u industriji.<\/p><p data-start=\"1594\" data-end=\"1661\"><strong data-start=\"1594\" data-end=\"1661\">Ne nudimo neprovjerene i manje kvalitetne proizvode.<\/strong><\/p><p data-start=\"1679\" data-end=\"1904\" class=\" translation-block\">Svjesni smo da je va\u0161e vrijeme dragocjeno, zato je ve\u0107ina na\u0161ih proizvoda dostupna ve\u0107 <strong>sastavljena<\/strong>.<br>Bez slo\u017eenih instalacija \u2013 s na\u0161im dodacima mo\u017eete odmah po\u010deti koristiti IBC spremnike na na\u010din koji ste zamislili.<\/p><p data-start=\"1922\" data-end=\"2154\" class=\" translation-block\">Bilo da ste <strong>vrtni entuzijast<\/strong> koji \u017eeli rad u vrtu pretvoriti u u\u017eitak ili <strong>industrijski stru\u010dnjak<\/strong> koji tra\u017ei pouzdana rje\u0161enja za rukovanje teku\u0107inama \u2013 ovdje smo kako bismo vam pomogli ostvariti va\u0161e projekte.<\/p><p data-start=\"2156\" data-end=\"2210\">Veselimo se svake nove ideje, rje\u0161enja i svakog izazova.<\/p><p data-start=\"2228\" data-end=\"2326\" class=\" translation-block\">Vjerujem da \u0107ete kod nas prona\u0107i ono \u0161to tra\u017eite.<br><strong>Va\u0161e zadovoljstvo na\u0161a je najve\u0107a nagrada.<\/strong><\/p><p data-start=\"2328\" data-end=\"2351\">Srda\u010dan pozdrav<\/p>\t\t\t\t\t\t\t\t<\/div>\n\t\t\t\t<\/div>\n\t\t\t\t\t<\/div>\n\t\t<\/div>\n\t\t\t\t\t<\/div>\n\t\t<\/section>\n\t\t<div class=\"wd-negative-gap elementor-element elementor-element-689ec7b e-flex e-con-boxed e-con e-parent\" data-id=\"689ec7b\" data-element_type=\"container\" data-e-type=\"container\">\n\t\t\t\t\t<div class=\"e-con-inner\">\n\t\t\t\t<div class=\"elementor-element elementor-element-db9f447 elementor-widget__width-initial elementor-widget elementor-widget-image\" data-id=\"db9f447\" data-element_type=\"widget\" data-e-type=\"widget\" data-widget_type=\"image.default\">\n\t\t\t\t<div class=\"elementor-widget-container\">\n\t\t\t\t\t\t\t\t\t\t\t\t\t\t\t<img decoding=\"async\" width=\"113\" height=\"150\" src=\"https:\/\/ibcparts.eu\/wp-content\/uploads\/2026\/01\/kranjec-luka-1-113x150.jpg\" class=\"attachment-thumbnail size-thumbnail wp-image-20315\" alt=\"\" srcset=\"https:\/\/ibcparts.eu\/wp-content\/uploads\/2026\/01\/kranjec-luka-1-113x150.jpg 113w, https:\/\/ibcparts.eu\/wp-content\/uploads\/2026\/01\/kranjec-luka-1-225x300.jpg 225w, https:\/\/ibcparts.eu\/wp-content\/uploads\/2026\/01\/kranjec-luka-1-9x12.jpg 9w, https:\/\/ibcparts.eu\/wp-content\/uploads\/2026\/01\/kranjec-luka-1-150x200.jpg 150w, https:\/\/ibcparts.eu\/wp-content\/uploads\/2026\/01\/kranjec-luka-1.jpg 375w\" sizes=\"(max-width: 113px) 100vw, 113px\" \/>\t\t\t\t\t\t\t\t\t\t\t\t\t\t\t<\/div>\n\t\t\t\t<\/div>\n\t\t\t\t\t<\/div>\n\t\t\t\t<\/div>\n\t\t<div class=\"wd-negative-gap elementor-element elementor-element-787a55a e-flex e-con-boxed e-con e-parent\" data-id=\"787a55a\" data-element_type=\"container\" data-e-type=\"container\">\n\t\t\t\t\t<div class=\"e-con-inner\">\n\t\t\t\t<div class=\"elementor-element elementor-element-55d9329 elementor-widget elementor-widget-wd_text_block\" data-id=\"55d9329\" data-element_type=\"widget\" data-e-type=\"widget\" data-widget_type=\"wd_text_block.default\">\n\t\t\t\t<div class=\"elementor-widget-container\">\n\t\t\t\t\t\t\t<div class=\"wd-text-block reset-last-child text-left\">\n\t\t\t\n\t\t\t<p><strong data-start=\"232\" data-end=\"248\">Luka Kranjec<\/strong><br data-start=\"248\" data-end=\"251\" \/><em data-start=\"251\" data-end=\"280\">Razvoj i ideja IBCparts.eu<\/em><\/p>\n\t\t\t\t\t<\/div>\n\t\t\t\t\t\t<\/div>\n\t\t\t\t<\/div>\n\t\t\t\t\t<\/div>\n\t\t\t\t<\/div>\n\t\t<div class=\"wd-negative-gap elementor-element elementor-element-4e45d33 e-flex e-con-boxed e-con e-parent\" data-id=\"4e45d33\" data-element_type=\"container\" data-e-type=\"container\">\n\t\t\t\t\t<div class=\"e-con-inner\">\n\t\t\t\t<div class=\"elementor-element elementor-element-8d0f662 elementor-widget-divider--view-line elementor-widget elementor-widget-divider\" data-id=\"8d0f662\" data-element_type=\"widget\" data-e-type=\"widget\" data-widget_type=\"divider.default\">\n\t\t\t\t<div class=\"elementor-widget-container\">\n\t\t\t\t\t\t\t<div class=\"elementor-divider\">\n\t\t\t<span class=\"elementor-divider-separator\">\n\t\t\t\t\t\t<\/span>\n\t\t<\/div>\n\t\t\t\t\t\t<\/div>\n\t\t\t\t<\/div>\n\t\t\t\t\t<\/div>\n\t\t\t\t<\/div>\n\t\t<div class=\"wd-negative-gap elementor-element elementor-element-1e1e322 e-flex e-con-boxed e-con e-parent\" data-id=\"1e1e322\" data-element_type=\"container\" data-e-type=\"container\">\n\t\t\t\t\t<div class=\"e-con-inner\">\n\t\t\t\t<div class=\"elementor-element elementor-element-29ddbf2 elementor-widget elementor-widget-wd_text_block\" data-id=\"29ddbf2\" data-element_type=\"widget\" data-e-type=\"widget\" data-widget_type=\"wd_text_block.default\">\n\t\t\t\t<div class=\"elementor-widget-container\">\n\t\t\t\t\t\t\t<div class=\"wd-text-block reset-last-child text-left\">\n\t\t\t\n\t\t\t<p data-start=\"261\" data-end=\"283\"><strong data-start=\"261\" data-end=\"283\">PODACI O TVRTKI<\/strong><\/p><p data-start=\"285\" data-end=\"349\"><strong data-start=\"285\" data-end=\"309\">Karmen Mihel\u010di\u010d s.p.<\/strong><br data-start=\"309\" data-end=\"312\" \/>Kra\u0161ce 9<br data-start=\"320\" data-end=\"323\" \/>1251 Morav\u010de<br data-start=\"335\" data-end=\"338\" \/>Hrvatska<\/p><p data-start=\"351\" data-end=\"373\">\ud83d\udcde <strong data-start=\"354\" data-end=\"373\">+386 40 416 632<\/strong><\/p>\n\t\t\t\t\t<\/div>\n\t\t\t\t\t\t<\/div>\n\t\t\t\t<\/div>\n\t\t\t\t\t<\/div>\n\t\t\t\t<\/div>\n\t\t\t\t<\/div>","protected":false},"excerpt":{"rendered":"<p>Pozdravljeni, moje ime je Luka. Pot do ponudbe na IBCparts.eu se je za\u010dela pred leti, ko sem v svojem sadovnjaku<\/p>","protected":false},"author":1,"featured_media":0,"parent":0,"menu_order":0,"comment_status":"closed","ping_status":"closed","template":"elementor_header_footer","meta":{"footnotes":""},"class_list":["post-9048","page","type-page","status-publish","hentry"],"yoast_head":"<!-- This site is optimized with the Yoast SEO plugin v27.1.1 - https:\/\/yoast.com\/product\/yoast-seo-wordpress\/ -->\n<title>O NAS | IBCparts.eu<\/title>\n<meta name=\"description\" content=\"IBCparts.eu \u2013 kakovostni in preverjeni dodatki za IBC cisterne. Inovativne, vzdr\u017eljive in cenovno dostopne re\u0161itve za vrt in industrijo.\" \/>\n<meta name=\"robots\" content=\"index, follow, max-snippet:-1, max-image-preview:large, max-video-preview:-1\" \/>\n<link rel=\"canonical\" href=\"https:\/\/ibcparts.eu\/hr\/o-nama\/\" \/>\n<meta property=\"og:locale\" content=\"hr_HR\" \/>\n<meta property=\"og:type\" content=\"article\" \/>\n<meta property=\"og:title\" content=\"O NAS | IBCparts.eu\" \/>\n<meta property=\"og:description\" content=\"IBCparts.eu \u2013 kakovostni in preverjeni dodatki za IBC cisterne. Inovativne, vzdr\u017eljive in cenovno dostopne re\u0161itve za vrt in industrijo.\" \/>\n<meta property=\"og:url\" content=\"https:\/\/ibcparts.eu\/hr\/o-nama\/\" \/>\n<meta property=\"og:site_name\" content=\"IBCparts.eu\" \/>\n<meta property=\"article:modified_time\" content=\"2026-01-15T06:58:12+00:00\" \/>\n<meta property=\"og:image\" content=\"https:\/\/ibcparts.eu\/wp-content\/uploads\/2022\/01\/DUO-for-the-bottom-of-home-page-300x228.png\" \/>\n<meta name=\"twitter:card\" content=\"summary_large_image\" \/>\n<meta name=\"twitter:label1\" content=\"Procijenjeno vrijeme \u010ditanja\" \/>\n\t<meta name=\"twitter:data1\" content=\"1 minuta\" \/>\n<script type=\"application\/ld+json\" class=\"yoast-schema-graph\">{\"@context\":\"https:\/\/schema.org\",\"@graph\":[{\"@type\":\"WebPage\",\"@id\":\"https:\/\/ibcparts.eu\/o-nas\/\",\"url\":\"https:\/\/ibcparts.eu\/o-nas\/\",\"name\":\"O NAS | IBCparts.eu\",\"isPartOf\":{\"@id\":\"https:\/\/ibcparts.eu\/#website\"},\"primaryImageOfPage\":{\"@id\":\"https:\/\/ibcparts.eu\/o-nas\/#primaryimage\"},\"image\":{\"@id\":\"https:\/\/ibcparts.eu\/o-nas\/#primaryimage\"},\"thumbnailUrl\":\"https:\/\/ibcparts.eu\/wp-content\/uploads\/2022\/01\/DUO-for-the-bottom-of-home-page-300x228.png\",\"datePublished\":\"2021-12-30T07:29:39+00:00\",\"dateModified\":\"2026-01-15T06:58:12+00:00\",\"description\":\"IBCparts.eu \u2013 kakovostni in preverjeni dodatki za IBC cisterne. Inovativne, vzdr\u017eljive in cenovno dostopne re\u0161itve za vrt in industrijo.\",\"breadcrumb\":{\"@id\":\"https:\/\/ibcparts.eu\/o-nas\/#breadcrumb\"},\"inLanguage\":\"hr\",\"potentialAction\":[{\"@type\":\"ReadAction\",\"target\":[\"https:\/\/ibcparts.eu\/o-nas\/\"]}]},{\"@type\":\"ImageObject\",\"inLanguage\":\"hr\",\"@id\":\"https:\/\/ibcparts.eu\/o-nas\/#primaryimage\",\"url\":\"https:\/\/ibcparts.eu\/wp-content\/uploads\/2022\/01\/DUO-for-the-bottom-of-home-page-300x228.png\",\"contentUrl\":\"https:\/\/ibcparts.eu\/wp-content\/uploads\/2022\/01\/DUO-for-the-bottom-of-home-page-300x228.png\"},{\"@type\":\"BreadcrumbList\",\"@id\":\"https:\/\/ibcparts.eu\/o-nas\/#breadcrumb\",\"itemListElement\":[{\"@type\":\"ListItem\",\"position\":1,\"name\":\"Home\",\"item\":\"https:\/\/ibcparts.eu\/\"},{\"@type\":\"ListItem\",\"position\":2,\"name\":\"O NAS\"}]},{\"@type\":\"WebSite\",\"@id\":\"https:\/\/ibcparts.eu\/#website\",\"url\":\"https:\/\/ibcparts.eu\/\",\"name\":\"IBCparts.eu\",\"description\":\"\",\"publisher\":{\"@id\":\"https:\/\/ibcparts.eu\/#organization\"},\"potentialAction\":[{\"@type\":\"SearchAction\",\"target\":{\"@type\":\"EntryPoint\",\"urlTemplate\":\"https:\/\/ibcparts.eu\/?s={search_term_string}\"},\"query-input\":{\"@type\":\"PropertyValueSpecification\",\"valueRequired\":true,\"valueName\":\"search_term_string\"}}],\"inLanguage\":\"hr\"},{\"@type\":\"Organization\",\"@id\":\"https:\/\/ibcparts.eu\/#organization\",\"name\":\"IBCparts\",\"url\":\"https:\/\/ibcparts.eu\/\",\"logo\":{\"@type\":\"ImageObject\",\"inLanguage\":\"hr\",\"@id\":\"https:\/\/ibcparts.eu\/#\/schema\/logo\/image\/\",\"url\":\"https:\/\/ibcparts.eu\/wp-content\/uploads\/2021\/10\/Footer-Logo.png\",\"contentUrl\":\"https:\/\/ibcparts.eu\/wp-content\/uploads\/2021\/10\/Footer-Logo.png\",\"width\":1992,\"height\":772,\"caption\":\"IBCparts\"},\"image\":{\"@id\":\"https:\/\/ibcparts.eu\/#\/schema\/logo\/image\/\"}}]}<\/script>\n<!-- \/ Yoast SEO plugin. -->","yoast_head_json":{"title":"O NAS | IBCparts.eu","description":"IBCparts.eu \u2013 kakovostni in preverjeni dodatki za IBC cisterne. Inovativne, vzdr\u017eljive in cenovno dostopne re\u0161itve za vrt in industrijo.","robots":{"index":"index","follow":"follow","max-snippet":"max-snippet:-1","max-image-preview":"max-image-preview:large","max-video-preview":"max-video-preview:-1"},"canonical":"https:\/\/ibcparts.eu\/hr\/o-nama\/","og_locale":"hr_HR","og_type":"article","og_title":"O NAS | IBCparts.eu","og_description":"IBCparts.eu \u2013 kakovostni in preverjeni dodatki za IBC cisterne. Inovativne, vzdr\u017eljive in cenovno dostopne re\u0161itve za vrt in industrijo.","og_url":"https:\/\/ibcparts.eu\/hr\/o-nama\/","og_site_name":"IBCparts.eu","article_modified_time":"2026-01-15T06:58:12+00:00","og_image":[{"url":"https:\/\/ibcparts.eu\/wp-content\/uploads\/2022\/01\/DUO-for-the-bottom-of-home-page-300x228.png","type":"","width":"","height":""}],"twitter_card":"summary_large_image","twitter_misc":{"Procijenjeno vrijeme \u010ditanja":"1 minuta"},"schema":{"@context":"https:\/\/schema.org","@graph":[{"@type":"WebPage","@id":"https:\/\/ibcparts.eu\/o-nas\/","url":"https:\/\/ibcparts.eu\/o-nas\/","name":"O NAS | IBCparts.eu","isPartOf":{"@id":"https:\/\/ibcparts.eu\/#website"},"primaryImageOfPage":{"@id":"https:\/\/ibcparts.eu\/o-nas\/#primaryimage"},"image":{"@id":"https:\/\/ibcparts.eu\/o-nas\/#primaryimage"},"thumbnailUrl":"https:\/\/ibcparts.eu\/wp-content\/uploads\/2022\/01\/DUO-for-the-bottom-of-home-page-300x228.png","datePublished":"2021-12-30T07:29:39+00:00","dateModified":"2026-01-15T06:58:12+00:00","description":"IBCparts.eu \u2013 kakovostni in preverjeni dodatki za IBC cisterne. Inovativne, vzdr\u017eljive in cenovno dostopne re\u0161itve za vrt in industrijo.","breadcrumb":{"@id":"https:\/\/ibcparts.eu\/o-nas\/#breadcrumb"},"inLanguage":"hr","potentialAction":[{"@type":"ReadAction","target":["https:\/\/ibcparts.eu\/o-nas\/"]}]},{"@type":"ImageObject","inLanguage":"hr","@id":"https:\/\/ibcparts.eu\/o-nas\/#primaryimage","url":"https:\/\/ibcparts.eu\/wp-content\/uploads\/2022\/01\/DUO-for-the-bottom-of-home-page-300x228.png","contentUrl":"https:\/\/ibcparts.eu\/wp-content\/uploads\/2022\/01\/DUO-for-the-bottom-of-home-page-300x228.png"},{"@type":"BreadcrumbList","@id":"https:\/\/ibcparts.eu\/o-nas\/#breadcrumb","itemListElement":[{"@type":"ListItem","position":1,"name":"Home","item":"https:\/\/ibcparts.eu\/"},{"@type":"ListItem","position":2,"name":"O NAS"}]},{"@type":"WebSite","@id":"https:\/\/ibcparts.eu\/#website","url":"https:\/\/ibcparts.eu\/","name":"IBCparts.eu","description":"","publisher":{"@id":"https:\/\/ibcparts.eu\/#organization"},"potentialAction":[{"@type":"SearchAction","target":{"@type":"EntryPoint","urlTemplate":"https:\/\/ibcparts.eu\/?s={search_term_string}"},"query-input":{"@type":"PropertyValueSpecification","valueRequired":true,"valueName":"search_term_string"}}],"inLanguage":"hr"},{"@type":"Organization","@id":"https:\/\/ibcparts.eu\/#organization","name":"Dijelovi IBC-a","url":"https:\/\/ibcparts.eu\/","logo":{"@type":"ImageObject","inLanguage":"hr","@id":"https:\/\/ibcparts.eu\/#\/schema\/logo\/image\/","url":"https:\/\/ibcparts.eu\/wp-content\/uploads\/2021\/10\/Footer-Logo.png","contentUrl":"https:\/\/ibcparts.eu\/wp-content\/uploads\/2021\/10\/Footer-Logo.png","width":1992,"height":772,"caption":"IBCparts"},"image":{"@id":"https:\/\/ibcparts.eu\/#\/schema\/logo\/image\/"}}]}},"_links":{"self":[{"href":"https:\/\/ibcparts.eu\/hr\/wp-json\/wp\/v2\/pages\/9048","targetHints":{"allow":["GET"]}}],"collection":[{"href":"https:\/\/ibcparts.eu\/hr\/wp-json\/wp\/v2\/pages"}],"about":[{"href":"https:\/\/ibcparts.eu\/hr\/wp-json\/wp\/v2\/types\/page"}],"author":[{"embeddable":true,"href":"https:\/\/ibcparts.eu\/hr\/wp-json\/wp\/v2\/users\/1"}],"replies":[{"embeddable":true,"href":"https:\/\/ibcparts.eu\/hr\/wp-json\/wp\/v2\/comments?post=9048"}],"version-history":[{"count":6,"href":"https:\/\/ibcparts.eu\/hr\/wp-json\/wp\/v2\/pages\/9048\/revisions"}],"predecessor-version":[{"id":20318,"href":"https:\/\/ibcparts.eu\/hr\/wp-json\/wp\/v2\/pages\/9048\/revisions\/20318"}],"wp:attachment":[{"href":"https:\/\/ibcparts.eu\/hr\/wp-json\/wp\/v2\/media?parent=9048"}],"curies":[{"name":"wp","href":"https:\/\/api.w.org\/{rel}","templated":true}]}}