{"id":8438,"date":"2021-12-16T11:22:37","date_gmt":"2021-12-16T10:22:37","guid":{"rendered":"https:\/\/ibcparts.eu\/?post_type=product&#038;p=8438"},"modified":"2026-04-03T06:50:53","modified_gmt":"2026-04-03T05:50:53","slug":"kroglicni-ventil-s75-s60","status":"publish","type":"product","link":"https:\/\/ibcparts.eu\/en\/product\/ball-valve-s75-s60-for-ibc-tank\/","title":{"rendered":"Krogli\u010dni ventil S75 &#8211; S60 za IBC cisterno"},"content":{"rendered":"<p>The valves on IBC tanks are large, plastic and sensitive. Temperature differences, UV rays, dry air, dirt and other factors mean that the valve is usually the first thing to stop working on a tank.<\/p>\n<p>Interesting fact: We tested the durability of the valves on the new tanks. We exposed them to direct sunlight, cold, rain, in short, to all weather conditions. After four years, half of the valves had leaked, corroded or otherwise been damaged. Others worked without a problem.<\/p>\n<p>In any case, we recommend that you:<\/p>\n<ol>\n<li>protect the valve from sunlight,<\/li>\n<li>filter the water in the tank at least a little,<\/li>\n<li>don't open the valve more than necessary - we have a huge selection of tap+reducer kits that fit on this valve - then you can regulate the water with this kit -pipo.<\/li>\n<\/ol>\n<p>Our valves are only intended for use with water for garden watering purposes.<\/p>","protected":false},"excerpt":{"rendered":"<h2 data-start=\"140\" data-end=\"199\"><strong data-start=\"140\" data-end=\"199\">Zanesljiv zaporni ventil z vrtljivo aluminijasto matico<\/strong><\/h2>\n<p data-start=\"201\" data-end=\"402\">Krogli\u010dni ventil <strong data-start=\"218\" data-end=\"231\">S75 \u2013 S60<\/strong> je zelo kakovosten ventil za <strong data-start=\"261\" data-end=\"304\">IBC cisterne z navojem S75\u00d76 (70\u201377 mm)<\/strong>. Namenjen je zanesljivemu zapiranju in odpiranju pretoka vode med cisterno in priklju\u010deno opremo.<\/p>\n<p data-start=\"404\" data-end=\"635\">Ventil ima na sprednjem delu <strong data-start=\"433\" data-end=\"457\">klasi\u010den navoj S60\u00d76<\/strong>, kar omogo\u010da neposredno povezavo z drugimi IBC priklju\u010dki ali adapterji. Opremljen je z <strong data-start=\"546\" data-end=\"569\">aluminijasto matico<\/strong>, ki zagotavlja visoko mehansko trdnost in dolgo \u017eivljenjsko dobo.<\/p>\n<ul>\n<li data-start=\"639\" data-end=\"674\"><strong data-start=\"639\" data-end=\"655\">Tip ventila:<\/strong> krogli\u010dni ventil<\/li>\n<li data-start=\"677\" data-end=\"703\"><strong data-start=\"677\" data-end=\"687\">Thread:<\/strong> S75\u00d76 \u2192 S60\u00d76<\/li>\n<li data-start=\"706\" data-end=\"798\"><strong data-start=\"706\" data-end=\"725\">Compatibility:<\/strong> IBC cisterne z navojem na balonu cisterne fi <strong data-start=\"771\" data-end=\"783\">70\u201377 mm<\/strong>, grobi navoj<\/li>\n<li data-start=\"801\" data-end=\"855\"><strong data-start=\"801\" data-end=\"814\">Material:<\/strong> robustna izvedba z vrtljivo aluminijasto matico<\/li>\n<li data-start=\"858\" data-end=\"919\"><strong data-start=\"858\" data-end=\"870\">Uporaba:<\/strong> menjava ali nadgradnja obstoje\u010dega IBC ventila<\/li>\n<\/ul>\n<p data-start=\"921\" data-end=\"1034\"><strong data-start=\"921\" data-end=\"982\">Ne veste, ali je ta ventil primeren za va\u0161o IBC cisterno?<\/strong><\/p>\n<p>Preverite tukaj: <a class=\"woodmart-nav-link\" href=\"https:\/\/ibcparts.eu\/zamenjava-ibc-ventila\/\">Replacing an IBC Tank Valve<\/a><\/p>\n<div class=\"woocommerce-product-details__short-description\">\n<p><strong>Buy more, save more \u2013 quantities of different products and variations are combined!<\/strong><\/p>\n<\/div>","protected":false},"featured_media":16277,"template":"","meta":[],"product_brand":[],"product_cat":[182,310,260],"product_tag":[476],"class_list":{"0":"post-8438","1":"product","2":"type-product","3":"status-publish","4":"has-post-thumbnail","6":"product_cat-ibc-cisterne-ventili-in-dodatki","7":"product_cat-s75x6-ventili-in-nadomestki-ventilov","8":"product_cat-ventili-in-nadomestki-ventilov","9":"product_tag-kroglicni-ventil-s75-za-ibc-cisterno","11":"first","12":"instock","13":"sale","14":"shipping-taxable","15":"purchasable","16":"product-type-simple"},"yoast_head":"<!-- This site is optimized with the Yoast SEO plugin v27.1.1 - https:\/\/yoast.com\/product\/yoast-seo-wordpress\/ -->\n<title>Krogli\u010dni ventil S75 - S60 za IBC cisterno | IBCparts.eu<\/title>\n<meta name=\"description\" content=\"Kvaliteten krogli\u010dni ventil S75 za IBC cisterno z navojem fi 70-77 mm. Vrtljiva aluminijasta matica. Na sprednjem delu klasi\u010den navoj S60x6.\" \/>\n<meta name=\"robots\" content=\"index, follow, max-snippet:-1, max-image-preview:large, max-video-preview:-1\" \/>\n<link rel=\"canonical\" href=\"https:\/\/ibcparts.eu\/en\/product\/ball-valve-s75-s60-for-ibc-tank\/\" \/>\n<meta property=\"og:locale\" content=\"en_US\" \/>\n<meta property=\"og:type\" content=\"article\" \/>\n<meta property=\"og:title\" content=\"Krogli\u010dni ventil S75 - S60 za IBC cisterno | IBCparts.eu\" \/>\n<meta property=\"og:description\" content=\"Kvaliteten krogli\u010dni ventil S75 za IBC cisterno z navojem fi 70-77 mm. Vrtljiva aluminijasta matica. Na sprednjem delu klasi\u010den navoj S60x6.\" \/>\n<meta property=\"og:url\" content=\"https:\/\/ibcparts.eu\/en\/product\/ball-valve-s75-s60-for-ibc-tank\/\" \/>\n<meta property=\"og:site_name\" content=\"IBCparts.eu\" \/>\n<meta property=\"article:modified_time\" content=\"2026-04-03T05:50:53+00:00\" \/>\n<meta property=\"og:image\" content=\"https:\/\/ibcparts.eu\/wp-content\/uploads\/2021\/12\/Ventil-za-IBC-cisterno-S60.png\" \/>\n\t<meta property=\"og:image:width\" content=\"500\" \/>\n\t<meta property=\"og:image:height\" content=\"500\" \/>\n\t<meta property=\"og:image:type\" content=\"image\/png\" \/>\n<meta name=\"twitter:card\" content=\"summary_large_image\" \/>\n<meta name=\"twitter:label1\" content=\"Est. reading time\" \/>\n\t<meta name=\"twitter:data1\" content=\"1 minute\" \/>\n<script type=\"application\/ld+json\" class=\"yoast-schema-graph\">{\"@context\":\"https:\/\/schema.org\",\"@graph\":[{\"@type\":\"WebPage\",\"@id\":\"https:\/\/ibcparts.eu\/izdelek\/kroglicni-ventil-s75-s60\/\",\"url\":\"https:\/\/ibcparts.eu\/izdelek\/kroglicni-ventil-s75-s60\/\",\"name\":\"Krogli\u010dni ventil S75 - S60 za IBC cisterno | IBCparts.eu\",\"isPartOf\":{\"@id\":\"https:\/\/ibcparts.eu\/#website\"},\"primaryImageOfPage\":{\"@id\":\"https:\/\/ibcparts.eu\/izdelek\/kroglicni-ventil-s75-s60\/#primaryimage\"},\"image\":{\"@id\":\"https:\/\/ibcparts.eu\/izdelek\/kroglicni-ventil-s75-s60\/#primaryimage\"},\"thumbnailUrl\":\"https:\/\/ibcparts.eu\/wp-content\/uploads\/2021\/12\/Ventil-za-IBC-cisterno-S60.png\",\"datePublished\":\"2021-12-16T10:22:37+00:00\",\"dateModified\":\"2026-04-03T05:50:53+00:00\",\"description\":\"Kvaliteten krogli\u010dni ventil S75 za IBC cisterno z navojem fi 70-77 mm. Vrtljiva aluminijasta matica. Na sprednjem delu klasi\u010den navoj S60x6.\",\"breadcrumb\":{\"@id\":\"https:\/\/ibcparts.eu\/izdelek\/kroglicni-ventil-s75-s60\/#breadcrumb\"},\"inLanguage\":\"en-US\",\"potentialAction\":[{\"@type\":\"ReadAction\",\"target\":[\"https:\/\/ibcparts.eu\/izdelek\/kroglicni-ventil-s75-s60\/\"]}]},{\"@type\":\"ImageObject\",\"inLanguage\":\"en-US\",\"@id\":\"https:\/\/ibcparts.eu\/izdelek\/kroglicni-ventil-s75-s60\/#primaryimage\",\"url\":\"https:\/\/ibcparts.eu\/wp-content\/uploads\/2021\/12\/Ventil-za-IBC-cisterno-S60.png\",\"contentUrl\":\"https:\/\/ibcparts.eu\/wp-content\/uploads\/2021\/12\/Ventil-za-IBC-cisterno-S60.png\",\"width\":500,\"height\":500,\"caption\":\"Krogli\u010dni ventil za IBC cisterno\"},{\"@type\":\"BreadcrumbList\",\"@id\":\"https:\/\/ibcparts.eu\/izdelek\/kroglicni-ventil-s75-s60\/#breadcrumb\",\"itemListElement\":[{\"@type\":\"ListItem\",\"position\":1,\"name\":\"Home\",\"item\":\"https:\/\/ibcparts.eu\/\"},{\"@type\":\"ListItem\",\"position\":2,\"name\":\"Nakupujte\",\"item\":\"https:\/\/ibcparts.eu\/nakupujte\/\"},{\"@type\":\"ListItem\",\"position\":3,\"name\":\"Krogli\u010dni ventil S75 &#8211; S60 za IBC cisterno\"}]},{\"@type\":\"WebSite\",\"@id\":\"https:\/\/ibcparts.eu\/#website\",\"url\":\"https:\/\/ibcparts.eu\/\",\"name\":\"IBCparts.eu\",\"description\":\"\",\"publisher\":{\"@id\":\"https:\/\/ibcparts.eu\/#organization\"},\"potentialAction\":[{\"@type\":\"SearchAction\",\"target\":{\"@type\":\"EntryPoint\",\"urlTemplate\":\"https:\/\/ibcparts.eu\/?s={search_term_string}\"},\"query-input\":{\"@type\":\"PropertyValueSpecification\",\"valueRequired\":true,\"valueName\":\"search_term_string\"}}],\"inLanguage\":\"en-US\"},{\"@type\":\"Organization\",\"@id\":\"https:\/\/ibcparts.eu\/#organization\",\"name\":\"IBCparts\",\"url\":\"https:\/\/ibcparts.eu\/\",\"logo\":{\"@type\":\"ImageObject\",\"inLanguage\":\"en-US\",\"@id\":\"https:\/\/ibcparts.eu\/#\/schema\/logo\/image\/\",\"url\":\"https:\/\/ibcparts.eu\/wp-content\/uploads\/2021\/10\/Footer-Logo.png\",\"contentUrl\":\"https:\/\/ibcparts.eu\/wp-content\/uploads\/2021\/10\/Footer-Logo.png\",\"width\":1992,\"height\":772,\"caption\":\"IBCparts\"},\"image\":{\"@id\":\"https:\/\/ibcparts.eu\/#\/schema\/logo\/image\/\"}}]}<\/script>\n<!-- \/ Yoast SEO plugin. -->","yoast_head_json":{"title":"Krogli\u010dni ventil S75 - S60 za IBC cisterno | IBCparts.eu","description":"Kvaliteten krogli\u010dni ventil S75 za IBC cisterno z navojem fi 70-77 mm. Vrtljiva aluminijasta matica. Na sprednjem delu klasi\u010den navoj S60x6.","robots":{"index":"index","follow":"follow","max-snippet":"max-snippet:-1","max-image-preview":"max-image-preview:large","max-video-preview":"max-video-preview:-1"},"canonical":"https:\/\/ibcparts.eu\/en\/product\/ball-valve-s75-s60-for-ibc-tank\/","og_locale":"en_US","og_type":"article","og_title":"Krogli\u010dni ventil S75 - S60 za IBC cisterno | IBCparts.eu","og_description":"Kvaliteten krogli\u010dni ventil S75 za IBC cisterno z navojem fi 70-77 mm. Vrtljiva aluminijasta matica. Na sprednjem delu klasi\u010den navoj S60x6.","og_url":"https:\/\/ibcparts.eu\/en\/product\/ball-valve-s75-s60-for-ibc-tank\/","og_site_name":"IBCparts.eu","article_modified_time":"2026-04-03T05:50:53+00:00","og_image":[{"width":500,"height":500,"url":"https:\/\/ibcparts.eu\/wp-content\/uploads\/2021\/12\/Ventil-za-IBC-cisterno-S60.png","type":"image\/png"}],"twitter_card":"summary_large_image","twitter_misc":{"Est. reading time":"1 minute"},"schema":{"@context":"https:\/\/schema.org","@graph":[{"@type":"WebPage","@id":"https:\/\/ibcparts.eu\/izdelek\/kroglicni-ventil-s75-s60\/","url":"https:\/\/ibcparts.eu\/izdelek\/kroglicni-ventil-s75-s60\/","name":"Krogli\u010dni ventil S75 - S60 za IBC cisterno | IBCparts.eu","isPartOf":{"@id":"https:\/\/ibcparts.eu\/#website"},"primaryImageOfPage":{"@id":"https:\/\/ibcparts.eu\/izdelek\/kroglicni-ventil-s75-s60\/#primaryimage"},"image":{"@id":"https:\/\/ibcparts.eu\/izdelek\/kroglicni-ventil-s75-s60\/#primaryimage"},"thumbnailUrl":"https:\/\/ibcparts.eu\/wp-content\/uploads\/2021\/12\/Ventil-za-IBC-cisterno-S60.png","datePublished":"2021-12-16T10:22:37+00:00","dateModified":"2026-04-03T05:50:53+00:00","description":"Kvaliteten krogli\u010dni ventil S75 za IBC cisterno z navojem fi 70-77 mm. Vrtljiva aluminijasta matica. Na sprednjem delu klasi\u010den navoj S60x6.","breadcrumb":{"@id":"https:\/\/ibcparts.eu\/izdelek\/kroglicni-ventil-s75-s60\/#breadcrumb"},"inLanguage":"en-US","potentialAction":[{"@type":"ReadAction","target":["https:\/\/ibcparts.eu\/izdelek\/kroglicni-ventil-s75-s60\/"]}]},{"@type":"ImageObject","inLanguage":"en-US","@id":"https:\/\/ibcparts.eu\/izdelek\/kroglicni-ventil-s75-s60\/#primaryimage","url":"https:\/\/ibcparts.eu\/wp-content\/uploads\/2021\/12\/Ventil-za-IBC-cisterno-S60.png","contentUrl":"https:\/\/ibcparts.eu\/wp-content\/uploads\/2021\/12\/Ventil-za-IBC-cisterno-S60.png","width":500,"height":500,"caption":"Krogli\u010dni ventil za IBC cisterno"},{"@type":"BreadcrumbList","@id":"https:\/\/ibcparts.eu\/izdelek\/kroglicni-ventil-s75-s60\/#breadcrumb","itemListElement":[{"@type":"ListItem","position":1,"name":"Home","item":"https:\/\/ibcparts.eu\/"},{"@type":"ListItem","position":2,"name":"Nakupujte","item":"https:\/\/ibcparts.eu\/nakupujte\/"},{"@type":"ListItem","position":3,"name":"Krogli\u010dni ventil S75 &#8211; S60 za IBC cisterno"}]},{"@type":"WebSite","@id":"https:\/\/ibcparts.eu\/#website","url":"https:\/\/ibcparts.eu\/","name":"IBCparts.eu","description":"","publisher":{"@id":"https:\/\/ibcparts.eu\/#organization"},"potentialAction":[{"@type":"SearchAction","target":{"@type":"EntryPoint","urlTemplate":"https:\/\/ibcparts.eu\/?s={search_term_string}"},"query-input":{"@type":"PropertyValueSpecification","valueRequired":true,"valueName":"search_term_string"}}],"inLanguage":"en-US"},{"@type":"Organization","@id":"https:\/\/ibcparts.eu\/#organization","name":"IBCparts","url":"https:\/\/ibcparts.eu\/","logo":{"@type":"ImageObject","inLanguage":"en-US","@id":"https:\/\/ibcparts.eu\/#\/schema\/logo\/image\/","url":"https:\/\/ibcparts.eu\/wp-content\/uploads\/2021\/10\/Footer-Logo.png","contentUrl":"https:\/\/ibcparts.eu\/wp-content\/uploads\/2021\/10\/Footer-Logo.png","width":1992,"height":772,"caption":"IBCparts"},"image":{"@id":"https:\/\/ibcparts.eu\/#\/schema\/logo\/image\/"}}]}},"_links":{"self":[{"href":"https:\/\/ibcparts.eu\/en\/wp-json\/wp\/v2\/product\/8438","targetHints":{"allow":["GET"]}}],"collection":[{"href":"https:\/\/ibcparts.eu\/en\/wp-json\/wp\/v2\/product"}],"about":[{"href":"https:\/\/ibcparts.eu\/en\/wp-json\/wp\/v2\/types\/product"}],"version-history":[{"count":4,"href":"https:\/\/ibcparts.eu\/en\/wp-json\/wp\/v2\/product\/8438\/revisions"}],"predecessor-version":[{"id":20878,"href":"https:\/\/ibcparts.eu\/en\/wp-json\/wp\/v2\/product\/8438\/revisions\/20878"}],"wp:featuredmedia":[{"embeddable":true,"href":"https:\/\/ibcparts.eu\/en\/wp-json\/wp\/v2\/media\/16277"}],"wp:attachment":[{"href":"https:\/\/ibcparts.eu\/en\/wp-json\/wp\/v2\/media?parent=8438"}],"wp:term":[{"taxonomy":"product_brand","embeddable":true,"href":"https:\/\/ibcparts.eu\/en\/wp-json\/wp\/v2\/product_brand?post=8438"},{"taxonomy":"product_cat","embeddable":true,"href":"https:\/\/ibcparts.eu\/en\/wp-json\/wp\/v2\/product_cat?post=8438"},{"taxonomy":"product_tag","embeddable":true,"href":"https:\/\/ibcparts.eu\/en\/wp-json\/wp\/v2\/product_tag?post=8438"}],"curies":[{"name":"wp","href":"https:\/\/api.w.org\/{rel}","templated":true}]}}