{"id":7827,"date":"2021-11-14T18:34:41","date_gmt":"2021-11-14T18:34:41","guid":{"rendered":"https:\/\/ibcparts.eu\/?post_type=product&#038;p=7827"},"modified":"2026-02-09T14:34:03","modified_gmt":"2026-02-09T13:34:03","slug":"tritonflex","status":"publish","type":"product","link":"https:\/\/ibcparts.eu\/en\/product\/tritonflex\/","title":{"rendered":"TritonFlex\u00a9 set \u2013 choose the lid, seal, filter, and the appropriate reducer for your IBC tank"},"content":{"rendered":"<p><span style=\"font-size: large;\">Build a kit according to your wishes and the specifications of your IBC tank.<\/span><\/p>\n<p><strong>100% sealing, excellent filtration!<\/strong><\/p>\n<p><strong>We present the best, patented solution for affordable and professional rainwater filtration: TritonFlex\u00a9<\/strong><\/p>\n<p>Are you tired of dirty water and algae growth in your tank? The solution is here. Our innovative product is designed to revolutionize the way you store rainwater. Our unique IBC tank lid, patented sealing system for PVC pipes, and the AquaMyst\u00a9 ELEMENT filter \u2014 all precisely manufactured and built for durability \u2014 are changing the rules of rainwater filtration in IBC tanks.<\/p>\n<ol>\n<li class=\" translation-block\"><strong>IBC tank type selection:<\/strong> Perfectly fits IBC tanks with <strong>165<\/strong> or <strong>225<\/strong>-mm lid openings. Select the option in the dropdown menu that matches your tank.<\/li>\n<li class=\" translation-block\"><strong>Seamless integration:<\/strong> Our product fits perfectly onto <strong>110 mm<\/strong> PVC pipes (from any manufacturer) \u2013 featuring triple-point sealing, and with reducers also suitable for <strong>75 mm<\/strong> and <strong>50 mm<\/strong> PVC pipes as well as <strong>100 mm<\/strong> metal pipes. Your rainwater flows smoothly from the gutter to the tank, without leaks.<\/li>\n<li class=\" translation-block\"><strong>Exceptional filtration and purity, algae control:<\/strong> Captures both large and small impurities such as leaves, moss, sand, insects (so there are <strong>no mosquitoes<\/strong> in the tank), roof tile particles and more.<\/li>\n<li class=\" translation-block\">Fine-mesh technology efficiently filters out impurities, ensuring excellently purified rainwater. Are you concerned about maintenance? Our <strong>400 micron<\/strong> AquaMyst\u00a9 ELEMENT filter significantly reduces the frequency of tank cleaning while maintaining top-level filtration. By using our <strong>TARP<\/strong> protective cover, sunlight is blocked, further preventing the development of microorganisms and protecting both the filter and the IBC tank from UV degradation.<\/li>\n<li class=\" translation-block\"><strong>Redefined durability:<\/strong> Our product, made in Slovenia, is a testament to precision engineering and long-lasting durability. The lid is carefully manufactured from high-quality HDPE plastic reinforced with fiberglass; the seal is made of flexible NBR rubber with an optimal hardness for reliable use in both winter and summer (as temperature affects flexibility); the filter consists of robust nylon or PP, and the reducer is made from strong PVC. You can rely on it to stand the test of time even in demanding environments.<\/li>\n<li class=\" translation-block\"><strong>Worry-free maintenance:<\/strong> Maintaining our product is simple, even if you choose a set with a filter. Cleaning is easy \u2014 simply rinse the filter with pressurized water. Filters are the only component that needs to be replaced over time.<\/li>\n<li class=\" translation-block\"><strong>Environmentally friendly and sustainable:<\/strong> By utilizing rainwater, you actively contribute to sustainable practices and reduce your ecological footprint.<\/li>\n<li class=\" translation-block\"><strong>Make a smart choice:<\/strong> With our IBC tank lid, PVC pipe seal and advanced filter, you\u2019re not just buying a product \u2014 you\u2019re investing in a smarter and more sustainable future. Experience innovation, durability and unmatched performance.<\/li>\n<\/ol>\n<p>&nbsp;<\/p>\n<p class=\" translation-block\">Za najbolj\u0161e rezultate filtracije priporo\u010damo menjavo <strong>1-2 filtrov<\/strong> <a href=\"https:\/\/ibcparts.eu\/nakupujte\/ibc-cisterne-ventili-in-dodatki\/pokrovi-in-filtri\/filter-iz-najlona\/\" target=\"_self\">2D AquaMyst\u00a9<\/a> <strong>na sezono.<\/strong><\/p>\n<p><iframe title=\"TritonFlex\u00a9 Kit - The ultimate companion for water harvesting with IBC containers. #shorts\" width=\"500\" height=\"375\" src=\"https:\/\/www.youtube.com\/embed\/olY3aLG8vnY?feature=oembed\" frameborder=\"0\" allow=\"accelerometer; autoplay; clipboard-write; encrypted-media; gyroscope; picture-in-picture; web-share\" referrerpolicy=\"strict-origin-when-cross-origin\" allowfullscreen><\/iframe><\/p>","protected":false},"excerpt":{"rendered":"<h2 data-start=\"187\" data-end=\"254\">TritonFlex\u00a9 kit with filter and lid for IBC tank<\/h2>\n<p data-start=\"57\" data-end=\"249\" class=\" translation-block\">The TritonFlex\u00a9 kit is a professional, patented solution for rainwater filtration in IBC tanks. The kit includes a lid, gasket, filter, and suitable reducers, ensuring 100% sealing, efficient filtration, and prevention of algae and other impurities. It is suitable for IBC tanks with lid diameters of 165 mm or 225 mm and connects perfectly to standard PVC pipes for rainwater inlet. The system is designed for long-term use without leakage and allows easy cleaning or replacement of filters, significantly improving water quality and extending the service life of stored water.<\/p>\n<p data-start=\"884\" data-end=\"909\"><strong data-start=\"884\" data-end=\"907\">Technical specifications<\/strong><\/p>\n<ul>\n<li data-start=\"251\" data-end=\"696\" class=\" translation-block\">Suitable for IBC tanks with openings of <strong>165 mm or 225 mm<\/strong>.<\/li>\n<li data-start=\"251\" data-end=\"696\" class=\" translation-block\">Perfect fit for <strong>110 mm<\/strong> PVC pipes (with reducers also suitable for 75 mm, 50 mm and 100 mm metal pipes).<\/li>\n<li data-start=\"251\" data-end=\"696\" class=\" translation-block\">You can choose a set without a filter or with a filter of <strong>100 microns<\/strong> (fine filtration) or <strong>400 microns<\/strong> (less maintenance, in practice the most user-friendly option).<\/li>\n<li data-start=\"251\" data-end=\"696\">Retains leaves, moss, sand, insects and other contaminants (mosquitoes have no access).<\/li>\n<li data-start=\"251\" data-end=\"696\">Easy cleaning and maintenance.<\/li>\n<li data-start=\"251\" data-end=\"696\">Made in Slovenia from durable, UV-resistant materials.<\/li>\n<li data-start=\"251\" data-end=\"696\">Filters are easy to replace.<\/li>\n<\/ul>\n<p data-start=\"698\" data-end=\"794\" data-is-last-node=\"\" data-is-only-node=\"\" class=\" translation-block\">Additional information:\nThe TritonFlex\u00a9 kit is an ideal solution for anyone seeking clean rainwater, protection of the tank from impurities, and a longer lifespan of the rainwater collection system. The option to choose different filter mesh sizes and lid types allows adaptation to specific needs and IBC tank types.<\/p>\n<p data-start=\"698\" data-end=\"794\" data-is-last-node=\"\" data-is-only-node=\"\">Filter description:<\/p>\n<ul>\n<li data-start=\"901\" data-end=\"929\">\n<p data-start=\"903\" data-end=\"929\" class=\" translation-block\"><strong>400 micron<\/strong> AquaMyst\u00a9 ELEMENT filter \u2013 nylon (2D) \u2013 mesh opening 0.4 mm. Requires very little maintenance; no water retention; easy to clean; suitable for long-term use. We highly recommend this filter.<\/p>\n<\/li>\n<li data-start=\"698\" data-end=\"794\" class=\" translation-block\"><strong>100 micron<\/strong> AquaMyst\u00a9 ELEMENT filter \u2013 PP (3D) \u2013 dense mesh with a 0.1 mm opening. Captures organic slime and may therefore clog when dirty; due to its dense and thick structure, it is more difficult to clean. Replacement after approx. 20 m\u00b3 of water (periodic cleaning with pressurized water is required in between).<\/li>\n<\/ul>\n<p class=\" translation-block\">You can also purchase additional spare <strong>AquaMyst\u00a9 ELEMENT<\/strong> filters separately or opt for even finer filtration.<\/p>","protected":false},"featured_media":19521,"template":"","meta":[],"product_brand":[],"product_cat":[186,261],"product_tag":[369],"class_list":{"0":"post-7827","1":"product","2":"type-product","3":"status-publish","4":"has-post-thumbnail","6":"product_cat-filtri-za-dezevnico-in-pvc-redukcije","7":"product_cat-pokrovi-za-ibc-cisterne","8":"product_tag-tritonflex-pokrov-s-filtrom-za-ibc-cisterno","10":"first","11":"instock","12":"shipping-taxable","13":"purchasable","14":"product-type-variable","15":"has-default-attributes"},"yoast_head":"<!-- This site is optimized with the Yoast SEO plugin v27.1.1 - https:\/\/yoast.com\/product\/yoast-seo-wordpress\/ -->\n<title>TritonFlex\u00a9 komplet - izberite pokrov, tesnilo, filter in ustrezno redukcijo za va\u0161o IBC cisterno<\/title>\n<meta name=\"description\" content=\"Pokrov TritonFlex za IBC cisterno s tesnilom za razli\u010dne premere cevi. Za cisterne z odprtino pokrova 165mm in 225mm. Z mo\u017enostjo izbire filtra.\" \/>\n<meta name=\"robots\" content=\"index, follow, max-snippet:-1, max-image-preview:large, max-video-preview:-1\" \/>\n<link rel=\"canonical\" href=\"https:\/\/ibcparts.eu\/en\/product\/tritonflex\/\" \/>\n<meta property=\"og:locale\" content=\"en_US\" \/>\n<meta property=\"og:type\" content=\"article\" \/>\n<meta property=\"og:title\" content=\"TritonFlex\u00a9 komplet - izberite pokrov, tesnilo, filter in ustrezno redukcijo za va\u0161o IBC cisterno\" \/>\n<meta property=\"og:description\" content=\"Pokrov TritonFlex za IBC cisterno s tesnilom za razli\u010dne premere cevi. Za cisterne z odprtino pokrova 165mm in 225mm. Z mo\u017enostjo izbire filtra.\" \/>\n<meta property=\"og:url\" content=\"https:\/\/ibcparts.eu\/en\/product\/tritonflex\/\" \/>\n<meta property=\"og:site_name\" content=\"IBCparts.eu\" \/>\n<meta property=\"article:modified_time\" content=\"2026-02-09T13:34:03+00:00\" \/>\n<meta property=\"og:image\" content=\"https:\/\/ibcparts.eu\/wp-content\/uploads\/2021\/11\/TritonFlex-komplet-za-IBC-cisterno-filtriranje-dezevnice-3.png\" \/>\n\t<meta property=\"og:image:width\" content=\"500\" \/>\n\t<meta property=\"og:image:height\" content=\"500\" \/>\n\t<meta property=\"og:image:type\" content=\"image\/png\" \/>\n<meta name=\"twitter:card\" content=\"summary_large_image\" \/>\n<script type=\"application\/ld+json\" class=\"yoast-schema-graph\">{\"@context\":\"https:\/\/schema.org\",\"@graph\":[{\"@type\":\"WebPage\",\"@id\":\"https:\/\/ibcparts.eu\/izdelek\/tritonflex\/\",\"url\":\"https:\/\/ibcparts.eu\/izdelek\/tritonflex\/\",\"name\":\"TritonFlex\u00a9 komplet - izberite pokrov, tesnilo, filter in ustrezno redukcijo za va\u0161o IBC cisterno\",\"isPartOf\":{\"@id\":\"https:\/\/ibcparts.eu\/#website\"},\"primaryImageOfPage\":{\"@id\":\"https:\/\/ibcparts.eu\/izdelek\/tritonflex\/#primaryimage\"},\"image\":{\"@id\":\"https:\/\/ibcparts.eu\/izdelek\/tritonflex\/#primaryimage\"},\"thumbnailUrl\":\"https:\/\/ibcparts.eu\/wp-content\/uploads\/2021\/11\/TritonFlex-komplet-za-IBC-cisterno-filtriranje-dezevnice-3.png\",\"datePublished\":\"2021-11-14T18:34:41+00:00\",\"dateModified\":\"2026-02-09T13:34:03+00:00\",\"description\":\"Pokrov TritonFlex za IBC cisterno s tesnilom za razli\u010dne premere cevi. Za cisterne z odprtino pokrova 165mm in 225mm. Z mo\u017enostjo izbire filtra.\",\"breadcrumb\":{\"@id\":\"https:\/\/ibcparts.eu\/izdelek\/tritonflex\/#breadcrumb\"},\"inLanguage\":\"en-US\",\"potentialAction\":[{\"@type\":\"ReadAction\",\"target\":[\"https:\/\/ibcparts.eu\/izdelek\/tritonflex\/\"]}]},{\"@type\":\"ImageObject\",\"inLanguage\":\"en-US\",\"@id\":\"https:\/\/ibcparts.eu\/izdelek\/tritonflex\/#primaryimage\",\"url\":\"https:\/\/ibcparts.eu\/wp-content\/uploads\/2021\/11\/TritonFlex-komplet-za-IBC-cisterno-filtriranje-dezevnice-3.png\",\"contentUrl\":\"https:\/\/ibcparts.eu\/wp-content\/uploads\/2021\/11\/TritonFlex-komplet-za-IBC-cisterno-filtriranje-dezevnice-3.png\",\"width\":500,\"height\":500,\"caption\":\"TritonFlex komplet za IBC cisterno - filtriranje de\u017eevnice\"},{\"@type\":\"BreadcrumbList\",\"@id\":\"https:\/\/ibcparts.eu\/izdelek\/tritonflex\/#breadcrumb\",\"itemListElement\":[{\"@type\":\"ListItem\",\"position\":1,\"name\":\"Home\",\"item\":\"https:\/\/ibcparts.eu\/\"},{\"@type\":\"ListItem\",\"position\":2,\"name\":\"Nakupujte\",\"item\":\"https:\/\/ibcparts.eu\/nakupujte\/\"},{\"@type\":\"ListItem\",\"position\":3,\"name\":\"TritonFlex\u00a9 komplet &#8211; izberite pokrov, tesnilo, filter in ustrezno redukcijo za va\u0161o IBC cisterno\"}]},{\"@type\":\"WebSite\",\"@id\":\"https:\/\/ibcparts.eu\/#website\",\"url\":\"https:\/\/ibcparts.eu\/\",\"name\":\"IBCparts.eu\",\"description\":\"\",\"publisher\":{\"@id\":\"https:\/\/ibcparts.eu\/#organization\"},\"potentialAction\":[{\"@type\":\"SearchAction\",\"target\":{\"@type\":\"EntryPoint\",\"urlTemplate\":\"https:\/\/ibcparts.eu\/?s={search_term_string}\"},\"query-input\":{\"@type\":\"PropertyValueSpecification\",\"valueRequired\":true,\"valueName\":\"search_term_string\"}}],\"inLanguage\":\"en-US\"},{\"@type\":\"Organization\",\"@id\":\"https:\/\/ibcparts.eu\/#organization\",\"name\":\"IBCparts\",\"url\":\"https:\/\/ibcparts.eu\/\",\"logo\":{\"@type\":\"ImageObject\",\"inLanguage\":\"en-US\",\"@id\":\"https:\/\/ibcparts.eu\/#\/schema\/logo\/image\/\",\"url\":\"https:\/\/ibcparts.eu\/wp-content\/uploads\/2021\/10\/Footer-Logo.png\",\"contentUrl\":\"https:\/\/ibcparts.eu\/wp-content\/uploads\/2021\/10\/Footer-Logo.png\",\"width\":1992,\"height\":772,\"caption\":\"IBCparts\"},\"image\":{\"@id\":\"https:\/\/ibcparts.eu\/#\/schema\/logo\/image\/\"}}]}<\/script>\n<!-- \/ Yoast SEO plugin. -->","yoast_head_json":{"title":"TritonFlex\u00a9 kit - choose the lid, seal, filter and corresponding reduction for your IBC tank","description":"Pokrov TritonFlex za IBC cisterno s tesnilom za razli\u010dne premere cevi. Za cisterne z odprtino pokrova 165mm in 225mm. Z mo\u017enostjo izbire filtra.","robots":{"index":"index","follow":"follow","max-snippet":"max-snippet:-1","max-image-preview":"max-image-preview:large","max-video-preview":"max-video-preview:-1"},"canonical":"https:\/\/ibcparts.eu\/en\/product\/tritonflex\/","og_locale":"en_US","og_type":"article","og_title":"TritonFlex\u00a9 komplet - izberite pokrov, tesnilo, filter in ustrezno redukcijo za va\u0161o IBC cisterno","og_description":"Pokrov TritonFlex za IBC cisterno s tesnilom za razli\u010dne premere cevi. Za cisterne z odprtino pokrova 165mm in 225mm. Z mo\u017enostjo izbire filtra.","og_url":"https:\/\/ibcparts.eu\/en\/product\/tritonflex\/","og_site_name":"IBCparts.eu","article_modified_time":"2026-02-09T13:34:03+00:00","og_image":[{"width":500,"height":500,"url":"https:\/\/ibcparts.eu\/wp-content\/uploads\/2021\/11\/TritonFlex-komplet-za-IBC-cisterno-filtriranje-dezevnice-3.png","type":"image\/png"}],"twitter_card":"summary_large_image","schema":{"@context":"https:\/\/schema.org","@graph":[{"@type":"WebPage","@id":"https:\/\/ibcparts.eu\/izdelek\/tritonflex\/","url":"https:\/\/ibcparts.eu\/izdelek\/tritonflex\/","name":"TritonFlex\u00a9 kit - choose the lid, seal, filter and corresponding reduction for your IBC tank","isPartOf":{"@id":"https:\/\/ibcparts.eu\/#website"},"primaryImageOfPage":{"@id":"https:\/\/ibcparts.eu\/izdelek\/tritonflex\/#primaryimage"},"image":{"@id":"https:\/\/ibcparts.eu\/izdelek\/tritonflex\/#primaryimage"},"thumbnailUrl":"https:\/\/ibcparts.eu\/wp-content\/uploads\/2021\/11\/TritonFlex-komplet-za-IBC-cisterno-filtriranje-dezevnice-3.png","datePublished":"2021-11-14T18:34:41+00:00","dateModified":"2026-02-09T13:34:03+00:00","description":"Pokrov TritonFlex za IBC cisterno s tesnilom za razli\u010dne premere cevi. Za cisterne z odprtino pokrova 165mm in 225mm. Z mo\u017enostjo izbire filtra.","breadcrumb":{"@id":"https:\/\/ibcparts.eu\/izdelek\/tritonflex\/#breadcrumb"},"inLanguage":"en-US","potentialAction":[{"@type":"ReadAction","target":["https:\/\/ibcparts.eu\/izdelek\/tritonflex\/"]}]},{"@type":"ImageObject","inLanguage":"en-US","@id":"https:\/\/ibcparts.eu\/izdelek\/tritonflex\/#primaryimage","url":"https:\/\/ibcparts.eu\/wp-content\/uploads\/2021\/11\/TritonFlex-komplet-za-IBC-cisterno-filtriranje-dezevnice-3.png","contentUrl":"https:\/\/ibcparts.eu\/wp-content\/uploads\/2021\/11\/TritonFlex-komplet-za-IBC-cisterno-filtriranje-dezevnice-3.png","width":500,"height":500,"caption":"TritonFlex komplet za IBC cisterno - filtriranje de\u017eevnice"},{"@type":"BreadcrumbList","@id":"https:\/\/ibcparts.eu\/izdelek\/tritonflex\/#breadcrumb","itemListElement":[{"@type":"ListItem","position":1,"name":"Home","item":"https:\/\/ibcparts.eu\/"},{"@type":"ListItem","position":2,"name":"Nakupujte","item":"https:\/\/ibcparts.eu\/nakupujte\/"},{"@type":"ListItem","position":3,"name":"TritonFlex\u00a9 komplet &#8211; izberite pokrov, tesnilo, filter in ustrezno redukcijo za va\u0161o IBC cisterno"}]},{"@type":"WebSite","@id":"https:\/\/ibcparts.eu\/#website","url":"https:\/\/ibcparts.eu\/","name":"IBCparts.eu","description":"","publisher":{"@id":"https:\/\/ibcparts.eu\/#organization"},"potentialAction":[{"@type":"SearchAction","target":{"@type":"EntryPoint","urlTemplate":"https:\/\/ibcparts.eu\/?s={search_term_string}"},"query-input":{"@type":"PropertyValueSpecification","valueRequired":true,"valueName":"search_term_string"}}],"inLanguage":"en-US"},{"@type":"Organization","@id":"https:\/\/ibcparts.eu\/#organization","name":"IBCparts","url":"https:\/\/ibcparts.eu\/","logo":{"@type":"ImageObject","inLanguage":"en-US","@id":"https:\/\/ibcparts.eu\/#\/schema\/logo\/image\/","url":"https:\/\/ibcparts.eu\/wp-content\/uploads\/2021\/10\/Footer-Logo.png","contentUrl":"https:\/\/ibcparts.eu\/wp-content\/uploads\/2021\/10\/Footer-Logo.png","width":1992,"height":772,"caption":"IBCparts"},"image":{"@id":"https:\/\/ibcparts.eu\/#\/schema\/logo\/image\/"}}]}},"_links":{"self":[{"href":"https:\/\/ibcparts.eu\/en\/wp-json\/wp\/v2\/product\/7827","targetHints":{"allow":["GET"]}}],"collection":[{"href":"https:\/\/ibcparts.eu\/en\/wp-json\/wp\/v2\/product"}],"about":[{"href":"https:\/\/ibcparts.eu\/en\/wp-json\/wp\/v2\/types\/product"}],"version-history":[{"count":6,"href":"https:\/\/ibcparts.eu\/en\/wp-json\/wp\/v2\/product\/7827\/revisions"}],"predecessor-version":[{"id":20572,"href":"https:\/\/ibcparts.eu\/en\/wp-json\/wp\/v2\/product\/7827\/revisions\/20572"}],"wp:featuredmedia":[{"embeddable":true,"href":"https:\/\/ibcparts.eu\/en\/wp-json\/wp\/v2\/media\/19521"}],"wp:attachment":[{"href":"https:\/\/ibcparts.eu\/en\/wp-json\/wp\/v2\/media?parent=7827"}],"wp:term":[{"taxonomy":"product_brand","embeddable":true,"href":"https:\/\/ibcparts.eu\/en\/wp-json\/wp\/v2\/product_brand?post=7827"},{"taxonomy":"product_cat","embeddable":true,"href":"https:\/\/ibcparts.eu\/en\/wp-json\/wp\/v2\/product_cat?post=7827"},{"taxonomy":"product_tag","embeddable":true,"href":"https:\/\/ibcparts.eu\/en\/wp-json\/wp\/v2\/product_tag?post=7827"}],"curies":[{"name":"wp","href":"https:\/\/api.w.org\/{rel}","templated":true}]}}