{"id":7804,"date":"2021-11-14T18:17:37","date_gmt":"2021-11-14T17:17:37","guid":{"rendered":"https:\/\/ibcparts.eu\/?post_type=product&#038;p=7804"},"modified":"2026-01-13T13:28:14","modified_gmt":"2026-01-13T12:28:14","slug":"pokrov-za-ibc-s-kolenom","status":"publish","type":"product","link":"https:\/\/ibcparts.eu\/en\/product\/pokrov-za-ibc-s-kolenom\/","title":{"rendered":"Pokrov za IBC cisterno s priklju\u010dkom za cev 50mm"},"content":{"rendered":"","protected":false},"excerpt":{"rendered":"<h2>165 mm cap for IBC container with 50 mm hose connector<\/h2>\n<p data-start=\"110\" data-end=\"251\" class=\" translation-block\">The DN150 (165 mm) cap for an IBC container with a 50 mm hose connector enables easy and reliable hose connection without modifying the container wall. The connector is equipped with a <strong>swivel nut and EPDM seal<\/strong>, allowing quick and simple connection and disconnection of the hose \u2013 even when you want to remove the hose and unscrew the container cap.<\/p>\n<p data-start=\"447\" data-end=\"488\">You can directly connect to the connector:<\/p>\n<ul>\n<li data-start=\"491\" data-end=\"532\">flexible hose with an inner diameter of 50 mm<\/li>\n<li data-start=\"535\" data-end=\"563\">rigid PVC pipe with a diameter of 50 mm<\/li>\n<\/ul>\n<p data-start=\"565\" data-end=\"617\">You can see an example of use in the product gallery.<\/p>\n<p data-start=\"619\" data-end=\"842\" class=\" translation-block\">A special feature of our cap is that from its <strong>underside<\/strong> you can screw in any <strong>fitting with a 2\u2033 BSP thread<\/strong> or a <strong>2\u2033 filter basket<\/strong> (for more efficient filtration, special filter caps are also available in our offer).<\/p>\n<p data-start=\"844\" data-end=\"969\">By using this cap, you avoid drilling holes in the container wall and keep the container in its original, undamaged condition.<\/p>\n<p data-start=\"971\" data-end=\"1077\" class=\" translation-block\">If you want to route the liquid through the container wall by the shortest path, we recommend using our <strong>bulkhead fittings<\/strong>.<\/p>\n<p data-start=\"1079\" data-end=\"1155\" data-is-last-node=\"\" data-is-only-node=\"\">For quantity discounts, please contact us \u2013 we will be happy to prepare an offer for you.<\/p>","protected":false},"featured_media":19200,"template":"","meta":[],"product_brand":[],"product_cat":[182,261],"product_tag":[502],"class_list":{"0":"post-7804","1":"product","2":"type-product","3":"status-publish","4":"has-post-thumbnail","6":"product_cat-ibc-cisterne-ventili-in-dodatki","7":"product_cat-pokrovi-za-ibc-cisterne","8":"product_tag-165mm","10":"first","11":"instock","12":"sale","13":"shipping-taxable","14":"purchasable","15":"product-type-simple"},"yoast_head":"<!-- This site is optimized with the Yoast SEO plugin v27.1.1 - https:\/\/yoast.com\/product\/yoast-seo-wordpress\/ -->\n<title>Pokrov za IBC cisterno s priklju\u010dkom za cev 50mm<\/title>\n<meta name=\"description\" content=\"Pokrov 165mm za IBC cisterno s 50mm priklju\u010dkom za cev. Priklju\u010dek ima vrtljivo matico z EPDM tesnilom za enostavno priklapljanje in odklapljanje cevi.\" \/>\n<meta name=\"robots\" content=\"index, follow, max-snippet:-1, max-image-preview:large, max-video-preview:-1\" \/>\n<link rel=\"canonical\" href=\"https:\/\/ibcparts.eu\/en\/product\/pokrov-za-ibc-s-kolenom\/\" \/>\n<meta property=\"og:locale\" content=\"en_US\" \/>\n<meta property=\"og:type\" content=\"article\" \/>\n<meta property=\"og:title\" content=\"Pokrov za IBC cisterno s priklju\u010dkom za cev 50mm\" \/>\n<meta property=\"og:description\" content=\"Pokrov 165mm za IBC cisterno s 50mm priklju\u010dkom za cev. Priklju\u010dek ima vrtljivo matico z EPDM tesnilom za enostavno priklapljanje in odklapljanje cevi.\" \/>\n<meta property=\"og:url\" content=\"https:\/\/ibcparts.eu\/en\/product\/pokrov-za-ibc-s-kolenom\/\" \/>\n<meta property=\"og:site_name\" content=\"IBCparts.eu\" \/>\n<meta property=\"article:modified_time\" content=\"2026-01-13T12:28:14+00:00\" \/>\n<meta property=\"og:image\" content=\"https:\/\/ibcparts.eu\/wp-content\/uploads\/2021\/11\/Pokrov-za-IBC-cisterno-s-prikljuckom-za-cev-50mm.png\" \/>\n\t<meta property=\"og:image:width\" content=\"500\" \/>\n\t<meta property=\"og:image:height\" content=\"500\" \/>\n\t<meta property=\"og:image:type\" content=\"image\/png\" \/>\n<meta name=\"twitter:card\" content=\"summary_large_image\" \/>\n<script type=\"application\/ld+json\" class=\"yoast-schema-graph\">{\"@context\":\"https:\/\/schema.org\",\"@graph\":[{\"@type\":\"WebPage\",\"@id\":\"https:\/\/ibcparts.eu\/izdelek\/pokrov-za-ibc-s-kolenom\/\",\"url\":\"https:\/\/ibcparts.eu\/izdelek\/pokrov-za-ibc-s-kolenom\/\",\"name\":\"Pokrov za IBC cisterno s priklju\u010dkom za cev 50mm\",\"isPartOf\":{\"@id\":\"https:\/\/ibcparts.eu\/#website\"},\"primaryImageOfPage\":{\"@id\":\"https:\/\/ibcparts.eu\/izdelek\/pokrov-za-ibc-s-kolenom\/#primaryimage\"},\"image\":{\"@id\":\"https:\/\/ibcparts.eu\/izdelek\/pokrov-za-ibc-s-kolenom\/#primaryimage\"},\"thumbnailUrl\":\"https:\/\/ibcparts.eu\/wp-content\/uploads\/2021\/11\/Pokrov-za-IBC-cisterno-s-prikljuckom-za-cev-50mm.png\",\"datePublished\":\"2021-11-14T17:17:37+00:00\",\"dateModified\":\"2026-01-13T12:28:14+00:00\",\"description\":\"Pokrov 165mm za IBC cisterno s 50mm priklju\u010dkom za cev. Priklju\u010dek ima vrtljivo matico z EPDM tesnilom za enostavno priklapljanje in odklapljanje cevi.\",\"breadcrumb\":{\"@id\":\"https:\/\/ibcparts.eu\/izdelek\/pokrov-za-ibc-s-kolenom\/#breadcrumb\"},\"inLanguage\":\"en-US\",\"potentialAction\":[{\"@type\":\"ReadAction\",\"target\":[\"https:\/\/ibcparts.eu\/izdelek\/pokrov-za-ibc-s-kolenom\/\"]}]},{\"@type\":\"ImageObject\",\"inLanguage\":\"en-US\",\"@id\":\"https:\/\/ibcparts.eu\/izdelek\/pokrov-za-ibc-s-kolenom\/#primaryimage\",\"url\":\"https:\/\/ibcparts.eu\/wp-content\/uploads\/2021\/11\/Pokrov-za-IBC-cisterno-s-prikljuckom-za-cev-50mm.png\",\"contentUrl\":\"https:\/\/ibcparts.eu\/wp-content\/uploads\/2021\/11\/Pokrov-za-IBC-cisterno-s-prikljuckom-za-cev-50mm.png\",\"width\":500,\"height\":500,\"caption\":\"Pokrov za IBC cisterno s priklju\u010dkom za cev 50mm\"},{\"@type\":\"BreadcrumbList\",\"@id\":\"https:\/\/ibcparts.eu\/izdelek\/pokrov-za-ibc-s-kolenom\/#breadcrumb\",\"itemListElement\":[{\"@type\":\"ListItem\",\"position\":1,\"name\":\"Home\",\"item\":\"https:\/\/ibcparts.eu\/\"},{\"@type\":\"ListItem\",\"position\":2,\"name\":\"Nakupujte\",\"item\":\"https:\/\/ibcparts.eu\/nakupujte\/\"},{\"@type\":\"ListItem\",\"position\":3,\"name\":\"Pokrov za IBC cisterno s priklju\u010dkom za cev 50mm\"}]},{\"@type\":\"WebSite\",\"@id\":\"https:\/\/ibcparts.eu\/#website\",\"url\":\"https:\/\/ibcparts.eu\/\",\"name\":\"IBCparts.eu\",\"description\":\"\",\"publisher\":{\"@id\":\"https:\/\/ibcparts.eu\/#organization\"},\"potentialAction\":[{\"@type\":\"SearchAction\",\"target\":{\"@type\":\"EntryPoint\",\"urlTemplate\":\"https:\/\/ibcparts.eu\/?s={search_term_string}\"},\"query-input\":{\"@type\":\"PropertyValueSpecification\",\"valueRequired\":true,\"valueName\":\"search_term_string\"}}],\"inLanguage\":\"en-US\"},{\"@type\":\"Organization\",\"@id\":\"https:\/\/ibcparts.eu\/#organization\",\"name\":\"IBCparts\",\"url\":\"https:\/\/ibcparts.eu\/\",\"logo\":{\"@type\":\"ImageObject\",\"inLanguage\":\"en-US\",\"@id\":\"https:\/\/ibcparts.eu\/#\/schema\/logo\/image\/\",\"url\":\"https:\/\/ibcparts.eu\/wp-content\/uploads\/2021\/10\/Footer-Logo.png\",\"contentUrl\":\"https:\/\/ibcparts.eu\/wp-content\/uploads\/2021\/10\/Footer-Logo.png\",\"width\":1992,\"height\":772,\"caption\":\"IBCparts\"},\"image\":{\"@id\":\"https:\/\/ibcparts.eu\/#\/schema\/logo\/image\/\"}}]}<\/script>\n<!-- \/ Yoast SEO plugin. -->","yoast_head_json":{"title":"Pokrov za IBC cisterno s priklju\u010dkom za cev 50mm","description":"Pokrov 165mm za IBC cisterno s 50mm priklju\u010dkom za cev. Priklju\u010dek ima vrtljivo matico z EPDM tesnilom za enostavno priklapljanje in odklapljanje cevi.","robots":{"index":"index","follow":"follow","max-snippet":"max-snippet:-1","max-image-preview":"max-image-preview:large","max-video-preview":"max-video-preview:-1"},"canonical":"https:\/\/ibcparts.eu\/en\/product\/pokrov-za-ibc-s-kolenom\/","og_locale":"en_US","og_type":"article","og_title":"Pokrov za IBC cisterno s priklju\u010dkom za cev 50mm","og_description":"Pokrov 165mm za IBC cisterno s 50mm priklju\u010dkom za cev. Priklju\u010dek ima vrtljivo matico z EPDM tesnilom za enostavno priklapljanje in odklapljanje cevi.","og_url":"https:\/\/ibcparts.eu\/en\/product\/pokrov-za-ibc-s-kolenom\/","og_site_name":"IBCparts.eu","article_modified_time":"2026-01-13T12:28:14+00:00","og_image":[{"width":500,"height":500,"url":"https:\/\/ibcparts.eu\/wp-content\/uploads\/2021\/11\/Pokrov-za-IBC-cisterno-s-prikljuckom-za-cev-50mm.png","type":"image\/png"}],"twitter_card":"summary_large_image","schema":{"@context":"https:\/\/schema.org","@graph":[{"@type":"WebPage","@id":"https:\/\/ibcparts.eu\/izdelek\/pokrov-za-ibc-s-kolenom\/","url":"https:\/\/ibcparts.eu\/izdelek\/pokrov-za-ibc-s-kolenom\/","name":"Pokrov za IBC cisterno s priklju\u010dkom za cev 50mm","isPartOf":{"@id":"https:\/\/ibcparts.eu\/#website"},"primaryImageOfPage":{"@id":"https:\/\/ibcparts.eu\/izdelek\/pokrov-za-ibc-s-kolenom\/#primaryimage"},"image":{"@id":"https:\/\/ibcparts.eu\/izdelek\/pokrov-za-ibc-s-kolenom\/#primaryimage"},"thumbnailUrl":"https:\/\/ibcparts.eu\/wp-content\/uploads\/2021\/11\/Pokrov-za-IBC-cisterno-s-prikljuckom-za-cev-50mm.png","datePublished":"2021-11-14T17:17:37+00:00","dateModified":"2026-01-13T12:28:14+00:00","description":"Pokrov 165mm za IBC cisterno s 50mm priklju\u010dkom za cev. Priklju\u010dek ima vrtljivo matico z EPDM tesnilom za enostavno priklapljanje in odklapljanje cevi.","breadcrumb":{"@id":"https:\/\/ibcparts.eu\/izdelek\/pokrov-za-ibc-s-kolenom\/#breadcrumb"},"inLanguage":"en-US","potentialAction":[{"@type":"ReadAction","target":["https:\/\/ibcparts.eu\/izdelek\/pokrov-za-ibc-s-kolenom\/"]}]},{"@type":"ImageObject","inLanguage":"en-US","@id":"https:\/\/ibcparts.eu\/izdelek\/pokrov-za-ibc-s-kolenom\/#primaryimage","url":"https:\/\/ibcparts.eu\/wp-content\/uploads\/2021\/11\/Pokrov-za-IBC-cisterno-s-prikljuckom-za-cev-50mm.png","contentUrl":"https:\/\/ibcparts.eu\/wp-content\/uploads\/2021\/11\/Pokrov-za-IBC-cisterno-s-prikljuckom-za-cev-50mm.png","width":500,"height":500,"caption":"Pokrov za IBC cisterno s priklju\u010dkom za cev 50mm"},{"@type":"BreadcrumbList","@id":"https:\/\/ibcparts.eu\/izdelek\/pokrov-za-ibc-s-kolenom\/#breadcrumb","itemListElement":[{"@type":"ListItem","position":1,"name":"Home","item":"https:\/\/ibcparts.eu\/"},{"@type":"ListItem","position":2,"name":"Nakupujte","item":"https:\/\/ibcparts.eu\/nakupujte\/"},{"@type":"ListItem","position":3,"name":"Pokrov za IBC cisterno s priklju\u010dkom za cev 50mm"}]},{"@type":"WebSite","@id":"https:\/\/ibcparts.eu\/#website","url":"https:\/\/ibcparts.eu\/","name":"IBCparts.eu","description":"","publisher":{"@id":"https:\/\/ibcparts.eu\/#organization"},"potentialAction":[{"@type":"SearchAction","target":{"@type":"EntryPoint","urlTemplate":"https:\/\/ibcparts.eu\/?s={search_term_string}"},"query-input":{"@type":"PropertyValueSpecification","valueRequired":true,"valueName":"search_term_string"}}],"inLanguage":"en-US"},{"@type":"Organization","@id":"https:\/\/ibcparts.eu\/#organization","name":"IBCparts","url":"https:\/\/ibcparts.eu\/","logo":{"@type":"ImageObject","inLanguage":"en-US","@id":"https:\/\/ibcparts.eu\/#\/schema\/logo\/image\/","url":"https:\/\/ibcparts.eu\/wp-content\/uploads\/2021\/10\/Footer-Logo.png","contentUrl":"https:\/\/ibcparts.eu\/wp-content\/uploads\/2021\/10\/Footer-Logo.png","width":1992,"height":772,"caption":"IBCparts"},"image":{"@id":"https:\/\/ibcparts.eu\/#\/schema\/logo\/image\/"}}]}},"_links":{"self":[{"href":"https:\/\/ibcparts.eu\/en\/wp-json\/wp\/v2\/product\/7804","targetHints":{"allow":["GET"]}}],"collection":[{"href":"https:\/\/ibcparts.eu\/en\/wp-json\/wp\/v2\/product"}],"about":[{"href":"https:\/\/ibcparts.eu\/en\/wp-json\/wp\/v2\/types\/product"}],"version-history":[{"count":3,"href":"https:\/\/ibcparts.eu\/en\/wp-json\/wp\/v2\/product\/7804\/revisions"}],"predecessor-version":[{"id":20138,"href":"https:\/\/ibcparts.eu\/en\/wp-json\/wp\/v2\/product\/7804\/revisions\/20138"}],"wp:featuredmedia":[{"embeddable":true,"href":"https:\/\/ibcparts.eu\/en\/wp-json\/wp\/v2\/media\/19200"}],"wp:attachment":[{"href":"https:\/\/ibcparts.eu\/en\/wp-json\/wp\/v2\/media?parent=7804"}],"wp:term":[{"taxonomy":"product_brand","embeddable":true,"href":"https:\/\/ibcparts.eu\/en\/wp-json\/wp\/v2\/product_brand?post=7804"},{"taxonomy":"product_cat","embeddable":true,"href":"https:\/\/ibcparts.eu\/en\/wp-json\/wp\/v2\/product_cat?post=7804"},{"taxonomy":"product_tag","embeddable":true,"href":"https:\/\/ibcparts.eu\/en\/wp-json\/wp\/v2\/product_tag?post=7804"}],"curies":[{"name":"wp","href":"https:\/\/api.w.org\/{rel}","templated":true}]}}